{"id":994,"date":"2022-03-17T18:45:16","date_gmt":"2022-03-17T17:45:16","guid":{"rendered":"https:\/\/motycs.it\/?post_type=product&#038;p=994"},"modified":"2023-05-04T10:59:32","modified_gmt":"2023-05-04T08:59:32","slug":"estrazione-fumi","status":"publish","type":"product","link":"https:\/\/motycs.it\/tr\/product\/duman-cikarma\/","title":{"rendered":"Duman \u00e7\u0131karma"},"content":{"rendered":"<p>Bir makine dairesinde \u00f6zellikle \u00f6nemli olan<strong>baca gaz\u0131 ekstraksiyonu<\/strong>.<\/p>\n<p>Biz de \u015f\u00f6yle cevap verdik <strong>\u00f6zel i\u0307hti\u0307ya\u00e7lardan do\u011fan \u00e7\u00f6z\u00fcmler<\/strong>m\u00fc\u015fterilerimiz i\u00e7in yap\u0131lm\u0131\u015ft\u0131r:<\/p>\n<ul>\n<li><strong>Yeralt\u0131 sistemleri<\/strong> gizli duman tahliye kutusu ile<\/li>\n<li>Bile\u015fenler i\u00e7in <strong>duman tahli\u0307ye si\u0307stemleri\u0307ni\u0307n ger\u00e7ekle\u015fti\u0307ri\u0307lmesi\u0307<\/strong><\/li>\n<li><strong>\u0130nvert\u00f6r kontroll\u00fc veya invert\u00f6r kontroll\u00fc olmayan emi\u015f fanlar\u0131 ile komple sistemler<\/strong>Her t\u00fcrl\u00fc ara\u00e7 ve\/veya motor gereksinimine uyum sa\u011flayabilen arabalar, borular ve nozullardan olu\u015fan sistemlerimiz i\u00e7in \u00f6zel olarak tasarlanm\u0131\u015f hazneli yeralt\u0131 kanallar\u0131na ba\u011fl\u0131 tavana monte direkler<\/li>\n<li><strong>\u0130nverter kontroll\u00fc komple emi\u015f fan\u0131 sistemleri<\/strong>nozul hortumlar\u0131 ve destek arabalar\u0131 (art\u0131 susturucular ve f\u0131rlatma kanallar\u0131) ile birlikte<\/li>\n<\/ul>\n<p><a href=\"https:\/\/motycs.it\/tr\/product\/havalandirma\/\"><strong>Motor so\u011futmas\u0131 i\u00e7in \u00f6zel fan sistemlerini burada ke\u015ffedin<\/strong><\/a><\/p>\n<p><a href=\"https:\/\/motycs.it\/tr\/product\/tuzluklar\/\"><strong>Ses ge\u00e7irmez motor test odalar\u0131n\u0131 buradan ke\u015ffedin<\/strong><\/a><\/p>\n<h6>\u0130\u00c7G\u00d6R\u00dcLER<\/h6>\n<ul>\n<li><strong><a href=\"https:\/\/motycs.it\/tr\/temel-kavramlar-sasi-dyno-test-tezgahlari\/\">Motor ve silindir test tezgahlar\u0131n\u0131n temel kavramlar\u0131n\u0131 ke\u015ffedin<\/a><\/strong><\/li>\n<li><strong><a href=\"https:\/\/motycs.it\/tr\/test-tezgahlari-4wd\/\">4WD ba\u011fl\u0131 aks g\u00fc\u00e7 test tezgahlar\u0131n\u0131n avantajlar\u0131<\/a><\/strong><\/li>\n<li><strong><a href=\"https:\/\/motycs.it\/tr\/benchi-prova-potenza-monorullo-birullo\/\">MONO-roller ve BI-roller test tezgahlar\u0131<\/a><\/strong><\/li>\n<li><a href=\"https:\/\/motycs.it\/tr\/guc-dagitimli-bankalar-geci\u0307rmez\/\"><strong>G\u00fc\u00e7 da\u011f\u0131l\u0131m\u0131<\/strong><\/a><\/li>\n<\/ul>","protected":false},"excerpt":{"rendered":"<div class=\"page\" title=\"Sayfa 10\">\n<div class=\"layoutArea\">\n<div class=\"column\">\n<p>BACA GAZI \u00c7IKARMA VE ARITMA SI\u0307STEMLERI\u0307<\/p>\n<p>Biz geli\u015ftirdik <strong>g\u00fc\u00e7 test tezgahlariyla kullanima uygun duman emme si\u0307stemleri\u0307<\/strong>.<\/p>\n<p><strong>Daha b\u00fcy\u00fck \u00e7aplar ve daha fazla g\u00fc\u00e7<\/strong>g\u00fcvenilir ve dayan\u0131kl\u0131 profesyonel sistemler i\u00e7in:<\/p>\n<ul>\n<li>Motorlar <strong>5,5 kW<\/strong><\/li>\n<li>Boru Hatlar\u0131 <strong>250 mm \u00e7ap<\/strong>t\u00fcpler, yakalar ve <strong>y\u00fcksek s\u0131cakl\u0131k contalar\u0131<\/strong>1.200 \u00b0C'ye kadar<\/li>\n<li><strong>Y\u00fcksek mukavemetli ba\u011flant\u0131lara sahip a\u011f\u0131zl\u0131klar<\/strong><\/li>\n<li><strong>Mobil arabalar<\/strong> frenli tekerlekler \u00fczerinde, balastl\u0131<\/li>\n<\/ul>\n<p><strong>T\u00fcm ekstraksiyon sistemleri standart olarak veya m\u00fc\u015fteri spesifikasyonlar\u0131na g\u00f6re tedarik edilebilir.<\/strong><\/p>\n<\/div>\n<\/div>\n<\/div>","protected":false},"featured_media":902,"template":"","meta":[],"product_cat":[94],"product_tag":[112,111,113],"class_list":["post-994","product","type-product","status-publish","has-post-thumbnail","hentry","product_cat-accessori","product_tag-accessori-sala-prova-motori","product_tag-estrazione-fumi","product_tag-trattamento-gas-di-scarico"],"yoast_head":"<!-- This site is optimized with the Yoast SEO plugin v26.5 - https:\/\/yoast.com\/wordpress\/plugins\/seo\/ -->\n<title>Estrazione fumi - MOTYCS<\/title>\n<meta name=\"description\" content=\"Realizziamo sistemi di estrazione fumi, appositamente pensati e progettati per la sala prova motori o veicoli. Garantiamo efficacia e resistenza nel tempo\" \/>\n<meta name=\"robots\" content=\"index, follow, max-snippet:-1, max-image-preview:large, max-video-preview:-1\" \/>\n<link rel=\"canonical\" href=\"https:\/\/motycs.it\/tr\/product\/duman-cikarma\/\" \/>\n<meta property=\"og:locale\" content=\"tr_TR\" \/>\n<meta property=\"og:type\" content=\"article\" \/>\n<meta property=\"og:title\" content=\"Estrazione fumi - MOTYCS\" \/>\n<meta property=\"og:description\" content=\"Realizziamo sistemi di estrazione fumi, appositamente pensati e progettati per la sala prova motori o veicoli. Garantiamo efficacia e resistenza nel tempo\" \/>\n<meta property=\"og:url\" content=\"https:\/\/motycs.it\/tr\/product\/duman-cikarma\/\" \/>\n<meta property=\"og:site_name\" content=\"MOTYCS\" \/>\n<meta property=\"article:publisher\" content=\"https:\/\/www.facebook.com\/motycs\/\" \/>\n<meta property=\"article:modified_time\" content=\"2023-05-04T08:59:32+00:00\" \/>\n<meta property=\"og:image\" content=\"https:\/\/motycs.it\/wp-content\/uploads\/2022\/03\/WhatsApp-Image-2022-03-15-at-00.34.26-6.jpeg\" \/>\n\t<meta property=\"og:image:width\" content=\"1440\" \/>\n\t<meta property=\"og:image:height\" content=\"1440\" \/>\n\t<meta property=\"og:image:type\" content=\"image\/jpeg\" \/>\n<meta name=\"twitter:card\" content=\"summary_large_image\" \/>\n<meta name=\"twitter:label1\" content=\"Tahmini okuma s\u00fcresi\" \/>\n\t<meta name=\"twitter:data1\" content=\"1 dakika\" \/>\n<script type=\"application\/ld+json\" class=\"yoast-schema-graph\">{\"@context\":\"https:\/\/schema.org\",\"@graph\":[{\"@type\":\"WebPage\",\"@id\":\"https:\/\/motycs.it\/product\/estrazione-fumi\/\",\"url\":\"https:\/\/motycs.it\/product\/estrazione-fumi\/\",\"name\":\"Estrazione fumi - MOTYCS\",\"isPartOf\":{\"@id\":\"https:\/\/motycs.it\/#website\"},\"primaryImageOfPage\":{\"@id\":\"https:\/\/motycs.it\/product\/estrazione-fumi\/#primaryimage\"},\"image\":{\"@id\":\"https:\/\/motycs.it\/product\/estrazione-fumi\/#primaryimage\"},\"thumbnailUrl\":\"https:\/\/motycs.it\/wp-content\/uploads\/2022\/03\/WhatsApp-Image-2022-03-15-at-00.34.26-6.jpeg\",\"datePublished\":\"2022-03-17T17:45:16+00:00\",\"dateModified\":\"2023-05-04T08:59:32+00:00\",\"description\":\"Realizziamo sistemi di estrazione fumi, appositamente pensati e progettati per la sala prova motori o veicoli. Garantiamo efficacia e resistenza nel tempo\",\"breadcrumb\":{\"@id\":\"https:\/\/motycs.it\/product\/estrazione-fumi\/#breadcrumb\"},\"inLanguage\":\"tr\",\"potentialAction\":[{\"@type\":\"ReadAction\",\"target\":[\"https:\/\/motycs.it\/product\/estrazione-fumi\/\"]}]},{\"@type\":\"ImageObject\",\"inLanguage\":\"tr\",\"@id\":\"https:\/\/motycs.it\/product\/estrazione-fumi\/#primaryimage\",\"url\":\"https:\/\/motycs.it\/wp-content\/uploads\/2022\/03\/WhatsApp-Image-2022-03-15-at-00.34.26-6.jpeg\",\"contentUrl\":\"https:\/\/motycs.it\/wp-content\/uploads\/2022\/03\/WhatsApp-Image-2022-03-15-at-00.34.26-6.jpeg\",\"width\":1440,\"height\":1440,\"caption\":\"estrazione fumi e gas di scarico\"},{\"@type\":\"BreadcrumbList\",\"@id\":\"https:\/\/motycs.it\/product\/estrazione-fumi\/#breadcrumb\",\"itemListElement\":[{\"@type\":\"ListItem\",\"position\":1,\"name\":\"Home\",\"item\":\"https:\/\/motycs.it\/\"},{\"@type\":\"ListItem\",\"position\":2,\"name\":\"Shop\",\"item\":\"https:\/\/motycs.it\/shop\/\"},{\"@type\":\"ListItem\",\"position\":3,\"name\":\"Estrazione fumi\"}]},{\"@type\":\"WebSite\",\"@id\":\"https:\/\/motycs.it\/#website\",\"url\":\"https:\/\/motycs.it\/\",\"name\":\"MOTYCS\",\"description\":\"\",\"publisher\":{\"@id\":\"https:\/\/motycs.it\/#organization\"},\"potentialAction\":[{\"@type\":\"SearchAction\",\"target\":{\"@type\":\"EntryPoint\",\"urlTemplate\":\"https:\/\/motycs.it\/?s={search_term_string}\"},\"query-input\":{\"@type\":\"PropertyValueSpecification\",\"valueRequired\":true,\"valueName\":\"search_term_string\"}}],\"inLanguage\":\"tr\"},{\"@type\":\"Organization\",\"@id\":\"https:\/\/motycs.it\/#organization\",\"name\":\"MOTYCS\",\"url\":\"https:\/\/motycs.it\/\",\"logo\":{\"@type\":\"ImageObject\",\"inLanguage\":\"tr\",\"@id\":\"https:\/\/motycs.it\/#\/schema\/logo\/image\/\",\"url\":\"https:\/\/motycs.it\/wp-content\/uploads\/2022\/03\/orizz_bianc.jpg\",\"contentUrl\":\"https:\/\/motycs.it\/wp-content\/uploads\/2022\/03\/orizz_bianc.jpg\",\"width\":600,\"height\":159,\"caption\":\"MOTYCS\"},\"image\":{\"@id\":\"https:\/\/motycs.it\/#\/schema\/logo\/image\/\"},\"sameAs\":[\"https:\/\/www.facebook.com\/motycs\/\",\"https:\/\/www.instagram.com\/motycs.teq\/\",\"https:\/\/www.linkedin.com\/company\/motycs\/\",\"https:\/\/www.pinterest.it\/Motycsdynamometer\/\",\"https:\/\/www.youtube.com\/channel\/UCl_9nwLJn-fMI6UMZVc0tZw\"]}]}<\/script>\n<!-- \/ Yoast SEO plugin. -->","yoast_head_json":{"title":"Duman \u00e7\u0131karma - MOTYCS","description":"Motor veya ara\u00e7 test odas\u0131 i\u00e7in \u00f6zel olarak tasarlanm\u0131\u015f ve tasarlanm\u0131\u015f duman tahliye sistemleri \u00fcretiyoruz. Etkinli\u011fi ve dayan\u0131kl\u0131l\u0131\u011f\u0131 garanti ediyoruz","robots":{"index":"index","follow":"follow","max-snippet":"max-snippet:-1","max-image-preview":"max-image-preview:large","max-video-preview":"max-video-preview:-1"},"canonical":"https:\/\/motycs.it\/tr\/product\/duman-cikarma\/","og_locale":"tr_TR","og_type":"article","og_title":"Estrazione fumi - MOTYCS","og_description":"Realizziamo sistemi di estrazione fumi, appositamente pensati e progettati per la sala prova motori o veicoli. Garantiamo efficacia e resistenza nel tempo","og_url":"https:\/\/motycs.it\/tr\/product\/duman-cikarma\/","og_site_name":"MOTYCS","article_publisher":"https:\/\/www.facebook.com\/motycs\/","article_modified_time":"2023-05-04T08:59:32+00:00","og_image":[{"width":1440,"height":1440,"url":"https:\/\/motycs.it\/wp-content\/uploads\/2022\/03\/WhatsApp-Image-2022-03-15-at-00.34.26-6.jpeg","type":"image\/jpeg"}],"twitter_card":"summary_large_image","twitter_misc":{"Tahmini okuma s\u00fcresi":"1 dakika"},"schema":{"@context":"https:\/\/schema.org","@graph":[{"@type":"WebPage","@id":"https:\/\/motycs.it\/product\/estrazione-fumi\/","url":"https:\/\/motycs.it\/product\/estrazione-fumi\/","name":"Duman \u00e7\u0131karma - MOTYCS","isPartOf":{"@id":"https:\/\/motycs.it\/#website"},"primaryImageOfPage":{"@id":"https:\/\/motycs.it\/product\/estrazione-fumi\/#primaryimage"},"image":{"@id":"https:\/\/motycs.it\/product\/estrazione-fumi\/#primaryimage"},"thumbnailUrl":"https:\/\/motycs.it\/wp-content\/uploads\/2022\/03\/WhatsApp-Image-2022-03-15-at-00.34.26-6.jpeg","datePublished":"2022-03-17T17:45:16+00:00","dateModified":"2023-05-04T08:59:32+00:00","description":"Motor veya ara\u00e7 test odas\u0131 i\u00e7in \u00f6zel olarak tasarlanm\u0131\u015f ve tasarlanm\u0131\u015f duman tahliye sistemleri \u00fcretiyoruz. Etkinli\u011fi ve dayan\u0131kl\u0131l\u0131\u011f\u0131 garanti ediyoruz","breadcrumb":{"@id":"https:\/\/motycs.it\/product\/estrazione-fumi\/#breadcrumb"},"inLanguage":"tr","potentialAction":[{"@type":"ReadAction","target":["https:\/\/motycs.it\/product\/estrazione-fumi\/"]}]},{"@type":"ImageObject","inLanguage":"tr","@id":"https:\/\/motycs.it\/product\/estrazione-fumi\/#primaryimage","url":"https:\/\/motycs.it\/wp-content\/uploads\/2022\/03\/WhatsApp-Image-2022-03-15-at-00.34.26-6.jpeg","contentUrl":"https:\/\/motycs.it\/wp-content\/uploads\/2022\/03\/WhatsApp-Image-2022-03-15-at-00.34.26-6.jpeg","width":1440,"height":1440,"caption":"estrazione fumi e gas di scarico"},{"@type":"BreadcrumbList","@id":"https:\/\/motycs.it\/product\/estrazione-fumi\/#breadcrumb","itemListElement":[{"@type":"ListItem","position":1,"name":"Home","item":"https:\/\/motycs.it\/"},{"@type":"ListItem","position":2,"name":"Shop","item":"https:\/\/motycs.it\/shop\/"},{"@type":"ListItem","position":3,"name":"Estrazione fumi"}]},{"@type":"WebSite","@id":"https:\/\/motycs.it\/#website","url":"https:\/\/motycs.it\/","name":"MOTYCS","description":"","publisher":{"@id":"https:\/\/motycs.it\/#organization"},"potentialAction":[{"@type":"SearchAction","target":{"@type":"EntryPoint","urlTemplate":"https:\/\/motycs.it\/?s={search_term_string}"},"query-input":{"@type":"PropertyValueSpecification","valueRequired":true,"valueName":"search_term_string"}}],"inLanguage":"tr"},{"@type":"Organization","@id":"https:\/\/motycs.it\/#organization","name":"MOTYCS","url":"https:\/\/motycs.it\/","logo":{"@type":"ImageObject","inLanguage":"tr","@id":"https:\/\/motycs.it\/#\/schema\/logo\/image\/","url":"https:\/\/motycs.it\/wp-content\/uploads\/2022\/03\/orizz_bianc.jpg","contentUrl":"https:\/\/motycs.it\/wp-content\/uploads\/2022\/03\/orizz_bianc.jpg","width":600,"height":159,"caption":"MOTYCS"},"image":{"@id":"https:\/\/motycs.it\/#\/schema\/logo\/image\/"},"sameAs":["https:\/\/www.facebook.com\/motycs\/","https:\/\/www.instagram.com\/motycs.teq\/","https:\/\/www.linkedin.com\/company\/motycs\/","https:\/\/www.pinterest.it\/Motycsdynamometer\/","https:\/\/www.youtube.com\/channel\/UCl_9nwLJn-fMI6UMZVc0tZw"]}]}},"_links":{"self":[{"href":"https:\/\/motycs.it\/tr\/wp-json\/wp\/v2\/product\/994","targetHints":{"allow":["GET"]}}],"collection":[{"href":"https:\/\/motycs.it\/tr\/wp-json\/wp\/v2\/product"}],"about":[{"href":"https:\/\/motycs.it\/tr\/wp-json\/wp\/v2\/types\/product"}],"wp:featuredmedia":[{"embeddable":true,"href":"https:\/\/motycs.it\/tr\/wp-json\/wp\/v2\/media\/902"}],"wp:attachment":[{"href":"https:\/\/motycs.it\/tr\/wp-json\/wp\/v2\/media?parent=994"}],"wp:term":[{"taxonomy":"product_cat","embeddable":true,"href":"https:\/\/motycs.it\/tr\/wp-json\/wp\/v2\/product_cat?post=994"},{"taxonomy":"product_tag","embeddable":true,"href":"https:\/\/motycs.it\/tr\/wp-json\/wp\/v2\/product_tag?post=994"}],"curies":[{"name":"wp","href":"https:\/\/api.w.org\/{rel}","templated":true}]}}