{"id":993,"date":"2022-03-17T18:44:36","date_gmt":"2022-03-17T17:44:36","guid":{"rendered":"https:\/\/motycs.it\/?post_type=product&#038;p=993"},"modified":"2023-05-04T10:41:31","modified_gmt":"2023-05-04T08:41:31","slug":"ventilazione","status":"publish","type":"product","link":"https:\/\/motycs.it\/tr\/product\/havalandirma\/","title":{"rendered":"Havaland\u0131rma"},"content":{"rendered":"<p>G\u00fc\u00e7 test tezgahlar\u0131 i\u00e7in t\u00fcm motor havaland\u0131rma sistemleri 380V'ta \u00e7al\u0131\u015f\u0131r.<\/p>\n<p><strong>Farkl\u0131 uygulama alanlar\u0131 i\u00e7in d\u00fc\u015f\u00fcn\u00fclm\u00fc\u015f ve tasarlanm\u0131\u015ft\u0131r<\/strong>At\u00f6lyedeki ara\u00e7 ar\u0131za tespitinden, belirli d\u00fczenlemeleri kar\u015f\u0131lamak i\u00e7in motor homologasyonu d\u00fcnyas\u0131na kadar.<\/p>\n<p>Teknisyenlerimiz en iyi \u00e7\u00f6z\u00fcm\u00fc se\u00e7menizde size rehberlik edecektir <strong><a href=\"mailto:info@motycs.it\">info@motycs.it<\/a><\/strong><\/p>\n<h6>\u0130\u00c7G\u00d6R\u00dcLER<\/h6>\n<ul>\n<li><strong><a href=\"https:\/\/motycs.it\/tr\/temel-kavramlar-sasi-dyno-test-tezgahlari\/\">Motor ve silindir test tezgahlar\u0131n\u0131n temel kavramlar\u0131n\u0131 ke\u015ffedin<\/a><\/strong><\/li>\n<li><strong><a href=\"https:\/\/motycs.it\/tr\/test-tezgahlari-4wd\/\">4WD ba\u011fl\u0131 aks g\u00fc\u00e7 test tezgahlar\u0131n\u0131n avantajlar\u0131<\/a><\/strong><\/li>\n<li><strong><a href=\"https:\/\/motycs.it\/tr\/benchi-prova-potenza-monorullo-birullo\/\">MONO-roller ve BI-roller test tezgahlar\u0131<\/a><\/strong><\/li>\n<li><a href=\"https:\/\/motycs.it\/tr\/guc-dagitimli-bankalar-geci\u0307rmez\/\"><strong>G\u00fc\u00e7 da\u011f\u0131l\u0131m\u0131<\/strong><\/a><\/li>\n<\/ul>\n<p>&nbsp;<\/p>","protected":false},"excerpt":{"rendered":"<p><strong>Havaland\u0131rma ve motor so\u011futma sistemleri tasarl\u0131yor ve \u00fcretiyoruz,<\/strong> silindir test tezgah\u0131nda \u00e7al\u0131\u015f\u0131rken arac\u0131n \u00f6n so\u011futma radyat\u00f6r\u00fcne y\u00f6nlendirilecek y\u00fcksek debili bir hava ak\u0131m\u0131 (sabit veya de\u011fi\u015fken h\u0131zda) \u00fcretmek \u00fczere tasarlanm\u0131\u015ft\u0131r.<\/p>\n<p>Bu sayede <strong>uygun \u0131s\u0131 da\u011f\u0131l\u0131m\u0131<\/strong> ve b\u00f6ylece g\u00fc\u00e7 testlerinin veya yol sim\u00fclasyonlar\u0131n\u0131n g\u00fcvenli bir \u015fekilde y\u00fcr\u00fct\u00fclmesi (ayn\u0131 zamanda ara\u00e7 \u00e7al\u0131\u015fma s\u0131cakl\u0131klar\u0131n\u0131 kontrol alt\u0131nda tutarken).<\/p>\n<p><strong>T\u00fcm fan sistemleri test tezgah\u0131 ve kontrol ve toplama sistemlerimiz taraf\u0131ndan kontrol edilebilir;<\/strong> Ayr\u0131ca orant\u0131l\u0131 h\u0131z kontrol\u00fc ile (silindir tezgah\u0131ndaki arac\u0131n h\u0131z\u0131na g\u00f6re).<\/p>\n<p>Her ihtiyac\u0131 kar\u015f\u0131lamak i\u00e7in \u00e7e\u015fitli versiyonlar ve konfig\u00fcrasyonlar mevcuttur:<\/p>\n<ul>\n<li>D\u00fc\u015f\u00fck debili tek fanl\u0131 modeller (15.000 veya 25.000 m3\/h)<\/li>\n<li>Y\u00fcksek debili tek fanl\u0131 modeller (30.000 veya 50.000 m3\/h)<\/li>\n<li>Kurulu g\u00fc\u00e7: 2,2 ila 11 kW<\/li>\n<li>Dikd\u00f6rtgen \u00e7\u0131k\u0131\u015fl\u0131 konik nozullar (G 600 x Y 400 mm)<\/li>\n<li>Opsiyonel: oransal h\u0131z modunda da ayarlanabilir h\u0131z (kontrol invert\u00f6r\u00fc)<\/li>\n<li>Opsiyonel: frenli tekerlekler \u00fczerinde y\u00fcksekli\u011fi ayarlanabilir destek arabas\u0131<\/li>\n<li>\u0130ste\u011fe ba\u011fl\u0131: ara\u00e7 alt\u0131 ak\u0131\u015f kontrol\u00fc i\u00e7in ak\u0131\u015f d\u00fczeltici ve geri \u00e7ekilebilir braket ile donat\u0131lm\u0131\u015f nozul<\/li>\n<\/ul>","protected":false},"featured_media":1098,"template":"","meta":[],"product_cat":[94],"product_tag":[110,109],"class_list":["post-993","product","type-product","status-publish","has-post-thumbnail","hentry","product_cat-accessori","product_tag-raffreddamento-motore","product_tag-sistemi-di-ventilazione"],"yoast_head":"<!-- This site is optimized with the Yoast SEO plugin v26.5 - https:\/\/yoast.com\/wordpress\/plugins\/seo\/ -->\n<title>Ventilazione - MOTYCS<\/title>\n<meta name=\"description\" content=\"Sistemi di ventilazione e raffreddamento motore per sale prova motori e veicoli. Specificatamente realizzati per i diversi ambiti normativi\" \/>\n<meta name=\"robots\" content=\"index, follow, max-snippet:-1, max-image-preview:large, max-video-preview:-1\" \/>\n<link rel=\"canonical\" href=\"https:\/\/motycs.it\/tr\/product\/havalandirma\/\" \/>\n<meta property=\"og:locale\" content=\"tr_TR\" \/>\n<meta property=\"og:type\" content=\"article\" \/>\n<meta property=\"og:title\" content=\"Ventilazione - MOTYCS\" \/>\n<meta property=\"og:description\" content=\"Sistemi di ventilazione e raffreddamento motore per sale prova motori e veicoli. Specificatamente realizzati per i diversi ambiti normativi\" \/>\n<meta property=\"og:url\" content=\"https:\/\/motycs.it\/tr\/product\/havalandirma\/\" \/>\n<meta property=\"og:site_name\" content=\"MOTYCS\" \/>\n<meta property=\"article:publisher\" content=\"https:\/\/www.facebook.com\/motycs\/\" \/>\n<meta property=\"article:modified_time\" content=\"2023-05-04T08:41:31+00:00\" \/>\n<meta property=\"og:image\" content=\"https:\/\/motycs.it\/wp-content\/uploads\/2022\/03\/h0634hd6.jpg\" \/>\n\t<meta property=\"og:image:width\" content=\"853\" \/>\n\t<meta property=\"og:image:height\" content=\"640\" \/>\n\t<meta property=\"og:image:type\" content=\"image\/jpeg\" \/>\n<meta name=\"twitter:card\" content=\"summary_large_image\" \/>\n<meta name=\"twitter:label1\" content=\"Tahmini okuma s\u00fcresi\" \/>\n\t<meta name=\"twitter:data1\" content=\"1 dakika\" \/>\n<script type=\"application\/ld+json\" class=\"yoast-schema-graph\">{\"@context\":\"https:\/\/schema.org\",\"@graph\":[{\"@type\":\"WebPage\",\"@id\":\"https:\/\/motycs.it\/product\/ventilazione\/\",\"url\":\"https:\/\/motycs.it\/product\/ventilazione\/\",\"name\":\"Ventilazione - MOTYCS\",\"isPartOf\":{\"@id\":\"https:\/\/motycs.it\/#website\"},\"primaryImageOfPage\":{\"@id\":\"https:\/\/motycs.it\/product\/ventilazione\/#primaryimage\"},\"image\":{\"@id\":\"https:\/\/motycs.it\/product\/ventilazione\/#primaryimage\"},\"thumbnailUrl\":\"https:\/\/motycs.it\/wp-content\/uploads\/2022\/03\/h0634hd6.jpg\",\"datePublished\":\"2022-03-17T17:44:36+00:00\",\"dateModified\":\"2023-05-04T08:41:31+00:00\",\"description\":\"Sistemi di ventilazione e raffreddamento motore per sale prova motori e veicoli. Specificatamente realizzati per i diversi ambiti normativi\",\"breadcrumb\":{\"@id\":\"https:\/\/motycs.it\/product\/ventilazione\/#breadcrumb\"},\"inLanguage\":\"tr\",\"potentialAction\":[{\"@type\":\"ReadAction\",\"target\":[\"https:\/\/motycs.it\/product\/ventilazione\/\"]}]},{\"@type\":\"ImageObject\",\"inLanguage\":\"tr\",\"@id\":\"https:\/\/motycs.it\/product\/ventilazione\/#primaryimage\",\"url\":\"https:\/\/motycs.it\/wp-content\/uploads\/2022\/03\/h0634hd6.jpg\",\"contentUrl\":\"https:\/\/motycs.it\/wp-content\/uploads\/2022\/03\/h0634hd6.jpg\",\"width\":853,\"height\":640,\"caption\":\"dyno fan motycs\"},{\"@type\":\"BreadcrumbList\",\"@id\":\"https:\/\/motycs.it\/product\/ventilazione\/#breadcrumb\",\"itemListElement\":[{\"@type\":\"ListItem\",\"position\":1,\"name\":\"Home\",\"item\":\"https:\/\/motycs.it\/\"},{\"@type\":\"ListItem\",\"position\":2,\"name\":\"Shop\",\"item\":\"https:\/\/motycs.it\/shop\/\"},{\"@type\":\"ListItem\",\"position\":3,\"name\":\"Ventilazione\"}]},{\"@type\":\"WebSite\",\"@id\":\"https:\/\/motycs.it\/#website\",\"url\":\"https:\/\/motycs.it\/\",\"name\":\"MOTYCS\",\"description\":\"\",\"publisher\":{\"@id\":\"https:\/\/motycs.it\/#organization\"},\"potentialAction\":[{\"@type\":\"SearchAction\",\"target\":{\"@type\":\"EntryPoint\",\"urlTemplate\":\"https:\/\/motycs.it\/?s={search_term_string}\"},\"query-input\":{\"@type\":\"PropertyValueSpecification\",\"valueRequired\":true,\"valueName\":\"search_term_string\"}}],\"inLanguage\":\"tr\"},{\"@type\":\"Organization\",\"@id\":\"https:\/\/motycs.it\/#organization\",\"name\":\"MOTYCS\",\"url\":\"https:\/\/motycs.it\/\",\"logo\":{\"@type\":\"ImageObject\",\"inLanguage\":\"tr\",\"@id\":\"https:\/\/motycs.it\/#\/schema\/logo\/image\/\",\"url\":\"https:\/\/motycs.it\/wp-content\/uploads\/2022\/03\/orizz_bianc.jpg\",\"contentUrl\":\"https:\/\/motycs.it\/wp-content\/uploads\/2022\/03\/orizz_bianc.jpg\",\"width\":600,\"height\":159,\"caption\":\"MOTYCS\"},\"image\":{\"@id\":\"https:\/\/motycs.it\/#\/schema\/logo\/image\/\"},\"sameAs\":[\"https:\/\/www.facebook.com\/motycs\/\",\"https:\/\/www.instagram.com\/motycs.teq\/\",\"https:\/\/www.linkedin.com\/company\/motycs\/\",\"https:\/\/www.pinterest.it\/Motycsdynamometer\/\",\"https:\/\/www.youtube.com\/channel\/UCl_9nwLJn-fMI6UMZVc0tZw\"]}]}<\/script>\n<!-- \/ Yoast SEO plugin. -->","yoast_head_json":{"title":"Havaland\u0131rma - MOTYCS","description":"Motor ve ara\u00e7 test odalar\u0131 i\u00e7in havaland\u0131rma ve motor so\u011futma sistemleri. Farkl\u0131 test odalar\u0131 i\u00e7in \u00f6zel olarak \u00fcretilmi\u015ftir.","robots":{"index":"index","follow":"follow","max-snippet":"max-snippet:-1","max-image-preview":"max-image-preview:large","max-video-preview":"max-video-preview:-1"},"canonical":"https:\/\/motycs.it\/tr\/product\/havalandirma\/","og_locale":"tr_TR","og_type":"article","og_title":"Ventilazione - MOTYCS","og_description":"Sistemi di ventilazione e raffreddamento motore per sale prova motori e veicoli. Specificatamente realizzati per i diversi ambiti normativi","og_url":"https:\/\/motycs.it\/tr\/product\/havalandirma\/","og_site_name":"MOTYCS","article_publisher":"https:\/\/www.facebook.com\/motycs\/","article_modified_time":"2023-05-04T08:41:31+00:00","og_image":[{"width":853,"height":640,"url":"https:\/\/motycs.it\/wp-content\/uploads\/2022\/03\/h0634hd6.jpg","type":"image\/jpeg"}],"twitter_card":"summary_large_image","twitter_misc":{"Tahmini okuma s\u00fcresi":"1 dakika"},"schema":{"@context":"https:\/\/schema.org","@graph":[{"@type":"WebPage","@id":"https:\/\/motycs.it\/product\/ventilazione\/","url":"https:\/\/motycs.it\/product\/ventilazione\/","name":"Havaland\u0131rma - MOTYCS","isPartOf":{"@id":"https:\/\/motycs.it\/#website"},"primaryImageOfPage":{"@id":"https:\/\/motycs.it\/product\/ventilazione\/#primaryimage"},"image":{"@id":"https:\/\/motycs.it\/product\/ventilazione\/#primaryimage"},"thumbnailUrl":"https:\/\/motycs.it\/wp-content\/uploads\/2022\/03\/h0634hd6.jpg","datePublished":"2022-03-17T17:44:36+00:00","dateModified":"2023-05-04T08:41:31+00:00","description":"Motor ve ara\u00e7 test odalar\u0131 i\u00e7in havaland\u0131rma ve motor so\u011futma sistemleri. Farkl\u0131 test odalar\u0131 i\u00e7in \u00f6zel olarak \u00fcretilmi\u015ftir.","breadcrumb":{"@id":"https:\/\/motycs.it\/product\/ventilazione\/#breadcrumb"},"inLanguage":"tr","potentialAction":[{"@type":"ReadAction","target":["https:\/\/motycs.it\/product\/ventilazione\/"]}]},{"@type":"ImageObject","inLanguage":"tr","@id":"https:\/\/motycs.it\/product\/ventilazione\/#primaryimage","url":"https:\/\/motycs.it\/wp-content\/uploads\/2022\/03\/h0634hd6.jpg","contentUrl":"https:\/\/motycs.it\/wp-content\/uploads\/2022\/03\/h0634hd6.jpg","width":853,"height":640,"caption":"dyno fan motycs"},{"@type":"BreadcrumbList","@id":"https:\/\/motycs.it\/product\/ventilazione\/#breadcrumb","itemListElement":[{"@type":"ListItem","position":1,"name":"Home","item":"https:\/\/motycs.it\/"},{"@type":"ListItem","position":2,"name":"Shop","item":"https:\/\/motycs.it\/shop\/"},{"@type":"ListItem","position":3,"name":"Ventilazione"}]},{"@type":"WebSite","@id":"https:\/\/motycs.it\/#website","url":"https:\/\/motycs.it\/","name":"MOTYCS","description":"","publisher":{"@id":"https:\/\/motycs.it\/#organization"},"potentialAction":[{"@type":"SearchAction","target":{"@type":"EntryPoint","urlTemplate":"https:\/\/motycs.it\/?s={search_term_string}"},"query-input":{"@type":"PropertyValueSpecification","valueRequired":true,"valueName":"search_term_string"}}],"inLanguage":"tr"},{"@type":"Organization","@id":"https:\/\/motycs.it\/#organization","name":"MOTYCS","url":"https:\/\/motycs.it\/","logo":{"@type":"ImageObject","inLanguage":"tr","@id":"https:\/\/motycs.it\/#\/schema\/logo\/image\/","url":"https:\/\/motycs.it\/wp-content\/uploads\/2022\/03\/orizz_bianc.jpg","contentUrl":"https:\/\/motycs.it\/wp-content\/uploads\/2022\/03\/orizz_bianc.jpg","width":600,"height":159,"caption":"MOTYCS"},"image":{"@id":"https:\/\/motycs.it\/#\/schema\/logo\/image\/"},"sameAs":["https:\/\/www.facebook.com\/motycs\/","https:\/\/www.instagram.com\/motycs.teq\/","https:\/\/www.linkedin.com\/company\/motycs\/","https:\/\/www.pinterest.it\/Motycsdynamometer\/","https:\/\/www.youtube.com\/channel\/UCl_9nwLJn-fMI6UMZVc0tZw"]}]}},"_links":{"self":[{"href":"https:\/\/motycs.it\/tr\/wp-json\/wp\/v2\/product\/993","targetHints":{"allow":["GET"]}}],"collection":[{"href":"https:\/\/motycs.it\/tr\/wp-json\/wp\/v2\/product"}],"about":[{"href":"https:\/\/motycs.it\/tr\/wp-json\/wp\/v2\/types\/product"}],"wp:featuredmedia":[{"embeddable":true,"href":"https:\/\/motycs.it\/tr\/wp-json\/wp\/v2\/media\/1098"}],"wp:attachment":[{"href":"https:\/\/motycs.it\/tr\/wp-json\/wp\/v2\/media?parent=993"}],"wp:term":[{"taxonomy":"product_cat","embeddable":true,"href":"https:\/\/motycs.it\/tr\/wp-json\/wp\/v2\/product_cat?post=993"},{"taxonomy":"product_tag","embeddable":true,"href":"https:\/\/motycs.it\/tr\/wp-json\/wp\/v2\/product_tag?post=993"}],"curies":[{"name":"wp","href":"https:\/\/api.w.org\/{rel}","templated":true}]}}