{"id":989,"date":"2022-03-17T18:39:40","date_gmt":"2022-03-17T17:39:40","guid":{"rendered":"https:\/\/motycs.it\/?post_type=product&#038;p=989"},"modified":"2024-06-29T22:41:05","modified_gmt":"2024-06-29T20:41:05","slug":"banchi-prova-motore","status":"publish","type":"product","link":"https:\/\/motycs.it\/tr\/product\/homologasyon-banklari\/","title":{"rendered":"Motor test tezgahlar\u0131"},"content":{"rendered":"<div class=\"page\" title=\"Sayfa 7\">\n<div class=\"section\">\n<div class=\"layoutArea\">\n<div class=\"column\">\n<p>HOMOLOGASYON KONTROL SISTEMIMIZIN I\u015eLEVSELLI\u011eI<\/p>\n<ul>\n<li><strong>fren PID y\u00f6netimi<\/strong> (devir, tork, y\u00fczde) \u00f6ng\u00f6r\u00fcc\u00fc ile 3ms'de geri bildirim<\/li>\n<li><strong>gaz kelebe\u011fi PID y\u00f6netimi<\/strong> (devir, tork, y\u00fczde) \u00f6ng\u00f6r\u00fcc\u00fc ile 3 ms i\u00e7inde geri bildirim<\/li>\n<li><strong>PID s\u0131cakl\u0131k y\u00f6netimi<\/strong> (su, ya\u011f, hava giri\u015fi, \u00e7evre)<\/li>\n<li><strong>PID bas\u0131n\u00e7 y\u00f6netimi<\/strong> (ayr\u0131ca emme ve egzoz)<\/li>\n<li>arac\u0131l\u0131\u011f\u0131yla ileti\u015fim y\u00f6netimi <strong>\u00e7ift CAN veri yolu<\/strong> (ECU'lar, sens\u00f6rler, ...)<\/li>\n<li><strong>alarm y\u00f6netimi<\/strong> hem \u00e7evresel hem de test edilen birim<\/li>\n<li><strong>mod\u00fclerlik<\/strong> farkl\u0131 uygulamalar i\u00e7in<\/li>\n<li><strong>dinamik profillerin y\u00fcr\u00fct\u00fclmesi<\/strong> tezgah tipi onay d\u00f6ng\u00fcleri i\u00e7in<\/li>\n<li><strong>aray\u00fcz olu\u015fturma<\/strong> g\u00f6zetim programlar\u0131na<\/li>\n<li><strong>uygulamalar\u0131 \u00f6zelle\u015ftirmede \u00f6zerklik<\/strong> (know-how'\u0131n korunmas\u0131)<\/li>\n<li>\u00f6l\u00e7eklenebilir donan\u0131m\/yaz\u0131l\u0131m konfig\u00fcrasyonlar\u0131<\/li>\n<li>b\u00fct\u00e7e artan ad\u0131mlarla geli\u015ftirildi<\/li>\n<\/ul>\n<\/div>\n<\/div>\n<\/div>\n<\/div>","protected":false},"excerpt":{"rendered":"<p><strong>EDDY AKIMI MOTOR G\u00dcC\u00dc TEST TEZGAHLARI<\/strong><\/p>\n<p>Tasarl\u0131yor ve uyguluyoruz <strong>motor test tezgahlar\u0131 ve kontrol ve veri toplama sistemleri, te\u015fhis ve motor sporlar\u0131 test odalar\u0131 i\u00e7in<\/strong>.<\/p>\n<p>A\u015fa\u011f\u0131dakiler aras\u0131nda de\u011fi\u015fen farkl\u0131 ihtiya\u00e7lar\u0131n bir arada bulundu\u011fu alanlar <strong>basit ve sezgisel bir kontrol ve toplama sistemi<\/strong>, <strong>te\u015fhis ve motor sporlar\u0131 uygulamalar\u0131 i\u00e7in uygundur<\/strong>oldu\u011fu ba\u011flamlara <strong>Veri toplama ve y\u00f6netimi a\u00e7\u0131s\u0131ndan m\u00fc\u015fteri ihtiya\u00e7lar\u0131na derinlemesine entegrasyon, ayr\u0131ca s\u00fcre\u00e7 entegrasyonuna y\u00f6nelik<\/strong>.<\/p>\n<p>\u00c7e\u015fitli kontrol ve toplama sistemlerimiz var:<\/p>\n<ul>\n<li><strong>\u00dcretim kontrol ve toplama sistemleri <a href=\"https:\/\/motycs.it\/tr\/product\/guc-testleri\/\">SPORT DEVICES<\/a>, <\/strong>te\u015fhis ve motor sporlar\u0131 uygulamalar\u0131 i\u00e7in.<\/li>\n<li>Kontrol ve edinim sistemleri <strong>National Instruments teknolojisi, Compact-RIO platformu.<\/strong> Kontrol ve edinim sistemimiz ayr\u0131ca a\u015fa\u011f\u0131dakilere m\u00fckemmel bir \u015fekilde uyum sa\u011flar <strong><a href=\"https:\/\/motycs.it\/tr\/product\/homologatif\/\">mevcut test odalar\u0131n\u0131n yenilenmesi<\/a><\/strong>. <strong>Bug\u00fcn ulusal \u00e7apta \u00f6ne \u00e7\u0131kan bir\u00e7ok ger\u00e7eklikte kullan\u0131lmaktad\u0131r<\/strong>, zaten <strong>homologasyon s\u00fcre\u00e7leri i\u00e7in bir edinim sistemi olarak ilgili kurumlar taraf\u0131ndan tan\u0131nmas\u0131 <\/strong>at <strong><a href=\"https:\/\/motycs.it\/tr\/sistemler-homologlar\/\">farkl\u0131 sekt\u00f6rler.<\/a><\/strong>.<\/li>\n<\/ul>\n<p><strong>\u00d6ZELLE\u015eT\u0130RMELER<\/strong><br \/>\nYaz\u0131l\u0131m taraf\u0131ndaki her bir unsur \u00f6zelle\u015ftirilebilir, Sistem <strong>ister motor test tezgah\u0131 ister silindir test tezgah\u0131 olsun, her t\u00fcrl\u00fc test tezgah\u0131na uygulanabilir<\/strong>. T\u00fcm test tezgahlar\u0131m\u0131z ve kontrol sistemlerimiz <strong>End\u00fcstri 4.0 mevzuat\u0131n\u0131n faydalar\u0131<\/strong>. Evraklar\u0131n do\u011fru ve en iyi \u015fekilde i\u015flenmesini desteklemek i\u00e7in yeminli bir uzman raporu da sa\u011flayabiliriz.<\/p>\n<p>Ke\u015ffedin <a href=\"https:\/\/motycs.it\/tr\/sistemler-homologlar\/\"><strong>di\u0307\u011fer \u00f6zelli\u0307kler ve uygulama alanlari<\/strong><\/a><\/p>","protected":false},"featured_media":1266,"template":"","meta":[],"product_cat":[93],"product_tag":[92],"class_list":["post-989","product","type-product","status-publish","has-post-thumbnail","hentry","product_cat-banchi-prova-potenza","product_tag-prova-potenza-banco-2wd"],"yoast_head":"<!-- This site is optimized with the Yoast SEO plugin v26.5 - https:\/\/yoast.com\/wordpress\/plugins\/seo\/ -->\n<title>banchi prova motore<\/title>\n<meta name=\"description\" content=\"Progettiamo e forniamo banchi prova motore per i settori motorsport ed omologativo. . Contattaci per maggiori informazioni\" \/>\n<meta name=\"robots\" content=\"index, follow, max-snippet:-1, max-image-preview:large, max-video-preview:-1\" \/>\n<link rel=\"canonical\" href=\"https:\/\/motycs.it\/tr\/product\/homologasyon-banklari\/\" \/>\n<meta property=\"og:locale\" content=\"tr_TR\" \/>\n<meta property=\"og:type\" content=\"article\" \/>\n<meta property=\"og:title\" content=\"banchi prova motore\" \/>\n<meta property=\"og:description\" content=\"Progettiamo e forniamo banchi prova motore per i settori motorsport ed omologativo. . Contattaci per maggiori informazioni\" \/>\n<meta property=\"og:url\" content=\"https:\/\/motycs.it\/tr\/product\/homologasyon-banklari\/\" \/>\n<meta property=\"og:site_name\" content=\"MOTYCS\" \/>\n<meta property=\"article:publisher\" content=\"https:\/\/www.facebook.com\/motycs\/\" \/>\n<meta property=\"article:modified_time\" content=\"2024-06-29T20:41:05+00:00\" \/>\n<meta property=\"og:image\" content=\"https:\/\/motycs.it\/wp-content\/uploads\/2022\/08\/engine-banco-prova-motore-motycs.jpg\" \/>\n\t<meta property=\"og:image:width\" content=\"800\" \/>\n\t<meta property=\"og:image:height\" content=\"800\" \/>\n\t<meta property=\"og:image:type\" content=\"image\/jpeg\" \/>\n<meta name=\"twitter:card\" content=\"summary_large_image\" \/>\n<meta name=\"twitter:label1\" content=\"Tahmini okuma s\u00fcresi\" \/>\n\t<meta name=\"twitter:data1\" content=\"1 dakika\" \/>\n<script type=\"application\/ld+json\" class=\"yoast-schema-graph\">{\"@context\":\"https:\/\/schema.org\",\"@graph\":[{\"@type\":\"WebPage\",\"@id\":\"https:\/\/motycs.it\/product\/banchi-prova-motore\/\",\"url\":\"https:\/\/motycs.it\/product\/banchi-prova-motore\/\",\"name\":\"banchi prova motore\",\"isPartOf\":{\"@id\":\"https:\/\/motycs.it\/#website\"},\"primaryImageOfPage\":{\"@id\":\"https:\/\/motycs.it\/product\/banchi-prova-motore\/#primaryimage\"},\"image\":{\"@id\":\"https:\/\/motycs.it\/product\/banchi-prova-motore\/#primaryimage\"},\"thumbnailUrl\":\"https:\/\/motycs.it\/wp-content\/uploads\/2022\/08\/engine-banco-prova-motore-motycs.jpg\",\"datePublished\":\"2022-03-17T17:39:40+00:00\",\"dateModified\":\"2024-06-29T20:41:05+00:00\",\"description\":\"Progettiamo e forniamo banchi prova motore per i settori motorsport ed omologativo. . Contattaci per maggiori informazioni\",\"breadcrumb\":{\"@id\":\"https:\/\/motycs.it\/product\/banchi-prova-motore\/#breadcrumb\"},\"inLanguage\":\"tr\",\"potentialAction\":[{\"@type\":\"ReadAction\",\"target\":[\"https:\/\/motycs.it\/product\/banchi-prova-motore\/\"]}]},{\"@type\":\"ImageObject\",\"inLanguage\":\"tr\",\"@id\":\"https:\/\/motycs.it\/product\/banchi-prova-motore\/#primaryimage\",\"url\":\"https:\/\/motycs.it\/wp-content\/uploads\/2022\/08\/engine-banco-prova-motore-motycs.jpg\",\"contentUrl\":\"https:\/\/motycs.it\/wp-content\/uploads\/2022\/08\/engine-banco-prova-motore-motycs.jpg\",\"width\":800,\"height\":800,\"caption\":\"Il nostro banco prova motori\"},{\"@type\":\"BreadcrumbList\",\"@id\":\"https:\/\/motycs.it\/product\/banchi-prova-motore\/#breadcrumb\",\"itemListElement\":[{\"@type\":\"ListItem\",\"position\":1,\"name\":\"Home\",\"item\":\"https:\/\/motycs.it\/\"},{\"@type\":\"ListItem\",\"position\":2,\"name\":\"Shop\",\"item\":\"https:\/\/motycs.it\/shop\/\"},{\"@type\":\"ListItem\",\"position\":3,\"name\":\"Banchi prova motore\"}]},{\"@type\":\"WebSite\",\"@id\":\"https:\/\/motycs.it\/#website\",\"url\":\"https:\/\/motycs.it\/\",\"name\":\"MOTYCS\",\"description\":\"\",\"publisher\":{\"@id\":\"https:\/\/motycs.it\/#organization\"},\"potentialAction\":[{\"@type\":\"SearchAction\",\"target\":{\"@type\":\"EntryPoint\",\"urlTemplate\":\"https:\/\/motycs.it\/?s={search_term_string}\"},\"query-input\":{\"@type\":\"PropertyValueSpecification\",\"valueRequired\":true,\"valueName\":\"search_term_string\"}}],\"inLanguage\":\"tr\"},{\"@type\":\"Organization\",\"@id\":\"https:\/\/motycs.it\/#organization\",\"name\":\"MOTYCS\",\"url\":\"https:\/\/motycs.it\/\",\"logo\":{\"@type\":\"ImageObject\",\"inLanguage\":\"tr\",\"@id\":\"https:\/\/motycs.it\/#\/schema\/logo\/image\/\",\"url\":\"https:\/\/motycs.it\/wp-content\/uploads\/2022\/03\/orizz_bianc.jpg\",\"contentUrl\":\"https:\/\/motycs.it\/wp-content\/uploads\/2022\/03\/orizz_bianc.jpg\",\"width\":600,\"height\":159,\"caption\":\"MOTYCS\"},\"image\":{\"@id\":\"https:\/\/motycs.it\/#\/schema\/logo\/image\/\"},\"sameAs\":[\"https:\/\/www.facebook.com\/motycs\/\",\"https:\/\/www.instagram.com\/motycs.teq\/\",\"https:\/\/www.linkedin.com\/company\/motycs\/\",\"https:\/\/www.pinterest.it\/Motycsdynamometer\/\",\"https:\/\/www.youtube.com\/channel\/UCl_9nwLJn-fMI6UMZVc0tZw\"]}]}<\/script>\n<!-- \/ Yoast SEO plugin. -->","yoast_head_json":{"title":"motor test tezgahlari","description":"Motor sporlar\u0131 ve homologasyon sekt\u00f6rleri i\u00e7in motor test tezgahlar\u0131 tasarl\u0131yor ve tedarik ediyoruz. . Daha fazla bilgi i\u00e7in bize ula\u015f\u0131n","robots":{"index":"index","follow":"follow","max-snippet":"max-snippet:-1","max-image-preview":"max-image-preview:large","max-video-preview":"max-video-preview:-1"},"canonical":"https:\/\/motycs.it\/tr\/product\/homologasyon-banklari\/","og_locale":"tr_TR","og_type":"article","og_title":"banchi prova motore","og_description":"Progettiamo e forniamo banchi prova motore per i settori motorsport ed omologativo. . Contattaci per maggiori informazioni","og_url":"https:\/\/motycs.it\/tr\/product\/homologasyon-banklari\/","og_site_name":"MOTYCS","article_publisher":"https:\/\/www.facebook.com\/motycs\/","article_modified_time":"2024-06-29T20:41:05+00:00","og_image":[{"width":800,"height":800,"url":"https:\/\/motycs.it\/wp-content\/uploads\/2022\/08\/engine-banco-prova-motore-motycs.jpg","type":"image\/jpeg"}],"twitter_card":"summary_large_image","twitter_misc":{"Tahmini okuma s\u00fcresi":"1 dakika"},"schema":{"@context":"https:\/\/schema.org","@graph":[{"@type":"WebPage","@id":"https:\/\/motycs.it\/product\/banchi-prova-motore\/","url":"https:\/\/motycs.it\/product\/banchi-prova-motore\/","name":"motor test tezgahlari","isPartOf":{"@id":"https:\/\/motycs.it\/#website"},"primaryImageOfPage":{"@id":"https:\/\/motycs.it\/product\/banchi-prova-motore\/#primaryimage"},"image":{"@id":"https:\/\/motycs.it\/product\/banchi-prova-motore\/#primaryimage"},"thumbnailUrl":"https:\/\/motycs.it\/wp-content\/uploads\/2022\/08\/engine-banco-prova-motore-motycs.jpg","datePublished":"2022-03-17T17:39:40+00:00","dateModified":"2024-06-29T20:41:05+00:00","description":"Motor sporlar\u0131 ve homologasyon sekt\u00f6rleri i\u00e7in motor test tezgahlar\u0131 tasarl\u0131yor ve tedarik ediyoruz. . Daha fazla bilgi i\u00e7in bize ula\u015f\u0131n","breadcrumb":{"@id":"https:\/\/motycs.it\/product\/banchi-prova-motore\/#breadcrumb"},"inLanguage":"tr","potentialAction":[{"@type":"ReadAction","target":["https:\/\/motycs.it\/product\/banchi-prova-motore\/"]}]},{"@type":"ImageObject","inLanguage":"tr","@id":"https:\/\/motycs.it\/product\/banchi-prova-motore\/#primaryimage","url":"https:\/\/motycs.it\/wp-content\/uploads\/2022\/08\/engine-banco-prova-motore-motycs.jpg","contentUrl":"https:\/\/motycs.it\/wp-content\/uploads\/2022\/08\/engine-banco-prova-motore-motycs.jpg","width":800,"height":800,"caption":"Il nostro banco prova motori"},{"@type":"BreadcrumbList","@id":"https:\/\/motycs.it\/product\/banchi-prova-motore\/#breadcrumb","itemListElement":[{"@type":"ListItem","position":1,"name":"Home","item":"https:\/\/motycs.it\/"},{"@type":"ListItem","position":2,"name":"Shop","item":"https:\/\/motycs.it\/shop\/"},{"@type":"ListItem","position":3,"name":"Banchi prova motore"}]},{"@type":"WebSite","@id":"https:\/\/motycs.it\/#website","url":"https:\/\/motycs.it\/","name":"MOTYCS","description":"","publisher":{"@id":"https:\/\/motycs.it\/#organization"},"potentialAction":[{"@type":"SearchAction","target":{"@type":"EntryPoint","urlTemplate":"https:\/\/motycs.it\/?s={search_term_string}"},"query-input":{"@type":"PropertyValueSpecification","valueRequired":true,"valueName":"search_term_string"}}],"inLanguage":"tr"},{"@type":"Organization","@id":"https:\/\/motycs.it\/#organization","name":"MOTYCS","url":"https:\/\/motycs.it\/","logo":{"@type":"ImageObject","inLanguage":"tr","@id":"https:\/\/motycs.it\/#\/schema\/logo\/image\/","url":"https:\/\/motycs.it\/wp-content\/uploads\/2022\/03\/orizz_bianc.jpg","contentUrl":"https:\/\/motycs.it\/wp-content\/uploads\/2022\/03\/orizz_bianc.jpg","width":600,"height":159,"caption":"MOTYCS"},"image":{"@id":"https:\/\/motycs.it\/#\/schema\/logo\/image\/"},"sameAs":["https:\/\/www.facebook.com\/motycs\/","https:\/\/www.instagram.com\/motycs.teq\/","https:\/\/www.linkedin.com\/company\/motycs\/","https:\/\/www.pinterest.it\/Motycsdynamometer\/","https:\/\/www.youtube.com\/channel\/UCl_9nwLJn-fMI6UMZVc0tZw"]}]}},"_links":{"self":[{"href":"https:\/\/motycs.it\/tr\/wp-json\/wp\/v2\/product\/989","targetHints":{"allow":["GET"]}}],"collection":[{"href":"https:\/\/motycs.it\/tr\/wp-json\/wp\/v2\/product"}],"about":[{"href":"https:\/\/motycs.it\/tr\/wp-json\/wp\/v2\/types\/product"}],"wp:featuredmedia":[{"embeddable":true,"href":"https:\/\/motycs.it\/tr\/wp-json\/wp\/v2\/media\/1266"}],"wp:attachment":[{"href":"https:\/\/motycs.it\/tr\/wp-json\/wp\/v2\/media?parent=989"}],"wp:term":[{"taxonomy":"product_cat","embeddable":true,"href":"https:\/\/motycs.it\/tr\/wp-json\/wp\/v2\/product_cat?post=989"},{"taxonomy":"product_tag","embeddable":true,"href":"https:\/\/motycs.it\/tr\/wp-json\/wp\/v2\/product_tag?post=989"}],"curies":[{"name":"wp","href":"https:\/\/api.w.org\/{rel}","templated":true}]}}