{"id":988,"date":"2022-03-17T18:39:10","date_gmt":"2022-03-17T17:39:10","guid":{"rendered":"https:\/\/motycs.it\/?post_type=product&#038;p=988"},"modified":"2023-05-04T10:51:08","modified_gmt":"2023-05-04T08:51:08","slug":"prova-potenza-motocicli","status":"publish","type":"product","link":"https:\/\/motycs.it\/tr\/product\/guc-testi-motosi\u0307kletler\/","title":{"rendered":"Motosiklet test tezgahlar\u0131"},"content":{"rendered":"<ul>\n<li>Motosiklet g\u00fc\u00e7 test tezgah\u0131, tek silindirli.<\/li>\n<li><strong>320 veya 500 mm silindir \u00e7apl\u0131 versiyonlar\u0131 mevcuttur<\/strong>, y\u00fczey t\u0131rt\u0131kl\u0131 ve boyal\u0131<\/li>\n<li><strong>SP5 kontrol ve toplama sistemi esnekli\u011fi, \u00f6zelle\u015ftirme olanaklar\u0131n\u0131 ve \u00fccretsiz SW g\u00fcncellemelerini garanti eder<\/strong>.<\/li>\n<li>Tezgah a\u015fa\u011f\u0131dakilerle donat\u0131lm\u0131\u015ft\u0131r <strong>\u00f6n tekerlek kilitleme sistemi<\/strong> ve istek \u00fczerine, <strong>ek aksesuarlarla donat\u0131labilir<\/strong>.<\/li>\n<li><strong>Podyuma (zemin \u00fcst\u00fc) veya \u00e7ukura monte edilebilir<\/strong><\/li>\n<\/ul>\n<h5><strong>DI\u0307\u011eER MEKANI\u0307K \u00d6ZELLI\u0307KLER<\/strong><\/h5>\n<ul>\n<li>6\/8 mm sac ile y\u00fcksek mukavemetli mekanik yap\u0131, yaln\u0131zca Avrupa \u00fcretiminden y\u00fcksek kaliteli bile\u015fenlerin kullan\u0131m\u0131<\/li>\n<li>Toz kaplama<\/li>\n<li>M\u00fc\u015fterinin renk se\u00e7imi fiyata dahildir (RAL \u00f6l\u00e7e\u011fi)<\/li>\n<\/ul>\n<h5><strong>KONTROL YAZILIMI \u00d6ZELL\u0130KLER\u0130 (Te\u015fhis ve haz\u0131rl\u0131k - <a href=\"https:\/\/motycs.it\/tr\/product\/guc-testleri\/\">SPOR C\u0130HAZLARI modelleri<\/a>)<\/strong><\/h5>\n<ul>\n<li>Bu izin verir <strong>veritaban\u0131ndan okunan s\u0131n\u0131rs\u0131z say\u0131da e\u011friyi kar\u015f\u0131la\u015ft\u0131rma<\/strong>, farkl\u0131 bir renk atanm\u0131\u015ft\u0131r. Bu, de\u011fi\u015fikliklerden \u00f6nce ve sonra de\u011fi\u015fiklikleri ve iyile\u015ftirmeleri de\u011ferlendirmeyi m\u00fcmk\u00fcn k\u0131lar. Otomatik bir i\u015faret\u00e7i, g\u00f6r\u00fcnt\u00fclenen her e\u011fri t\u00fcr\u00fc i\u00e7in nokta \u00f6l\u00e7\u00fcm\u00fcne ek olarak t\u00fcm grafik boyunca e\u011friler aras\u0131ndaki fark\u0131 \u00f6l\u00e7er<\/li>\n<li>D\u00fczeltme fakt\u00f6rleri: ISO1585, SAEJ1349, DIN70020, JISD1001, EC95-1, EWG 80\/ 1269 (ayr\u0131ca OBD aray\u00fcz\u00fc veya harici prob arac\u0131l\u0131\u011f\u0131yla hava giri\u015f s\u0131cakl\u0131\u011f\u0131na g\u00f6re e\u011frilerin d\u00fczeltilmesine izin verir)<\/li>\n<li><strong>Ger\u00e7ekle\u015ftirilen farkl\u0131 testleri kar\u015f\u0131la\u015ft\u0131rma imkan\u0131<\/strong>, \u00fcst \u00fcste bindirmek<\/li>\n<li>G\u00fc\u00e7 (Kw,Cv), tork (Kg*m, N*m) i\u00e7in \u00f6l\u00e7\u00fcm birimi kullan\u0131c\u0131 taraf\u0131ndan se\u00e7ilebilir.<\/li>\n<li><a href=\"https:\/\/www.sportdevices.com\/sportdyno41-whats-new.php\">\u00dccretsiz yaz\u0131l\u0131m g\u00fcncellemeleri<\/a> ve do\u011frudan web sitesinden indirilebilir<\/li>\n<li><strong>Mevcut test modlar\u0131<\/strong>: Atalet, sabit frenleme, rampa, yol sim\u00fclasyonu, kararl\u0131 durum, homologasyon d\u00f6ng\u00fcleri<\/li>\n<li><strong>Y\u00fcksek h\u0131zl\u0131 Ethernet ba\u011flant\u0131s\u0131, CANBUS, Bluetooth (Opsiyonel), RS232<\/strong><\/li>\n<li><strong>Ara\u00e7 OBDII aray\u00fcz\u00fc<\/strong>, entegre veya harici meteoroloji istasyonu. <strong>Farkl\u0131 egzoz analiz\u00f6r\u00fc modellerini destekler<\/strong><\/li>\n<li>Sistem bir 'kapal\u0131 d\u00f6ng\u00fc' fren kontrol\u00fc uygular<\/li>\n<li>Bilgisayar olmadan da \u00e7al\u0131\u015f\u0131r (uzaktan kumanda)<\/li>\n<li><strong>Gaz akt\u00fcat\u00f6r\u00fc, debriyaj akt\u00fcat\u00f6r\u00fc, \u015fanz\u0131man, fanlar\u0131n uzaktan kumandas\u0131<\/strong> PC yaz\u0131l\u0131m\u0131ndan vb.<\/li>\n<\/ul>\n<h5><strong>VERI\u0307 TOPLAMA<\/strong><\/h5>\n<ul>\n<li>Sistemi <a href=\"https:\/\/motycs.it\/tr\/product\/guc-testleri\/\">kontrol ve edinim Spor Cihazlar\u0131<\/a>, teklifler <strong>birka\u00e7 kanal da r\u00f6le alt\u0131nda<\/strong>, lambda, bas\u0131n\u00e7 ve termokupl sens\u00f6rlerinden veri elde etmeye adanm\u0131\u015ft\u0131r; ister analog ister dijital olsun (<strong>sistem 16 adede kadar kanal sunar<\/strong> standart versiyonda, 112 kanala kadar geni\u015fletilebilir). Bu olabilir <strong>Test odas\u0131ndaki \u00e7e\u015fitli havaland\u0131rma sistemlerini ba\u011f\u0131ms\u0131z olarak y\u00f6netmek<\/strong>, d\u00f6rt kontroll\u00fc, yap\u0131land\u0131r\u0131labilir ve ba\u011f\u0131ms\u0131z soket ile.<\/li>\n<\/ul>\n<h5><strong>Y\u00dcR\u00dcT\u00dcLEBILIR TESTLER<\/strong><\/h5>\n<ul>\n<li>G\u00fc\u00e7 \u00f6l\u00e7\u00fcmleri (tekerlekte, tahrik milinde, da\u011f\u0131t\u0131lan)<\/li>\n<li>H\u0131zlanma ve Yava\u015flama Testi (Ara\u00e7 harici y\u00fcklere maruz kald\u0131\u011f\u0131nda performans\u0131 de\u011ferlendirmek i\u00e7in)<\/li>\n<li>Yol sim\u00fclasyonu (Ara\u00e7 performans\u0131n\u0131 do\u011frulamak i\u00e7in, ayr\u0131ca te\u015fhis ara\u00e7lar\u0131yla)<\/li>\n<li>Ataletsel h\u0131zlanma ve yava\u015flama testleri<\/li>\n<li>Ad\u0131m testleri, sabit turlar, tur\/devre sim\u00fclasyonu olarak programlanabilir testler (CSV dosyas\u0131)<\/li>\n<\/ul>\n<p><a href=\"https:\/\/www.sportdevices.com\/sportdyno.php\" target=\"_blank\" rel=\"noopener\">Buradan \u00f6\u011frenin <strong>SPORTDYNO kontrol yaz\u0131l\u0131m\u0131 hakk\u0131nda daha fazla ayr\u0131nt\u0131<\/strong><\/a> (Sport Devices web sitesinin \u0130NG\u0130L\u0130ZCE linki)<\/p>\n<p><a href=\"https:\/\/www.sportdevices.com\/download.php\" target=\"_blank\" rel=\"noopener\">Buradan indirebilir ve <strong>mevcut en son s\u00fcr\u00fcm\u00fc y\u00fckleyin<\/strong>i\u015flevselli\u011fini g\u00f6rmek i\u00e7in<\/a> (Sport Devices web sitesinin \u0130NG\u0130L\u0130ZCE linki)<\/p>\n<h6>\u0130\u00c7G\u00d6R\u00dcLER<\/h6>\n<ul>\n<li><strong><a href=\"https:\/\/motycs.it\/tr\/temel-kavramlar-sasi-dyno-test-tezgahlari\/\">Motor ve silindir test tezgahlar\u0131n\u0131n temel kavramlar\u0131n\u0131 ke\u015ffedin<\/a><\/strong><\/li>\n<li><strong><a href=\"https:\/\/motycs.it\/tr\/test-tezgahlari-4wd\/\">4WD ba\u011fl\u0131 aks g\u00fc\u00e7 test tezgahlar\u0131n\u0131n avantajlar\u0131<\/a><\/strong><\/li>\n<li><strong><a href=\"https:\/\/motycs.it\/tr\/benchi-prova-potenza-monorullo-birullo\/\">MONO-roller ve BI-roller test tezgahlar\u0131<\/a><\/strong><\/li>\n<li><a href=\"https:\/\/motycs.it\/tr\/guc-dagitimli-bankalar-geci\u0307rmez\/\"><strong>G\u00fc\u00e7 da\u011f\u0131l\u0131m\u0131<\/strong><\/a><\/li>\n<\/ul>","protected":false},"excerpt":{"rendered":"<ul>\n<li>Maksimum g\u00fc\u00e7 <strong>300 hp'ye kadar<\/strong><\/li>\n<li>\u0130le versiyonlar\u0131 mevcuttur <strong>silindir \u00e7ap\u0131 320 veya 500 mm<\/strong>, y\u00fczey t\u0131rt\u0131kl\u0131 ve boyal\u0131<\/li>\n<li><strong>1 Eddy ak\u0131m\u0131 freni<\/strong> mod. 800 N*m ile Klam K-70 (sol veya sa\u011f tarafa tak\u0131labilir)<\/li>\n<li><strong>\u00d6n kaliper dingil mesafesinin ayarlanmas\u0131<\/strong> AC motor tahrikli (iste\u011fe ba\u011fl\u0131 pn\u00f6matik kelep\u00e7e)<\/li>\n<li>Elektronik: <a href=\"https:\/\/motycs.it\/tr\/product\/guc-testleri\/\">SPORTDEVICES SP5<\/a><\/li>\n<li><strong>Hava durumu istasyonu<\/strong><\/li>\n<li><strong>Boyutlar<\/strong>\u00a0(\u0130stek \u00fczerine \u00d6ZELLE\u015eT\u0130R\u0130LEB\u0130L\u0130R): Uzunluk: 2500 mm, Geni\u015flik: 1200 mm. Y\u00fckseklik: 400 mm<\/li>\n<\/ul>","protected":false},"featured_media":1062,"template":"","meta":[],"product_cat":[93],"product_tag":[104,105,103],"class_list":["post-988","product","type-product","status-publish","has-post-thumbnail","hentry","product_cat-banchi-prova-potenza","product_tag-banco-a-rulli-moto","product_tag-banco-prova-motocicli","product_tag-banco-prova-potenza-moto"],"yoast_head":"<!-- This site is optimized with the Yoast SEO plugin v26.5 - https:\/\/yoast.com\/wordpress\/plugins\/seo\/ -->\n<title>Banchi prova per motocicli<\/title>\n<meta name=\"description\" content=\"Banchi prova potenza Sport Devices, a rulli singolo, per motocicli, con rulli da 350 o 500 mm. Sistema di controllo ed acquisizione du ultima generazione\" \/>\n<meta name=\"robots\" content=\"index, follow, max-snippet:-1, max-image-preview:large, max-video-preview:-1\" \/>\n<link rel=\"canonical\" href=\"https:\/\/motycs.it\/tr\/product\/guc-testi-motosi\u0307kletler\/\" \/>\n<meta property=\"og:locale\" content=\"tr_TR\" \/>\n<meta property=\"og:type\" content=\"article\" \/>\n<meta property=\"og:title\" content=\"Banchi prova per motocicli\" \/>\n<meta property=\"og:description\" content=\"Banchi prova potenza Sport Devices, a rulli singolo, per motocicli, con rulli da 350 o 500 mm. Sistema di controllo ed acquisizione du ultima generazione\" \/>\n<meta property=\"og:url\" content=\"https:\/\/motycs.it\/tr\/product\/guc-testi-motosi\u0307kletler\/\" \/>\n<meta property=\"og:site_name\" content=\"MOTYCS\" \/>\n<meta property=\"article:publisher\" content=\"https:\/\/www.facebook.com\/motycs\/\" \/>\n<meta property=\"article:modified_time\" content=\"2023-05-04T08:51:08+00:00\" \/>\n<meta property=\"og:image\" content=\"https:\/\/motycs.it\/wp-content\/uploads\/2022\/03\/moto-dyno-motycs.jpg\" \/>\n\t<meta property=\"og:image:width\" content=\"800\" \/>\n\t<meta property=\"og:image:height\" content=\"704\" \/>\n\t<meta property=\"og:image:type\" content=\"image\/jpeg\" \/>\n<meta name=\"twitter:card\" content=\"summary_large_image\" \/>\n<meta name=\"twitter:label1\" content=\"Tahmini okuma s\u00fcresi\" \/>\n\t<meta name=\"twitter:data1\" content=\"3 dakika\" \/>\n<script type=\"application\/ld+json\" class=\"yoast-schema-graph\">{\"@context\":\"https:\/\/schema.org\",\"@graph\":[{\"@type\":\"WebPage\",\"@id\":\"https:\/\/motycs.it\/product\/prova-potenza-motocicli\/\",\"url\":\"https:\/\/motycs.it\/product\/prova-potenza-motocicli\/\",\"name\":\"Banchi prova per motocicli\",\"isPartOf\":{\"@id\":\"https:\/\/motycs.it\/#website\"},\"primaryImageOfPage\":{\"@id\":\"https:\/\/motycs.it\/product\/prova-potenza-motocicli\/#primaryimage\"},\"image\":{\"@id\":\"https:\/\/motycs.it\/product\/prova-potenza-motocicli\/#primaryimage\"},\"thumbnailUrl\":\"https:\/\/motycs.it\/wp-content\/uploads\/2022\/03\/moto-dyno-motycs.jpg\",\"datePublished\":\"2022-03-17T17:39:10+00:00\",\"dateModified\":\"2023-05-04T08:51:08+00:00\",\"description\":\"Banchi prova potenza Sport Devices, a rulli singolo, per motocicli, con rulli da 350 o 500 mm. Sistema di controllo ed acquisizione du ultima generazione\",\"breadcrumb\":{\"@id\":\"https:\/\/motycs.it\/product\/prova-potenza-motocicli\/#breadcrumb\"},\"inLanguage\":\"tr\",\"potentialAction\":[{\"@type\":\"ReadAction\",\"target\":[\"https:\/\/motycs.it\/product\/prova-potenza-motocicli\/\"]}]},{\"@type\":\"ImageObject\",\"inLanguage\":\"tr\",\"@id\":\"https:\/\/motycs.it\/product\/prova-potenza-motocicli\/#primaryimage\",\"url\":\"https:\/\/motycs.it\/wp-content\/uploads\/2022\/03\/moto-dyno-motycs.jpg\",\"contentUrl\":\"https:\/\/motycs.it\/wp-content\/uploads\/2022\/03\/moto-dyno-motycs.jpg\",\"width\":800,\"height\":704,\"caption\":\"motorcycle dyno motycs\"},{\"@type\":\"BreadcrumbList\",\"@id\":\"https:\/\/motycs.it\/product\/prova-potenza-motocicli\/#breadcrumb\",\"itemListElement\":[{\"@type\":\"ListItem\",\"position\":1,\"name\":\"Home\",\"item\":\"https:\/\/motycs.it\/\"},{\"@type\":\"ListItem\",\"position\":2,\"name\":\"Shop\",\"item\":\"https:\/\/motycs.it\/shop\/\"},{\"@type\":\"ListItem\",\"position\":3,\"name\":\"Banchi prova moto\"}]},{\"@type\":\"WebSite\",\"@id\":\"https:\/\/motycs.it\/#website\",\"url\":\"https:\/\/motycs.it\/\",\"name\":\"MOTYCS\",\"description\":\"\",\"publisher\":{\"@id\":\"https:\/\/motycs.it\/#organization\"},\"potentialAction\":[{\"@type\":\"SearchAction\",\"target\":{\"@type\":\"EntryPoint\",\"urlTemplate\":\"https:\/\/motycs.it\/?s={search_term_string}\"},\"query-input\":{\"@type\":\"PropertyValueSpecification\",\"valueRequired\":true,\"valueName\":\"search_term_string\"}}],\"inLanguage\":\"tr\"},{\"@type\":\"Organization\",\"@id\":\"https:\/\/motycs.it\/#organization\",\"name\":\"MOTYCS\",\"url\":\"https:\/\/motycs.it\/\",\"logo\":{\"@type\":\"ImageObject\",\"inLanguage\":\"tr\",\"@id\":\"https:\/\/motycs.it\/#\/schema\/logo\/image\/\",\"url\":\"https:\/\/motycs.it\/wp-content\/uploads\/2022\/03\/orizz_bianc.jpg\",\"contentUrl\":\"https:\/\/motycs.it\/wp-content\/uploads\/2022\/03\/orizz_bianc.jpg\",\"width\":600,\"height\":159,\"caption\":\"MOTYCS\"},\"image\":{\"@id\":\"https:\/\/motycs.it\/#\/schema\/logo\/image\/\"},\"sameAs\":[\"https:\/\/www.facebook.com\/motycs\/\",\"https:\/\/www.instagram.com\/motycs.teq\/\",\"https:\/\/www.linkedin.com\/company\/motycs\/\",\"https:\/\/www.pinterest.it\/Motycsdynamometer\/\",\"https:\/\/www.youtube.com\/channel\/UCl_9nwLJn-fMI6UMZVc0tZw\"]}]}<\/script>\n<!-- \/ Yoast SEO plugin. -->","yoast_head_json":{"title":"Motosiklet test tezgahlar\u0131","description":"Sport Devices g\u00fc\u00e7 test tezgahlar\u0131, tek silindirli, motosikletler i\u00e7in, 350 veya 500 mm silindirli. Son nesil kontrol ve toplama sistemi","robots":{"index":"index","follow":"follow","max-snippet":"max-snippet:-1","max-image-preview":"max-image-preview:large","max-video-preview":"max-video-preview:-1"},"canonical":"https:\/\/motycs.it\/tr\/product\/guc-testi-motosi\u0307kletler\/","og_locale":"tr_TR","og_type":"article","og_title":"Banchi prova per motocicli","og_description":"Banchi prova potenza Sport Devices, a rulli singolo, per motocicli, con rulli da 350 o 500 mm. Sistema di controllo ed acquisizione du ultima generazione","og_url":"https:\/\/motycs.it\/tr\/product\/guc-testi-motosi\u0307kletler\/","og_site_name":"MOTYCS","article_publisher":"https:\/\/www.facebook.com\/motycs\/","article_modified_time":"2023-05-04T08:51:08+00:00","og_image":[{"width":800,"height":704,"url":"https:\/\/motycs.it\/wp-content\/uploads\/2022\/03\/moto-dyno-motycs.jpg","type":"image\/jpeg"}],"twitter_card":"summary_large_image","twitter_misc":{"Tahmini okuma s\u00fcresi":"3 dakika"},"schema":{"@context":"https:\/\/schema.org","@graph":[{"@type":"WebPage","@id":"https:\/\/motycs.it\/product\/prova-potenza-motocicli\/","url":"https:\/\/motycs.it\/product\/prova-potenza-motocicli\/","name":"Motosiklet test tezgahlar\u0131","isPartOf":{"@id":"https:\/\/motycs.it\/#website"},"primaryImageOfPage":{"@id":"https:\/\/motycs.it\/product\/prova-potenza-motocicli\/#primaryimage"},"image":{"@id":"https:\/\/motycs.it\/product\/prova-potenza-motocicli\/#primaryimage"},"thumbnailUrl":"https:\/\/motycs.it\/wp-content\/uploads\/2022\/03\/moto-dyno-motycs.jpg","datePublished":"2022-03-17T17:39:10+00:00","dateModified":"2023-05-04T08:51:08+00:00","description":"Sport Devices g\u00fc\u00e7 test tezgahlar\u0131, tek silindirli, motosikletler i\u00e7in, 350 veya 500 mm silindirli. Son nesil kontrol ve toplama sistemi","breadcrumb":{"@id":"https:\/\/motycs.it\/product\/prova-potenza-motocicli\/#breadcrumb"},"inLanguage":"tr","potentialAction":[{"@type":"ReadAction","target":["https:\/\/motycs.it\/product\/prova-potenza-motocicli\/"]}]},{"@type":"ImageObject","inLanguage":"tr","@id":"https:\/\/motycs.it\/product\/prova-potenza-motocicli\/#primaryimage","url":"https:\/\/motycs.it\/wp-content\/uploads\/2022\/03\/moto-dyno-motycs.jpg","contentUrl":"https:\/\/motycs.it\/wp-content\/uploads\/2022\/03\/moto-dyno-motycs.jpg","width":800,"height":704,"caption":"motorcycle dyno motycs"},{"@type":"BreadcrumbList","@id":"https:\/\/motycs.it\/product\/prova-potenza-motocicli\/#breadcrumb","itemListElement":[{"@type":"ListItem","position":1,"name":"Home","item":"https:\/\/motycs.it\/"},{"@type":"ListItem","position":2,"name":"Shop","item":"https:\/\/motycs.it\/shop\/"},{"@type":"ListItem","position":3,"name":"Banchi prova moto"}]},{"@type":"WebSite","@id":"https:\/\/motycs.it\/#website","url":"https:\/\/motycs.it\/","name":"MOTYCS","description":"","publisher":{"@id":"https:\/\/motycs.it\/#organization"},"potentialAction":[{"@type":"SearchAction","target":{"@type":"EntryPoint","urlTemplate":"https:\/\/motycs.it\/?s={search_term_string}"},"query-input":{"@type":"PropertyValueSpecification","valueRequired":true,"valueName":"search_term_string"}}],"inLanguage":"tr"},{"@type":"Organization","@id":"https:\/\/motycs.it\/#organization","name":"MOTYCS","url":"https:\/\/motycs.it\/","logo":{"@type":"ImageObject","inLanguage":"tr","@id":"https:\/\/motycs.it\/#\/schema\/logo\/image\/","url":"https:\/\/motycs.it\/wp-content\/uploads\/2022\/03\/orizz_bianc.jpg","contentUrl":"https:\/\/motycs.it\/wp-content\/uploads\/2022\/03\/orizz_bianc.jpg","width":600,"height":159,"caption":"MOTYCS"},"image":{"@id":"https:\/\/motycs.it\/#\/schema\/logo\/image\/"},"sameAs":["https:\/\/www.facebook.com\/motycs\/","https:\/\/www.instagram.com\/motycs.teq\/","https:\/\/www.linkedin.com\/company\/motycs\/","https:\/\/www.pinterest.it\/Motycsdynamometer\/","https:\/\/www.youtube.com\/channel\/UCl_9nwLJn-fMI6UMZVc0tZw"]}]}},"_links":{"self":[{"href":"https:\/\/motycs.it\/tr\/wp-json\/wp\/v2\/product\/988","targetHints":{"allow":["GET"]}}],"collection":[{"href":"https:\/\/motycs.it\/tr\/wp-json\/wp\/v2\/product"}],"about":[{"href":"https:\/\/motycs.it\/tr\/wp-json\/wp\/v2\/types\/product"}],"wp:featuredmedia":[{"embeddable":true,"href":"https:\/\/motycs.it\/tr\/wp-json\/wp\/v2\/media\/1062"}],"wp:attachment":[{"href":"https:\/\/motycs.it\/tr\/wp-json\/wp\/v2\/media?parent=988"}],"wp:term":[{"taxonomy":"product_cat","embeddable":true,"href":"https:\/\/motycs.it\/tr\/wp-json\/wp\/v2\/product_cat?post=988"},{"taxonomy":"product_tag","embeddable":true,"href":"https:\/\/motycs.it\/tr\/wp-json\/wp\/v2\/product_tag?post=988"}],"curies":[{"name":"wp","href":"https:\/\/api.w.org\/{rel}","templated":true}]}}