{"id":963,"date":"2022-03-15T19:27:48","date_gmt":"2022-03-15T18:27:48","guid":{"rendered":"https:\/\/motycs.it\/?post_type=product&#038;p=963"},"modified":"2023-06-02T20:43:54","modified_gmt":"2023-06-02T18:43:54","slug":"prova-potenza-2wd","status":"publish","type":"product","link":"https:\/\/motycs.it\/tr\/product\/guc-testi-2wd\/","title":{"rendered":"2WD test tezgahlar\u0131"},"content":{"rendered":"<ul>\n<li><strong>Y\u00fcksek mukavemetli mekanik yap\u0131<\/strong>, 6\/8 mm sac metal ile, sadece Avrupa \u00fcretiminden y\u00fcksek kaliteli bile\u015fenlerin kullan\u0131lmas\u0131<\/li>\n<li><a href=\"https:\/\/motycs.it\/tr\/product\/guc-testi-4wd\/\"><strong>4wd test tezgah\u0131na d\u00f6n\u00fc\u015ft\u00fcr\u00fclebilir<\/strong><\/a>, gerekli par\u00e7alar\u0131n daha sonraki bir a\u015famada eklenmesi (a\u015famal\u0131 yat\u0131r\u0131m)<\/li>\n<li><strong>Gelecekteki kurulum i\u00e7in haz\u0131rlanm\u0131\u015ft\u0131r <a href=\"https:\/\/motycs.it\/tr\/test-tezgahlari-4wd\/\" target=\"_blank\" rel=\"noopener\">eksenlerin mekanik ba\u011flant\u0131s\u0131<\/a> \u00fcniversal mafsall\u0131<\/strong><\/li>\n<li><strong>G\u00fc\u00e7l\u00fc 2.600 N girdap ak\u0131m\u0131 freni uzun test seanslar\u0131na olanak sa\u011flar <\/strong>a\u015f\u0131r\u0131 \u0131s\u0131nma olmadan<\/li>\n<li>Bir aksesuar olarak \u015funlar\u0131 sunar <strong>ek destek ve ara\u00e7 konumland\u0131rma silindirleri<\/strong>, ara\u00e7lar\u0131n y\u00fcklenmesini\/bo\u015falt\u0131lmas\u0131n\u0131 kolayla\u015ft\u0131rmak i\u00e7in \u00f6n aksta<\/li>\n<li><strong>M\u00fc\u015fterinin renk se\u00e7imi dahildir<\/strong> (RAL \u00f6l\u00e7e\u011fi)<\/li>\n<li>Bu olabilir <strong>deli\u011fe veya podyuma monte edilmi\u015f<\/strong> (zemin \u00fcst\u00fc)<\/li>\n<li><strong>Toz kaplama<\/strong><\/li>\n<\/ul>\n<h5><strong>KONTROL YAZILIMI \u00d6ZELL\u0130KLER\u0130 (Te\u015fhis ve haz\u0131rl\u0131k - <a href=\"https:\/\/motycs.it\/tr\/product\/guc-testleri\/\">SPOR C\u0130HAZLARI modelleri<\/a>)<\/strong><\/h5>\n<p>SP5 kontrol sistemi <strong>piyasadaki en geli\u015fmi\u015fler aras\u0131nda<\/strong>. Evrimle\u015fmi\u015f bir \u00fcr\u00fcn, <strong>m\u00fc\u015fterilerimizin ihtiya\u00e7lar\u0131na g\u00f6re s\u00fcrekli g\u00fcncellenmektedir:<\/strong><\/p>\n<ul>\n<li><strong><a href=\"https:\/\/www.sportdevices.com\/sportdyno41-whats-new.php\">\u00dccretsiz yaz\u0131l\u0131m g\u00fcncellemeleri<\/a> <\/strong>ve do\u011frudan Sport Devices web sitesinden indirilebilir.<\/li>\n<li>Mevcut test modlar\u0131: <strong>Atalet, sabit frenleme, rampa, yol sim\u00fclasyonu, kararl\u0131 durum, s\u00fcr\u00fc\u015f d\u00f6ng\u00fcleri.<\/strong><\/li>\n<li>Bu izin verir <strong>s\u0131n\u0131rs\u0131z say\u0131da e\u011friyi kar\u015f\u0131la\u015ft\u0131r\u0131n<\/strong> veritaban\u0131ndan okunur ve farkl\u0131 bir renk atan\u0131r. Bu, de\u011fi\u015fikliklerden \u00f6nce ve sonra de\u011fi\u015fiklikleri ve iyile\u015ftirmeleri de\u011ferlendirmeyi m\u00fcmk\u00fcn k\u0131lar. Otomatik bir i\u015faret\u00e7i, g\u00f6r\u00fcnt\u00fclenen her e\u011fri t\u00fcr\u00fc i\u00e7in nokta \u00f6l\u00e7\u00fcm\u00fcne ek olarak t\u00fcm grafik boyunca e\u011friler aras\u0131ndaki fark\u0131 \u00f6l\u00e7er.<\/li>\n<li><strong>Testler aras\u0131ndaki ortalamalar\u0131 hesaplama ve g\u00f6r\u00fcnt\u00fcleme<\/strong> veya belirli bir aral\u0131k i\u00e7inde.<\/li>\n<li><strong>kadar<\/strong> <strong>GER\u00c7EK ZAMANLI 3 ekran<\/strong> (\u00d6zel grafik kart\u0131na sahip PC gereklidir).<\/li>\n<li><strong>D\u00fczeltme fakt\u00f6rleri<\/strong>: ISO1585, SAEJ1349, DIN70020, JISD1001, EC95-1, EWG 80\/ 1269 (Ayr\u0131ca OBD aray\u00fcz\u00fc veya harici prob arac\u0131l\u0131\u011f\u0131yla hava giri\u015f s\u0131cakl\u0131\u011f\u0131na g\u00f6re e\u011frilerin d\u00fczeltilmesine izin verir).<\/li>\n<li><strong>G\u00fc\u00e7 i\u00e7in \u00f6l\u00e7\u00fcm birimleri<\/strong> (Kw,hp), tork (Kg*m, N*m) kullan\u0131c\u0131 taraf\u0131ndan se\u00e7ilebilir.<\/li>\n<li><strong>Yap\u0131land\u0131r\u0131labilir tahmini di\u015fli oranlar\u0131:<\/strong> Motor kaliperi, OBDII \/ xDS \/ ECU veya arac\u0131n devir sayac\u0131na dayal\u0131 tahmin.<\/li>\n<li><strong>Tamamen yap\u0131land\u0131r\u0131labilir analog kanallar<\/strong>, ya \u00f6l\u00e7ek\/offset ya da bir enterpolasyon tablosu kullanarak.<\/li>\n<li>Ba\u011flant\u0131 <strong>Y\u00fcksek h\u0131zl\u0131 Ethernet, CANBUS, Bluetooth (Opsiyonel), RS232<\/strong>.<\/li>\n<li><strong>Ara\u00e7 OBDII aray\u00fcz\u00fc, <\/strong>entegre veya harici meteoroloji istasyonu.<\/li>\n<li><strong>Farkl\u0131 egzoz analiz\u00f6r\u00fc modellerini destekler.<\/strong><\/li>\n<li>Sistem, a\u015fa\u011f\u0131dakileri uygular <strong>kapal\u0131 d\u00f6ng\u00fc' fren kontrol\u00fc<\/strong>. Bilgisayar olmadan da \u00e7al\u0131\u015f\u0131r (uzaktan kumanda).<\/li>\n<li><strong>Gaz akt\u00fcat\u00f6r\u00fc, debriyaj akt\u00fcat\u00f6r\u00fc, \u015fanz\u0131man, fanlar\u0131n uzaktan kumandas\u0131<\/strong> PC yaz\u0131l\u0131m\u0131ndan vb.<\/li>\n<li><strong>Hesaplama s\u00fcrecini yap\u0131land\u0131rmak i\u00e7in \u00e7e\u015fitli se\u00e7enekler<\/strong> gibi ara\u00e7 \u00f6zelliklerine g\u00fc\u00e7 aktar\u0131m\u0131:\n<ul>\n<li>Yava\u015flama s\u0131ras\u0131nda y\u00fck h\u00fccresinin devre d\u0131\u015f\u0131 b\u0131rak\u0131lmas\u0131<\/li>\n<li>Maksimum debriyaj filtresi: baz\u0131 ara\u00e7lar i\u00e7in debriyaj\u0131n serbest b\u0131rak\u0131lmas\u0131n\u0131 sa\u011flayarak y\u00f6netimini optimize eder<\/li>\n<\/ul>\n<\/li>\n<li><strong>Alarm fonksiyonu<\/strong> (kanal denetimi).<\/li>\n<li><strong>Aray\u00fcz 10 dilde mevcuttur<\/strong>\u0130talyanca da dahil.<\/li>\n<\/ul>\n<h6><strong>VERI\u0307 TOPLAMA<\/strong><\/h6>\n<ul>\n<li>Sport Devices kontrol ve toplama sistemi birka\u00e7 \u00f6zellik sunar <strong>Ayr\u0131ca lambda, bas\u0131n\u00e7, termokupl problar\u0131ndan veri toplamaya adanm\u0131\u015f r\u00f6le alt\u0131ndaki kanallar; ister analog ister dijital olsun, <\/strong>sistem teklifleri <strong>24 kanala kadar, harici kay\u0131t cihazlar\u0131yla 112 kanala kadar geni\u015fletilebilir.<\/strong><\/li>\n<li><strong>\u0130\u015fleyebilir<\/strong> ba\u011f\u0131ms\u0131z olarak <strong>Kontroll\u00fc, yap\u0131land\u0131r\u0131labilir ve ba\u011f\u0131ms\u0131z 4 \u00e7\u0131k\u0131\u015f sayesinde test odas\u0131ndaki havaland\u0131rma sistemleri.<\/strong><\/li>\n<li><strong>Kullan\u0131c\u0131 taraf\u0131ndan hesaplanan 16 kanala kadar.<\/strong> Tekerlek kaymas\u0131 i\u015flevi (motor devri kanal\u0131na ba\u011fl\u0131 olarak).<\/li>\n<li><strong>Hedef lambda d\u00fczeltmesi<\/strong> , <strong>enerji verimlili\u011fi (elektrik motorlar\u0131nda)<\/strong> otomatikle\u015ftirilebilir.<\/li>\n<\/ul>\n<h6><strong>Y\u00dcR\u00dcT\u00dcLEBILIR TESTLER<\/strong><\/h6>\n<ul>\n<li><strong>G\u00fc\u00e7 \u00d6l\u00e7\u00fcmleri<\/strong> (Tekerlekte, tahrik milinde, da\u011f\u0131l\u0131r).<\/li>\n<li><strong>H\u0131zlanma ve Yava\u015flama Testi<\/strong> (Ara\u00e7 harici y\u00fcklere maruz kald\u0131\u011f\u0131nda performans\u0131 de\u011ferlendirmek i\u00e7in).<\/li>\n<li><strong>Yol sim\u00fclasyonu<\/strong> (Diyagnoz aletleri de dahil olmak \u00fczere ara\u00e7 performans\u0131n\u0131 kontrol etmek i\u00e7in).<\/li>\n<li><strong>Atalet testleri<\/strong> h\u0131zlanma ve yava\u015flama.<\/li>\n<li><strong>Ad\u0131m testleri, sabit devirler, programlanabilir testler<\/strong> tur\/devre sim\u00fclasyonu olarak (CSV dosyas\u0131).<\/li>\n<\/ul>\n<p><strong><a href=\"https:\/\/motycs.it\/tr\/product\/guc-testi-4wd\/\">Ba\u011fl\u0131 akslara sahip 4\u00d74 g\u00fc\u00e7 test tezgahlar\u0131n\u0131 ke\u015ffedin<\/a><\/strong><\/p>\n<h6>\u0130\u00c7G\u00d6R\u00dcLER<\/h6>\n<ul>\n<li style=\"list-style-type: none;\">\n<ul>\n<li><strong><a href=\"https:\/\/motycs.it\/tr\/temel-kavramlar-sasi-dyno-test-tezgahlari\/\">Motor ve silindir test tezgahlar\u0131n\u0131n temel kavramlar\u0131<\/a><\/strong><\/li>\n<li><strong><a href=\"https:\/\/motycs.it\/tr\/test-tezgahlari-4wd\/\">4WD ba\u011fl\u0131 aks g\u00fc\u00e7 test tezgahlar\u0131n\u0131n avantajlar\u0131<\/a><\/strong><\/li>\n<li><a href=\"https:\/\/motycs.it\/tr\/benchi-prova-potenza-monorullo-birullo\/\"><strong>Silindir \u00e7ap\u0131, ne kadar \u00f6nemli?<\/strong><\/a><\/li>\n<li><strong><a href=\"https:\/\/motycs.it\/tr\/benchi-prova-potenza-monorullo-birullo\/\">MONO-roller ve BI-roller test tezgahlar\u0131<\/a><\/strong><\/li>\n<li><a href=\"https:\/\/motycs.it\/tr\/guc-dagitimli-bankalar-geci\u0307rmez\/\"><strong>G\u00fc\u00e7 da\u011f\u0131l\u0131m\u0131<\/strong><\/a><\/li>\n<li><strong><a href=\"https:\/\/www.sportdevices.com\/sportdyno.php\">SPORTDYNO kontrol yaz\u0131l\u0131m\u0131 hakk\u0131nda daha fazla ayr\u0131nt\u0131<\/a> (Sport Devices web sitesinin \u0130NG\u0130L\u0130ZCE linki)<\/strong><\/li>\n<li><strong><a href=\"https:\/\/www.sportdevices.com\/download.php\" target=\"_blank\" rel=\"noopener\">SPORTDYNO SW'nin mevcut en son s\u00fcr\u00fcm\u00fcn\u00fc indirin ve y\u00fckleyin<\/a>,<\/strong> <strong>i\u015flevselli\u011fini g\u00f6rmek i\u00e7in<\/strong><\/li>\n<\/ul>\n<\/li>\n<\/ul>","protected":false},"excerpt":{"rendered":"<p><strong>2WD g\u00fc\u00e7 test tezgahlar\u0131, tek silindirli<\/strong>, y\u00fczeyde t\u0131rt\u0131kl\u0131 silindirlerle tamamlanm\u0131\u015ft\u0131r, <strong>versiyonlar\u0131 mevcuttur:<\/strong><\/p>\n<ul>\n<li><strong>500 mm silindirler - maksimum h\u0131z 330 km\/sa<\/strong><\/li>\n<li><strong>635 mm silindirler - maksimum h\u0131z 420 km\/sa<\/strong><\/li>\n<\/ul>\n<h5>ANA \u00d6ZELL\u0130KLER<\/h5>\n<ul>\n<li><strong>Haz\u0131rlanm\u0131\u015f <\/strong>at <strong><a href=\"https:\/\/motycs.it\/tr\/test-tezgahlari-4wd\/\" target=\"_blank\" rel=\"noopener\">eksenlerin mekanik ba\u011flant\u0131s\u0131<\/a> <\/strong>\u00f6n ve arka<\/li>\n<li><strong>G\u00fc\u00e7l\u00fc girdap ak\u0131m\u0131 freni, 2.600 N<\/strong>, uzun test seanslar\u0131na olanak tan\u0131r.<\/li>\n<li><a href=\"https:\/\/motycs.it\/tr\/product\/guc-testleri\/\"><strong>SP5 kontrol ve toplama sistemi<\/strong><\/a>, <strong>\u00fccretsiz SW g\u00fcncellemeleri<\/strong>.<\/li>\n<li>Hareketli pencereler, kollar ile modern kontrol SW <strong>ger\u00e7ek zamanl\u0131 olarak 3 ekrana kadar.<\/strong><\/li>\n<li><strong>Ara\u00e7 destek ve konumland\u0131rma makaralar\u0131<\/strong> (\u00e7ap 200 mm)<\/li>\n<li>Yapabilirsin <strong>her iki y\u00f6nde de kullan\u0131n<\/strong> (silindir d\u00f6n\u00fc\u015f y\u00f6n\u00fc)<\/li>\n<\/ul>\n<p><a href=\"https:\/\/motycs.it\/tr\/benchi-prova-potenza-monorullo-birullo\/\"><strong>Bir otomotiv test tezgah\u0131nda silindir \u00e7ap\u0131n\u0131n \u00f6nemini ke\u015ffedin<\/strong><\/a><\/p>","protected":false},"featured_media":1154,"template":"","meta":[],"product_cat":[93],"product_tag":[98,97,92],"class_list":["post-963","product","type-product","status-publish","has-post-thumbnail","hentry","product_cat-banchi-prova-potenza","product_tag-banco-a-rulli-2wd","product_tag-banco-prova-2wd","product_tag-prova-potenza-banco-2wd"],"yoast_head":"<!-- This site is optimized with the Yoast SEO plugin v26.5 - https:\/\/yoast.com\/wordpress\/plugins\/seo\/ -->\n<title>banchi prova 2wd<\/title>\n<meta name=\"description\" content=\"Banchi prova potenza a rulli per autoveicoli di produzione Sport Devices. Banchi di ultima generazione, predisposti al collegamento meccanico degli assi.\" \/>\n<meta name=\"robots\" content=\"index, follow, max-snippet:-1, max-image-preview:large, max-video-preview:-1\" \/>\n<link rel=\"canonical\" href=\"https:\/\/motycs.it\/tr\/product\/guc-testi-2wd\/\" \/>\n<meta property=\"og:locale\" content=\"tr_TR\" \/>\n<meta property=\"og:type\" content=\"article\" \/>\n<meta property=\"og:title\" content=\"banchi prova 2wd\" \/>\n<meta property=\"og:description\" content=\"Banchi prova potenza a rulli per autoveicoli di produzione Sport Devices. Banchi di ultima generazione, predisposti al collegamento meccanico degli assi.\" \/>\n<meta property=\"og:url\" content=\"https:\/\/motycs.it\/tr\/product\/guc-testi-2wd\/\" \/>\n<meta property=\"og:site_name\" content=\"MOTYCS\" \/>\n<meta property=\"article:publisher\" content=\"https:\/\/www.facebook.com\/motycs\/\" \/>\n<meta property=\"article:modified_time\" content=\"2023-06-02T18:43:54+00:00\" \/>\n<meta property=\"og:image\" content=\"https:\/\/motycs.it\/wp-content\/uploads\/2022\/03\/admtech-motycs-2wd-dynamometer.jpg\" \/>\n\t<meta property=\"og:image:width\" content=\"1920\" \/>\n\t<meta property=\"og:image:height\" content=\"1440\" \/>\n\t<meta property=\"og:image:type\" content=\"image\/jpeg\" \/>\n<meta name=\"twitter:card\" content=\"summary_large_image\" \/>\n<meta name=\"twitter:label1\" content=\"Tahmini okuma s\u00fcresi\" \/>\n\t<meta name=\"twitter:data1\" content=\"3 dakika\" \/>\n<script type=\"application\/ld+json\" class=\"yoast-schema-graph\">{\"@context\":\"https:\/\/schema.org\",\"@graph\":[{\"@type\":\"WebPage\",\"@id\":\"https:\/\/motycs.it\/product\/prova-potenza-2wd\/\",\"url\":\"https:\/\/motycs.it\/product\/prova-potenza-2wd\/\",\"name\":\"banchi prova 2wd\",\"isPartOf\":{\"@id\":\"https:\/\/motycs.it\/#website\"},\"primaryImageOfPage\":{\"@id\":\"https:\/\/motycs.it\/product\/prova-potenza-2wd\/#primaryimage\"},\"image\":{\"@id\":\"https:\/\/motycs.it\/product\/prova-potenza-2wd\/#primaryimage\"},\"thumbnailUrl\":\"https:\/\/motycs.it\/wp-content\/uploads\/2022\/03\/admtech-motycs-2wd-dynamometer.jpg\",\"datePublished\":\"2022-03-15T18:27:48+00:00\",\"dateModified\":\"2023-06-02T18:43:54+00:00\",\"description\":\"Banchi prova potenza a rulli per autoveicoli di produzione Sport Devices. Banchi di ultima generazione, predisposti al collegamento meccanico degli assi.\",\"breadcrumb\":{\"@id\":\"https:\/\/motycs.it\/product\/prova-potenza-2wd\/#breadcrumb\"},\"inLanguage\":\"tr\",\"potentialAction\":[{\"@type\":\"ReadAction\",\"target\":[\"https:\/\/motycs.it\/product\/prova-potenza-2wd\/\"]}]},{\"@type\":\"ImageObject\",\"inLanguage\":\"tr\",\"@id\":\"https:\/\/motycs.it\/product\/prova-potenza-2wd\/#primaryimage\",\"url\":\"https:\/\/motycs.it\/wp-content\/uploads\/2022\/03\/admtech-motycs-2wd-dynamometer.jpg\",\"contentUrl\":\"https:\/\/motycs.it\/wp-content\/uploads\/2022\/03\/admtech-motycs-2wd-dynamometer.jpg\",\"width\":1920,\"height\":1440,\"caption\":\"2wd dyno motycs sport devices\"},{\"@type\":\"BreadcrumbList\",\"@id\":\"https:\/\/motycs.it\/product\/prova-potenza-2wd\/#breadcrumb\",\"itemListElement\":[{\"@type\":\"ListItem\",\"position\":1,\"name\":\"Home\",\"item\":\"https:\/\/motycs.it\/\"},{\"@type\":\"ListItem\",\"position\":2,\"name\":\"Shop\",\"item\":\"https:\/\/motycs.it\/shop\/\"},{\"@type\":\"ListItem\",\"position\":3,\"name\":\"Banchi prova 2WD\"}]},{\"@type\":\"WebSite\",\"@id\":\"https:\/\/motycs.it\/#website\",\"url\":\"https:\/\/motycs.it\/\",\"name\":\"MOTYCS\",\"description\":\"\",\"publisher\":{\"@id\":\"https:\/\/motycs.it\/#organization\"},\"potentialAction\":[{\"@type\":\"SearchAction\",\"target\":{\"@type\":\"EntryPoint\",\"urlTemplate\":\"https:\/\/motycs.it\/?s={search_term_string}\"},\"query-input\":{\"@type\":\"PropertyValueSpecification\",\"valueRequired\":true,\"valueName\":\"search_term_string\"}}],\"inLanguage\":\"tr\"},{\"@type\":\"Organization\",\"@id\":\"https:\/\/motycs.it\/#organization\",\"name\":\"MOTYCS\",\"url\":\"https:\/\/motycs.it\/\",\"logo\":{\"@type\":\"ImageObject\",\"inLanguage\":\"tr\",\"@id\":\"https:\/\/motycs.it\/#\/schema\/logo\/image\/\",\"url\":\"https:\/\/motycs.it\/wp-content\/uploads\/2022\/03\/orizz_bianc.jpg\",\"contentUrl\":\"https:\/\/motycs.it\/wp-content\/uploads\/2022\/03\/orizz_bianc.jpg\",\"width\":600,\"height\":159,\"caption\":\"MOTYCS\"},\"image\":{\"@id\":\"https:\/\/motycs.it\/#\/schema\/logo\/image\/\"},\"sameAs\":[\"https:\/\/www.facebook.com\/motycs\/\",\"https:\/\/www.instagram.com\/motycs.teq\/\",\"https:\/\/www.linkedin.com\/company\/motycs\/\",\"https:\/\/www.pinterest.it\/Motycsdynamometer\/\",\"https:\/\/www.youtube.com\/channel\/UCl_9nwLJn-fMI6UMZVc0tZw\"]}]}<\/script>\n<!-- \/ Yoast SEO plugin. -->","yoast_head_json":{"title":"2wd test tezgahlar\u0131","description":"Spor Cihazlar\u0131 \u00fcretim ara\u00e7lar\u0131 i\u00e7in makaral\u0131 g\u00fc\u00e7 test tezgahlar\u0131. Akslar\u0131n mekanik ba\u011flant\u0131s\u0131 i\u00e7in haz\u0131rlanm\u0131\u015f son nesil tezgahlar.","robots":{"index":"index","follow":"follow","max-snippet":"max-snippet:-1","max-image-preview":"max-image-preview:large","max-video-preview":"max-video-preview:-1"},"canonical":"https:\/\/motycs.it\/tr\/product\/guc-testi-2wd\/","og_locale":"tr_TR","og_type":"article","og_title":"banchi prova 2wd","og_description":"Banchi prova potenza a rulli per autoveicoli di produzione Sport Devices. Banchi di ultima generazione, predisposti al collegamento meccanico degli assi.","og_url":"https:\/\/motycs.it\/tr\/product\/guc-testi-2wd\/","og_site_name":"MOTYCS","article_publisher":"https:\/\/www.facebook.com\/motycs\/","article_modified_time":"2023-06-02T18:43:54+00:00","og_image":[{"width":1920,"height":1440,"url":"https:\/\/motycs.it\/wp-content\/uploads\/2022\/03\/admtech-motycs-2wd-dynamometer.jpg","type":"image\/jpeg"}],"twitter_card":"summary_large_image","twitter_misc":{"Tahmini okuma s\u00fcresi":"3 dakika"},"schema":{"@context":"https:\/\/schema.org","@graph":[{"@type":"WebPage","@id":"https:\/\/motycs.it\/product\/prova-potenza-2wd\/","url":"https:\/\/motycs.it\/product\/prova-potenza-2wd\/","name":"2wd test tezgahlar\u0131","isPartOf":{"@id":"https:\/\/motycs.it\/#website"},"primaryImageOfPage":{"@id":"https:\/\/motycs.it\/product\/prova-potenza-2wd\/#primaryimage"},"image":{"@id":"https:\/\/motycs.it\/product\/prova-potenza-2wd\/#primaryimage"},"thumbnailUrl":"https:\/\/motycs.it\/wp-content\/uploads\/2022\/03\/admtech-motycs-2wd-dynamometer.jpg","datePublished":"2022-03-15T18:27:48+00:00","dateModified":"2023-06-02T18:43:54+00:00","description":"Spor Cihazlar\u0131 \u00fcretim ara\u00e7lar\u0131 i\u00e7in makaral\u0131 g\u00fc\u00e7 test tezgahlar\u0131. Akslar\u0131n mekanik ba\u011flant\u0131s\u0131 i\u00e7in haz\u0131rlanm\u0131\u015f son nesil tezgahlar.","breadcrumb":{"@id":"https:\/\/motycs.it\/product\/prova-potenza-2wd\/#breadcrumb"},"inLanguage":"tr","potentialAction":[{"@type":"ReadAction","target":["https:\/\/motycs.it\/product\/prova-potenza-2wd\/"]}]},{"@type":"ImageObject","inLanguage":"tr","@id":"https:\/\/motycs.it\/product\/prova-potenza-2wd\/#primaryimage","url":"https:\/\/motycs.it\/wp-content\/uploads\/2022\/03\/admtech-motycs-2wd-dynamometer.jpg","contentUrl":"https:\/\/motycs.it\/wp-content\/uploads\/2022\/03\/admtech-motycs-2wd-dynamometer.jpg","width":1920,"height":1440,"caption":"2wd dyno motycs sport devices"},{"@type":"BreadcrumbList","@id":"https:\/\/motycs.it\/product\/prova-potenza-2wd\/#breadcrumb","itemListElement":[{"@type":"ListItem","position":1,"name":"Home","item":"https:\/\/motycs.it\/"},{"@type":"ListItem","position":2,"name":"Shop","item":"https:\/\/motycs.it\/shop\/"},{"@type":"ListItem","position":3,"name":"Banchi prova 2WD"}]},{"@type":"WebSite","@id":"https:\/\/motycs.it\/#website","url":"https:\/\/motycs.it\/","name":"MOTYCS","description":"","publisher":{"@id":"https:\/\/motycs.it\/#organization"},"potentialAction":[{"@type":"SearchAction","target":{"@type":"EntryPoint","urlTemplate":"https:\/\/motycs.it\/?s={search_term_string}"},"query-input":{"@type":"PropertyValueSpecification","valueRequired":true,"valueName":"search_term_string"}}],"inLanguage":"tr"},{"@type":"Organization","@id":"https:\/\/motycs.it\/#organization","name":"MOTYCS","url":"https:\/\/motycs.it\/","logo":{"@type":"ImageObject","inLanguage":"tr","@id":"https:\/\/motycs.it\/#\/schema\/logo\/image\/","url":"https:\/\/motycs.it\/wp-content\/uploads\/2022\/03\/orizz_bianc.jpg","contentUrl":"https:\/\/motycs.it\/wp-content\/uploads\/2022\/03\/orizz_bianc.jpg","width":600,"height":159,"caption":"MOTYCS"},"image":{"@id":"https:\/\/motycs.it\/#\/schema\/logo\/image\/"},"sameAs":["https:\/\/www.facebook.com\/motycs\/","https:\/\/www.instagram.com\/motycs.teq\/","https:\/\/www.linkedin.com\/company\/motycs\/","https:\/\/www.pinterest.it\/Motycsdynamometer\/","https:\/\/www.youtube.com\/channel\/UCl_9nwLJn-fMI6UMZVc0tZw"]}]}},"_links":{"self":[{"href":"https:\/\/motycs.it\/tr\/wp-json\/wp\/v2\/product\/963","targetHints":{"allow":["GET"]}}],"collection":[{"href":"https:\/\/motycs.it\/tr\/wp-json\/wp\/v2\/product"}],"about":[{"href":"https:\/\/motycs.it\/tr\/wp-json\/wp\/v2\/types\/product"}],"wp:featuredmedia":[{"embeddable":true,"href":"https:\/\/motycs.it\/tr\/wp-json\/wp\/v2\/media\/1154"}],"wp:attachment":[{"href":"https:\/\/motycs.it\/tr\/wp-json\/wp\/v2\/media?parent=963"}],"wp:term":[{"taxonomy":"product_cat","embeddable":true,"href":"https:\/\/motycs.it\/tr\/wp-json\/wp\/v2\/product_cat?post=963"},{"taxonomy":"product_tag","embeddable":true,"href":"https:\/\/motycs.it\/tr\/wp-json\/wp\/v2\/product_tag?post=963"}],"curies":[{"name":"wp","href":"https:\/\/api.w.org\/{rel}","templated":true}]}}