{"id":1629,"date":"2023-05-06T12:36:49","date_gmt":"2023-05-06T10:36:49","guid":{"rendered":"https:\/\/motycs.it\/?post_type=product&#038;p=1629"},"modified":"2023-05-06T13:45:38","modified_gmt":"2023-05-06T11:45:38","slug":"sistemi-noise-and-vibration","status":"publish","type":"product","link":"https:\/\/motycs.it\/tr\/product\/sistemler-gurultu-ve-titresim\/","title":{"rendered":"G\u00fcr\u00fclt\u00fc ve Titre\u015fim Sistemleri"},"content":{"rendered":"<div class=\"page\" title=\"Sayfa 7\">\n<div class=\"section\">\n<div class=\"layoutArea\">\n<div class=\"column\">\n<p>Sistem a\u015fa\u011f\u0131dakilerden olu\u015fur <strong>d\u00f6n\u00fc\u015ft\u00fcr\u00fcc\u00fc sinyal toplama ve ko\u015fulland\u0131rma sistemi ve bir Ki\u015fisel Bilgisayar - Notebook veya end\u00fcstriyel PXI sistemi<\/strong>. Tipik konfig\u00fcrasyon:<\/p>\n<ul>\n<li>Analog Giri\u015fler<\/li>\n<li>Giri\u015f Kanal\u0131 Say\u0131s\u0131: 1 ila 64;<\/li>\n<li>AD d\u00f6n\u00fc\u015ft\u00fcr\u00fcc\u00fcler: mpx veya delta-sigma teknolojisi ve kenar yumu\u015fatma filtreleri ile 12, 16, 18 veya 24 bit \u00e7\u00f6z\u00fcn\u00fcrl\u00fck;<\/li>\n<li>Bant geni\u015fli\u011fi: kanal ba\u015f\u0131na 500 Hz ila 100 kHz aras\u0131nda se\u00e7ilebilir;<\/li>\n<li>Giri\u015f empedans\u0131: &gt; 1 MOhm;<\/li>\n<li>Sinyal amplifikat\u00f6rleri: her kanal i\u00e7in +\/- 10 mV ila +\/-10V aras\u0131nda ba\u011f\u0131ms\u0131z olarak programlanabilir kazan\u00e7;<\/li>\n<li>Dinamik aral\u0131k: 70 dB ila 120 dB.<\/li>\n<li>Sinyal Ko\u015fulland\u0131rma<\/li>\n<li>Gerilim Giri\u015fleri, Ak\u0131m Giri\u015fleri, Mikrofonlar ve\/veya ivme\u00f6l\u00e7erler i\u00e7in ICP Tipi Giri\u015fler, Strain Gauge K\u00f6pr\u00fcleri i\u00e7in Giri\u015fler<\/li>\n<li>Elektret Tipi \u00d6n Polarize Mikrofonlar i\u00e7in \u00d6n Y\u00fckseltilmi\u015f Giri\u015fler;<\/li>\n<li>PLC ile senkronizasyon i\u00e7in opto-izole dijital I\/O.<\/li>\n<\/ul>\n<h5>NVH uygulamalar\u0131nda hangi \u00fcr\u00fcnleri ele al\u0131yoruz<\/h5>\n<ul>\n<li>Mikrofonlar<\/li>\n<li>\u0130vme\u00f6l\u00e7erler<\/li>\n<li>Akustik Kaynaklar<\/li>\n<li>Vibrat\u00f6rler ve \u00c7alkalay\u0131c\u0131lar<\/li>\n<li>Kundt t\u00fcp\u00fc<\/li>\n<li>Sinyal \u015eartland\u0131r\u0131c\u0131lar<\/li>\n<li>Entegre CMS \/ HMS Sistemleri<\/li>\n<\/ul>\n<h5>Y\u00fcr\u00fctt\u00fc\u011f\u00fcm\u00fcz faaliyetler<\/h5>\n<ul>\n<li>\u00d6l\u00e7\u00fcm Metodolojilerinin Tasarlanmas\u0131<\/li>\n<li>Donan\u0131m ve Yaz\u0131l\u0131m Entegrasyonu ve Geli\u015ftirme<\/li>\n<li>OEM' \u00d6l\u00e7\u00fcm Sistemleri<\/li>\n<li>OEM\" \u00f6l\u00e7\u00fcm transd\u00fcserleri<\/li>\n<li>Dan\u0131\u015fmanl\u0131k ve E\u011fitim<\/li>\n<\/ul>\n<h5>Ger\u00e7ekle\u015ftirilen uygulamalardan baz\u0131 \u00f6rnekler<\/h5>\n<ul>\n<li>Titre\u015fim Stres Test Sistemleri<\/li>\n<li>Uluslararas\u0131 standartlar (MIL-STD-810 ve di\u011ferleri) taraf\u0131ndan \u00f6ng\u00f6r\u00fclen otomatik titre\u015fim stres testi i\u00e7in \u00e7alkalay\u0131c\u0131 titre\u015fim testi<\/li>\n<li>Yap\u0131lar\u0131n \u00e7eki\u00e7 veya sars\u0131c\u0131 darbelerle uyar\u0131lmas\u0131 ile transfer fonksiyonlar\u0131n\u0131n \u00f6l\u00e7\u00fclmesi ve analizi.<\/li>\n<li>Yar\u0131 yank\u0131s\u0131z ve yank\u0131lanma odas\u0131nda yay\u0131lan akustik g\u00fcc\u00fcn \u00f6l\u00e7\u00fcm\u00fc, T60 ve malzemelerin akustik \u00f6zelliklerinin \u00f6l\u00e7\u00fcm\u00fc (Kundt t\u00fcp\u00fc).<\/li>\n<li>\u00c7a\u011fr\u0131 Merkezi \u00c7al\u0131\u015fanlar\u0131n\u0131n G\u00fcr\u00fclt\u00fc Maruziyetinin \u00d6l\u00e7\u00fclmesi. Alg\u0131lanan akustik kalitenin \u00f6l\u00e7\u00fcm\u00fc.<\/li>\n<li>Telefon \u015eebekesine Ba\u011fl\u0131 Cihazlar\u0131n \u00d6l\u00e7\u00fcm\u00fc ve Onay\u0131<\/li>\n<li>Elektrik ve Elektroakustik Do\u011frulama i\u00e7in uluslararas\u0131 standartlara (CTR21 - TBR38 - FCC68) g\u00f6re anahtarlamal\u0131 PSTN<\/li>\n<li>Elektronik cihazlar\u0131n kalite kontrol\u00fc i\u00e7in Entegre Fonksiyonel Test Sistemi ve 'Ev Otomasyonu' ekipmanlar\u0131 i\u00e7in entegre test ve \u00f6l\u00e7\u00fcm sistemleri.<\/li>\n<\/ul>\n<h5>\u00dcR\u00dcN VE HI\u0307ZMETLERI\u0307MI\u0307ZI\u0307 KE\u015eFEDI\u0307N<\/h5>\n<ul>\n<li><a href=\"https:\/\/motycs.it\/tr\/product-category\/banchi-prova-potenza\/\"><strong>Test tezgah\u0131 \u00e7e\u015fitlerimiz<\/strong><\/a><\/li>\n<li><a href=\"https:\/\/motycs.it\/tr\/product-category\/sistemi-di-controllo\/\"><strong>Kontrol ve edinim sistemleri<\/strong><\/a><\/li>\n<li><a href=\"https:\/\/motycs.it\/tr\/product\/tuzluklar\/\"><strong>Ses ge\u00e7irmez motor test odalar\u0131<\/strong><\/a><\/li>\n<li><strong><a href=\"https:\/\/motycs.it\/tr\/product\/havalandirma\/\">Motor so\u011futma fan\u0131 tertibatlar\u0131<\/a><\/strong><\/li>\n<li><a href=\"https:\/\/motycs.it\/tr\/product\/duman-cikarma\/\"><strong>Duman emme sistemleri<\/strong><\/a><\/li>\n<li><a href=\"https:\/\/motycs.it\/tr\/services-test-engines\/\"><strong>Motor ve ara\u00e7 test hizmetleri<\/strong><\/a><\/li>\n<\/ul>\n<p><a href=\"https:\/\/motycs.it\/tr\/kisiler\/\"><strong>Daha fazla bilgi i\u00e7in bize ula\u015f\u0131n<\/strong><\/a><\/p>\n<\/div>\n<\/div>\n<\/div>\n<\/div>","protected":false},"excerpt":{"rendered":"<p>Otomotiv sekt\u00f6r\u00fcnde de tan\u0131mlanm\u0131\u015ft\u0131r <strong>NVH (G\u00fcr\u00fclt\u00fc Titre\u015fim Sertli\u011fi) sistemleri<\/strong> say\u0131sal i\u015fleme ve dinamik sinyal analizi i\u00e7in tasarlanm\u0131\u015ft\u0131r. <strong>akustik ve titre\u015fim analizi. <\/strong>Normalde kullan\u0131lan sistemler:<\/p>\n<ul>\n<li><strong>Laboratuvar, Ara\u015ft\u0131rma ve Geli\u015ftirme<\/strong><\/li>\n<li><strong>\u00dcretim hatt\u0131 (hat sonu)<\/strong><\/li>\n<li><strong>Tesis izleme<\/strong><\/li>\n<li><strong>Kalite kontrol<\/strong><\/li>\n<\/ul>\n<h6>Uygulama Sekt\u00f6rleri<\/h6>\n<ul>\n<li>Otomotiv ve Havac\u0131l\u0131k<\/li>\n<li>\u0130n\u015faat ve Yap\u0131sal<\/li>\n<li>Elektronik, Elektrik M\u00fchendisli\u011fi ve Telekom\u00fcnikasyon<\/li>\n<li>End\u00fcstriyel tesis m\u00fchendisli\u011fi<\/li>\n<li>Mekanik<\/li>\n<li>\u00d6zel Makineler<\/li>\n<\/ul>","protected":false},"featured_media":1630,"template":"","meta":[],"product_cat":[139],"product_tag":[140,141,142],"class_list":["post-1629","product","type-product","status-publish","has-post-thumbnail","hentry","product_cat-noise-and-vibration","product_tag-noise-and-vibration","product_tag-nvh","product_tag-sistemi-nvh"],"yoast_head":"<!-- This site is optimized with the Yoast SEO plugin v26.5 - https:\/\/yoast.com\/wordpress\/plugins\/seo\/ -->\n<title>Sistemi Noise and Vibration - MOTYCS<\/title>\n<meta name=\"description\" content=\"Progettiamo e realizziamo sistemi NVH, Noise Vibration Harshness, per diversi settori applicativi ed ambiti industriali. Visita la nostra pagina web\" \/>\n<meta name=\"robots\" content=\"index, follow, max-snippet:-1, max-image-preview:large, max-video-preview:-1\" \/>\n<link rel=\"canonical\" href=\"https:\/\/motycs.it\/tr\/product\/sistemler-gurultu-ve-titresim\/\" \/>\n<meta property=\"og:locale\" content=\"tr_TR\" \/>\n<meta property=\"og:type\" content=\"article\" \/>\n<meta property=\"og:title\" content=\"Sistemi Noise and Vibration - MOTYCS\" \/>\n<meta property=\"og:description\" content=\"Progettiamo e realizziamo sistemi NVH, Noise Vibration Harshness, per diversi settori applicativi ed ambiti industriali. Visita la nostra pagina web\" \/>\n<meta property=\"og:url\" content=\"https:\/\/motycs.it\/tr\/product\/sistemler-gurultu-ve-titresim\/\" \/>\n<meta property=\"og:site_name\" content=\"MOTYCS\" \/>\n<meta property=\"article:publisher\" content=\"https:\/\/www.facebook.com\/motycs\/\" \/>\n<meta property=\"article:modified_time\" content=\"2023-05-06T11:45:38+00:00\" \/>\n<meta property=\"og:image\" content=\"https:\/\/motycs.it\/wp-content\/uploads\/2023\/05\/noise-vibration-nvh-motycs-3-analisi-vibrazioni.jpg\" \/>\n\t<meta property=\"og:image:width\" content=\"800\" \/>\n\t<meta property=\"og:image:height\" content=\"800\" \/>\n\t<meta property=\"og:image:type\" content=\"image\/jpeg\" \/>\n<meta name=\"twitter:card\" content=\"summary_large_image\" \/>\n<meta name=\"twitter:label1\" content=\"Tahmini okuma s\u00fcresi\" \/>\n\t<meta name=\"twitter:data1\" content=\"1 dakika\" \/>\n<script type=\"application\/ld+json\" class=\"yoast-schema-graph\">{\"@context\":\"https:\/\/schema.org\",\"@graph\":[{\"@type\":\"WebPage\",\"@id\":\"https:\/\/motycs.it\/product\/sistemi-noise-and-vibration\/\",\"url\":\"https:\/\/motycs.it\/product\/sistemi-noise-and-vibration\/\",\"name\":\"Sistemi Noise and Vibration - MOTYCS\",\"isPartOf\":{\"@id\":\"https:\/\/motycs.it\/#website\"},\"primaryImageOfPage\":{\"@id\":\"https:\/\/motycs.it\/product\/sistemi-noise-and-vibration\/#primaryimage\"},\"image\":{\"@id\":\"https:\/\/motycs.it\/product\/sistemi-noise-and-vibration\/#primaryimage\"},\"thumbnailUrl\":\"https:\/\/motycs.it\/wp-content\/uploads\/2023\/05\/noise-vibration-nvh-motycs-3-analisi-vibrazioni.jpg\",\"datePublished\":\"2023-05-06T10:36:49+00:00\",\"dateModified\":\"2023-05-06T11:45:38+00:00\",\"description\":\"Progettiamo e realizziamo sistemi NVH, Noise Vibration Harshness, per diversi settori applicativi ed ambiti industriali. Visita la nostra pagina web\",\"breadcrumb\":{\"@id\":\"https:\/\/motycs.it\/product\/sistemi-noise-and-vibration\/#breadcrumb\"},\"inLanguage\":\"tr\",\"potentialAction\":[{\"@type\":\"ReadAction\",\"target\":[\"https:\/\/motycs.it\/product\/sistemi-noise-and-vibration\/\"]}]},{\"@type\":\"ImageObject\",\"inLanguage\":\"tr\",\"@id\":\"https:\/\/motycs.it\/product\/sistemi-noise-and-vibration\/#primaryimage\",\"url\":\"https:\/\/motycs.it\/wp-content\/uploads\/2023\/05\/noise-vibration-nvh-motycs-3-analisi-vibrazioni.jpg\",\"contentUrl\":\"https:\/\/motycs.it\/wp-content\/uploads\/2023\/05\/noise-vibration-nvh-motycs-3-analisi-vibrazioni.jpg\",\"width\":800,\"height\":800,\"caption\":\"noise and vibration nvh sistemi\"},{\"@type\":\"BreadcrumbList\",\"@id\":\"https:\/\/motycs.it\/product\/sistemi-noise-and-vibration\/#breadcrumb\",\"itemListElement\":[{\"@type\":\"ListItem\",\"position\":1,\"name\":\"Home\",\"item\":\"https:\/\/motycs.it\/\"},{\"@type\":\"ListItem\",\"position\":2,\"name\":\"Shop\",\"item\":\"https:\/\/motycs.it\/shop\/\"},{\"@type\":\"ListItem\",\"position\":3,\"name\":\"Sistemi Noise and Vibration\"}]},{\"@type\":\"WebSite\",\"@id\":\"https:\/\/motycs.it\/#website\",\"url\":\"https:\/\/motycs.it\/\",\"name\":\"MOTYCS\",\"description\":\"\",\"publisher\":{\"@id\":\"https:\/\/motycs.it\/#organization\"},\"potentialAction\":[{\"@type\":\"SearchAction\",\"target\":{\"@type\":\"EntryPoint\",\"urlTemplate\":\"https:\/\/motycs.it\/?s={search_term_string}\"},\"query-input\":{\"@type\":\"PropertyValueSpecification\",\"valueRequired\":true,\"valueName\":\"search_term_string\"}}],\"inLanguage\":\"tr\"},{\"@type\":\"Organization\",\"@id\":\"https:\/\/motycs.it\/#organization\",\"name\":\"MOTYCS\",\"url\":\"https:\/\/motycs.it\/\",\"logo\":{\"@type\":\"ImageObject\",\"inLanguage\":\"tr\",\"@id\":\"https:\/\/motycs.it\/#\/schema\/logo\/image\/\",\"url\":\"https:\/\/motycs.it\/wp-content\/uploads\/2022\/03\/orizz_bianc.jpg\",\"contentUrl\":\"https:\/\/motycs.it\/wp-content\/uploads\/2022\/03\/orizz_bianc.jpg\",\"width\":600,\"height\":159,\"caption\":\"MOTYCS\"},\"image\":{\"@id\":\"https:\/\/motycs.it\/#\/schema\/logo\/image\/\"},\"sameAs\":[\"https:\/\/www.facebook.com\/motycs\/\",\"https:\/\/www.instagram.com\/motycs.teq\/\",\"https:\/\/www.linkedin.com\/company\/motycs\/\",\"https:\/\/www.pinterest.it\/Motycsdynamometer\/\",\"https:\/\/www.youtube.com\/channel\/UCl_9nwLJn-fMI6UMZVc0tZw\"]}]}<\/script>\n<!-- \/ Yoast SEO plugin. -->","yoast_head_json":{"title":"G\u00fcr\u00fclt\u00fc ve Titre\u015fim Sistemleri - MOTYCS","description":"\u00c7e\u015fitli uygulama sekt\u00f6rleri ve end\u00fcstriler i\u00e7in NVH, G\u00fcr\u00fclt\u00fc Titre\u015fim Sertli\u011fi, sistemleri tasarl\u0131yor ve \u00fcretiyoruz. Web sitemizi ziyaret edin","robots":{"index":"index","follow":"follow","max-snippet":"max-snippet:-1","max-image-preview":"max-image-preview:large","max-video-preview":"max-video-preview:-1"},"canonical":"https:\/\/motycs.it\/tr\/product\/sistemler-gurultu-ve-titresim\/","og_locale":"tr_TR","og_type":"article","og_title":"Sistemi Noise and Vibration - MOTYCS","og_description":"Progettiamo e realizziamo sistemi NVH, Noise Vibration Harshness, per diversi settori applicativi ed ambiti industriali. Visita la nostra pagina web","og_url":"https:\/\/motycs.it\/tr\/product\/sistemler-gurultu-ve-titresim\/","og_site_name":"MOTYCS","article_publisher":"https:\/\/www.facebook.com\/motycs\/","article_modified_time":"2023-05-06T11:45:38+00:00","og_image":[{"width":800,"height":800,"url":"https:\/\/motycs.it\/wp-content\/uploads\/2023\/05\/noise-vibration-nvh-motycs-3-analisi-vibrazioni.jpg","type":"image\/jpeg"}],"twitter_card":"summary_large_image","twitter_misc":{"Tahmini okuma s\u00fcresi":"1 dakika"},"schema":{"@context":"https:\/\/schema.org","@graph":[{"@type":"WebPage","@id":"https:\/\/motycs.it\/product\/sistemi-noise-and-vibration\/","url":"https:\/\/motycs.it\/product\/sistemi-noise-and-vibration\/","name":"G\u00fcr\u00fclt\u00fc ve Titre\u015fim Sistemleri - MOTYCS","isPartOf":{"@id":"https:\/\/motycs.it\/#website"},"primaryImageOfPage":{"@id":"https:\/\/motycs.it\/product\/sistemi-noise-and-vibration\/#primaryimage"},"image":{"@id":"https:\/\/motycs.it\/product\/sistemi-noise-and-vibration\/#primaryimage"},"thumbnailUrl":"https:\/\/motycs.it\/wp-content\/uploads\/2023\/05\/noise-vibration-nvh-motycs-3-analisi-vibrazioni.jpg","datePublished":"2023-05-06T10:36:49+00:00","dateModified":"2023-05-06T11:45:38+00:00","description":"\u00c7e\u015fitli uygulama sekt\u00f6rleri ve end\u00fcstriler i\u00e7in NVH, G\u00fcr\u00fclt\u00fc Titre\u015fim Sertli\u011fi, sistemleri tasarl\u0131yor ve \u00fcretiyoruz. Web sitemizi ziyaret edin","breadcrumb":{"@id":"https:\/\/motycs.it\/product\/sistemi-noise-and-vibration\/#breadcrumb"},"inLanguage":"tr","potentialAction":[{"@type":"ReadAction","target":["https:\/\/motycs.it\/product\/sistemi-noise-and-vibration\/"]}]},{"@type":"ImageObject","inLanguage":"tr","@id":"https:\/\/motycs.it\/product\/sistemi-noise-and-vibration\/#primaryimage","url":"https:\/\/motycs.it\/wp-content\/uploads\/2023\/05\/noise-vibration-nvh-motycs-3-analisi-vibrazioni.jpg","contentUrl":"https:\/\/motycs.it\/wp-content\/uploads\/2023\/05\/noise-vibration-nvh-motycs-3-analisi-vibrazioni.jpg","width":800,"height":800,"caption":"noise and vibration nvh sistemi"},{"@type":"BreadcrumbList","@id":"https:\/\/motycs.it\/product\/sistemi-noise-and-vibration\/#breadcrumb","itemListElement":[{"@type":"ListItem","position":1,"name":"Home","item":"https:\/\/motycs.it\/"},{"@type":"ListItem","position":2,"name":"Shop","item":"https:\/\/motycs.it\/shop\/"},{"@type":"ListItem","position":3,"name":"Sistemi Noise and Vibration"}]},{"@type":"WebSite","@id":"https:\/\/motycs.it\/#website","url":"https:\/\/motycs.it\/","name":"MOTYCS","description":"","publisher":{"@id":"https:\/\/motycs.it\/#organization"},"potentialAction":[{"@type":"SearchAction","target":{"@type":"EntryPoint","urlTemplate":"https:\/\/motycs.it\/?s={search_term_string}"},"query-input":{"@type":"PropertyValueSpecification","valueRequired":true,"valueName":"search_term_string"}}],"inLanguage":"tr"},{"@type":"Organization","@id":"https:\/\/motycs.it\/#organization","name":"MOTYCS","url":"https:\/\/motycs.it\/","logo":{"@type":"ImageObject","inLanguage":"tr","@id":"https:\/\/motycs.it\/#\/schema\/logo\/image\/","url":"https:\/\/motycs.it\/wp-content\/uploads\/2022\/03\/orizz_bianc.jpg","contentUrl":"https:\/\/motycs.it\/wp-content\/uploads\/2022\/03\/orizz_bianc.jpg","width":600,"height":159,"caption":"MOTYCS"},"image":{"@id":"https:\/\/motycs.it\/#\/schema\/logo\/image\/"},"sameAs":["https:\/\/www.facebook.com\/motycs\/","https:\/\/www.instagram.com\/motycs.teq\/","https:\/\/www.linkedin.com\/company\/motycs\/","https:\/\/www.pinterest.it\/Motycsdynamometer\/","https:\/\/www.youtube.com\/channel\/UCl_9nwLJn-fMI6UMZVc0tZw"]}]}},"_links":{"self":[{"href":"https:\/\/motycs.it\/tr\/wp-json\/wp\/v2\/product\/1629","targetHints":{"allow":["GET"]}}],"collection":[{"href":"https:\/\/motycs.it\/tr\/wp-json\/wp\/v2\/product"}],"about":[{"href":"https:\/\/motycs.it\/tr\/wp-json\/wp\/v2\/types\/product"}],"wp:featuredmedia":[{"embeddable":true,"href":"https:\/\/motycs.it\/tr\/wp-json\/wp\/v2\/media\/1630"}],"wp:attachment":[{"href":"https:\/\/motycs.it\/tr\/wp-json\/wp\/v2\/media?parent=1629"}],"wp:term":[{"taxonomy":"product_cat","embeddable":true,"href":"https:\/\/motycs.it\/tr\/wp-json\/wp\/v2\/product_cat?post=1629"},{"taxonomy":"product_tag","embeddable":true,"href":"https:\/\/motycs.it\/tr\/wp-json\/wp\/v2\/product_tag?post=1629"}],"curies":[{"name":"wp","href":"https:\/\/api.w.org\/{rel}","templated":true}]}}