{"id":1429,"date":"2023-04-11T22:17:17","date_gmt":"2023-04-11T20:17:17","guid":{"rendered":"https:\/\/motycs.it\/?post_type=product&#038;p=1429"},"modified":"2023-05-04T10:52:32","modified_gmt":"2023-05-04T08:52:32","slug":"prova-sospensioni","status":"publish","type":"product","link":"https:\/\/motycs.it\/tr\/product\/amortisor-makinesi\/","title":{"rendered":"Amortis\u00f6r testi"},"content":{"rendered":"<h5>\u00c7al\u0131\u015ft\u0131rma ve \u00f6zellikler<\/h5>\n<ul>\n<li>\n<h6><strong>Elektrik motoru<\/strong><\/h6>\n<\/li>\n<\/ul>\n<p>Amortis\u00f6r test tezgahlar\u0131 genellikle <strong>\u00fc\u00e7 fazl\u0131 AC end\u00fcksiyon motorlar\u0131 ile \u00e7al\u0131\u015f\u0131r<\/strong>. Motorlar\u0131n boyutu ve g\u00fcc\u00fc besleme voltaj\u0131 ile s\u0131n\u0131rl\u0131d\u0131r. Otomatik \u00e7oklu h\u0131z testleri ger\u00e7ekle\u015ftirmek i\u00e7in motorun bir VFD ile s\u00fcr\u00fclmesi \u015fiddetle tavsiye edilir. VFD, 4 HP'nin alt\u0131ndaki g\u00fc\u00e7 de\u011ferleri i\u00e7in tek fazl\u0131 bir sistemle \u00e7al\u0131\u015ft\u0131r\u0131labilir. Ancak daha y\u00fcksek g\u00fc\u00e7 de\u011ferleri i\u00e7in \u00fc\u00e7 fazl\u0131 bir sistem gereklidir.<\/p>\n<ul>\n<li>\n<h6><strong>\u015eanz\u0131man<\/strong><\/h6>\n<\/li>\n<\/ul>\n<p><strong>Motor \u00e7\u0131k\u0131\u015f\u0131 bir di\u015fli kutusu ile donat\u0131lm\u0131\u015ft\u0131r<\/strong>. \u00c7\u0131k\u0131\u015f milinin maksimum h\u0131z\u0131 300-500 RPM aral\u0131\u011f\u0131nda olmal\u0131d\u0131r.<br \/>\n\u00c7o\u011fu end\u00fcksiyon motoru 50 Hz'de 1450 RPM'de \u00e7al\u0131\u015fmas\u0131na ra\u011fmen, VFD bu h\u0131z\u0131 kolayca neredeyse iki kat\u0131na \u00e7\u0131karabilir (100 Hz), bu da d\u00fc\u015f\u00fck h\u0131zda y\u00fcksek tork (300 RPM di\u015fli kutusu) ve damperin daha y\u00fcksek h\u0131zlarda test edilmesini sa\u011flamak i\u00e7in artan bir frekans sa\u011flar (toplam g\u00fc\u00e7te hafif bir azalma ile)<\/p>\n<ul>\n<li>\n<h6><strong>Y\u00fck h\u00fccresi<\/strong><\/h6>\n<\/li>\n<\/ul>\n<p>Y\u00fck h\u00fccresi, kuvveti analog elektrik sinyallerine d\u00f6n\u00fc\u015ft\u00fcren bir transd\u00fcserdir. Sisteme dahil edilen y\u00fck h\u00fccresi, amortis\u00f6r \u00fczerine uygulanan kuvveti \u00f6l\u00e7erek, bir <strong>\u00e7e\u015fitli \u00e7al\u0131\u015fma aral\u0131klar\u0131nda derinlemesine analiz<\/strong><\/p>\n<ul>\n<li>\n<h6><strong>S\u0131cakl\u0131k sens\u00f6r\u00fc<\/strong><\/h6>\n<\/li>\n<\/ul>\n<p><strong>S\u0131cakl\u0131k bir termokupl kullan\u0131larak \u00f6l\u00e7\u00fcl\u00fcr<\/strong>Velcro bant ile sabitlenmi\u015ftir. Amortis\u00f6r\u00fcn performans\u0131 farkl\u0131 s\u0131cakl\u0131klarda b\u00fcy\u00fck \u00f6l\u00e7\u00fcde de\u011fi\u015febilir. S\u0131cakl\u0131k izleme sistemi ile amortis\u00f6r\u00fcn farkl\u0131 ko\u015fullar alt\u0131nda nas\u0131l performans g\u00f6sterece\u011fini belirlemek m\u00fcmk\u00fcnd\u00fcr. Amortis\u00f6r do\u011frudan dinamometre \u00fczerinde \u0131s\u0131t\u0131labilir (termokupl dahil de\u011fildir).<\/p>\n<ul>\n<li>\n<h6><strong>Potansiyometre<\/strong><\/h6>\n<\/li>\n<\/ul>\n<p>Shockanalyzer DAQ bir <strong>100 mm potansiyometre<\/strong> Kit ile birlikte verilen h\u0131z ve konum \u00f6l\u00e7\u00fcm\u00fc i\u00e7in. A <strong>opsiyonel potansiyometre, 150 mm<\/strong>.<\/p>\n<ul>\n<li>\n<h6><strong>Strok uzunlu\u011fu se\u00e7ici<\/strong><\/h6>\n<\/li>\n<\/ul>\n<p>Spiral \u015feklindeki on di\u015fli delik, sistemin volan\u0131n\u0131 karakterize eder. <strong>Biyel kolu herhangi bir deli\u011fe sabitlenebilir, b\u00f6ylece istenen strok uzunlu\u011fu se\u00e7ilebilir<\/strong>. Strok ne kadar uzun olursa, amortis\u00f6r\u00fc hareket ettirmek i\u00e7in motorda o kadar fazla g\u00fc\u00e7 gerekir.<\/p>\n<p><strong>T\u00fcm test tezgahlar\u0131 istek \u00fczerine \u00f6zelle\u015ftirilebilir<\/strong>her ayr\u0131nt\u0131da.<\/p>\n<p><strong>Daha fazla bilgi i\u00e7in bize bir mesaj g\u00f6nderin<\/strong>formu doldurun <strong><a href=\"https:\/\/motycs.it\/tr\/kisiler\/\">ileti\u015fim talebi<\/a><\/strong><\/p>\n<p>\u00dcr\u00fcn yelpazesini ke\u015ffedin <a href=\"https:\/\/motycs.it\/tr\/product-category\/banchi-prova-potenza\/\"><strong>makaral\u0131 test tezgahlar\u0131<\/strong><\/a><\/p>\n<h6>\u0130\u00c7G\u00d6R\u00dcLER<\/h6>\n<ul>\n<li><strong><a href=\"https:\/\/motycs.it\/tr\/temel-kavramlar-sasi-dyno-test-tezgahlari\/\">Motor ve silindir test tezgahlar\u0131n\u0131n temel kavramlar\u0131n\u0131 ke\u015ffedin<\/a><\/strong><\/li>\n<li><strong><a href=\"https:\/\/motycs.it\/tr\/test-tezgahlari-4wd\/\">4WD ba\u011fl\u0131 aks g\u00fc\u00e7 test tezgahlar\u0131n\u0131n avantajlar\u0131<\/a><\/strong><\/li>\n<li><strong><a href=\"https:\/\/motycs.it\/tr\/benchi-prova-potenza-monorullo-birullo\/\">MONO-roller ve BI-roller test tezgahlar\u0131<\/a><\/strong><\/li>\n<li><a href=\"https:\/\/motycs.it\/tr\/guc-dagitimli-bankalar-geci\u0307rmez\/\"><strong>G\u00fc\u00e7 da\u011f\u0131l\u0131m\u0131<\/strong><\/a><\/li>\n<\/ul>\n<p>&nbsp;<\/p>","protected":false},"excerpt":{"rendered":"<ul>\n<li><strong>Sa\u011flam \u00e7er\u00e7eve<\/strong> boyal\u0131 \u00e7elikten.<\/li>\n<li><strong>Dikey \u00e7ubuklar:<\/strong> Toplam 1,5 metre, 1,2 m kullan\u0131labilir<\/li>\n<li><strong>4KW motor<\/strong> (5,5 HP)<\/li>\n<li><strong>H\u0131z d\u00fc\u015f\u00fcr\u00fcc\u00fc.<\/strong> 250 RPM nominal, maksimum 460 RPM<\/li>\n<li><strong>\u0130nvert\u00f6r<\/strong>380V 4KW (opsiyonel 230V)<\/li>\n<li><strong>Y\u00fck h\u00fccresi<\/strong> 1000 kg'dan itibaren<\/li>\n<li><strong>Potansiyometre<\/strong> 100 mm do\u011frusal (150 mm iste\u011fe ba\u011fl\u0131)<\/li>\n<li><strong>DAQ \u015eok Analiz\u00f6r\u00fc<\/strong> (kontrol ve edinim sistemi)<\/li>\n<li><strong>FTDI USB adapt\u00f6r\u00fc<\/strong> bir RS232<\/li>\n<li><strong>Standart montaj sistemi<\/strong> amortis\u00f6rlerin (arka amortis\u00f6r tipi)<\/li>\n<\/ul>","protected":false},"featured_media":1424,"template":"","meta":[],"product_cat":[135],"product_tag":[136,137,138],"class_list":["post-1429","product","type-product","status-publish","has-post-thumbnail","hentry","product_cat-prova-sospensioni","product_tag-banco-prova-sospensioni","product_tag-prova-ammortizzatori","product_tag-shock-absorber"],"yoast_head":"<!-- This site is optimized with the Yoast SEO plugin v26.5 - https:\/\/yoast.com\/wordpress\/plugins\/seo\/ -->\n<title>Prova ammortizzatori - MOTYCS<\/title>\n<meta name=\"description\" content=\"Banchi prova e sistemi di controllo Sport Devices, scopri il banco prova ammortizzatori completo di sistema di acquisizione\" \/>\n<meta name=\"robots\" content=\"index, follow, max-snippet:-1, max-image-preview:large, max-video-preview:-1\" \/>\n<link rel=\"canonical\" href=\"https:\/\/motycs.it\/tr\/product\/amortisor-makinesi\/\" \/>\n<meta property=\"og:locale\" content=\"tr_TR\" \/>\n<meta property=\"og:type\" content=\"article\" \/>\n<meta property=\"og:title\" content=\"Prova ammortizzatori - MOTYCS\" \/>\n<meta property=\"og:description\" content=\"Banchi prova e sistemi di controllo Sport Devices, scopri il banco prova ammortizzatori completo di sistema di acquisizione\" \/>\n<meta property=\"og:url\" content=\"https:\/\/motycs.it\/tr\/product\/amortisor-makinesi\/\" \/>\n<meta property=\"og:site_name\" content=\"MOTYCS\" \/>\n<meta property=\"article:publisher\" content=\"https:\/\/www.facebook.com\/motycs\/\" \/>\n<meta property=\"article:modified_time\" content=\"2023-05-04T08:52:32+00:00\" \/>\n<meta property=\"og:image\" content=\"https:\/\/motycs.it\/wp-content\/uploads\/2023\/04\/shockabsorber1.jpg\" \/>\n\t<meta property=\"og:image:width\" content=\"600\" \/>\n\t<meta property=\"og:image:height\" content=\"600\" \/>\n\t<meta property=\"og:image:type\" content=\"image\/jpeg\" \/>\n<meta name=\"twitter:card\" content=\"summary_large_image\" \/>\n<meta name=\"twitter:label1\" content=\"Tahmini okuma s\u00fcresi\" \/>\n\t<meta name=\"twitter:data1\" content=\"3 dakika\" \/>\n<script type=\"application\/ld+json\" class=\"yoast-schema-graph\">{\"@context\":\"https:\/\/schema.org\",\"@graph\":[{\"@type\":\"WebPage\",\"@id\":\"https:\/\/motycs.it\/product\/prova-sospensioni\/\",\"url\":\"https:\/\/motycs.it\/product\/prova-sospensioni\/\",\"name\":\"Prova ammortizzatori - MOTYCS\",\"isPartOf\":{\"@id\":\"https:\/\/motycs.it\/#website\"},\"primaryImageOfPage\":{\"@id\":\"https:\/\/motycs.it\/product\/prova-sospensioni\/#primaryimage\"},\"image\":{\"@id\":\"https:\/\/motycs.it\/product\/prova-sospensioni\/#primaryimage\"},\"thumbnailUrl\":\"https:\/\/motycs.it\/wp-content\/uploads\/2023\/04\/shockabsorber1.jpg\",\"datePublished\":\"2023-04-11T20:17:17+00:00\",\"dateModified\":\"2023-05-04T08:52:32+00:00\",\"description\":\"Banchi prova e sistemi di controllo Sport Devices, scopri il banco prova ammortizzatori completo di sistema di acquisizione\",\"breadcrumb\":{\"@id\":\"https:\/\/motycs.it\/product\/prova-sospensioni\/#breadcrumb\"},\"inLanguage\":\"tr\",\"potentialAction\":[{\"@type\":\"ReadAction\",\"target\":[\"https:\/\/motycs.it\/product\/prova-sospensioni\/\"]}]},{\"@type\":\"ImageObject\",\"inLanguage\":\"tr\",\"@id\":\"https:\/\/motycs.it\/product\/prova-sospensioni\/#primaryimage\",\"url\":\"https:\/\/motycs.it\/wp-content\/uploads\/2023\/04\/shockabsorber1.jpg\",\"contentUrl\":\"https:\/\/motycs.it\/wp-content\/uploads\/2023\/04\/shockabsorber1.jpg\",\"width\":600,\"height\":600,\"caption\":\"prova ammortizzatori motycs\"},{\"@type\":\"BreadcrumbList\",\"@id\":\"https:\/\/motycs.it\/product\/prova-sospensioni\/#breadcrumb\",\"itemListElement\":[{\"@type\":\"ListItem\",\"position\":1,\"name\":\"Home\",\"item\":\"https:\/\/motycs.it\/\"},{\"@type\":\"ListItem\",\"position\":2,\"name\":\"Shop\",\"item\":\"https:\/\/motycs.it\/shop\/\"},{\"@type\":\"ListItem\",\"position\":3,\"name\":\"Prova ammortizzatori\"}]},{\"@type\":\"WebSite\",\"@id\":\"https:\/\/motycs.it\/#website\",\"url\":\"https:\/\/motycs.it\/\",\"name\":\"MOTYCS\",\"description\":\"\",\"publisher\":{\"@id\":\"https:\/\/motycs.it\/#organization\"},\"potentialAction\":[{\"@type\":\"SearchAction\",\"target\":{\"@type\":\"EntryPoint\",\"urlTemplate\":\"https:\/\/motycs.it\/?s={search_term_string}\"},\"query-input\":{\"@type\":\"PropertyValueSpecification\",\"valueRequired\":true,\"valueName\":\"search_term_string\"}}],\"inLanguage\":\"tr\"},{\"@type\":\"Organization\",\"@id\":\"https:\/\/motycs.it\/#organization\",\"name\":\"MOTYCS\",\"url\":\"https:\/\/motycs.it\/\",\"logo\":{\"@type\":\"ImageObject\",\"inLanguage\":\"tr\",\"@id\":\"https:\/\/motycs.it\/#\/schema\/logo\/image\/\",\"url\":\"https:\/\/motycs.it\/wp-content\/uploads\/2022\/03\/orizz_bianc.jpg\",\"contentUrl\":\"https:\/\/motycs.it\/wp-content\/uploads\/2022\/03\/orizz_bianc.jpg\",\"width\":600,\"height\":159,\"caption\":\"MOTYCS\"},\"image\":{\"@id\":\"https:\/\/motycs.it\/#\/schema\/logo\/image\/\"},\"sameAs\":[\"https:\/\/www.facebook.com\/motycs\/\",\"https:\/\/www.instagram.com\/motycs.teq\/\",\"https:\/\/www.linkedin.com\/company\/motycs\/\",\"https:\/\/www.pinterest.it\/Motycsdynamometer\/\",\"https:\/\/www.youtube.com\/channel\/UCl_9nwLJn-fMI6UMZVc0tZw\"]}]}<\/script>\n<!-- \/ Yoast SEO plugin. -->","yoast_head_json":{"title":"Amortis\u00f6r testi - MOTYCS","description":"Spor Cihazlar\u0131 test tezgahlar\u0131 ve kontrol sistemleri, toplama sistemi ile tamamlanm\u0131\u015f amortis\u00f6r test tezgah\u0131n\u0131 ke\u015ffedin","robots":{"index":"index","follow":"follow","max-snippet":"max-snippet:-1","max-image-preview":"max-image-preview:large","max-video-preview":"max-video-preview:-1"},"canonical":"https:\/\/motycs.it\/tr\/product\/amortisor-makinesi\/","og_locale":"tr_TR","og_type":"article","og_title":"Prova ammortizzatori - MOTYCS","og_description":"Banchi prova e sistemi di controllo Sport Devices, scopri il banco prova ammortizzatori completo di sistema di acquisizione","og_url":"https:\/\/motycs.it\/tr\/product\/amortisor-makinesi\/","og_site_name":"MOTYCS","article_publisher":"https:\/\/www.facebook.com\/motycs\/","article_modified_time":"2023-05-04T08:52:32+00:00","og_image":[{"width":600,"height":600,"url":"https:\/\/motycs.it\/wp-content\/uploads\/2023\/04\/shockabsorber1.jpg","type":"image\/jpeg"}],"twitter_card":"summary_large_image","twitter_misc":{"Tahmini okuma s\u00fcresi":"3 dakika"},"schema":{"@context":"https:\/\/schema.org","@graph":[{"@type":"WebPage","@id":"https:\/\/motycs.it\/product\/prova-sospensioni\/","url":"https:\/\/motycs.it\/product\/prova-sospensioni\/","name":"Amortis\u00f6r testi - MOTYCS","isPartOf":{"@id":"https:\/\/motycs.it\/#website"},"primaryImageOfPage":{"@id":"https:\/\/motycs.it\/product\/prova-sospensioni\/#primaryimage"},"image":{"@id":"https:\/\/motycs.it\/product\/prova-sospensioni\/#primaryimage"},"thumbnailUrl":"https:\/\/motycs.it\/wp-content\/uploads\/2023\/04\/shockabsorber1.jpg","datePublished":"2023-04-11T20:17:17+00:00","dateModified":"2023-05-04T08:52:32+00:00","description":"Spor Cihazlar\u0131 test tezgahlar\u0131 ve kontrol sistemleri, toplama sistemi ile tamamlanm\u0131\u015f amortis\u00f6r test tezgah\u0131n\u0131 ke\u015ffedin","breadcrumb":{"@id":"https:\/\/motycs.it\/product\/prova-sospensioni\/#breadcrumb"},"inLanguage":"tr","potentialAction":[{"@type":"ReadAction","target":["https:\/\/motycs.it\/product\/prova-sospensioni\/"]}]},{"@type":"ImageObject","inLanguage":"tr","@id":"https:\/\/motycs.it\/product\/prova-sospensioni\/#primaryimage","url":"https:\/\/motycs.it\/wp-content\/uploads\/2023\/04\/shockabsorber1.jpg","contentUrl":"https:\/\/motycs.it\/wp-content\/uploads\/2023\/04\/shockabsorber1.jpg","width":600,"height":600,"caption":"prova ammortizzatori motycs"},{"@type":"BreadcrumbList","@id":"https:\/\/motycs.it\/product\/prova-sospensioni\/#breadcrumb","itemListElement":[{"@type":"ListItem","position":1,"name":"Home","item":"https:\/\/motycs.it\/"},{"@type":"ListItem","position":2,"name":"Shop","item":"https:\/\/motycs.it\/shop\/"},{"@type":"ListItem","position":3,"name":"Prova ammortizzatori"}]},{"@type":"WebSite","@id":"https:\/\/motycs.it\/#website","url":"https:\/\/motycs.it\/","name":"MOTYCS","description":"","publisher":{"@id":"https:\/\/motycs.it\/#organization"},"potentialAction":[{"@type":"SearchAction","target":{"@type":"EntryPoint","urlTemplate":"https:\/\/motycs.it\/?s={search_term_string}"},"query-input":{"@type":"PropertyValueSpecification","valueRequired":true,"valueName":"search_term_string"}}],"inLanguage":"tr"},{"@type":"Organization","@id":"https:\/\/motycs.it\/#organization","name":"MOTYCS","url":"https:\/\/motycs.it\/","logo":{"@type":"ImageObject","inLanguage":"tr","@id":"https:\/\/motycs.it\/#\/schema\/logo\/image\/","url":"https:\/\/motycs.it\/wp-content\/uploads\/2022\/03\/orizz_bianc.jpg","contentUrl":"https:\/\/motycs.it\/wp-content\/uploads\/2022\/03\/orizz_bianc.jpg","width":600,"height":159,"caption":"MOTYCS"},"image":{"@id":"https:\/\/motycs.it\/#\/schema\/logo\/image\/"},"sameAs":["https:\/\/www.facebook.com\/motycs\/","https:\/\/www.instagram.com\/motycs.teq\/","https:\/\/www.linkedin.com\/company\/motycs\/","https:\/\/www.pinterest.it\/Motycsdynamometer\/","https:\/\/www.youtube.com\/channel\/UCl_9nwLJn-fMI6UMZVc0tZw"]}]}},"_links":{"self":[{"href":"https:\/\/motycs.it\/tr\/wp-json\/wp\/v2\/product\/1429","targetHints":{"allow":["GET"]}}],"collection":[{"href":"https:\/\/motycs.it\/tr\/wp-json\/wp\/v2\/product"}],"about":[{"href":"https:\/\/motycs.it\/tr\/wp-json\/wp\/v2\/types\/product"}],"wp:featuredmedia":[{"embeddable":true,"href":"https:\/\/motycs.it\/tr\/wp-json\/wp\/v2\/media\/1424"}],"wp:attachment":[{"href":"https:\/\/motycs.it\/tr\/wp-json\/wp\/v2\/media?parent=1429"}],"wp:term":[{"taxonomy":"product_cat","embeddable":true,"href":"https:\/\/motycs.it\/tr\/wp-json\/wp\/v2\/product_cat?post=1429"},{"taxonomy":"product_tag","embeddable":true,"href":"https:\/\/motycs.it\/tr\/wp-json\/wp\/v2\/product_tag?post=1429"}],"curies":[{"name":"wp","href":"https:\/\/api.w.org\/{rel}","templated":true}]}}