{"id":1004,"date":"2022-03-17T18:50:09","date_gmt":"2022-03-17T17:50:09","guid":{"rendered":"https:\/\/motycs.it\/?post_type=product&#038;p=1004"},"modified":"2023-05-04T10:51:55","modified_gmt":"2023-05-04T08:51:55","slug":"saleprovamotori","status":"publish","type":"product","link":"https:\/\/motycs.it\/tr\/product\/tuzluklar\/","title":{"rendered":"Motor test odalar\u0131"},"content":{"rendered":"<h5>MOTOR TEST ODASI AKSESUARLARI<\/h5>\n<p>Prova odas\u0131 i\u00e7in geni\u015f bir aksesuar yelpazesine sahibiz:<br \/>\n- <a href=\"https:\/\/motycs.it\/tr\/product\/duman-cikarma\/\">Sistemleri <strong>duman ekstraksiyonu<\/strong><\/a><br \/>\n- <a href=\"https:\/\/motycs.it\/tr\/product\/havalandirma\/\">Sistemler <strong>motor so\u011futma<\/strong> (Santrif\u00fcjler)<\/a><br \/>\n- <strong>Salon yap\u0131s\u0131 i\u00e7in aksesuarlar<\/strong>pencereler ve susturucular dahil<\/p>\n<h6><a href=\"https:\/\/motycs.it\/tr\/product\/havalandirma\/\">MOTOR SO\u011eUTMA FAN \u00dcNI\u0307TELERI\u0307<\/a><\/h6>\n<p><strong>Ki\u015fiye \u00f6zel \u00e7\u00f6z\u00fcmler \u00f6nerebiliriz<\/strong>ve bunlar\u0131 mevcut alana uyarlayabilir veya standart konfig\u00fcrasyonda \u00fcr\u00fcnler sa\u011flayabilirsiniz.<\/p>\n<p>Bunlar a\u015fa\u011f\u0131dakileri i\u00e7erir <strong>motor so\u011futma sistemleri i\u00e7in standart \u00e7\u00f6z\u00fcmler.<\/strong> Tekerlekli santrif\u00fcj fanlar, frenli, farkl\u0131 kapasite ve g\u00fc\u00e7lerde mevcuttur:<\/p>\n<p>- 4 kW<br \/>\n- 5,5 kW<br \/>\n- 7 kW<br \/>\n- 11 kW<\/p>\n<p>Havaland\u0131rma \u00fcniteleri, <strong>kontrol invert\u00f6rleri ile de donat\u0131labilir<\/strong>yapmak i\u00e7in <strong>ara\u00e7 h\u0131z\u0131yla orant\u0131l\u0131 hava h\u0131z\u0131<\/strong> test alt\u0131nda; b\u00f6ylece yol ko\u015fullar\u0131n\u0131n sim\u00fclasyonunu optimize eder (&gt;110 km\/H hava ak\u0131\u015flar\u0131 i\u00e7in \u00f6nerilir)<\/p>\n<h6><a href=\"https:\/\/motycs.it\/tr\/product\/duman-cikarma\/\">DUMAN EMI\u0307\u015e SI\u0307STEMLERI\u0307<\/a><\/h6>\n<p>Biz geli\u015ftirdik <strong>g\u00fc\u00e7 test tezgah\u0131 ile kullan\u0131ma uygun duman tahliye sistemleri<\/strong>.<\/p>\n<p><strong>Daha b\u00fcy\u00fck \u00e7aplar ve daha fazla g\u00fc\u00e7<\/strong>i\u00e7in <strong>g\u00fcvenilir ve dayan\u0131kl\u0131 profesyonel sistem<\/strong>:<\/p>\n<p>- 5.5kW motor<br \/>\n- Boru hatt\u0131 \u00e7ap\u0131 250 mm, 1.200 \u00b0C'ye kadar<br \/>\n- Y\u00fcksek mukavemetli ba\u011flant\u0131lara sahip a\u011f\u0131zl\u0131klar<br \/>\n- Tekerlekli, frenli, balastl\u0131 mobil arabalar<\/p>\n<h6>\u0130\u00c7G\u00d6R\u00dcLER<\/h6>\n<ul>\n<li><strong><a href=\"https:\/\/motycs.it\/tr\/temel-kavramlar-sasi-dyno-test-tezgahlari\/\">Motor ve silindir test tezgahlar\u0131n\u0131n temel kavramlar\u0131n\u0131 ke\u015ffedin<\/a><\/strong><\/li>\n<li><strong><a href=\"https:\/\/motycs.it\/tr\/test-tezgahlari-4wd\/\">4WD ba\u011fl\u0131 aks g\u00fc\u00e7 test tezgahlar\u0131n\u0131n avantajlar\u0131<\/a><\/strong><\/li>\n<li><strong><a href=\"https:\/\/motycs.it\/tr\/benchi-prova-potenza-monorullo-birullo\/\">MONO-roller ve BI-roller test tezgahlar\u0131<\/a><\/strong><\/li>\n<li><a href=\"https:\/\/motycs.it\/tr\/guc-dagitimli-bankalar-geci\u0307rmez\/\"><strong>G\u00fc\u00e7 da\u011f\u0131l\u0131m\u0131<\/strong><\/a><\/li>\n<\/ul>","protected":false},"excerpt":{"rendered":"<h6>SES GE\u00c7IRMEZ PROVA ODALARI<\/h6>\n<p><strong>Eksiksiz ses ge\u00e7irmez prova odalar\u0131 tasarl\u0131yor ve tedarik ediyoruz<\/strong>ister silindir ister motor test tezgahlar\u0131 olsun, motor testinin t\u00fcm alanlar\u0131 i\u00e7in homologasyon alan\u0131na da adanm\u0131\u015ft\u0131r.<\/p>\n<p><strong>Yeterli ba\u011flant\u0131lar, dayan\u0131kl\u0131 yap\u0131, hava ak\u0131\u015flar\u0131n\u0131n ve hava de\u011fi\u015fimlerinin uygun y\u00f6netimi<\/strong>.<\/p>\n<p>Bir motor test odas\u0131n\u0131n basit bir ses ge\u00e7irmez kabinle pek ilgisi yoktur; b\u00fcy\u00fck hava ak\u0131\u015flar\u0131 ve \u00e7al\u0131\u015fma vakumu nedeniyle s\u00fcrekli yap\u0131sal gerilimler i\u00e7ermelidir, bu da zamanla performans\u0131n\u0131 tehlikeye atabilir.<\/p>\n<p>Ayr\u0131ca \u015funlar\u0131 da sa\u011flamal\u0131d\u0131r:<\/p>\n<ul>\n<li>Operat\u00f6rler i\u00e7in g\u00fcvenlik ve sa\u011fl\u0131k<\/li>\n<li>Test sonu\u00e7lar\u0131n\u0131 olumsuz etkilemeyecek \u015fekilde sabit \u00e7evresel ko\u015fullar<\/li>\n<li>Zaman i\u00e7inde dayan\u0131kl\u0131l\u0131k (yetersiz yap\u0131lar \u00e7al\u0131\u015fma vakumu taraf\u0131ndan deforme olabilir)<\/li>\n<\/ul>","protected":false},"featured_media":1082,"template":"","meta":[],"product_cat":[96],"product_tag":[114,115,116],"class_list":["post-1004","product","type-product","status-publish","has-post-thumbnail","hentry","product_cat-sale-prova","product_tag-sala-prova-motori","product_tag-sale-prova-banchi-motori","product_tag-sale-prova-insonorizzate"],"yoast_head":"<!-- This site is optimized with the Yoast SEO plugin v26.5 - https:\/\/yoast.com\/wordpress\/plugins\/seo\/ -->\n<title>Sale prova motori - MOTYCS<\/title>\n<meta name=\"description\" content=\"Progettiamo e realizziamo sale prova motori, appositamente realizzate per il tipo di applicazione ed ambito d&#039;uso. Dalla diagnosi alla omologazione veicoli\" \/>\n<meta name=\"robots\" content=\"index, follow, max-snippet:-1, max-image-preview:large, max-video-preview:-1\" \/>\n<link rel=\"canonical\" href=\"https:\/\/motycs.it\/tr\/product\/tuzluklar\/\" \/>\n<meta property=\"og:locale\" content=\"tr_TR\" \/>\n<meta property=\"og:type\" content=\"article\" \/>\n<meta property=\"og:title\" content=\"Sale prova motori - MOTYCS\" \/>\n<meta property=\"og:description\" content=\"Progettiamo e realizziamo sale prova motori, appositamente realizzate per il tipo di applicazione ed ambito d&#039;uso. Dalla diagnosi alla omologazione veicoli\" \/>\n<meta property=\"og:url\" content=\"https:\/\/motycs.it\/tr\/product\/tuzluklar\/\" \/>\n<meta property=\"og:site_name\" content=\"MOTYCS\" \/>\n<meta property=\"article:publisher\" content=\"https:\/\/www.facebook.com\/motycs\/\" \/>\n<meta property=\"article:modified_time\" content=\"2023-05-04T08:51:55+00:00\" \/>\n<meta property=\"og:image\" content=\"https:\/\/motycs.it\/wp-content\/uploads\/2022\/03\/engine-dyno-room.png\" \/>\n\t<meta property=\"og:image:width\" content=\"500\" \/>\n\t<meta property=\"og:image:height\" content=\"375\" \/>\n\t<meta property=\"og:image:type\" content=\"image\/png\" \/>\n<meta name=\"twitter:card\" content=\"summary_large_image\" \/>\n<meta name=\"twitter:label1\" content=\"Tahmini okuma s\u00fcresi\" \/>\n\t<meta name=\"twitter:data1\" content=\"1 dakika\" \/>\n<script type=\"application\/ld+json\" class=\"yoast-schema-graph\">{\"@context\":\"https:\/\/schema.org\",\"@graph\":[{\"@type\":\"WebPage\",\"@id\":\"https:\/\/motycs.it\/product\/saleprovamotori\/\",\"url\":\"https:\/\/motycs.it\/product\/saleprovamotori\/\",\"name\":\"Sale prova motori - MOTYCS\",\"isPartOf\":{\"@id\":\"https:\/\/motycs.it\/#website\"},\"primaryImageOfPage\":{\"@id\":\"https:\/\/motycs.it\/product\/saleprovamotori\/#primaryimage\"},\"image\":{\"@id\":\"https:\/\/motycs.it\/product\/saleprovamotori\/#primaryimage\"},\"thumbnailUrl\":\"https:\/\/motycs.it\/wp-content\/uploads\/2022\/03\/engine-dyno-room.png\",\"datePublished\":\"2022-03-17T17:50:09+00:00\",\"dateModified\":\"2023-05-04T08:51:55+00:00\",\"description\":\"Progettiamo e realizziamo sale prova motori, appositamente realizzate per il tipo di applicazione ed ambito d'uso. Dalla diagnosi alla omologazione veicoli\",\"breadcrumb\":{\"@id\":\"https:\/\/motycs.it\/product\/saleprovamotori\/#breadcrumb\"},\"inLanguage\":\"tr\",\"potentialAction\":[{\"@type\":\"ReadAction\",\"target\":[\"https:\/\/motycs.it\/product\/saleprovamotori\/\"]}]},{\"@type\":\"ImageObject\",\"inLanguage\":\"tr\",\"@id\":\"https:\/\/motycs.it\/product\/saleprovamotori\/#primaryimage\",\"url\":\"https:\/\/motycs.it\/wp-content\/uploads\/2022\/03\/engine-dyno-room.png\",\"contentUrl\":\"https:\/\/motycs.it\/wp-content\/uploads\/2022\/03\/engine-dyno-room.png\",\"width\":500,\"height\":375,\"caption\":\"dyno room motycs\"},{\"@type\":\"BreadcrumbList\",\"@id\":\"https:\/\/motycs.it\/product\/saleprovamotori\/#breadcrumb\",\"itemListElement\":[{\"@type\":\"ListItem\",\"position\":1,\"name\":\"Home\",\"item\":\"https:\/\/motycs.it\/\"},{\"@type\":\"ListItem\",\"position\":2,\"name\":\"Shop\",\"item\":\"https:\/\/motycs.it\/shop\/\"},{\"@type\":\"ListItem\",\"position\":3,\"name\":\"Sale prova motori\"}]},{\"@type\":\"WebSite\",\"@id\":\"https:\/\/motycs.it\/#website\",\"url\":\"https:\/\/motycs.it\/\",\"name\":\"MOTYCS\",\"description\":\"\",\"publisher\":{\"@id\":\"https:\/\/motycs.it\/#organization\"},\"potentialAction\":[{\"@type\":\"SearchAction\",\"target\":{\"@type\":\"EntryPoint\",\"urlTemplate\":\"https:\/\/motycs.it\/?s={search_term_string}\"},\"query-input\":{\"@type\":\"PropertyValueSpecification\",\"valueRequired\":true,\"valueName\":\"search_term_string\"}}],\"inLanguage\":\"tr\"},{\"@type\":\"Organization\",\"@id\":\"https:\/\/motycs.it\/#organization\",\"name\":\"MOTYCS\",\"url\":\"https:\/\/motycs.it\/\",\"logo\":{\"@type\":\"ImageObject\",\"inLanguage\":\"tr\",\"@id\":\"https:\/\/motycs.it\/#\/schema\/logo\/image\/\",\"url\":\"https:\/\/motycs.it\/wp-content\/uploads\/2022\/03\/orizz_bianc.jpg\",\"contentUrl\":\"https:\/\/motycs.it\/wp-content\/uploads\/2022\/03\/orizz_bianc.jpg\",\"width\":600,\"height\":159,\"caption\":\"MOTYCS\"},\"image\":{\"@id\":\"https:\/\/motycs.it\/#\/schema\/logo\/image\/\"},\"sameAs\":[\"https:\/\/www.facebook.com\/motycs\/\",\"https:\/\/www.instagram.com\/motycs.teq\/\",\"https:\/\/www.linkedin.com\/company\/motycs\/\",\"https:\/\/www.pinterest.it\/Motycsdynamometer\/\",\"https:\/\/www.youtube.com\/channel\/UCl_9nwLJn-fMI6UMZVc0tZw\"]}]}<\/script>\n<!-- \/ Yoast SEO plugin. -->","yoast_head_json":{"title":"Motor test odalar\u0131 - MOTYCS","description":"Uygulama t\u00fcr\u00fcne ve kullan\u0131m alan\u0131na \u00f6zel olarak uyarlanm\u0131\u015f motor test odalar\u0131 tasarl\u0131yor ve in\u015fa ediyoruz. Te\u015fhisten ara\u00e7 homologasyonuna","robots":{"index":"index","follow":"follow","max-snippet":"max-snippet:-1","max-image-preview":"max-image-preview:large","max-video-preview":"max-video-preview:-1"},"canonical":"https:\/\/motycs.it\/tr\/product\/tuzluklar\/","og_locale":"tr_TR","og_type":"article","og_title":"Sale prova motori - MOTYCS","og_description":"Progettiamo e realizziamo sale prova motori, appositamente realizzate per il tipo di applicazione ed ambito d'uso. Dalla diagnosi alla omologazione veicoli","og_url":"https:\/\/motycs.it\/tr\/product\/tuzluklar\/","og_site_name":"MOTYCS","article_publisher":"https:\/\/www.facebook.com\/motycs\/","article_modified_time":"2023-05-04T08:51:55+00:00","og_image":[{"width":500,"height":375,"url":"https:\/\/motycs.it\/wp-content\/uploads\/2022\/03\/engine-dyno-room.png","type":"image\/png"}],"twitter_card":"summary_large_image","twitter_misc":{"Tahmini okuma s\u00fcresi":"1 dakika"},"schema":{"@context":"https:\/\/schema.org","@graph":[{"@type":"WebPage","@id":"https:\/\/motycs.it\/product\/saleprovamotori\/","url":"https:\/\/motycs.it\/product\/saleprovamotori\/","name":"Motor test odalar\u0131 - MOTYCS","isPartOf":{"@id":"https:\/\/motycs.it\/#website"},"primaryImageOfPage":{"@id":"https:\/\/motycs.it\/product\/saleprovamotori\/#primaryimage"},"image":{"@id":"https:\/\/motycs.it\/product\/saleprovamotori\/#primaryimage"},"thumbnailUrl":"https:\/\/motycs.it\/wp-content\/uploads\/2022\/03\/engine-dyno-room.png","datePublished":"2022-03-17T17:50:09+00:00","dateModified":"2023-05-04T08:51:55+00:00","description":"Uygulama t\u00fcr\u00fcne ve kullan\u0131m alan\u0131na \u00f6zel olarak uyarlanm\u0131\u015f motor test odalar\u0131 tasarl\u0131yor ve in\u015fa ediyoruz. Te\u015fhisten ara\u00e7 homologasyonuna","breadcrumb":{"@id":"https:\/\/motycs.it\/product\/saleprovamotori\/#breadcrumb"},"inLanguage":"tr","potentialAction":[{"@type":"ReadAction","target":["https:\/\/motycs.it\/product\/saleprovamotori\/"]}]},{"@type":"ImageObject","inLanguage":"tr","@id":"https:\/\/motycs.it\/product\/saleprovamotori\/#primaryimage","url":"https:\/\/motycs.it\/wp-content\/uploads\/2022\/03\/engine-dyno-room.png","contentUrl":"https:\/\/motycs.it\/wp-content\/uploads\/2022\/03\/engine-dyno-room.png","width":500,"height":375,"caption":"dyno room motycs"},{"@type":"BreadcrumbList","@id":"https:\/\/motycs.it\/product\/saleprovamotori\/#breadcrumb","itemListElement":[{"@type":"ListItem","position":1,"name":"Home","item":"https:\/\/motycs.it\/"},{"@type":"ListItem","position":2,"name":"Shop","item":"https:\/\/motycs.it\/shop\/"},{"@type":"ListItem","position":3,"name":"Sale prova motori"}]},{"@type":"WebSite","@id":"https:\/\/motycs.it\/#website","url":"https:\/\/motycs.it\/","name":"MOTYCS","description":"","publisher":{"@id":"https:\/\/motycs.it\/#organization"},"potentialAction":[{"@type":"SearchAction","target":{"@type":"EntryPoint","urlTemplate":"https:\/\/motycs.it\/?s={search_term_string}"},"query-input":{"@type":"PropertyValueSpecification","valueRequired":true,"valueName":"search_term_string"}}],"inLanguage":"tr"},{"@type":"Organization","@id":"https:\/\/motycs.it\/#organization","name":"MOTYCS","url":"https:\/\/motycs.it\/","logo":{"@type":"ImageObject","inLanguage":"tr","@id":"https:\/\/motycs.it\/#\/schema\/logo\/image\/","url":"https:\/\/motycs.it\/wp-content\/uploads\/2022\/03\/orizz_bianc.jpg","contentUrl":"https:\/\/motycs.it\/wp-content\/uploads\/2022\/03\/orizz_bianc.jpg","width":600,"height":159,"caption":"MOTYCS"},"image":{"@id":"https:\/\/motycs.it\/#\/schema\/logo\/image\/"},"sameAs":["https:\/\/www.facebook.com\/motycs\/","https:\/\/www.instagram.com\/motycs.teq\/","https:\/\/www.linkedin.com\/company\/motycs\/","https:\/\/www.pinterest.it\/Motycsdynamometer\/","https:\/\/www.youtube.com\/channel\/UCl_9nwLJn-fMI6UMZVc0tZw"]}]}},"_links":{"self":[{"href":"https:\/\/motycs.it\/tr\/wp-json\/wp\/v2\/product\/1004","targetHints":{"allow":["GET"]}}],"collection":[{"href":"https:\/\/motycs.it\/tr\/wp-json\/wp\/v2\/product"}],"about":[{"href":"https:\/\/motycs.it\/tr\/wp-json\/wp\/v2\/types\/product"}],"wp:featuredmedia":[{"embeddable":true,"href":"https:\/\/motycs.it\/tr\/wp-json\/wp\/v2\/media\/1082"}],"wp:attachment":[{"href":"https:\/\/motycs.it\/tr\/wp-json\/wp\/v2\/media?parent=1004"}],"wp:term":[{"taxonomy":"product_cat","embeddable":true,"href":"https:\/\/motycs.it\/tr\/wp-json\/wp\/v2\/product_cat?post=1004"},{"taxonomy":"product_tag","embeddable":true,"href":"https:\/\/motycs.it\/tr\/wp-json\/wp\/v2\/product_tag?post=1004"}],"curies":[{"name":"wp","href":"https:\/\/api.w.org\/{rel}","templated":true}]}}