{"id":1003,"date":"2022-03-17T18:49:44","date_gmt":"2022-03-17T17:49:44","guid":{"rendered":"https:\/\/motycs.it\/?post_type=product&#038;p=1003"},"modified":"2023-05-04T10:55:02","modified_gmt":"2023-05-04T08:55:02","slug":"omologativi","status":"publish","type":"product","link":"https:\/\/motycs.it\/tr\/product\/homologatif\/","title":{"rendered":"Homologasyon sistemleri"},"content":{"rendered":"<h5><strong>NI 'NATIONAL INSTRUMENTS' PLATFORMUNDA KONTROL SI\u0307STEMLERI\u0307 (COMPACT-RIO)<\/strong><\/h5>\n<h6><strong>SI\u0307STEM \u00d6ZELLI\u0307KLERI\u0307<\/strong><\/h6>\n<ul>\n<li>\u00dczerinde geli\u015ftirildi <strong>\u00fc\u00e7 seviye: FPGA, Ger\u00e7ek Zamanl\u0131, Windows.<\/strong><\/li>\n<li><strong>Farkl\u0131la\u015ft\u0131r\u0131lm\u0131\u015f \u00f6nceliklerle paralel d\u00f6ng\u00fc s\u00fcrelerinin telemetrisi<\/strong><\/li>\n<li><strong>A\u015fa\u011f\u0131-Yukar\u0131 Hiyerar\u015fi<\/strong> giri\u015f\/\u00e7\u0131k\u0131\u015f ak\u0131\u015flar\u0131 ve kontroller i\u00e7in<\/li>\n<li><strong>Ayr\u0131 ayr\u0131 y\u00f6netilen analog giri\u015fler<\/strong><\/li>\n<li><strong>Etkinle\u015ftirme\/timing\/filtre<\/strong> (dijital, istatistiksel)<\/li>\n<li><strong>Kare dalga devri toplama sens\u00f6r\u00fcn\u00fcn ba\u011flanmas\u0131<\/strong><\/li>\n<li><strong>Alarm durumlar\u0131<\/strong> prova odas\u0131n\u0131n<\/li>\n<li><strong>Analog ve dijital \u00e7\u0131k\u0131\u015flar<\/strong><\/li>\n<li><strong>Fren ve H\u0131zland\u0131r\u0131c\u0131 Seti<\/strong> (y\u00fcksek dinamikler)<\/li>\n<li><strong>Ak\u0131\u015fkanlar i\u00e7in valf kontrol\u00fc<\/strong> (d\u00fc\u015f\u00fck dinamikler)<\/li>\n<li><strong>\u00d6zel analog giri\u015fler: y\u00fcksek \u00e7\u00f6z\u00fcn\u00fcrl\u00fckl\u00fc<\/strong> (24 bit) y\u00fck h\u00fccresi ba\u015f\u0131na<\/li>\n<li><strong>Termokupllar\/termorezist\u00f6rler i\u00e7in y\u00fcksek \u00e7\u00f6z\u00fcn\u00fcrl\u00fck (24 bit)<\/strong><\/li>\n<li><strong>Excel dosyas\u0131na yaz\u0131lanlar\u0131 \u00e7al\u0131\u015ft\u0131r\u0131r + Metin dosyas\u0131na aktar\u0131r<\/strong><\/li>\n<li>Sabitlerin parametrelendirilmesi<\/li>\n<li>Kendi kendine \u00f6\u011frenmeyi s\u0131n\u0131rla (\u0131zgara)<\/li>\n<li>\u00d6nceki davran\u0131\u015flar\u0131n haf\u0131zas\u0131 (uut)<\/li>\n<\/ul>\n<h6><strong>UYGULAMA ALANLARI<\/strong><\/h6>\n<ul>\n<li>Otomotiv<\/li>\n<li>Tar\u0131msal<\/li>\n<li>Oledinamics<\/li>\n<li>Pn\u00f6matik<\/li>\n<li>At\u00f6lye \u00c7al\u0131\u015fmalar\u0131<\/li>\n<\/ul>\n<p>Daha fazla bilgi i\u00e7in <strong><a href=\"https:\/\/motycs.it\/tr\/sistemler-homologlar\/\">bu sayfa<\/a><\/strong><\/p>\n<h6>\u0130\u00c7G\u00d6R\u00dcLER<\/h6>\n<ul>\n<li><strong><a href=\"https:\/\/motycs.it\/tr\/temel-kavramlar-sasi-dyno-test-tezgahlari\/\">Motor ve silindir test tezgahlar\u0131n\u0131n temel kavramlar\u0131n\u0131 ke\u015ffedin<\/a><\/strong><\/li>\n<\/ul>","protected":false},"excerpt":{"rendered":"<p>Onlar izin verir <strong>mevcut test odalar\u0131n\u0131n ve test tezgahlar\u0131n\u0131n yenilenmesi veya y\u00fckseltilmesi<\/strong>her t\u00fcrl\u00fc mekani\u011fe uyum sa\u011flar (hem silindir hem de motor test tezgahlar\u0131). Tamamen a\u015fa\u011f\u0131dakiler i\u00e7in geli\u015ftirilmi\u015ftir <strong>profesyonellere maksimum esneklik ve farkl\u0131 \u00e7al\u0131\u015fma ortamlar\u0131na uyarlanabilirlik sa\u011flar<\/strong>end\u00fcstriyel bir platformda geli\u015ftirilmi\u015ftir <strong>National Instruments (NI) Compact-Rio<\/strong><\/p>\n<h6><strong>FARKLI UYGULAMA ALANLARI<\/strong><\/h6>\n<ul>\n<li><strong>Otomotiv test tezgahlar\u0131<\/strong><\/li>\n<li><strong>Motor tezgahlar\u0131<\/strong> (Ar-Ge, \u00dcretim)<\/li>\n<li><strong>Ara\u00e7 banklar\u0131<\/strong> (rulo, emisyonlar)<\/li>\n<li><strong>Bile\u015fen Testi<\/strong><\/li>\n<li><strong>NVH uygulamalar\u0131<\/strong><\/li>\n<li><strong>ECU<\/strong> (edinim, kalibrasyon, te\u015fhis)<\/li>\n<\/ul>\n<p>Buradan \u00f6\u011frenin<strong> <a href=\"https:\/\/motycs.it\/tr\/sistemler-homologlar\/\">daha fazla detay ve di\u011fer uygulama alanlar\u0131<\/a><\/strong><\/p>","protected":false},"featured_media":1075,"template":"","meta":[],"product_cat":[95],"product_tag":[117,118],"class_list":["post-1003","product","type-product","status-publish","has-post-thumbnail","hentry","product_cat-sistemi-di-controllo","product_tag-daq-omologativi","product_tag-sistemi-di-controllo-omologazione-veicoli"],"yoast_head":"<!-- This site is optimized with the Yoast SEO plugin v26.5 - https:\/\/yoast.com\/wordpress\/plugins\/seo\/ -->\n<title>Sistemi di controllo omologativi - MOTYCS<\/title>\n<meta name=\"description\" content=\"Rinnova i tuo banco prova, con il nostro sistema dedicato alla gestione di sale prova e banchi omologativi. Riconosciuto dal ministero dei trasporti\" \/>\n<meta name=\"robots\" content=\"index, follow, max-snippet:-1, max-image-preview:large, max-video-preview:-1\" \/>\n<link rel=\"canonical\" href=\"https:\/\/motycs.it\/tr\/product\/homologatif\/\" \/>\n<meta property=\"og:locale\" content=\"tr_TR\" \/>\n<meta property=\"og:type\" content=\"article\" \/>\n<meta property=\"og:title\" content=\"Sistemi di controllo omologativi - MOTYCS\" \/>\n<meta property=\"og:description\" content=\"Rinnova i tuo banco prova, con il nostro sistema dedicato alla gestione di sale prova e banchi omologativi. Riconosciuto dal ministero dei trasporti\" \/>\n<meta property=\"og:url\" content=\"https:\/\/motycs.it\/tr\/product\/homologatif\/\" \/>\n<meta property=\"og:site_name\" content=\"MOTYCS\" \/>\n<meta property=\"article:publisher\" content=\"https:\/\/www.facebook.com\/motycs\/\" \/>\n<meta property=\"article:modified_time\" content=\"2023-05-04T08:55:02+00:00\" \/>\n<meta property=\"og:image\" content=\"https:\/\/motycs.it\/wp-content\/uploads\/2022\/03\/SW_banchi-prova-cicli-w740.png\" \/>\n\t<meta property=\"og:image:width\" content=\"740\" \/>\n\t<meta property=\"og:image:height\" content=\"519\" \/>\n\t<meta property=\"og:image:type\" content=\"image\/png\" \/>\n<meta name=\"twitter:card\" content=\"summary_large_image\" \/>\n<meta name=\"twitter:label1\" content=\"Tahmini okuma s\u00fcresi\" \/>\n\t<meta name=\"twitter:data1\" content=\"2 dakika\" \/>\n<script type=\"application\/ld+json\" class=\"yoast-schema-graph\">{\"@context\":\"https:\/\/schema.org\",\"@graph\":[{\"@type\":\"WebPage\",\"@id\":\"https:\/\/motycs.it\/product\/omologativi\/\",\"url\":\"https:\/\/motycs.it\/product\/omologativi\/\",\"name\":\"Sistemi di controllo omologativi - MOTYCS\",\"isPartOf\":{\"@id\":\"https:\/\/motycs.it\/#website\"},\"primaryImageOfPage\":{\"@id\":\"https:\/\/motycs.it\/product\/omologativi\/#primaryimage\"},\"image\":{\"@id\":\"https:\/\/motycs.it\/product\/omologativi\/#primaryimage\"},\"thumbnailUrl\":\"https:\/\/motycs.it\/wp-content\/uploads\/2022\/03\/SW_banchi-prova-cicli-w740.png\",\"datePublished\":\"2022-03-17T17:49:44+00:00\",\"dateModified\":\"2023-05-04T08:55:02+00:00\",\"description\":\"Rinnova i tuo banco prova, con il nostro sistema dedicato alla gestione di sale prova e banchi omologativi. Riconosciuto dal ministero dei trasporti\",\"breadcrumb\":{\"@id\":\"https:\/\/motycs.it\/product\/omologativi\/#breadcrumb\"},\"inLanguage\":\"tr\",\"potentialAction\":[{\"@type\":\"ReadAction\",\"target\":[\"https:\/\/motycs.it\/product\/omologativi\/\"]}]},{\"@type\":\"ImageObject\",\"inLanguage\":\"tr\",\"@id\":\"https:\/\/motycs.it\/product\/omologativi\/#primaryimage\",\"url\":\"https:\/\/motycs.it\/wp-content\/uploads\/2022\/03\/SW_banchi-prova-cicli-w740.png\",\"contentUrl\":\"https:\/\/motycs.it\/wp-content\/uploads\/2022\/03\/SW_banchi-prova-cicli-w740.png\",\"width\":740,\"height\":519},{\"@type\":\"BreadcrumbList\",\"@id\":\"https:\/\/motycs.it\/product\/omologativi\/#breadcrumb\",\"itemListElement\":[{\"@type\":\"ListItem\",\"position\":1,\"name\":\"Home\",\"item\":\"https:\/\/motycs.it\/\"},{\"@type\":\"ListItem\",\"position\":2,\"name\":\"Shop\",\"item\":\"https:\/\/motycs.it\/shop\/\"},{\"@type\":\"ListItem\",\"position\":3,\"name\":\"Sistemi di controllo omologativi\"}]},{\"@type\":\"WebSite\",\"@id\":\"https:\/\/motycs.it\/#website\",\"url\":\"https:\/\/motycs.it\/\",\"name\":\"MOTYCS\",\"description\":\"\",\"publisher\":{\"@id\":\"https:\/\/motycs.it\/#organization\"},\"potentialAction\":[{\"@type\":\"SearchAction\",\"target\":{\"@type\":\"EntryPoint\",\"urlTemplate\":\"https:\/\/motycs.it\/?s={search_term_string}\"},\"query-input\":{\"@type\":\"PropertyValueSpecification\",\"valueRequired\":true,\"valueName\":\"search_term_string\"}}],\"inLanguage\":\"tr\"},{\"@type\":\"Organization\",\"@id\":\"https:\/\/motycs.it\/#organization\",\"name\":\"MOTYCS\",\"url\":\"https:\/\/motycs.it\/\",\"logo\":{\"@type\":\"ImageObject\",\"inLanguage\":\"tr\",\"@id\":\"https:\/\/motycs.it\/#\/schema\/logo\/image\/\",\"url\":\"https:\/\/motycs.it\/wp-content\/uploads\/2022\/03\/orizz_bianc.jpg\",\"contentUrl\":\"https:\/\/motycs.it\/wp-content\/uploads\/2022\/03\/orizz_bianc.jpg\",\"width\":600,\"height\":159,\"caption\":\"MOTYCS\"},\"image\":{\"@id\":\"https:\/\/motycs.it\/#\/schema\/logo\/image\/\"},\"sameAs\":[\"https:\/\/www.facebook.com\/motycs\/\",\"https:\/\/www.instagram.com\/motycs.teq\/\",\"https:\/\/www.linkedin.com\/company\/motycs\/\",\"https:\/\/www.pinterest.it\/Motycsdynamometer\/\",\"https:\/\/www.youtube.com\/channel\/UCl_9nwLJn-fMI6UMZVc0tZw\"]}]}<\/script>\n<!-- \/ Yoast SEO plugin. -->","yoast_head_json":{"title":"Tip onayl\u0131 kontrol sistemleri - MOTYCS","description":"Test odalar\u0131n\u0131 ve homologasyon tezgahlar\u0131n\u0131 y\u00f6netmeye y\u00f6nelik \u00f6zel sistemimizle test tezgah\u0131n\u0131z\u0131 yenileyin. Ula\u015ft\u0131rma Bakanl\u0131\u011f\u0131 taraf\u0131ndan tan\u0131n\u0131r","robots":{"index":"index","follow":"follow","max-snippet":"max-snippet:-1","max-image-preview":"max-image-preview:large","max-video-preview":"max-video-preview:-1"},"canonical":"https:\/\/motycs.it\/tr\/product\/homologatif\/","og_locale":"tr_TR","og_type":"article","og_title":"Sistemi di controllo omologativi - MOTYCS","og_description":"Rinnova i tuo banco prova, con il nostro sistema dedicato alla gestione di sale prova e banchi omologativi. Riconosciuto dal ministero dei trasporti","og_url":"https:\/\/motycs.it\/tr\/product\/homologatif\/","og_site_name":"MOTYCS","article_publisher":"https:\/\/www.facebook.com\/motycs\/","article_modified_time":"2023-05-04T08:55:02+00:00","og_image":[{"width":740,"height":519,"url":"https:\/\/motycs.it\/wp-content\/uploads\/2022\/03\/SW_banchi-prova-cicli-w740.png","type":"image\/png"}],"twitter_card":"summary_large_image","twitter_misc":{"Tahmini okuma s\u00fcresi":"2 dakika"},"schema":{"@context":"https:\/\/schema.org","@graph":[{"@type":"WebPage","@id":"https:\/\/motycs.it\/product\/omologativi\/","url":"https:\/\/motycs.it\/product\/omologativi\/","name":"Tip onayl\u0131 kontrol sistemleri - MOTYCS","isPartOf":{"@id":"https:\/\/motycs.it\/#website"},"primaryImageOfPage":{"@id":"https:\/\/motycs.it\/product\/omologativi\/#primaryimage"},"image":{"@id":"https:\/\/motycs.it\/product\/omologativi\/#primaryimage"},"thumbnailUrl":"https:\/\/motycs.it\/wp-content\/uploads\/2022\/03\/SW_banchi-prova-cicli-w740.png","datePublished":"2022-03-17T17:49:44+00:00","dateModified":"2023-05-04T08:55:02+00:00","description":"Test odalar\u0131n\u0131 ve homologasyon tezgahlar\u0131n\u0131 y\u00f6netmeye y\u00f6nelik \u00f6zel sistemimizle test tezgah\u0131n\u0131z\u0131 yenileyin. Ula\u015ft\u0131rma Bakanl\u0131\u011f\u0131 taraf\u0131ndan tan\u0131n\u0131r","breadcrumb":{"@id":"https:\/\/motycs.it\/product\/omologativi\/#breadcrumb"},"inLanguage":"tr","potentialAction":[{"@type":"ReadAction","target":["https:\/\/motycs.it\/product\/omologativi\/"]}]},{"@type":"ImageObject","inLanguage":"tr","@id":"https:\/\/motycs.it\/product\/omologativi\/#primaryimage","url":"https:\/\/motycs.it\/wp-content\/uploads\/2022\/03\/SW_banchi-prova-cicli-w740.png","contentUrl":"https:\/\/motycs.it\/wp-content\/uploads\/2022\/03\/SW_banchi-prova-cicli-w740.png","width":740,"height":519},{"@type":"BreadcrumbList","@id":"https:\/\/motycs.it\/product\/omologativi\/#breadcrumb","itemListElement":[{"@type":"ListItem","position":1,"name":"Home","item":"https:\/\/motycs.it\/"},{"@type":"ListItem","position":2,"name":"Shop","item":"https:\/\/motycs.it\/shop\/"},{"@type":"ListItem","position":3,"name":"Sistemi di controllo omologativi"}]},{"@type":"WebSite","@id":"https:\/\/motycs.it\/#website","url":"https:\/\/motycs.it\/","name":"MOTYCS","description":"","publisher":{"@id":"https:\/\/motycs.it\/#organization"},"potentialAction":[{"@type":"SearchAction","target":{"@type":"EntryPoint","urlTemplate":"https:\/\/motycs.it\/?s={search_term_string}"},"query-input":{"@type":"PropertyValueSpecification","valueRequired":true,"valueName":"search_term_string"}}],"inLanguage":"tr"},{"@type":"Organization","@id":"https:\/\/motycs.it\/#organization","name":"MOTYCS","url":"https:\/\/motycs.it\/","logo":{"@type":"ImageObject","inLanguage":"tr","@id":"https:\/\/motycs.it\/#\/schema\/logo\/image\/","url":"https:\/\/motycs.it\/wp-content\/uploads\/2022\/03\/orizz_bianc.jpg","contentUrl":"https:\/\/motycs.it\/wp-content\/uploads\/2022\/03\/orizz_bianc.jpg","width":600,"height":159,"caption":"MOTYCS"},"image":{"@id":"https:\/\/motycs.it\/#\/schema\/logo\/image\/"},"sameAs":["https:\/\/www.facebook.com\/motycs\/","https:\/\/www.instagram.com\/motycs.teq\/","https:\/\/www.linkedin.com\/company\/motycs\/","https:\/\/www.pinterest.it\/Motycsdynamometer\/","https:\/\/www.youtube.com\/channel\/UCl_9nwLJn-fMI6UMZVc0tZw"]}]}},"_links":{"self":[{"href":"https:\/\/motycs.it\/tr\/wp-json\/wp\/v2\/product\/1003","targetHints":{"allow":["GET"]}}],"collection":[{"href":"https:\/\/motycs.it\/tr\/wp-json\/wp\/v2\/product"}],"about":[{"href":"https:\/\/motycs.it\/tr\/wp-json\/wp\/v2\/types\/product"}],"wp:featuredmedia":[{"embeddable":true,"href":"https:\/\/motycs.it\/tr\/wp-json\/wp\/v2\/media\/1075"}],"wp:attachment":[{"href":"https:\/\/motycs.it\/tr\/wp-json\/wp\/v2\/media?parent=1003"}],"wp:term":[{"taxonomy":"product_cat","embeddable":true,"href":"https:\/\/motycs.it\/tr\/wp-json\/wp\/v2\/product_cat?post=1003"},{"taxonomy":"product_tag","embeddable":true,"href":"https:\/\/motycs.it\/tr\/wp-json\/wp\/v2\/product_tag?post=1003"}],"curies":[{"name":"wp","href":"https:\/\/api.w.org\/{rel}","templated":true}]}}