{"id":1002,"date":"2022-03-17T18:49:16","date_gmt":"2022-03-17T17:49:16","guid":{"rendered":"https:\/\/motycs.it\/?post_type=product&#038;p=1002"},"modified":"2023-05-26T10:30:54","modified_gmt":"2023-05-26T08:30:54","slug":"prova-potenza","status":"publish","type":"product","link":"https:\/\/motycs.it\/tr\/product\/guc-testleri\/","title":{"rendered":"Te\u015fhis ve Kalibrasyon"},"content":{"rendered":"<p>\u00dcr\u00fcnler <strong>geli\u015fmi\u015f, g\u00fcncel ve esnek<\/strong>; yetenekli <strong>M\u00fc\u015fterilerimizin profesyonelli\u011fine, yetkinli\u011fine ve ihtiya\u00e7lar\u0131na uyum sa\u011flamak<\/strong>.<\/p>\n<p><strong>Test tekrarlanabilirli\u011fi, donan\u0131m ve yaz\u0131l\u0131m\u0131n \u00f6zelle\u015ftirilmesi, problar\u0131n ve akt\u00fcat\u00f6rlerin uyumlulu\u011fu, toplam sistem geni\u015fletilebilirli\u011fi<\/strong>; bunlar, motor test sistemlerimizi geli\u015ftirmeyi her zaman sevdi\u011fimiz ilkelerdir.<\/p>\n<h6><strong>Motor test odas\u0131na \u00f6zel geni\u015f aksesuar yelpazesi <\/strong>(modele ba\u011fl\u0131 olarak):<\/h6>\n<ul>\n<li><strong>OBDII aray\u00fcz\u00fc<\/strong> ara\u00e7<\/li>\n<li><strong>Lambda problar\u0131 <\/strong>ve kontrol\u00f6r<\/li>\n<li>Giri\u015fler <strong>termokupllar<\/strong><\/li>\n<li><strong>24 kanala kadar<\/strong> analog\/dijital, geni\u015fletilebilir<\/li>\n<li><strong>Ba\u011flant\u0131 aray\u00fczleri<\/strong><\/li>\n<li><strong>Servo kontroll\u00fc s\u00fcr\u00fcc\u00fcler<\/strong><\/li>\n<li><strong>Kontroll\u00fc soketler<\/strong><\/li>\n<li><strong>End\u00fcktif pense<\/strong><\/li>\n<li><strong>Uzaktan kumanda<\/strong><\/li>\n<\/ul>\n<p><em><strong>N.B. T\u00fcm kitler sens\u00f6rler, kablolar ve montaj i\u00e7in yararl\u0131 ve gerekli aksesuarlarla birlikte verilir<\/strong>.<\/em><\/p>\n<h6><strong>TEST TEZGAHLARI I\u00c7IN KONTROL YAZILIMI \u00d6ZELLIKLERI <\/strong><strong>SPORT DEVICES<\/strong><\/h6>\n<ul>\n<li>Bu olabilir <strong>her t\u00fcrl\u00fc g\u00fc\u00e7 test tezgah\u0131na monte edilir<\/strong> d\u00fcnyas\u0131na adanm\u0131\u015f <strong>motor te\u015fhi\u0307si\u0307 ve kali\u0307brasyonu<\/strong><\/li>\n<li><strong>Geli\u015ftiricinin i\u015fini kolayla\u015ft\u0131rmak i\u00e7in tasarlanm\u0131\u015f modern, \u00f6zelle\u015ftirilebilir, hareketli pencere yaz\u0131l\u0131m\u0131<\/strong> prob\/kanal ve veri y\u00f6netiminde m\u00fcmk\u00fcn oldu\u011funca esneklik ve verimlilik<\/li>\n<li><strong>Ger\u00e7ek zamanl\u0131 olarak 3 ekrana kadar<\/strong> (\u00f6zel ekran kart\u0131 gerektirir)<\/li>\n<li>Bu izin verir <strong>s\u0131n\u0131rs\u0131z say\u0131da e\u011friyi kar\u015f\u0131la\u015ft\u0131r\u0131n<\/strong> veritaban\u0131ndan okunur ve farkl\u0131 bir renk atan\u0131r. Bu, a\u015fa\u011f\u0131dakileri m\u00fcmk\u00fcn k\u0131lar <strong>de\u011fi\u015fikliklerden \u00f6nce ve sonra de\u011fi\u015fiklikleri ve iyile\u015ftirmeleri de\u011ferlendirmek<\/strong>. Otomatik bir i\u015faret\u00e7i, nokta \u00f6l\u00e7\u00fcmlerine ek olarak t\u00fcm grafik boyunca e\u011friler aras\u0131ndaki fark\u0131 da \u00f6l\u00e7er,<\/li>\n<li><strong>D\u00fczeltme fakt\u00f6rleri<\/strong>ISO1585, SAEJ1349, DIN70020, JISD1001, EC95-1, EWG 80\/ 1269 (<strong>Ayr\u0131ca e\u011frilerin hava giri\u015f s\u0131cakl\u0131\u011f\u0131na g\u00f6re d\u00fczeltilmesini sa\u011flar<\/strong>OBD aray\u00fcz\u00fc veya harici prob arac\u0131l\u0131\u011f\u0131yla)<\/li>\n<li><strong>Yap\u0131lan farkl\u0131 testleri \u00fcst \u00fcste bindirerek kar\u015f\u0131la\u015ft\u0131rma imkan\u0131<\/strong><\/li>\n<li><strong>G\u00fc\u00e7 (Kw, Cv), tork (Kg*m, N*m) i\u00e7in \u00f6l\u00e7\u00fc birimi<\/strong> kullan\u0131c\u0131 taraf\u0131ndan se\u00e7ilebilir.<\/li>\n<li><a href=\"https:\/\/www.sportdevices.com\/sportdyno41-whats-new.php\">Yaz\u0131l\u0131m g\u00fcncellemeleri dahildir ve do\u011frudan web sitesinden indirilebilir<\/a><\/li>\n<li>Mevcut test modlar\u0131: <strong>Atalet, sabit frenleme, rampa, yol sim\u00fclasyonu, kararl\u0131 durum<\/strong>.<\/li>\n<li><strong>Y\u00fcksek h\u0131zl\u0131 Ethernet ba\u011flant\u0131s\u0131, CANBUS, Bluetooth (Opsiyonel), RS232<\/strong>.<\/li>\n<li><strong>OBDII ara\u00e7 aray\u00fcz\u00fc, entegre veya harici meteoroloji istasyonu. <\/strong><\/li>\n<li><strong>Farkl\u0131 egzoz analiz\u00f6r\u00fc modellerini destekler<\/strong><\/li>\n<li>Sistem, a\u015fa\u011f\u0131dakileri uygular <strong>kapal\u0131 d\u00f6ng\u00fc' fren kontrol\u00fc<\/strong>. Bilgisayar olmadan da \u00e7al\u0131\u015f\u0131r (uzaktan kumanda)<\/li>\n<li><strong>Gaz akt\u00fcat\u00f6r\u00fc, debriyaj akt\u00fcat\u00f6r\u00fc, \u015fanz\u0131man, fanlar\u0131n uzaktan kumandas\u0131<\/strong> PC yaz\u0131l\u0131m\u0131ndan vb.<\/li>\n<li><strong>Aray\u00fcz 10 dilde mevcuttur<\/strong>, \u0130talyanca dahil<\/li>\n<\/ul>\n<p><a href=\"https:\/\/www.sportdevices.com\/sportdyno.php\" target=\"_blank\" rel=\"noopener\">Buradan \u00f6\u011frenin <strong>yaz\u0131l\u0131m hakk\u0131nda daha fazla ayr\u0131nt\u0131<\/strong> Sportdyno kontrol\u00fcn\u00fcn<\/a> (Sport Devices web sitesinin \u0130NG\u0130L\u0130ZCE linki)<\/p>\n<p><a href=\"https:\/\/www.sportdevices.com\/download.php\" target=\"_blank\" rel=\"noopener\">Burada \u015funlar\u0131 yapabilirsiniz <strong>mevcut en son s\u00fcr\u00fcm\u00fc indirin ve y\u00fckleyin<\/strong>i\u015flevselli\u011fini g\u00f6rmek i\u00e7in<\/a> (Sport Devices web sitesinin \u0130NG\u0130L\u0130ZCE linki)<\/p>\n<h6><strong>VERI\u0307 TOPLAMA KANALLARI\u00a0<\/strong><\/h6>\n<ul>\n<li>Sport Devices kontrol ve toplama sistemi \u015funlar\u0131 sunar <strong>birka\u00e7 kanal da r\u00f6le alt\u0131nda<\/strong>lambda, bas\u0131n\u00e7 ve termokupl sens\u00f6rlerinden veri elde etmeye adanm\u0131\u015ft\u0131r; ister analog ister dijital olsun (sistemler SP6 versiyonunda 24 kanala kadar sunar). <strong>Test odas\u0131ndaki \u00e7e\u015fitli havaland\u0131rma sistemlerini ba\u011f\u0131ms\u0131z olarak y\u00f6netebilir<\/strong>, d\u00f6rt kontroll\u00fc, yap\u0131land\u0131r\u0131labilir ve ba\u011f\u0131ms\u0131z soket ile.<\/li>\n<\/ul>\n<h6><strong>Y\u00dcR\u00dcT\u00dcLEBILIR TESTLER<\/strong><\/h6>\n<ul>\n<li><strong>G\u00fc\u00e7 \u00d6l\u00e7\u00fcmleri<\/strong> (Tekerlekte, tahrik milinde, da\u011f\u0131t\u0131n)<\/li>\n<li><strong>H\u0131zlanma ve Yava\u015flama Testi<\/strong> (Ara\u00e7 harici y\u00fcklere maruz kald\u0131\u011f\u0131nda performans\u0131 de\u011ferlendirmek i\u00e7in)<\/li>\n<li><strong>Yol sim\u00fclasyonu<\/strong> (Te\u015fhis ara\u00e7lar\u0131 da dahil olmak \u00fczere ara\u00e7 performans\u0131n\u0131 kontrol etmek i\u00e7in)<\/li>\n<li><strong>Ataletsel h\u0131zlanma ve yava\u015flama testleri<\/strong><\/li>\n<li><strong>Ad\u0131m testleri, sabit turlar, tur\/devre sim\u00fclasyonu olarak programlanabilir testler<\/strong> (CSV dosyas\u0131)<\/li>\n<\/ul>\n<p><a href=\"https:\/\/motycs.it\/wp-content\/uploads\/2023\/05\/dyno-daq-system-motycs.jpg\"><img loading=\"lazy\" decoding=\"async\" class=\"aligncenter wp-image-1589 size-full\" title=\"sportdevices spordyno test tezgah\u0131\" src=\"https:\/\/motycs.it\/wp-content\/uploads\/2023\/05\/dyno-daq-system-motycs.jpg\" alt=\"yaz\u0131l\u0131m test tezgah\u0131 spor cihazlar\u0131\" width=\"800\" height=\"800\" srcset=\"https:\/\/motycs.it\/wp-content\/uploads\/2023\/05\/dyno-daq-system-motycs.jpg 800w, https:\/\/motycs.it\/wp-content\/uploads\/2023\/05\/dyno-daq-system-motycs-300x300.jpg 300w, https:\/\/motycs.it\/wp-content\/uploads\/2023\/05\/dyno-daq-system-motycs-150x150.jpg 150w, https:\/\/motycs.it\/wp-content\/uploads\/2023\/05\/dyno-daq-system-motycs-768x768.jpg 768w, https:\/\/motycs.it\/wp-content\/uploads\/2023\/05\/dyno-daq-system-motycs-600x600.jpg 600w, https:\/\/motycs.it\/wp-content\/uploads\/2023\/05\/dyno-daq-system-motycs-100x100.jpg 100w\" sizes=\"auto, (max-width: 800px) 100vw, 800px\" \/><\/a><\/p>\n<h6>\u0130\u00c7G\u00d6R\u00dcLER<\/h6>\n<ul>\n<li><strong><a href=\"https:\/\/motycs.it\/tr\/temel-kavramlar-sasi-dyno-test-tezgahlari\/\">Motor ve silindir test tezgahlar\u0131n\u0131n temel kavramlar\u0131n\u0131 ke\u015ffedin<\/a><\/strong><\/li>\n<li><strong><a href=\"https:\/\/motycs.it\/tr\/test-tezgahlari-4wd\/\">4WD ba\u011fl\u0131 aks g\u00fc\u00e7 test tezgahlar\u0131n\u0131n avantajlar\u0131<\/a><\/strong><\/li>\n<li><strong><a href=\"https:\/\/motycs.it\/tr\/benchi-prova-potenza-monorullo-birullo\/\">MONO-roller ve BI-roller test tezgahlar\u0131<\/a><\/strong><\/li>\n<li><a href=\"https:\/\/motycs.it\/tr\/guc-dagitimli-bankalar-geci\u0307rmez\/\"><strong>G\u00fc\u00e7 da\u011f\u0131l\u0131m\u0131<\/strong><\/a><\/li>\n<\/ul>","protected":false},"excerpt":{"rendered":"<p><strong>TEST TEZGAHINIZI G\u00dcNCELLEYIN\u00a0<\/strong><\/p>\n<ul>\n<li><strong>\u015eunlar i\u00e7in ge\u00e7erlidir<\/strong> <strong>her t\u00fcrl\u00fc test tezgah\u0131<\/strong> g\u00fc\u00e7<\/li>\n<li><strong>Son teknoloji \u00fcr\u00fcn\u00fc yaz\u0131l\u0131m<\/strong>hareketli paneller ile<\/li>\n<li><strong>24 adede kadar analog\/dijital kanal<\/strong><\/li>\n<\/ul>\n<p>Mevcut modelleri ke\u015ffedin (Sport Devices web sitesine ba\u011flant\u0131)<\/p>\n<div class=\"page\" title=\"Sayfa 4\">\n<div class=\"section\">\n<div class=\"layoutArea\">\n<div class=\"column\">\n<ul>\n<li><strong>2WD\/motosikletler<\/strong> atalet:\u00a0 <em><a href=\"https:\/\/www.sportdevices.com\/sp1.php\" target=\"_blank\" rel=\"noopener\">Mod. <strong>SP1<\/strong><\/a><\/em><\/li>\n<li><strong>2WD\/motosikletler<\/strong> frenlendi: <em><a href=\"https:\/\/www.sportdevices.com\/sp1_plus.php\" target=\"_blank\" rel=\"noopener\">Mod. <strong>SP1+<\/strong><\/a><\/em><\/li>\n<li><strong>4WD<\/strong> atalet:\u00a0 <em><a href=\"http:\/\/sportdevices.com\/sp1_plus.php\">Mod.<strong>SP1 AWDI<\/strong><\/a><strong>\u00a0 <\/strong><\/em><\/li>\n<li><strong>4WD<\/strong> Frenler:\u00a0 <em><a href=\"https:\/\/www.sportdevices.com\/sp5.php\">Mod: <strong>SP5<\/strong><\/a> \/ <strong><a href=\"https:\/\/www.sportdevices.com\/sp6.php\" target=\"_blank\" rel=\"noopener\">SP6<\/a><\/strong><\/em><\/li>\n<li><strong>2WD\/4WD frenli ayr\u0131ca HUB DYNO<\/strong>: <a href=\"https:\/\/www.sportdevices.com\/sp6.php\"><em>Mod. <strong>SP6<\/strong><\/em><\/a><\/li>\n<li><strong>Motor test tezgahlar\u0131:<\/strong> \u00a0<strong><em><a href=\"https:\/\/www.sportdevices.com\/sp1_plus.php\" target=\"_blank\" rel=\"noopener\">Mod. SP1+<\/a><\/em><\/strong> \/ <em><a href=\"https:\/\/www.sportdevices.com\/sp5.php\"><strong>SP5<\/strong><\/a> \/ <strong><a href=\"https:\/\/www.sportdevices.com\/sp6.php\" target=\"_blank\" rel=\"noopener\">SP6<\/a><\/strong><\/em><\/li>\n<\/ul>\n<\/div>\n<\/div>\n<\/div>\n<\/div>","protected":false},"featured_media":1146,"template":"","meta":[],"product_cat":[95],"product_tag":[108,107,143],"class_list":["post-1002","product","type-product","status-publish","has-post-thumbnail","hentry","product_cat-sistemi-di-controllo","product_tag-aggiornamento-banchi-prova-potenza","product_tag-sistemi-di-acquisizione","product_tag-software-banchi-prova"],"yoast_head":"<!-- This site is optimized with the Yoast SEO plugin v26.5 - https:\/\/yoast.com\/wordpress\/plugins\/seo\/ -->\n<title>Diagnosi e Calibrazione - MOTYCS<\/title>\n<meta name=\"description\" content=\"Rinnova il tuo banco prova potenza auto, moto o motore. Scopri i sistemi di controllo ed acquisizione Sport Devices. Contattaci per maggiori informazioni\" \/>\n<meta name=\"robots\" content=\"index, follow, max-snippet:-1, max-image-preview:large, max-video-preview:-1\" \/>\n<link rel=\"canonical\" href=\"https:\/\/motycs.it\/tr\/product\/guc-testleri\/\" \/>\n<meta property=\"og:locale\" content=\"tr_TR\" \/>\n<meta property=\"og:type\" content=\"article\" \/>\n<meta property=\"og:title\" content=\"Diagnosi e Calibrazione - MOTYCS\" \/>\n<meta property=\"og:description\" content=\"Rinnova il tuo banco prova potenza auto, moto o motore. Scopri i sistemi di controllo ed acquisizione Sport Devices. Contattaci per maggiori informazioni\" \/>\n<meta property=\"og:url\" content=\"https:\/\/motycs.it\/tr\/product\/guc-testleri\/\" \/>\n<meta property=\"og:site_name\" content=\"MOTYCS\" \/>\n<meta property=\"article:publisher\" content=\"https:\/\/www.facebook.com\/motycs\/\" \/>\n<meta property=\"article:modified_time\" content=\"2023-05-26T08:30:54+00:00\" \/>\n<meta property=\"og:image\" content=\"https:\/\/motycs.it\/wp-content\/uploads\/2022\/03\/SP5-motycs-bancoprovapotenza.jpeg\" \/>\n\t<meta property=\"og:image:width\" content=\"1200\" \/>\n\t<meta property=\"og:image:height\" content=\"846\" \/>\n\t<meta property=\"og:image:type\" content=\"image\/jpeg\" \/>\n<meta name=\"twitter:card\" content=\"summary_large_image\" \/>\n<meta name=\"twitter:label1\" content=\"Tahmini okuma s\u00fcresi\" \/>\n\t<meta name=\"twitter:data1\" content=\"3 dakika\" \/>\n<script type=\"application\/ld+json\" class=\"yoast-schema-graph\">{\"@context\":\"https:\/\/schema.org\",\"@graph\":[{\"@type\":\"WebPage\",\"@id\":\"https:\/\/motycs.it\/product\/prova-potenza\/\",\"url\":\"https:\/\/motycs.it\/product\/prova-potenza\/\",\"name\":\"Diagnosi e Calibrazione - MOTYCS\",\"isPartOf\":{\"@id\":\"https:\/\/motycs.it\/#website\"},\"primaryImageOfPage\":{\"@id\":\"https:\/\/motycs.it\/product\/prova-potenza\/#primaryimage\"},\"image\":{\"@id\":\"https:\/\/motycs.it\/product\/prova-potenza\/#primaryimage\"},\"thumbnailUrl\":\"https:\/\/motycs.it\/wp-content\/uploads\/2022\/03\/SP5-motycs-bancoprovapotenza.jpeg\",\"datePublished\":\"2022-03-17T17:49:16+00:00\",\"dateModified\":\"2023-05-26T08:30:54+00:00\",\"description\":\"Rinnova il tuo banco prova potenza auto, moto o motore. Scopri i sistemi di controllo ed acquisizione Sport Devices. Contattaci per maggiori informazioni\",\"breadcrumb\":{\"@id\":\"https:\/\/motycs.it\/product\/prova-potenza\/#breadcrumb\"},\"inLanguage\":\"tr\",\"potentialAction\":[{\"@type\":\"ReadAction\",\"target\":[\"https:\/\/motycs.it\/product\/prova-potenza\/\"]}]},{\"@type\":\"ImageObject\",\"inLanguage\":\"tr\",\"@id\":\"https:\/\/motycs.it\/product\/prova-potenza\/#primaryimage\",\"url\":\"https:\/\/motycs.it\/wp-content\/uploads\/2022\/03\/SP5-motycs-bancoprovapotenza.jpeg\",\"contentUrl\":\"https:\/\/motycs.it\/wp-content\/uploads\/2022\/03\/SP5-motycs-bancoprovapotenza.jpeg\",\"width\":1200,\"height\":846},{\"@type\":\"BreadcrumbList\",\"@id\":\"https:\/\/motycs.it\/product\/prova-potenza\/#breadcrumb\",\"itemListElement\":[{\"@type\":\"ListItem\",\"position\":1,\"name\":\"Home\",\"item\":\"https:\/\/motycs.it\/\"},{\"@type\":\"ListItem\",\"position\":2,\"name\":\"Shop\",\"item\":\"https:\/\/motycs.it\/shop\/\"},{\"@type\":\"ListItem\",\"position\":3,\"name\":\"Diagnosi e Calibrazione\"}]},{\"@type\":\"WebSite\",\"@id\":\"https:\/\/motycs.it\/#website\",\"url\":\"https:\/\/motycs.it\/\",\"name\":\"MOTYCS\",\"description\":\"\",\"publisher\":{\"@id\":\"https:\/\/motycs.it\/#organization\"},\"potentialAction\":[{\"@type\":\"SearchAction\",\"target\":{\"@type\":\"EntryPoint\",\"urlTemplate\":\"https:\/\/motycs.it\/?s={search_term_string}\"},\"query-input\":{\"@type\":\"PropertyValueSpecification\",\"valueRequired\":true,\"valueName\":\"search_term_string\"}}],\"inLanguage\":\"tr\"},{\"@type\":\"Organization\",\"@id\":\"https:\/\/motycs.it\/#organization\",\"name\":\"MOTYCS\",\"url\":\"https:\/\/motycs.it\/\",\"logo\":{\"@type\":\"ImageObject\",\"inLanguage\":\"tr\",\"@id\":\"https:\/\/motycs.it\/#\/schema\/logo\/image\/\",\"url\":\"https:\/\/motycs.it\/wp-content\/uploads\/2022\/03\/orizz_bianc.jpg\",\"contentUrl\":\"https:\/\/motycs.it\/wp-content\/uploads\/2022\/03\/orizz_bianc.jpg\",\"width\":600,\"height\":159,\"caption\":\"MOTYCS\"},\"image\":{\"@id\":\"https:\/\/motycs.it\/#\/schema\/logo\/image\/\"},\"sameAs\":[\"https:\/\/www.facebook.com\/motycs\/\",\"https:\/\/www.instagram.com\/motycs.teq\/\",\"https:\/\/www.linkedin.com\/company\/motycs\/\",\"https:\/\/www.pinterest.it\/Motycsdynamometer\/\",\"https:\/\/www.youtube.com\/channel\/UCl_9nwLJn-fMI6UMZVc0tZw\"]}]}<\/script>\n<!-- \/ Yoast SEO plugin. -->","yoast_head_json":{"title":"Diyagnoz ve Kalibrasyon - MOTYCS","description":"Otomobil, motosiklet veya motor g\u00fcc\u00fc test tezgah\u0131n\u0131z\u0131 yenileyin. Sport Devices kontrol ve toplama sistemlerini ke\u015ffedin. Daha fazla bilgi i\u00e7in bize ula\u015f\u0131n","robots":{"index":"index","follow":"follow","max-snippet":"max-snippet:-1","max-image-preview":"max-image-preview:large","max-video-preview":"max-video-preview:-1"},"canonical":"https:\/\/motycs.it\/tr\/product\/guc-testleri\/","og_locale":"tr_TR","og_type":"article","og_title":"Diagnosi e Calibrazione - MOTYCS","og_description":"Rinnova il tuo banco prova potenza auto, moto o motore. Scopri i sistemi di controllo ed acquisizione Sport Devices. Contattaci per maggiori informazioni","og_url":"https:\/\/motycs.it\/tr\/product\/guc-testleri\/","og_site_name":"MOTYCS","article_publisher":"https:\/\/www.facebook.com\/motycs\/","article_modified_time":"2023-05-26T08:30:54+00:00","og_image":[{"width":1200,"height":846,"url":"https:\/\/motycs.it\/wp-content\/uploads\/2022\/03\/SP5-motycs-bancoprovapotenza.jpeg","type":"image\/jpeg"}],"twitter_card":"summary_large_image","twitter_misc":{"Tahmini okuma s\u00fcresi":"3 dakika"},"schema":{"@context":"https:\/\/schema.org","@graph":[{"@type":"WebPage","@id":"https:\/\/motycs.it\/product\/prova-potenza\/","url":"https:\/\/motycs.it\/product\/prova-potenza\/","name":"Diyagnoz ve Kalibrasyon - MOTYCS","isPartOf":{"@id":"https:\/\/motycs.it\/#website"},"primaryImageOfPage":{"@id":"https:\/\/motycs.it\/product\/prova-potenza\/#primaryimage"},"image":{"@id":"https:\/\/motycs.it\/product\/prova-potenza\/#primaryimage"},"thumbnailUrl":"https:\/\/motycs.it\/wp-content\/uploads\/2022\/03\/SP5-motycs-bancoprovapotenza.jpeg","datePublished":"2022-03-17T17:49:16+00:00","dateModified":"2023-05-26T08:30:54+00:00","description":"Otomobil, motosiklet veya motor g\u00fcc\u00fc test tezgah\u0131n\u0131z\u0131 yenileyin. Sport Devices kontrol ve toplama sistemlerini ke\u015ffedin. Daha fazla bilgi i\u00e7in bize ula\u015f\u0131n","breadcrumb":{"@id":"https:\/\/motycs.it\/product\/prova-potenza\/#breadcrumb"},"inLanguage":"tr","potentialAction":[{"@type":"ReadAction","target":["https:\/\/motycs.it\/product\/prova-potenza\/"]}]},{"@type":"ImageObject","inLanguage":"tr","@id":"https:\/\/motycs.it\/product\/prova-potenza\/#primaryimage","url":"https:\/\/motycs.it\/wp-content\/uploads\/2022\/03\/SP5-motycs-bancoprovapotenza.jpeg","contentUrl":"https:\/\/motycs.it\/wp-content\/uploads\/2022\/03\/SP5-motycs-bancoprovapotenza.jpeg","width":1200,"height":846},{"@type":"BreadcrumbList","@id":"https:\/\/motycs.it\/product\/prova-potenza\/#breadcrumb","itemListElement":[{"@type":"ListItem","position":1,"name":"Home","item":"https:\/\/motycs.it\/"},{"@type":"ListItem","position":2,"name":"Shop","item":"https:\/\/motycs.it\/shop\/"},{"@type":"ListItem","position":3,"name":"Diagnosi e Calibrazione"}]},{"@type":"WebSite","@id":"https:\/\/motycs.it\/#website","url":"https:\/\/motycs.it\/","name":"MOTYCS","description":"","publisher":{"@id":"https:\/\/motycs.it\/#organization"},"potentialAction":[{"@type":"SearchAction","target":{"@type":"EntryPoint","urlTemplate":"https:\/\/motycs.it\/?s={search_term_string}"},"query-input":{"@type":"PropertyValueSpecification","valueRequired":true,"valueName":"search_term_string"}}],"inLanguage":"tr"},{"@type":"Organization","@id":"https:\/\/motycs.it\/#organization","name":"MOTYCS","url":"https:\/\/motycs.it\/","logo":{"@type":"ImageObject","inLanguage":"tr","@id":"https:\/\/motycs.it\/#\/schema\/logo\/image\/","url":"https:\/\/motycs.it\/wp-content\/uploads\/2022\/03\/orizz_bianc.jpg","contentUrl":"https:\/\/motycs.it\/wp-content\/uploads\/2022\/03\/orizz_bianc.jpg","width":600,"height":159,"caption":"MOTYCS"},"image":{"@id":"https:\/\/motycs.it\/#\/schema\/logo\/image\/"},"sameAs":["https:\/\/www.facebook.com\/motycs\/","https:\/\/www.instagram.com\/motycs.teq\/","https:\/\/www.linkedin.com\/company\/motycs\/","https:\/\/www.pinterest.it\/Motycsdynamometer\/","https:\/\/www.youtube.com\/channel\/UCl_9nwLJn-fMI6UMZVc0tZw"]}]}},"_links":{"self":[{"href":"https:\/\/motycs.it\/tr\/wp-json\/wp\/v2\/product\/1002","targetHints":{"allow":["GET"]}}],"collection":[{"href":"https:\/\/motycs.it\/tr\/wp-json\/wp\/v2\/product"}],"about":[{"href":"https:\/\/motycs.it\/tr\/wp-json\/wp\/v2\/types\/product"}],"wp:featuredmedia":[{"embeddable":true,"href":"https:\/\/motycs.it\/tr\/wp-json\/wp\/v2\/media\/1146"}],"wp:attachment":[{"href":"https:\/\/motycs.it\/tr\/wp-json\/wp\/v2\/media?parent=1002"}],"wp:term":[{"taxonomy":"product_cat","embeddable":true,"href":"https:\/\/motycs.it\/tr\/wp-json\/wp\/v2\/product_cat?post=1002"},{"taxonomy":"product_tag","embeddable":true,"href":"https:\/\/motycs.it\/tr\/wp-json\/wp\/v2\/product_tag?post=1002"}],"curies":[{"name":"wp","href":"https:\/\/api.w.org\/{rel}","templated":true}]}}