{"id":955,"date":"2022-03-15T19:14:52","date_gmt":"2022-03-15T18:14:52","guid":{"rendered":"https:\/\/motycs.it\/?page_id=955"},"modified":"2023-05-06T16:08:02","modified_gmt":"2023-05-06T14:08:02","slug":"chi-siamo","status":"publish","type":"page","link":"https:\/\/motycs.it\/tr\/biz-kimiz\/","title":{"rendered":"Hakk\u0131m\u0131zda"},"content":{"rendered":"<div data-vc-full-width=\"true\" data-vc-full-width-init=\"false\" class=\"vc_row wpb_row vc_row-fluid vc_custom_1661159702438 vc_row-has-fill\"><div class=\"wpb_column vc_column_container vc_col-sm-12\"><div class=\"vc_column-inner\"><div class=\"wpb_wrapper\"><div class=\"sc_section margin_top_large margin_bottom_large\" data-animation=\"animated fadeInUp normal\" style=\"max-width: 1030px; margin: auto;\"><div class=\"sc_section_inner\"><h6 class=\"sc_section_subtitle sc_item_subtitle\">Ho\u015f geldiniz!<\/h6><h3 class=\"sc_section_title sc_item_title sc_item_title_without_descr\">Hakk\u0131m\u0131zda<\/h3><div class=\"sc_section_content_wrap\">\n\t<div class=\"wpb_text_column wpb_content_element  vc_custom_1682407524825\" >\n\t\t<div class=\"wpb_wrapper\">\n\t\t\t<p><strong>MOTYCS<\/strong> bir araya getiriyor <strong>20 y\u0131ll\u0131k deneyim <\/strong>do\u011fmu\u015f ve b\u00fcy\u00fcm\u00fc\u015f ger\u00e7ekler <strong>\u0130talyan MotorValley<\/strong>, ki bu da <strong>tutku taraf\u0131ndan y\u00f6nlendirilen<\/strong>, \u00e7ok eski zamanlardan beri <strong>kaynaklar\u0131n\u0131 motor d\u00fcnyas\u0131na adam\u0131\u015ft\u0131r <\/strong>ve<strong>\u00a0test eki\u0307pmanlari.<\/strong><\/p>\n<p>Bu 20 y\u0131l\u0131 a\u015fk\u0131n deneyim ve i\u015fbirli\u011finde<strong>\u00a0otomotiv sekt\u00f6r\u00fcndeki prestijli \u015firketlerle<\/strong>, biz yaratt\u0131k <strong>\u00f6nemli\u0307 projeler <\/strong><strong>at <a href=\"https:\/\/motycs.it\/tr\/sistemler-homologlar\/\">farkl\u0131 uygulama alanlar\u0131<\/a>.<\/strong><\/p>\n\n\t\t<\/div>\n\t<\/div>\n<\/div><\/div><\/div><h4 class=\"sc_title sc_title_regular margin_bottom_small\">\u00dcR\u00dcN VE HI\u0307ZMETLERI\u0307MI\u0307Z<\/h4><div class=\"sc_accordion\" data-active=\"0\"><div class=\"sc_accordion_item odd first\"><h5 class=\"sc_accordion_title\"><span class=\"sc_accordion_icon sc_accordion_icon_closed icon-plus\"><\/span><span class=\"sc_accordion_icon sc_accordion_icon_opened icon-minus\"><\/span>G\u00dc\u00c7 TEST TEZGAHLARI VE DAQ'lar - SPOR C\u0130HAZLARI<\/h5><div class=\"sc_accordion_content\">\n\t<div class=\"wpb_text_column wpb_content_element\" >\n\t\t<div class=\"wpb_wrapper\">\n\t\t\t<p>Biz <strong>markan\u0131n m\u00fcnhas\u0131r distrib\u00fct\u00f6rleri <a href=\"https:\/\/www.sportdevices.com\/\">SPORT DEVICES<\/a>, at\u00f6lyeler ve HAZIRLAYICILAR i\u00e7in 20 y\u0131l\u0131 a\u015fk\u0131n s\u00fcredir ekipman geli\u015ftirmektedir, <\/strong>\u00dcr\u00fcn yelpazesi \u015funlar\u0131 i\u00e7erir:<\/p>\n<ul>\n<li><strong><a href=\"https:\/\/motycs.it\/tr\/product\/guc-testi-2wd\/\">2WD dyno ara\u00e7 g\u00fc\u00e7 test tezgahlar\u0131<\/a><\/strong><\/li>\n<li><a href=\"https:\/\/motycs.it\/tr\/product\/guc-testi-4wd\/\"><strong>Ba\u011fl\u0131 akslara sahip 4WD dyno g\u00fc\u00e7 test tezgahlar\u0131<\/strong><\/a><\/li>\n<li><a href=\"https:\/\/motycs.it\/tr\/product\/guc-testi-motosi\u0307kletler\/\"><strong>Motosiklet test tezgahlar\u0131<\/strong><\/a><\/li>\n<li><a href=\"https:\/\/motycs.it\/tr\/product\/guc-testleri\/\"><strong>Kontrol ve edinim sistemleri<\/strong><\/a> (i\u00e7in <strong>test tezgahlarinin yeni\u0307lenmesi\u0307<\/strong>)<\/li>\n<li><strong><a href=\"https:\/\/motycs.it\/tr\/product\/amortisor-makinesi\/\">Amortis\u00f6r test tezgahlar\u0131<\/a><\/strong><\/li>\n<\/ul>\n<p>Buradan \u00f6\u011frenin <strong><a href=\"https:\/\/motycs.it\/tr\/kurulum-banka-testi\u0307\/\">en son kurulumlarimizdan ve \u00fcr\u00fcn \u00f6zelli\u0307kleri\u0307mi\u0307zden bazilari<\/a><\/strong><\/p>\n\n\t\t<\/div>\n\t<\/div>\n<\/div><\/div><div class=\"sc_accordion_item even\"><h5 class=\"sc_accordion_title\"><span class=\"sc_accordion_icon sc_accordion_icon_closed icon-plus\"><\/span><span class=\"sc_accordion_icon sc_accordion_icon_opened icon-minus\"><\/span>ONAY, AR-GE VE HAT SONU \u0130\u00c7\u0130N TEST TEZGAHLARI VE DAQ'LAR<\/h5><div class=\"sc_accordion_content\">\n\t<div class=\"wpb_text_column wpb_content_element\" >\n\t\t<div class=\"wpb_wrapper\">\n\t\t\t<p><strong>\u00d6zel \u00e7\u00f6z\u00fcmler tasarl\u0131yor, hayata ge\u00e7iriyor ve sunuyoruz<\/strong>\u00e7e\u015fitli uygulama alanlar\u0131nda:<\/p>\n<ul>\n<li><a href=\"https:\/\/motycs.it\/tr\/product\/banchi-omologativi\/\"><strong>Homologasyon, ara\u015ft\u0131rma ve geli\u015ftirme, hat sonu i\u00e7in silindir test tezgahlar\u0131<\/strong><\/a><\/li>\n<li><a href=\"https:\/\/motycs.it\/tr\/product\/homologatif\/\"><strong>Homologasyon ve hat sonu sekt\u00f6r\u00fc i\u00e7in kontrol ve toplama sistemleri<\/strong><\/a><\/li>\n<\/ul>\n<p>T\u00fcm alanlarda bir <strong>Veri toplama ve y\u00f6netimi a\u00e7\u0131s\u0131ndan m\u00fc\u015fteri gereksinimlerine derinlemesine entegrasyon, ayn\u0131 zamanda s\u00fcre\u00e7 entegrasyonunu da ama\u00e7lamaktad\u0131r.<\/strong><\/p>\n<p><strong><a href=\"https:\/\/motycs.it\/tr\/sistemler-homologlar\/\">\u00c7\u00f6z\u00fcmlerimizin farkl\u0131 uygulama alanlar\u0131n\u0131 ke\u015ffedin<\/a><\/strong><\/p>\n\n\t\t<\/div>\n\t<\/div>\n<\/div><\/div><div class=\"sc_accordion_item odd\"><h5 class=\"sc_accordion_title\"><span class=\"sc_accordion_icon sc_accordion_icon_closed icon-plus\"><\/span><span class=\"sc_accordion_icon sc_accordion_icon_opened icon-minus\"><\/span>G\u00dcR\u00dcLT\u00dc VE TI\u0307TRE\u015eI\u0307M SI\u0307STEMLERI\u0307 (NVH)<\/h5><div class=\"sc_accordion_content\">\n\t<div class=\"wpb_text_column wpb_content_element\" >\n\t\t<div class=\"wpb_wrapper\">\n\t\t\t<p>Otomotiv sekt\u00f6r\u00fcnde de tan\u0131mlanm\u0131\u015ft\u0131r\u00a0<strong>NVH (G\u00fcr\u00fclt\u00fc Titre\u015fim Sertli\u011fi) sistemleri<\/strong>\u00a0say\u0131sal i\u015fleme ve dinamik sinyal analizi i\u00e7in tasarlanm\u0131\u015ft\u0131r.\u00a0<strong>akusti\u0307k ve ti\u0307tre\u015fi\u0307m anali\u0307zi\u0307<\/strong>'de kullan\u0131m i\u00e7indir:<\/p>\n<ul>\n<li><strong>Laboratuvar, Ara\u015ft\u0131rma ve Geli\u015ftirme<\/strong><\/li>\n<li><strong>\u00dcretim hatt\u0131 (hat sonu)<\/strong><\/li>\n<li><strong>Tesislerin izlenmesi, <\/strong><strong>kali\u0307te kontrol<\/strong><\/li>\n<\/ul>\n<p><a href=\"https:\/\/motycs.it\/tr\/product\/sistemler-gurultu-ve-titresim\/\"><strong>G\u00fcr\u00fclt\u00fc Titre\u015fim Sertli\u011fi \u00fcr\u00fcnleri ve sistemleri sayfas\u0131n\u0131 ziyaret edin<\/strong><\/a><\/p>\n\n\t\t<\/div>\n\t<\/div>\n<\/div><\/div><div id=\"sc_accordion_item_1661160449203_0\" class=\"sc_accordion_item even\"><h5 class=\"sc_accordion_title\"><span class=\"sc_accordion_icon sc_accordion_icon_closed icon-plus\"><\/span><span class=\"sc_accordion_icon sc_accordion_icon_opened icon-minus\"><\/span>MOTOR TEST ODALARI VE AKSESUARLARI<\/h5><div class=\"sc_accordion_content\">\n\t<div class=\"wpb_text_column wpb_content_element\" >\n\t\t<div class=\"wpb_wrapper\">\n\t\t\t<p>Tasarl\u0131yor ve tedarik ediyoruz <strong>komple ses ge\u00e7irmez prova odalar\u0131 ve aksesuarlar\u0131, <\/strong>\u00f6zel testler de dahil olmak \u00fczere t\u00fcm test alanlar\u0131 i\u00e7in<strong>, homologasyon kapsam\u0131:<\/strong><\/p>\n<ul>\n<li><a href=\"https:\/\/motycs.it\/tr\/product\/tuzluklar\/\"><strong>Hava i\u015fleme sistemleri ile tamamlanm\u0131\u015f ses yal\u0131t\u0131ml\u0131 motor test odalar\u0131<\/strong><\/a><\/li>\n<li><a href=\"https:\/\/motycs.it\/tr\/product\/duman-cikarma\/\"><strong>Duman emme sistemleri<\/strong><\/a> ve <a href=\"https:\/\/motycs.it\/tr\/product\/havalandirma\/\"><strong>motor havaland\u0131rmas\u0131<\/strong><\/a><\/li>\n<\/ul>\n<p>Salonlar <strong>farkl\u0131 uygulama ihtiya\u00e7lar\u0131n\u0131 kar\u015f\u0131lamak \u00fczere tasarlanm\u0131\u015f ve tasarlanmaktad\u0131r<\/strong>, farkl\u0131 sekt\u00f6rlerde (otomotiv, tar\u0131m, hidrolik, vb.).<\/p>\n\n\t\t<\/div>\n\t<\/div>\n<\/div><\/div><div id=\"sc_accordion_item_1661160449203_0\" class=\"sc_accordion_item odd\"><h5 class=\"sc_accordion_title\"><span class=\"sc_accordion_icon sc_accordion_icon_closed icon-plus\"><\/span><span class=\"sc_accordion_icon sc_accordion_icon_opened icon-minus\"><\/span>MOTOR VE ARA\u00c7 TEST MERKEZI\u0307<\/h5><div class=\"sc_accordion_content\">\n\t<div class=\"wpb_text_column wpb_content_element\" >\n\t\t<div class=\"wpb_wrapper\">\n\t\t\t<p><strong>Bizde <a href=\"https:\/\/motycs.it\/tr\/services-test-engines\/#:~:text=SALE-,BANCHI,-PROVA MOTORE\">motor test odalari<\/a>, motor ve silindir tezgahlar\u0131 ile donat\u0131lm\u0131\u015f, i\u00e7in <a href=\"https:\/\/motycs.it\/tr\/services-test-engines\/#:~:text=BANCO PROVA A-,RULLI,-AUTO\">arabalar<\/a> e <a href=\"https:\/\/motycs.it\/tr\/services-test-engines\/#:~:text=BANCO PROVA A-,RULLI,-PER MOTOCICLI\">MOTOS\u0130KLETLER<\/a>. <\/strong>ile donat\u0131lm\u0131\u015f tesisler<strong> son teknoloji sens\u00f6rlerden olu\u015fan eksiksiz \u00fcr\u00fcn yelpazesi<\/strong>. Zaman i\u00e7inde becerilerimizi ve hizmetlerimizi geni\u015flettik: <strong>prototipten <\/strong>kadar<strong>veri analizini takip edin <\/strong>e<strong> yol testi:<\/strong><\/p>\n<ul>\n<li><strong>TEST TEZGAHLARINDA TESTLER<\/strong> MOTOR VE SILINDIR TEZGAHLARI<\/li>\n<li><strong>\u00d6N ONAY <\/strong>ED<strong> HOMOLOGASYON<\/strong> <strong>MOTORLAR<\/strong>, <strong>ECU KALI\u0307BRASYONU<\/strong><\/li>\n<li><strong>DE\u011eERLEND\u0130RME <\/strong>E<strong> PERFORMANS I\u0307YI\u0307LE\u015eTI\u0307RME<\/strong><\/li>\n<li><strong>EMISYON DO\u011eRULAMASI, <\/strong><strong>VERI TOPLAMA, <\/strong><strong>YOL TEST\u0130 <\/strong>E<strong> DEVRE<\/strong><\/li>\n<\/ul>\n<p><a href=\"https:\/\/motycs.it\/tr\/services-test-engines\/\"><strong>Daha fazlas\u0131n\u0131 \u00f6\u011frenin<\/strong> at <strong>motor test sayfas\u0131.<\/strong><\/a><\/p>\n\n\t\t<\/div>\n\t<\/div>\n<\/div><\/div><\/div>\n\t<div class=\"wpb_text_column wpb_content_element  vc_custom_1683381752019\" >\n\t\t<div class=\"wpb_wrapper\">\n\t\t\t<h5><strong>SATI\u015e \u00d6NCESI VE SONRASI HIZMET<\/strong><\/h5>\n<p>Karma\u015f\u0131k ve son derece \u00f6zelle\u015ftirilmi\u015f \u00fcr\u00fcnlerle u\u011fra\u015f\u0131yoruz, bu nedenle <strong>M\u00fc\u015fterilerimize \u00e7ok h\u0131zl\u0131 bir yan\u0131t s\u00fcresi sunabilmek temel de\u011ferimizdir<\/strong>, ger\u00e7ek operasyonel s\u00fcreklili\u011fi ve m\u00fcmk\u00fcn olan en y\u00fcksek verimlili\u011fi sa\u011flamak gibi.<\/p>\n<p>Biz sa\u011fl\u0131yoruz\u00a0 <strong>kurulum, kali\u0307brasyon ve bakim hi\u0307zmetleri\u0307 <\/strong>t\u00fcm \u00fcr\u00fcn yelpazemiz i\u00e7in, <strong>Avrupa \u00e7ap\u0131nda.<\/strong>.<\/p>\n<h5><strong>END\u00dcSTR\u0130 4.0<\/strong><\/h5>\n<p><strong>T\u00fcm \u00fcr\u00fcnlerimiz avantajlardan yararlanabilir<\/strong> End\u00fcstri 4.0 d\u00fczenlemelerinden kaynaklanan. Ayr\u0131ca \u015funlar\u0131 ger\u00e7ekle\u015ftirmenizde de size destek olabiliriz <strong>Evraklar\u0131n d\u00fczg\u00fcn bir \u015fekilde tamamlanmas\u0131n\u0131 desteklemek i\u00e7in yeminli uzmanl\u0131k.<\/strong>.<\/p>\n<h5><strong>I\u0307\u015eBI\u0307RLI\u0307KLERI\u0307<\/strong><\/h5>\n<div class=\"page\" title=\"Sayfa 2\">\n<div class=\"section\">\n<div class=\"layoutArea\">\n<div class=\"column\">\n<p>Biz \u00e7al\u0131\u015f\u0131yoruz <strong>otomobil gelene\u011finin en prestijli \u015firketlerinden baz\u0131lar\u0131yla yak\u0131n i\u015fbirli\u011fi<\/strong>, kendimizi <strong>stratejik ortakl\u0131klar kurmaya artan de\u011fer katmak<\/strong>; m\u00fc\u015fterilerle s\u00fcrekli ve g\u00fcvene dayal\u0131 ili\u015fkiler geli\u015ftirmek.<\/p>\n<h5>\u0130\u00c7G\u00d6R\u00dcLER<\/h5>\n<ul>\n<li><a href=\"https:\/\/motycs.it\/tr\/tarih-bankalari-guc-a-silindirlerini-kanitliyor\/\"><strong>Makaral\u0131 test tezgahlar\u0131n\u0131n tarih\u00e7esi<\/strong><\/a><\/li>\n<li><a href=\"https:\/\/motycs.it\/tr\/guc-dagitimli-bankalar-geci\u0307rmez\/\"><strong>G\u00fc\u00e7 da\u011f\u0131t\u0131m\u0131 nedir?<\/strong><\/a><\/li>\n<li><strong><a href=\"https:\/\/motycs.it\/tr\/test-tezgahlari-4wd\/\">Ba\u011flant\u0131l\u0131 akslara sahip 4\u00d74 test tezgahlar\u0131n\u0131n avantajlar\u0131<\/a><\/strong><\/li>\n<li><a href=\"https:\/\/motycs.it\/tr\/faktorler-duzeltme-gucu\/\"><b>G\u00fc\u00e7 d\u00fczeltme fakt\u00f6rleri DIN, CE, SAE...<\/b><\/a><\/li>\n<li><strong><a href=\"https:\/\/motycs.it\/tr\/sistemler-homologlar\/\">Homologasyon ve hat sonu tezgahlar\u0131<\/a><\/strong> uygulama alanlari<\/li>\n<\/ul>\n<p><strong><a href=\"https:\/\/motycs.it\/tr\/kisiler\/\">Daha fazla bilgi i\u00e7in, herhangi bir y\u00fck\u00fcml\u00fcl\u00fck alt\u0131na girmeden bizimle ileti\u015fime ge\u00e7in <\/a><\/strong><\/p>\n<\/div>\n<\/div>\n<\/div>\n<\/div>\n\n\t\t<\/div>\n\t<\/div>\n<\/div><\/div><\/div><\/div><div class=\"vc_row-full-width vc_clearfix\"><\/div><div class=\"vc_row wpb_row vc_row-fluid\"><div class=\"wpb_column vc_column_container vc_col-sm-12\"><div class=\"vc_column-inner\"><div class=\"wpb_wrapper\"><div class=\"wpb_gallery wpb_content_element vc_clearfix\" ><div class=\"wpb_wrapper\"><h2 class=\"wpb_heading wpb_gallery_heading\">galeri<\/h2><div class=\"wpb_gallery_slides wpb_slider_nivo theme-default\" data-interval=\"3\"><div class=\"nivoSlider\"><img loading=\"lazy\" decoding=\"async\" class=\"\" src=\"https:\/\/motycs.it\/wp-content\/uploads\/2023\/05\/chassisdyno-4wd-linked-chassis-dynamometer-motycs.jpg\" width=\"800\" height=\"800\" alt=\"test tezgah\u0131-g\u00fc\u00e7-4x4-motycs\" title=\"chassisdyno-4wd-ba\u011flant\u0131l\u0131-kasa-dinamometre-motycs\" \/><img loading=\"lazy\" decoding=\"async\" class=\"\" src=\"https:\/\/motycs.it\/wp-content\/uploads\/2023\/05\/sistemacontrolloedacquisizione.jpg\" width=\"800\" height=\"800\" alt=\"Veri toplama sistemlerimiz\" title=\"kontrol ve toplama si\u0307stemi\u0307\" \/><img loading=\"lazy\" decoding=\"async\" class=\"\" src=\"https:\/\/motycs.it\/wp-content\/uploads\/2022\/09\/IMG_0809-800x800.jpg\" width=\"800\" height=\"800\" alt=\"IMG_0809\" title=\"IMG_0809\" \/><img loading=\"lazy\" decoding=\"async\" class=\"\" src=\"https:\/\/motycs.it\/wp-content\/uploads\/2023\/05\/dyno-controlo-room-motycs.jpg\" width=\"800\" height=\"800\" alt=\"motor test tezgah\u0131 kontrol sistemi\" title=\"dyno-controlo-room-motycs\" \/><img loading=\"lazy\" decoding=\"async\" class=\"\" src=\"https:\/\/motycs.it\/wp-content\/uploads\/2022\/03\/admtech-motycs-2wd-dynamometer-800x800.jpg\" width=\"800\" height=\"800\" alt=\"2wd dyno motycs spor ci\u0307hazlari\" title=\"admtech-motycs-2wd-dinamometre\" \/><img loading=\"lazy\" decoding=\"async\" class=\"\" src=\"https:\/\/motycs.it\/wp-content\/uploads\/2023\/05\/dyno-daq-system-motycs.jpg\" width=\"800\" height=\"800\" alt=\"yaz\u0131l\u0131m test tezgah\u0131 spor cihazlar\u0131\" title=\"dyno-daq-system-motycs\" \/><img loading=\"lazy\" decoding=\"async\" class=\"\" src=\"https:\/\/motycs.it\/wp-content\/uploads\/2023\/05\/2wd-banco-prova-potenza-motycs-dynamometer.jpg\" width=\"800\" height=\"800\" alt=\"2wd-bank-test-g\u00fc\u00e7-motycs-dinamometre\" title=\"2wd-bank-test-g\u00fc\u00e7-motycs-dinamometre\" \/><img loading=\"lazy\" decoding=\"async\" class=\"\" src=\"https:\/\/motycs.it\/wp-content\/uploads\/2022\/09\/IMG_0755-800x800.jpg\" width=\"800\" height=\"800\" alt=\"proca makaral\u0131 tezgah 3 ekran\" title=\"IMG_0755\" \/><img loading=\"lazy\" decoding=\"async\" class=\"\" src=\"https:\/\/motycs.it\/wp-content\/uploads\/2023\/04\/Sonde_SP5-motycs-banco-prova-potenza.jpg\" width=\"800\" height=\"724\" alt=\"test tezgah\u0131 aray\u00fcz\u00fc spor cihazlar\u0131\" title=\"Sonde_SP5-motycs-bank-test-power\" \/><img loading=\"lazy\" decoding=\"async\" class=\"\" src=\"https:\/\/motycs.it\/wp-content\/uploads\/2023\/05\/4wd-banco-prova-potenza-motycs-master-tuning-dyno.jpg\" width=\"800\" height=\"800\" alt=\"motycs mastertuning g\u00fc\u00e7 test tezgah\u0131\" title=\"4wd-bank-test-power-motycs-master-tuning-dyno\" \/><\/div><\/div><\/div><\/div><\/div><\/div><\/div><\/div>","protected":false},"excerpt":{"rendered":"Ho\u015fgeldiniz Hakk\u0131m\u0131zda MOTYCS, \u0130talyan Motor Vadisi'nde do\u011fup b\u00fcy\u00fcyen ve tutku ile kaynaklar\u0131n\u0131 her zaman motor ve test ekipman\u0131 d\u00fcnyas\u0131na adam\u0131\u015f \u015firketlerin yirmi y\u0131ll\u0131k deneyimini bir araya getiriyor Bu 20 y\u0131l\u0131 a\u015fk\u0131n deneyim ve otomotiv sekt\u00f6r\u00fcndeki prestijli \u015firketlerle i\u015fbirli\u011fi i\u00e7inde, [...]","protected":false},"author":1,"featured_media":0,"parent":0,"menu_order":0,"comment_status":"closed","ping_status":"closed","template":"","meta":{"footnotes":""},"class_list":["post-955","page","type-page","status-publish","hentry"],"yoast_head":"<!-- This site is optimized with the Yoast SEO plugin v26.5 - https:\/\/yoast.com\/wordpress\/plugins\/seo\/ -->\n<title>Motycs chi siamo<\/title>\n<meta name=\"description\" content=\"Da oltre 20 anni realizziamo banchi prova e servizi di testing motori ed altri sistemi. Siamo distributori esclusivi prodotti Sport Devices\" \/>\n<meta name=\"robots\" content=\"index, follow, max-snippet:-1, max-image-preview:large, max-video-preview:-1\" \/>\n<link rel=\"canonical\" href=\"https:\/\/motycs.it\/tr\/biz-kimiz\/\" \/>\n<meta property=\"og:locale\" content=\"tr_TR\" \/>\n<meta property=\"og:type\" content=\"article\" \/>\n<meta property=\"og:title\" content=\"Motycs chi siamo\" \/>\n<meta property=\"og:description\" content=\"Da oltre 20 anni realizziamo banchi prova e servizi di testing motori ed altri sistemi. Siamo distributori esclusivi prodotti Sport Devices\" \/>\n<meta property=\"og:url\" content=\"https:\/\/motycs.it\/tr\/biz-kimiz\/\" \/>\n<meta property=\"og:site_name\" content=\"MOTYCS\" \/>\n<meta property=\"article:publisher\" content=\"https:\/\/www.facebook.com\/motycs\/\" \/>\n<meta property=\"article:modified_time\" content=\"2023-05-06T14:08:02+00:00\" \/>\n<meta property=\"og:image\" content=\"https:\/\/motycs.it\/wp-content\/uploads\/2023\/05\/lancia-delta-integrale-banco-prova-potenza-dyno.jpg\" \/>\n\t<meta property=\"og:image:width\" content=\"800\" \/>\n\t<meta property=\"og:image:height\" content=\"800\" \/>\n\t<meta property=\"og:image:type\" content=\"image\/jpeg\" \/>\n<meta name=\"twitter:card\" content=\"summary_large_image\" \/>\n<meta name=\"twitter:label1\" content=\"Tahmini okuma s\u00fcresi\" \/>\n\t<meta name=\"twitter:data1\" content=\"7 dakika\" \/>\n<script type=\"application\/ld+json\" class=\"yoast-schema-graph\">{\"@context\":\"https:\/\/schema.org\",\"@graph\":[{\"@type\":\"WebPage\",\"@id\":\"https:\/\/motycs.it\/chi-siamo\/\",\"url\":\"https:\/\/motycs.it\/chi-siamo\/\",\"name\":\"Motycs chi siamo\",\"isPartOf\":{\"@id\":\"https:\/\/motycs.it\/#website\"},\"datePublished\":\"2022-03-15T18:14:52+00:00\",\"dateModified\":\"2023-05-06T14:08:02+00:00\",\"description\":\"Da oltre 20 anni realizziamo banchi prova e servizi di testing motori ed altri sistemi. Siamo distributori esclusivi prodotti Sport Devices\",\"breadcrumb\":{\"@id\":\"https:\/\/motycs.it\/chi-siamo\/#breadcrumb\"},\"inLanguage\":\"tr\",\"potentialAction\":[{\"@type\":\"ReadAction\",\"target\":[\"https:\/\/motycs.it\/chi-siamo\/\"]}]},{\"@type\":\"BreadcrumbList\",\"@id\":\"https:\/\/motycs.it\/chi-siamo\/#breadcrumb\",\"itemListElement\":[{\"@type\":\"ListItem\",\"position\":1,\"name\":\"Home\",\"item\":\"https:\/\/motycs.it\/\"},{\"@type\":\"ListItem\",\"position\":2,\"name\":\"Chi siamo\"}]},{\"@type\":\"WebSite\",\"@id\":\"https:\/\/motycs.it\/#website\",\"url\":\"https:\/\/motycs.it\/\",\"name\":\"MOTYCS\",\"description\":\"\",\"publisher\":{\"@id\":\"https:\/\/motycs.it\/#organization\"},\"potentialAction\":[{\"@type\":\"SearchAction\",\"target\":{\"@type\":\"EntryPoint\",\"urlTemplate\":\"https:\/\/motycs.it\/?s={search_term_string}\"},\"query-input\":{\"@type\":\"PropertyValueSpecification\",\"valueRequired\":true,\"valueName\":\"search_term_string\"}}],\"inLanguage\":\"tr\"},{\"@type\":\"Organization\",\"@id\":\"https:\/\/motycs.it\/#organization\",\"name\":\"MOTYCS\",\"url\":\"https:\/\/motycs.it\/\",\"logo\":{\"@type\":\"ImageObject\",\"inLanguage\":\"tr\",\"@id\":\"https:\/\/motycs.it\/#\/schema\/logo\/image\/\",\"url\":\"https:\/\/motycs.it\/wp-content\/uploads\/2022\/03\/orizz_bianc.jpg\",\"contentUrl\":\"https:\/\/motycs.it\/wp-content\/uploads\/2022\/03\/orizz_bianc.jpg\",\"width\":600,\"height\":159,\"caption\":\"MOTYCS\"},\"image\":{\"@id\":\"https:\/\/motycs.it\/#\/schema\/logo\/image\/\"},\"sameAs\":[\"https:\/\/www.facebook.com\/motycs\/\",\"https:\/\/www.instagram.com\/motycs.teq\/\",\"https:\/\/www.linkedin.com\/company\/motycs\/\",\"https:\/\/www.pinterest.it\/Motycsdynamometer\/\",\"https:\/\/www.youtube.com\/channel\/UCl_9nwLJn-fMI6UMZVc0tZw\"]}]}<\/script>\n<!-- \/ Yoast SEO plugin. -->","yoast_head_json":{"title":"Motycs biz kimiz","description":"20 y\u0131l\u0131 a\u015fk\u0131n s\u00fcredir motorlar ve di\u011fer sistemler i\u00e7in test tezgahlar\u0131 ve test hizmetleri sa\u011fl\u0131yoruz. Sport Devices \u00fcr\u00fcnlerinin m\u00fcnhas\u0131r distrib\u00fct\u00f6r\u00fcy\u00fcz","robots":{"index":"index","follow":"follow","max-snippet":"max-snippet:-1","max-image-preview":"max-image-preview:large","max-video-preview":"max-video-preview:-1"},"canonical":"https:\/\/motycs.it\/tr\/biz-kimiz\/","og_locale":"tr_TR","og_type":"article","og_title":"Motycs chi siamo","og_description":"Da oltre 20 anni realizziamo banchi prova e servizi di testing motori ed altri sistemi. Siamo distributori esclusivi prodotti Sport Devices","og_url":"https:\/\/motycs.it\/tr\/biz-kimiz\/","og_site_name":"MOTYCS","article_publisher":"https:\/\/www.facebook.com\/motycs\/","article_modified_time":"2023-05-06T14:08:02+00:00","og_image":[{"width":800,"height":800,"url":"https:\/\/motycs.it\/wp-content\/uploads\/2023\/05\/lancia-delta-integrale-banco-prova-potenza-dyno.jpg","type":"image\/jpeg"}],"twitter_card":"summary_large_image","twitter_misc":{"Tahmini okuma s\u00fcresi":"7 dakika"},"schema":{"@context":"https:\/\/schema.org","@graph":[{"@type":"WebPage","@id":"https:\/\/motycs.it\/chi-siamo\/","url":"https:\/\/motycs.it\/chi-siamo\/","name":"Motycs biz kimiz","isPartOf":{"@id":"https:\/\/motycs.it\/#website"},"datePublished":"2022-03-15T18:14:52+00:00","dateModified":"2023-05-06T14:08:02+00:00","description":"20 y\u0131l\u0131 a\u015fk\u0131n s\u00fcredir motorlar ve di\u011fer sistemler i\u00e7in test tezgahlar\u0131 ve test hizmetleri sa\u011fl\u0131yoruz. Sport Devices \u00fcr\u00fcnlerinin m\u00fcnhas\u0131r distrib\u00fct\u00f6r\u00fcy\u00fcz","breadcrumb":{"@id":"https:\/\/motycs.it\/chi-siamo\/#breadcrumb"},"inLanguage":"tr","potentialAction":[{"@type":"ReadAction","target":["https:\/\/motycs.it\/chi-siamo\/"]}]},{"@type":"BreadcrumbList","@id":"https:\/\/motycs.it\/chi-siamo\/#breadcrumb","itemListElement":[{"@type":"ListItem","position":1,"name":"Home","item":"https:\/\/motycs.it\/"},{"@type":"ListItem","position":2,"name":"Chi siamo"}]},{"@type":"WebSite","@id":"https:\/\/motycs.it\/#website","url":"https:\/\/motycs.it\/","name":"MOTYCS","description":"","publisher":{"@id":"https:\/\/motycs.it\/#organization"},"potentialAction":[{"@type":"SearchAction","target":{"@type":"EntryPoint","urlTemplate":"https:\/\/motycs.it\/?s={search_term_string}"},"query-input":{"@type":"PropertyValueSpecification","valueRequired":true,"valueName":"search_term_string"}}],"inLanguage":"tr"},{"@type":"Organization","@id":"https:\/\/motycs.it\/#organization","name":"MOTYCS","url":"https:\/\/motycs.it\/","logo":{"@type":"ImageObject","inLanguage":"tr","@id":"https:\/\/motycs.it\/#\/schema\/logo\/image\/","url":"https:\/\/motycs.it\/wp-content\/uploads\/2022\/03\/orizz_bianc.jpg","contentUrl":"https:\/\/motycs.it\/wp-content\/uploads\/2022\/03\/orizz_bianc.jpg","width":600,"height":159,"caption":"MOTYCS"},"image":{"@id":"https:\/\/motycs.it\/#\/schema\/logo\/image\/"},"sameAs":["https:\/\/www.facebook.com\/motycs\/","https:\/\/www.instagram.com\/motycs.teq\/","https:\/\/www.linkedin.com\/company\/motycs\/","https:\/\/www.pinterest.it\/Motycsdynamometer\/","https:\/\/www.youtube.com\/channel\/UCl_9nwLJn-fMI6UMZVc0tZw"]}]}},"_links":{"self":[{"href":"https:\/\/motycs.it\/tr\/wp-json\/wp\/v2\/pages\/955","targetHints":{"allow":["GET"]}}],"collection":[{"href":"https:\/\/motycs.it\/tr\/wp-json\/wp\/v2\/pages"}],"about":[{"href":"https:\/\/motycs.it\/tr\/wp-json\/wp\/v2\/types\/page"}],"author":[{"embeddable":true,"href":"https:\/\/motycs.it\/tr\/wp-json\/wp\/v2\/users\/1"}],"replies":[{"embeddable":true,"href":"https:\/\/motycs.it\/tr\/wp-json\/wp\/v2\/comments?post=955"}],"version-history":[{"count":97,"href":"https:\/\/motycs.it\/tr\/wp-json\/wp\/v2\/pages\/955\/revisions"}],"predecessor-version":[{"id":1643,"href":"https:\/\/motycs.it\/tr\/wp-json\/wp\/v2\/pages\/955\/revisions\/1643"}],"wp:attachment":[{"href":"https:\/\/motycs.it\/tr\/wp-json\/wp\/v2\/media?parent=955"}],"curies":[{"name":"wp","href":"https:\/\/api.w.org\/{rel}","templated":true}]}}