{"id":4,"date":"2016-09-12T08:33:47","date_gmt":"2016-09-12T08:33:47","guid":{"rendered":"https:\/\/motycs.it\/?page_id=4"},"modified":"2023-05-30T08:40:46","modified_gmt":"2023-05-30T06:40:46","slug":"motycs-banchi-prova-homepage","status":"publish","type":"page","link":"https:\/\/motycs.it\/tr\/","title":{"rendered":"Silindir test tezgahlar\u0131 ve motor test odalar\u0131"},"content":{"rendered":"<div class=\"vc_row wpb_row vc_row-fluid vc_custom_1474275685317\"><div class=\"wpb_column vc_column_container vc_col-sm-12 vc_col-has-fill\"><div class=\"vc_column-inner vc_custom_1646748953323\"><div class=\"wpb_wrapper\"><div class=\"columns_wrap sc_columns columns_nofluid no_margins sc_columns_count_12\" data-animation=\"animated fadeIn normal\"><div class=\"column-5_12 sc_column_item sc_column_item_1 odd first span_5\" style=\"text-align:center;\"><div class=\"sc_section margin_top_null section_style_call_section scheme_original aligncenter\" style=\"font-size:1.15em; line-height: 1.3em;font-weight:400;\"><div class=\"sc_section_inner\"><h6 class=\"sc_section_subtitle sc_item_subtitle\">HO\u015eGELD\u0130N\u0130Z!<\/h6><div class=\"sc_section_descr sc_item_descr\">Motor, ara\u00e7 ve ekipman testlerinde 20 y\u0131l\u0131 a\u015fk\u0131n tecr\u00fcbemizi Motycs'te toplad\u0131k.<br \/>\nHomologasyon, hat sonu, motor kalibrasyonu ve te\u015fhis sekt\u00f6rleri i\u00e7in test tezgahlar\u0131 ve kontrol sistemleri tasarl\u0131yor, \u00fcretiyor ve tedarik ediyoruz.<\/div><div class=\"sc_section_content_wrap\"><\/div><div class=\"sc_section_button sc_item_button\"><a href=\"https:\/\/motycs.it\/tr\/biz-kimiz\/\" class=\"sc_button sc_button_square sc_button_style_filled sc_button_size_large\">Biz Kimiz<\/a><\/div><\/div><\/div><\/div><div class=\"column-7_12 sc_column_item sc_column_item_6 even span_7\"><\/div><\/div><div class=\"vc_empty_space\"   style=\"height: 64px\"><span class=\"vc_empty_space_inner\"><\/span><\/div><\/div><\/div><\/div><\/div><div data-vc-full-width=\"true\" data-vc-full-width-init=\"false\" data-vc-stretch-content=\"true\" class=\"vc_row wpb_row vc_row-fluid vc_custom_1661426092543 vc_row-has-fill vc_row-no-padding\"><div class=\"wpb_column vc_column_container vc_col-sm-12\"><div class=\"vc_column-inner\"><div class=\"wpb_wrapper\"><div class=\"columns_wrap sc_columns columns_nofluid no_margins sc_columns_count_3\" data-equal-height=\".sc_column_item\"><div class=\"column-1_3 sc_column_item sc_column_item_1 odd first\" data-animation=\"animated fadeInLeft normal\"><div class=\"sc_section no-repeat margin_bottom_null section_style_promo_section\" style=\"height:100%;background-image:url(https:\/\/motycs.it\/wp-content\/uploads\/2022\/03\/banco-prova-potenza-motycs_A6_rett-DEF-2.jpg);background-repeat:repeat;font-size:16px; line-height: 1.3em;\"><div class=\"sc_section_inner\"><div class=\"sc_section_overlay\" style=\"\"><div class=\"sc_section_content padding_on\" style=\"\"><h3 class=\"sc_section_title sc_item_title sc_item_title_without_descr\">Makaral\u0131 g\u00fc\u00e7 test tezgahlar\u0131<\/h3><div class=\"sc_section_descr sc_item_descr\">Ara\u00e7 tan\u0131lama ve homologasyon i\u00e7in<\/div><div class=\"sc_section_content_wrap\"><\/div><div class=\"sc_section_button sc_item_button\"><a href=\"https:\/\/motycs.it\/tr\/product-category\/banchi-prova-potenza\/\" class=\"sc_button sc_button_square sc_button_style_filled sc_button_size_large\">ke\u015ffetmek<\/a><\/div><\/div><\/div><\/div><\/div><\/div><div class=\"column-1_3 sc_column_item sc_column_item_2 even\" data-animation=\"animated fadeInUp normal\"><div class=\"sc_section no-repeat margin_bottom_null section_style_promo_section\" style=\"height:100%;background-image:url(https:\/\/motycs.it\/wp-content\/uploads\/2022\/03\/sala_prova_completa_rett-DEF.jpg);background-repeat:repeat;font-size:16px; line-height: 1.3em;\"><div class=\"sc_section_inner\"><div class=\"sc_section_overlay\" style=\"\"><div class=\"sc_section_content padding_on\" style=\"\"><h3 class=\"sc_section_title sc_item_title sc_item_title_without_descr\">Ses ge\u00e7irmez prova odalar\u0131<\/h3><div class=\"sc_section_descr sc_item_descr\">Motor ve ara\u00e7 testleri i\u00e7in geli\u015ftirilmi\u015ftir<\/div><div class=\"sc_section_content_wrap\"><\/div><div class=\"sc_section_button sc_item_button\"><a href=\"https:\/\/motycs.it\/tr\/product\/tuzluklar\/\" class=\"sc_button sc_button_square sc_button_style_filled sc_button_size_large\">ke\u015ffetmek<\/a><\/div><\/div><\/div><\/div><\/div><\/div><div class=\"column-1_3 sc_column_item sc_column_item_3 odd\" data-animation=\"animated fadeInRight normal\"><div class=\"sc_section no-repeat margin_bottom_null section_style_promo_section\" style=\"height:100%;background-image:url(https:\/\/motycs.it\/wp-content\/uploads\/2022\/03\/SP5_scontornata-200-rett-2.png);background-repeat:repeat;font-size:16px; line-height: 1.3em;\"><div class=\"sc_section_inner\"><div class=\"sc_section_overlay\" style=\"\"><div class=\"sc_section_content padding_on\" style=\"\"><h3 class=\"sc_section_title sc_item_title sc_item_title_without_descr\">Kontrol ve edinim sistemleri<\/h3><div class=\"sc_section_descr sc_item_descr\">Motorunuzu veya silindir test tezgah\u0131n\u0131z\u0131 yenileyin<\/div><div class=\"sc_section_content_wrap\"><\/div><div class=\"sc_section_button sc_item_button\"><a href=\"https:\/\/motycs.it\/tr\/product\/guc-testleri\/\" class=\"sc_button sc_button_square sc_button_style_filled sc_button_size_large\">ke\u015ffetmek<\/a><\/div><\/div><\/div><\/div><\/div><\/div><\/div><div class=\"vc_empty_space  vc_custom_1669154349652\"   style=\"height: 64px\"><span class=\"vc_empty_space_inner\"><\/span><\/div><\/div><\/div><\/div><\/div><div class=\"vc_row-full-width vc_clearfix\"><\/div><div id=\"bg-left-home\" data-vc-full-width=\"true\" data-vc-full-width-init=\"false\" class=\"vc_row wpb_row vc_row-fluid row-in vc_custom_1668795794383 vc_row-has-fill\"><div class=\"wpb_column vc_column_container vc_col-sm-12\"><div class=\"vc_column-inner vc_custom_1474034149683\"><div class=\"wpb_wrapper\"><div class=\"sc_section\"><div class=\"sc_section_inner\"><div class=\"sc_section_content_wrap\"><div class=\"columns_wrap sc_columns columns_nofluid sc_columns_count_2\" data-equal-height=\".sc_column_item\"><div class=\"column-1_2 sc_column_item sc_column_item_1 odd first\" data-animation=\"animated fadeInLeft normal\"><div class=\"sc_section sc_section_block margin_top_huge margin_bottom_huge margin_left_large\"><div class=\"sc_section_inner\"><div class=\"sc_section_content_wrap\"><div id=\"sc_call_to_action_212893089\" class=\"sc_call_to_action sc_call_to_action_style_1 sc_call_to_action_align_left\" style=\"width:100%;\"><div class=\"sc_call_to_action_info\"><h2 class=\"sc_call_to_action_title sc_item_title sc_item_title_without_descr\">Teknik ve Teori<\/h2><div class=\"sc_call_to_action_descr sc_item_descr\">Otomotiv sekt\u00f6r\u00fc i\u00e7in g\u00fc\u00e7 test tezgahlar\u0131<\/div><div class=\"sc_call_to_action_buttons sc_item_buttons\"><div class=\"sc_call_to_action_button sc_item_button\"><a href=\"https:\/\/motycs.it\/tr\/tarih-bankalari-guc-a-silindirlerini-kanitliyor\/\" class=\"sc_button sc_button_square sc_button_style_filled sc_button_size_large\">Test tezgahlar\u0131n\u0131n tarih\u00e7esi<\/a><\/div><div class=\"sc_call_to_action_button sc_item_button\"><a href=\"https:\/\/motycs.it\/tr\/benchi-prova-potenza-monorullo-birullo\/\" class=\"sc_button sc_button_square sc_button_style_filled sc_button_size_large\">Tek silindirli VS \u00c7ift silindirli<\/a><\/div><\/div><\/div><\/div><div class=\"vc_empty_space\"   style=\"height: 0.5rem\"><span class=\"vc_empty_space_inner\"><\/span><\/div><a href=\"https:\/\/motycs.it\/tr\/temel-kavramlar-sasi-dyno-test-tezgahlari\/\" class=\"sc_button sc_button_square sc_button_style_filled_light sc_button_size_large margin_top_small\">Temel kavramlar<\/a><\/div><\/div><\/div><\/div><div class=\"column-1_2 sc_column_item sc_column_item_2 even\" data-animation=\"animated fadeInRight normal\"><div class=\"sc_section sc_section_block margin_top_huge margin_bottom_huge margin_left_huge\"><div class=\"sc_section_inner\"><div class=\"sc_section_content_wrap\"><div id=\"sc_call_to_action_734830337\" class=\"sc_call_to_action sc_call_to_action_style_1 sc_call_to_action_align_right\" style=\"width:100%;\"><div class=\"sc_call_to_action_info\"><h2 class=\"sc_call_to_action_title sc_item_title sc_item_title_without_descr\">Tezgah\u0131n\u0131z\u0131 y\u00fckseltin<\/h2><div class=\"sc_call_to_action_descr sc_item_descr\">Geli\u015fmi\u015f bir kontrol ve veri toplama sistemi ile<\/div><div class=\"sc_call_to_action_buttons sc_item_buttons\"><div class=\"sc_call_to_action_button sc_item_button\"><a href=\"https:\/\/motycs.it\/tr\/product\/guc-testleri\/\" class=\"sc_button sc_button_square sc_button_style_filled sc_button_size_large\">G\u00fc\u00e7 Testi - SportDevices<\/a><\/div><div class=\"sc_call_to_action_button sc_item_button\"><a href=\"https:\/\/motycs.it\/tr\/product\/homologatif\/\" class=\"sc_button sc_button_square sc_button_style_filled sc_button_size_large\">Homologasyon banklar\u0131<\/a><\/div><\/div><\/div><\/div><div class=\"vc_empty_space\"   style=\"height: 0.5rem\"><span class=\"vc_empty_space_inner\"><\/span><\/div><a href=\"https:\/\/motycs.it\/tr\/banka-testinizi-yenileyin\/\" class=\"sc_button sc_button_square sc_button_style_filled_light_hover sc_button_size_large margin_top_small\">Sistemlerin \u00f6zellikleri<\/a><\/div><\/div><\/div><\/div><\/div><\/div><\/div><\/div><\/div><\/div><\/div><\/div><div class=\"vc_row-full-width vc_clearfix\"><\/div><div data-vc-full-width=\"true\" data-vc-full-width-init=\"false\" class=\"vc_row wpb_row vc_row-fluid vc_custom_1473675002313 vc_row-has-fill\"><div class=\"wpb_column vc_column_container vc_col-sm-12\"><div class=\"vc_column-inner\"><div class=\"wpb_wrapper\"><div id=\"sc_testimonials_1115192803\" class=\"sc_testimonials sc_testimonials_style_testimonials-1\" style=\"width:100%;\"><h6 class=\"sc_testimonials_subtitle sc_item_subtitle\">REFERANSLAR<\/h6><h3 class=\"sc_testimonials_title sc_item_title sc_item_title_without_descr\">Kurulumlar<\/h3><div class=\"sc_slider_swiper swiper-slider-container sc_slider_nopagination sc_slider_controls sc_slider_controls_side\" data-interval=\"3000\" data-slides-per-view=\"3\" data-slides-space=\"50\" data-slides-min-width=\"250\"><div class=\"slides swiper-wrapper\"><div class=\"swiper-slide\" data-style=\"width:100%;\" style=\"width:100%;\">\t\t\t<div id=\"sc_testimonials_1115192803_1\" class=\"sc_testimonial_item\">\n                <div class=\"sc_testimonial_items\">\n                                    <div class=\"sc_testimonial_image\"><img loading=\"lazy\" decoding=\"async\" class=\"wp-post-image\" width=\"370\" height=\"240\" alt=\"Te\u015fhis S. (RC)\" src=\"https:\/\/motycs.it\/wp-content\/uploads\/2023\/05\/chassisdyno-4wd-linked-chassis-dynamometer-motycs-370x240.jpg\"><\/div>\n                \n                <div class=\"sc_testimonial_content\"><strong>4wd test tezgah\u0131<\/strong>\n<strong>500 mm silindirler<\/strong>\n\n                                            <div class=\"sc_testimonial_author\"><a href=\"https:\/\/www.facebook.com\/Mastertuninggioiatauro\/\" class=\"sc_testimonial_author_name\">Te\u015fhis S. (RC)<\/a><\/div>\n                                    <\/div>\n                <\/div>\n\n\t\t\t<\/div>\n\t\t<\/div><div class=\"swiper-slide\" data-style=\"width:100%;\" style=\"width:100%;\">\t\t\t<div id=\"sc_testimonials_1115192803_2\" class=\"sc_testimonial_item\">\n                <div class=\"sc_testimonial_items\">\n                                    <div class=\"sc_testimonial_image\"><img loading=\"lazy\" decoding=\"async\" class=\"wp-post-image\" width=\"370\" height=\"240\" alt=\"Ecupassion (TV)\" src=\"https:\/\/motycs.it\/wp-content\/uploads\/2023\/05\/2wd-dyno-motycs-dynamometer-370x240.jpg\"><\/div>\n                \n                <div class=\"sc_testimonial_content\"><strong>2wd test tezgah\u0131<\/strong>\n<strong>500 mm silindirler<\/strong>\n\n                                            <div class=\"sc_testimonial_author\"><a href=\"https:\/\/www.ecupassion.it\/\" class=\"sc_testimonial_author_name\">Ecupassion (TV)<\/a><\/div>\n                                    <\/div>\n                <\/div>\n\n\t\t\t<\/div>\n\t\t<\/div><div class=\"swiper-slide\" data-style=\"width:100%;\" style=\"width:100%;\">\t\t\t<div id=\"sc_testimonials_1115192803_3\" class=\"sc_testimonial_item\">\n                <div class=\"sc_testimonial_items\">\n                                    <div class=\"sc_testimonial_image\"><img loading=\"lazy\" decoding=\"async\" class=\"wp-post-image\" width=\"370\" height=\"240\" alt=\"Gozzoli (Maranello)\" src=\"https:\/\/motycs.it\/wp-content\/uploads\/2022\/09\/ferrai512bb-dyno-motycs-sportdevices-370x240.jpg\"><\/div>\n                \n                <div class=\"sc_testimonial_content\"><strong>4wd test tezgah\u0131\u00a0<\/strong>\n<strong>ba\u011fl\u0131 akslar ile<\/strong>\n\n                                            <div class=\"sc_testimonial_author\"><a href=\"http:\/\/autotrasformazionigozzoli.it\/dyno-room-4x4.html\" class=\"sc_testimonial_author_name\">Gozzoli (Maranello)<\/a><\/div>\n                                    <\/div>\n                <\/div>\n\n\t\t\t<\/div>\n\t\t<\/div><div class=\"swiper-slide\" data-style=\"width:100%;\" style=\"width:100%;\">\t\t\t<div id=\"sc_testimonials_1115192803_4\" class=\"sc_testimonial_item\">\n                <div class=\"sc_testimonial_items\">\n                                    <div class=\"sc_testimonial_image\"><img loading=\"lazy\" decoding=\"async\" class=\"wp-post-image\" width=\"370\" height=\"240\" alt=\"Superrace (PD)\" src=\"https:\/\/motycs.it\/wp-content\/uploads\/2023\/05\/IMG_2887-370x240.jpg\"><\/div>\n                \n                <div class=\"sc_testimonial_content\"><strong>2wd test tezgah\u0131<\/strong>\n<strong>500 mm silindirler<\/strong>\n\n                                            <div class=\"sc_testimonial_author\"><a href=\"https:\/\/www.facebook.com\/SuperRace-Tuning-183906124959331\" class=\"sc_testimonial_author_name\">SuperRace (PD)<\/a><\/div>\n                                    <\/div>\n                <\/div>\n\n\t\t\t<\/div>\n\t\t<\/div><\/div><div class=\"sc_slider_controls_wrap\"><a class=\"sc_slider_prev\" href=\"#\"><\/a><a class=\"sc_slider_next\" href=\"#\"><\/a><\/div><div class=\"sc_slider_pagination_wrap\"><\/div><\/div><\/div><div class=\"sc_section section_style_promo_section aligncenter\" data-animation=\"animated fadeInUp normal\" style=\"font-size:14px; line-height: 1.3em;font-weight:300;\"><div class=\"sc_section_inner\"><div class=\"sc_section_content_wrap\"><a href=\"https:\/\/motycs.it\/tr\/installazioni\/\" class=\"sc_button sc_button_square sc_button_style_filled sc_button_size_large margin_bottom_large  sc_button_iconed none\">Daha fazla tesisat g\u00f6r\u00fcn<\/a><\/div><\/div><\/div><\/div><\/div><\/div><\/div><div class=\"vc_row-full-width vc_clearfix\"><\/div>","protected":false},"excerpt":{"rendered":"2wd test d\u00fczene\u011fi 500 mm silindirler","protected":false},"author":1,"featured_media":1591,"parent":0,"menu_order":0,"comment_status":"closed","ping_status":"closed","template":"","meta":{"footnotes":""},"class_list":["post-4","page","type-page","status-publish","has-post-thumbnail","hentry"],"yoast_head":"<!-- This site is optimized with the Yoast SEO plugin v26.5 - https:\/\/yoast.com\/wordpress\/plugins\/seo\/ -->\n<title>Banchi prova potenza e sale prova motori<\/title>\n<meta name=\"description\" content=\"Da 20 anni progettiamo e forniamo banchi prova potenza e sale prova, in ambito diagnostico ed omologativo. Scopri la nostra gamma prodotti\" \/>\n<meta name=\"robots\" content=\"index, follow, max-snippet:-1, max-image-preview:large, max-video-preview:-1\" \/>\n<link rel=\"canonical\" href=\"https:\/\/motycs.it\/tr\/\" \/>\n<meta property=\"og:locale\" content=\"tr_TR\" \/>\n<meta property=\"og:type\" content=\"article\" \/>\n<meta property=\"og:title\" content=\"Motycs Facebook\" \/>\n<meta property=\"og:description\" content=\"Rimani aggiornato sui nostri canali social media\" \/>\n<meta property=\"og:url\" content=\"https:\/\/motycs.it\/tr\/\" \/>\n<meta property=\"og:site_name\" content=\"MOTYCS\" \/>\n<meta property=\"article:publisher\" content=\"https:\/\/www.facebook.com\/motycs\/\" \/>\n<meta property=\"article:modified_time\" content=\"2023-05-30T06:40:46+00:00\" \/>\n<meta property=\"og:image\" content=\"https:\/\/motycs.it\/wp-content\/uploads\/2023\/04\/mercedes-awd-dyno-motycs-sportdevices.jpg\" \/>\n\t<meta property=\"og:image:width\" content=\"800\" \/>\n\t<meta property=\"og:image:height\" content=\"800\" \/>\n\t<meta property=\"og:image:type\" content=\"image\/jpeg\" \/>\n<meta name=\"twitter:card\" content=\"summary_large_image\" \/>\n<meta name=\"twitter:label1\" content=\"Tahmini okuma s\u00fcresi\" \/>\n\t<meta name=\"twitter:data1\" content=\"2 dakika\" \/>\n<script type=\"application\/ld+json\" class=\"yoast-schema-graph\">{\"@context\":\"https:\/\/schema.org\",\"@graph\":[{\"@type\":\"WebPage\",\"@id\":\"https:\/\/motycs.it\/\",\"url\":\"https:\/\/motycs.it\/\",\"name\":\"Banchi prova potenza e sale prova motori\",\"isPartOf\":{\"@id\":\"https:\/\/motycs.it\/#website\"},\"primaryImageOfPage\":{\"@id\":\"https:\/\/motycs.it\/#primaryimage\"},\"image\":{\"@id\":\"https:\/\/motycs.it\/#primaryimage\"},\"thumbnailUrl\":\"https:\/\/motycs.it\/wp-content\/uploads\/2023\/05\/lancia-delta-integrale-banco-prova-potenza-dyno.jpg\",\"datePublished\":\"2016-09-12T08:33:47+00:00\",\"dateModified\":\"2023-05-30T06:40:46+00:00\",\"description\":\"Da 20 anni progettiamo e forniamo banchi prova potenza e sale prova, in ambito diagnostico ed omologativo. Scopri la nostra gamma prodotti\",\"breadcrumb\":{\"@id\":\"https:\/\/motycs.it\/#breadcrumb\"},\"inLanguage\":\"tr\",\"potentialAction\":[{\"@type\":\"ReadAction\",\"target\":[\"https:\/\/motycs.it\/\"]}]},{\"@type\":\"ImageObject\",\"inLanguage\":\"tr\",\"@id\":\"https:\/\/motycs.it\/#primaryimage\",\"url\":\"https:\/\/motycs.it\/wp-content\/uploads\/2023\/05\/lancia-delta-integrale-banco-prova-potenza-dyno.jpg\",\"contentUrl\":\"https:\/\/motycs.it\/wp-content\/uploads\/2023\/05\/lancia-delta-integrale-banco-prova-potenza-dyno.jpg\",\"width\":800,\"height\":800,\"caption\":\"lancia-delta-banco-prova-potenza-motycs\"},{\"@type\":\"BreadcrumbList\",\"@id\":\"https:\/\/motycs.it\/#breadcrumb\",\"itemListElement\":[{\"@type\":\"ListItem\",\"position\":1,\"name\":\"Home\",\"item\":\"https:\/\/motycs.it\/\"},{\"@type\":\"ListItem\",\"position\":2,\"name\":\"Banchi prova a rulli e sale prova motori\"}]},{\"@type\":\"WebSite\",\"@id\":\"https:\/\/motycs.it\/#website\",\"url\":\"https:\/\/motycs.it\/\",\"name\":\"MOTYCS\",\"description\":\"\",\"publisher\":{\"@id\":\"https:\/\/motycs.it\/#organization\"},\"potentialAction\":[{\"@type\":\"SearchAction\",\"target\":{\"@type\":\"EntryPoint\",\"urlTemplate\":\"https:\/\/motycs.it\/?s={search_term_string}\"},\"query-input\":{\"@type\":\"PropertyValueSpecification\",\"valueRequired\":true,\"valueName\":\"search_term_string\"}}],\"inLanguage\":\"tr\"},{\"@type\":\"Organization\",\"@id\":\"https:\/\/motycs.it\/#organization\",\"name\":\"MOTYCS\",\"url\":\"https:\/\/motycs.it\/\",\"logo\":{\"@type\":\"ImageObject\",\"inLanguage\":\"tr\",\"@id\":\"https:\/\/motycs.it\/#\/schema\/logo\/image\/\",\"url\":\"https:\/\/motycs.it\/wp-content\/uploads\/2022\/03\/orizz_bianc.jpg\",\"contentUrl\":\"https:\/\/motycs.it\/wp-content\/uploads\/2022\/03\/orizz_bianc.jpg\",\"width\":600,\"height\":159,\"caption\":\"MOTYCS\"},\"image\":{\"@id\":\"https:\/\/motycs.it\/#\/schema\/logo\/image\/\"},\"sameAs\":[\"https:\/\/www.facebook.com\/motycs\/\",\"https:\/\/www.instagram.com\/motycs.teq\/\",\"https:\/\/www.linkedin.com\/company\/motycs\/\",\"https:\/\/www.pinterest.it\/Motycsdynamometer\/\",\"https:\/\/www.youtube.com\/channel\/UCl_9nwLJn-fMI6UMZVc0tZw\"]}]}<\/script>\n<!-- \/ Yoast SEO plugin. -->","yoast_head_json":{"title":"G\u00fc\u00e7 test tezgahlar\u0131 ve motor test odalar\u0131","description":"20 y\u0131ld\u0131r te\u015fhis ve homologasyon alanlar\u0131nda g\u00fc\u00e7 test tezgahlar\u0131 ve test odalar\u0131 tasarl\u0131yor ve tedarik ediyoruz. \u00dcr\u00fcn yelpazemizi ke\u015ffedin","robots":{"index":"index","follow":"follow","max-snippet":"max-snippet:-1","max-image-preview":"max-image-preview:large","max-video-preview":"max-video-preview:-1"},"canonical":"https:\/\/motycs.it\/tr\/","og_locale":"tr_TR","og_type":"article","og_title":"Motycs Facebook","og_description":"Rimani aggiornato sui nostri canali social media","og_url":"https:\/\/motycs.it\/tr\/","og_site_name":"MOTYCS","article_publisher":"https:\/\/www.facebook.com\/motycs\/","article_modified_time":"2023-05-30T06:40:46+00:00","og_image":[{"width":800,"height":800,"url":"https:\/\/motycs.it\/wp-content\/uploads\/2023\/04\/mercedes-awd-dyno-motycs-sportdevices.jpg","type":"image\/jpeg"}],"twitter_card":"summary_large_image","twitter_misc":{"Tahmini okuma s\u00fcresi":"2 dakika"},"schema":{"@context":"https:\/\/schema.org","@graph":[{"@type":"WebPage","@id":"https:\/\/motycs.it\/","url":"https:\/\/motycs.it\/","name":"G\u00fc\u00e7 test tezgahlar\u0131 ve motor test odalar\u0131","isPartOf":{"@id":"https:\/\/motycs.it\/#website"},"primaryImageOfPage":{"@id":"https:\/\/motycs.it\/#primaryimage"},"image":{"@id":"https:\/\/motycs.it\/#primaryimage"},"thumbnailUrl":"https:\/\/motycs.it\/wp-content\/uploads\/2023\/05\/lancia-delta-integrale-banco-prova-potenza-dyno.jpg","datePublished":"2016-09-12T08:33:47+00:00","dateModified":"2023-05-30T06:40:46+00:00","description":"20 y\u0131ld\u0131r te\u015fhis ve homologasyon alanlar\u0131nda g\u00fc\u00e7 test tezgahlar\u0131 ve test odalar\u0131 tasarl\u0131yor ve tedarik ediyoruz. \u00dcr\u00fcn yelpazemizi ke\u015ffedin","breadcrumb":{"@id":"https:\/\/motycs.it\/#breadcrumb"},"inLanguage":"tr","potentialAction":[{"@type":"ReadAction","target":["https:\/\/motycs.it\/"]}]},{"@type":"ImageObject","inLanguage":"tr","@id":"https:\/\/motycs.it\/#primaryimage","url":"https:\/\/motycs.it\/wp-content\/uploads\/2023\/05\/lancia-delta-integrale-banco-prova-potenza-dyno.jpg","contentUrl":"https:\/\/motycs.it\/wp-content\/uploads\/2023\/05\/lancia-delta-integrale-banco-prova-potenza-dyno.jpg","width":800,"height":800,"caption":"lancia-delta-banco-prova-potenza-motycs"},{"@type":"BreadcrumbList","@id":"https:\/\/motycs.it\/#breadcrumb","itemListElement":[{"@type":"ListItem","position":1,"name":"Home","item":"https:\/\/motycs.it\/"},{"@type":"ListItem","position":2,"name":"Banchi prova a rulli e sale prova motori"}]},{"@type":"WebSite","@id":"https:\/\/motycs.it\/#website","url":"https:\/\/motycs.it\/","name":"MOTYCS","description":"","publisher":{"@id":"https:\/\/motycs.it\/#organization"},"potentialAction":[{"@type":"SearchAction","target":{"@type":"EntryPoint","urlTemplate":"https:\/\/motycs.it\/?s={search_term_string}"},"query-input":{"@type":"PropertyValueSpecification","valueRequired":true,"valueName":"search_term_string"}}],"inLanguage":"tr"},{"@type":"Organization","@id":"https:\/\/motycs.it\/#organization","name":"MOTYCS","url":"https:\/\/motycs.it\/","logo":{"@type":"ImageObject","inLanguage":"tr","@id":"https:\/\/motycs.it\/#\/schema\/logo\/image\/","url":"https:\/\/motycs.it\/wp-content\/uploads\/2022\/03\/orizz_bianc.jpg","contentUrl":"https:\/\/motycs.it\/wp-content\/uploads\/2022\/03\/orizz_bianc.jpg","width":600,"height":159,"caption":"MOTYCS"},"image":{"@id":"https:\/\/motycs.it\/#\/schema\/logo\/image\/"},"sameAs":["https:\/\/www.facebook.com\/motycs\/","https:\/\/www.instagram.com\/motycs.teq\/","https:\/\/www.linkedin.com\/company\/motycs\/","https:\/\/www.pinterest.it\/Motycsdynamometer\/","https:\/\/www.youtube.com\/channel\/UCl_9nwLJn-fMI6UMZVc0tZw"]}]}},"_links":{"self":[{"href":"https:\/\/motycs.it\/tr\/wp-json\/wp\/v2\/pages\/4","targetHints":{"allow":["GET"]}}],"collection":[{"href":"https:\/\/motycs.it\/tr\/wp-json\/wp\/v2\/pages"}],"about":[{"href":"https:\/\/motycs.it\/tr\/wp-json\/wp\/v2\/types\/page"}],"author":[{"embeddable":true,"href":"https:\/\/motycs.it\/tr\/wp-json\/wp\/v2\/users\/1"}],"replies":[{"embeddable":true,"href":"https:\/\/motycs.it\/tr\/wp-json\/wp\/v2\/comments?post=4"}],"version-history":[{"count":136,"href":"https:\/\/motycs.it\/tr\/wp-json\/wp\/v2\/pages\/4\/revisions"}],"predecessor-version":[{"id":1801,"href":"https:\/\/motycs.it\/tr\/wp-json\/wp\/v2\/pages\/4\/revisions\/1801"}],"wp:featuredmedia":[{"embeddable":true,"href":"https:\/\/motycs.it\/tr\/wp-json\/wp\/v2\/media\/1591"}],"wp:attachment":[{"href":"https:\/\/motycs.it\/tr\/wp-json\/wp\/v2\/media?parent=4"}],"curies":[{"name":"wp","href":"https:\/\/api.w.org\/{rel}","templated":true}]}}