{"id":1445,"date":"2023-04-13T08:51:53","date_gmt":"2023-04-13T06:51:53","guid":{"rendered":"https:\/\/motycs.it\/?page_id=1445"},"modified":"2023-06-02T22:29:06","modified_gmt":"2023-06-02T20:29:06","slug":"principi-generali-banchi-prova","status":"publish","type":"page","link":"https:\/\/motycs.it\/tr\/temel-kavramlar-sasi-dyno-test-tezgahlari\/","title":{"rendered":"Genel Prensipler"},"content":{"rendered":"<div data-vc-full-width=\"true\" data-vc-full-width-init=\"false\" class=\"vc_row wpb_row vc_row-fluid vc_custom_1473769871896 vc_row-has-fill\"><div class=\"wpb_column vc_column_container vc_col-sm-12\"><div class=\"vc_column-inner\"><div class=\"wpb_wrapper\"><div class=\"sc_section margin_top_large margin_bottom_huge\" data-animation=\"animated fadeInUp normal\" style=\"max-width: 1030px; margin: auto;\"><div class=\"sc_section_inner\"><h6 class=\"sc_section_subtitle sc_item_subtitle\">Teori<\/h6><h3 class=\"sc_section_title sc_item_title sc_item_title_without_descr\">Teknik ve temel kavramlar<\/h3><div class=\"sc_section_content_wrap\">\n\t<div class=\"wpb_text_column wpb_content_element  vc_custom_1685737737289\" >\n\t\t<div class=\"wpb_wrapper\">\n\t\t\t<h4>TEST TEZGAHLARI NE I\u00c7INDIR<\/h4>\n<p class=\"entry-header\">Test tezgahlar\u0131, ister silindir (ara\u00e7lar\u0131n test edilmesi i\u00e7in) ister motor test tezgahlar\u0131 olsun <strong>ara\u00e7lar <\/strong>i\u00e7in yararl\u0131<strong> performans \u00f6l\u00e7\u00fcm\u00fc <\/strong>ve \u00f6zellikleri <strong>iticilerin.<\/strong><\/p>\n<p>\u00c7e\u015fitli t\u00fcrleri vard\u0131r, bunlar <strong>birbirlerinden temel olarak farkl\u0131l\u0131k g\u00f6sterir:<\/strong><\/p>\n<ul>\n<li><strong> motor test tezgahlari<\/strong> (motorun do\u011frudan test tezgah\u0131na ba\u011fl\u0131 oldu\u011fu durumlarda)<\/li>\n<li><strong>makaral\u0131 test tezgahlar\u0131<\/strong> (ara\u00e7lar\u0131n lastiklerinin silindirler \u00fczerine yerle\u015ftirilerek test edildi\u011fi yer)<\/li>\n<\/ul>\n<p>Bir di\u011fer \u00f6nemli ayr\u0131m da<strong> frenin varl\u0131\u011f\u0131 veya yoklu\u011fu<\/strong> (diren\u00e7li bir kuvvet olu\u015fturmak i\u00e7in kullan\u0131\u015fl\u0131d\u0131r) <strong>ataletli veya frenli test tezgahlar\u0131.<\/strong><\/p>\n<h3>MOTOR TEST TEZGAHI<\/h3>\n<p>Motor test tezgah\u0131 <strong>Bir motorun \u00e7al\u0131\u015fmas\u0131na ili\u015fkin t\u00fcm parametreleri \u00f6l\u00e7mek i\u00e7in kullan\u0131lan alet<\/strong>, dahil olmak \u00fczere <strong>m\u00fcmk\u00fcn olan en y\u00fcksek do\u011fruluk ve tekrarlanabilirlik ile g\u00fc\u00e7 ve tork e\u011frileri <\/strong>(\u015fanz\u0131man bile\u015fenlerine, jantlara, lastiklere vb. ait ataletlerin devreye girdi\u011fi bir silindir test tezgah\u0131n\u0131n aksine).<\/p>\n<p>Bu t\u00fcr bir test tezgah\u0131nda,<strong> motor monte edilir ve do\u011frudan girdap ak\u0131m freninin aks\u0131na ba\u011flan\u0131r ve<\/strong>\u00a0<strong>\u00f6zel bir kontrol odas\u0131ndan kontrol edilir, <\/strong>\u00d6zel akt\u00fcat\u00f6rlerin entegrasyonu sayesinde manuel veya otomatik modda.<\/p>\n<p>Bu <strong>\u00e7o\u011funlukla tarlalarda kullan\u0131l\u0131r:<\/strong><\/p>\n<ul>\n<li><strong>\u00d6n onayl\u0131<\/strong><\/li>\n<li><strong>Homologasyonlu<\/strong><\/li>\n<li><strong>Motor kontrol \u00fcnitesinin (ECU) kalibrasyonu<\/strong><\/li>\n<\/ul>\n<p>taraf\u0131ndan toplanan bu veriler <strong><a href=\"https:\/\/motycs.it\/tr\/product\/homologatif\/\">kontrol ve toplama si\u0307stemi\u0307<\/a><\/strong>\u00a0\u00f6zel problar arac\u0131l\u0131\u011f\u0131yla <strong>\u00a0daha sonra analiz edilir ve \u00f6zel<\/strong>\u00a0i\u015fleme yaz\u0131l\u0131m\u0131.<\/p>\n<p>Motor test tezgah\u0131 ayr\u0131ca a\u015fa\u011f\u0131daki \u00f6zel \u00f6zelliklerle donat\u0131labilir <strong>profesyonel tork transd\u00fcserleri\u0307<\/strong>, bu, geleneksel y\u00fck h\u00fccreleri ile m\u00fcmk\u00fcn olmayan dinamik davran\u0131\u015f\u0131n derinlemesine analizleri i\u00e7in kullan\u0131\u015fl\u0131d\u0131r.<\/p>\n<p>Test tezgah\u0131n\u0131n freni, <strong>asenkron tipte bir elektrik motoru da ba\u011flanabilir,<\/strong> \u00f6yle ki yol s\u00fcr\u00fc\u015f d\u00f6ng\u00fcleri do\u011fru bir \u015fekilde sim\u00fcle edilebilsin. Bu durumda bir <strong>'TANDEM' motor test tezgah\u0131:<\/strong><\/p>\n<p>Bu<strong> asenkron elektrik motoru,<\/strong> frenle paralel \u00e7al\u0131\u015fmas\u0131 art\u0131k bir gerekliliktir <strong>s\u00fcr\u00fc\u015f d\u00f6ng\u00fcleri de dahil olmak \u00fczere yoldaki \u00e7al\u0131\u015fma ko\u015fullar\u0131n\u0131n do\u011fru \u015fekilde yeniden \u00fcretilmesi i\u00e7in gereklidir <\/strong>(\u00f6rne\u011fin WLTP d\u00fczenlemesi), sadece <strong>tip onay\u0131 d\u00f6ng\u00fclerinde ve ayn\u0131 zamanda \u00f6n onay d\u00f6ng\u00fclerinde<\/strong>.<\/p>\n<p><a href=\"https:\/\/motycs.it\/tr\/services-test-engines\/\"><strong>Motor test hizmetlerimizi ke\u015ffedin<\/strong><\/a><\/p>\n<div id=\"attachment_1266\" style=\"width: 810px\" class=\"wp-caption aligncenter\"><a href=\"https:\/\/motycs.it\/wp-content\/uploads\/2022\/08\/engine-banco-prova-motore-motycs.jpg\"><img loading=\"lazy\" decoding=\"async\" aria-describedby=\"caption-attachment-1266\" class=\"wp-image-1266 size-full\" src=\"https:\/\/motycs.it\/wp-content\/uploads\/2022\/08\/engine-banco-prova-motore-motycs.jpg\" alt=\"motycs motor test tezgah\u0131\" width=\"800\" height=\"800\" srcset=\"https:\/\/motycs.it\/wp-content\/uploads\/2022\/08\/engine-banco-prova-motore-motycs.jpg 800w, https:\/\/motycs.it\/wp-content\/uploads\/2022\/08\/engine-banco-prova-motore-motycs-300x300.jpg 300w, https:\/\/motycs.it\/wp-content\/uploads\/2022\/08\/engine-banco-prova-motore-motycs-150x150.jpg 150w, https:\/\/motycs.it\/wp-content\/uploads\/2022\/08\/engine-banco-prova-motore-motycs-768x768.jpg 768w, https:\/\/motycs.it\/wp-content\/uploads\/2022\/08\/engine-banco-prova-motore-motycs-600x600.jpg 600w, https:\/\/motycs.it\/wp-content\/uploads\/2022\/08\/engine-banco-prova-motore-motycs-100x100.jpg 100w\" sizes=\"auto, (max-width: 800px) 100vw, 800px\" \/><\/a><p id=\"caption-attachment-1266\" class=\"wp-caption-text\">TANDEM motor test tezgah\u0131m\u0131z<\/p><\/div>\n<h3>SILINDIR TEST TEZGAHI<\/h3>\n<p>Bu <a href=\"https:\/\/motycs.it\/tr\/product\/guc-testi-4wd\/\"><strong>silindir test tezgah\u0131<\/strong><\/a> (genellikle 'g\u00fc\u00e7 test tezgah\u0131' olarak adland\u0131r\u0131l\u0131r) otomobiller veya motosikletler i\u00e7in, <strong>esas olarak a\u015fa\u011f\u0131dakilerin tespit edilmesini sa\u011flar<\/strong> (motoru ara\u00e7tan \u00e7\u0131karmadan) <strong>tork ve g\u00fc\u00e7 e\u011frileri.<\/strong><\/p>\n<p>S\u0131ras\u0131yla a\u015fa\u011f\u0131dakilerle donat\u0131labilir <strong>hari\u0307ci\u0307 sens\u00f6rler ve alim si\u0307stemleri\u0307<\/strong>, esas olarak <strong>uygulama t\u00fcr\u00fcne g\u00f6re farkl\u0131la\u015ft\u0131r\u0131lm\u0131\u015f<\/strong> (performans geli\u015ftirme, te\u015fhis veya homologasyon alanlar\u0131).<\/p>\n<p><strong>Motor test tezgah\u0131n\u0131n a\u015fa\u011f\u0131dakiler i\u00e7in gerekli oldu\u011fu durumlarda <\/strong>gibi s\u00fcre\u00e7ler <strong>\u00f6n onay ve tip onay\u0131<\/strong>, ve <strong>silindir tezgah\u0131 gibi uygulamalar i\u00e7in m\u00fckemmel bir ara\u00e7 oldu\u011funu kan\u0131tlamaktad\u0131r:<\/strong><\/p>\n<ul>\n<li><strong>Te\u015fhis.<\/strong><\/li>\n<li><strong>Performans Geli\u015ftirme<\/strong> (ECU kalibrasyonu).<\/li>\n<li><strong>Homologasyon <\/strong>(s\u00fcr\u00fc\u015f d\u00f6ng\u00fcleri veya emisyonlar).<\/li>\n<\/ul>\n<p>Te\u015fhis, kalibrasyon ve spor haz\u0131rl\u0131\u011f\u0131 alanlar\u0131nda, <strong>teklifimizin bir par\u00e7as\u0131 da \u00fcr\u00fcn yelpazemizdir <a href=\"https:\/\/www.sportdevices.com\/\">SPORT DEVICES<\/a><\/strong>, olarak <strong>\u0130talya'daki \u00f6zel distrib\u00fct\u00f6rler.<\/strong><\/p>\n<p><strong>Makaral\u0131 g\u00fc\u00e7 test tezgahlar\u0131 serisini ke\u015ffedin<\/strong>, girdap ak\u0131m\u0131 freni ile donat\u0131lm\u0131\u015ft\u0131r:<\/p>\n<ul>\n<li><strong><a href=\"https:\/\/motycs.it\/tr\/product\/guc-testi-2wd\/\">2wd araba tezgahlar\u0131<\/a><\/strong><strong> &#8211; <a href=\"https:\/\/motycs.it\/tr\/product\/guc-testi-4wd\/\">4\u00d74 araba banklar\u0131<\/a><\/strong> &#8211; <a href=\"https:\/\/motycs.it\/tr\/product\/guc-testi-motosi\u0307kletler\/\"><strong>Motosiklet banklar\u0131<\/strong><\/a><\/li>\n<\/ul>\n<div id=\"attachment_1336\" style=\"width: 810px\" class=\"wp-caption aligncenter\"><a href=\"https:\/\/motycs.it\/wp-content\/uploads\/2022\/09\/ferrai512bb-dyno-motycs-sportdevices.jpg\"><img loading=\"lazy\" decoding=\"async\" aria-describedby=\"caption-attachment-1336\" class=\"wp-image-1336 size-full\" src=\"https:\/\/motycs.it\/wp-content\/uploads\/2022\/09\/ferrai512bb-dyno-motycs-sportdevices.jpg\" alt=\"ferrari 512 bb motycs makaral\u0131 tezgah\" width=\"800\" height=\"800\" srcset=\"https:\/\/motycs.it\/wp-content\/uploads\/2022\/09\/ferrai512bb-dyno-motycs-sportdevices.jpg 800w, https:\/\/motycs.it\/wp-content\/uploads\/2022\/09\/ferrai512bb-dyno-motycs-sportdevices-300x300.jpg 300w, https:\/\/motycs.it\/wp-content\/uploads\/2022\/09\/ferrai512bb-dyno-motycs-sportdevices-150x150.jpg 150w, https:\/\/motycs.it\/wp-content\/uploads\/2022\/09\/ferrai512bb-dyno-motycs-sportdevices-768x768.jpg 768w, https:\/\/motycs.it\/wp-content\/uploads\/2022\/09\/ferrai512bb-dyno-motycs-sportdevices-600x600.jpg 600w, https:\/\/motycs.it\/wp-content\/uploads\/2022\/09\/ferrai512bb-dyno-motycs-sportdevices-100x100.jpg 100w\" sizes=\"auto, (max-width: 800px) 100vw, 800px\" \/><\/a><p id=\"caption-attachment-1336\" class=\"wp-caption-text\">dyno 4wd makaral\u0131 tabla<\/p><\/div>\n<h4>ATALET VE FRENLI TEST TEZGAHLARI<\/h4>\n<p>Test tezgahlar\u0131, ne zaman <strong>fren ile donat\u0131lmam\u0131\u015f<\/strong>, yayg\u0131n olarak <strong>SIZDIRMAZ test tezgahlar\u0131 olarak tan\u0131mlanm\u0131\u015ft\u0131r. <\/strong><\/p>\n<p>Bu t\u00fcr banklar\u0131n art\u0131k modas\u0131 ge\u00e7mi\u015f oldu\u011fu d\u00fc\u015f\u00fcn\u00fclmektedir, <a href=\"https:\/\/motycs.it\/tr\/tarih-bankalari-guc-a-silindirlerini-kanitliyor\/\"><strong>a\u011f\u0131r makaralar veya volan k\u00fctleleri kullan\u0131r<\/strong><\/a>, Motorlar\u0131n veya ara\u00e7lar\u0131n performans\u0131n\u0131 \u00f6l\u00e7mek i\u00e7in diren\u00e7li bir kuvvet olarak.<\/p>\n<p>I <strong>frenli test tezgahlar\u0131<\/strong> (fren ile donat\u0131lm\u0131\u015f) <strong>\u00f6l\u00e7\u00fcmlerde daha fazla hassasiyet ve tekrarlanabilirlik sunar <\/strong>ve <strong>geli\u015fmi\u015f i\u015flevler<\/strong>, geli\u015ftiricinin \u00e7al\u0131\u015fmas\u0131 i\u00e7in yararl\u0131d\u0131r.<\/p>\n<p>Bu \u00f6zellikler aras\u0131nda \u00f6rne\u011fin<\/p>\n<ul>\n<li><strong>Kararl\u0131 durum<\/strong>: Dyno, motorun belirli bir h\u0131zda\/devirde durdurulmas\u0131n\u0131 sa\u011flar.<\/li>\n<li><strong>H\u0131zlanma rampas\u0131 kontrol\u00fc<\/strong>: Farkl\u0131 motorlara ve g\u00fc\u00e7lere ba\u011fl\u0131 olarak h\u0131zlanma rampas\u0131n\u0131 ayarlamak m\u00fcmk\u00fcnd\u00fcr.<\/li>\n<li><strong>Sokak sim\u00fclasyonu<\/strong> (t\u0131rman\u0131\u015f, e\u011fim, r\u00f6morklar\u0131n varl\u0131\u011f\u0131).<\/li>\n<\/ul>\n<p>Yukar\u0131dakiler sadece \u00f6rneklerdir. <strong>frenli bir test tezgah\u0131n\u0131n sunabilece\u011fi bir\u00e7ok i\u015flev<\/strong>. Bug\u00fcn, bu t\u00fcr <strong>en yayg\u0131n fren<\/strong> test tezgahlar\u0131nda, bu <a href=\"https:\/\/it.wikipedia.org\/wiki\/Freni_magnetici\"><strong>girdap ak\u0131m\u0131 (veya Focault) freni<\/strong><\/a> (Wikypedia ba\u011flant\u0131s\u0131)<\/p>\n<h4>TEST TEZGAHLARINDA GELI\u015eTIRME VE ARA\u015eTIRMA<\/h4>\n<p>Ara\u00e7 geli\u015ftirme s\u0131ras\u0131nda zaman tasarrufu sa\u011flamak i\u00e7in, <strong>\u015firketler giderek artan bir \u015fekilde ayn\u0131 testleri motor test tezgah\u0131nda, dinamometrik silindir tezgah\u0131nda ger\u00e7ekle\u015ftirmeye \u00e7al\u0131\u015fmaktad\u0131r.<\/strong><\/p>\n<p>Ama\u00e7 a\u015fa\u011f\u0131dakileri ger\u00e7ekle\u015ftirmektir <strong>farkl\u0131l\u0131klar\u0131 vurgulamak i\u00e7in sonu\u00e7lar\u0131 ili\u015fkilendirmek <\/strong>(ve bunlar\u0131 etkileyen fakt\u00f6rlerin) yan\u0131 s\u0131ra <strong>Mevcut testlerin yeniden kullan\u0131lmas\u0131 ve kar\u015f\u0131la\u015ft\u0131r\u0131lmas\u0131 avantaj\u0131yla motor test tezgah\u0131nda elde edilen sonu\u00e7lar\u0131n do\u011frulanmas\u0131<\/strong>, tamamen \u00e7al\u0131\u015fmakta olan uygulama t\u00fcr\u00fcne benzer bir test ortam\u0131nda.<\/p>\n<p>Bu test ortamlar\u0131n\u0131n her birinde <strong>\u00e7e\u015fitli faaliyetler ger\u00e7ekle\u015ftirilir<\/strong>dahil:<\/p>\n<ul>\n<li><strong>Ara\u00e7 geli\u015ftirme a\u015famas\u0131nda<\/strong> bir motor test tezgah\u0131 a\u015fa\u011f\u0131dakiler i\u00e7in kullan\u0131l\u0131r <strong>dayan\u0131kl\u0131l\u0131\u011f\u0131 ve termodinami\u011fi do\u011frulay\u0131n<\/strong>. Ayr\u0131ca a\u015fa\u011f\u0131dakiler i\u00e7in de kullan\u0131l\u0131r <strong>temel ECU kalibrasyonu<\/strong>, ayr\u0131ca emisyonlar a\u00e7\u0131s\u0131ndan davran\u0131\u015f\u0131n\u0131 tahmin etmek (yol sim\u00fclasyonu gibi i\u015flevler kullanarak)<\/li>\n<li><strong>Emisyon testleri <\/strong>motor test tezgah\u0131nda ger\u00e7ekle\u015ftirilir ve ara\u00e7 homologasyonu i\u00e7in \u015fasi dinamometresinde tekrarlan\u0131r;<\/li>\n<li><strong>S\u00fcr\u00fclebilirli\u011fin de\u011ferlendirilmesi ve g\u00fc\u00e7 aktarma sistemi kalibrasyonunun optimizasyonu<\/strong>motor test tezgahlar\u0131nda ger\u00e7ekle\u015ftirilir;<\/li>\n<li><strong>\u015eanz\u0131man ve ara\u00e7 <\/strong>yolda veya makaral\u0131 tezgahlarda do\u011frulan\u0131r;<\/li>\n<li><strong>\u0130klim' testleri <\/strong>\u00f6nce motor test tezgah\u0131nda, ard\u0131ndan silindir test tezgah\u0131nda ger\u00e7ekle\u015fir;<\/li>\n<li><strong>Dayan\u0131kl\u0131l\u0131k testleri <\/strong>e <strong>s\u00fcr\u00fc\u015f d\u00f6ng\u00fcleri <\/strong>motor test tezgah\u0131nda, ard\u0131ndan silindir (veya yol) test tezgah\u0131nda ger\u00e7ekle\u015fir.<\/li>\n<\/ul>\n<h5>\u0130\u00c7G\u00d6R\u00dcLER<\/h5>\n<ul>\n<li><strong><a href=\"https:\/\/motycs.it\/tr\/tarih-bankalari-guc-a-silindirlerini-kanitliyor\/\">Makaral\u0131 g\u00fc\u00e7 test tezgahlar\u0131n\u0131n tarih\u00e7esi<\/a><\/strong><\/li>\n<li><strong><a href=\"https:\/\/motycs.it\/tr\/benchi-prova-potenza-monorullo-birullo\/\">Tek veya \u00e7ift makaral\u0131 g\u00fc\u00e7 test tezgah\u0131, hangisini se\u00e7meli<\/a><\/strong><\/li>\n<li><strong><a href=\"https:\/\/motycs.it\/tr\/benchi-prova-potenza-monorullo-birullo\/\">Bir otomotiv merdane tezgah\u0131nda merdane \u00e7ap\u0131n\u0131n \u00f6nemi<\/a><\/strong><\/li>\n<li><strong><a href=\"https:\/\/motycs.it\/tr\/guc-dagitimli-bankalar-geci\u0307rmez\/\">G\u00fc\u00e7 da\u011f\u0131t\u0131m\u0131 nedir?<\/a><\/strong><\/li>\n<li><strong><a href=\"https:\/\/motycs.it\/tr\/faktorler-duzeltme-gucu\/\">G\u00fc\u00e7 d\u00fczeltme fakt\u00f6rleri ne i\u00e7in kullan\u0131l\u0131r?<\/a><\/strong><\/li>\n<li><a href=\"https:\/\/motycs.it\/tr\/test-tezgahlari-4wd\/\"><strong>Ba\u011flant\u0131l\u0131 akslara sahip 4WD tezgah\u0131n avantajlar\u0131<\/strong><\/a><\/li>\n<li><strong><a href=\"https:\/\/motycs.it\/tr\/sistemler-homologlar\/\">Homologasyon ve hat sonu tezgahlar\u0131<\/a><\/strong><\/li>\n<\/ul>\n<h5>\u00dcR\u00dcN VE HI\u0307ZMETLERI\u0307MI\u0307Z<\/h5>\n<ul>\n<li><a href=\"https:\/\/motycs.it\/tr\/product-category\/banchi-prova-potenza\/\"><strong>Test tezgah\u0131 \u00e7e\u015fitlerimiz<\/strong><\/a><\/li>\n<li><a href=\"https:\/\/motycs.it\/tr\/product-category\/sistemi-di-controllo\/\"><strong>Kontrol ve edinim sistemleri<\/strong><\/a><\/li>\n<li><a href=\"https:\/\/motycs.it\/tr\/product\/tuzluklar\/\"><strong>Ses ge\u00e7irmez motor test odalar\u0131<\/strong><\/a><\/li>\n<li><strong><a href=\"https:\/\/motycs.it\/tr\/product\/havalandirma\/\">Motor so\u011futma fan\u0131 tertibatlar\u0131<\/a><\/strong><\/li>\n<li><a href=\"https:\/\/motycs.it\/tr\/product\/duman-cikarma\/\"><strong>Duman emme sistemleri<\/strong><\/a><\/li>\n<li><a href=\"https:\/\/motycs.it\/tr\/services-test-engines\/\"><strong>MOTOR VE ARA\u00c7 TEST HI\u0307ZMETLERI\u0307<\/strong><\/a><\/li>\n<\/ul>\n<p><a href=\"https:\/\/motycs.it\/tr\/kisiler\/\"><strong>Daha fazla bilgi i\u00e7in bize ula\u015f\u0131n<\/strong><\/a><\/p>\n\n\t\t<\/div>\n\t<\/div>\n<\/div><\/div><\/div><\/div><\/div><\/div><\/div><div class=\"vc_row-full-width vc_clearfix\"><\/div>","protected":false},"excerpt":{"rendered":"TeoriTeknik ve temel kavramlar TEST TEZGAHLARI NE \u0130\u015eE YARAR Test tezgahlar\u0131, ister silindir (ara\u00e7lar\u0131 test etmek i\u00e7in) ister motor test tezgahlar\u0131 olsun, motor performans\u0131n\u0131 ve \u00f6zelliklerini \u00f6l\u00e7mek i\u00e7in yararl\u0131 ara\u00e7lard\u0131r. Temel olarak a\u015fa\u011f\u0131dakiler aras\u0131nda farkl\u0131l\u0131k g\u00f6steren \u00e7e\u015fitli t\u00fcrleri vard\u0131r: motor test tezgahlar\u0131 (motorun test edildi\u011fi ve [...]","protected":false},"author":1,"featured_media":0,"parent":0,"menu_order":0,"comment_status":"closed","ping_status":"closed","template":"","meta":{"footnotes":""},"class_list":["post-1445","page","type-page","status-publish","hentry"],"yoast_head":"<!-- This site is optimized with the Yoast SEO plugin v26.5 - https:\/\/yoast.com\/wordpress\/plugins\/seo\/ -->\n<title>Principi generali - MOTYCS<\/title>\n<meta name=\"description\" content=\"Scopri i concetti di base ed i principi generali che stanno dietro ai banchi prova potenza, siano banchi a rulli o banchi prova motore\" \/>\n<meta name=\"robots\" content=\"index, follow, max-snippet:-1, max-image-preview:large, max-video-preview:-1\" \/>\n<link rel=\"canonical\" href=\"https:\/\/motycs.it\/tr\/temel-kavramlar-sasi-dyno-test-tezgahlari\/\" \/>\n<meta property=\"og:locale\" content=\"tr_TR\" \/>\n<meta property=\"og:type\" content=\"article\" \/>\n<meta property=\"og:title\" content=\"Principi generali - MOTYCS\" \/>\n<meta property=\"og:description\" content=\"Scopri i concetti di base ed i principi generali che stanno dietro ai banchi prova potenza, siano banchi a rulli o banchi prova motore\" \/>\n<meta property=\"og:url\" content=\"https:\/\/motycs.it\/tr\/temel-kavramlar-sasi-dyno-test-tezgahlari\/\" \/>\n<meta property=\"og:site_name\" content=\"MOTYCS\" \/>\n<meta property=\"article:publisher\" content=\"https:\/\/www.facebook.com\/motycs\/\" \/>\n<meta property=\"article:modified_time\" content=\"2023-06-02T20:29:06+00:00\" \/>\n<meta property=\"og:image\" content=\"https:\/\/motycs.it\/wp-content\/uploads\/2022\/08\/engine-banco-prova-motore-motycs.jpg\" \/>\n<meta name=\"twitter:card\" content=\"summary_large_image\" \/>\n<meta name=\"twitter:label1\" content=\"Tahmini okuma s\u00fcresi\" \/>\n\t<meta name=\"twitter:data1\" content=\"4 dakika\" \/>\n<script type=\"application\/ld+json\" class=\"yoast-schema-graph\">{\"@context\":\"https:\/\/schema.org\",\"@graph\":[{\"@type\":\"WebPage\",\"@id\":\"https:\/\/motycs.it\/principi-generali-banchi-prova\/\",\"url\":\"https:\/\/motycs.it\/principi-generali-banchi-prova\/\",\"name\":\"Principi generali - MOTYCS\",\"isPartOf\":{\"@id\":\"https:\/\/motycs.it\/#website\"},\"primaryImageOfPage\":{\"@id\":\"https:\/\/motycs.it\/principi-generali-banchi-prova\/#primaryimage\"},\"image\":{\"@id\":\"https:\/\/motycs.it\/principi-generali-banchi-prova\/#primaryimage\"},\"thumbnailUrl\":\"https:\/\/motycs.it\/wp-content\/uploads\/2022\/08\/engine-banco-prova-motore-motycs.jpg\",\"datePublished\":\"2023-04-13T06:51:53+00:00\",\"dateModified\":\"2023-06-02T20:29:06+00:00\",\"description\":\"Scopri i concetti di base ed i principi generali che stanno dietro ai banchi prova potenza, siano banchi a rulli o banchi prova motore\",\"breadcrumb\":{\"@id\":\"https:\/\/motycs.it\/principi-generali-banchi-prova\/#breadcrumb\"},\"inLanguage\":\"tr\",\"potentialAction\":[{\"@type\":\"ReadAction\",\"target\":[\"https:\/\/motycs.it\/principi-generali-banchi-prova\/\"]}]},{\"@type\":\"ImageObject\",\"inLanguage\":\"tr\",\"@id\":\"https:\/\/motycs.it\/principi-generali-banchi-prova\/#primaryimage\",\"url\":\"https:\/\/motycs.it\/wp-content\/uploads\/2022\/08\/engine-banco-prova-motore-motycs.jpg\",\"contentUrl\":\"https:\/\/motycs.it\/wp-content\/uploads\/2022\/08\/engine-banco-prova-motore-motycs.jpg\"},{\"@type\":\"BreadcrumbList\",\"@id\":\"https:\/\/motycs.it\/principi-generali-banchi-prova\/#breadcrumb\",\"itemListElement\":[{\"@type\":\"ListItem\",\"position\":1,\"name\":\"Home\",\"item\":\"https:\/\/motycs.it\/\"},{\"@type\":\"ListItem\",\"position\":2,\"name\":\"Principi generali\"}]},{\"@type\":\"WebSite\",\"@id\":\"https:\/\/motycs.it\/#website\",\"url\":\"https:\/\/motycs.it\/\",\"name\":\"MOTYCS\",\"description\":\"\",\"publisher\":{\"@id\":\"https:\/\/motycs.it\/#organization\"},\"potentialAction\":[{\"@type\":\"SearchAction\",\"target\":{\"@type\":\"EntryPoint\",\"urlTemplate\":\"https:\/\/motycs.it\/?s={search_term_string}\"},\"query-input\":{\"@type\":\"PropertyValueSpecification\",\"valueRequired\":true,\"valueName\":\"search_term_string\"}}],\"inLanguage\":\"tr\"},{\"@type\":\"Organization\",\"@id\":\"https:\/\/motycs.it\/#organization\",\"name\":\"MOTYCS\",\"url\":\"https:\/\/motycs.it\/\",\"logo\":{\"@type\":\"ImageObject\",\"inLanguage\":\"tr\",\"@id\":\"https:\/\/motycs.it\/#\/schema\/logo\/image\/\",\"url\":\"https:\/\/motycs.it\/wp-content\/uploads\/2022\/03\/orizz_bianc.jpg\",\"contentUrl\":\"https:\/\/motycs.it\/wp-content\/uploads\/2022\/03\/orizz_bianc.jpg\",\"width\":600,\"height\":159,\"caption\":\"MOTYCS\"},\"image\":{\"@id\":\"https:\/\/motycs.it\/#\/schema\/logo\/image\/\"},\"sameAs\":[\"https:\/\/www.facebook.com\/motycs\/\",\"https:\/\/www.instagram.com\/motycs.teq\/\",\"https:\/\/www.linkedin.com\/company\/motycs\/\",\"https:\/\/www.pinterest.it\/Motycsdynamometer\/\",\"https:\/\/www.youtube.com\/channel\/UCl_9nwLJn-fMI6UMZVc0tZw\"]}]}<\/script>\n<!-- \/ Yoast SEO plugin. -->","yoast_head_json":{"title":"Genel ilkeler - MOTYCS","description":"\u0130ster silindir ister motor test tezgah\u0131 olsun, g\u00fc\u00e7 test tezgahlar\u0131n\u0131n arkas\u0131ndaki temel kavramlar\u0131 ve genel ilkeleri \u00f6\u011frenin","robots":{"index":"index","follow":"follow","max-snippet":"max-snippet:-1","max-image-preview":"max-image-preview:large","max-video-preview":"max-video-preview:-1"},"canonical":"https:\/\/motycs.it\/tr\/temel-kavramlar-sasi-dyno-test-tezgahlari\/","og_locale":"tr_TR","og_type":"article","og_title":"Principi generali - MOTYCS","og_description":"Scopri i concetti di base ed i principi generali che stanno dietro ai banchi prova potenza, siano banchi a rulli o banchi prova motore","og_url":"https:\/\/motycs.it\/tr\/temel-kavramlar-sasi-dyno-test-tezgahlari\/","og_site_name":"MOTYCS","article_publisher":"https:\/\/www.facebook.com\/motycs\/","article_modified_time":"2023-06-02T20:29:06+00:00","og_image":[{"url":"https:\/\/motycs.it\/wp-content\/uploads\/2022\/08\/engine-banco-prova-motore-motycs.jpg","type":"","width":"","height":""}],"twitter_card":"summary_large_image","twitter_misc":{"Tahmini okuma s\u00fcresi":"4 dakika"},"schema":{"@context":"https:\/\/schema.org","@graph":[{"@type":"WebPage","@id":"https:\/\/motycs.it\/principi-generali-banchi-prova\/","url":"https:\/\/motycs.it\/principi-generali-banchi-prova\/","name":"Genel ilkeler - MOTYCS","isPartOf":{"@id":"https:\/\/motycs.it\/#website"},"primaryImageOfPage":{"@id":"https:\/\/motycs.it\/principi-generali-banchi-prova\/#primaryimage"},"image":{"@id":"https:\/\/motycs.it\/principi-generali-banchi-prova\/#primaryimage"},"thumbnailUrl":"https:\/\/motycs.it\/wp-content\/uploads\/2022\/08\/engine-banco-prova-motore-motycs.jpg","datePublished":"2023-04-13T06:51:53+00:00","dateModified":"2023-06-02T20:29:06+00:00","description":"\u0130ster silindir ister motor test tezgah\u0131 olsun, g\u00fc\u00e7 test tezgahlar\u0131n\u0131n arkas\u0131ndaki temel kavramlar\u0131 ve genel ilkeleri \u00f6\u011frenin","breadcrumb":{"@id":"https:\/\/motycs.it\/principi-generali-banchi-prova\/#breadcrumb"},"inLanguage":"tr","potentialAction":[{"@type":"ReadAction","target":["https:\/\/motycs.it\/principi-generali-banchi-prova\/"]}]},{"@type":"ImageObject","inLanguage":"tr","@id":"https:\/\/motycs.it\/principi-generali-banchi-prova\/#primaryimage","url":"https:\/\/motycs.it\/wp-content\/uploads\/2022\/08\/engine-banco-prova-motore-motycs.jpg","contentUrl":"https:\/\/motycs.it\/wp-content\/uploads\/2022\/08\/engine-banco-prova-motore-motycs.jpg"},{"@type":"BreadcrumbList","@id":"https:\/\/motycs.it\/principi-generali-banchi-prova\/#breadcrumb","itemListElement":[{"@type":"ListItem","position":1,"name":"Home","item":"https:\/\/motycs.it\/"},{"@type":"ListItem","position":2,"name":"Principi generali"}]},{"@type":"WebSite","@id":"https:\/\/motycs.it\/#website","url":"https:\/\/motycs.it\/","name":"MOTYCS","description":"","publisher":{"@id":"https:\/\/motycs.it\/#organization"},"potentialAction":[{"@type":"SearchAction","target":{"@type":"EntryPoint","urlTemplate":"https:\/\/motycs.it\/?s={search_term_string}"},"query-input":{"@type":"PropertyValueSpecification","valueRequired":true,"valueName":"search_term_string"}}],"inLanguage":"tr"},{"@type":"Organization","@id":"https:\/\/motycs.it\/#organization","name":"MOTYCS","url":"https:\/\/motycs.it\/","logo":{"@type":"ImageObject","inLanguage":"tr","@id":"https:\/\/motycs.it\/#\/schema\/logo\/image\/","url":"https:\/\/motycs.it\/wp-content\/uploads\/2022\/03\/orizz_bianc.jpg","contentUrl":"https:\/\/motycs.it\/wp-content\/uploads\/2022\/03\/orizz_bianc.jpg","width":600,"height":159,"caption":"MOTYCS"},"image":{"@id":"https:\/\/motycs.it\/#\/schema\/logo\/image\/"},"sameAs":["https:\/\/www.facebook.com\/motycs\/","https:\/\/www.instagram.com\/motycs.teq\/","https:\/\/www.linkedin.com\/company\/motycs\/","https:\/\/www.pinterest.it\/Motycsdynamometer\/","https:\/\/www.youtube.com\/channel\/UCl_9nwLJn-fMI6UMZVc0tZw"]}]}},"_links":{"self":[{"href":"https:\/\/motycs.it\/tr\/wp-json\/wp\/v2\/pages\/1445","targetHints":{"allow":["GET"]}}],"collection":[{"href":"https:\/\/motycs.it\/tr\/wp-json\/wp\/v2\/pages"}],"about":[{"href":"https:\/\/motycs.it\/tr\/wp-json\/wp\/v2\/types\/page"}],"author":[{"embeddable":true,"href":"https:\/\/motycs.it\/tr\/wp-json\/wp\/v2\/users\/1"}],"replies":[{"embeddable":true,"href":"https:\/\/motycs.it\/tr\/wp-json\/wp\/v2\/comments?post=1445"}],"version-history":[{"count":36,"href":"https:\/\/motycs.it\/tr\/wp-json\/wp\/v2\/pages\/1445\/revisions"}],"predecessor-version":[{"id":1816,"href":"https:\/\/motycs.it\/tr\/wp-json\/wp\/v2\/pages\/1445\/revisions\/1816"}],"wp:attachment":[{"href":"https:\/\/motycs.it\/tr\/wp-json\/wp\/v2\/media?parent=1445"}],"curies":[{"name":"wp","href":"https:\/\/api.w.org\/{rel}","templated":true}]}}