{"id":1381,"date":"2023-03-09T09:42:02","date_gmt":"2023-03-09T08:42:02","guid":{"rendered":"https:\/\/motycs.it\/?page_id=1381"},"modified":"2023-05-09T09:40:38","modified_gmt":"2023-05-09T07:40:38","slug":"servizi-testing-motori","status":"publish","type":"page","link":"https:\/\/motycs.it\/tr\/services-test-engines\/","title":{"rendered":"Motor ve ara\u00e7 testleri"},"content":{"rendered":"<div data-vc-full-width=\"true\" data-vc-full-width-init=\"false\" class=\"vc_row wpb_row vc_row-fluid vc_custom_1661159702438 vc_row-has-fill\"><div class=\"wpb_column vc_column_container vc_col-sm-12\"><div class=\"vc_column-inner\"><div class=\"wpb_wrapper\"><div class=\"sc_section margin_top_large margin_bottom_large\" data-animation=\"animated fadeInUp normal\" style=\"max-width: 1030px; margin: auto;\"><div class=\"sc_section_inner\"><h6 class=\"sc_section_subtitle sc_item_subtitle\">Hizmetler<\/h6><h3 class=\"sc_section_title sc_item_title sc_item_title_without_descr\">Motor ve ara\u00e7 testleri<\/h3><div class=\"sc_section_content_wrap\">\n\t<div class=\"wpb_text_column wpb_content_element  vc_custom_1680864912958\" >\n\t\t<div class=\"wpb_wrapper\">\n\t\t\t\n\t\t<\/div>\n\t<\/div>\n<\/div><\/div><\/div><h4 class=\"sc_title sc_title_regular margin_bottom_small\"><\/h4><div class=\"sc_accordion\" data-active=\"0\"><div class=\"sc_accordion_item odd first\"><h5 class=\"sc_accordion_title\"><span class=\"sc_accordion_icon sc_accordion_icon_closed icon-plus\"><\/span><span class=\"sc_accordion_icon sc_accordion_icon_opened icon-minus\"><\/span>MOTOR TEST TEZGAHLARI<\/h5><div class=\"sc_accordion_content\">\n\t<div class=\"wpb_text_column wpb_content_element\" >\n\t\t<div class=\"wpb_wrapper\">\n\t\t\t<p><strong>Bir motor test odas\u0131n\u0131n mevcudiyeti<\/strong> yap\u0131land\u0131r\u0131lm\u0131\u015f bir test tezgah\u0131 ile donat\u0131lm\u0131\u015ft\u0131r. <strong>TANDEM \u00e7\u00f6z\u00fcm\u00fc<\/strong>ile<strong> asenkron motor.<\/strong><\/p>\n<p><strong>Her test kurulumu ki\u015fiye \u00f6zel olarak haz\u0131rlan\u0131r<\/strong> m\u00fc\u015fterinin ihtiya\u00e7lar\u0131n\u0131 kar\u015f\u0131lamak i\u00e7in. \u015eunlara b\u00fcy\u00fck \u00f6nem veriyoruz<strong> \u00f6l\u00e7\u00fcm\u00fcn tekrarlanabilirli\u011fi ve dakikli\u011fi<\/strong>:<br \/>\notomatik 'ger\u00e7ek zamanl\u0131' kontrol sistemleri uygulad\u0131k, b\u00f6ylece <strong>son derece hassas bir \u015fekilde \u00f6zelle\u015ftirilmi\u015f d\u00f6ng\u00fcler.<\/strong><\/p>\n<p><strong>Test h\u00fccresini \u00e7e\u015fitli seviyelerde yap\u0131land\u0131rabiliriz; <\/strong>biz var\u0131z <strong>sisteme entegre ara\u00e7lar <\/strong>gibi:<\/p>\n<ul>\n<li><strong>Koaksiyel asenkron motorlu \"Tandem\" konfig\u00fcrasyon\u00a0<\/strong><\/li>\n<li><strong>Tork flan\u015f\u0131 ve y\u00fck h\u00fccresi arac\u0131l\u0131\u011f\u0131yla tork\/g\u00fc\u00e7 \u00f6l\u00e7\u00fcm\u00fc<\/strong><\/li>\n<li><strong>\u00dcfleme \u00f6l\u00e7er <\/strong>e <strong>Anl\u0131k t\u00fcketim \u00f6l\u00e7er.<\/strong><\/li>\n<li><strong>Kontroll\u00fc mekanik akt\u00fcat\u00f6rler, <\/strong>geni\u015f kullan\u0131labilirlik<strong> sens\u00f6rler<\/strong><\/li>\n<li><strong>Egzoz sistemi yerle\u015fim konfig\u00fcrasyonu; <\/strong><strong>ayarlanabilir havaland\u0131rma<\/strong><\/li>\n<li><strong>Yak\u0131t ve yanmal\u0131 iklimlendirme<\/strong><\/li>\n<\/ul>\n<p><a href=\"https:\/\/motycs.it\/tr\/kisiler\/\"><strong>Prova odalar\u0131m\u0131z hakk\u0131nda daha fazla bilgi ve ayr\u0131nt\u0131 i\u00e7in bizimle ileti\u015fime ge\u00e7in<\/strong><\/a><\/p>\n\n\t\t<\/div>\n\t<\/div>\n<\/div><\/div><div class=\"sc_accordion_item even\"><h5 class=\"sc_accordion_title\"><span class=\"sc_accordion_icon sc_accordion_icon_closed icon-plus\"><\/span><span class=\"sc_accordion_icon sc_accordion_icon_opened icon-minus\"><\/span>MOTOSIKLETLER I\u00c7IN SILINDIR TEST TEZGAHI ODASI<\/h5><div class=\"sc_accordion_content\">\n\t<div class=\"wpb_text_column wpb_content_element\" >\n\t\t<div class=\"wpb_wrapper\">\n\t\t\t<p>Kullan\u0131labilirlik <strong>Motosikletler i\u00e7in mekanik akt\u00fcat\u00f6rl\u00fc makaral\u0131 test tezgah\u0131 ile donat\u0131lm\u0131\u015f oda.<\/strong><\/p>\n<p><strong>\u0130ki tekerlekli ara\u00e7lar i\u00e7in \u00f6zel odam\u0131z, 12 saate kadar kesintisiz test i\u00e7in mekanik akt\u00fcat\u00f6rler ve otomatik k\u0131lavuzluk sunmaktad\u0131r. <\/strong>Her iki \u00e7\u00f6z\u00fcm\u00fc de (motor tezgah\u0131 ve \u015fasi dinamometresi) ister tek g\u00fc\u00e7 testleri ister daha karma\u015f\u0131k ve eklemli g\u00f6revler i\u00e7in iste\u011fe ba\u011fl\u0131 olarak kullan\u0131yoruz.<\/p>\n<p>Ayr\u0131ca \u015funlar\u0131 da yapabiliyoruz <strong>makaral\u0131 tezgahlar\u0131m\u0131z\u0131 mekanik a\u00e7\u0131dan da \u00f6zelle\u015ftirin, <\/strong>\u00f6zel s\u00fcr\u00fc\u015f d\u00f6ng\u00fcs\u00fc sim\u00fclasyonu, homologasyon ve \u00f6n homologasyon gereksinimleri i\u00e7in<strong>.<\/strong><\/p>\n<p><a href=\"https:\/\/motycs.it\/tr\/kisiler\/\"><strong>Prova odalar\u0131m\u0131z hakk\u0131nda daha fazla bilgi ve ayr\u0131nt\u0131 i\u00e7in bizimle ileti\u015fime ge\u00e7in<\/strong><\/a><\/p>\n\n\t\t<\/div>\n\t<\/div>\n<\/div><\/div><div id=\"sc_accordion_item_1661160449203_0\" class=\"sc_accordion_item odd\"><h5 class=\"sc_accordion_title\"><span class=\"sc_accordion_icon sc_accordion_icon_closed icon-plus\"><\/span><span class=\"sc_accordion_icon sc_accordion_icon_opened icon-minus\"><\/span>ARABA SILINDIRI TEST TEZGAHI ODASI<\/h5><div class=\"sc_accordion_content\">\n\t<div class=\"wpb_text_column wpb_content_element\" >\n\t\t<div class=\"wpb_wrapper\">\n\t\t\t<p>\u015eunlarla donat\u0131lm\u0131\u015f bir odan\u0131n mevcudiyeti <strong>Motorlu ta\u015f\u0131tlar i\u00e7in makaral\u0131 g\u00fc\u00e7 test tezgah\u0131.<\/strong><\/p>\n<p><strong>Makaral\u0131 tezgah, motoru tek ba\u015f\u0131na yerle\u015ftirmek i\u00e7in uygun bir alternatiftir, <\/strong>Sadece maliyetlerin azalt\u0131lmas\u0131 ve uygulama h\u0131z\u0131 a\u00e7\u0131s\u0131ndan de\u011fil, ayn\u0131 zamanda testlerin bir <strong>tipik yol kullan\u0131m\u0131 olan insan s\u00fcr\u00fc\u015f hassasiyeti.<\/strong><\/p>\n<p><strong>Makaral\u0131 tezgahlar\u0131m\u0131z\u0131 mekanik olarak da \u00f6zelle\u015ftirebiliriz, <\/strong>\u00f6zel s\u00fcr\u00fc\u015f d\u00f6ng\u00fcs\u00fc sim\u00fclasyonu, homologasyon ve \u00f6n homologasyon gereksinimleri i\u00e7in.<\/p>\n<p><a href=\"https:\/\/motycs.it\/tr\/kisiler\/\"><strong>Prova odalar\u0131m\u0131z hakk\u0131nda daha fazla bilgi ve ayr\u0131nt\u0131 i\u00e7in bizimle ileti\u015fime ge\u00e7in<\/strong><\/a><\/p>\n\n\t\t<\/div>\n\t<\/div>\n<\/div><\/div><div id=\"sc_accordion_item_1661160449203_0\" class=\"sc_accordion_item even\"><h5 class=\"sc_accordion_title\"><span class=\"sc_accordion_icon sc_accordion_icon_closed icon-plus\"><\/span><span class=\"sc_accordion_icon sc_accordion_icon_opened icon-minus\"><\/span>MOTOR KONTROL KALI\u0307BRASYONU<\/h5><div class=\"sc_accordion_content\">\n\t<div class=\"wpb_text_column wpb_content_element\" >\n\t\t<div class=\"wpb_wrapper\">\n\t\t\t<p><strong>Motor sisteminin artan karma\u015f\u0131kl\u0131\u011f\u0131 (hibrit ve elektrikli ara\u00e7lar) kaynak optimizasyonu ihtiyac\u0131 ile birle\u015fmi\u015ftir, <\/strong>belirledik.<strong> daha etkili motor kontrol \u00fcnitesi kalibrasyon y\u00f6ntem ve sistemlerine duyulan ihtiya\u00e7<\/strong>.<\/p>\n<p>Katma de\u011ferlerimiz:<\/p>\n<ul>\n<li><strong>Motor ve ECU kalibrasyonu<\/strong>, \u00f6zelle\u015ftirilebilir test ortamlar\u0131nda<\/li>\n<li><strong>Temel motor optimizasyonu, s\u00fcr\u00fclebilirlik, emisyonlar aras\u0131nda bilgi<\/strong><\/li>\n<li><strong>Otomatik i\u015fleme ve raporlama i\u00e7in profesyonel ara\u00e7lar<\/strong><\/li>\n<li>Taraf\u0131ndan g\u00fc\u00e7lendirilmi\u015f <strong>y\u0131llar\u0131n deneyimi ve \u00e7ok \u00e7e\u015fitli ECU kalibrasyon ve do\u011frulama uygulamalar\u0131<\/strong> (motor y\u00f6netim sistemleri), \u00f6zel profesyonel ara\u00e7lar ve \u00f6zel yaz\u0131l\u0131mlarla kontrol sistemlerinin geli\u015ftirilmesi i\u00e7in kendimizi \u00f6neriyoruz, <strong>ETAS Inca dahil<\/strong><\/li>\n<\/ul>\n<p><a href=\"https:\/\/motycs.it\/tr\/kisiler\/\"><strong>Prova odalar\u0131m\u0131z hakk\u0131nda daha fazla bilgi ve ayr\u0131nt\u0131 i\u00e7in bizimle ileti\u015fime ge\u00e7in<\/strong><\/a><\/p>\n\n\t\t<\/div>\n\t<\/div>\n<\/div><\/div><div id=\"sc_accordion_item_1661160449203_0\" class=\"sc_accordion_item odd\"><h5 class=\"sc_accordion_title\"><span class=\"sc_accordion_icon sc_accordion_icon_closed icon-plus\"><\/span><span class=\"sc_accordion_icon sc_accordion_icon_opened icon-minus\"><\/span>VERI\u0307 TOPLAMA VE ELEKTRONI\u0307K<\/h5><div class=\"sc_accordion_content\">\n\t<div class=\"wpb_text_column wpb_content_element\" >\n\t\t<div class=\"wpb_wrapper\">\n\t\t\t<p>Her t\u00fcrl\u00fc testin temel bir par\u00e7as\u0131<strong> \u00fcretilen verilerin kaydedilmesi ve do\u011fru \u015fekilde i\u015flenmesi.<\/strong> Bunun vazge\u00e7ilmez oldu\u011funu d\u00fc\u015f\u00fcn\u00fcyoruz<strong> M\u00fcdahale edebilmek i\u00e7in olguyu ayr\u0131nt\u0131l\u0131 olarak bilmek;<\/strong> biz var\u0131z <strong>ana platformlarla aray\u00fczl\u00fc sabit ve ta\u015f\u0131nabilir \u00e7e\u015fitli toplama sistemlerinin yan\u0131 s\u0131ra \u00e7ok \u00e7e\u015fitli yap\u0131land\u0131r\u0131labilir sens\u00f6rler<\/strong>. T\u00fcm test tezgahlar\u0131m\u0131z <strong>her a\u00e7\u0131dan yap\u0131land\u0131r\u0131labilir<\/strong>ayr\u0131ca <strong>Bir elektronik geli\u015ftirme, entegrasyon ve hata ay\u0131klama laboratuvar\u0131n\u0131n dahili mevcudiyeti.<\/strong><\/p>\n<p>\u015eirket i\u00e7i test odas\u0131 kurulumlar\u0131, \u00f6l\u00e7\u00fcm sistemleri ve sat\u0131n alma ger\u00e7ekle\u015ftiriyoruz; <strong>en iyi sonucu elde etmek i\u00e7in gereken her ayr\u0131nt\u0131yla ilgilenir.<\/strong><\/p>\n<p><a href=\"https:\/\/motycs.it\/tr\/kisiler\/\"><strong>Prova odalar\u0131m\u0131z hakk\u0131nda daha fazla bilgi ve ayr\u0131nt\u0131 i\u00e7in bizimle ileti\u015fime ge\u00e7in<\/strong><\/a><\/p>\n\n\t\t<\/div>\n\t<\/div>\n<\/div><\/div><div id=\"sc_accordion_item_1661160449203_0\" class=\"sc_accordion_item even\"><h5 class=\"sc_accordion_title\"><span class=\"sc_accordion_icon sc_accordion_icon_closed icon-plus\"><\/span><span class=\"sc_accordion_icon sc_accordion_icon_opened icon-minus\"><\/span>KURUM I\u0307\u00c7I\u0307 LABORATUVARLAR<\/h5><div class=\"sc_accordion_content\">\n\t<div class=\"wpb_text_column wpb_content_element\" >\n\t\t<div class=\"wpb_wrapper\">\n\t\t\t<p>\u00c7e\u015fitli \u015firket faaliyetlerine yard\u0131mc\u0131 olmak i\u00e7in kurum i\u00e7i laboratuvarlar\u0131n mevcudiyeti. Bunlar <strong>m\u00fcmk\u00fcn oldu\u011funca esnek bir \u015fekilde test faaliyetleri \u00fczerinde tam kontrol sahibi olmam\u0131z\u0131 sa\u011flar:<\/strong><\/p>\n<ul>\n<li><strong>ELEKTRONI\u0307K LABORATUVARI<\/strong><\/li>\n<li><strong>BILE\u015eEN KARAKTERIZASYONU<\/strong><\/li>\n<li><strong>FLOWOMETRE<\/strong><\/li>\n<li><strong>EK\u0130PMAN, <\/strong><strong>KAYNAK<\/strong><\/li>\n<li><strong>MONTAJ TEZGAHLARI<\/strong><\/li>\n<\/ul>\n<p><a href=\"https:\/\/motycs.it\/tr\/kisiler\/\"><strong>Test hizmetlerimiz hakk\u0131nda daha fazla bilgi ve ayr\u0131nt\u0131 i\u00e7in bizimle ileti\u015fime ge\u00e7in<\/strong><\/a><\/p>\n\n\t\t<\/div>\n\t<\/div>\n<\/div><\/div><\/div>\n\t<div class=\"wpb_text_column wpb_content_element  vc_custom_1683230348847\" >\n\t\t<div class=\"wpb_wrapper\">\n\t\t\t<h5><strong>I\u0307\u015eBI\u0307RLI\u0307KLERI\u0307<\/strong><\/h5>\n<div class=\"page\" title=\"Sayfa 2\">\n<div class=\"section\">\n<div class=\"layoutArea\">\n<div class=\"column\">\n<p>Biz \u00e7al\u0131\u015f\u0131yoruz <strong>otomobil gelene\u011finin en prestijli \u015firketlerinden baz\u0131lar\u0131yla yak\u0131n i\u015fbirli\u011fi<\/strong>, kendimizi <strong>stratejik ortakl\u0131klar kurmaya artan de\u011fer katmak<\/strong>; m\u00fc\u015fterilerle s\u00fcrekli ve g\u00fcvene dayal\u0131 ili\u015fkiler geli\u015ftirmek.<\/p>\n<p><strong>Daha fazla bilgi i\u00e7in bizimle ileti\u015fime ge\u00e7in: <a href=\"mailto:info@motycs.it\">info@motycs.it<\/a><\/strong><\/p>\n<\/div>\n<h6><strong>DAHA FAZLASINI KE\u015eFEDI\u0307N<\/strong><\/h6>\n<ul>\n<li><a href=\"https:\/\/motycs.it\/tr\/temel-kavramlar-sasi-dyno-test-tezgahlari\/\"><strong>Test tezgahlar\u0131 ile ilgili temel kavramlar<\/strong><\/a><\/li>\n<li><a href=\"https:\/\/motycs.it\/tr\/faktorler-duzeltme-gucu\/\"><strong>G\u00fc\u00e7 d\u00fczeltme fakt\u00f6rleri DIN, CE, SAE...<\/strong><\/a><\/li>\n<li><a href=\"https:\/\/motycs.it\/tr\/tarih-bankalari-guc-a-silindirlerini-kanitliyor\/\"><strong>Makaral\u0131 test tezgahlar\u0131n\u0131n tarih\u00e7esi<\/strong><\/a><\/li>\n<li><a href=\"https:\/\/motycs.it\/tr\/product\/homologatif\/\"><strong>Kontrol ve toplama sistemi, homologasyon sistemleri i\u00e7in<\/strong><\/a><\/li>\n<\/ul>\n<\/div>\n<\/div>\n<\/div>\n\n\t\t<\/div>\n\t<\/div>\n<\/div><\/div><\/div><\/div><div class=\"vc_row-full-width vc_clearfix\"><\/div><div class=\"vc_row wpb_row vc_row-fluid\"><div class=\"wpb_column vc_column_container vc_col-sm-12\"><div class=\"vc_column-inner\"><div class=\"wpb_wrapper\"><div class=\"wpb_gallery wpb_content_element vc_clearfix\" ><div class=\"wpb_wrapper\"><h2 class=\"wpb_heading wpb_gallery_heading\">galeri<\/h2><div class=\"wpb_gallery_slides wpb_slider_nivo theme-default\" data-interval=\"3\"><div class=\"nivoSlider\"><img loading=\"lazy\" decoding=\"async\" class=\"\" src=\"https:\/\/motycs.it\/wp-content\/uploads\/2023\/05\/sistemacontrolloedacquisizione.jpg\" width=\"800\" height=\"800\" alt=\"Veri toplama sistemlerimiz\" title=\"kontrol ve toplama si\u0307stemi\u0307\" \/><img loading=\"lazy\" decoding=\"async\" class=\"\" src=\"https:\/\/motycs.it\/wp-content\/uploads\/2023\/05\/engine-dynamoemter-motycs.jpg\" width=\"800\" height=\"800\" alt=\"motor-dinamoemter-motycs\" title=\"motor-dinamoemter-motycs\" \/><img loading=\"lazy\" decoding=\"async\" class=\"\" src=\"https:\/\/motycs.it\/wp-content\/uploads\/2023\/05\/dyno-controlo-room-motycs.jpg\" width=\"800\" height=\"800\" alt=\"motor test tezgah\u0131 kontrol sistemi\" title=\"dyno-controlo-room-motycs\" \/><img loading=\"lazy\" decoding=\"async\" class=\"\" src=\"https:\/\/motycs.it\/wp-content\/uploads\/2022\/08\/sala-prova-motori-motycs.jpg\" width=\"800\" height=\"800\" alt=\"motor-test odasi-moti\u0307kler\" title=\"motor-test odasi-moti\u0307kler\" \/><img loading=\"lazy\" decoding=\"async\" class=\"\" src=\"https:\/\/motycs.it\/wp-content\/uploads\/2022\/08\/banco-a-rulli-moto-motycs-prova-potenza.jpg\" width=\"800\" height=\"800\" alt=\"motycs motosi\u0307klet g\u00fc\u00e7 test tezgahi\" title=\"tezgahtan-silindire-moto-motosikletler-prova-g\u00fcc\u00fc\" \/><img loading=\"lazy\" decoding=\"async\" class=\"\" src=\"https:\/\/motycs.it\/wp-content\/uploads\/2022\/08\/immagine-INCA-motycs-ecu.jpg\" width=\"800\" height=\"800\" alt=\"Bir homologasyon sistemi SW aray\u00fcz\u00fc\" title=\"image-INCA-motycs-ecu\" \/><img loading=\"lazy\" decoding=\"async\" class=\"\" src=\"https:\/\/motycs.it\/wp-content\/uploads\/2023\/05\/4wd-banco-prova-potenza-motycs-dynamometer.jpg\" width=\"800\" height=\"800\" alt=\"4wd-bank-test-g\u00fc\u00e7-motycs-dinamometre\" title=\"4wd-bank-test-g\u00fc\u00e7-motycs-dinamometre\" \/><\/div><\/div><\/div><\/div><\/div><\/div><\/div><\/div>","protected":false},"excerpt":{"rendered":"HizmetlerMotor ve ara\u00e7 testleri MOTOR TEST ODASI Asenkron motorlu TANDEM \u00e7\u00f6z\u00fcm\u00fcnde yap\u0131land\u0131r\u0131lm\u0131\u015f bir test tezgah\u0131 ile donat\u0131lm\u0131\u015f bir motor test odas\u0131 mevcuttur. Her test d\u00fczene\u011fi m\u00fc\u015fterinin ihtiya\u00e7lar\u0131n\u0131 kar\u015f\u0131lamak \u00fczere \u00f6zel olarak haz\u0131rlan\u0131r. \u00d6l\u00e7\u00fcm\u00fcn tekrarlanabilirli\u011fine ve dakikli\u011fine b\u00fcy\u00fck \u00f6nem veriyoruz: \"ger\u00e7ek zamanl\u0131\" kontrol sistemleri uygulad\u0131k [...]","protected":false},"author":1,"featured_media":0,"parent":0,"menu_order":0,"comment_status":"closed","ping_status":"closed","template":"","meta":{"footnotes":""},"class_list":["post-1381","page","type-page","status-publish","hentry"],"yoast_head":"<!-- This site is optimized with the Yoast SEO plugin v26.5 - https:\/\/yoast.com\/wordpress\/plugins\/seo\/ -->\n<title>Testing motori e veicoli - MOTYCS<\/title>\n<meta name=\"description\" content=\"Da oltre 20 anni forniamo servizi di testing motori, calibrazione motore, omologazione, cicli di guida secondo le diverse normative\" \/>\n<meta name=\"robots\" content=\"index, follow, max-snippet:-1, max-image-preview:large, max-video-preview:-1\" \/>\n<link rel=\"canonical\" href=\"https:\/\/motycs.it\/tr\/services-test-engines\/\" \/>\n<meta property=\"og:locale\" content=\"tr_TR\" \/>\n<meta property=\"og:type\" content=\"article\" \/>\n<meta property=\"og:title\" content=\"Testing motori e veicoli - MOTYCS\" \/>\n<meta property=\"og:description\" content=\"Da oltre 20 anni forniamo servizi di testing motori, calibrazione motore, omologazione, cicli di guida secondo le diverse normative\" \/>\n<meta property=\"og:url\" content=\"https:\/\/motycs.it\/tr\/services-test-engines\/\" \/>\n<meta property=\"og:site_name\" content=\"MOTYCS\" \/>\n<meta property=\"article:publisher\" content=\"https:\/\/www.facebook.com\/motycs\/\" \/>\n<meta property=\"article:modified_time\" content=\"2023-05-09T07:40:38+00:00\" \/>\n<meta property=\"og:image\" content=\"https:\/\/motycs.it\/wp-content\/uploads\/2023\/05\/lancia-delta-integrale-banco-prova-potenza-dyno.jpg\" \/>\n\t<meta property=\"og:image:width\" content=\"800\" \/>\n\t<meta property=\"og:image:height\" content=\"800\" \/>\n\t<meta property=\"og:image:type\" content=\"image\/jpeg\" \/>\n<meta name=\"twitter:card\" content=\"summary_large_image\" \/>\n<meta name=\"twitter:label1\" content=\"Tahmini okuma s\u00fcresi\" \/>\n\t<meta name=\"twitter:data1\" content=\"11 dakika\" \/>\n<script type=\"application\/ld+json\" class=\"yoast-schema-graph\">{\"@context\":\"https:\/\/schema.org\",\"@graph\":[{\"@type\":\"WebPage\",\"@id\":\"https:\/\/motycs.it\/servizi-testing-motori\/\",\"url\":\"https:\/\/motycs.it\/servizi-testing-motori\/\",\"name\":\"Testing motori e veicoli - MOTYCS\",\"isPartOf\":{\"@id\":\"https:\/\/motycs.it\/#website\"},\"datePublished\":\"2023-03-09T08:42:02+00:00\",\"dateModified\":\"2023-05-09T07:40:38+00:00\",\"description\":\"Da oltre 20 anni forniamo servizi di testing motori, calibrazione motore, omologazione, cicli di guida secondo le diverse normative\",\"breadcrumb\":{\"@id\":\"https:\/\/motycs.it\/servizi-testing-motori\/#breadcrumb\"},\"inLanguage\":\"tr\",\"potentialAction\":[{\"@type\":\"ReadAction\",\"target\":[\"https:\/\/motycs.it\/servizi-testing-motori\/\"]}]},{\"@type\":\"BreadcrumbList\",\"@id\":\"https:\/\/motycs.it\/servizi-testing-motori\/#breadcrumb\",\"itemListElement\":[{\"@type\":\"ListItem\",\"position\":1,\"name\":\"Home\",\"item\":\"https:\/\/motycs.it\/\"},{\"@type\":\"ListItem\",\"position\":2,\"name\":\"Testing motori e veicoli\"}]},{\"@type\":\"WebSite\",\"@id\":\"https:\/\/motycs.it\/#website\",\"url\":\"https:\/\/motycs.it\/\",\"name\":\"MOTYCS\",\"description\":\"\",\"publisher\":{\"@id\":\"https:\/\/motycs.it\/#organization\"},\"potentialAction\":[{\"@type\":\"SearchAction\",\"target\":{\"@type\":\"EntryPoint\",\"urlTemplate\":\"https:\/\/motycs.it\/?s={search_term_string}\"},\"query-input\":{\"@type\":\"PropertyValueSpecification\",\"valueRequired\":true,\"valueName\":\"search_term_string\"}}],\"inLanguage\":\"tr\"},{\"@type\":\"Organization\",\"@id\":\"https:\/\/motycs.it\/#organization\",\"name\":\"MOTYCS\",\"url\":\"https:\/\/motycs.it\/\",\"logo\":{\"@type\":\"ImageObject\",\"inLanguage\":\"tr\",\"@id\":\"https:\/\/motycs.it\/#\/schema\/logo\/image\/\",\"url\":\"https:\/\/motycs.it\/wp-content\/uploads\/2022\/03\/orizz_bianc.jpg\",\"contentUrl\":\"https:\/\/motycs.it\/wp-content\/uploads\/2022\/03\/orizz_bianc.jpg\",\"width\":600,\"height\":159,\"caption\":\"MOTYCS\"},\"image\":{\"@id\":\"https:\/\/motycs.it\/#\/schema\/logo\/image\/\"},\"sameAs\":[\"https:\/\/www.facebook.com\/motycs\/\",\"https:\/\/www.instagram.com\/motycs.teq\/\",\"https:\/\/www.linkedin.com\/company\/motycs\/\",\"https:\/\/www.pinterest.it\/Motycsdynamometer\/\",\"https:\/\/www.youtube.com\/channel\/UCl_9nwLJn-fMI6UMZVc0tZw\"]}]}<\/script>\n<!-- \/ Yoast SEO plugin. -->","yoast_head_json":{"title":"Motor ve ara\u00e7 testleri - MOTYCS","description":"20 y\u0131l\u0131 a\u015fk\u0131n s\u00fcredir motor testi, motor kalibrasyonu, homologasyon, farkl\u0131 y\u00f6netmeliklere g\u00f6re s\u00fcr\u00fc\u015f d\u00f6ng\u00fcleri sa\u011fl\u0131yoruz","robots":{"index":"index","follow":"follow","max-snippet":"max-snippet:-1","max-image-preview":"max-image-preview:large","max-video-preview":"max-video-preview:-1"},"canonical":"https:\/\/motycs.it\/tr\/services-test-engines\/","og_locale":"tr_TR","og_type":"article","og_title":"Testing motori e veicoli - MOTYCS","og_description":"Da oltre 20 anni forniamo servizi di testing motori, calibrazione motore, omologazione, cicli di guida secondo le diverse normative","og_url":"https:\/\/motycs.it\/tr\/services-test-engines\/","og_site_name":"MOTYCS","article_publisher":"https:\/\/www.facebook.com\/motycs\/","article_modified_time":"2023-05-09T07:40:38+00:00","og_image":[{"width":800,"height":800,"url":"https:\/\/motycs.it\/wp-content\/uploads\/2023\/05\/lancia-delta-integrale-banco-prova-potenza-dyno.jpg","type":"image\/jpeg"}],"twitter_card":"summary_large_image","twitter_misc":{"Tahmini okuma s\u00fcresi":"11 dakika"},"schema":{"@context":"https:\/\/schema.org","@graph":[{"@type":"WebPage","@id":"https:\/\/motycs.it\/servizi-testing-motori\/","url":"https:\/\/motycs.it\/servizi-testing-motori\/","name":"Motor ve ara\u00e7 testleri - MOTYCS","isPartOf":{"@id":"https:\/\/motycs.it\/#website"},"datePublished":"2023-03-09T08:42:02+00:00","dateModified":"2023-05-09T07:40:38+00:00","description":"20 y\u0131l\u0131 a\u015fk\u0131n s\u00fcredir motor testi, motor kalibrasyonu, homologasyon, farkl\u0131 y\u00f6netmeliklere g\u00f6re s\u00fcr\u00fc\u015f d\u00f6ng\u00fcleri sa\u011fl\u0131yoruz","breadcrumb":{"@id":"https:\/\/motycs.it\/servizi-testing-motori\/#breadcrumb"},"inLanguage":"tr","potentialAction":[{"@type":"ReadAction","target":["https:\/\/motycs.it\/servizi-testing-motori\/"]}]},{"@type":"BreadcrumbList","@id":"https:\/\/motycs.it\/servizi-testing-motori\/#breadcrumb","itemListElement":[{"@type":"ListItem","position":1,"name":"Home","item":"https:\/\/motycs.it\/"},{"@type":"ListItem","position":2,"name":"Testing motori e veicoli"}]},{"@type":"WebSite","@id":"https:\/\/motycs.it\/#website","url":"https:\/\/motycs.it\/","name":"MOTYCS","description":"","publisher":{"@id":"https:\/\/motycs.it\/#organization"},"potentialAction":[{"@type":"SearchAction","target":{"@type":"EntryPoint","urlTemplate":"https:\/\/motycs.it\/?s={search_term_string}"},"query-input":{"@type":"PropertyValueSpecification","valueRequired":true,"valueName":"search_term_string"}}],"inLanguage":"tr"},{"@type":"Organization","@id":"https:\/\/motycs.it\/#organization","name":"MOTYCS","url":"https:\/\/motycs.it\/","logo":{"@type":"ImageObject","inLanguage":"tr","@id":"https:\/\/motycs.it\/#\/schema\/logo\/image\/","url":"https:\/\/motycs.it\/wp-content\/uploads\/2022\/03\/orizz_bianc.jpg","contentUrl":"https:\/\/motycs.it\/wp-content\/uploads\/2022\/03\/orizz_bianc.jpg","width":600,"height":159,"caption":"MOTYCS"},"image":{"@id":"https:\/\/motycs.it\/#\/schema\/logo\/image\/"},"sameAs":["https:\/\/www.facebook.com\/motycs\/","https:\/\/www.instagram.com\/motycs.teq\/","https:\/\/www.linkedin.com\/company\/motycs\/","https:\/\/www.pinterest.it\/Motycsdynamometer\/","https:\/\/www.youtube.com\/channel\/UCl_9nwLJn-fMI6UMZVc0tZw"]}]}},"_links":{"self":[{"href":"https:\/\/motycs.it\/tr\/wp-json\/wp\/v2\/pages\/1381","targetHints":{"allow":["GET"]}}],"collection":[{"href":"https:\/\/motycs.it\/tr\/wp-json\/wp\/v2\/pages"}],"about":[{"href":"https:\/\/motycs.it\/tr\/wp-json\/wp\/v2\/types\/page"}],"author":[{"embeddable":true,"href":"https:\/\/motycs.it\/tr\/wp-json\/wp\/v2\/users\/1"}],"replies":[{"embeddable":true,"href":"https:\/\/motycs.it\/tr\/wp-json\/wp\/v2\/comments?post=1381"}],"version-history":[{"count":22,"href":"https:\/\/motycs.it\/tr\/wp-json\/wp\/v2\/pages\/1381\/revisions"}],"predecessor-version":[{"id":1676,"href":"https:\/\/motycs.it\/tr\/wp-json\/wp\/v2\/pages\/1381\/revisions\/1676"}],"wp:attachment":[{"href":"https:\/\/motycs.it\/tr\/wp-json\/wp\/v2\/media?parent=1381"}],"curies":[{"name":"wp","href":"https:\/\/api.w.org\/{rel}","templated":true}]}}