{"id":1014,"date":"2022-03-17T18:56:07","date_gmt":"2022-03-17T17:56:07","guid":{"rendered":"https:\/\/motycs.it\/?page_id=1014"},"modified":"2023-05-26T08:38:37","modified_gmt":"2023-05-26T06:38:37","slug":"sistemi-omologativi","status":"publish","type":"page","link":"https:\/\/motycs.it\/tr\/sistemler-homologlar\/","title":{"rendered":"Onayl\u0131 bisiklet banklar\u0131"},"content":{"rendered":"<div data-vc-full-width=\"true\" data-vc-full-width-init=\"false\" class=\"vc_row wpb_row vc_row-fluid vc_custom_1473769871896 vc_row-has-fill\"><div class=\"wpb_column vc_column_container vc_col-sm-12\"><div class=\"vc_column-inner\"><div class=\"wpb_wrapper\"><div class=\"sc_section margin_top_large margin_bottom_huge\" data-animation=\"animated fadeInUp normal\" style=\"max-width: 1030px; margin: auto;\"><div class=\"sc_section_inner\"><h6 class=\"sc_section_subtitle sc_item_subtitle\">Teori<\/h6><h3 class=\"sc_section_title sc_item_title sc_item_title_without_descr\">Homologasyon ve hat sonu sistemleri<\/h3><div class=\"sc_section_content_wrap\">\n\t<div class=\"wpb_text_column wpb_content_element  vc_custom_1685083110967\" >\n\t\t<div class=\"wpb_wrapper\">\n\t\t\t<h5><strong>TEST TEZGAHLARININ TASARIMI VE YAPIMI<\/strong><\/h5>\n<p><strong>MOTYCS<\/strong> bir araya getiriyor <strong>Test konusunda uzmanla\u015fm\u0131\u015f \u015firketlerin 20 y\u0131ll\u0131k deneyimi<\/strong>, tasar\u0131m\u0131nda ve ger\u00e7ekle\u015ftirilmesinde <strong>homologasyon d\u00f6ng\u00fclerinin ger\u00e7ekle\u015ftirilmesi i\u00e7in test tezgahlar\u0131 <\/strong>,<strong> hat sonu tezgahlar\u0131<\/strong>, dahil olmak \u00fczere <strong>Otomotiv<\/strong>:<\/p>\n<ul>\n<li><strong>EMI\u0307SYON DO\u011eRULAMA<\/strong><\/li>\n<li><strong>S\u00dcR\u00dc\u015e D\u00d6NG\u00dcLERI (WLTP)<\/strong><\/li>\n<li><strong>S\u00dcRE D\u00d6NG\u00dcLERI<\/strong><\/li>\n<li><strong>PERFORMANS VEYA G\u00dc\u00c7 TESTLERI<\/strong><\/li>\n<li><strong>DAYANIKLILIK\/T\u00dcKETIM TESTLERI<\/strong><\/li>\n<li><strong>KONTROL SISTEMLERININ KALIBRASYONU<\/strong><\/li>\n<li><strong>YOL SI\u0307M\u00dcLASYONU<\/strong><\/li>\n<\/ul>\n<p>Bunlara \u015funlar da eklenmi\u015ftir <strong>di\u011fer sekt\u00f6rlerdeki uygulamalar<\/strong>:<\/p>\n<ul>\n<li><strong>ARA\u015eTIRMA VE GELI\u0307\u015eTI\u0307RME<\/strong><\/li>\n<li><strong>HAT SONU TESTLERI<\/strong><\/li>\n<li><strong>COP TEST\u0130<\/strong><\/li>\n<\/ul>\n<p>\u0130\u00e7inde \u00e7al\u0131\u015fmak <strong>otomobil gelene\u011findeki prestijli \u015firketlerle yak\u0131n i\u015fbirli\u011fi<\/strong>, <strong>hedefe y\u00f6neli\u0307k \u00fcr\u00fcnler ve \u00e7\u00f6z\u00fcmler geli\u0307\u015fti\u0307rdi\u0307k<\/strong>, geni\u015f bir uygulama yelpazesi i\u00e7in \u00f6zel olarak tasarlanm\u0131\u015ft\u0131r.<\/p>\n<p>Odaklanmak<strong>\u00a0\u00f6l\u00e7\u00fcm\u00fcn dakikli\u011fi<\/strong>, biz uygulad\u0131k <strong>otomatik 'ger\u00e7ek zamanl\u0131' kontrol sistemleri; <\/strong>bunlar, a\u015fa\u011f\u0131dakilerin y\u00fcr\u00fct\u00fclmesine izin verir <strong>\u00f6zelle\u015ftirilmi\u015f d\u00f6ng\u00fcler<\/strong>, ile <strong>m\u00fcmk\u00fcn olan en y\u00fcksek do\u011fruluk ve tekrarlanabilirlik<\/strong>.<\/p>\n<div id=\"attachment_1572\" style=\"width: 810px\" class=\"wp-caption aligncenter\"><a href=\"https:\/\/motycs.it\/wp-content\/uploads\/2023\/05\/dyno-controlo-room-motycs.jpg\"><img loading=\"lazy\" decoding=\"async\" aria-describedby=\"caption-attachment-1572\" class=\"wp-image-1572 size-full\" title=\"test tezgah\u0131 kontrol sistemi\" src=\"https:\/\/motycs.it\/wp-content\/uploads\/2023\/05\/dyno-controlo-room-motycs.jpg\" alt=\"motor test tezgah\u0131 kontrol sistemi\" width=\"800\" height=\"800\" srcset=\"https:\/\/motycs.it\/wp-content\/uploads\/2023\/05\/dyno-controlo-room-motycs.jpg 800w, https:\/\/motycs.it\/wp-content\/uploads\/2023\/05\/dyno-controlo-room-motycs-300x300.jpg 300w, https:\/\/motycs.it\/wp-content\/uploads\/2023\/05\/dyno-controlo-room-motycs-150x150.jpg 150w, https:\/\/motycs.it\/wp-content\/uploads\/2023\/05\/dyno-controlo-room-motycs-768x768.jpg 768w, https:\/\/motycs.it\/wp-content\/uploads\/2023\/05\/dyno-controlo-room-motycs-600x600.jpg 600w, https:\/\/motycs.it\/wp-content\/uploads\/2023\/05\/dyno-controlo-room-motycs-100x100.jpg 100w\" sizes=\"auto, (max-width: 800px) 100vw, 800px\" \/><\/a><p id=\"caption-attachment-1572\" class=\"wp-caption-text\">Test tezgah\u0131 kontrol odas\u0131<\/p><\/div>\n<h5>END\u00dcSTRI\u0307YEL TEST TEZGAHLARI<\/h5>\n<p>Farkl\u0131 alanlarda, farkl\u0131 deneyimler kazand\u0131k:<\/p>\n<ul>\n<li><strong>\u00d6zel' denizcilik sistemleri<\/strong><\/li>\n<li><strong>Tar\u0131m sekt\u00f6r\u00fc i\u00e7in \u00f6zelle\u015ftirilmi\u015f sistemler<\/strong><\/li>\n<li><strong>\u00d6zelle\u015ftirilmi\u015f hidrolik sistemler<\/strong><\/li>\n<li><strong>Otomotiv '\u00f6zel' sekt\u00f6r\u00fc i\u00e7in makaral\u0131 test tezgahlar\u0131<\/strong><\/li>\n<li><strong>Motor test tezgahlar\u0131n\u0131n yenilenmesi<\/strong> otomotiv sekt\u00f6r\u00fc i\u00e7in<\/li>\n<li><strong>End\u00fcstriyel ve 'saha' \u00f6l\u00e7\u00fcm ve testleri<\/strong><\/li>\n<li><strong>Hem \u00fcretim hatt\u0131 hem de laboratuvar i\u00e7in ekipman<\/strong><\/li>\n<li><strong>\u0130klimsel r\u00fczgar t\u00fcneli sistemleri<\/strong><\/li>\n<li><strong>Uzak sahalarda bile da\u011f\u0131t\u0131lm\u0131\u015f \u00e7\u00f6z\u00fcmler<\/strong><\/li>\n<li><strong>Hem sens\u00f6rlerden hem de fieldbus'lardan edinim<\/strong><\/li>\n<\/ul>\n<h5><strong>G\u00dcR\u00dcLT\u00dc ve T\u0130TRE\u015e\u0130M S\u0130STEMLER\u0130 (NVH)<\/strong><\/h5>\n<p>Otomotiv sekt\u00f6r\u00fcnde de tan\u0131mlanan 'g\u00fcr\u00fclt\u00fc ve titre\u015fim' sistemlerimiz var <strong>NVH (G\u00fcr\u00fclt\u00fc Titre\u015fim Sertli\u011fi) sistemleri.<\/strong><\/p>\n<p>Say\u0131sal i\u015fleme ve dinamik sinyal analizi i\u00e7in tasarlanm\u0131\u015flard\u0131r. <strong>akustik ve titre\u015fim analizi.\u00a0<\/strong>Normalde kullan\u0131lan sistemler:<\/p>\n<ul>\n<li><strong>Laboratuvar, Ara\u015ft\u0131rma ve Geli\u015ftirme<\/strong><\/li>\n<li><strong>\u00dcretim hatt\u0131 (hat sonu)<\/strong><\/li>\n<li><strong>Tesis izleme<\/strong><\/li>\n<li><strong>Kalite kontrol<\/strong><\/li>\n<\/ul>\n<p><strong><a href=\"https:\/\/motycs.it\/tr\/product\/sistemler-gurultu-ve-titresim\/\">NVH sistemleri sayfas\u0131nda daha fazla bilgi edinin<\/a><\/strong><\/p>\n<h6><strong>PAZARA SUNMA S\u00dcRESINI KISALTIN<\/strong><\/h6>\n<p>OEM'ler a\u015fa\u011f\u0131dakiler i\u00e7in artan bir bask\u0131 alt\u0131ndad\u0131r <strong>geli\u015ftirme maliyetlerinden tasarruf ederek yeni ara\u00e7lar\u0131n piyasaya s\u00fcr\u00fclme s\u00fcresini k\u0131saltmak<\/strong>.<\/p>\n<p>Bu da \u015fu sonu\u00e7lar\u0131 do\u011furur <strong>daha verimli bir \u00fcr\u00fcn geli\u015ftirme s\u00fcrecine ihtiya\u00e7 duymaktad\u0131r.<\/strong><\/p>\n<p><strong>Toplama ve analiz platformlar\u0131m\u0131z \u015funlar\u0131 yapabilmektedir:<\/strong><\/p>\n<ul>\n<li><strong> T\u00fcm verileri m\u00fc\u015fteriler taraf\u0131ndan normalde kullan\u0131lan formatlarda d\u0131\u015fa aktar\u0131n ve y\u00f6netin<\/strong><\/li>\n<li><strong>Farkl\u0131 kurumsal i\u015f ak\u0131\u015flar\u0131 i\u00e7inde daha iyi y\u00f6netim sa\u011flar<\/strong><\/li>\n<\/ul>\n<h6><strong>END\u00dcSTR\u0130 4.0<\/strong><\/h6>\n<div class=\"page\" title=\"Sayfa 2\">\n<div class=\"section\">\n<div class=\"layoutArea\">\n<div class=\"column\">\n<p>Serideki t\u00fcm modeller \u015funlardan yararlanabilir<strong>End\u00fcstri 4.0 mevzuat\u0131n\u0131n faydalar\u0131<\/strong>.<\/p>\n<p>Evraklar\u0131n d\u00fczg\u00fcn bir \u015fekilde tamamlanmas\u0131n\u0131 desteklemek i\u00e7in yeminli uzman raporlar\u0131n\u0131n temininde size yard\u0131mc\u0131 olabiliriz.<\/p>\n<h6><strong>\u0130\u00c7G\u00d6R\u00dcLER<\/strong><\/h6>\n<ul>\n<li><strong><a href=\"https:\/\/motycs.it\/tr\/test-tezgahlari-4wd\/\">Ba\u011flant\u0131l\u0131 akslara sahip 4\u00d74 test tezgahlar\u0131n\u0131n avantajlar\u0131<\/a><\/strong><\/li>\n<li><a href=\"https:\/\/motycs.it\/tr\/faktorler-duzeltme-gucu\/\"><b>G\u00fc\u00e7 d\u00fczeltme fakt\u00f6rleri DIN, CE, SAE...<\/b><\/a><\/li>\n<\/ul>\n<h6><strong>\u00dcR\u00dcN VE HI\u0307ZMETLERI\u0307MI\u0307Z<\/strong><\/h6>\n<ul>\n<li><a href=\"https:\/\/motycs.it\/tr\/product-category\/banchi-prova-potenza\/\"><strong>Test tezgah\u0131 \u00e7e\u015fitlerimiz<\/strong><\/a><\/li>\n<li><a href=\"https:\/\/motycs.it\/tr\/product-category\/sistemi-di-controllo\/\"><strong>Kontrol ve edinim sistemleri<\/strong><\/a><\/li>\n<li><a href=\"https:\/\/motycs.it\/tr\/product\/tuzluklar\/\"><strong>Ses ge\u00e7irmez motor test odalar\u0131<\/strong><\/a><\/li>\n<li><strong><a href=\"https:\/\/motycs.it\/tr\/product\/havalandirma\/\">Motor so\u011futma fan\u0131 tertibatlar\u0131<\/a><\/strong><\/li>\n<li><a href=\"https:\/\/motycs.it\/tr\/product\/duman-cikarma\/\"><strong>Duman emme sistemleri<\/strong><\/a><\/li>\n<li><a href=\"https:\/\/motycs.it\/tr\/services-test-engines\/\"><strong>MOTOR VE ARA\u00c7 TEST HI\u0307ZMETLERI\u0307<\/strong><\/a><\/li>\n<\/ul>\n<p><a href=\"https:\/\/motycs.it\/tr\/kisiler\/\"><strong>Daha fazla bilgi i\u00e7in bize ula\u015f\u0131n<\/strong><\/a><\/p>\n<\/div>\n<div class=\"column\">\n<div class=\"page\" title=\"Sayfa 2\">\n<div class=\"section\">\n<div class=\"layoutArea\">\n<div class=\"column\">\n<div id=\"attachment_1267\" style=\"width: 810px\" class=\"wp-caption aligncenter\"><a href=\"https:\/\/motycs.it\/wp-content\/uploads\/2022\/08\/banco-a-rulli-moto-motycs-prova-potenza.jpg\"><img loading=\"lazy\" decoding=\"async\" aria-describedby=\"caption-attachment-1267\" class=\"wp-image-1267 size-full\" src=\"https:\/\/motycs.it\/wp-content\/uploads\/2022\/08\/banco-a-rulli-moto-motycs-prova-potenza.jpg\" alt=\"motycs motosi\u0307klet g\u00fc\u00e7 test tezgahi\" width=\"800\" height=\"800\" srcset=\"https:\/\/motycs.it\/wp-content\/uploads\/2022\/08\/banco-a-rulli-moto-motycs-prova-potenza.jpg 800w, https:\/\/motycs.it\/wp-content\/uploads\/2022\/08\/banco-a-rulli-moto-motycs-prova-potenza-300x300.jpg 300w, https:\/\/motycs.it\/wp-content\/uploads\/2022\/08\/banco-a-rulli-moto-motycs-prova-potenza-150x150.jpg 150w, https:\/\/motycs.it\/wp-content\/uploads\/2022\/08\/banco-a-rulli-moto-motycs-prova-potenza-768x768.jpg 768w, https:\/\/motycs.it\/wp-content\/uploads\/2022\/08\/banco-a-rulli-moto-motycs-prova-potenza-600x600.jpg 600w, https:\/\/motycs.it\/wp-content\/uploads\/2022\/08\/banco-a-rulli-moto-motycs-prova-potenza-100x100.jpg 100w\" sizes=\"auto, (max-width: 800px) 100vw, 800px\" \/><\/a><p id=\"caption-attachment-1267\" class=\"wp-caption-text\">Dahili homologasyon test odas\u0131<\/p><\/div>\n<\/div>\n<\/div>\n<\/div>\n<\/div>\n<\/div>\n<\/div>\n<\/div>\n<\/div>\n\n\t\t<\/div>\n\t<\/div>\n<\/div><\/div><\/div><\/div><\/div><\/div><\/div><div class=\"vc_row-full-width vc_clearfix\"><\/div>","protected":false},"excerpt":{"rendered":"Teori Hat sonu ve homologasyon sistemleri TEST TEZGAHI TASARIMI VE UYGULAMASI MOTYCS, otomotiv sekt\u00f6r\u00fcnde a\u015fa\u011f\u0131dakiler de dahil olmak \u00fczere homologasyon d\u00f6ng\u00fcleri veya hat sonu tezgahlar\u0131 i\u00e7in test tezgahlar\u0131n\u0131n tasar\u0131m\u0131 ve \u00fcretiminde test konusunda uzmanla\u015fm\u0131\u015f \u015firketlerin yirmi y\u0131ll\u0131k deneyimini bir araya getirir: S\u00dcR\u00dc\u015e D\u00d6NG\u00dcS\u00dc EM\u0130SYON TEST\u0130 (WLTP) S\u00dcRE D\u00d6NG\u00dcLER\u0130 PERFORMANS TESTLER\u0130 [...].","protected":false},"author":1,"featured_media":0,"parent":0,"menu_order":0,"comment_status":"closed","ping_status":"closed","template":"","meta":{"footnotes":""},"class_list":["post-1014","page","type-page","status-publish","hentry"],"yoast_head":"<!-- This site is optimized with the Yoast SEO plugin v26.5 - https:\/\/yoast.com\/wordpress\/plugins\/seo\/ -->\n<title>DAQ omologativi<\/title>\n<meta name=\"description\" content=\"Progettiamo e realizziamo banchi a rulli, sale prova ed accessori per l&#039;omologazione veicoli, secondo i diversi standard o normative locali\" \/>\n<meta name=\"robots\" content=\"index, follow, max-snippet:-1, max-image-preview:large, max-video-preview:-1\" \/>\n<link rel=\"canonical\" href=\"https:\/\/motycs.it\/tr\/sistemler-homologlar\/\" \/>\n<meta property=\"og:locale\" content=\"tr_TR\" \/>\n<meta property=\"og:type\" content=\"article\" \/>\n<meta property=\"og:title\" content=\"DAQ omologativi\" \/>\n<meta property=\"og:description\" content=\"Progettiamo e realizziamo banchi a rulli, sale prova ed accessori per l&#039;omologazione veicoli, secondo i diversi standard o normative locali\" \/>\n<meta property=\"og:url\" content=\"https:\/\/motycs.it\/tr\/sistemler-homologlar\/\" \/>\n<meta property=\"og:site_name\" content=\"MOTYCS\" \/>\n<meta property=\"article:publisher\" content=\"https:\/\/www.facebook.com\/motycs\/\" \/>\n<meta property=\"article:modified_time\" content=\"2023-05-26T06:38:37+00:00\" \/>\n<meta property=\"og:image\" content=\"https:\/\/motycs.it\/wp-content\/uploads\/2023\/05\/dyno-controlo-room-motycs.jpg\" \/>\n<meta name=\"twitter:card\" content=\"summary_large_image\" \/>\n<meta name=\"twitter:label1\" content=\"Tahmini okuma s\u00fcresi\" \/>\n\t<meta name=\"twitter:data1\" content=\"2 dakika\" \/>\n<script type=\"application\/ld+json\" class=\"yoast-schema-graph\">{\"@context\":\"https:\/\/schema.org\",\"@graph\":[{\"@type\":\"WebPage\",\"@id\":\"https:\/\/motycs.it\/sistemi-omologativi\/\",\"url\":\"https:\/\/motycs.it\/sistemi-omologativi\/\",\"name\":\"DAQ omologativi\",\"isPartOf\":{\"@id\":\"https:\/\/motycs.it\/#website\"},\"primaryImageOfPage\":{\"@id\":\"https:\/\/motycs.it\/sistemi-omologativi\/#primaryimage\"},\"image\":{\"@id\":\"https:\/\/motycs.it\/sistemi-omologativi\/#primaryimage\"},\"thumbnailUrl\":\"https:\/\/motycs.it\/wp-content\/uploads\/2023\/05\/dyno-controlo-room-motycs.jpg\",\"datePublished\":\"2022-03-17T17:56:07+00:00\",\"dateModified\":\"2023-05-26T06:38:37+00:00\",\"description\":\"Progettiamo e realizziamo banchi a rulli, sale prova ed accessori per l'omologazione veicoli, secondo i diversi standard o normative locali\",\"breadcrumb\":{\"@id\":\"https:\/\/motycs.it\/sistemi-omologativi\/#breadcrumb\"},\"inLanguage\":\"tr\",\"potentialAction\":[{\"@type\":\"ReadAction\",\"target\":[\"https:\/\/motycs.it\/sistemi-omologativi\/\"]}]},{\"@type\":\"ImageObject\",\"inLanguage\":\"tr\",\"@id\":\"https:\/\/motycs.it\/sistemi-omologativi\/#primaryimage\",\"url\":\"https:\/\/motycs.it\/wp-content\/uploads\/2023\/05\/dyno-controlo-room-motycs.jpg\",\"contentUrl\":\"https:\/\/motycs.it\/wp-content\/uploads\/2023\/05\/dyno-controlo-room-motycs.jpg\"},{\"@type\":\"BreadcrumbList\",\"@id\":\"https:\/\/motycs.it\/sistemi-omologativi\/#breadcrumb\",\"itemListElement\":[{\"@type\":\"ListItem\",\"position\":1,\"name\":\"Home\",\"item\":\"https:\/\/motycs.it\/\"},{\"@type\":\"ListItem\",\"position\":2,\"name\":\"Banchi per cicli omologativi\"}]},{\"@type\":\"WebSite\",\"@id\":\"https:\/\/motycs.it\/#website\",\"url\":\"https:\/\/motycs.it\/\",\"name\":\"MOTYCS\",\"description\":\"\",\"publisher\":{\"@id\":\"https:\/\/motycs.it\/#organization\"},\"potentialAction\":[{\"@type\":\"SearchAction\",\"target\":{\"@type\":\"EntryPoint\",\"urlTemplate\":\"https:\/\/motycs.it\/?s={search_term_string}\"},\"query-input\":{\"@type\":\"PropertyValueSpecification\",\"valueRequired\":true,\"valueName\":\"search_term_string\"}}],\"inLanguage\":\"tr\"},{\"@type\":\"Organization\",\"@id\":\"https:\/\/motycs.it\/#organization\",\"name\":\"MOTYCS\",\"url\":\"https:\/\/motycs.it\/\",\"logo\":{\"@type\":\"ImageObject\",\"inLanguage\":\"tr\",\"@id\":\"https:\/\/motycs.it\/#\/schema\/logo\/image\/\",\"url\":\"https:\/\/motycs.it\/wp-content\/uploads\/2022\/03\/orizz_bianc.jpg\",\"contentUrl\":\"https:\/\/motycs.it\/wp-content\/uploads\/2022\/03\/orizz_bianc.jpg\",\"width\":600,\"height\":159,\"caption\":\"MOTYCS\"},\"image\":{\"@id\":\"https:\/\/motycs.it\/#\/schema\/logo\/image\/\"},\"sameAs\":[\"https:\/\/www.facebook.com\/motycs\/\",\"https:\/\/www.instagram.com\/motycs.teq\/\",\"https:\/\/www.linkedin.com\/company\/motycs\/\",\"https:\/\/www.pinterest.it\/Motycsdynamometer\/\",\"https:\/\/www.youtube.com\/channel\/UCl_9nwLJn-fMI6UMZVc0tZw\"]}]}<\/script>\n<!-- \/ Yoast SEO plugin. -->","yoast_head_json":{"title":"DAQ homologasyonu","description":"Farkl\u0131 standartlara veya yerel y\u00f6netmeliklere g\u00f6re ara\u00e7 homologasyonu i\u00e7in silindir tezgahlar\u0131, test odalar\u0131 ve aksesuarlar\u0131 tasarl\u0131yor ve \u00fcretiyoruz","robots":{"index":"index","follow":"follow","max-snippet":"max-snippet:-1","max-image-preview":"max-image-preview:large","max-video-preview":"max-video-preview:-1"},"canonical":"https:\/\/motycs.it\/tr\/sistemler-homologlar\/","og_locale":"tr_TR","og_type":"article","og_title":"DAQ omologativi","og_description":"Progettiamo e realizziamo banchi a rulli, sale prova ed accessori per l'omologazione veicoli, secondo i diversi standard o normative locali","og_url":"https:\/\/motycs.it\/tr\/sistemler-homologlar\/","og_site_name":"MOTYCS","article_publisher":"https:\/\/www.facebook.com\/motycs\/","article_modified_time":"2023-05-26T06:38:37+00:00","og_image":[{"url":"https:\/\/motycs.it\/wp-content\/uploads\/2023\/05\/dyno-controlo-room-motycs.jpg","type":"","width":"","height":""}],"twitter_card":"summary_large_image","twitter_misc":{"Tahmini okuma s\u00fcresi":"2 dakika"},"schema":{"@context":"https:\/\/schema.org","@graph":[{"@type":"WebPage","@id":"https:\/\/motycs.it\/sistemi-omologativi\/","url":"https:\/\/motycs.it\/sistemi-omologativi\/","name":"DAQ homologasyonu","isPartOf":{"@id":"https:\/\/motycs.it\/#website"},"primaryImageOfPage":{"@id":"https:\/\/motycs.it\/sistemi-omologativi\/#primaryimage"},"image":{"@id":"https:\/\/motycs.it\/sistemi-omologativi\/#primaryimage"},"thumbnailUrl":"https:\/\/motycs.it\/wp-content\/uploads\/2023\/05\/dyno-controlo-room-motycs.jpg","datePublished":"2022-03-17T17:56:07+00:00","dateModified":"2023-05-26T06:38:37+00:00","description":"Farkl\u0131 standartlara veya yerel y\u00f6netmeliklere g\u00f6re ara\u00e7 homologasyonu i\u00e7in silindir tezgahlar\u0131, test odalar\u0131 ve aksesuarlar\u0131 tasarl\u0131yor ve \u00fcretiyoruz","breadcrumb":{"@id":"https:\/\/motycs.it\/sistemi-omologativi\/#breadcrumb"},"inLanguage":"tr","potentialAction":[{"@type":"ReadAction","target":["https:\/\/motycs.it\/sistemi-omologativi\/"]}]},{"@type":"ImageObject","inLanguage":"tr","@id":"https:\/\/motycs.it\/sistemi-omologativi\/#primaryimage","url":"https:\/\/motycs.it\/wp-content\/uploads\/2023\/05\/dyno-controlo-room-motycs.jpg","contentUrl":"https:\/\/motycs.it\/wp-content\/uploads\/2023\/05\/dyno-controlo-room-motycs.jpg"},{"@type":"BreadcrumbList","@id":"https:\/\/motycs.it\/sistemi-omologativi\/#breadcrumb","itemListElement":[{"@type":"ListItem","position":1,"name":"Home","item":"https:\/\/motycs.it\/"},{"@type":"ListItem","position":2,"name":"Banchi per cicli omologativi"}]},{"@type":"WebSite","@id":"https:\/\/motycs.it\/#website","url":"https:\/\/motycs.it\/","name":"MOTYCS","description":"","publisher":{"@id":"https:\/\/motycs.it\/#organization"},"potentialAction":[{"@type":"SearchAction","target":{"@type":"EntryPoint","urlTemplate":"https:\/\/motycs.it\/?s={search_term_string}"},"query-input":{"@type":"PropertyValueSpecification","valueRequired":true,"valueName":"search_term_string"}}],"inLanguage":"tr"},{"@type":"Organization","@id":"https:\/\/motycs.it\/#organization","name":"MOTYCS","url":"https:\/\/motycs.it\/","logo":{"@type":"ImageObject","inLanguage":"tr","@id":"https:\/\/motycs.it\/#\/schema\/logo\/image\/","url":"https:\/\/motycs.it\/wp-content\/uploads\/2022\/03\/orizz_bianc.jpg","contentUrl":"https:\/\/motycs.it\/wp-content\/uploads\/2022\/03\/orizz_bianc.jpg","width":600,"height":159,"caption":"MOTYCS"},"image":{"@id":"https:\/\/motycs.it\/#\/schema\/logo\/image\/"},"sameAs":["https:\/\/www.facebook.com\/motycs\/","https:\/\/www.instagram.com\/motycs.teq\/","https:\/\/www.linkedin.com\/company\/motycs\/","https:\/\/www.pinterest.it\/Motycsdynamometer\/","https:\/\/www.youtube.com\/channel\/UCl_9nwLJn-fMI6UMZVc0tZw"]}]}},"_links":{"self":[{"href":"https:\/\/motycs.it\/tr\/wp-json\/wp\/v2\/pages\/1014","targetHints":{"allow":["GET"]}}],"collection":[{"href":"https:\/\/motycs.it\/tr\/wp-json\/wp\/v2\/pages"}],"about":[{"href":"https:\/\/motycs.it\/tr\/wp-json\/wp\/v2\/types\/page"}],"author":[{"embeddable":true,"href":"https:\/\/motycs.it\/tr\/wp-json\/wp\/v2\/users\/1"}],"replies":[{"embeddable":true,"href":"https:\/\/motycs.it\/tr\/wp-json\/wp\/v2\/comments?post=1014"}],"version-history":[{"count":27,"href":"https:\/\/motycs.it\/tr\/wp-json\/wp\/v2\/pages\/1014\/revisions"}],"predecessor-version":[{"id":1759,"href":"https:\/\/motycs.it\/tr\/wp-json\/wp\/v2\/pages\/1014\/revisions\/1759"}],"wp:attachment":[{"href":"https:\/\/motycs.it\/tr\/wp-json\/wp\/v2\/media?parent=1014"}],"curies":[{"name":"wp","href":"https:\/\/api.w.org\/{rel}","templated":true}]}}