{"id":1012,"date":"2022-03-17T18:55:34","date_gmt":"2022-03-17T17:55:34","guid":{"rendered":"https:\/\/motycs.it\/?page_id=1012"},"modified":"2023-05-07T15:18:54","modified_gmt":"2023-05-07T13:18:54","slug":"banchi-prova-4wd","status":"publish","type":"page","link":"https:\/\/motycs.it\/tr\/test-tezgahlari-4wd\/","title":{"rendered":"Ba\u011flant\u0131l\u0131 aks banklar\u0131"},"content":{"rendered":"<div data-vc-full-width=\"true\" data-vc-full-width-init=\"false\" class=\"vc_row wpb_row vc_row-fluid vc_custom_1473769871896 vc_row-has-fill\"><div class=\"wpb_column vc_column_container vc_col-sm-12\"><div class=\"vc_column-inner\"><div class=\"wpb_wrapper\"><div class=\"sc_section margin_top_large margin_bottom_huge\" data-animation=\"animated fadeInUp normal\" style=\"max-width: 1030px; margin: auto;\"><div class=\"sc_section_inner\"><h6 class=\"sc_section_subtitle sc_item_subtitle\">Teori<\/h6><h3 class=\"sc_section_title sc_item_title sc_item_title_without_descr\">Ba\u011flant\u0131l\u0131 akslara sahip 4WD test tezgahlar\u0131<\/h3><div class=\"sc_section_content_wrap\">\n\t<div class=\"wpb_text_column wpb_content_element  vc_custom_1683465529575\" >\n\t\t<div class=\"wpb_wrapper\">\n\t\t\t<p><strong>EKSENLERIN SENKRONIZASYONU, ARTIK VAZGE\u00c7ILMEZ BIR GEREKLILIK<br \/>\n<\/strong><\/p>\n<p>La <strong>eksenlerin mekanik senkronizasyonu art\u0131k vazge\u00e7ilmez bir gerekliliktir<\/strong>, i\u00e7in <strong>her t\u00fcrl\u00fc arac\u0131 zorlanmadan test edebilir.<\/strong><\/p>\n<p><strong>Yol ko\u015fullar\u0131yla kar\u015f\u0131la\u015ft\u0131r\u0131labilir \u00e7al\u0131\u015fma ko\u015fullar\u0131n\u0131 garanti eder<\/strong> (\u00f6n ve arka aks tekerlek d\u00f6n\u00fc\u015f senkronizasyonu). Mekanik olarak ba\u011fl\u0131 bir aks tezgah\u0131na sahip olun, <strong>anlam\u0131na gelir:<\/strong><\/p>\n<ul>\n<li><strong>Daha kolay \u00e7al\u0131\u015f\u0131n <\/strong>ve<strong> daha fazla g\u00fcvenlik<\/strong><\/li>\n<li><strong>De\u011ferli zaman\u0131n\u0131zdan tasarruf edin <\/strong>ara\u00e7 SW fonksiyonlar\u0131n\u0131 (dyno modu) art\u0131k etkinle\u015ftirmek zorunda de\u011filsiniz<\/li>\n<li><strong>Testlerin ger\u00e7ekle\u015ftirilmesinde herhangi bir s\u0131n\u0131r\u0131n olmamas\u0131<\/strong>, en yeni nesil ara\u00e7larda bile.<\/li>\n<li><strong>Arac\u0131n tahrik sisteminde olas\u0131 maliyetli hasarlar\u0131n \u00f6nlenmesi<\/strong>, modern ara\u00e7larda giderek daha s\u0131k g\u00f6r\u00fcl\u00fcyor.<\/li>\n<\/ul>\n<p>Bu <a href=\"https:\/\/motycs.it\/tr\/product\/guc-testi-4wd\/\"><strong>4wd Sport Devices test tezgah\u0131<\/strong><\/a> sunar <strong>teleskopik kardan mili ba\u011flant\u0131s\u0131<\/strong>, garanti eder:<\/p>\n<ul>\n<li><strong>Minimum bak\u0131m maliyetleri<\/strong> ve periyodik bak\u0131m duru\u015flar\u0131n\u0131n olmamas\u0131 (\u00f6rn. a\u015f\u0131nma nedeniyle de\u011fi\u015ftirme veya kay\u0131\u015f gerginli\u011finin ayarlanmas\u0131).<\/li>\n<li><strong>Testlerin maksimum tekrarlanabilirli\u011fi: <\/strong>gimbal, kay\u0131\u015flarda oldu\u011fu gibi histerezis ve deformasyondan muzdarip de\u011fildir.<\/li>\n<li><strong>Ayr\u0131labilir ba\u011flant\u0131, pn\u00f6matik kontroll\u00fc:<\/strong> ba\u011f\u0131ms\u0131z ve ba\u011flant\u0131s\u0131z eksenlerle \u00e7al\u0131\u015fmaya izin verir.<\/li>\n<\/ul>\n<p><strong>N.B: MEVCUT MASALARIN G\u00dcNCELLENMESI\u0307<\/strong><\/p>\n<p><strong>E\u011fer ba\u011fl\u0131 bir bankan\u0131z yoksa, bizim <a href=\"https:\/\/motycs.it\/tr\/product\/guc-testleri\/\">kontrol ve toplama si\u0307stemleri\u0307<\/a><\/strong>, yapabiliriz <strong>Sport Devices kontrol sistemlerinin \u00f6zel i\u015flevleri sayesinde yukar\u0131daki sorunlar\u0131 k\u0131smen \u00e7\u00f6zer.<\/strong><\/p>\n<p>Sistem, bir\u00a0<strong>dyno frenleri\u0307ni\u0307n ger\u00e7ek zamanli y\u00f6neti\u0307mi\u0307<\/strong>, \u00f6n ve arka aks makaralar\u0131n\u0131n herhangi bir h\u0131z yanl\u0131\u015f hizalanmas\u0131n\u0131n g\u00f6r\u00fcnt\u00fclenmesi ve buna izin verilmesi. <strong>B\u00f6ylece test edilen arac\u0131n olas\u0131 hasar g\u00f6rmesi engellenir.<\/strong><\/p>\n<div id=\"attachment_1334\" style=\"width: 810px\" class=\"wp-caption aligncenter\"><a href=\"https:\/\/motycs.it\/wp-content\/uploads\/2022\/09\/gozzoli_sett22_8_logo-motycs_ok.jpg\"><img loading=\"lazy\" decoding=\"async\" aria-describedby=\"caption-attachment-1334\" class=\"wp-image-1334 size-full\" src=\"https:\/\/motycs.it\/wp-content\/uploads\/2022\/09\/gozzoli_sett22_8_logo-motycs_ok.jpg\" alt=\"dyno motycs test tezgah\u0131\" width=\"800\" height=\"800\" srcset=\"https:\/\/motycs.it\/wp-content\/uploads\/2022\/09\/gozzoli_sett22_8_logo-motycs_ok.jpg 800w, https:\/\/motycs.it\/wp-content\/uploads\/2022\/09\/gozzoli_sett22_8_logo-motycs_ok-300x300.jpg 300w, https:\/\/motycs.it\/wp-content\/uploads\/2022\/09\/gozzoli_sett22_8_logo-motycs_ok-150x150.jpg 150w, https:\/\/motycs.it\/wp-content\/uploads\/2022\/09\/gozzoli_sett22_8_logo-motycs_ok-768x768.jpg 768w, https:\/\/motycs.it\/wp-content\/uploads\/2022\/09\/gozzoli_sett22_8_logo-motycs_ok-600x600.jpg 600w, https:\/\/motycs.it\/wp-content\/uploads\/2022\/09\/gozzoli_sett22_8_logo-motycs_ok-100x100.jpg 100w\" sizes=\"auto, (max-width: 800px) 100vw, 800px\" \/><\/a><p id=\"caption-attachment-1334\" class=\"wp-caption-text\">4wd g\u00fc\u00e7 test tezgah\u0131<\/p><\/div>\n<h6>\u0130\u00c7G\u00d6R\u00dcLER<\/h6>\n<ul>\n<li><a href=\"https:\/\/motycs.it\/tr\/tarih-bankalari-guc-a-silindirlerini-kanitliyor\/\"><strong>Makaral\u0131 test tezgahlar\u0131n\u0131n tarih\u00e7esi<\/strong><\/a><\/li>\n<li><a href=\"https:\/\/motycs.it\/tr\/benchi-prova-potenza-monorullo-birullo\/\"><strong>Test tezgahlar\u0131nda silindir \u00e7ap\u0131n\u0131n \u00f6nemi<\/strong><\/a><\/li>\n<li><a href=\"https:\/\/motycs.it\/tr\/guc-dagitimli-bankalar-geci\u0307rmez\/\"><strong>G\u00fc\u00e7 da\u011f\u0131t\u0131m\u0131 nedir?<\/strong><\/a><\/li>\n<li><strong><a href=\"https:\/\/motycs.it\/tr\/benchi-prova-potenza-monorullo-birullo\/\">BI-roller veya Mono-roller g\u00fc\u00e7 test tezgah\u0131?<\/a><\/strong><\/li>\n<li><a href=\"https:\/\/motycs.it\/tr\/faktorler-duzeltme-gucu\/\"><b>G\u00fc\u00e7 d\u00fczeltme fakt\u00f6rleri DIN, CE, SAE...<\/b><\/a><\/li>\n<li><strong><a href=\"https:\/\/motycs.it\/tr\/sistemler-homologlar\/\">Homologasyon ve hat sonu tezgahlar\u0131<\/a><\/strong> uygulama alanlari<\/li>\n<\/ul>\n<h6>\u00dcR\u00dcN VE HI\u0307ZMETLERI\u0307MI\u0307Z<\/h6>\n<ul>\n<li><a href=\"https:\/\/motycs.it\/tr\/product-category\/banchi-prova-potenza\/\"><strong>Test tezgah\u0131 \u00e7e\u015fitlerimiz<\/strong><\/a><\/li>\n<li><a href=\"https:\/\/motycs.it\/tr\/product-category\/sistemi-di-controllo\/\"><strong>Kontrol ve edinim sistemleri<\/strong><\/a><\/li>\n<li><a href=\"https:\/\/motycs.it\/tr\/product\/tuzluklar\/\"><strong>Ses ge\u00e7irmez motor test odalar\u0131<\/strong><\/a><\/li>\n<li><strong><a href=\"https:\/\/motycs.it\/tr\/product\/havalandirma\/\">Motor so\u011futma fan\u0131 tertibatlar\u0131<\/a><\/strong><\/li>\n<li><a href=\"https:\/\/motycs.it\/tr\/product\/duman-cikarma\/\"><strong>Duman emme sistemleri<\/strong><\/a><\/li>\n<li><a href=\"https:\/\/motycs.it\/tr\/services-test-engines\/\"><strong>Motor ve ara\u00e7 test hizmetleri<\/strong><\/a><\/li>\n<\/ul>\n<p><a href=\"https:\/\/motycs.it\/tr\/kisiler\/\"><strong>Daha fazla bilgi i\u00e7in bize ula\u015f\u0131n<\/strong><\/a><\/p>\n\n\t\t<\/div>\n\t<\/div>\n<\/div><\/div><\/div><\/div><\/div><\/div><\/div><div class=\"vc_row-full-width vc_clearfix\"><\/div>","protected":false},"excerpt":{"rendered":"TheoryBonded 4WD aks test cihazlar\u0131 AKS SENKRON\u0130ZASYONU, ARTIK VAZGE\u00c7\u0130LMEZ B\u0130R GEREKL\u0130L\u0130K Mekanik aks senkronizasyonu, art\u0131k her t\u00fcr arac\u0131n sorunsuz test edilmesi i\u00e7in vazge\u00e7ilmez bir gerekliliktir. Yol ko\u015fullar\u0131yla kar\u015f\u0131la\u015ft\u0131r\u0131labilir \u00e7al\u0131\u015fma ko\u015fullar\u0131n\u0131 garanti eder (\u00f6n ve arka aks tekerlek d\u00f6n\u00fc\u015f\u00fcn\u00fcn senkronizasyonu). Bir dyno sahibi olmak [...]","protected":false},"author":1,"featured_media":898,"parent":0,"menu_order":0,"comment_status":"closed","ping_status":"closed","template":"","meta":{"footnotes":""},"class_list":["post-1012","page","type-page","status-publish","has-post-thumbnail","hentry"],"yoast_head":"<!-- This site is optimized with the Yoast SEO plugin v26.5 - https:\/\/yoast.com\/wordpress\/plugins\/seo\/ -->\n<title>banchi prova potenza 4x4<\/title>\n<meta name=\"description\" content=\"Banchi prova potenza 4wd di ultima generazione. Disponiamo di una gamma prodotti completa, per facilitare un investimento progressivo\" \/>\n<meta name=\"robots\" content=\"index, follow, max-snippet:-1, max-image-preview:large, max-video-preview:-1\" \/>\n<link rel=\"canonical\" href=\"https:\/\/motycs.it\/tr\/test-tezgahlari-4wd\/\" \/>\n<meta property=\"og:locale\" content=\"tr_TR\" \/>\n<meta property=\"og:type\" content=\"article\" \/>\n<meta property=\"og:title\" content=\"banchi prova potenza 4x4\" \/>\n<meta property=\"og:description\" content=\"Banchi prova potenza 4wd di ultima generazione. Disponiamo di una gamma prodotti completa, per facilitare un investimento progressivo\" \/>\n<meta property=\"og:url\" content=\"https:\/\/motycs.it\/tr\/test-tezgahlari-4wd\/\" \/>\n<meta property=\"og:site_name\" content=\"MOTYCS\" \/>\n<meta property=\"article:publisher\" content=\"https:\/\/www.facebook.com\/motycs\/\" \/>\n<meta property=\"article:modified_time\" content=\"2023-05-07T13:18:54+00:00\" \/>\n<meta property=\"og:image\" content=\"https:\/\/motycs.it\/wp-content\/uploads\/2022\/03\/WhatsApp-Image-2022-03-15-at-00.34.26-2.jpeg\" \/>\n\t<meta property=\"og:image:width\" content=\"1440\" \/>\n\t<meta property=\"og:image:height\" content=\"1440\" \/>\n\t<meta property=\"og:image:type\" content=\"image\/jpeg\" \/>\n<meta name=\"twitter:card\" content=\"summary_large_image\" \/>\n<meta name=\"twitter:label1\" content=\"Tahmini okuma s\u00fcresi\" \/>\n\t<meta name=\"twitter:data1\" content=\"2 dakika\" \/>\n<script type=\"application\/ld+json\" class=\"yoast-schema-graph\">{\"@context\":\"https:\/\/schema.org\",\"@graph\":[{\"@type\":\"WebPage\",\"@id\":\"https:\/\/motycs.it\/banchi-prova-4wd\/\",\"url\":\"https:\/\/motycs.it\/banchi-prova-4wd\/\",\"name\":\"banchi prova potenza 4x4\",\"isPartOf\":{\"@id\":\"https:\/\/motycs.it\/#website\"},\"primaryImageOfPage\":{\"@id\":\"https:\/\/motycs.it\/banchi-prova-4wd\/#primaryimage\"},\"image\":{\"@id\":\"https:\/\/motycs.it\/banchi-prova-4wd\/#primaryimage\"},\"thumbnailUrl\":\"https:\/\/motycs.it\/wp-content\/uploads\/2022\/03\/WhatsApp-Image-2022-03-15-at-00.34.26-2.jpeg\",\"datePublished\":\"2022-03-17T17:55:34+00:00\",\"dateModified\":\"2023-05-07T13:18:54+00:00\",\"description\":\"Banchi prova potenza 4wd di ultima generazione. Disponiamo di una gamma prodotti completa, per facilitare un investimento progressivo\",\"breadcrumb\":{\"@id\":\"https:\/\/motycs.it\/banchi-prova-4wd\/#breadcrumb\"},\"inLanguage\":\"tr\",\"potentialAction\":[{\"@type\":\"ReadAction\",\"target\":[\"https:\/\/motycs.it\/banchi-prova-4wd\/\"]}]},{\"@type\":\"ImageObject\",\"inLanguage\":\"tr\",\"@id\":\"https:\/\/motycs.it\/banchi-prova-4wd\/#primaryimage\",\"url\":\"https:\/\/motycs.it\/wp-content\/uploads\/2022\/03\/WhatsApp-Image-2022-03-15-at-00.34.26-2.jpeg\",\"contentUrl\":\"https:\/\/motycs.it\/wp-content\/uploads\/2022\/03\/WhatsApp-Image-2022-03-15-at-00.34.26-2.jpeg\",\"width\":1440,\"height\":1440,\"caption\":\"banco prova potenza dyno\"},{\"@type\":\"BreadcrumbList\",\"@id\":\"https:\/\/motycs.it\/banchi-prova-4wd\/#breadcrumb\",\"itemListElement\":[{\"@type\":\"ListItem\",\"position\":1,\"name\":\"Home\",\"item\":\"https:\/\/motycs.it\/\"},{\"@type\":\"ListItem\",\"position\":2,\"name\":\"Banchi ad assi collegati\"}]},{\"@type\":\"WebSite\",\"@id\":\"https:\/\/motycs.it\/#website\",\"url\":\"https:\/\/motycs.it\/\",\"name\":\"MOTYCS\",\"description\":\"\",\"publisher\":{\"@id\":\"https:\/\/motycs.it\/#organization\"},\"potentialAction\":[{\"@type\":\"SearchAction\",\"target\":{\"@type\":\"EntryPoint\",\"urlTemplate\":\"https:\/\/motycs.it\/?s={search_term_string}\"},\"query-input\":{\"@type\":\"PropertyValueSpecification\",\"valueRequired\":true,\"valueName\":\"search_term_string\"}}],\"inLanguage\":\"tr\"},{\"@type\":\"Organization\",\"@id\":\"https:\/\/motycs.it\/#organization\",\"name\":\"MOTYCS\",\"url\":\"https:\/\/motycs.it\/\",\"logo\":{\"@type\":\"ImageObject\",\"inLanguage\":\"tr\",\"@id\":\"https:\/\/motycs.it\/#\/schema\/logo\/image\/\",\"url\":\"https:\/\/motycs.it\/wp-content\/uploads\/2022\/03\/orizz_bianc.jpg\",\"contentUrl\":\"https:\/\/motycs.it\/wp-content\/uploads\/2022\/03\/orizz_bianc.jpg\",\"width\":600,\"height\":159,\"caption\":\"MOTYCS\"},\"image\":{\"@id\":\"https:\/\/motycs.it\/#\/schema\/logo\/image\/\"},\"sameAs\":[\"https:\/\/www.facebook.com\/motycs\/\",\"https:\/\/www.instagram.com\/motycs.teq\/\",\"https:\/\/www.linkedin.com\/company\/motycs\/\",\"https:\/\/www.pinterest.it\/Motycsdynamometer\/\",\"https:\/\/www.youtube.com\/channel\/UCl_9nwLJn-fMI6UMZVc0tZw\"]}]}<\/script>\n<!-- \/ Yoast SEO plugin. -->","yoast_head_json":{"title":"4x4 g\u00fc\u00e7 test tezgahlar\u0131","description":"Son teknoloji 4wd g\u00fc\u00e7 test tezgahlar\u0131. \u0130lerici yat\u0131r\u0131mlar\u0131 kolayla\u015ft\u0131rmak i\u00e7in eksiksiz bir \u00fcr\u00fcn yelpazesine sahibiz","robots":{"index":"index","follow":"follow","max-snippet":"max-snippet:-1","max-image-preview":"max-image-preview:large","max-video-preview":"max-video-preview:-1"},"canonical":"https:\/\/motycs.it\/tr\/test-tezgahlari-4wd\/","og_locale":"tr_TR","og_type":"article","og_title":"banchi prova potenza 4x4","og_description":"Banchi prova potenza 4wd di ultima generazione. Disponiamo di una gamma prodotti completa, per facilitare un investimento progressivo","og_url":"https:\/\/motycs.it\/tr\/test-tezgahlari-4wd\/","og_site_name":"MOTYCS","article_publisher":"https:\/\/www.facebook.com\/motycs\/","article_modified_time":"2023-05-07T13:18:54+00:00","og_image":[{"width":1440,"height":1440,"url":"https:\/\/motycs.it\/wp-content\/uploads\/2022\/03\/WhatsApp-Image-2022-03-15-at-00.34.26-2.jpeg","type":"image\/jpeg"}],"twitter_card":"summary_large_image","twitter_misc":{"Tahmini okuma s\u00fcresi":"2 dakika"},"schema":{"@context":"https:\/\/schema.org","@graph":[{"@type":"WebPage","@id":"https:\/\/motycs.it\/banchi-prova-4wd\/","url":"https:\/\/motycs.it\/banchi-prova-4wd\/","name":"4x4 g\u00fc\u00e7 test tezgahlar\u0131","isPartOf":{"@id":"https:\/\/motycs.it\/#website"},"primaryImageOfPage":{"@id":"https:\/\/motycs.it\/banchi-prova-4wd\/#primaryimage"},"image":{"@id":"https:\/\/motycs.it\/banchi-prova-4wd\/#primaryimage"},"thumbnailUrl":"https:\/\/motycs.it\/wp-content\/uploads\/2022\/03\/WhatsApp-Image-2022-03-15-at-00.34.26-2.jpeg","datePublished":"2022-03-17T17:55:34+00:00","dateModified":"2023-05-07T13:18:54+00:00","description":"Son teknoloji 4wd g\u00fc\u00e7 test tezgahlar\u0131. \u0130lerici yat\u0131r\u0131mlar\u0131 kolayla\u015ft\u0131rmak i\u00e7in eksiksiz bir \u00fcr\u00fcn yelpazesine sahibiz","breadcrumb":{"@id":"https:\/\/motycs.it\/banchi-prova-4wd\/#breadcrumb"},"inLanguage":"tr","potentialAction":[{"@type":"ReadAction","target":["https:\/\/motycs.it\/banchi-prova-4wd\/"]}]},{"@type":"ImageObject","inLanguage":"tr","@id":"https:\/\/motycs.it\/banchi-prova-4wd\/#primaryimage","url":"https:\/\/motycs.it\/wp-content\/uploads\/2022\/03\/WhatsApp-Image-2022-03-15-at-00.34.26-2.jpeg","contentUrl":"https:\/\/motycs.it\/wp-content\/uploads\/2022\/03\/WhatsApp-Image-2022-03-15-at-00.34.26-2.jpeg","width":1440,"height":1440,"caption":"banco prova potenza dyno"},{"@type":"BreadcrumbList","@id":"https:\/\/motycs.it\/banchi-prova-4wd\/#breadcrumb","itemListElement":[{"@type":"ListItem","position":1,"name":"Home","item":"https:\/\/motycs.it\/"},{"@type":"ListItem","position":2,"name":"Banchi ad assi collegati"}]},{"@type":"WebSite","@id":"https:\/\/motycs.it\/#website","url":"https:\/\/motycs.it\/","name":"MOTYCS","description":"","publisher":{"@id":"https:\/\/motycs.it\/#organization"},"potentialAction":[{"@type":"SearchAction","target":{"@type":"EntryPoint","urlTemplate":"https:\/\/motycs.it\/?s={search_term_string}"},"query-input":{"@type":"PropertyValueSpecification","valueRequired":true,"valueName":"search_term_string"}}],"inLanguage":"tr"},{"@type":"Organization","@id":"https:\/\/motycs.it\/#organization","name":"MOTYCS","url":"https:\/\/motycs.it\/","logo":{"@type":"ImageObject","inLanguage":"tr","@id":"https:\/\/motycs.it\/#\/schema\/logo\/image\/","url":"https:\/\/motycs.it\/wp-content\/uploads\/2022\/03\/orizz_bianc.jpg","contentUrl":"https:\/\/motycs.it\/wp-content\/uploads\/2022\/03\/orizz_bianc.jpg","width":600,"height":159,"caption":"MOTYCS"},"image":{"@id":"https:\/\/motycs.it\/#\/schema\/logo\/image\/"},"sameAs":["https:\/\/www.facebook.com\/motycs\/","https:\/\/www.instagram.com\/motycs.teq\/","https:\/\/www.linkedin.com\/company\/motycs\/","https:\/\/www.pinterest.it\/Motycsdynamometer\/","https:\/\/www.youtube.com\/channel\/UCl_9nwLJn-fMI6UMZVc0tZw"]}]}},"_links":{"self":[{"href":"https:\/\/motycs.it\/tr\/wp-json\/wp\/v2\/pages\/1012","targetHints":{"allow":["GET"]}}],"collection":[{"href":"https:\/\/motycs.it\/tr\/wp-json\/wp\/v2\/pages"}],"about":[{"href":"https:\/\/motycs.it\/tr\/wp-json\/wp\/v2\/types\/page"}],"author":[{"embeddable":true,"href":"https:\/\/motycs.it\/tr\/wp-json\/wp\/v2\/users\/1"}],"replies":[{"embeddable":true,"href":"https:\/\/motycs.it\/tr\/wp-json\/wp\/v2\/comments?post=1012"}],"version-history":[{"count":27,"href":"https:\/\/motycs.it\/tr\/wp-json\/wp\/v2\/pages\/1012\/revisions"}],"predecessor-version":[{"id":1663,"href":"https:\/\/motycs.it\/tr\/wp-json\/wp\/v2\/pages\/1012\/revisions\/1663"}],"wp:featuredmedia":[{"embeddable":true,"href":"https:\/\/motycs.it\/tr\/wp-json\/wp\/v2\/media\/898"}],"wp:attachment":[{"href":"https:\/\/motycs.it\/tr\/wp-json\/wp\/v2\/media?parent=1012"}],"curies":[{"name":"wp","href":"https:\/\/api.w.org\/{rel}","templated":true}]}}