{"id":1010,"date":"2022-03-17T18:55:05","date_gmt":"2022-03-17T17:55:05","guid":{"rendered":"https:\/\/motycs.it\/?page_id=1010"},"modified":"2023-06-02T23:21:22","modified_gmt":"2023-06-02T21:21:22","slug":"rinnova-il-tuo-banco-prova","status":"publish","type":"page","link":"https:\/\/motycs.it\/tr\/banka-testinizi-yenileyin\/","title":{"rendered":"Test tezgah\u0131n\u0131z\u0131 yenileyin"},"content":{"rendered":"<div data-vc-full-width=\"true\" data-vc-full-width-init=\"false\" class=\"vc_row wpb_row vc_row-fluid vc_custom_1473769871896 vc_row-has-fill\"><div class=\"wpb_column vc_column_container vc_col-sm-12\"><div class=\"vc_column-inner\"><div class=\"wpb_wrapper\"><div class=\"sc_section margin_top_large margin_bottom_huge\" data-animation=\"animated fadeInUp normal\" style=\"max-width: 1030px; margin: auto;\"><div class=\"sc_section_inner\"><h6 class=\"sc_section_subtitle sc_item_subtitle\">Teori<\/h6><h3 class=\"sc_section_title sc_item_title sc_item_title_without_descr\">Test tezgah\u0131n\u0131z\u0131 yenileyin<\/h3><div class=\"sc_section_content_wrap\">\n\t<div class=\"wpb_text_column wpb_content_element  vc_custom_1685740878221\" >\n\t\t<div class=\"wpb_wrapper\">\n\t\t\t<p>Bizde <strong>Farkl\u0131 tipteki test tezgahlar\u0131n\u0131 y\u00fckseltmek i\u00e7in kontrol ve toplama sistemleri<\/strong>:<\/p>\n<ul>\n<li><a href=\"https:\/\/motycs.it\/tr\/product\/guc-testleri\/\"><strong>Te\u015fhis ve spora haz\u0131rl\u0131k kapsam\u0131<\/strong> ( Sport Devices)<\/a><\/li>\n<\/ul>\n<p><a href=\"https:\/\/motycs.it\/tr\/kurulum-banka-testi\u0307\/\"><strong>Baz\u0131 uygulamalar\u0131 burada ke\u015ffedin<\/strong><\/a> ve Spor Cihazlar\u0131 sistemlerinin \u00f6zellikleri<\/p>\n<ul>\n<li><a href=\"https:\/\/motycs.it\/tr\/product\/homologatif\/\"><strong>Homologasyon, ara\u015ft\u0131rma ve geli\u015ftirme, hat sonu.<\/strong><\/a><\/li>\n<\/ul>\n<p><strong>Her t\u00fcrl\u00fc g\u00fc\u00e7 test tezgah\u0131na uygulanabilir<\/strong>, <strong>g\u00fcncelliyorlar <\/strong>ve<strong> asl\u0131nda i\u015flevselli\u011fi son teknoloji bir sisteme geni\u015fletir.<\/strong><\/p>\n<p>\u015euralarda kullan\u0131labilirler <strong>geri kazan\u0131m ve yenileme<\/strong> taraf\u0131ndan <strong>art\u0131k \u00e7al\u0131\u015fmayan odalar veya test tezgahlar\u0131<\/strong>bunun i\u00e7in <strong>\u00fcretici, geri y\u00fckleme ve g\u00fcncelleme i\u00e7in \u00e7ok maliyetli bir \u00e7al\u0131\u015fma gerektirebilir.<\/strong>.<\/p>\n<p>Daha fazla bilgi i\u00e7in bize \u015fu adresten yazabilirsiniz <a href=\"mailto:info@motycs.it\">i<strong>info@motycs.it<\/strong><\/a><\/p>\n<h5><a href=\"https:\/\/motycs.it\/tr\/product\/guc-testleri\/\"><strong>POWER TEST BENCH S\u0130STEM\u0130 (Te\u015fhis ve haz\u0131rl\u0131k - Sport Devices modelleri)<\/strong><\/a><\/h5>\n<ul>\n<li><strong>GER\u00c7EK ZAMANLI olarak 3 ekrana kadar<\/strong><\/li>\n<li><strong>Yaz\u0131l\u0131m g\u00fcncellemeleri dahildir ve do\u011frudan web sitesinden indirilebilir<\/strong><\/li>\n<li>Bu izin verir <strong>veritaban\u0131ndan okunan s\u0131n\u0131rs\u0131z say\u0131da e\u011friyi kar\u015f\u0131la\u015ft\u0131rma<\/strong>farkl\u0131 bir renk atanm\u0131\u015ft\u0131r. Bu, de\u011fi\u015fikliklerden \u00f6nce ve sonra de\u011fi\u015fiklikleri ve iyile\u015ftirmeleri de\u011ferlendirmeyi m\u00fcmk\u00fcn k\u0131lar.<\/li>\n<li><strong>D\u00fczeltme fakt\u00f6rleri<\/strong>: ISO1585, SAEJ1349, DIN70020, JISD1001, EC95-1, EWG 80\/ 1269 (Ayr\u0131ca OBD aray\u00fcz\u00fc veya harici prob arac\u0131l\u0131\u011f\u0131yla hava giri\u015f s\u0131cakl\u0131\u011f\u0131na g\u00f6re e\u011frilerin d\u00fczeltilmesine izin verir)<\/li>\n<li>Olas\u0131l\u0131\u011f\u0131 <strong>ger\u00e7ekle\u015ftirilen farkl\u0131 testleri kar\u015f\u0131la\u015ft\u0131rmak<\/strong>, \u00fcst \u00fcste bindirmek<\/li>\n<li>G\u00fc\u00e7 (Kw,Cv), tork (Kg*m, N*m) i\u00e7in \u00f6l\u00e7\u00fcm birimi kullan\u0131c\u0131 taraf\u0131ndan se\u00e7ilebilir.<\/li>\n<li><strong>Mevcut test modlar\u0131<\/strong>: Atalet, sabit frenleme, rampa, yol sim\u00fclasyonu, kararl\u0131 durum.<\/li>\n<li>Ba\u011flant\u0131 <strong>Ethernet<\/strong> y\u00fcksek h\u0131zda, <strong>CANBUS, Bluetooth (Opsiyonel), RS232<\/strong>.<\/li>\n<li><strong>Ara\u00e7 OBDII aray\u00fcz\u00fc<\/strong>, entegre veya harici meteoroloji istasyonu. Farkl\u0131 egzoz analiz\u00f6r\u00fc modellerini destekler<\/li>\n<li>Sistem, a\u015fa\u011f\u0131dakileri uygular <strong>kapal\u0131 d\u00f6ng\u00fc' fren kontrol\u00fc<\/strong>.<\/li>\n<li><strong>Bilgisayar olmadan da \u00e7al\u0131\u015f\u0131r (uzaktan kumanda)<\/strong><\/li>\n<li><strong>Gaz akt\u00fcat\u00f6r\u00fc, debriyaj akt\u00fcat\u00f6r\u00fc, \u015fanz\u0131man, fanlar\u0131n uzaktan kumandas\u0131<\/strong> PC yaz\u0131l\u0131m\u0131ndan vb.<\/li>\n<\/ul>\n<p>&nbsp;<\/p>\n<ul>\n<li>Ke\u015ffedin <a href=\"https:\/\/motycs.it\/tr\/product\/guc-testleri\/\"><strong>G\u00fc\u00e7 test tezgah\u0131n\u0131z\u0131 yenilemek i\u00e7in Sport Devices sistemleri<\/strong><\/a><\/li>\n<li><a href=\"https:\/\/www.sportdevices.com\/sportdyno.php\" target=\"_blank\" rel=\"noopener\">Buradan \u00f6\u011frenin <strong>SPORTDYNO kontrol yaz\u0131l\u0131m\u0131 hakk\u0131nda daha fazla ayr\u0131nt\u0131<\/strong><\/a>\u00a0(Sport Devices web sitesinin \u0130NG\u0130L\u0130ZCE linki)<\/li>\n<li><a href=\"https:\/\/www.sportdevices.com\/download.php\" target=\"_blank\" rel=\"noopener\">Burada \u015funlar\u0131 yapabilirsiniz <strong>en son SW s\u00fcr\u00fcm\u00fcn\u00fc indirin ve y\u00fckleyin<\/strong> <strong>i\u015flevselli\u011fini de\u011ferlendirmek i\u00e7in<\/strong><\/a><strong>\u00a0<\/strong>(Sport Devices web sitesinin \u0130NG\u0130L\u0130ZCE linki)<\/li>\n<\/ul>\n<p><a href=\"https:\/\/motycs.it\/wp-content\/uploads\/2022\/03\/sp1-motycs-dyno-banco-prova-potenza-2.jpg\"><img loading=\"lazy\" decoding=\"async\" class=\"wp-image-1159 size-full\" src=\"https:\/\/motycs.it\/wp-content\/uploads\/2022\/03\/sp1-motycs-dyno-banco-prova-potenza-2.jpg\" alt=\"DAQ SP1 Spor Cihazlar\u0131 G\u00fc\u00e7 test tezgahlar\u0131 i\u00e7in Motycs\" width=\"800\" height=\"527\" srcset=\"https:\/\/motycs.it\/wp-content\/uploads\/2022\/03\/sp1-motycs-dyno-banco-prova-potenza-2.jpg 800w, https:\/\/motycs.it\/wp-content\/uploads\/2022\/03\/sp1-motycs-dyno-banco-prova-potenza-2-300x198.jpg 300w, https:\/\/motycs.it\/wp-content\/uploads\/2022\/03\/sp1-motycs-dyno-banco-prova-potenza-2-768x506.jpg 768w, https:\/\/motycs.it\/wp-content\/uploads\/2022\/03\/sp1-motycs-dyno-banco-prova-potenza-2-600x395.jpg 600w\" sizes=\"auto, (max-width: 800px) 100vw, 800px\" \/><\/a><\/p>\n<h5><a href=\"https:\/\/motycs.it\/tr\/product\/homologatif\/\"><strong>HOMOLOGASYON TEST TEZGAHLARI I\u00c7IN SISTEM<\/strong><\/a><\/h5>\n<p>Homologasyon sistemimiz <strong>Compact-Rio platformu \u00fczerinde tasarlanm\u0131\u015f ve uygulanm\u0131\u015ft\u0131r<\/strong> Ulusal Enstr\u00fcman\u0131n.<\/p>\n<p><strong>B\u00f6ylece, tipik olarak end\u00fcstriyel sekt\u00f6rdeki tesisler i\u00e7in ayr\u0131lm\u0131\u015f olan g\u00fcvenilirli\u011fi garanti eder<\/strong>.<\/p>\n<h6>TEKNI\u0307K \u00d6ZELLI\u0307KLER<\/h6>\n<ul>\n<li>Farkl\u0131la\u015ft\u0131r\u0131lm\u0131\u015f \u00f6nceliklerle paralel d\u00f6ng\u00fc s\u00fcrelerinin telemetrisi<\/li>\n<li>Giri\u015f\/\u00e7\u0131k\u0131\u015f ak\u0131\u015flar\u0131 ve kontroller i\u00e7in 'a\u015fa\u011f\u0131dan yukar\u0131ya' hiyerar\u015fi<\/li>\n<li>Ayr\u0131 ayr\u0131 y\u00f6netilen analog giri\u015fler<\/li>\n<li>Aktivasyon - zamanlama - filtre (dijital, istatistiksel)<\/li>\n<li>Dijital giri\u015fler<\/li>\n<li>Kare dalga devri toplama sens\u00f6r\u00fcn\u00fcn ba\u011flanmas\u0131<\/li>\n<li>Test odas\u0131 alarm durumlar\u0131<\/li>\n<li>Analog ve dijital \u00e7\u0131k\u0131\u015flar<\/li>\n<li>Fren ve gaz ayar\u0131 (y\u00fcksek dinamikler)<\/li>\n<li>Ak\u0131\u015fkanlar i\u00e7in valf kontrol\u00fc (d\u00fc\u015f\u00fck dinamikler)<\/li>\n<li>\u00d6zel analog giri\u015fler: y\u00fck h\u00fccresi i\u00e7in y\u00fcksek \u00e7\u00f6z\u00fcn\u00fcrl\u00fckl\u00fc (24 bit)<\/li>\n<li>Termokupllar \/ diren\u00e7 termometreleri i\u00e7in y\u00fcksek \u00e7\u00f6z\u00fcn\u00fcrl\u00fckl\u00fc (24 bit)<\/li>\n<li>Excel dosyas\u0131na yaz\u0131lanlar\u0131 \u00e7al\u0131\u015ft\u0131r\u0131r + Metin dosyas\u0131na aktar\u0131r<\/li>\n<li>Sabitlerin parametrelendirilmesi<\/li>\n<li>Kendi kendine \u00f6\u011frenmeyi s\u0131n\u0131rla (\u0131zgara)<\/li>\n<li>\u00d6nceki davran\u0131\u015flar\u0131n haf\u0131zas\u0131 (uut)<\/li>\n<\/ul>\n<h6><strong>UYGULAMA ALANLARI (TIP ONAYI VE ARA\u015eTIRMA VE GELI\u015eTIRME)<\/strong><\/h6>\n<p>- Farkl\u0131 tipte test tezgahlar\u0131<br \/>\n- Motorlar (Ar-Ge, \u00dcretim)<br \/>\n- ara\u00e7 (yuvarlanma, emisyonlar)<br \/>\n- bile\u015fenleri<br \/>\n- ECU (edinim, kalibrasyon, te\u015fhis)<br \/>\n- DOE (Deney Tasar\u0131m\u0131)<\/p>\n<p><strong><a href=\"https:\/\/motycs.it\/tr\/product\/homologatif\/\" target=\"_blank\" rel=\"noopener\">Homologasyon \u00fcr\u00fcn sayfam\u0131z\u0131 buradan ziyaret edin<\/a><\/strong><a href=\"https:\/\/motycs.it\/tr\/product\/homologatif\/\" target=\"_blank\" rel=\"noopener\">\u00a0<\/a><\/p>\n<div id=\"attachment_1265\" style=\"width: 810px\" class=\"wp-caption aligncenter\"><a href=\"https:\/\/motycs.it\/wp-content\/uploads\/2022\/08\/immagine-INCA-motycs-ecu.jpg\"><img loading=\"lazy\" decoding=\"async\" aria-describedby=\"caption-attachment-1265\" class=\"wp-image-1265 size-full\" src=\"https:\/\/motycs.it\/wp-content\/uploads\/2022\/08\/immagine-INCA-motycs-ecu.jpg\" alt=\"\" width=\"800\" height=\"800\" srcset=\"https:\/\/motycs.it\/wp-content\/uploads\/2022\/08\/immagine-INCA-motycs-ecu.jpg 800w, https:\/\/motycs.it\/wp-content\/uploads\/2022\/08\/immagine-INCA-motycs-ecu-300x300.jpg 300w, https:\/\/motycs.it\/wp-content\/uploads\/2022\/08\/immagine-INCA-motycs-ecu-150x150.jpg 150w, https:\/\/motycs.it\/wp-content\/uploads\/2022\/08\/immagine-INCA-motycs-ecu-768x768.jpg 768w, https:\/\/motycs.it\/wp-content\/uploads\/2022\/08\/immagine-INCA-motycs-ecu-600x600.jpg 600w, https:\/\/motycs.it\/wp-content\/uploads\/2022\/08\/immagine-INCA-motycs-ecu-100x100.jpg 100w\" sizes=\"auto, (max-width: 800px) 100vw, 800px\" \/><\/a><p id=\"caption-attachment-1265\" class=\"wp-caption-text\">Bir homologasyon sistemi SW aray\u00fcz\u00fc<\/p><\/div>\n<h6><a href=\"https:\/\/motycs.it\/tr\/tarih-bankalari-guc-a-silindirlerini-kanitliyor\/\"><strong>\u0130\u00c7G\u00d6R\u00dcLER<\/strong><\/a><\/h6>\n<ul>\n<li><a href=\"https:\/\/motycs.it\/tr\/tarih-bankalari-guc-a-silindirlerini-kanitliyor\/\"><strong>Ke\u015ffedin<\/strong>\u00a0<strong>test tezgahlarinin temel kavramlari<\/strong><\/a><\/li>\n<li><a href=\"https:\/\/motycs.it\/tr\/tarih-bankalari-guc-a-silindirlerini-kanitliyor\/\"><strong>Makaral\u0131 test tezgahlar\u0131n\u0131n tarih\u00e7esi<\/strong><\/a><\/li>\n<li><a href=\"https:\/\/motycs.it\/tr\/tarih-bankalari-guc-a-silindirlerini-kanitliyor\/\"><strong>Daha fazla bilgi i\u00e7in bize ula\u015f\u0131n<\/strong><\/a><\/li>\n<li><a href=\"https:\/\/motycs.it\/tr\/benchi-prova-potenza-monorullo-birullo\/\"><strong>Tek ve \u00e7ift makaral\u0131 test tezgahlar\u0131, hangisini se\u00e7meli<\/strong><\/a><\/li>\n<li><a href=\"https:\/\/motycs.it\/tr\/guc-dagitimli-bankalar-geci\u0307rmez\/\"><strong>G\u00fc\u00e7 da\u011f\u0131l\u0131m\u0131, nedir?<\/strong><\/a><\/li>\n<li><a href=\"https:\/\/motycs.it\/tr\/test-tezgahlari-4wd\/\"><strong>Ba\u011flant\u0131l\u0131 aks test tezgahlar\u0131, avantajlar\u0131 ke\u015ffedin<\/strong><\/a><\/li>\n<\/ul>\n\n\t\t<\/div>\n\t<\/div>\n<\/div><\/div><\/div><\/div><\/div><\/div><\/div><div class=\"vc_row-full-width vc_clearfix\"><\/div>","protected":false},"excerpt":{"rendered":"TeoriaTest tezgah\u0131n\u0131z\u0131 yenileyin Farkl\u0131 test tezgah\u0131 t\u00fcrlerini y\u00fckseltmek i\u00e7in kontrol ve toplama sistemlerimiz var: Te\u015fhis ve spor haz\u0131rl\u0131k alan\u0131 (Sport Devices \u00fcr\u00fcnleri) Sport Devices sistemlerinin baz\u0131 uygulamalar\u0131n\u0131 ve \u00f6zelliklerini burada ke\u015ffedin Homologasyon, ara\u015ft\u0131rma ve geli\u015ftirme, hat sonu alanlar\u0131. Her t\u00fcr g\u00fc\u00e7 test tezgah\u0131na uygulanabilir, g\u00fcncelleme ve [...]","protected":false},"author":1,"featured_media":0,"parent":0,"menu_order":0,"comment_status":"closed","ping_status":"closed","template":"","meta":{"footnotes":""},"class_list":["post-1010","page","type-page","status-publish","hentry"],"yoast_head":"<!-- This site is optimized with the Yoast SEO plugin v26.5 - https:\/\/yoast.com\/wordpress\/plugins\/seo\/ -->\n<title>Rinnova il tuo banco prova - MOTYCS<\/title>\n<meta name=\"description\" content=\"Aggiornare il tuo vecchio banco prova potenza. inerziale o frenato, ad un sistema di ultima generazione. Fino a 3 schermi in real time\" \/>\n<meta name=\"robots\" content=\"index, follow, max-snippet:-1, max-image-preview:large, max-video-preview:-1\" \/>\n<link rel=\"canonical\" href=\"https:\/\/motycs.it\/tr\/banka-testinizi-yenileyin\/\" \/>\n<meta property=\"og:locale\" content=\"tr_TR\" \/>\n<meta property=\"og:type\" content=\"article\" \/>\n<meta property=\"og:title\" content=\"Rinnova il tuo banco prova - MOTYCS\" \/>\n<meta property=\"og:description\" content=\"Aggiornare il tuo vecchio banco prova potenza. inerziale o frenato, ad un sistema di ultima generazione. Fino a 3 schermi in real time\" \/>\n<meta property=\"og:url\" content=\"https:\/\/motycs.it\/tr\/banka-testinizi-yenileyin\/\" \/>\n<meta property=\"og:site_name\" content=\"MOTYCS\" \/>\n<meta property=\"article:publisher\" content=\"https:\/\/www.facebook.com\/motycs\/\" \/>\n<meta property=\"article:modified_time\" content=\"2023-06-02T21:21:22+00:00\" \/>\n<meta property=\"og:image\" content=\"https:\/\/motycs.it\/wp-content\/uploads\/2022\/03\/sp1-motycs-dyno-banco-prova-potenza-2.jpg\" \/>\n<meta name=\"twitter:card\" content=\"summary_large_image\" \/>\n<meta name=\"twitter:label1\" content=\"Tahmini okuma s\u00fcresi\" \/>\n\t<meta name=\"twitter:data1\" content=\"4 dakika\" \/>\n<script type=\"application\/ld+json\" class=\"yoast-schema-graph\">{\"@context\":\"https:\/\/schema.org\",\"@graph\":[{\"@type\":\"WebPage\",\"@id\":\"https:\/\/motycs.it\/rinnova-il-tuo-banco-prova\/\",\"url\":\"https:\/\/motycs.it\/rinnova-il-tuo-banco-prova\/\",\"name\":\"Rinnova il tuo banco prova - MOTYCS\",\"isPartOf\":{\"@id\":\"https:\/\/motycs.it\/#website\"},\"primaryImageOfPage\":{\"@id\":\"https:\/\/motycs.it\/rinnova-il-tuo-banco-prova\/#primaryimage\"},\"image\":{\"@id\":\"https:\/\/motycs.it\/rinnova-il-tuo-banco-prova\/#primaryimage\"},\"thumbnailUrl\":\"https:\/\/motycs.it\/wp-content\/uploads\/2022\/03\/sp1-motycs-dyno-banco-prova-potenza-2.jpg\",\"datePublished\":\"2022-03-17T17:55:05+00:00\",\"dateModified\":\"2023-06-02T21:21:22+00:00\",\"description\":\"Aggiornare il tuo vecchio banco prova potenza. inerziale o frenato, ad un sistema di ultima generazione. Fino a 3 schermi in real time\",\"breadcrumb\":{\"@id\":\"https:\/\/motycs.it\/rinnova-il-tuo-banco-prova\/#breadcrumb\"},\"inLanguage\":\"tr\",\"potentialAction\":[{\"@type\":\"ReadAction\",\"target\":[\"https:\/\/motycs.it\/rinnova-il-tuo-banco-prova\/\"]}]},{\"@type\":\"ImageObject\",\"inLanguage\":\"tr\",\"@id\":\"https:\/\/motycs.it\/rinnova-il-tuo-banco-prova\/#primaryimage\",\"url\":\"https:\/\/motycs.it\/wp-content\/uploads\/2022\/03\/sp1-motycs-dyno-banco-prova-potenza-2.jpg\",\"contentUrl\":\"https:\/\/motycs.it\/wp-content\/uploads\/2022\/03\/sp1-motycs-dyno-banco-prova-potenza-2.jpg\"},{\"@type\":\"BreadcrumbList\",\"@id\":\"https:\/\/motycs.it\/rinnova-il-tuo-banco-prova\/#breadcrumb\",\"itemListElement\":[{\"@type\":\"ListItem\",\"position\":1,\"name\":\"Home\",\"item\":\"https:\/\/motycs.it\/\"},{\"@type\":\"ListItem\",\"position\":2,\"name\":\"Rinnova il tuo banco prova\"}]},{\"@type\":\"WebSite\",\"@id\":\"https:\/\/motycs.it\/#website\",\"url\":\"https:\/\/motycs.it\/\",\"name\":\"MOTYCS\",\"description\":\"\",\"publisher\":{\"@id\":\"https:\/\/motycs.it\/#organization\"},\"potentialAction\":[{\"@type\":\"SearchAction\",\"target\":{\"@type\":\"EntryPoint\",\"urlTemplate\":\"https:\/\/motycs.it\/?s={search_term_string}\"},\"query-input\":{\"@type\":\"PropertyValueSpecification\",\"valueRequired\":true,\"valueName\":\"search_term_string\"}}],\"inLanguage\":\"tr\"},{\"@type\":\"Organization\",\"@id\":\"https:\/\/motycs.it\/#organization\",\"name\":\"MOTYCS\",\"url\":\"https:\/\/motycs.it\/\",\"logo\":{\"@type\":\"ImageObject\",\"inLanguage\":\"tr\",\"@id\":\"https:\/\/motycs.it\/#\/schema\/logo\/image\/\",\"url\":\"https:\/\/motycs.it\/wp-content\/uploads\/2022\/03\/orizz_bianc.jpg\",\"contentUrl\":\"https:\/\/motycs.it\/wp-content\/uploads\/2022\/03\/orizz_bianc.jpg\",\"width\":600,\"height\":159,\"caption\":\"MOTYCS\"},\"image\":{\"@id\":\"https:\/\/motycs.it\/#\/schema\/logo\/image\/\"},\"sameAs\":[\"https:\/\/www.facebook.com\/motycs\/\",\"https:\/\/www.instagram.com\/motycs.teq\/\",\"https:\/\/www.linkedin.com\/company\/motycs\/\",\"https:\/\/www.pinterest.it\/Motycsdynamometer\/\",\"https:\/\/www.youtube.com\/channel\/UCl_9nwLJn-fMI6UMZVc0tZw\"]}]}<\/script>\n<!-- \/ Yoast SEO plugin. -->","yoast_head_json":{"title":"Test tezgah\u0131n\u0131z\u0131 yenileyin - MOTYCS","description":"Ataletsel veya frenli eski g\u00fc\u00e7 test tezgah\u0131n\u0131z\u0131 son teknoloji bir sisteme y\u00fckseltin. Ger\u00e7ek zamanl\u0131 olarak 3 ekrana kadar","robots":{"index":"index","follow":"follow","max-snippet":"max-snippet:-1","max-image-preview":"max-image-preview:large","max-video-preview":"max-video-preview:-1"},"canonical":"https:\/\/motycs.it\/tr\/banka-testinizi-yenileyin\/","og_locale":"tr_TR","og_type":"article","og_title":"Rinnova il tuo banco prova - MOTYCS","og_description":"Aggiornare il tuo vecchio banco prova potenza. inerziale o frenato, ad un sistema di ultima generazione. Fino a 3 schermi in real time","og_url":"https:\/\/motycs.it\/tr\/banka-testinizi-yenileyin\/","og_site_name":"MOTYCS","article_publisher":"https:\/\/www.facebook.com\/motycs\/","article_modified_time":"2023-06-02T21:21:22+00:00","og_image":[{"url":"https:\/\/motycs.it\/wp-content\/uploads\/2022\/03\/sp1-motycs-dyno-banco-prova-potenza-2.jpg","type":"","width":"","height":""}],"twitter_card":"summary_large_image","twitter_misc":{"Tahmini okuma s\u00fcresi":"4 dakika"},"schema":{"@context":"https:\/\/schema.org","@graph":[{"@type":"WebPage","@id":"https:\/\/motycs.it\/rinnova-il-tuo-banco-prova\/","url":"https:\/\/motycs.it\/rinnova-il-tuo-banco-prova\/","name":"Test tezgah\u0131n\u0131z\u0131 yenileyin - MOTYCS","isPartOf":{"@id":"https:\/\/motycs.it\/#website"},"primaryImageOfPage":{"@id":"https:\/\/motycs.it\/rinnova-il-tuo-banco-prova\/#primaryimage"},"image":{"@id":"https:\/\/motycs.it\/rinnova-il-tuo-banco-prova\/#primaryimage"},"thumbnailUrl":"https:\/\/motycs.it\/wp-content\/uploads\/2022\/03\/sp1-motycs-dyno-banco-prova-potenza-2.jpg","datePublished":"2022-03-17T17:55:05+00:00","dateModified":"2023-06-02T21:21:22+00:00","description":"Ataletsel veya frenli eski g\u00fc\u00e7 test tezgah\u0131n\u0131z\u0131 son teknoloji bir sisteme y\u00fckseltin. Ger\u00e7ek zamanl\u0131 olarak 3 ekrana kadar","breadcrumb":{"@id":"https:\/\/motycs.it\/rinnova-il-tuo-banco-prova\/#breadcrumb"},"inLanguage":"tr","potentialAction":[{"@type":"ReadAction","target":["https:\/\/motycs.it\/rinnova-il-tuo-banco-prova\/"]}]},{"@type":"ImageObject","inLanguage":"tr","@id":"https:\/\/motycs.it\/rinnova-il-tuo-banco-prova\/#primaryimage","url":"https:\/\/motycs.it\/wp-content\/uploads\/2022\/03\/sp1-motycs-dyno-banco-prova-potenza-2.jpg","contentUrl":"https:\/\/motycs.it\/wp-content\/uploads\/2022\/03\/sp1-motycs-dyno-banco-prova-potenza-2.jpg"},{"@type":"BreadcrumbList","@id":"https:\/\/motycs.it\/rinnova-il-tuo-banco-prova\/#breadcrumb","itemListElement":[{"@type":"ListItem","position":1,"name":"Home","item":"https:\/\/motycs.it\/"},{"@type":"ListItem","position":2,"name":"Rinnova il tuo banco prova"}]},{"@type":"WebSite","@id":"https:\/\/motycs.it\/#website","url":"https:\/\/motycs.it\/","name":"MOTYCS","description":"","publisher":{"@id":"https:\/\/motycs.it\/#organization"},"potentialAction":[{"@type":"SearchAction","target":{"@type":"EntryPoint","urlTemplate":"https:\/\/motycs.it\/?s={search_term_string}"},"query-input":{"@type":"PropertyValueSpecification","valueRequired":true,"valueName":"search_term_string"}}],"inLanguage":"tr"},{"@type":"Organization","@id":"https:\/\/motycs.it\/#organization","name":"MOTYCS","url":"https:\/\/motycs.it\/","logo":{"@type":"ImageObject","inLanguage":"tr","@id":"https:\/\/motycs.it\/#\/schema\/logo\/image\/","url":"https:\/\/motycs.it\/wp-content\/uploads\/2022\/03\/orizz_bianc.jpg","contentUrl":"https:\/\/motycs.it\/wp-content\/uploads\/2022\/03\/orizz_bianc.jpg","width":600,"height":159,"caption":"MOTYCS"},"image":{"@id":"https:\/\/motycs.it\/#\/schema\/logo\/image\/"},"sameAs":["https:\/\/www.facebook.com\/motycs\/","https:\/\/www.instagram.com\/motycs.teq\/","https:\/\/www.linkedin.com\/company\/motycs\/","https:\/\/www.pinterest.it\/Motycsdynamometer\/","https:\/\/www.youtube.com\/channel\/UCl_9nwLJn-fMI6UMZVc0tZw"]}]}},"_links":{"self":[{"href":"https:\/\/motycs.it\/tr\/wp-json\/wp\/v2\/pages\/1010","targetHints":{"allow":["GET"]}}],"collection":[{"href":"https:\/\/motycs.it\/tr\/wp-json\/wp\/v2\/pages"}],"about":[{"href":"https:\/\/motycs.it\/tr\/wp-json\/wp\/v2\/types\/page"}],"author":[{"embeddable":true,"href":"https:\/\/motycs.it\/tr\/wp-json\/wp\/v2\/users\/1"}],"replies":[{"embeddable":true,"href":"https:\/\/motycs.it\/tr\/wp-json\/wp\/v2\/comments?post=1010"}],"version-history":[{"count":19,"href":"https:\/\/motycs.it\/tr\/wp-json\/wp\/v2\/pages\/1010\/revisions"}],"predecessor-version":[{"id":1817,"href":"https:\/\/motycs.it\/tr\/wp-json\/wp\/v2\/pages\/1010\/revisions\/1817"}],"wp:attachment":[{"href":"https:\/\/motycs.it\/tr\/wp-json\/wp\/v2\/media?parent=1010"}],"curies":[{"name":"wp","href":"https:\/\/api.w.org\/{rel}","templated":true}]}}