{"id":994,"date":"2022-03-17T18:45:16","date_gmt":"2022-03-17T17:45:16","guid":{"rendered":"https:\/\/motycs.it\/?post_type=product&#038;p=994"},"modified":"2023-05-04T10:59:32","modified_gmt":"2023-05-04T08:59:32","slug":"estrazione-fumi","status":"publish","type":"product","link":"https:\/\/motycs.it\/ro\/product\/extragerea-fumului\/","title":{"rendered":"Extragerea fumului"},"content":{"rendered":"<p>Un aspect deosebit de important \u00eentr-o camer\u0103 a motoarelor este<strong>extrac\u021bia gazelor de ardere<\/strong>.<\/p>\n<p>Am r\u0103spuns cu <strong>solu\u021bii n\u0103scute din nevoi specifice<\/strong>f\u0103cute pentru clien\u021bii no\u0219tri:<\/p>\n<ul>\n<li><strong>Sisteme subterane<\/strong> cu cutie de extrac\u021bie a fumului ascuns\u0103<\/li>\n<li>Componente pentru <strong>realizarea de sisteme de extrac\u021bie a fumului<\/strong><\/li>\n<li><strong>Sisteme complete cu ventilatoare de extrac\u021bie controlate de invertor sau f\u0103r\u0103 invertor<\/strong>st\u00e2lpi monta\u021bi pe tavan, conecta\u021bi la conducte subterane cu bazine special concepute pentru sistemele noastre const\u00e2nd \u00een c\u0103rucioare, \u021bevi \u0219i duze capabile s\u0103 se adapteze la orice cerin\u021be ale vehiculului \u0219i\/sau ale motorului<\/li>\n<li><strong>Sisteme complete de aspira\u021bie cu ventilator, controlate de invertor<\/strong>, complet cu furtunuri pentru duze \u0219i c\u0103rucioare de sus\u021binere (plus amortizoare \u0219i conducte de ejec\u021bie)<\/li>\n<\/ul>\n<p><a href=\"https:\/\/motycs.it\/ro\/product\/ventilatie\/\"><strong>Descoperi\u021bi aici sistemele de ventilatoare dedicate pentru r\u0103cirea motorului<\/strong><\/a><\/p>\n<p><a href=\"https:\/\/motycs.it\/ro\/product\/vase-de-sare\/\"><strong>Descoperi\u021bi camerele de testare a motoarelor izolate fonic aici<\/strong><\/a><\/p>\n<h6>INSIGHTS<\/h6>\n<ul>\n<li><strong><a href=\"https:\/\/motycs.it\/ro\/concepte-de-baza-sasiu-banc-de-incercare-dyno\/\">Descoperi\u021bi conceptele de baz\u0103 ale bancurilor de testare a motoarelor \u0219i rolelor<\/a><\/strong><\/li>\n<li><strong><a href=\"https:\/\/motycs.it\/ro\/bancuri-de-testare-4wd\/\">Avantajele bancurilor de testare a puterii axei conectate 4WD<\/a><\/strong><\/li>\n<li><strong><a href=\"https:\/\/motycs.it\/ro\/bancuri-de-testare-putere-biroll-cu-singura-rola\/\">Bancuri de testare MONO-roller \u0219i BI-roller<\/a><\/strong><\/li>\n<li><a href=\"https:\/\/motycs.it\/ro\/putere-disipata-bancuri-proof\/\"><strong>Disiparea de putere<\/strong><\/a><\/li>\n<\/ul>","protected":false},"excerpt":{"rendered":"<div class=\"page\" title=\"Pagina 10\">\n<div class=\"layoutArea\">\n<div class=\"column\">\n<p>SISTEME DE EXTRAC\u021aIE \u0218I TRATARE A GAZELOR DE ARDERE<\/p>\n<p>Am dezvoltat <strong>sisteme de extrac\u021bie a fumului adecvate pentru utilizarea cu bancuri de testare a puterii<\/strong>.<\/p>\n<p><strong>Diametre mai mari \u0219i mai mult\u0103 putere<\/strong>pentru sisteme profesionale fiabile \u0219i durabile:<\/p>\n<ul>\n<li>Motoare de la <strong>5,5 kW<\/strong><\/li>\n<li>Conducte <strong>250 mm diametru<\/strong>cu tuburi, coliere \u0219i <strong>garnituri de \u00eenalt\u0103 temperatur\u0103<\/strong>p\u00e2n\u0103 la 1.200 \u00b0C<\/li>\n<li><strong>Mu\u0219tiucuri cu \u00eembin\u0103ri de \u00eenalt\u0103 rezisten\u021b\u0103<\/strong><\/li>\n<li><strong>C\u0103rucioare mobile<\/strong> pe ro\u021bi cu fr\u00e2ne, cu balast<\/li>\n<\/ul>\n<p><strong>Toate sistemele de extrac\u021bie pot fi furnizate ca standard sau conform specifica\u021biilor clientului.<\/strong><\/p>\n<\/div>\n<\/div>\n<\/div>","protected":false},"featured_media":902,"template":"","meta":[],"product_cat":[94],"product_tag":[112,111,113],"class_list":["post-994","product","type-product","status-publish","has-post-thumbnail","hentry","product_cat-accessori","product_tag-accessori-sala-prova-motori","product_tag-estrazione-fumi","product_tag-trattamento-gas-di-scarico"],"yoast_head":"<!-- This site is optimized with the Yoast SEO plugin v26.5 - https:\/\/yoast.com\/wordpress\/plugins\/seo\/ -->\n<title>Estrazione fumi - MOTYCS<\/title>\n<meta name=\"description\" content=\"Realizziamo sistemi di estrazione fumi, appositamente pensati e progettati per la sala prova motori o veicoli. Garantiamo efficacia e resistenza nel tempo\" \/>\n<meta name=\"robots\" content=\"index, follow, max-snippet:-1, max-image-preview:large, max-video-preview:-1\" \/>\n<link rel=\"canonical\" href=\"https:\/\/motycs.it\/ro\/product\/extragerea-fumului\/\" \/>\n<meta property=\"og:locale\" content=\"ro_RO\" \/>\n<meta property=\"og:type\" content=\"article\" \/>\n<meta property=\"og:title\" content=\"Estrazione fumi - MOTYCS\" \/>\n<meta property=\"og:description\" content=\"Realizziamo sistemi di estrazione fumi, appositamente pensati e progettati per la sala prova motori o veicoli. Garantiamo efficacia e resistenza nel tempo\" \/>\n<meta property=\"og:url\" content=\"https:\/\/motycs.it\/ro\/product\/extragerea-fumului\/\" \/>\n<meta property=\"og:site_name\" content=\"MOTYCS\" \/>\n<meta property=\"article:publisher\" content=\"https:\/\/www.facebook.com\/motycs\/\" \/>\n<meta property=\"article:modified_time\" content=\"2023-05-04T08:59:32+00:00\" \/>\n<meta property=\"og:image\" content=\"https:\/\/motycs.it\/wp-content\/uploads\/2022\/03\/WhatsApp-Image-2022-03-15-at-00.34.26-6.jpeg\" \/>\n\t<meta property=\"og:image:width\" content=\"1440\" \/>\n\t<meta property=\"og:image:height\" content=\"1440\" \/>\n\t<meta property=\"og:image:type\" content=\"image\/jpeg\" \/>\n<meta name=\"twitter:card\" content=\"summary_large_image\" \/>\n<meta name=\"twitter:label1\" content=\"Timp estimat pentru citire\" \/>\n\t<meta name=\"twitter:data1\" content=\"1 minut\" \/>\n<script type=\"application\/ld+json\" class=\"yoast-schema-graph\">{\"@context\":\"https:\/\/schema.org\",\"@graph\":[{\"@type\":\"WebPage\",\"@id\":\"https:\/\/motycs.it\/product\/estrazione-fumi\/\",\"url\":\"https:\/\/motycs.it\/product\/estrazione-fumi\/\",\"name\":\"Estrazione fumi - MOTYCS\",\"isPartOf\":{\"@id\":\"https:\/\/motycs.it\/#website\"},\"primaryImageOfPage\":{\"@id\":\"https:\/\/motycs.it\/product\/estrazione-fumi\/#primaryimage\"},\"image\":{\"@id\":\"https:\/\/motycs.it\/product\/estrazione-fumi\/#primaryimage\"},\"thumbnailUrl\":\"https:\/\/motycs.it\/wp-content\/uploads\/2022\/03\/WhatsApp-Image-2022-03-15-at-00.34.26-6.jpeg\",\"datePublished\":\"2022-03-17T17:45:16+00:00\",\"dateModified\":\"2023-05-04T08:59:32+00:00\",\"description\":\"Realizziamo sistemi di estrazione fumi, appositamente pensati e progettati per la sala prova motori o veicoli. Garantiamo efficacia e resistenza nel tempo\",\"breadcrumb\":{\"@id\":\"https:\/\/motycs.it\/product\/estrazione-fumi\/#breadcrumb\"},\"inLanguage\":\"ro-RO\",\"potentialAction\":[{\"@type\":\"ReadAction\",\"target\":[\"https:\/\/motycs.it\/product\/estrazione-fumi\/\"]}]},{\"@type\":\"ImageObject\",\"inLanguage\":\"ro-RO\",\"@id\":\"https:\/\/motycs.it\/product\/estrazione-fumi\/#primaryimage\",\"url\":\"https:\/\/motycs.it\/wp-content\/uploads\/2022\/03\/WhatsApp-Image-2022-03-15-at-00.34.26-6.jpeg\",\"contentUrl\":\"https:\/\/motycs.it\/wp-content\/uploads\/2022\/03\/WhatsApp-Image-2022-03-15-at-00.34.26-6.jpeg\",\"width\":1440,\"height\":1440,\"caption\":\"estrazione fumi e gas di scarico\"},{\"@type\":\"BreadcrumbList\",\"@id\":\"https:\/\/motycs.it\/product\/estrazione-fumi\/#breadcrumb\",\"itemListElement\":[{\"@type\":\"ListItem\",\"position\":1,\"name\":\"Home\",\"item\":\"https:\/\/motycs.it\/\"},{\"@type\":\"ListItem\",\"position\":2,\"name\":\"Shop\",\"item\":\"https:\/\/motycs.it\/shop\/\"},{\"@type\":\"ListItem\",\"position\":3,\"name\":\"Estrazione fumi\"}]},{\"@type\":\"WebSite\",\"@id\":\"https:\/\/motycs.it\/#website\",\"url\":\"https:\/\/motycs.it\/\",\"name\":\"MOTYCS\",\"description\":\"\",\"publisher\":{\"@id\":\"https:\/\/motycs.it\/#organization\"},\"potentialAction\":[{\"@type\":\"SearchAction\",\"target\":{\"@type\":\"EntryPoint\",\"urlTemplate\":\"https:\/\/motycs.it\/?s={search_term_string}\"},\"query-input\":{\"@type\":\"PropertyValueSpecification\",\"valueRequired\":true,\"valueName\":\"search_term_string\"}}],\"inLanguage\":\"ro-RO\"},{\"@type\":\"Organization\",\"@id\":\"https:\/\/motycs.it\/#organization\",\"name\":\"MOTYCS\",\"url\":\"https:\/\/motycs.it\/\",\"logo\":{\"@type\":\"ImageObject\",\"inLanguage\":\"ro-RO\",\"@id\":\"https:\/\/motycs.it\/#\/schema\/logo\/image\/\",\"url\":\"https:\/\/motycs.it\/wp-content\/uploads\/2022\/03\/orizz_bianc.jpg\",\"contentUrl\":\"https:\/\/motycs.it\/wp-content\/uploads\/2022\/03\/orizz_bianc.jpg\",\"width\":600,\"height\":159,\"caption\":\"MOTYCS\"},\"image\":{\"@id\":\"https:\/\/motycs.it\/#\/schema\/logo\/image\/\"},\"sameAs\":[\"https:\/\/www.facebook.com\/motycs\/\",\"https:\/\/www.instagram.com\/motycs.teq\/\",\"https:\/\/www.linkedin.com\/company\/motycs\/\",\"https:\/\/www.pinterest.it\/Motycsdynamometer\/\",\"https:\/\/www.youtube.com\/channel\/UCl_9nwLJn-fMI6UMZVc0tZw\"]}]}<\/script>\n<!-- \/ Yoast SEO plugin. -->","yoast_head_json":{"title":"Extrac\u021bia fumului - MOTYCS","description":"Producem sisteme de extrac\u021bie a fumului concepute special pentru sala de testare a motoarelor sau a vehiculelor. Garant\u0103m eficien\u021ba \u0219i durabilitatea","robots":{"index":"index","follow":"follow","max-snippet":"max-snippet:-1","max-image-preview":"max-image-preview:large","max-video-preview":"max-video-preview:-1"},"canonical":"https:\/\/motycs.it\/ro\/product\/extragerea-fumului\/","og_locale":"ro_RO","og_type":"article","og_title":"Estrazione fumi - MOTYCS","og_description":"Realizziamo sistemi di estrazione fumi, appositamente pensati e progettati per la sala prova motori o veicoli. Garantiamo efficacia e resistenza nel tempo","og_url":"https:\/\/motycs.it\/ro\/product\/extragerea-fumului\/","og_site_name":"MOTYCS","article_publisher":"https:\/\/www.facebook.com\/motycs\/","article_modified_time":"2023-05-04T08:59:32+00:00","og_image":[{"width":1440,"height":1440,"url":"https:\/\/motycs.it\/wp-content\/uploads\/2022\/03\/WhatsApp-Image-2022-03-15-at-00.34.26-6.jpeg","type":"image\/jpeg"}],"twitter_card":"summary_large_image","twitter_misc":{"Timp estimat pentru citire":"1 minut"},"schema":{"@context":"https:\/\/schema.org","@graph":[{"@type":"WebPage","@id":"https:\/\/motycs.it\/product\/estrazione-fumi\/","url":"https:\/\/motycs.it\/product\/estrazione-fumi\/","name":"Extrac\u021bia fumului - MOTYCS","isPartOf":{"@id":"https:\/\/motycs.it\/#website"},"primaryImageOfPage":{"@id":"https:\/\/motycs.it\/product\/estrazione-fumi\/#primaryimage"},"image":{"@id":"https:\/\/motycs.it\/product\/estrazione-fumi\/#primaryimage"},"thumbnailUrl":"https:\/\/motycs.it\/wp-content\/uploads\/2022\/03\/WhatsApp-Image-2022-03-15-at-00.34.26-6.jpeg","datePublished":"2022-03-17T17:45:16+00:00","dateModified":"2023-05-04T08:59:32+00:00","description":"Producem sisteme de extrac\u021bie a fumului concepute special pentru sala de testare a motoarelor sau a vehiculelor. Garant\u0103m eficien\u021ba \u0219i durabilitatea","breadcrumb":{"@id":"https:\/\/motycs.it\/product\/estrazione-fumi\/#breadcrumb"},"inLanguage":"ro-RO","potentialAction":[{"@type":"ReadAction","target":["https:\/\/motycs.it\/product\/estrazione-fumi\/"]}]},{"@type":"ImageObject","inLanguage":"ro-RO","@id":"https:\/\/motycs.it\/product\/estrazione-fumi\/#primaryimage","url":"https:\/\/motycs.it\/wp-content\/uploads\/2022\/03\/WhatsApp-Image-2022-03-15-at-00.34.26-6.jpeg","contentUrl":"https:\/\/motycs.it\/wp-content\/uploads\/2022\/03\/WhatsApp-Image-2022-03-15-at-00.34.26-6.jpeg","width":1440,"height":1440,"caption":"estrazione fumi e gas di scarico"},{"@type":"BreadcrumbList","@id":"https:\/\/motycs.it\/product\/estrazione-fumi\/#breadcrumb","itemListElement":[{"@type":"ListItem","position":1,"name":"Home","item":"https:\/\/motycs.it\/"},{"@type":"ListItem","position":2,"name":"Shop","item":"https:\/\/motycs.it\/shop\/"},{"@type":"ListItem","position":3,"name":"Estrazione fumi"}]},{"@type":"WebSite","@id":"https:\/\/motycs.it\/#website","url":"https:\/\/motycs.it\/","name":"MOTYCS","description":"","publisher":{"@id":"https:\/\/motycs.it\/#organization"},"potentialAction":[{"@type":"SearchAction","target":{"@type":"EntryPoint","urlTemplate":"https:\/\/motycs.it\/?s={search_term_string}"},"query-input":{"@type":"PropertyValueSpecification","valueRequired":true,"valueName":"search_term_string"}}],"inLanguage":"ro-RO"},{"@type":"Organization","@id":"https:\/\/motycs.it\/#organization","name":"MOTYCS","url":"https:\/\/motycs.it\/","logo":{"@type":"ImageObject","inLanguage":"ro-RO","@id":"https:\/\/motycs.it\/#\/schema\/logo\/image\/","url":"https:\/\/motycs.it\/wp-content\/uploads\/2022\/03\/orizz_bianc.jpg","contentUrl":"https:\/\/motycs.it\/wp-content\/uploads\/2022\/03\/orizz_bianc.jpg","width":600,"height":159,"caption":"MOTYCS"},"image":{"@id":"https:\/\/motycs.it\/#\/schema\/logo\/image\/"},"sameAs":["https:\/\/www.facebook.com\/motycs\/","https:\/\/www.instagram.com\/motycs.teq\/","https:\/\/www.linkedin.com\/company\/motycs\/","https:\/\/www.pinterest.it\/Motycsdynamometer\/","https:\/\/www.youtube.com\/channel\/UCl_9nwLJn-fMI6UMZVc0tZw"]}]}},"_links":{"self":[{"href":"https:\/\/motycs.it\/ro\/wp-json\/wp\/v2\/product\/994","targetHints":{"allow":["GET"]}}],"collection":[{"href":"https:\/\/motycs.it\/ro\/wp-json\/wp\/v2\/product"}],"about":[{"href":"https:\/\/motycs.it\/ro\/wp-json\/wp\/v2\/types\/product"}],"wp:featuredmedia":[{"embeddable":true,"href":"https:\/\/motycs.it\/ro\/wp-json\/wp\/v2\/media\/902"}],"wp:attachment":[{"href":"https:\/\/motycs.it\/ro\/wp-json\/wp\/v2\/media?parent=994"}],"wp:term":[{"taxonomy":"product_cat","embeddable":true,"href":"https:\/\/motycs.it\/ro\/wp-json\/wp\/v2\/product_cat?post=994"},{"taxonomy":"product_tag","embeddable":true,"href":"https:\/\/motycs.it\/ro\/wp-json\/wp\/v2\/product_tag?post=994"}],"curies":[{"name":"wp","href":"https:\/\/api.w.org\/{rel}","templated":true}]}}