{"id":993,"date":"2022-03-17T18:44:36","date_gmt":"2022-03-17T17:44:36","guid":{"rendered":"https:\/\/motycs.it\/?post_type=product&#038;p=993"},"modified":"2023-05-04T10:41:31","modified_gmt":"2023-05-04T08:41:31","slug":"ventilazione","status":"publish","type":"product","link":"https:\/\/motycs.it\/ro\/product\/ventilatie\/","title":{"rendered":"Ventila\u021bie"},"content":{"rendered":"<p>Toate sistemele de ventila\u021bie a motoarelor pentru bancurile de testare a puterii func\u021bioneaz\u0103 la 380V.<\/p>\n<p><strong>Conceput \u0219i proiectat pentru diferite domenii de aplicare<\/strong>de la diagnosticarea vehiculelor \u00een atelier p\u00e2n\u0103 la lumea omolog\u0103rii motoarelor pentru a respecta reglement\u0103rile specifice.<\/p>\n<p>Tehnicienii no\u0219tri v\u0103 vor \u00eendruma \u00een alegerea celei mai bune solu\u021bii <strong><a href=\"mailto:info@motycs.it\">info@motycs.it<\/a><\/strong><\/p>\n<h6>INSIGHTS<\/h6>\n<ul>\n<li><strong><a href=\"https:\/\/motycs.it\/ro\/concepte-de-baza-sasiu-banc-de-incercare-dyno\/\">Descoperi\u021bi conceptele de baz\u0103 ale bancurilor de testare a motoarelor \u0219i rolelor<\/a><\/strong><\/li>\n<li><strong><a href=\"https:\/\/motycs.it\/ro\/bancuri-de-testare-4wd\/\">Avantajele bancurilor de testare a puterii axei conectate 4WD<\/a><\/strong><\/li>\n<li><strong><a href=\"https:\/\/motycs.it\/ro\/bancuri-de-testare-putere-biroll-cu-singura-rola\/\">Bancuri de testare MONO-roller \u0219i BI-roller<\/a><\/strong><\/li>\n<li><a href=\"https:\/\/motycs.it\/ro\/putere-disipata-bancuri-proof\/\"><strong>Disiparea de putere<\/strong><\/a><\/li>\n<\/ul>\n<p>&nbsp;<\/p>","protected":false},"excerpt":{"rendered":"<p><strong>Proiect\u0103m \u0219i construim sisteme de ventila\u021bie \u0219i de r\u0103cire a motoarelor,<\/strong> concepute pentru a genera un curent de aer (la vitez\u0103 constant\u0103 sau variabil\u0103) cu un debit mare, care s\u0103 fie direc\u021bionat c\u0103tre radiatorul de r\u0103cire frontal al vehiculului, \u00een timp ce func\u021bioneaz\u0103 pe bancul de \u00eencercare cu role.<\/p>\n<p>Astfel \u00eenc\u00e2t s\u0103 permit\u0103 <strong>disiparea adecvat\u0103 a c\u0103ldurii<\/strong> \u0219i, prin urmare, desf\u0103\u0219urarea \u00een siguran\u021b\u0103 a testelor de putere sau a simul\u0103rilor rutiere (men\u021bin\u00e2nd \u00een acela\u0219i timp sub control temperaturile de func\u021bionare a vehiculului).<\/p>\n<p><strong>Toate sistemele de ventilatoare pot fi controlate de bancul de testare \u0219i de sistemele noastre de control \u0219i achizi\u021bie;<\/strong> de asemenea, cu control propor\u021bional al vitezei (cu cea a vehiculului de pe banca de rulmen\u021bi).<\/p>\n<p>Sunt disponibile diverse versiuni \u0219i configura\u021bii pentru a satisface orice nevoie:<\/p>\n<ul>\n<li>Modele cu un singur ventilator cu debit redus (15.000 sau 25.000 m3\/h)<\/li>\n<li>Modele cu un singur ventilator cu debit mare (30.000 sau 50.000 m3\/h)<\/li>\n<li>Putere instalat\u0103: 2,2 p\u00e2n\u0103 la 11 kW<\/li>\n<li>Duze conice cu ie\u0219ire dreptunghiular\u0103 (L 600 x H 400 mm)<\/li>\n<li>Op\u021bional: tura\u021bie reglabil\u0103 (invertor de control), de asemenea \u00een modul de tura\u021bie propor\u021bional\u0103<\/li>\n<li>Op\u021bional: c\u0103rucior de sus\u021binere cu \u00een\u0103l\u021bime reglabil\u0103 pe ro\u021bi cu fr\u00e2n\u0103<\/li>\n<li>Op\u021bional: duz\u0103 cu redresor de debit \u0219i suport retractabil pentru controlul debitului sub ma\u0219in\u0103<\/li>\n<\/ul>","protected":false},"featured_media":1098,"template":"","meta":[],"product_cat":[94],"product_tag":[110,109],"class_list":["post-993","product","type-product","status-publish","has-post-thumbnail","hentry","product_cat-accessori","product_tag-raffreddamento-motore","product_tag-sistemi-di-ventilazione"],"yoast_head":"<!-- This site is optimized with the Yoast SEO plugin v26.5 - https:\/\/yoast.com\/wordpress\/plugins\/seo\/ -->\n<title>Ventilazione - MOTYCS<\/title>\n<meta name=\"description\" content=\"Sistemi di ventilazione e raffreddamento motore per sale prova motori e veicoli. Specificatamente realizzati per i diversi ambiti normativi\" \/>\n<meta name=\"robots\" content=\"index, follow, max-snippet:-1, max-image-preview:large, max-video-preview:-1\" \/>\n<link rel=\"canonical\" href=\"https:\/\/motycs.it\/ro\/product\/ventilatie\/\" \/>\n<meta property=\"og:locale\" content=\"ro_RO\" \/>\n<meta property=\"og:type\" content=\"article\" \/>\n<meta property=\"og:title\" content=\"Ventilazione - MOTYCS\" \/>\n<meta property=\"og:description\" content=\"Sistemi di ventilazione e raffreddamento motore per sale prova motori e veicoli. Specificatamente realizzati per i diversi ambiti normativi\" \/>\n<meta property=\"og:url\" content=\"https:\/\/motycs.it\/ro\/product\/ventilatie\/\" \/>\n<meta property=\"og:site_name\" content=\"MOTYCS\" \/>\n<meta property=\"article:publisher\" content=\"https:\/\/www.facebook.com\/motycs\/\" \/>\n<meta property=\"article:modified_time\" content=\"2023-05-04T08:41:31+00:00\" \/>\n<meta property=\"og:image\" content=\"https:\/\/motycs.it\/wp-content\/uploads\/2022\/03\/h0634hd6.jpg\" \/>\n\t<meta property=\"og:image:width\" content=\"853\" \/>\n\t<meta property=\"og:image:height\" content=\"640\" \/>\n\t<meta property=\"og:image:type\" content=\"image\/jpeg\" \/>\n<meta name=\"twitter:card\" content=\"summary_large_image\" \/>\n<meta name=\"twitter:label1\" content=\"Timp estimat pentru citire\" \/>\n\t<meta name=\"twitter:data1\" content=\"1 minut\" \/>\n<script type=\"application\/ld+json\" class=\"yoast-schema-graph\">{\"@context\":\"https:\/\/schema.org\",\"@graph\":[{\"@type\":\"WebPage\",\"@id\":\"https:\/\/motycs.it\/product\/ventilazione\/\",\"url\":\"https:\/\/motycs.it\/product\/ventilazione\/\",\"name\":\"Ventilazione - MOTYCS\",\"isPartOf\":{\"@id\":\"https:\/\/motycs.it\/#website\"},\"primaryImageOfPage\":{\"@id\":\"https:\/\/motycs.it\/product\/ventilazione\/#primaryimage\"},\"image\":{\"@id\":\"https:\/\/motycs.it\/product\/ventilazione\/#primaryimage\"},\"thumbnailUrl\":\"https:\/\/motycs.it\/wp-content\/uploads\/2022\/03\/h0634hd6.jpg\",\"datePublished\":\"2022-03-17T17:44:36+00:00\",\"dateModified\":\"2023-05-04T08:41:31+00:00\",\"description\":\"Sistemi di ventilazione e raffreddamento motore per sale prova motori e veicoli. Specificatamente realizzati per i diversi ambiti normativi\",\"breadcrumb\":{\"@id\":\"https:\/\/motycs.it\/product\/ventilazione\/#breadcrumb\"},\"inLanguage\":\"ro-RO\",\"potentialAction\":[{\"@type\":\"ReadAction\",\"target\":[\"https:\/\/motycs.it\/product\/ventilazione\/\"]}]},{\"@type\":\"ImageObject\",\"inLanguage\":\"ro-RO\",\"@id\":\"https:\/\/motycs.it\/product\/ventilazione\/#primaryimage\",\"url\":\"https:\/\/motycs.it\/wp-content\/uploads\/2022\/03\/h0634hd6.jpg\",\"contentUrl\":\"https:\/\/motycs.it\/wp-content\/uploads\/2022\/03\/h0634hd6.jpg\",\"width\":853,\"height\":640,\"caption\":\"dyno fan motycs\"},{\"@type\":\"BreadcrumbList\",\"@id\":\"https:\/\/motycs.it\/product\/ventilazione\/#breadcrumb\",\"itemListElement\":[{\"@type\":\"ListItem\",\"position\":1,\"name\":\"Home\",\"item\":\"https:\/\/motycs.it\/\"},{\"@type\":\"ListItem\",\"position\":2,\"name\":\"Shop\",\"item\":\"https:\/\/motycs.it\/shop\/\"},{\"@type\":\"ListItem\",\"position\":3,\"name\":\"Ventilazione\"}]},{\"@type\":\"WebSite\",\"@id\":\"https:\/\/motycs.it\/#website\",\"url\":\"https:\/\/motycs.it\/\",\"name\":\"MOTYCS\",\"description\":\"\",\"publisher\":{\"@id\":\"https:\/\/motycs.it\/#organization\"},\"potentialAction\":[{\"@type\":\"SearchAction\",\"target\":{\"@type\":\"EntryPoint\",\"urlTemplate\":\"https:\/\/motycs.it\/?s={search_term_string}\"},\"query-input\":{\"@type\":\"PropertyValueSpecification\",\"valueRequired\":true,\"valueName\":\"search_term_string\"}}],\"inLanguage\":\"ro-RO\"},{\"@type\":\"Organization\",\"@id\":\"https:\/\/motycs.it\/#organization\",\"name\":\"MOTYCS\",\"url\":\"https:\/\/motycs.it\/\",\"logo\":{\"@type\":\"ImageObject\",\"inLanguage\":\"ro-RO\",\"@id\":\"https:\/\/motycs.it\/#\/schema\/logo\/image\/\",\"url\":\"https:\/\/motycs.it\/wp-content\/uploads\/2022\/03\/orizz_bianc.jpg\",\"contentUrl\":\"https:\/\/motycs.it\/wp-content\/uploads\/2022\/03\/orizz_bianc.jpg\",\"width\":600,\"height\":159,\"caption\":\"MOTYCS\"},\"image\":{\"@id\":\"https:\/\/motycs.it\/#\/schema\/logo\/image\/\"},\"sameAs\":[\"https:\/\/www.facebook.com\/motycs\/\",\"https:\/\/www.instagram.com\/motycs.teq\/\",\"https:\/\/www.linkedin.com\/company\/motycs\/\",\"https:\/\/www.pinterest.it\/Motycsdynamometer\/\",\"https:\/\/www.youtube.com\/channel\/UCl_9nwLJn-fMI6UMZVc0tZw\"]}]}<\/script>\n<!-- \/ Yoast SEO plugin. -->","yoast_head_json":{"title":"Ventila\u021bie - MOTYCS","description":"Sisteme de ventila\u021bie \u0219i de r\u0103cire a motoarelor pentru s\u0103lile de testare a motoarelor \u0219i vehiculelor. Fabricate special pentru diferite","robots":{"index":"index","follow":"follow","max-snippet":"max-snippet:-1","max-image-preview":"max-image-preview:large","max-video-preview":"max-video-preview:-1"},"canonical":"https:\/\/motycs.it\/ro\/product\/ventilatie\/","og_locale":"ro_RO","og_type":"article","og_title":"Ventilazione - MOTYCS","og_description":"Sistemi di ventilazione e raffreddamento motore per sale prova motori e veicoli. Specificatamente realizzati per i diversi ambiti normativi","og_url":"https:\/\/motycs.it\/ro\/product\/ventilatie\/","og_site_name":"MOTYCS","article_publisher":"https:\/\/www.facebook.com\/motycs\/","article_modified_time":"2023-05-04T08:41:31+00:00","og_image":[{"width":853,"height":640,"url":"https:\/\/motycs.it\/wp-content\/uploads\/2022\/03\/h0634hd6.jpg","type":"image\/jpeg"}],"twitter_card":"summary_large_image","twitter_misc":{"Timp estimat pentru citire":"1 minut"},"schema":{"@context":"https:\/\/schema.org","@graph":[{"@type":"WebPage","@id":"https:\/\/motycs.it\/product\/ventilazione\/","url":"https:\/\/motycs.it\/product\/ventilazione\/","name":"Ventila\u021bie - MOTYCS","isPartOf":{"@id":"https:\/\/motycs.it\/#website"},"primaryImageOfPage":{"@id":"https:\/\/motycs.it\/product\/ventilazione\/#primaryimage"},"image":{"@id":"https:\/\/motycs.it\/product\/ventilazione\/#primaryimage"},"thumbnailUrl":"https:\/\/motycs.it\/wp-content\/uploads\/2022\/03\/h0634hd6.jpg","datePublished":"2022-03-17T17:44:36+00:00","dateModified":"2023-05-04T08:41:31+00:00","description":"Sisteme de ventila\u021bie \u0219i de r\u0103cire a motoarelor pentru s\u0103lile de testare a motoarelor \u0219i vehiculelor. Fabricate special pentru diferite","breadcrumb":{"@id":"https:\/\/motycs.it\/product\/ventilazione\/#breadcrumb"},"inLanguage":"ro-RO","potentialAction":[{"@type":"ReadAction","target":["https:\/\/motycs.it\/product\/ventilazione\/"]}]},{"@type":"ImageObject","inLanguage":"ro-RO","@id":"https:\/\/motycs.it\/product\/ventilazione\/#primaryimage","url":"https:\/\/motycs.it\/wp-content\/uploads\/2022\/03\/h0634hd6.jpg","contentUrl":"https:\/\/motycs.it\/wp-content\/uploads\/2022\/03\/h0634hd6.jpg","width":853,"height":640,"caption":"dyno fan motycs"},{"@type":"BreadcrumbList","@id":"https:\/\/motycs.it\/product\/ventilazione\/#breadcrumb","itemListElement":[{"@type":"ListItem","position":1,"name":"Home","item":"https:\/\/motycs.it\/"},{"@type":"ListItem","position":2,"name":"Shop","item":"https:\/\/motycs.it\/shop\/"},{"@type":"ListItem","position":3,"name":"Ventilazione"}]},{"@type":"WebSite","@id":"https:\/\/motycs.it\/#website","url":"https:\/\/motycs.it\/","name":"MOTYCS","description":"","publisher":{"@id":"https:\/\/motycs.it\/#organization"},"potentialAction":[{"@type":"SearchAction","target":{"@type":"EntryPoint","urlTemplate":"https:\/\/motycs.it\/?s={search_term_string}"},"query-input":{"@type":"PropertyValueSpecification","valueRequired":true,"valueName":"search_term_string"}}],"inLanguage":"ro-RO"},{"@type":"Organization","@id":"https:\/\/motycs.it\/#organization","name":"MOTYCS","url":"https:\/\/motycs.it\/","logo":{"@type":"ImageObject","inLanguage":"ro-RO","@id":"https:\/\/motycs.it\/#\/schema\/logo\/image\/","url":"https:\/\/motycs.it\/wp-content\/uploads\/2022\/03\/orizz_bianc.jpg","contentUrl":"https:\/\/motycs.it\/wp-content\/uploads\/2022\/03\/orizz_bianc.jpg","width":600,"height":159,"caption":"MOTYCS"},"image":{"@id":"https:\/\/motycs.it\/#\/schema\/logo\/image\/"},"sameAs":["https:\/\/www.facebook.com\/motycs\/","https:\/\/www.instagram.com\/motycs.teq\/","https:\/\/www.linkedin.com\/company\/motycs\/","https:\/\/www.pinterest.it\/Motycsdynamometer\/","https:\/\/www.youtube.com\/channel\/UCl_9nwLJn-fMI6UMZVc0tZw"]}]}},"_links":{"self":[{"href":"https:\/\/motycs.it\/ro\/wp-json\/wp\/v2\/product\/993","targetHints":{"allow":["GET"]}}],"collection":[{"href":"https:\/\/motycs.it\/ro\/wp-json\/wp\/v2\/product"}],"about":[{"href":"https:\/\/motycs.it\/ro\/wp-json\/wp\/v2\/types\/product"}],"wp:featuredmedia":[{"embeddable":true,"href":"https:\/\/motycs.it\/ro\/wp-json\/wp\/v2\/media\/1098"}],"wp:attachment":[{"href":"https:\/\/motycs.it\/ro\/wp-json\/wp\/v2\/media?parent=993"}],"wp:term":[{"taxonomy":"product_cat","embeddable":true,"href":"https:\/\/motycs.it\/ro\/wp-json\/wp\/v2\/product_cat?post=993"},{"taxonomy":"product_tag","embeddable":true,"href":"https:\/\/motycs.it\/ro\/wp-json\/wp\/v2\/product_tag?post=993"}],"curies":[{"name":"wp","href":"https:\/\/api.w.org\/{rel}","templated":true}]}}