{"id":989,"date":"2022-03-17T18:39:40","date_gmt":"2022-03-17T17:39:40","guid":{"rendered":"https:\/\/motycs.it\/?post_type=product&#038;p=989"},"modified":"2024-06-29T22:41:05","modified_gmt":"2024-06-29T20:41:05","slug":"banchi-prova-motore","status":"publish","type":"product","link":"https:\/\/motycs.it\/ro\/product\/banci-de-omologare\/","title":{"rendered":"Bancuri de testare a motoarelor"},"content":{"rendered":"<div class=\"page\" title=\"Pagina 7\">\n<div class=\"section\">\n<div class=\"layoutArea\">\n<div class=\"column\">\n<p>FUNC\u021aIONALITATEA SISTEMULUI NOSTRU DE CONTROL AL OMOLOG\u0102RII<\/p>\n<ul>\n<li><strong>gestionarea PID a fr\u00e2nei<\/strong> (tura\u021bii, cuplu, procentaj) feedback \u00een 3ms cu predictor<\/li>\n<li><strong>managementul PID al accelera\u021biei<\/strong> (tura\u021bii, cuplu, procent) feedback \u00een 3 ms cu predictor<\/li>\n<li><strong>Managementul temperaturii PID<\/strong> (ap\u0103, ulei, admisie de aer, mediu)<\/li>\n<li><strong>Gestionarea presiunii PID<\/strong> (de asemenea, admisie \u0219i evacuare)<\/li>\n<li>managementul comunic\u0103rii prin <strong>bus CAN dublu<\/strong> (calculatoare, senzori, ...)<\/li>\n<li><strong>gestionarea alarmelor<\/strong> at\u00e2t mediul \u00eenconjur\u0103tor, c\u00e2t \u0219i unitatea testat\u0103<\/li>\n<li><strong>modularitate<\/strong> pentru diferite aplica\u021bii<\/li>\n<li><strong>executarea de profiluri dinamice<\/strong> pentru ciclurile de omologare de tip de banc<\/li>\n<li><strong>interfa\u021bare<\/strong> la programele de supraveghere<\/li>\n<li><strong>autonomie \u00een personalizarea aplica\u021biilor<\/strong> (p\u0103strarea know-how-ului)<\/li>\n<li>configura\u021bii hardware\/software scalabile<\/li>\n<li>buget \u00eembun\u0103t\u0103\u021bit prin m\u0103suri progresive<\/li>\n<\/ul>\n<\/div>\n<\/div>\n<\/div>\n<\/div>","protected":false},"excerpt":{"rendered":"<p><strong>BANCURI DE TESTARE A PUTERII MOTOARELOR CU CUREN\u021aI TURBIONARI<\/strong><\/p>\n<p>Noi proiect\u0103m \u0219i implement\u0103m <strong>bancuri de testare a motoarelor \u0219i sisteme de control \u0219i achizi\u021bie de date, pentru camere de testare pentru diagnosticare \u0219i motorsport<\/strong>.<\/p>\n<p>Domenii \u00een care coexist\u0103 nevoi diferite, de la <strong>un sistem de control \u0219i achizi\u021bie simplu \u0219i intuitiv<\/strong>, <strong>potrivit pentru aplica\u021bii de diagnosticare \u0219i motorsport<\/strong>contextelor \u00een care un <strong>integrare profund\u0103 \u00een func\u021bie de nevoile clien\u021bilor, \u00een ceea ce prive\u0219te achizi\u021bia \u0219i gestionarea datelor, viz\u00e2nd, de asemenea, integrarea proceselor<\/strong>.<\/p>\n<p>Avem mai multe sisteme de control \u0219i achizi\u021bie:<\/p>\n<ul>\n<li><strong>Sisteme de control \u0219i achizi\u021bie a produc\u021biei <a href=\"https:\/\/motycs.it\/ro\/product\/testarea-puterii\/\">SPORT DEVICES<\/a>, <\/strong>pentru aplica\u021bii de diagnosticare \u0219i motorsport.<\/li>\n<li>Sisteme de control \u0219i achizi\u021bie pe <strong>Tehnologie National Instruments, platform\u0103 Compact-RIO.<\/strong> De asemenea, sistemul nostru de control \u0219i achizi\u021bie se preteaz\u0103 perfect la <strong><a href=\"https:\/\/motycs.it\/ro\/product\/omologative\/\">recondi\u021bionarea camerelor de testare existente<\/a><\/strong>. <strong>Ast\u0103zi este folosit \u00een mai multe realit\u0103\u021bi importante la nivel na\u021bional<\/strong>, este deja <strong>recunoscut de organismele relevante ca sistem de achizi\u021bie pentru procesele de omologare <\/strong>la <strong><a href=\"https:\/\/motycs.it\/ro\/sisteme-homologhe\/\">diferite industrii.<\/a><\/strong>.<\/li>\n<\/ul>\n<p><strong>PERSONALIZ\u0102RI<\/strong><br \/>\nFiecare aspect din partea software-ului poate fi personalizat, Sistemul <strong>poate fi aplicat la orice tip de banc de \u00eencercare, fie c\u0103 este vorba de un banc de \u00eencercare a motoarelor sau de un banc de \u00eencercare a rolelor.<\/strong>. Toate bancurile noastre de testare \u0219i sistemele de control pot beneficia de <strong>beneficiile legisla\u021biei privind industria 4.0<\/strong>. De asemenea, putem furniza un raport de expertiz\u0103 sub jur\u0103m\u00e2nt pentru a sus\u021bine procesarea corect\u0103 \u0219i optim\u0103 a documentelor.<\/p>\n<p>Descoperi\u021bi <a href=\"https:\/\/motycs.it\/ro\/sisteme-homologhe\/\"><strong>alte caracteristici \u0219i domenii de aplicare<\/strong><\/a><\/p>","protected":false},"featured_media":1266,"template":"","meta":[],"product_cat":[93],"product_tag":[92],"class_list":["post-989","product","type-product","status-publish","has-post-thumbnail","hentry","product_cat-banchi-prova-potenza","product_tag-prova-potenza-banco-2wd"],"yoast_head":"<!-- This site is optimized with the Yoast SEO plugin v26.5 - https:\/\/yoast.com\/wordpress\/plugins\/seo\/ -->\n<title>banchi prova motore<\/title>\n<meta name=\"description\" content=\"Progettiamo e forniamo banchi prova motore per i settori motorsport ed omologativo. . Contattaci per maggiori informazioni\" \/>\n<meta name=\"robots\" content=\"index, follow, max-snippet:-1, max-image-preview:large, max-video-preview:-1\" \/>\n<link rel=\"canonical\" href=\"https:\/\/motycs.it\/ro\/product\/banci-de-omologare\/\" \/>\n<meta property=\"og:locale\" content=\"ro_RO\" \/>\n<meta property=\"og:type\" content=\"article\" \/>\n<meta property=\"og:title\" content=\"banchi prova motore\" \/>\n<meta property=\"og:description\" content=\"Progettiamo e forniamo banchi prova motore per i settori motorsport ed omologativo. . Contattaci per maggiori informazioni\" \/>\n<meta property=\"og:url\" content=\"https:\/\/motycs.it\/ro\/product\/banci-de-omologare\/\" \/>\n<meta property=\"og:site_name\" content=\"MOTYCS\" \/>\n<meta property=\"article:publisher\" content=\"https:\/\/www.facebook.com\/motycs\/\" \/>\n<meta property=\"article:modified_time\" content=\"2024-06-29T20:41:05+00:00\" \/>\n<meta property=\"og:image\" content=\"https:\/\/motycs.it\/wp-content\/uploads\/2022\/08\/engine-banco-prova-motore-motycs.jpg\" \/>\n\t<meta property=\"og:image:width\" content=\"800\" \/>\n\t<meta property=\"og:image:height\" content=\"800\" \/>\n\t<meta property=\"og:image:type\" content=\"image\/jpeg\" \/>\n<meta name=\"twitter:card\" content=\"summary_large_image\" \/>\n<meta name=\"twitter:label1\" content=\"Timp estimat pentru citire\" \/>\n\t<meta name=\"twitter:data1\" content=\"1 minut\" \/>\n<script type=\"application\/ld+json\" class=\"yoast-schema-graph\">{\"@context\":\"https:\/\/schema.org\",\"@graph\":[{\"@type\":\"WebPage\",\"@id\":\"https:\/\/motycs.it\/product\/banchi-prova-motore\/\",\"url\":\"https:\/\/motycs.it\/product\/banchi-prova-motore\/\",\"name\":\"banchi prova motore\",\"isPartOf\":{\"@id\":\"https:\/\/motycs.it\/#website\"},\"primaryImageOfPage\":{\"@id\":\"https:\/\/motycs.it\/product\/banchi-prova-motore\/#primaryimage\"},\"image\":{\"@id\":\"https:\/\/motycs.it\/product\/banchi-prova-motore\/#primaryimage\"},\"thumbnailUrl\":\"https:\/\/motycs.it\/wp-content\/uploads\/2022\/08\/engine-banco-prova-motore-motycs.jpg\",\"datePublished\":\"2022-03-17T17:39:40+00:00\",\"dateModified\":\"2024-06-29T20:41:05+00:00\",\"description\":\"Progettiamo e forniamo banchi prova motore per i settori motorsport ed omologativo. . Contattaci per maggiori informazioni\",\"breadcrumb\":{\"@id\":\"https:\/\/motycs.it\/product\/banchi-prova-motore\/#breadcrumb\"},\"inLanguage\":\"ro-RO\",\"potentialAction\":[{\"@type\":\"ReadAction\",\"target\":[\"https:\/\/motycs.it\/product\/banchi-prova-motore\/\"]}]},{\"@type\":\"ImageObject\",\"inLanguage\":\"ro-RO\",\"@id\":\"https:\/\/motycs.it\/product\/banchi-prova-motore\/#primaryimage\",\"url\":\"https:\/\/motycs.it\/wp-content\/uploads\/2022\/08\/engine-banco-prova-motore-motycs.jpg\",\"contentUrl\":\"https:\/\/motycs.it\/wp-content\/uploads\/2022\/08\/engine-banco-prova-motore-motycs.jpg\",\"width\":800,\"height\":800,\"caption\":\"Il nostro banco prova motori\"},{\"@type\":\"BreadcrumbList\",\"@id\":\"https:\/\/motycs.it\/product\/banchi-prova-motore\/#breadcrumb\",\"itemListElement\":[{\"@type\":\"ListItem\",\"position\":1,\"name\":\"Home\",\"item\":\"https:\/\/motycs.it\/\"},{\"@type\":\"ListItem\",\"position\":2,\"name\":\"Shop\",\"item\":\"https:\/\/motycs.it\/shop\/\"},{\"@type\":\"ListItem\",\"position\":3,\"name\":\"Banchi prova motore\"}]},{\"@type\":\"WebSite\",\"@id\":\"https:\/\/motycs.it\/#website\",\"url\":\"https:\/\/motycs.it\/\",\"name\":\"MOTYCS\",\"description\":\"\",\"publisher\":{\"@id\":\"https:\/\/motycs.it\/#organization\"},\"potentialAction\":[{\"@type\":\"SearchAction\",\"target\":{\"@type\":\"EntryPoint\",\"urlTemplate\":\"https:\/\/motycs.it\/?s={search_term_string}\"},\"query-input\":{\"@type\":\"PropertyValueSpecification\",\"valueRequired\":true,\"valueName\":\"search_term_string\"}}],\"inLanguage\":\"ro-RO\"},{\"@type\":\"Organization\",\"@id\":\"https:\/\/motycs.it\/#organization\",\"name\":\"MOTYCS\",\"url\":\"https:\/\/motycs.it\/\",\"logo\":{\"@type\":\"ImageObject\",\"inLanguage\":\"ro-RO\",\"@id\":\"https:\/\/motycs.it\/#\/schema\/logo\/image\/\",\"url\":\"https:\/\/motycs.it\/wp-content\/uploads\/2022\/03\/orizz_bianc.jpg\",\"contentUrl\":\"https:\/\/motycs.it\/wp-content\/uploads\/2022\/03\/orizz_bianc.jpg\",\"width\":600,\"height\":159,\"caption\":\"MOTYCS\"},\"image\":{\"@id\":\"https:\/\/motycs.it\/#\/schema\/logo\/image\/\"},\"sameAs\":[\"https:\/\/www.facebook.com\/motycs\/\",\"https:\/\/www.instagram.com\/motycs.teq\/\",\"https:\/\/www.linkedin.com\/company\/motycs\/\",\"https:\/\/www.pinterest.it\/Motycsdynamometer\/\",\"https:\/\/www.youtube.com\/channel\/UCl_9nwLJn-fMI6UMZVc0tZw\"]}]}<\/script>\n<!-- \/ Yoast SEO plugin. -->","yoast_head_json":{"title":"bancuri de \u00eencercare a motoarelor","description":"Noi proiect\u0103m \u0219i furniz\u0103m bancuri de testare a motoarelor pentru sectoarele motorsport \u0219i omologare. . Contacta\u021bi-ne pentru mai multe informa\u021bii","robots":{"index":"index","follow":"follow","max-snippet":"max-snippet:-1","max-image-preview":"max-image-preview:large","max-video-preview":"max-video-preview:-1"},"canonical":"https:\/\/motycs.it\/ro\/product\/banci-de-omologare\/","og_locale":"ro_RO","og_type":"article","og_title":"banchi prova motore","og_description":"Progettiamo e forniamo banchi prova motore per i settori motorsport ed omologativo. . Contattaci per maggiori informazioni","og_url":"https:\/\/motycs.it\/ro\/product\/banci-de-omologare\/","og_site_name":"MOTYCS","article_publisher":"https:\/\/www.facebook.com\/motycs\/","article_modified_time":"2024-06-29T20:41:05+00:00","og_image":[{"width":800,"height":800,"url":"https:\/\/motycs.it\/wp-content\/uploads\/2022\/08\/engine-banco-prova-motore-motycs.jpg","type":"image\/jpeg"}],"twitter_card":"summary_large_image","twitter_misc":{"Timp estimat pentru citire":"1 minut"},"schema":{"@context":"https:\/\/schema.org","@graph":[{"@type":"WebPage","@id":"https:\/\/motycs.it\/product\/banchi-prova-motore\/","url":"https:\/\/motycs.it\/product\/banchi-prova-motore\/","name":"bancuri de \u00eencercare a motoarelor","isPartOf":{"@id":"https:\/\/motycs.it\/#website"},"primaryImageOfPage":{"@id":"https:\/\/motycs.it\/product\/banchi-prova-motore\/#primaryimage"},"image":{"@id":"https:\/\/motycs.it\/product\/banchi-prova-motore\/#primaryimage"},"thumbnailUrl":"https:\/\/motycs.it\/wp-content\/uploads\/2022\/08\/engine-banco-prova-motore-motycs.jpg","datePublished":"2022-03-17T17:39:40+00:00","dateModified":"2024-06-29T20:41:05+00:00","description":"Noi proiect\u0103m \u0219i furniz\u0103m bancuri de testare a motoarelor pentru sectoarele motorsport \u0219i omologare. . Contacta\u021bi-ne pentru mai multe informa\u021bii","breadcrumb":{"@id":"https:\/\/motycs.it\/product\/banchi-prova-motore\/#breadcrumb"},"inLanguage":"ro-RO","potentialAction":[{"@type":"ReadAction","target":["https:\/\/motycs.it\/product\/banchi-prova-motore\/"]}]},{"@type":"ImageObject","inLanguage":"ro-RO","@id":"https:\/\/motycs.it\/product\/banchi-prova-motore\/#primaryimage","url":"https:\/\/motycs.it\/wp-content\/uploads\/2022\/08\/engine-banco-prova-motore-motycs.jpg","contentUrl":"https:\/\/motycs.it\/wp-content\/uploads\/2022\/08\/engine-banco-prova-motore-motycs.jpg","width":800,"height":800,"caption":"Il nostro banco prova motori"},{"@type":"BreadcrumbList","@id":"https:\/\/motycs.it\/product\/banchi-prova-motore\/#breadcrumb","itemListElement":[{"@type":"ListItem","position":1,"name":"Home","item":"https:\/\/motycs.it\/"},{"@type":"ListItem","position":2,"name":"Shop","item":"https:\/\/motycs.it\/shop\/"},{"@type":"ListItem","position":3,"name":"Banchi prova motore"}]},{"@type":"WebSite","@id":"https:\/\/motycs.it\/#website","url":"https:\/\/motycs.it\/","name":"MOTYCS","description":"","publisher":{"@id":"https:\/\/motycs.it\/#organization"},"potentialAction":[{"@type":"SearchAction","target":{"@type":"EntryPoint","urlTemplate":"https:\/\/motycs.it\/?s={search_term_string}"},"query-input":{"@type":"PropertyValueSpecification","valueRequired":true,"valueName":"search_term_string"}}],"inLanguage":"ro-RO"},{"@type":"Organization","@id":"https:\/\/motycs.it\/#organization","name":"MOTYCS","url":"https:\/\/motycs.it\/","logo":{"@type":"ImageObject","inLanguage":"ro-RO","@id":"https:\/\/motycs.it\/#\/schema\/logo\/image\/","url":"https:\/\/motycs.it\/wp-content\/uploads\/2022\/03\/orizz_bianc.jpg","contentUrl":"https:\/\/motycs.it\/wp-content\/uploads\/2022\/03\/orizz_bianc.jpg","width":600,"height":159,"caption":"MOTYCS"},"image":{"@id":"https:\/\/motycs.it\/#\/schema\/logo\/image\/"},"sameAs":["https:\/\/www.facebook.com\/motycs\/","https:\/\/www.instagram.com\/motycs.teq\/","https:\/\/www.linkedin.com\/company\/motycs\/","https:\/\/www.pinterest.it\/Motycsdynamometer\/","https:\/\/www.youtube.com\/channel\/UCl_9nwLJn-fMI6UMZVc0tZw"]}]}},"_links":{"self":[{"href":"https:\/\/motycs.it\/ro\/wp-json\/wp\/v2\/product\/989","targetHints":{"allow":["GET"]}}],"collection":[{"href":"https:\/\/motycs.it\/ro\/wp-json\/wp\/v2\/product"}],"about":[{"href":"https:\/\/motycs.it\/ro\/wp-json\/wp\/v2\/types\/product"}],"wp:featuredmedia":[{"embeddable":true,"href":"https:\/\/motycs.it\/ro\/wp-json\/wp\/v2\/media\/1266"}],"wp:attachment":[{"href":"https:\/\/motycs.it\/ro\/wp-json\/wp\/v2\/media?parent=989"}],"wp:term":[{"taxonomy":"product_cat","embeddable":true,"href":"https:\/\/motycs.it\/ro\/wp-json\/wp\/v2\/product_cat?post=989"},{"taxonomy":"product_tag","embeddable":true,"href":"https:\/\/motycs.it\/ro\/wp-json\/wp\/v2\/product_tag?post=989"}],"curies":[{"name":"wp","href":"https:\/\/api.w.org\/{rel}","templated":true}]}}