{"id":988,"date":"2022-03-17T18:39:10","date_gmt":"2022-03-17T17:39:10","guid":{"rendered":"https:\/\/motycs.it\/?post_type=product&#038;p=988"},"modified":"2023-05-04T10:51:08","modified_gmt":"2023-05-04T08:51:08","slug":"prova-potenza-motocicli","status":"publish","type":"product","link":"https:\/\/motycs.it\/ro\/product\/testare-de-putere-motociclete\/","title":{"rendered":"Bancuri de \u00eencercare pentru motociclete"},"content":{"rendered":"<ul>\n<li>Banc de testare a puterii motocicletei, cu un singur rulou.<\/li>\n<li><strong>Disponibil \u00een versiuni cu diametrul rolei de 320 sau 500 mm<\/strong>, suprafa\u021b\u0103 zim\u021bat\u0103 \u0219i vopsit\u0103<\/li>\n<li><strong>Sistemul de control \u0219i achizi\u021bie SP5 garanteaz\u0103 flexibilitate, posibilit\u0103\u021bi de personalizare \u0219i actualiz\u0103ri SW gratuite.<\/strong>.<\/li>\n<li>Banca este echipat\u0103 cu <strong>sistem de blocare a ro\u021bilor din fa\u021b\u0103<\/strong> \u0219i la cerere, <strong>poate fi echipat cu accesorii suplimentare<\/strong>.<\/li>\n<li><strong>Acesta poate fi instalat fie pe podium (peste podea), fie \u00een box\u0103.<\/strong><\/li>\n<\/ul>\n<h5><strong>ALTE CARACTERISTICI MECANICE<\/strong><\/h5>\n<ul>\n<li>Construc\u021bie mecanic\u0103 de \u00eenalt\u0103 rezisten\u021b\u0103 cu tabl\u0103 de 6\/8 mm, utilizarea numai a componentelor de \u00eenalt\u0103 calitate din produc\u021bia european\u0103<\/li>\n<li>Acoperire cu pulbere<\/li>\n<li>Culoare la alegerea clientului inclus\u0103 \u00een pre\u021b (scar\u0103 RAL)<\/li>\n<\/ul>\n<h5><strong>CARACTERISTICILE SOFTWARE-ului DE CONTROL (Diagnosticare \u0219i preg\u0103tire - <a href=\"https:\/\/motycs.it\/ro\/product\/testarea-puterii\/\">Modele de dispozitive sportive<\/a>)<\/strong><\/h5>\n<ul>\n<li>Aceasta permite <strong>compara un num\u0103r nelimitat de curbe citite din baza de date<\/strong>, se atribuie o alt\u0103 culoare. Acest lucru face posibil\u0103 evaluarea schimb\u0103rilor \u0219i \u00eembun\u0103t\u0103\u021birilor \u00eenainte \u0219i dup\u0103 modific\u0103ri. Un indicator automat m\u0103soar\u0103 diferen\u021ba dintre curbe de-a lungul \u00eentregului grafic, \u00een plus fa\u021b\u0103 de m\u0103surarea punctelor pentru fiecare tip de curb\u0103 afi\u0219at\u0103<\/li>\n<li>Factori de corec\u021bie: ISO1585, SAEJ1349, DIN70020, JISD1001, EC95-1, EWG 80\/ 1269 (permite, de asemenea, corectarea curbelor \u00een func\u021bie de temperatura de admisie a aerului, prin intermediul interfe\u021bei OBD sau al unei sonde externe).<\/li>\n<li><strong>Posibilitatea de a compara diferitele teste efectuate<\/strong>, suprapun\u00e2ndu-le<\/li>\n<li>Unitatea de m\u0103sur\u0103 pentru putere (Kw,Cv), cuplu (Kg *m, N*m) poate fi selectat\u0103 de utilizator.<\/li>\n<li><a href=\"https:\/\/www.sportdevices.com\/sportdyno41-whats-new.php\">Actualiz\u0103ri gratuite de software<\/a> \u0219i care poate fi desc\u0103rcat direct de pe site<\/li>\n<li><strong>Moduri de testare disponibile<\/strong>: Iner\u021bial, fr\u00e2nare constant\u0103, ramp\u0103, simulare rutier\u0103, regim sta\u021bionar, cicluri de omologare<\/li>\n<li><strong>Conexiune Ethernet de mare vitez\u0103, CANBUS, Bluetooth (op\u021bional), RS232<\/strong><\/li>\n<li><strong>Interfa\u021ba OBDII a vehiculului<\/strong>, sta\u021bie meteo integrat\u0103 sau extern\u0103. <strong>Suport\u0103 diferite modele de analizoare de gaze de e\u0219apament<\/strong><\/li>\n<li>Sistemul implementeaz\u0103 un sistem de control al fr\u00e2nelor \u00een bucl\u0103 \u00eenchis\u0103.<\/li>\n<li>De asemenea, func\u021bioneaz\u0103 \u0219i f\u0103r\u0103 calculator (telecomand\u0103)<\/li>\n<li><strong>Comand\u0103 de la distan\u021b\u0103 a dispozitivului de ac\u021bionare a acceleratorului, a dispozitivului de ac\u021bionare a ambreiajului, a cutiei de viteze, a ventilatoarelor<\/strong> etc. de la software-ul PC.<\/li>\n<\/ul>\n<h5><strong>ACHIZI\u021aIA DE DATE<\/strong><\/h5>\n<ul>\n<li>Sistemul de <a href=\"https:\/\/motycs.it\/ro\/product\/testarea-puterii\/\">control \u0219i achizi\u021bie SPORTDEVICES<\/a>, ofer\u0103 <strong>mai multe canale, de asemenea, sub releu<\/strong>dedicat achizi\u021biei de date de la senzori lambda, de presiune \u0219i termocuple; fie c\u0103 sunt analogici sau digitali (<strong>sistemul ofer\u0103 p\u00e2n\u0103 la 16 canale<\/strong> \u00een versiunea standard, cu posibilitatea de extindere p\u00e2n\u0103 la 112 canale). Acesta poate <strong>s\u0103 gestioneze \u00een mod independent diferitele sisteme de ventila\u021bie din sala de testare<\/strong>, cu patru prize controlate, configurabile \u0219i independente.<\/li>\n<\/ul>\n<h5><strong>TESTE EXECUTABILE<\/strong><\/h5>\n<ul>\n<li>M\u0103sur\u0103tori de putere (la roat\u0103, la arborele de transmisie, disipat\u0103)<\/li>\n<li>\u00cencercare de accelerare \u0219i decelerare (pentru a evalua performan\u021ba atunci c\u00e2nd vehiculul este supus unor sarcini externe)<\/li>\n<li>Simulare rutier\u0103 (pentru a verifica performan\u021bele vehiculului, de asemenea cu instrumente de diagnosticare)<\/li>\n<li>\u00cencerc\u0103ri iner\u021biale de accelerare \u0219i decelerare<\/li>\n<li>Teste \u00een trepte, ture constante, teste programabile ca simulare de ture\/circuit (fi\u0219ier CSV)<\/li>\n<\/ul>\n<p><a href=\"https:\/\/www.sportdevices.com\/sportdyno.php\" target=\"_blank\" rel=\"noopener\">Afla\u021bi aici <strong>mai multe detalii despre software-ul de control SPORTDYNO<\/strong><\/a> (link c\u0103tre site-ul Sport Devices \u00een limba englez\u0103)<\/p>\n<p><a href=\"https:\/\/www.sportdevices.com\/download.php\" target=\"_blank\" rel=\"noopener\">Aici pute\u021bi desc\u0103rca \u0219i <strong>instala\u021bi cea mai recent\u0103 versiune disponibil\u0103<\/strong>, pentru a vedea func\u021bionalitatea acestuia<\/a> (link c\u0103tre site-ul Sport Devices \u00een limba englez\u0103)<\/p>\n<h6>INSIGHTS<\/h6>\n<ul>\n<li><strong><a href=\"https:\/\/motycs.it\/ro\/concepte-de-baza-sasiu-banc-de-incercare-dyno\/\">Descoperi\u021bi conceptele de baz\u0103 ale bancurilor de testare a motoarelor \u0219i rolelor<\/a><\/strong><\/li>\n<li><strong><a href=\"https:\/\/motycs.it\/ro\/bancuri-de-testare-4wd\/\">Avantajele bancurilor de testare a puterii axei conectate 4WD<\/a><\/strong><\/li>\n<li><strong><a href=\"https:\/\/motycs.it\/ro\/bancuri-de-testare-putere-biroll-cu-singura-rola\/\">Bancuri de testare MONO-roller \u0219i BI-roller<\/a><\/strong><\/li>\n<li><a href=\"https:\/\/motycs.it\/ro\/putere-disipata-bancuri-proof\/\"><strong>Disiparea de putere<\/strong><\/a><\/li>\n<\/ul>","protected":false},"excerpt":{"rendered":"<ul>\n<li>Putere maxim\u0103 <strong>p\u00e2n\u0103 la 300 CP<\/strong><\/li>\n<li>Disponibil \u00een versiuni cu <strong>diametrul rolei 320 sau 500 mm<\/strong>, suprafa\u021b\u0103 zim\u021bat\u0103 \u0219i vopsit\u0103<\/li>\n<li><strong>1 Fr\u00e2n\u0103 de curen\u021bi turbionari<\/strong> Mod. Klam K-70 cu 800 N*m (poate fi instalat pe partea st\u00e2ng\u0103 sau dreapt\u0103)<\/li>\n<li><strong>Reglarea ampatamentului etrierului fa\u021b\u0103<\/strong> Cu motor de curent alternativ (clem\u0103 pneumatic\u0103 op\u021bional\u0103)<\/li>\n<li>Electronic\u0103: <a href=\"https:\/\/motycs.it\/ro\/product\/testarea-puterii\/\">SPORTDEVICES SP5<\/a><\/li>\n<li><strong>Sta\u021bie meteo<\/strong><\/li>\n<li><strong>Dimensiuni<\/strong>\u00a0(PERSONALIZABIL la cerere): Lungime: 2500 mm, L\u0103\u021bime: 1200 mm. \u00cen\u0103l\u021bime: 400 mm<\/li>\n<\/ul>","protected":false},"featured_media":1062,"template":"","meta":[],"product_cat":[93],"product_tag":[104,105,103],"class_list":["post-988","product","type-product","status-publish","has-post-thumbnail","hentry","product_cat-banchi-prova-potenza","product_tag-banco-a-rulli-moto","product_tag-banco-prova-motocicli","product_tag-banco-prova-potenza-moto"],"yoast_head":"<!-- This site is optimized with the Yoast SEO plugin v26.5 - https:\/\/yoast.com\/wordpress\/plugins\/seo\/ -->\n<title>Banchi prova per motocicli<\/title>\n<meta name=\"description\" content=\"Banchi prova potenza Sport Devices, a rulli singolo, per motocicli, con rulli da 350 o 500 mm. Sistema di controllo ed acquisizione du ultima generazione\" \/>\n<meta name=\"robots\" content=\"index, follow, max-snippet:-1, max-image-preview:large, max-video-preview:-1\" \/>\n<link rel=\"canonical\" href=\"https:\/\/motycs.it\/ro\/product\/testare-de-putere-motociclete\/\" \/>\n<meta property=\"og:locale\" content=\"ro_RO\" \/>\n<meta property=\"og:type\" content=\"article\" \/>\n<meta property=\"og:title\" content=\"Banchi prova per motocicli\" \/>\n<meta property=\"og:description\" content=\"Banchi prova potenza Sport Devices, a rulli singolo, per motocicli, con rulli da 350 o 500 mm. Sistema di controllo ed acquisizione du ultima generazione\" \/>\n<meta property=\"og:url\" content=\"https:\/\/motycs.it\/ro\/product\/testare-de-putere-motociclete\/\" \/>\n<meta property=\"og:site_name\" content=\"MOTYCS\" \/>\n<meta property=\"article:publisher\" content=\"https:\/\/www.facebook.com\/motycs\/\" \/>\n<meta property=\"article:modified_time\" content=\"2023-05-04T08:51:08+00:00\" \/>\n<meta property=\"og:image\" content=\"https:\/\/motycs.it\/wp-content\/uploads\/2022\/03\/moto-dyno-motycs.jpg\" \/>\n\t<meta property=\"og:image:width\" content=\"800\" \/>\n\t<meta property=\"og:image:height\" content=\"704\" \/>\n\t<meta property=\"og:image:type\" content=\"image\/jpeg\" \/>\n<meta name=\"twitter:card\" content=\"summary_large_image\" \/>\n<meta name=\"twitter:label1\" content=\"Timp estimat pentru citire\" \/>\n\t<meta name=\"twitter:data1\" content=\"3 minute\" \/>\n<script type=\"application\/ld+json\" class=\"yoast-schema-graph\">{\"@context\":\"https:\/\/schema.org\",\"@graph\":[{\"@type\":\"WebPage\",\"@id\":\"https:\/\/motycs.it\/product\/prova-potenza-motocicli\/\",\"url\":\"https:\/\/motycs.it\/product\/prova-potenza-motocicli\/\",\"name\":\"Banchi prova per motocicli\",\"isPartOf\":{\"@id\":\"https:\/\/motycs.it\/#website\"},\"primaryImageOfPage\":{\"@id\":\"https:\/\/motycs.it\/product\/prova-potenza-motocicli\/#primaryimage\"},\"image\":{\"@id\":\"https:\/\/motycs.it\/product\/prova-potenza-motocicli\/#primaryimage\"},\"thumbnailUrl\":\"https:\/\/motycs.it\/wp-content\/uploads\/2022\/03\/moto-dyno-motycs.jpg\",\"datePublished\":\"2022-03-17T17:39:10+00:00\",\"dateModified\":\"2023-05-04T08:51:08+00:00\",\"description\":\"Banchi prova potenza Sport Devices, a rulli singolo, per motocicli, con rulli da 350 o 500 mm. Sistema di controllo ed acquisizione du ultima generazione\",\"breadcrumb\":{\"@id\":\"https:\/\/motycs.it\/product\/prova-potenza-motocicli\/#breadcrumb\"},\"inLanguage\":\"ro-RO\",\"potentialAction\":[{\"@type\":\"ReadAction\",\"target\":[\"https:\/\/motycs.it\/product\/prova-potenza-motocicli\/\"]}]},{\"@type\":\"ImageObject\",\"inLanguage\":\"ro-RO\",\"@id\":\"https:\/\/motycs.it\/product\/prova-potenza-motocicli\/#primaryimage\",\"url\":\"https:\/\/motycs.it\/wp-content\/uploads\/2022\/03\/moto-dyno-motycs.jpg\",\"contentUrl\":\"https:\/\/motycs.it\/wp-content\/uploads\/2022\/03\/moto-dyno-motycs.jpg\",\"width\":800,\"height\":704,\"caption\":\"motorcycle dyno motycs\"},{\"@type\":\"BreadcrumbList\",\"@id\":\"https:\/\/motycs.it\/product\/prova-potenza-motocicli\/#breadcrumb\",\"itemListElement\":[{\"@type\":\"ListItem\",\"position\":1,\"name\":\"Home\",\"item\":\"https:\/\/motycs.it\/\"},{\"@type\":\"ListItem\",\"position\":2,\"name\":\"Shop\",\"item\":\"https:\/\/motycs.it\/shop\/\"},{\"@type\":\"ListItem\",\"position\":3,\"name\":\"Banchi prova moto\"}]},{\"@type\":\"WebSite\",\"@id\":\"https:\/\/motycs.it\/#website\",\"url\":\"https:\/\/motycs.it\/\",\"name\":\"MOTYCS\",\"description\":\"\",\"publisher\":{\"@id\":\"https:\/\/motycs.it\/#organization\"},\"potentialAction\":[{\"@type\":\"SearchAction\",\"target\":{\"@type\":\"EntryPoint\",\"urlTemplate\":\"https:\/\/motycs.it\/?s={search_term_string}\"},\"query-input\":{\"@type\":\"PropertyValueSpecification\",\"valueRequired\":true,\"valueName\":\"search_term_string\"}}],\"inLanguage\":\"ro-RO\"},{\"@type\":\"Organization\",\"@id\":\"https:\/\/motycs.it\/#organization\",\"name\":\"MOTYCS\",\"url\":\"https:\/\/motycs.it\/\",\"logo\":{\"@type\":\"ImageObject\",\"inLanguage\":\"ro-RO\",\"@id\":\"https:\/\/motycs.it\/#\/schema\/logo\/image\/\",\"url\":\"https:\/\/motycs.it\/wp-content\/uploads\/2022\/03\/orizz_bianc.jpg\",\"contentUrl\":\"https:\/\/motycs.it\/wp-content\/uploads\/2022\/03\/orizz_bianc.jpg\",\"width\":600,\"height\":159,\"caption\":\"MOTYCS\"},\"image\":{\"@id\":\"https:\/\/motycs.it\/#\/schema\/logo\/image\/\"},\"sameAs\":[\"https:\/\/www.facebook.com\/motycs\/\",\"https:\/\/www.instagram.com\/motycs.teq\/\",\"https:\/\/www.linkedin.com\/company\/motycs\/\",\"https:\/\/www.pinterest.it\/Motycsdynamometer\/\",\"https:\/\/www.youtube.com\/channel\/UCl_9nwLJn-fMI6UMZVc0tZw\"]}]}<\/script>\n<!-- \/ Yoast SEO plugin. -->","yoast_head_json":{"title":"Bancuri de \u00eencercare pentru motociclete","description":"Bancuri de testare a puterii Sport Devices, cu o singur\u0103 rol\u0103, pentru motociclete, cu role de 350 sau 500 mm. Sistem de control \u0219i achizi\u021bie de ultim\u0103 genera\u021bie","robots":{"index":"index","follow":"follow","max-snippet":"max-snippet:-1","max-image-preview":"max-image-preview:large","max-video-preview":"max-video-preview:-1"},"canonical":"https:\/\/motycs.it\/ro\/product\/testare-de-putere-motociclete\/","og_locale":"ro_RO","og_type":"article","og_title":"Banchi prova per motocicli","og_description":"Banchi prova potenza Sport Devices, a rulli singolo, per motocicli, con rulli da 350 o 500 mm. Sistema di controllo ed acquisizione du ultima generazione","og_url":"https:\/\/motycs.it\/ro\/product\/testare-de-putere-motociclete\/","og_site_name":"MOTYCS","article_publisher":"https:\/\/www.facebook.com\/motycs\/","article_modified_time":"2023-05-04T08:51:08+00:00","og_image":[{"width":800,"height":704,"url":"https:\/\/motycs.it\/wp-content\/uploads\/2022\/03\/moto-dyno-motycs.jpg","type":"image\/jpeg"}],"twitter_card":"summary_large_image","twitter_misc":{"Timp estimat pentru citire":"3 minute"},"schema":{"@context":"https:\/\/schema.org","@graph":[{"@type":"WebPage","@id":"https:\/\/motycs.it\/product\/prova-potenza-motocicli\/","url":"https:\/\/motycs.it\/product\/prova-potenza-motocicli\/","name":"Bancuri de \u00eencercare pentru motociclete","isPartOf":{"@id":"https:\/\/motycs.it\/#website"},"primaryImageOfPage":{"@id":"https:\/\/motycs.it\/product\/prova-potenza-motocicli\/#primaryimage"},"image":{"@id":"https:\/\/motycs.it\/product\/prova-potenza-motocicli\/#primaryimage"},"thumbnailUrl":"https:\/\/motycs.it\/wp-content\/uploads\/2022\/03\/moto-dyno-motycs.jpg","datePublished":"2022-03-17T17:39:10+00:00","dateModified":"2023-05-04T08:51:08+00:00","description":"Bancuri de testare a puterii Sport Devices, cu o singur\u0103 rol\u0103, pentru motociclete, cu role de 350 sau 500 mm. Sistem de control \u0219i achizi\u021bie de ultim\u0103 genera\u021bie","breadcrumb":{"@id":"https:\/\/motycs.it\/product\/prova-potenza-motocicli\/#breadcrumb"},"inLanguage":"ro-RO","potentialAction":[{"@type":"ReadAction","target":["https:\/\/motycs.it\/product\/prova-potenza-motocicli\/"]}]},{"@type":"ImageObject","inLanguage":"ro-RO","@id":"https:\/\/motycs.it\/product\/prova-potenza-motocicli\/#primaryimage","url":"https:\/\/motycs.it\/wp-content\/uploads\/2022\/03\/moto-dyno-motycs.jpg","contentUrl":"https:\/\/motycs.it\/wp-content\/uploads\/2022\/03\/moto-dyno-motycs.jpg","width":800,"height":704,"caption":"motorcycle dyno motycs"},{"@type":"BreadcrumbList","@id":"https:\/\/motycs.it\/product\/prova-potenza-motocicli\/#breadcrumb","itemListElement":[{"@type":"ListItem","position":1,"name":"Home","item":"https:\/\/motycs.it\/"},{"@type":"ListItem","position":2,"name":"Shop","item":"https:\/\/motycs.it\/shop\/"},{"@type":"ListItem","position":3,"name":"Banchi prova moto"}]},{"@type":"WebSite","@id":"https:\/\/motycs.it\/#website","url":"https:\/\/motycs.it\/","name":"MOTYCS","description":"","publisher":{"@id":"https:\/\/motycs.it\/#organization"},"potentialAction":[{"@type":"SearchAction","target":{"@type":"EntryPoint","urlTemplate":"https:\/\/motycs.it\/?s={search_term_string}"},"query-input":{"@type":"PropertyValueSpecification","valueRequired":true,"valueName":"search_term_string"}}],"inLanguage":"ro-RO"},{"@type":"Organization","@id":"https:\/\/motycs.it\/#organization","name":"MOTYCS","url":"https:\/\/motycs.it\/","logo":{"@type":"ImageObject","inLanguage":"ro-RO","@id":"https:\/\/motycs.it\/#\/schema\/logo\/image\/","url":"https:\/\/motycs.it\/wp-content\/uploads\/2022\/03\/orizz_bianc.jpg","contentUrl":"https:\/\/motycs.it\/wp-content\/uploads\/2022\/03\/orizz_bianc.jpg","width":600,"height":159,"caption":"MOTYCS"},"image":{"@id":"https:\/\/motycs.it\/#\/schema\/logo\/image\/"},"sameAs":["https:\/\/www.facebook.com\/motycs\/","https:\/\/www.instagram.com\/motycs.teq\/","https:\/\/www.linkedin.com\/company\/motycs\/","https:\/\/www.pinterest.it\/Motycsdynamometer\/","https:\/\/www.youtube.com\/channel\/UCl_9nwLJn-fMI6UMZVc0tZw"]}]}},"_links":{"self":[{"href":"https:\/\/motycs.it\/ro\/wp-json\/wp\/v2\/product\/988","targetHints":{"allow":["GET"]}}],"collection":[{"href":"https:\/\/motycs.it\/ro\/wp-json\/wp\/v2\/product"}],"about":[{"href":"https:\/\/motycs.it\/ro\/wp-json\/wp\/v2\/types\/product"}],"wp:featuredmedia":[{"embeddable":true,"href":"https:\/\/motycs.it\/ro\/wp-json\/wp\/v2\/media\/1062"}],"wp:attachment":[{"href":"https:\/\/motycs.it\/ro\/wp-json\/wp\/v2\/media?parent=988"}],"wp:term":[{"taxonomy":"product_cat","embeddable":true,"href":"https:\/\/motycs.it\/ro\/wp-json\/wp\/v2\/product_cat?post=988"},{"taxonomy":"product_tag","embeddable":true,"href":"https:\/\/motycs.it\/ro\/wp-json\/wp\/v2\/product_tag?post=988"}],"curies":[{"name":"wp","href":"https:\/\/api.w.org\/{rel}","templated":true}]}}