{"id":987,"date":"2022-03-17T18:38:23","date_gmt":"2022-03-17T17:38:23","guid":{"rendered":"https:\/\/motycs.it\/?post_type=product&#038;p=987"},"modified":"2023-06-02T20:52:26","modified_gmt":"2023-06-02T18:52:26","slug":"prova-potenza-4wd","status":"publish","type":"product","link":"https:\/\/motycs.it\/ro\/product\/power-test-4wd\/","title":{"rendered":"Bancuri de \u00eencercare 4WD"},"content":{"rendered":"<ul>\n<li><strong>Construc\u021bie mecanic\u0103 de \u00eenalt\u0103 rezisten\u021b\u0103<\/strong>cu foi de 6\/8 mm.<\/li>\n<li><strong>Echipat cu <a href=\"https:\/\/motycs.it\/ro\/bancuri-de-testare-4wd\/\" target=\"_blank\" rel=\"noopener\">conexiune mecanic\u0103 a axelor<\/a> fa\u021b\u0103 \u0219i spate cu articula\u021bie universal\u0103 telescopic\u0103, dezangajabil\u0103.<\/strong><\/li>\n<li><strong>Dou\u0103 fr\u00e2ne puternice cu curen\u021bi turbionari de 2.600 N fiecare\u00a0<\/strong><\/li>\n<li>Acesta ofer\u0103 ca accesoriu, ca accesoriu, sistemul <strong>suport suplimentar \u0219i role de pozi\u021bionare a vehiculului.<\/strong><\/li>\n<li><strong>Culoare la alegerea clientului inclus\u0103<\/strong> (scara RAL).<\/li>\n<li>Acesta poate fi <strong>instalat \u00een gaur\u0103 sau pe podium<\/strong> (suprapunere).<\/li>\n<li><strong>Acoperit cu pulbere.<\/strong><\/li>\n<\/ul>\n<h5><strong>CARACTERISTICI ALE SOFTWARE-ULUI DE CONTROL <a href=\"https:\/\/motycs.it\/ro\/product\/testarea-puterii\/\">SPORT DEVICES<\/a><\/strong><\/h5>\n<p><strong>Sisteme de control pentru banc de testare Sport Devices SP6<\/strong> <strong>sunt printre cele mai avansate de pe pia\u021b\u0103<\/strong>. Un produs evoluat, <strong>actualizate \u00een permanen\u021b\u0103 \u00een func\u021bie de nevoile clien\u021bilor no\u0219tri. <\/strong>Descoperi\u021bi caracteristicile modelului SP6, care echipeaz\u0103 toate modelele de banc de testare auto 4\u00d74:<\/p>\n<ul>\n<li><strong><a href=\"https:\/\/www.sportdevices.com\/sportdyno41-whats-new.php\">Actualiz\u0103ri gratuite de software<\/a> <\/strong>\u0219i poate fi desc\u0103rcat direct de pe site-ul Sport Devices.<\/li>\n<li>Moduri de testare disponibile: <strong>Iner\u021bial, fr\u00e2nare constant\u0103, ramp\u0103, simulare rutier\u0103, regim sta\u021bionar, cicluri de conducere.<\/strong><\/li>\n<li>Aceasta permite <strong>compara\u021bi un num\u0103r nelimitat de curbe<\/strong> citite din baza de date, c\u0103rora li se atribuie o culoare diferit\u0103. Acest lucru face posibil\u0103 evaluarea schimb\u0103rilor \u0219i a \u00eembun\u0103t\u0103\u021birilor \u00eenainte \u0219i dup\u0103 modific\u0103ri. Un indicator automat m\u0103soar\u0103 diferen\u021ba dintre curbe de-a lungul \u00eentregului grafic.<\/li>\n<li><strong>Calcula\u021bi \u0219i afi\u0219a\u021bi mediile \u00eentre teste<\/strong> sau \u00eentr-un anumit interval.<\/li>\n<li><strong>P\u00e2n\u0103 la<\/strong> <strong>3 ecrane \u00een timp real<\/strong> (este necesar un PC cu plac\u0103 grafic\u0103 dedicat\u0103).<\/li>\n<li><strong>Factori de corec\u021bie<\/strong>: ISO1585, SAEJ1349, DIN70020, JISD1001, EC95-1, EWG 80\/ 1269 (permite, de asemenea, corectarea curbelor \u00een func\u021bie de temperatura de admisie a aerului, prin intermediul interfe\u021bei OBD sau al unei sonde externe).<\/li>\n<li><strong>Unit\u0103\u021bi de m\u0103sur\u0103 pentru putere<\/strong> (Kw,hp), cuplul (Kg *m, N*m) este selectabil de c\u0103tre utilizator.<\/li>\n<li><strong>Rapoarte de transmisie estimate configurabile:<\/strong> Etrierul motorului, OBDII \/ xDS \/ ECU sau estimare bazat\u0103 pe turometrul vehiculului.<\/li>\n<li><strong>Canale analogice complet configurabile<\/strong>, fie la scar\u0103\/ decalaj, fie folosind un tabel de interpolare.<\/li>\n<li>Conexiune <strong>Ethernet de mare vitez\u0103, CANBUS, Bluetooth (op\u021bional), RS232<\/strong>.<\/li>\n<li><strong>Interfa\u021ba OBDII a vehiculului, <\/strong>sta\u021bie meteo integrat\u0103 sau extern\u0103.<\/li>\n<li><strong>Suport\u0103 diferite modele de analizoare de gaze de e\u0219apament.<\/strong><\/li>\n<li>Sistemul implementeaz\u0103 un <strong>control al fr\u00e2nei \"\u00een bucl\u0103 \u00eenchis\u0103<\/strong>. De asemenea, func\u021bioneaz\u0103 \u0219i f\u0103r\u0103 un computer (telecomand\u0103).<\/li>\n<li><strong>Comand\u0103 de la distan\u021b\u0103 a dispozitivului de ac\u021bionare a acceleratorului, a dispozitivului de ac\u021bionare a ambreiajului, a cutiei de viteze, a ventilatoarelor<\/strong> etc. de la software-ul PC.<\/li>\n<li><strong>Mai multe op\u021biuni pentru a configura procesul de calcul<\/strong> de putere la caracteristicile vehiculului, cum ar fi:\n<ul>\n<li>Dezactivarea celulei de sarcin\u0103 \u00een timpul deceler\u0103rii<\/li>\n<li>Filtru de ambreiaj maxim: permite eliberarea ambreiajului pentru anumite vehicule, optimiz\u00e2nd gestionarea acestuia<\/li>\n<\/ul>\n<\/li>\n<li><strong>Func\u021bia de alarm\u0103<\/strong> (supravegherea canalelor).<\/li>\n<li><strong>Interfa\u021b\u0103 disponibil\u0103 \u00een 10 limbi<\/strong>inclusiv italian\u0103.<\/li>\n<\/ul>\n<h6><strong>ACHIZI\u021aIA DE DATE<\/strong><\/h6>\n<ul>\n<li>Sistemul de control \u0219i achizi\u021bie Sport Devices SP6 ofer\u0103 mai multe canale (de asemenea, sub form\u0103 de releu)<strong> dedicat achizi\u021biei de date de la sonde lambda, de presiune \u0219i termocuple; fie c\u0103 este vorba de sonde analogice sau digitale, <\/strong>sistemul ofer\u0103 <strong>p\u00e2n\u0103 la 24 de canale \u00een versiunea standard, extensibil cu \u00eenregistratoare externe p\u00e2n\u0103 la 112 canale.<\/strong><\/li>\n<li><strong>Se poate ocupa de<\/strong> \u00een mod independent <strong>sisteme de ventila\u021bie \u00een sala de testare, datorit\u0103 celor 6 prize controlate, configurabile \u0219i independente.<\/strong><\/li>\n<li><strong>P\u00e2n\u0103 la 20 de canale calculate de utilizator.<\/strong> Func\u021bia de alunecare a ro\u021bilor (pe baza canalului de rota\u021bie al motorului).<\/li>\n<li><strong>Corec\u021bia lambda \u021bint\u0103<\/strong> , <strong>eficien\u021b\u0103 energetic\u0103 (la motoarele electrice)<\/strong> pot fi automatizate.<\/li>\n<\/ul>\n<h6><strong>TESTE EXECUTABILE<\/strong><\/h6>\n<ul>\n<li><strong>M\u0103sur\u0103tori de putere<\/strong> (La roat\u0103, la arborele de transmisie, se disipeaz\u0103).<\/li>\n<li><strong>Test de accelerare \u0219i decelerare<\/strong> (Pentru a evalua performan\u021ba atunci c\u00e2nd vehiculul este supus unor sarcini externe).<\/li>\n<li><strong>Simulare rutier\u0103<\/strong> (Pentru a verifica performan\u021bele vehiculului, inclusiv cu ajutorul instrumentelor de diagnosticare).<\/li>\n<li><strong>\u00cencerc\u0103ri iner\u021biale<\/strong> de accelerare \u0219i decelerare.<\/li>\n<li><strong>Teste \u00een trepte, rota\u021bii constante, teste programabile<\/strong> ca simulare de tur\/circuit (fi\u0219ier CSV).<\/li>\n<\/ul>\n<h6>INSIGHTS<\/h6>\n<ul>\n<li style=\"list-style-type: none;\">\n<ul>\n<li><strong><a href=\"https:\/\/motycs.it\/ro\/concepte-de-baza-sasiu-banc-de-incercare-dyno\/\">Concepte de baz\u0103 ale bancurilor de \u00eencercare a motoarelor \u0219i rolelor<\/a><\/strong><\/li>\n<li><strong><a href=\"https:\/\/motycs.it\/ro\/bancuri-de-testare-4wd\/\">Avantajele bancurilor de testare a puterii axei conectate 4WD<\/a><\/strong><\/li>\n<li><a href=\"https:\/\/motycs.it\/ro\/bancuri-de-testare-putere-biroll-cu-singura-rola\/\"><strong>Diametrul rolei, c\u00e2t de important este?<\/strong><\/a><\/li>\n<li><strong><a href=\"https:\/\/motycs.it\/ro\/bancuri-de-testare-putere-biroll-cu-singura-rola\/\">Bancuri de testare MONO-roller \u0219i BI-roller<\/a><\/strong><\/li>\n<li><a href=\"https:\/\/motycs.it\/ro\/putere-disipata-bancuri-proof\/\"><strong>Disiparea de putere<\/strong><\/a><\/li>\n<li><strong><a href=\"https:\/\/www.sportdevices.com\/sportdyno.php\">Mai multe detalii despre software-ul de control SPORTDYNO<\/a> (link c\u0103tre site-ul Sport Devices \u00een limba englez\u0103)<\/strong><\/li>\n<li><strong><a href=\"https:\/\/www.sportdevices.com\/download.php\" target=\"_blank\" rel=\"noopener\">Desc\u0103rca\u021bi \u0219i instala\u021bi cea mai recent\u0103 versiune disponibil\u0103 a SPORTDYNO SW<\/a>,<\/strong> <strong>pentru a vedea func\u021bionalitatea acestuia<\/strong><\/li>\n<\/ul>\n<\/li>\n<\/ul>","protected":false},"excerpt":{"rendered":"<p><strong>Bancuri de testare cu trac\u021biune 4WD, cu role simple<\/strong>, <strong>cu axe conectate<\/strong>, <strong>disponibil \u00een versiuni:<\/strong><\/p>\n<ul>\n<li><strong>Cilindri de 500 mm - vitez\u0103 maxim\u0103 330 km\/h<\/strong><\/li>\n<li><strong>Cilindri de 635 mm - vitez\u0103 maxim\u0103 420 km\/h<\/strong><\/li>\n<\/ul>\n<h5>CARACTERISTICI PRINCIPALE<\/h5>\n<ul>\n<li><b>Echipat cu<\/b>\u00a0<strong><a href=\"https:\/\/motycs.it\/ro\/bancuri-de-testare-4wd\/\" target=\"_blank\" rel=\"noopener\">conexiune mecanic\u0103 a axelor<\/a> <\/strong>fa\u021b\u0103 \u0219i spate<\/li>\n<li><strong>Fr\u00e2ne puternice cu curen\u021bi turbionari, 2.600 N fiecare <\/strong>(1 per ax\u0103)<\/li>\n<li><a href=\"https:\/\/motycs.it\/ro\/product\/testarea-puterii\/\"><strong>Sistem de control \u0219i achizi\u021bie SP6<\/strong><\/a>, actualiz\u0103ri SW gratuite.<\/li>\n<li>Control modern SW cu ferestre mobile, m\u00e2nere <strong>p\u00e2n\u0103 la 3 ecrane \u00een timp real.<\/strong><\/li>\n<li><strong>Role de sus\u021binere \u0219i pozi\u021bionare a vehiculului<\/strong> (diametru 200 mm)<\/li>\n<\/ul>\n<p><a href=\"https:\/\/motycs.it\/ro\/bancuri-de-testare-putere-biroll-cu-singura-rola\/\"><strong>Descoperi\u021bi importan\u021ba diametrului rolelor \u00eentr-un banc de testare pentru automobile<\/strong><\/a><\/p>","protected":false},"featured_media":1591,"template":"","meta":[],"product_cat":[93],"product_tag":[100,102,101],"class_list":["post-987","product","type-product","status-publish","has-post-thumbnail","hentry","product_cat-banchi-prova-potenza","product_tag-banco-a-rulli-4wd","product_tag-banco-prova-collegato","product_tag-banco-prova-potenza-4wd"],"yoast_head":"<!-- This site is optimized with the Yoast SEO plugin v26.5 - https:\/\/yoast.com\/wordpress\/plugins\/seo\/ -->\n<title>banchi prova 4wd<\/title>\n<meta name=\"description\" content=\"Banchi prova potenza 4wd Sport Devices, dotati di collegamento meccanico degli assi anteriore e posteriore. Una nuova generazione di banchi per sviluppatori\" \/>\n<meta name=\"robots\" content=\"index, follow, max-snippet:-1, max-image-preview:large, max-video-preview:-1\" \/>\n<link rel=\"canonical\" href=\"https:\/\/motycs.it\/ro\/product\/power-test-4wd\/\" \/>\n<meta property=\"og:locale\" content=\"ro_RO\" \/>\n<meta property=\"og:type\" content=\"article\" \/>\n<meta property=\"og:title\" content=\"banchi prova 4wd\" \/>\n<meta property=\"og:description\" content=\"Banchi prova potenza 4wd Sport Devices, dotati di collegamento meccanico degli assi anteriore e posteriore. Una nuova generazione di banchi per sviluppatori\" \/>\n<meta property=\"og:url\" content=\"https:\/\/motycs.it\/ro\/product\/power-test-4wd\/\" \/>\n<meta property=\"og:site_name\" content=\"MOTYCS\" \/>\n<meta property=\"article:publisher\" content=\"https:\/\/www.facebook.com\/motycs\/\" \/>\n<meta property=\"article:modified_time\" content=\"2023-06-02T18:52:26+00:00\" \/>\n<meta property=\"og:image\" content=\"https:\/\/motycs.it\/wp-content\/uploads\/2023\/05\/lancia-delta-integrale-banco-prova-potenza-dyno.jpg\" \/>\n\t<meta property=\"og:image:width\" content=\"800\" \/>\n\t<meta property=\"og:image:height\" content=\"800\" \/>\n\t<meta property=\"og:image:type\" content=\"image\/jpeg\" \/>\n<meta name=\"twitter:card\" content=\"summary_large_image\" \/>\n<meta name=\"twitter:label1\" content=\"Timp estimat pentru citire\" \/>\n\t<meta name=\"twitter:data1\" content=\"3 minute\" \/>\n<script type=\"application\/ld+json\" class=\"yoast-schema-graph\">{\"@context\":\"https:\/\/schema.org\",\"@graph\":[{\"@type\":\"WebPage\",\"@id\":\"https:\/\/motycs.it\/product\/prova-potenza-4wd\/\",\"url\":\"https:\/\/motycs.it\/product\/prova-potenza-4wd\/\",\"name\":\"banchi prova 4wd\",\"isPartOf\":{\"@id\":\"https:\/\/motycs.it\/#website\"},\"primaryImageOfPage\":{\"@id\":\"https:\/\/motycs.it\/product\/prova-potenza-4wd\/#primaryimage\"},\"image\":{\"@id\":\"https:\/\/motycs.it\/product\/prova-potenza-4wd\/#primaryimage\"},\"thumbnailUrl\":\"https:\/\/motycs.it\/wp-content\/uploads\/2023\/05\/lancia-delta-integrale-banco-prova-potenza-dyno.jpg\",\"datePublished\":\"2022-03-17T17:38:23+00:00\",\"dateModified\":\"2023-06-02T18:52:26+00:00\",\"description\":\"Banchi prova potenza 4wd Sport Devices, dotati di collegamento meccanico degli assi anteriore e posteriore. Una nuova generazione di banchi per sviluppatori\",\"breadcrumb\":{\"@id\":\"https:\/\/motycs.it\/product\/prova-potenza-4wd\/#breadcrumb\"},\"inLanguage\":\"ro-RO\",\"potentialAction\":[{\"@type\":\"ReadAction\",\"target\":[\"https:\/\/motycs.it\/product\/prova-potenza-4wd\/\"]}]},{\"@type\":\"ImageObject\",\"inLanguage\":\"ro-RO\",\"@id\":\"https:\/\/motycs.it\/product\/prova-potenza-4wd\/#primaryimage\",\"url\":\"https:\/\/motycs.it\/wp-content\/uploads\/2023\/05\/lancia-delta-integrale-banco-prova-potenza-dyno.jpg\",\"contentUrl\":\"https:\/\/motycs.it\/wp-content\/uploads\/2023\/05\/lancia-delta-integrale-banco-prova-potenza-dyno.jpg\",\"width\":800,\"height\":800,\"caption\":\"lancia-delta-banco-prova-potenza-motycs\"},{\"@type\":\"BreadcrumbList\",\"@id\":\"https:\/\/motycs.it\/product\/prova-potenza-4wd\/#breadcrumb\",\"itemListElement\":[{\"@type\":\"ListItem\",\"position\":1,\"name\":\"Home\",\"item\":\"https:\/\/motycs.it\/\"},{\"@type\":\"ListItem\",\"position\":2,\"name\":\"Shop\",\"item\":\"https:\/\/motycs.it\/shop\/\"},{\"@type\":\"ListItem\",\"position\":3,\"name\":\"Banchi prova 4WD\"}]},{\"@type\":\"WebSite\",\"@id\":\"https:\/\/motycs.it\/#website\",\"url\":\"https:\/\/motycs.it\/\",\"name\":\"MOTYCS\",\"description\":\"\",\"publisher\":{\"@id\":\"https:\/\/motycs.it\/#organization\"},\"potentialAction\":[{\"@type\":\"SearchAction\",\"target\":{\"@type\":\"EntryPoint\",\"urlTemplate\":\"https:\/\/motycs.it\/?s={search_term_string}\"},\"query-input\":{\"@type\":\"PropertyValueSpecification\",\"valueRequired\":true,\"valueName\":\"search_term_string\"}}],\"inLanguage\":\"ro-RO\"},{\"@type\":\"Organization\",\"@id\":\"https:\/\/motycs.it\/#organization\",\"name\":\"MOTYCS\",\"url\":\"https:\/\/motycs.it\/\",\"logo\":{\"@type\":\"ImageObject\",\"inLanguage\":\"ro-RO\",\"@id\":\"https:\/\/motycs.it\/#\/schema\/logo\/image\/\",\"url\":\"https:\/\/motycs.it\/wp-content\/uploads\/2022\/03\/orizz_bianc.jpg\",\"contentUrl\":\"https:\/\/motycs.it\/wp-content\/uploads\/2022\/03\/orizz_bianc.jpg\",\"width\":600,\"height\":159,\"caption\":\"MOTYCS\"},\"image\":{\"@id\":\"https:\/\/motycs.it\/#\/schema\/logo\/image\/\"},\"sameAs\":[\"https:\/\/www.facebook.com\/motycs\/\",\"https:\/\/www.instagram.com\/motycs.teq\/\",\"https:\/\/www.linkedin.com\/company\/motycs\/\",\"https:\/\/www.pinterest.it\/Motycsdynamometer\/\",\"https:\/\/www.youtube.com\/channel\/UCl_9nwLJn-fMI6UMZVc0tZw\"]}]}<\/script>\n<!-- \/ Yoast SEO plugin. -->","yoast_head_json":{"title":"Bancuri de testare 4wd","description":"4wd Sport Devices bancuri de testare a puterii dispozitivelor 4wd Sport Devices, echipate cu conexiune mecanic\u0103 a pun\u021bilor fa\u021b\u0103 \u0219i spate. O nou\u0103 genera\u021bie de bancuri de testare pentru dezvoltatori","robots":{"index":"index","follow":"follow","max-snippet":"max-snippet:-1","max-image-preview":"max-image-preview:large","max-video-preview":"max-video-preview:-1"},"canonical":"https:\/\/motycs.it\/ro\/product\/power-test-4wd\/","og_locale":"ro_RO","og_type":"article","og_title":"banchi prova 4wd","og_description":"Banchi prova potenza 4wd Sport Devices, dotati di collegamento meccanico degli assi anteriore e posteriore. Una nuova generazione di banchi per sviluppatori","og_url":"https:\/\/motycs.it\/ro\/product\/power-test-4wd\/","og_site_name":"MOTYCS","article_publisher":"https:\/\/www.facebook.com\/motycs\/","article_modified_time":"2023-06-02T18:52:26+00:00","og_image":[{"width":800,"height":800,"url":"https:\/\/motycs.it\/wp-content\/uploads\/2023\/05\/lancia-delta-integrale-banco-prova-potenza-dyno.jpg","type":"image\/jpeg"}],"twitter_card":"summary_large_image","twitter_misc":{"Timp estimat pentru citire":"3 minute"},"schema":{"@context":"https:\/\/schema.org","@graph":[{"@type":"WebPage","@id":"https:\/\/motycs.it\/product\/prova-potenza-4wd\/","url":"https:\/\/motycs.it\/product\/prova-potenza-4wd\/","name":"Bancuri de testare 4wd","isPartOf":{"@id":"https:\/\/motycs.it\/#website"},"primaryImageOfPage":{"@id":"https:\/\/motycs.it\/product\/prova-potenza-4wd\/#primaryimage"},"image":{"@id":"https:\/\/motycs.it\/product\/prova-potenza-4wd\/#primaryimage"},"thumbnailUrl":"https:\/\/motycs.it\/wp-content\/uploads\/2023\/05\/lancia-delta-integrale-banco-prova-potenza-dyno.jpg","datePublished":"2022-03-17T17:38:23+00:00","dateModified":"2023-06-02T18:52:26+00:00","description":"4wd Sport Devices bancuri de testare a puterii dispozitivelor 4wd Sport Devices, echipate cu conexiune mecanic\u0103 a pun\u021bilor fa\u021b\u0103 \u0219i spate. O nou\u0103 genera\u021bie de bancuri de testare pentru dezvoltatori","breadcrumb":{"@id":"https:\/\/motycs.it\/product\/prova-potenza-4wd\/#breadcrumb"},"inLanguage":"ro-RO","potentialAction":[{"@type":"ReadAction","target":["https:\/\/motycs.it\/product\/prova-potenza-4wd\/"]}]},{"@type":"ImageObject","inLanguage":"ro-RO","@id":"https:\/\/motycs.it\/product\/prova-potenza-4wd\/#primaryimage","url":"https:\/\/motycs.it\/wp-content\/uploads\/2023\/05\/lancia-delta-integrale-banco-prova-potenza-dyno.jpg","contentUrl":"https:\/\/motycs.it\/wp-content\/uploads\/2023\/05\/lancia-delta-integrale-banco-prova-potenza-dyno.jpg","width":800,"height":800,"caption":"lancia-delta-banco-prova-potenza-motycs"},{"@type":"BreadcrumbList","@id":"https:\/\/motycs.it\/product\/prova-potenza-4wd\/#breadcrumb","itemListElement":[{"@type":"ListItem","position":1,"name":"Home","item":"https:\/\/motycs.it\/"},{"@type":"ListItem","position":2,"name":"Shop","item":"https:\/\/motycs.it\/shop\/"},{"@type":"ListItem","position":3,"name":"Banchi prova 4WD"}]},{"@type":"WebSite","@id":"https:\/\/motycs.it\/#website","url":"https:\/\/motycs.it\/","name":"MOTYCS","description":"","publisher":{"@id":"https:\/\/motycs.it\/#organization"},"potentialAction":[{"@type":"SearchAction","target":{"@type":"EntryPoint","urlTemplate":"https:\/\/motycs.it\/?s={search_term_string}"},"query-input":{"@type":"PropertyValueSpecification","valueRequired":true,"valueName":"search_term_string"}}],"inLanguage":"ro-RO"},{"@type":"Organization","@id":"https:\/\/motycs.it\/#organization","name":"MOTYCS","url":"https:\/\/motycs.it\/","logo":{"@type":"ImageObject","inLanguage":"ro-RO","@id":"https:\/\/motycs.it\/#\/schema\/logo\/image\/","url":"https:\/\/motycs.it\/wp-content\/uploads\/2022\/03\/orizz_bianc.jpg","contentUrl":"https:\/\/motycs.it\/wp-content\/uploads\/2022\/03\/orizz_bianc.jpg","width":600,"height":159,"caption":"MOTYCS"},"image":{"@id":"https:\/\/motycs.it\/#\/schema\/logo\/image\/"},"sameAs":["https:\/\/www.facebook.com\/motycs\/","https:\/\/www.instagram.com\/motycs.teq\/","https:\/\/www.linkedin.com\/company\/motycs\/","https:\/\/www.pinterest.it\/Motycsdynamometer\/","https:\/\/www.youtube.com\/channel\/UCl_9nwLJn-fMI6UMZVc0tZw"]}]}},"_links":{"self":[{"href":"https:\/\/motycs.it\/ro\/wp-json\/wp\/v2\/product\/987","targetHints":{"allow":["GET"]}}],"collection":[{"href":"https:\/\/motycs.it\/ro\/wp-json\/wp\/v2\/product"}],"about":[{"href":"https:\/\/motycs.it\/ro\/wp-json\/wp\/v2\/types\/product"}],"wp:featuredmedia":[{"embeddable":true,"href":"https:\/\/motycs.it\/ro\/wp-json\/wp\/v2\/media\/1591"}],"wp:attachment":[{"href":"https:\/\/motycs.it\/ro\/wp-json\/wp\/v2\/media?parent=987"}],"wp:term":[{"taxonomy":"product_cat","embeddable":true,"href":"https:\/\/motycs.it\/ro\/wp-json\/wp\/v2\/product_cat?post=987"},{"taxonomy":"product_tag","embeddable":true,"href":"https:\/\/motycs.it\/ro\/wp-json\/wp\/v2\/product_tag?post=987"}],"curies":[{"name":"wp","href":"https:\/\/api.w.org\/{rel}","templated":true}]}}