{"id":963,"date":"2022-03-15T19:27:48","date_gmt":"2022-03-15T18:27:48","guid":{"rendered":"https:\/\/motycs.it\/?post_type=product&#038;p=963"},"modified":"2023-06-02T20:43:54","modified_gmt":"2023-06-02T18:43:54","slug":"prova-potenza-2wd","status":"publish","type":"product","link":"https:\/\/motycs.it\/ro\/product\/power-test-2wd\/","title":{"rendered":"Bancuri de \u00eencercare 2WD"},"content":{"rendered":"<ul>\n<li><strong>Construc\u021bie mecanic\u0103 de \u00eenalt\u0103 rezisten\u021b\u0103<\/strong>, cu tabl\u0103 de 6\/8 mm, utilizarea numai a componentelor de \u00eenalt\u0103 calitate din produc\u021bia european\u0103<\/li>\n<li><a href=\"https:\/\/motycs.it\/ro\/product\/power-test-4wd\/\"><strong>Poate fi transformat \u00eentr-un banc de testare 4wd<\/strong><\/a>, ad\u0103ugarea pieselor necesare \u00eentr-o etap\u0103 ulterioar\u0103 (investi\u021bie progresiv\u0103)<\/li>\n<li><strong>Preg\u0103tit pentru instalarea viitoare a <a href=\"https:\/\/motycs.it\/ro\/bancuri-de-testare-4wd\/\" target=\"_blank\" rel=\"noopener\">conexiune mecanic\u0103 a axelor<\/a> cu articula\u021bie universal\u0103<\/strong><\/li>\n<li><strong>Fr\u00e2na puternic\u0103 de 2.600 N de curen\u021bi turbionari permite sesiuni lungi de testare <\/strong>f\u0103r\u0103 supra\u00eenc\u0103lzire<\/li>\n<li>Acesta ofer\u0103 ca accesoriu, ca accesoriu, sistemul <strong>role suplimentare de sus\u021binere \u0219i pozi\u021bionare a vehiculului<\/strong>, pe puntea din fa\u021b\u0103 pentru a facilita \u00eenc\u0103rcarea\/desc\u0103rcarea vehiculelor<\/li>\n<li><strong>Culoare la alegerea clientului inclus\u0103<\/strong> (scara RAL)<\/li>\n<li>Acesta poate fi <strong>instalat \u00een gaur\u0103 sau pe podium<\/strong> (peste podea)<\/li>\n<li><strong>Acoperire cu pulbere<\/strong><\/li>\n<\/ul>\n<h5><strong>CARACTERISTICILE SOFTWARE-ului DE CONTROL (Diagnosticare \u0219i preg\u0103tire - <a href=\"https:\/\/motycs.it\/ro\/product\/testarea-puterii\/\">Modele de dispozitive sportive<\/a>)<\/strong><\/h5>\n<p>Sistemul de control SP5 este <strong>printre cele mai avansate de pe pia\u021b\u0103<\/strong>. Un produs evoluat, <strong>actualizate \u00een permanen\u021b\u0103 \u00een func\u021bie de nevoile clien\u021bilor no\u0219tri:<\/strong><\/p>\n<ul>\n<li><strong><a href=\"https:\/\/www.sportdevices.com\/sportdyno41-whats-new.php\">Actualiz\u0103ri gratuite de software<\/a> <\/strong>\u0219i poate fi desc\u0103rcat direct de pe site-ul Sport Devices.<\/li>\n<li>Moduri de testare disponibile: <strong>Iner\u021bial, fr\u00e2nare constant\u0103, ramp\u0103, simulare rutier\u0103, regim sta\u021bionar, cicluri de conducere.<\/strong><\/li>\n<li>Aceasta permite <strong>compara\u021bi un num\u0103r nelimitat de curbe<\/strong> citite din baza de date, c\u0103rora li se atribuie o culoare diferit\u0103. Acest lucru face posibil\u0103 evaluarea schimb\u0103rilor \u0219i a \u00eembun\u0103t\u0103\u021birilor \u00eenainte \u0219i dup\u0103 modific\u0103ri. Un indicator automat m\u0103soar\u0103 diferen\u021ba dintre curbe de-a lungul \u00eentregului grafic, \u00een plus fa\u021b\u0103 de m\u0103surarea punctelor pentru fiecare tip de curb\u0103 afi\u0219at\u0103.<\/li>\n<li><strong>Calcula\u021bi \u0219i afi\u0219a\u021bi mediile \u00eentre teste<\/strong> sau \u00eentr-un anumit interval.<\/li>\n<li><strong>P\u00e2n\u0103 la<\/strong> <strong>3 ecrane \u00een timp real<\/strong> (este necesar un PC cu plac\u0103 grafic\u0103 dedicat\u0103).<\/li>\n<li><strong>Factori de corec\u021bie<\/strong>: ISO1585, SAEJ1349, DIN70020, JISD1001, EC95-1, EWG 80\/ 1269 (permite, de asemenea, corectarea curbelor \u00een func\u021bie de temperatura de admisie a aerului, prin intermediul interfe\u021bei OBD sau al unei sonde externe).<\/li>\n<li><strong>Unit\u0103\u021bi de m\u0103sur\u0103 pentru putere<\/strong> (Kw,hp), cuplul (Kg *m, N*m) este selectabil de c\u0103tre utilizator.<\/li>\n<li><strong>Rapoarte de transmisie estimate configurabile:<\/strong> Etrierul motorului, OBDII \/ xDS \/ ECU sau estimare bazat\u0103 pe turometrul vehiculului.<\/li>\n<li><strong>Canale analogice complet configurabile<\/strong>, fie la scar\u0103\/ decalaj, fie folosind un tabel de interpolare.<\/li>\n<li>Conexiune <strong>Ethernet de mare vitez\u0103, CANBUS, Bluetooth (op\u021bional), RS232<\/strong>.<\/li>\n<li><strong>Interfa\u021ba OBDII a vehiculului, <\/strong>sta\u021bie meteo integrat\u0103 sau extern\u0103.<\/li>\n<li><strong>Suport\u0103 diferite modele de analizoare de gaze de e\u0219apament.<\/strong><\/li>\n<li>Sistemul implementeaz\u0103 un <strong>control al fr\u00e2nei \"\u00een bucl\u0103 \u00eenchis\u0103<\/strong>. De asemenea, func\u021bioneaz\u0103 \u0219i f\u0103r\u0103 un computer (telecomand\u0103).<\/li>\n<li><strong>Comand\u0103 de la distan\u021b\u0103 a dispozitivului de ac\u021bionare a acceleratorului, a dispozitivului de ac\u021bionare a ambreiajului, a cutiei de viteze, a ventilatoarelor<\/strong> etc. de la software-ul PC.<\/li>\n<li><strong>Mai multe op\u021biuni pentru a configura procesul de calcul<\/strong> de putere la caracteristicile vehiculului, cum ar fi:\n<ul>\n<li>Dezactivarea celulei de sarcin\u0103 \u00een timpul deceler\u0103rii<\/li>\n<li>Filtru de ambreiaj maxim: permite eliberarea ambreiajului pentru anumite vehicule, optimiz\u00e2nd gestionarea acestuia<\/li>\n<\/ul>\n<\/li>\n<li><strong>Func\u021bia de alarm\u0103<\/strong> (supravegherea canalelor).<\/li>\n<li><strong>Interfa\u021b\u0103 disponibil\u0103 \u00een 10 limbi<\/strong>inclusiv italian\u0103.<\/li>\n<\/ul>\n<h6><strong>ACHIZI\u021aIA DE DATE<\/strong><\/h6>\n<ul>\n<li>Sistemul de control \u0219i achizi\u021bie Sport Devices, ofer\u0103 mai multe <strong>canale, de asemenea, sub releu, dedicate achizi\u021biei de date de la sonde lambda, de presiune, termocupluri; fie ele analogice sau digitale, <\/strong>sistemul ofer\u0103 <strong>p\u00e2n\u0103 la 24 de canale, care poate fi extins cu \u00eenregistratoare externe p\u00e2n\u0103 la 112 canale.<\/strong><\/li>\n<li><strong>Se poate ocupa de<\/strong> \u00een mod independent <strong>sisteme de ventila\u021bie \u00een sala de testare, datorit\u0103 celor 4 prize controlate, configurabile \u0219i independente.<\/strong><\/li>\n<li><strong>P\u00e2n\u0103 la 16 canale calculate de utilizator.<\/strong> Func\u021bia de alunecare a ro\u021bilor (pe baza canalului de rota\u021bie al motorului).<\/li>\n<li><strong>Corec\u021bia lambda \u021bint\u0103<\/strong> , <strong>eficien\u021b\u0103 energetic\u0103 (la motoarele electrice)<\/strong> pot fi automatizate.<\/li>\n<\/ul>\n<h6><strong>TESTE EXECUTABILE<\/strong><\/h6>\n<ul>\n<li><strong>M\u0103sur\u0103tori de putere<\/strong> (La roat\u0103, la arborele de transmisie, se disipeaz\u0103).<\/li>\n<li><strong>Test de accelerare \u0219i decelerare<\/strong> (Pentru a evalua performan\u021ba atunci c\u00e2nd vehiculul este supus unor sarcini externe).<\/li>\n<li><strong>Simulare rutier\u0103<\/strong> (Pentru a verifica performan\u021bele vehiculului, inclusiv cu ajutorul instrumentelor de diagnosticare).<\/li>\n<li><strong>\u00cencerc\u0103ri iner\u021biale<\/strong> de accelerare \u0219i decelerare.<\/li>\n<li><strong>Teste \u00een trepte, rota\u021bii constante, teste programabile<\/strong> ca simulare de tur\/circuit (fi\u0219ier CSV).<\/li>\n<\/ul>\n<p><strong><a href=\"https:\/\/motycs.it\/ro\/product\/power-test-4wd\/\">Descoperi\u021bi bancurile de testare a puterii 4\u00d74 cu axe conectate<\/a><\/strong><\/p>\n<h6>INSIGHTS<\/h6>\n<ul>\n<li style=\"list-style-type: none;\">\n<ul>\n<li><strong><a href=\"https:\/\/motycs.it\/ro\/concepte-de-baza-sasiu-banc-de-incercare-dyno\/\">Concepte de baz\u0103 ale bancurilor de \u00eencercare a motoarelor \u0219i rolelor<\/a><\/strong><\/li>\n<li><strong><a href=\"https:\/\/motycs.it\/ro\/bancuri-de-testare-4wd\/\">Avantajele bancurilor de testare a puterii axei conectate 4WD<\/a><\/strong><\/li>\n<li><a href=\"https:\/\/motycs.it\/ro\/bancuri-de-testare-putere-biroll-cu-singura-rola\/\"><strong>Diametrul rolei, c\u00e2t de important este?<\/strong><\/a><\/li>\n<li><strong><a href=\"https:\/\/motycs.it\/ro\/bancuri-de-testare-putere-biroll-cu-singura-rola\/\">Bancuri de testare MONO-roller \u0219i BI-roller<\/a><\/strong><\/li>\n<li><a href=\"https:\/\/motycs.it\/ro\/putere-disipata-bancuri-proof\/\"><strong>Disiparea de putere<\/strong><\/a><\/li>\n<li><strong><a href=\"https:\/\/www.sportdevices.com\/sportdyno.php\">Mai multe detalii despre software-ul de control SPORTDYNO<\/a> (link c\u0103tre site-ul Sport Devices \u00een limba englez\u0103)<\/strong><\/li>\n<li><strong><a href=\"https:\/\/www.sportdevices.com\/download.php\" target=\"_blank\" rel=\"noopener\">Desc\u0103rca\u021bi \u0219i instala\u021bi cea mai recent\u0103 versiune disponibil\u0103 a SPORTDYNO SW<\/a>,<\/strong> <strong>pentru a vedea func\u021bionalitatea acestuia<\/strong><\/li>\n<\/ul>\n<\/li>\n<\/ul>","protected":false},"excerpt":{"rendered":"<p><strong>Bancuri de testare cu motor 2WD, cu o singur\u0103 rol\u0103<\/strong>, complet cu role zim\u021bate pe suprafa\u021b\u0103, <strong>disponibil \u00een versiuni:<\/strong><\/p>\n<ul>\n<li><strong>Cilindri de 500 mm - vitez\u0103 maxim\u0103 330 km\/h<\/strong><\/li>\n<li><strong>Cilindri de 635 mm - vitez\u0103 maxim\u0103 420 km\/h<\/strong><\/li>\n<\/ul>\n<h5>CARACTERISTICI PRINCIPALE<\/h5>\n<ul>\n<li><strong>Preg\u0103tit <\/strong>la <strong><a href=\"https:\/\/motycs.it\/ro\/bancuri-de-testare-4wd\/\" target=\"_blank\" rel=\"noopener\">conexiune mecanic\u0103 a axelor<\/a> <\/strong>fa\u021b\u0103 \u0219i spate<\/li>\n<li><strong>Fr\u00e2n\u0103 puternic\u0103 de curen\u021bi turbionari, 2.600 N<\/strong>, permite realizarea unor sesiuni de testare de lung\u0103 durat\u0103.<\/li>\n<li><a href=\"https:\/\/motycs.it\/ro\/product\/testarea-puterii\/\"><strong>Sistem de control \u0219i achizi\u021bie SP5<\/strong><\/a>, <strong>actualiz\u0103ri SW gratuite<\/strong>.<\/li>\n<li>Control modern SW cu ferestre mobile, m\u00e2nere <strong>p\u00e2n\u0103 la 3 ecrane \u00een timp real.<\/strong><\/li>\n<li><strong>Role de sus\u021binere \u0219i pozi\u021bionare a vehiculului<\/strong> (diametru 200 mm)<\/li>\n<li>Pute\u021bi <strong>utilizare \u00een ambele sensuri<\/strong> (direc\u021bia de rota\u021bie a rolei)<\/li>\n<\/ul>\n<p><a href=\"https:\/\/motycs.it\/ro\/bancuri-de-testare-putere-biroll-cu-singura-rola\/\"><strong>Descoperi\u021bi importan\u021ba diametrului rolelor \u00eentr-un banc de testare pentru automobile<\/strong><\/a><\/p>","protected":false},"featured_media":1154,"template":"","meta":[],"product_cat":[93],"product_tag":[98,97,92],"class_list":["post-963","product","type-product","status-publish","has-post-thumbnail","hentry","product_cat-banchi-prova-potenza","product_tag-banco-a-rulli-2wd","product_tag-banco-prova-2wd","product_tag-prova-potenza-banco-2wd"],"yoast_head":"<!-- This site is optimized with the Yoast SEO plugin v26.5 - https:\/\/yoast.com\/wordpress\/plugins\/seo\/ -->\n<title>banchi prova 2wd<\/title>\n<meta name=\"description\" content=\"Banchi prova potenza a rulli per autoveicoli di produzione Sport Devices. Banchi di ultima generazione, predisposti al collegamento meccanico degli assi.\" \/>\n<meta name=\"robots\" content=\"index, follow, max-snippet:-1, max-image-preview:large, max-video-preview:-1\" \/>\n<link rel=\"canonical\" href=\"https:\/\/motycs.it\/ro\/product\/power-test-2wd\/\" \/>\n<meta property=\"og:locale\" content=\"ro_RO\" \/>\n<meta property=\"og:type\" content=\"article\" \/>\n<meta property=\"og:title\" content=\"banchi prova 2wd\" \/>\n<meta property=\"og:description\" content=\"Banchi prova potenza a rulli per autoveicoli di produzione Sport Devices. Banchi di ultima generazione, predisposti al collegamento meccanico degli assi.\" \/>\n<meta property=\"og:url\" content=\"https:\/\/motycs.it\/ro\/product\/power-test-2wd\/\" \/>\n<meta property=\"og:site_name\" content=\"MOTYCS\" \/>\n<meta property=\"article:publisher\" content=\"https:\/\/www.facebook.com\/motycs\/\" \/>\n<meta property=\"article:modified_time\" content=\"2023-06-02T18:43:54+00:00\" \/>\n<meta property=\"og:image\" content=\"https:\/\/motycs.it\/wp-content\/uploads\/2022\/03\/admtech-motycs-2wd-dynamometer.jpg\" \/>\n\t<meta property=\"og:image:width\" content=\"1920\" \/>\n\t<meta property=\"og:image:height\" content=\"1440\" \/>\n\t<meta property=\"og:image:type\" content=\"image\/jpeg\" \/>\n<meta name=\"twitter:card\" content=\"summary_large_image\" \/>\n<meta name=\"twitter:label1\" content=\"Timp estimat pentru citire\" \/>\n\t<meta name=\"twitter:data1\" content=\"3 minute\" \/>\n<script type=\"application\/ld+json\" class=\"yoast-schema-graph\">{\"@context\":\"https:\/\/schema.org\",\"@graph\":[{\"@type\":\"WebPage\",\"@id\":\"https:\/\/motycs.it\/product\/prova-potenza-2wd\/\",\"url\":\"https:\/\/motycs.it\/product\/prova-potenza-2wd\/\",\"name\":\"banchi prova 2wd\",\"isPartOf\":{\"@id\":\"https:\/\/motycs.it\/#website\"},\"primaryImageOfPage\":{\"@id\":\"https:\/\/motycs.it\/product\/prova-potenza-2wd\/#primaryimage\"},\"image\":{\"@id\":\"https:\/\/motycs.it\/product\/prova-potenza-2wd\/#primaryimage\"},\"thumbnailUrl\":\"https:\/\/motycs.it\/wp-content\/uploads\/2022\/03\/admtech-motycs-2wd-dynamometer.jpg\",\"datePublished\":\"2022-03-15T18:27:48+00:00\",\"dateModified\":\"2023-06-02T18:43:54+00:00\",\"description\":\"Banchi prova potenza a rulli per autoveicoli di produzione Sport Devices. Banchi di ultima generazione, predisposti al collegamento meccanico degli assi.\",\"breadcrumb\":{\"@id\":\"https:\/\/motycs.it\/product\/prova-potenza-2wd\/#breadcrumb\"},\"inLanguage\":\"ro-RO\",\"potentialAction\":[{\"@type\":\"ReadAction\",\"target\":[\"https:\/\/motycs.it\/product\/prova-potenza-2wd\/\"]}]},{\"@type\":\"ImageObject\",\"inLanguage\":\"ro-RO\",\"@id\":\"https:\/\/motycs.it\/product\/prova-potenza-2wd\/#primaryimage\",\"url\":\"https:\/\/motycs.it\/wp-content\/uploads\/2022\/03\/admtech-motycs-2wd-dynamometer.jpg\",\"contentUrl\":\"https:\/\/motycs.it\/wp-content\/uploads\/2022\/03\/admtech-motycs-2wd-dynamometer.jpg\",\"width\":1920,\"height\":1440,\"caption\":\"2wd dyno motycs sport devices\"},{\"@type\":\"BreadcrumbList\",\"@id\":\"https:\/\/motycs.it\/product\/prova-potenza-2wd\/#breadcrumb\",\"itemListElement\":[{\"@type\":\"ListItem\",\"position\":1,\"name\":\"Home\",\"item\":\"https:\/\/motycs.it\/\"},{\"@type\":\"ListItem\",\"position\":2,\"name\":\"Shop\",\"item\":\"https:\/\/motycs.it\/shop\/\"},{\"@type\":\"ListItem\",\"position\":3,\"name\":\"Banchi prova 2WD\"}]},{\"@type\":\"WebSite\",\"@id\":\"https:\/\/motycs.it\/#website\",\"url\":\"https:\/\/motycs.it\/\",\"name\":\"MOTYCS\",\"description\":\"\",\"publisher\":{\"@id\":\"https:\/\/motycs.it\/#organization\"},\"potentialAction\":[{\"@type\":\"SearchAction\",\"target\":{\"@type\":\"EntryPoint\",\"urlTemplate\":\"https:\/\/motycs.it\/?s={search_term_string}\"},\"query-input\":{\"@type\":\"PropertyValueSpecification\",\"valueRequired\":true,\"valueName\":\"search_term_string\"}}],\"inLanguage\":\"ro-RO\"},{\"@type\":\"Organization\",\"@id\":\"https:\/\/motycs.it\/#organization\",\"name\":\"MOTYCS\",\"url\":\"https:\/\/motycs.it\/\",\"logo\":{\"@type\":\"ImageObject\",\"inLanguage\":\"ro-RO\",\"@id\":\"https:\/\/motycs.it\/#\/schema\/logo\/image\/\",\"url\":\"https:\/\/motycs.it\/wp-content\/uploads\/2022\/03\/orizz_bianc.jpg\",\"contentUrl\":\"https:\/\/motycs.it\/wp-content\/uploads\/2022\/03\/orizz_bianc.jpg\",\"width\":600,\"height\":159,\"caption\":\"MOTYCS\"},\"image\":{\"@id\":\"https:\/\/motycs.it\/#\/schema\/logo\/image\/\"},\"sameAs\":[\"https:\/\/www.facebook.com\/motycs\/\",\"https:\/\/www.instagram.com\/motycs.teq\/\",\"https:\/\/www.linkedin.com\/company\/motycs\/\",\"https:\/\/www.pinterest.it\/Motycsdynamometer\/\",\"https:\/\/www.youtube.com\/channel\/UCl_9nwLJn-fMI6UMZVc0tZw\"]}]}<\/script>\n<!-- \/ Yoast SEO plugin. -->","yoast_head_json":{"title":"Bancuri de testare 2wd","description":"Bancuri de testare a puterii cu role pentru vehiculele de produc\u021bie Sport Devices. Bancuri de ultim\u0103 genera\u021bie, preg\u0103tite pentru conectarea mecanic\u0103 a pun\u021bilor.","robots":{"index":"index","follow":"follow","max-snippet":"max-snippet:-1","max-image-preview":"max-image-preview:large","max-video-preview":"max-video-preview:-1"},"canonical":"https:\/\/motycs.it\/ro\/product\/power-test-2wd\/","og_locale":"ro_RO","og_type":"article","og_title":"banchi prova 2wd","og_description":"Banchi prova potenza a rulli per autoveicoli di produzione Sport Devices. Banchi di ultima generazione, predisposti al collegamento meccanico degli assi.","og_url":"https:\/\/motycs.it\/ro\/product\/power-test-2wd\/","og_site_name":"MOTYCS","article_publisher":"https:\/\/www.facebook.com\/motycs\/","article_modified_time":"2023-06-02T18:43:54+00:00","og_image":[{"width":1920,"height":1440,"url":"https:\/\/motycs.it\/wp-content\/uploads\/2022\/03\/admtech-motycs-2wd-dynamometer.jpg","type":"image\/jpeg"}],"twitter_card":"summary_large_image","twitter_misc":{"Timp estimat pentru citire":"3 minute"},"schema":{"@context":"https:\/\/schema.org","@graph":[{"@type":"WebPage","@id":"https:\/\/motycs.it\/product\/prova-potenza-2wd\/","url":"https:\/\/motycs.it\/product\/prova-potenza-2wd\/","name":"Bancuri de testare 2wd","isPartOf":{"@id":"https:\/\/motycs.it\/#website"},"primaryImageOfPage":{"@id":"https:\/\/motycs.it\/product\/prova-potenza-2wd\/#primaryimage"},"image":{"@id":"https:\/\/motycs.it\/product\/prova-potenza-2wd\/#primaryimage"},"thumbnailUrl":"https:\/\/motycs.it\/wp-content\/uploads\/2022\/03\/admtech-motycs-2wd-dynamometer.jpg","datePublished":"2022-03-15T18:27:48+00:00","dateModified":"2023-06-02T18:43:54+00:00","description":"Bancuri de testare a puterii cu role pentru vehiculele de produc\u021bie Sport Devices. Bancuri de ultim\u0103 genera\u021bie, preg\u0103tite pentru conectarea mecanic\u0103 a pun\u021bilor.","breadcrumb":{"@id":"https:\/\/motycs.it\/product\/prova-potenza-2wd\/#breadcrumb"},"inLanguage":"ro-RO","potentialAction":[{"@type":"ReadAction","target":["https:\/\/motycs.it\/product\/prova-potenza-2wd\/"]}]},{"@type":"ImageObject","inLanguage":"ro-RO","@id":"https:\/\/motycs.it\/product\/prova-potenza-2wd\/#primaryimage","url":"https:\/\/motycs.it\/wp-content\/uploads\/2022\/03\/admtech-motycs-2wd-dynamometer.jpg","contentUrl":"https:\/\/motycs.it\/wp-content\/uploads\/2022\/03\/admtech-motycs-2wd-dynamometer.jpg","width":1920,"height":1440,"caption":"2wd dyno motycs sport devices"},{"@type":"BreadcrumbList","@id":"https:\/\/motycs.it\/product\/prova-potenza-2wd\/#breadcrumb","itemListElement":[{"@type":"ListItem","position":1,"name":"Home","item":"https:\/\/motycs.it\/"},{"@type":"ListItem","position":2,"name":"Shop","item":"https:\/\/motycs.it\/shop\/"},{"@type":"ListItem","position":3,"name":"Banchi prova 2WD"}]},{"@type":"WebSite","@id":"https:\/\/motycs.it\/#website","url":"https:\/\/motycs.it\/","name":"MOTYCS","description":"","publisher":{"@id":"https:\/\/motycs.it\/#organization"},"potentialAction":[{"@type":"SearchAction","target":{"@type":"EntryPoint","urlTemplate":"https:\/\/motycs.it\/?s={search_term_string}"},"query-input":{"@type":"PropertyValueSpecification","valueRequired":true,"valueName":"search_term_string"}}],"inLanguage":"ro-RO"},{"@type":"Organization","@id":"https:\/\/motycs.it\/#organization","name":"MOTYCS","url":"https:\/\/motycs.it\/","logo":{"@type":"ImageObject","inLanguage":"ro-RO","@id":"https:\/\/motycs.it\/#\/schema\/logo\/image\/","url":"https:\/\/motycs.it\/wp-content\/uploads\/2022\/03\/orizz_bianc.jpg","contentUrl":"https:\/\/motycs.it\/wp-content\/uploads\/2022\/03\/orizz_bianc.jpg","width":600,"height":159,"caption":"MOTYCS"},"image":{"@id":"https:\/\/motycs.it\/#\/schema\/logo\/image\/"},"sameAs":["https:\/\/www.facebook.com\/motycs\/","https:\/\/www.instagram.com\/motycs.teq\/","https:\/\/www.linkedin.com\/company\/motycs\/","https:\/\/www.pinterest.it\/Motycsdynamometer\/","https:\/\/www.youtube.com\/channel\/UCl_9nwLJn-fMI6UMZVc0tZw"]}]}},"_links":{"self":[{"href":"https:\/\/motycs.it\/ro\/wp-json\/wp\/v2\/product\/963","targetHints":{"allow":["GET"]}}],"collection":[{"href":"https:\/\/motycs.it\/ro\/wp-json\/wp\/v2\/product"}],"about":[{"href":"https:\/\/motycs.it\/ro\/wp-json\/wp\/v2\/types\/product"}],"wp:featuredmedia":[{"embeddable":true,"href":"https:\/\/motycs.it\/ro\/wp-json\/wp\/v2\/media\/1154"}],"wp:attachment":[{"href":"https:\/\/motycs.it\/ro\/wp-json\/wp\/v2\/media?parent=963"}],"wp:term":[{"taxonomy":"product_cat","embeddable":true,"href":"https:\/\/motycs.it\/ro\/wp-json\/wp\/v2\/product_cat?post=963"},{"taxonomy":"product_tag","embeddable":true,"href":"https:\/\/motycs.it\/ro\/wp-json\/wp\/v2\/product_tag?post=963"}],"curies":[{"name":"wp","href":"https:\/\/api.w.org\/{rel}","templated":true}]}}