{"id":1429,"date":"2023-04-11T22:17:17","date_gmt":"2023-04-11T20:17:17","guid":{"rendered":"https:\/\/motycs.it\/?post_type=product&#038;p=1429"},"modified":"2023-05-04T10:52:32","modified_gmt":"2023-05-04T08:52:32","slug":"prova-sospensioni","status":"publish","type":"product","link":"https:\/\/motycs.it\/ro\/product\/masina-de-amortizoare\/","title":{"rendered":"Testul amortizorului"},"content":{"rendered":"<h5>Func\u021bionare \u0219i caracteristici<\/h5>\n<ul>\n<li>\n<h6><strong>Motor electric<\/strong><\/h6>\n<\/li>\n<\/ul>\n<p>Bancurile de testare a amortizoarelor sunt de obicei <strong>ac\u021bionate de motoare trifazate cu induc\u021bie de curent alternativ trifazat<\/strong>. Dimensiunea \u0219i puterea motoarelor sunt limitate de tensiunea de alimentare. Este foarte recomandat s\u0103 ac\u021biona\u021bi motorul cu un VFD pentru a efectua teste automate cu mai multe viteze. Pentru valori de putere mai mici de 4 CP, VFD poate fi alimentat de un sistem monofazat. Dar pentru valori de putere mai mari, este necesar un sistem trifazat.<\/p>\n<ul>\n<li>\n<h6><strong>Cutia de viteze<\/strong><\/h6>\n<\/li>\n<\/ul>\n<p><strong>Ie\u0219irea motorului este echipat\u0103 cu o cutie de viteze<\/strong>. Tura\u021bia maxim\u0103 a arborelui de ie\u0219ire trebuie s\u0103 fie cuprins\u0103 \u00eentre 300-500 RPM.<br \/>\nDe\u0219i majoritatea motoarelor de induc\u021bie func\u021bioneaz\u0103 la 1450 RPM la 50 Hz, VFD poate cre\u0219te cu u\u0219urin\u021b\u0103 aceast\u0103 vitez\u0103 la aproape dublu (100 Hz), ceea ce duce la un cuplu mare la vitez\u0103 mic\u0103 (cutie de viteze de 300 RPM) \u0219i o frecven\u021b\u0103 crescut\u0103 pentru a permite testarea amortizorului la viteze mai mari (cu o u\u0219oar\u0103 reducere a puterii totale).<\/p>\n<ul>\n<li>\n<h6><strong>Celula de \u00eenc\u0103rcare<\/strong><\/h6>\n<\/li>\n<\/ul>\n<p>O celul\u0103 de sarcin\u0103 este un traductor care converte\u0219te for\u021ba \u00een semnale electrice analogice. Celula de sarcin\u0103 inclus\u0103 \u00een sistem m\u0103soar\u0103 for\u021ba exercitat\u0103 asupra amortizorului, permi\u021b\u00e2nd o <strong>analiz\u0103 aprofundat\u0103 \u00een diferitele intervale de func\u021bionare<\/strong><\/p>\n<ul>\n<li>\n<h6><strong>Senzor de temperatur\u0103<\/strong><\/h6>\n<\/li>\n<\/ul>\n<p><strong>Temperatura se m\u0103soar\u0103 cu ajutorul unui termocuplu<\/strong>fixat cu o band\u0103 Velcro. Performan\u021ba amortizorului poate varia drastic la temperaturi diferite. Cu ajutorul sistemului de monitorizare a temperaturii, este posibil s\u0103 se determine modul \u00een care se va comporta amortizorul \u00een diferite condi\u021bii. Amortizorul poate fi \u00eenc\u0103lzit direct pe dinamometru (termocuplul nu este inclus).<\/p>\n<ul>\n<li>\n<h6><strong>Poten\u021biometru<\/strong><\/h6>\n<\/li>\n<\/ul>\n<p>Shockanalyzer DAQ utilizeaz\u0103 un <strong>Poten\u021biometru de 100 mm<\/strong> pentru m\u0103surarea vitezei \u0219i a pozi\u021biei, furnizat \u00eempreun\u0103 cu kitul. A <strong>poten\u021biometru op\u021bional, 150 mm<\/strong>.<\/p>\n<ul>\n<li>\n<h6><strong>Selector de lungime a cursei<\/strong><\/h6>\n<\/li>\n<\/ul>\n<p>Zece g\u0103uri filetate \u00een form\u0103 de spiral\u0103 caracterizeaz\u0103 volantul sistemului. <strong>Tija de leg\u0103tur\u0103 poate fi fixat\u0103 \u00een orice alezaj, select\u00e2nd astfel lungimea de curs\u0103 dorit\u0103.<\/strong>. Cu c\u00e2t cursa este mai lung\u0103, cu at\u00e2t este nevoie de mai mult\u0103 putere la motor pentru a mi\u0219ca amortizorul.<\/p>\n<p><strong>Toate bancurile de testare pot fi personalizate la cerere.<\/strong>\u00een fiecare detaliu.<\/p>\n<p><strong>Trimite\u021bi-ne un mesaj pentru mai multe informa\u021bii<\/strong>completa\u021bi formularul <strong><a href=\"https:\/\/motycs.it\/ro\/contacte\/\">cerere de contact<\/a><\/strong><\/p>\n<p>Descoperi\u021bi gama <a href=\"https:\/\/motycs.it\/ro\/product-category\/banchi-prova-potenza\/\"><strong>bancuri de testare cu role<\/strong><\/a><\/p>\n<h6>INSIGHTS<\/h6>\n<ul>\n<li><strong><a href=\"https:\/\/motycs.it\/ro\/concepte-de-baza-sasiu-banc-de-incercare-dyno\/\">Descoperi\u021bi conceptele de baz\u0103 ale bancurilor de testare a motoarelor \u0219i rolelor<\/a><\/strong><\/li>\n<li><strong><a href=\"https:\/\/motycs.it\/ro\/bancuri-de-testare-4wd\/\">Avantajele bancurilor de testare a puterii axei conectate 4WD<\/a><\/strong><\/li>\n<li><strong><a href=\"https:\/\/motycs.it\/ro\/bancuri-de-testare-putere-biroll-cu-singura-rola\/\">Bancuri de testare MONO-roller \u0219i BI-roller<\/a><\/strong><\/li>\n<li><a href=\"https:\/\/motycs.it\/ro\/putere-disipata-bancuri-proof\/\"><strong>Disiparea de putere<\/strong><\/a><\/li>\n<\/ul>\n<p>&nbsp;<\/p>","protected":false},"excerpt":{"rendered":"<ul>\n<li><strong>Cadru robust<\/strong> din o\u021bel vopsit.<\/li>\n<li><strong>Bare verticale:<\/strong> 1,5 metri \u00een total, 1,2 m utilizabili<\/li>\n<li><strong>Motor 4KW<\/strong> (5,5 CP)<\/li>\n<li><strong>Reductor de vitez\u0103.<\/strong> 250 RPM nominal, max. 460 RPM<\/li>\n<li><strong>Invertor<\/strong>380V 4KW (op\u021bional 230V)<\/li>\n<li><strong>Celula de \u00eenc\u0103rcare<\/strong> de la 1000 kg<\/li>\n<li><strong>Poten\u021biometru<\/strong> 100 mm liniar (150 mm op\u021bional)<\/li>\n<li><strong>DAQ ShockAnalyzer<\/strong> (sistem de control \u0219i achizi\u021bie)<\/li>\n<li><strong>Adaptor USB FTDI<\/strong> un RS232<\/li>\n<li><strong>Sistem de montare standard<\/strong> a amortizoarelor (tip amortizor spate)<\/li>\n<\/ul>","protected":false},"featured_media":1424,"template":"","meta":[],"product_cat":[135],"product_tag":[136,137,138],"class_list":["post-1429","product","type-product","status-publish","has-post-thumbnail","hentry","product_cat-prova-sospensioni","product_tag-banco-prova-sospensioni","product_tag-prova-ammortizzatori","product_tag-shock-absorber"],"yoast_head":"<!-- This site is optimized with the Yoast SEO plugin v26.5 - https:\/\/yoast.com\/wordpress\/plugins\/seo\/ -->\n<title>Prova ammortizzatori - MOTYCS<\/title>\n<meta name=\"description\" content=\"Banchi prova e sistemi di controllo Sport Devices, scopri il banco prova ammortizzatori completo di sistema di acquisizione\" \/>\n<meta name=\"robots\" content=\"index, follow, max-snippet:-1, max-image-preview:large, max-video-preview:-1\" \/>\n<link rel=\"canonical\" href=\"https:\/\/motycs.it\/ro\/product\/masina-de-amortizoare\/\" \/>\n<meta property=\"og:locale\" content=\"ro_RO\" \/>\n<meta property=\"og:type\" content=\"article\" \/>\n<meta property=\"og:title\" content=\"Prova ammortizzatori - MOTYCS\" \/>\n<meta property=\"og:description\" content=\"Banchi prova e sistemi di controllo Sport Devices, scopri il banco prova ammortizzatori completo di sistema di acquisizione\" \/>\n<meta property=\"og:url\" content=\"https:\/\/motycs.it\/ro\/product\/masina-de-amortizoare\/\" \/>\n<meta property=\"og:site_name\" content=\"MOTYCS\" \/>\n<meta property=\"article:publisher\" content=\"https:\/\/www.facebook.com\/motycs\/\" \/>\n<meta property=\"article:modified_time\" content=\"2023-05-04T08:52:32+00:00\" \/>\n<meta property=\"og:image\" content=\"https:\/\/motycs.it\/wp-content\/uploads\/2023\/04\/shockabsorber1.jpg\" \/>\n\t<meta property=\"og:image:width\" content=\"600\" \/>\n\t<meta property=\"og:image:height\" content=\"600\" \/>\n\t<meta property=\"og:image:type\" content=\"image\/jpeg\" \/>\n<meta name=\"twitter:card\" content=\"summary_large_image\" \/>\n<meta name=\"twitter:label1\" content=\"Timp estimat pentru citire\" \/>\n\t<meta name=\"twitter:data1\" content=\"3 minute\" \/>\n<script type=\"application\/ld+json\" class=\"yoast-schema-graph\">{\"@context\":\"https:\/\/schema.org\",\"@graph\":[{\"@type\":\"WebPage\",\"@id\":\"https:\/\/motycs.it\/product\/prova-sospensioni\/\",\"url\":\"https:\/\/motycs.it\/product\/prova-sospensioni\/\",\"name\":\"Prova ammortizzatori - MOTYCS\",\"isPartOf\":{\"@id\":\"https:\/\/motycs.it\/#website\"},\"primaryImageOfPage\":{\"@id\":\"https:\/\/motycs.it\/product\/prova-sospensioni\/#primaryimage\"},\"image\":{\"@id\":\"https:\/\/motycs.it\/product\/prova-sospensioni\/#primaryimage\"},\"thumbnailUrl\":\"https:\/\/motycs.it\/wp-content\/uploads\/2023\/04\/shockabsorber1.jpg\",\"datePublished\":\"2023-04-11T20:17:17+00:00\",\"dateModified\":\"2023-05-04T08:52:32+00:00\",\"description\":\"Banchi prova e sistemi di controllo Sport Devices, scopri il banco prova ammortizzatori completo di sistema di acquisizione\",\"breadcrumb\":{\"@id\":\"https:\/\/motycs.it\/product\/prova-sospensioni\/#breadcrumb\"},\"inLanguage\":\"ro-RO\",\"potentialAction\":[{\"@type\":\"ReadAction\",\"target\":[\"https:\/\/motycs.it\/product\/prova-sospensioni\/\"]}]},{\"@type\":\"ImageObject\",\"inLanguage\":\"ro-RO\",\"@id\":\"https:\/\/motycs.it\/product\/prova-sospensioni\/#primaryimage\",\"url\":\"https:\/\/motycs.it\/wp-content\/uploads\/2023\/04\/shockabsorber1.jpg\",\"contentUrl\":\"https:\/\/motycs.it\/wp-content\/uploads\/2023\/04\/shockabsorber1.jpg\",\"width\":600,\"height\":600,\"caption\":\"prova ammortizzatori motycs\"},{\"@type\":\"BreadcrumbList\",\"@id\":\"https:\/\/motycs.it\/product\/prova-sospensioni\/#breadcrumb\",\"itemListElement\":[{\"@type\":\"ListItem\",\"position\":1,\"name\":\"Home\",\"item\":\"https:\/\/motycs.it\/\"},{\"@type\":\"ListItem\",\"position\":2,\"name\":\"Shop\",\"item\":\"https:\/\/motycs.it\/shop\/\"},{\"@type\":\"ListItem\",\"position\":3,\"name\":\"Prova ammortizzatori\"}]},{\"@type\":\"WebSite\",\"@id\":\"https:\/\/motycs.it\/#website\",\"url\":\"https:\/\/motycs.it\/\",\"name\":\"MOTYCS\",\"description\":\"\",\"publisher\":{\"@id\":\"https:\/\/motycs.it\/#organization\"},\"potentialAction\":[{\"@type\":\"SearchAction\",\"target\":{\"@type\":\"EntryPoint\",\"urlTemplate\":\"https:\/\/motycs.it\/?s={search_term_string}\"},\"query-input\":{\"@type\":\"PropertyValueSpecification\",\"valueRequired\":true,\"valueName\":\"search_term_string\"}}],\"inLanguage\":\"ro-RO\"},{\"@type\":\"Organization\",\"@id\":\"https:\/\/motycs.it\/#organization\",\"name\":\"MOTYCS\",\"url\":\"https:\/\/motycs.it\/\",\"logo\":{\"@type\":\"ImageObject\",\"inLanguage\":\"ro-RO\",\"@id\":\"https:\/\/motycs.it\/#\/schema\/logo\/image\/\",\"url\":\"https:\/\/motycs.it\/wp-content\/uploads\/2022\/03\/orizz_bianc.jpg\",\"contentUrl\":\"https:\/\/motycs.it\/wp-content\/uploads\/2022\/03\/orizz_bianc.jpg\",\"width\":600,\"height\":159,\"caption\":\"MOTYCS\"},\"image\":{\"@id\":\"https:\/\/motycs.it\/#\/schema\/logo\/image\/\"},\"sameAs\":[\"https:\/\/www.facebook.com\/motycs\/\",\"https:\/\/www.instagram.com\/motycs.teq\/\",\"https:\/\/www.linkedin.com\/company\/motycs\/\",\"https:\/\/www.pinterest.it\/Motycsdynamometer\/\",\"https:\/\/www.youtube.com\/channel\/UCl_9nwLJn-fMI6UMZVc0tZw\"]}]}<\/script>\n<!-- \/ Yoast SEO plugin. -->","yoast_head_json":{"title":"Testul amortizorului de \u0219ocuri - MOTYCS","description":"Bancuri de testare \u0219i sisteme de control Sport Devices, descoperi\u021bi bancul de testare pentru amortizoare de \u0219ocuri complet cu sistem de achizi\u021bie","robots":{"index":"index","follow":"follow","max-snippet":"max-snippet:-1","max-image-preview":"max-image-preview:large","max-video-preview":"max-video-preview:-1"},"canonical":"https:\/\/motycs.it\/ro\/product\/masina-de-amortizoare\/","og_locale":"ro_RO","og_type":"article","og_title":"Prova ammortizzatori - MOTYCS","og_description":"Banchi prova e sistemi di controllo Sport Devices, scopri il banco prova ammortizzatori completo di sistema di acquisizione","og_url":"https:\/\/motycs.it\/ro\/product\/masina-de-amortizoare\/","og_site_name":"MOTYCS","article_publisher":"https:\/\/www.facebook.com\/motycs\/","article_modified_time":"2023-05-04T08:52:32+00:00","og_image":[{"width":600,"height":600,"url":"https:\/\/motycs.it\/wp-content\/uploads\/2023\/04\/shockabsorber1.jpg","type":"image\/jpeg"}],"twitter_card":"summary_large_image","twitter_misc":{"Timp estimat pentru citire":"3 minute"},"schema":{"@context":"https:\/\/schema.org","@graph":[{"@type":"WebPage","@id":"https:\/\/motycs.it\/product\/prova-sospensioni\/","url":"https:\/\/motycs.it\/product\/prova-sospensioni\/","name":"Testul amortizorului de \u0219ocuri - MOTYCS","isPartOf":{"@id":"https:\/\/motycs.it\/#website"},"primaryImageOfPage":{"@id":"https:\/\/motycs.it\/product\/prova-sospensioni\/#primaryimage"},"image":{"@id":"https:\/\/motycs.it\/product\/prova-sospensioni\/#primaryimage"},"thumbnailUrl":"https:\/\/motycs.it\/wp-content\/uploads\/2023\/04\/shockabsorber1.jpg","datePublished":"2023-04-11T20:17:17+00:00","dateModified":"2023-05-04T08:52:32+00:00","description":"Bancuri de testare \u0219i sisteme de control Sport Devices, descoperi\u021bi bancul de testare pentru amortizoare de \u0219ocuri complet cu sistem de achizi\u021bie","breadcrumb":{"@id":"https:\/\/motycs.it\/product\/prova-sospensioni\/#breadcrumb"},"inLanguage":"ro-RO","potentialAction":[{"@type":"ReadAction","target":["https:\/\/motycs.it\/product\/prova-sospensioni\/"]}]},{"@type":"ImageObject","inLanguage":"ro-RO","@id":"https:\/\/motycs.it\/product\/prova-sospensioni\/#primaryimage","url":"https:\/\/motycs.it\/wp-content\/uploads\/2023\/04\/shockabsorber1.jpg","contentUrl":"https:\/\/motycs.it\/wp-content\/uploads\/2023\/04\/shockabsorber1.jpg","width":600,"height":600,"caption":"prova ammortizzatori motycs"},{"@type":"BreadcrumbList","@id":"https:\/\/motycs.it\/product\/prova-sospensioni\/#breadcrumb","itemListElement":[{"@type":"ListItem","position":1,"name":"Home","item":"https:\/\/motycs.it\/"},{"@type":"ListItem","position":2,"name":"Shop","item":"https:\/\/motycs.it\/shop\/"},{"@type":"ListItem","position":3,"name":"Prova ammortizzatori"}]},{"@type":"WebSite","@id":"https:\/\/motycs.it\/#website","url":"https:\/\/motycs.it\/","name":"MOTYCS","description":"","publisher":{"@id":"https:\/\/motycs.it\/#organization"},"potentialAction":[{"@type":"SearchAction","target":{"@type":"EntryPoint","urlTemplate":"https:\/\/motycs.it\/?s={search_term_string}"},"query-input":{"@type":"PropertyValueSpecification","valueRequired":true,"valueName":"search_term_string"}}],"inLanguage":"ro-RO"},{"@type":"Organization","@id":"https:\/\/motycs.it\/#organization","name":"MOTYCS","url":"https:\/\/motycs.it\/","logo":{"@type":"ImageObject","inLanguage":"ro-RO","@id":"https:\/\/motycs.it\/#\/schema\/logo\/image\/","url":"https:\/\/motycs.it\/wp-content\/uploads\/2022\/03\/orizz_bianc.jpg","contentUrl":"https:\/\/motycs.it\/wp-content\/uploads\/2022\/03\/orizz_bianc.jpg","width":600,"height":159,"caption":"MOTYCS"},"image":{"@id":"https:\/\/motycs.it\/#\/schema\/logo\/image\/"},"sameAs":["https:\/\/www.facebook.com\/motycs\/","https:\/\/www.instagram.com\/motycs.teq\/","https:\/\/www.linkedin.com\/company\/motycs\/","https:\/\/www.pinterest.it\/Motycsdynamometer\/","https:\/\/www.youtube.com\/channel\/UCl_9nwLJn-fMI6UMZVc0tZw"]}]}},"_links":{"self":[{"href":"https:\/\/motycs.it\/ro\/wp-json\/wp\/v2\/product\/1429","targetHints":{"allow":["GET"]}}],"collection":[{"href":"https:\/\/motycs.it\/ro\/wp-json\/wp\/v2\/product"}],"about":[{"href":"https:\/\/motycs.it\/ro\/wp-json\/wp\/v2\/types\/product"}],"wp:featuredmedia":[{"embeddable":true,"href":"https:\/\/motycs.it\/ro\/wp-json\/wp\/v2\/media\/1424"}],"wp:attachment":[{"href":"https:\/\/motycs.it\/ro\/wp-json\/wp\/v2\/media?parent=1429"}],"wp:term":[{"taxonomy":"product_cat","embeddable":true,"href":"https:\/\/motycs.it\/ro\/wp-json\/wp\/v2\/product_cat?post=1429"},{"taxonomy":"product_tag","embeddable":true,"href":"https:\/\/motycs.it\/ro\/wp-json\/wp\/v2\/product_tag?post=1429"}],"curies":[{"name":"wp","href":"https:\/\/api.w.org\/{rel}","templated":true}]}}