{"id":1003,"date":"2022-03-17T18:49:44","date_gmt":"2022-03-17T17:49:44","guid":{"rendered":"https:\/\/motycs.it\/?post_type=product&#038;p=1003"},"modified":"2023-05-04T10:55:02","modified_gmt":"2023-05-04T08:55:02","slug":"omologativi","status":"publish","type":"product","link":"https:\/\/motycs.it\/ro\/product\/omologative\/","title":{"rendered":"Sisteme al omolog\u0103rii"},"content":{"rendered":"<h5><strong>SISTEME DE CONTROL PE PLATFORMA NI 'NATIONAL INSTRUMENTS' (COMPACT-RIO)<\/strong><\/h5>\n<h6><strong>CARACTERISTICILE SISTEMULUI<\/strong><\/h6>\n<ul>\n<li>Dezvoltat pe <strong>trei niveluri: FPGA, timp real, Windows.<\/strong><\/li>\n<li><strong>Telemetria timpilor buclelor paralele cu priorit\u0103\u021bi diferen\u021biate<\/strong><\/li>\n<li><strong>Ierarhie descendent\u0103<\/strong> pentru fluxurile de intrare\/ie\u0219ire \u0219i pentru controale<\/li>\n<li><strong>Intr\u0103ri analogice gestionate individual<\/strong><\/li>\n<li><strong>Activare\/timbru\/filtrul<\/strong> (digital, statistic)<\/li>\n<li><strong>Conectarea senzorului de captare a revolu\u021biei cu und\u0103 p\u0103trat\u0103<\/strong><\/li>\n<li><strong>St\u0103ri de alarm\u0103<\/strong> din sala de repeti\u021bii<\/li>\n<li><strong>Ie\u0219iri analogice \u0219i digitale<\/strong><\/li>\n<li><strong>Set de fr\u00e2n\u0103 \u0219i accelerator<\/strong> (dinamic\u0103 ridicat\u0103)<\/li>\n<li><strong>Controlul supapei pentru fluide<\/strong> (dinamic\u0103 redus\u0103)<\/li>\n<li><strong>Intr\u0103ri analogice speciale: \u00eenalt\u0103 defini\u021bie<\/strong> (24 bi\u021bi) per celul\u0103 de sarcin\u0103<\/li>\n<li><strong>De \u00eenalt\u0103 defini\u021bie (24 bi\u021bi) pentru termocuple\/termorezistori<\/strong><\/li>\n<li><strong>Execut\u0103 ceea ce este scris \u00een fi\u0219ierul Excel + Export \u00een fi\u0219ier text<\/strong><\/li>\n<li>Parametrizarea constantelor<\/li>\n<li>Limitarea auto\u00eenv\u0103\u021b\u0103rii (gril\u0103)<\/li>\n<li>Memoria comportamentului anterior (uut)<\/li>\n<\/ul>\n<h6><strong>DOMENII DE APLICARE<\/strong><\/h6>\n<ul>\n<li>Automotive<\/li>\n<li>Agricultur\u0103<\/li>\n<li>Oledinamics<\/li>\n<li>Pneumatic\u0103<\/li>\n<li>Ateliere de lucru<\/li>\n<\/ul>\n<p>Afla\u021bi mai multe la <strong><a href=\"https:\/\/motycs.it\/ro\/sisteme-homologhe\/\">aceast\u0103 pagin\u0103<\/a><\/strong><\/p>\n<h6>INSIGHTS<\/h6>\n<ul>\n<li><strong><a href=\"https:\/\/motycs.it\/ro\/concepte-de-baza-sasiu-banc-de-incercare-dyno\/\">Descoperi\u021bi conceptele de baz\u0103 ale bancurilor de testare a motoarelor \u0219i rolelor<\/a><\/strong><\/li>\n<\/ul>","protected":false},"excerpt":{"rendered":"<p>Acestea permit <strong>recondi\u021bionarea sau modernizarea s\u0103lilor de testare \u0219i a bancurilor de testare existente<\/strong>adaptarea la orice tip de mecanic\u0103 (at\u00e2t la bancurile de testare cu role, c\u00e2t \u0219i la bancurile de testare a motoarelor). Dezvoltat \u00een \u00eentregime pentru <strong>ofer\u0103 profesioni\u0219tilor flexibilitate maxim\u0103 \u0219i adaptabilitate la diferite medii de lucru<\/strong>; dezvoltat pe o platform\u0103 industrial\u0103 <strong>National Instruments (NI) Compact-Rio<\/strong><\/p>\n<h6><strong>DIFERITE DOMENII DE APLICARE<\/strong><\/h6>\n<ul>\n<li><strong>Bancuri de testare pentru automobile<\/strong><\/li>\n<li><strong>Banchete pentru motoare<\/strong> (cercetare \u0219i dezvoltare, produc\u021bie)<\/li>\n<li><strong>B\u0103nci pentru vehicule<\/strong> (rol, emisii)<\/li>\n<li><strong>Testarea componentelor<\/strong><\/li>\n<li><strong>Aplica\u021bii NVH<\/strong><\/li>\n<li><strong>ECU<\/strong> (achizi\u021bie, calibrare, diagnosticare)<\/li>\n<\/ul>\n<p>Afla\u021bi aici<strong> <a href=\"https:\/\/motycs.it\/ro\/sisteme-homologhe\/\">mai multe detalii \u0219i alte domenii de aplicare<\/a><\/strong><\/p>","protected":false},"featured_media":1075,"template":"","meta":[],"product_cat":[95],"product_tag":[117,118],"class_list":["post-1003","product","type-product","status-publish","has-post-thumbnail","hentry","product_cat-sistemi-di-controllo","product_tag-daq-omologativi","product_tag-sistemi-di-controllo-omologazione-veicoli"],"yoast_head":"<!-- This site is optimized with the Yoast SEO plugin v26.5 - https:\/\/yoast.com\/wordpress\/plugins\/seo\/ -->\n<title>Sistemi di controllo omologativi - MOTYCS<\/title>\n<meta name=\"description\" content=\"Rinnova i tuo banco prova, con il nostro sistema dedicato alla gestione di sale prova e banchi omologativi. Riconosciuto dal ministero dei trasporti\" \/>\n<meta name=\"robots\" content=\"index, follow, max-snippet:-1, max-image-preview:large, max-video-preview:-1\" \/>\n<link rel=\"canonical\" href=\"https:\/\/motycs.it\/ro\/product\/omologative\/\" \/>\n<meta property=\"og:locale\" content=\"ro_RO\" \/>\n<meta property=\"og:type\" content=\"article\" \/>\n<meta property=\"og:title\" content=\"Sistemi di controllo omologativi - MOTYCS\" \/>\n<meta property=\"og:description\" content=\"Rinnova i tuo banco prova, con il nostro sistema dedicato alla gestione di sale prova e banchi omologativi. Riconosciuto dal ministero dei trasporti\" \/>\n<meta property=\"og:url\" content=\"https:\/\/motycs.it\/ro\/product\/omologative\/\" \/>\n<meta property=\"og:site_name\" content=\"MOTYCS\" \/>\n<meta property=\"article:publisher\" content=\"https:\/\/www.facebook.com\/motycs\/\" \/>\n<meta property=\"article:modified_time\" content=\"2023-05-04T08:55:02+00:00\" \/>\n<meta property=\"og:image\" content=\"https:\/\/motycs.it\/wp-content\/uploads\/2022\/03\/SW_banchi-prova-cicli-w740.png\" \/>\n\t<meta property=\"og:image:width\" content=\"740\" \/>\n\t<meta property=\"og:image:height\" content=\"519\" \/>\n\t<meta property=\"og:image:type\" content=\"image\/png\" \/>\n<meta name=\"twitter:card\" content=\"summary_large_image\" \/>\n<meta name=\"twitter:label1\" content=\"Timp estimat pentru citire\" \/>\n\t<meta name=\"twitter:data1\" content=\"2 minute\" \/>\n<script type=\"application\/ld+json\" class=\"yoast-schema-graph\">{\"@context\":\"https:\/\/schema.org\",\"@graph\":[{\"@type\":\"WebPage\",\"@id\":\"https:\/\/motycs.it\/product\/omologativi\/\",\"url\":\"https:\/\/motycs.it\/product\/omologativi\/\",\"name\":\"Sistemi di controllo omologativi - MOTYCS\",\"isPartOf\":{\"@id\":\"https:\/\/motycs.it\/#website\"},\"primaryImageOfPage\":{\"@id\":\"https:\/\/motycs.it\/product\/omologativi\/#primaryimage\"},\"image\":{\"@id\":\"https:\/\/motycs.it\/product\/omologativi\/#primaryimage\"},\"thumbnailUrl\":\"https:\/\/motycs.it\/wp-content\/uploads\/2022\/03\/SW_banchi-prova-cicli-w740.png\",\"datePublished\":\"2022-03-17T17:49:44+00:00\",\"dateModified\":\"2023-05-04T08:55:02+00:00\",\"description\":\"Rinnova i tuo banco prova, con il nostro sistema dedicato alla gestione di sale prova e banchi omologativi. Riconosciuto dal ministero dei trasporti\",\"breadcrumb\":{\"@id\":\"https:\/\/motycs.it\/product\/omologativi\/#breadcrumb\"},\"inLanguage\":\"ro-RO\",\"potentialAction\":[{\"@type\":\"ReadAction\",\"target\":[\"https:\/\/motycs.it\/product\/omologativi\/\"]}]},{\"@type\":\"ImageObject\",\"inLanguage\":\"ro-RO\",\"@id\":\"https:\/\/motycs.it\/product\/omologativi\/#primaryimage\",\"url\":\"https:\/\/motycs.it\/wp-content\/uploads\/2022\/03\/SW_banchi-prova-cicli-w740.png\",\"contentUrl\":\"https:\/\/motycs.it\/wp-content\/uploads\/2022\/03\/SW_banchi-prova-cicli-w740.png\",\"width\":740,\"height\":519},{\"@type\":\"BreadcrumbList\",\"@id\":\"https:\/\/motycs.it\/product\/omologativi\/#breadcrumb\",\"itemListElement\":[{\"@type\":\"ListItem\",\"position\":1,\"name\":\"Home\",\"item\":\"https:\/\/motycs.it\/\"},{\"@type\":\"ListItem\",\"position\":2,\"name\":\"Shop\",\"item\":\"https:\/\/motycs.it\/shop\/\"},{\"@type\":\"ListItem\",\"position\":3,\"name\":\"Sistemi di controllo omologativi\"}]},{\"@type\":\"WebSite\",\"@id\":\"https:\/\/motycs.it\/#website\",\"url\":\"https:\/\/motycs.it\/\",\"name\":\"MOTYCS\",\"description\":\"\",\"publisher\":{\"@id\":\"https:\/\/motycs.it\/#organization\"},\"potentialAction\":[{\"@type\":\"SearchAction\",\"target\":{\"@type\":\"EntryPoint\",\"urlTemplate\":\"https:\/\/motycs.it\/?s={search_term_string}\"},\"query-input\":{\"@type\":\"PropertyValueSpecification\",\"valueRequired\":true,\"valueName\":\"search_term_string\"}}],\"inLanguage\":\"ro-RO\"},{\"@type\":\"Organization\",\"@id\":\"https:\/\/motycs.it\/#organization\",\"name\":\"MOTYCS\",\"url\":\"https:\/\/motycs.it\/\",\"logo\":{\"@type\":\"ImageObject\",\"inLanguage\":\"ro-RO\",\"@id\":\"https:\/\/motycs.it\/#\/schema\/logo\/image\/\",\"url\":\"https:\/\/motycs.it\/wp-content\/uploads\/2022\/03\/orizz_bianc.jpg\",\"contentUrl\":\"https:\/\/motycs.it\/wp-content\/uploads\/2022\/03\/orizz_bianc.jpg\",\"width\":600,\"height\":159,\"caption\":\"MOTYCS\"},\"image\":{\"@id\":\"https:\/\/motycs.it\/#\/schema\/logo\/image\/\"},\"sameAs\":[\"https:\/\/www.facebook.com\/motycs\/\",\"https:\/\/www.instagram.com\/motycs.teq\/\",\"https:\/\/www.linkedin.com\/company\/motycs\/\",\"https:\/\/www.pinterest.it\/Motycsdynamometer\/\",\"https:\/\/www.youtube.com\/channel\/UCl_9nwLJn-fMI6UMZVc0tZw\"]}]}<\/script>\n<!-- \/ Yoast SEO plugin. -->","yoast_head_json":{"title":"Sisteme de control pentru omologarea de tip - MOTYCS","description":"Re\u00eennoie\u0219te-\u021bi bancul de testare cu sistemul nostru dedicat pentru gestionarea camerelor de testare \u0219i a bancurilor de omologare. Recunoscut\u0103 de Ministerul Transporturilor","robots":{"index":"index","follow":"follow","max-snippet":"max-snippet:-1","max-image-preview":"max-image-preview:large","max-video-preview":"max-video-preview:-1"},"canonical":"https:\/\/motycs.it\/ro\/product\/omologative\/","og_locale":"ro_RO","og_type":"article","og_title":"Sistemi di controllo omologativi - MOTYCS","og_description":"Rinnova i tuo banco prova, con il nostro sistema dedicato alla gestione di sale prova e banchi omologativi. Riconosciuto dal ministero dei trasporti","og_url":"https:\/\/motycs.it\/ro\/product\/omologative\/","og_site_name":"MOTYCS","article_publisher":"https:\/\/www.facebook.com\/motycs\/","article_modified_time":"2023-05-04T08:55:02+00:00","og_image":[{"width":740,"height":519,"url":"https:\/\/motycs.it\/wp-content\/uploads\/2022\/03\/SW_banchi-prova-cicli-w740.png","type":"image\/png"}],"twitter_card":"summary_large_image","twitter_misc":{"Timp estimat pentru citire":"2 minute"},"schema":{"@context":"https:\/\/schema.org","@graph":[{"@type":"WebPage","@id":"https:\/\/motycs.it\/product\/omologativi\/","url":"https:\/\/motycs.it\/product\/omologativi\/","name":"Sisteme de control pentru omologarea de tip - MOTYCS","isPartOf":{"@id":"https:\/\/motycs.it\/#website"},"primaryImageOfPage":{"@id":"https:\/\/motycs.it\/product\/omologativi\/#primaryimage"},"image":{"@id":"https:\/\/motycs.it\/product\/omologativi\/#primaryimage"},"thumbnailUrl":"https:\/\/motycs.it\/wp-content\/uploads\/2022\/03\/SW_banchi-prova-cicli-w740.png","datePublished":"2022-03-17T17:49:44+00:00","dateModified":"2023-05-04T08:55:02+00:00","description":"Re\u00eennoie\u0219te-\u021bi bancul de testare cu sistemul nostru dedicat pentru gestionarea camerelor de testare \u0219i a bancurilor de omologare. Recunoscut\u0103 de Ministerul Transporturilor","breadcrumb":{"@id":"https:\/\/motycs.it\/product\/omologativi\/#breadcrumb"},"inLanguage":"ro-RO","potentialAction":[{"@type":"ReadAction","target":["https:\/\/motycs.it\/product\/omologativi\/"]}]},{"@type":"ImageObject","inLanguage":"ro-RO","@id":"https:\/\/motycs.it\/product\/omologativi\/#primaryimage","url":"https:\/\/motycs.it\/wp-content\/uploads\/2022\/03\/SW_banchi-prova-cicli-w740.png","contentUrl":"https:\/\/motycs.it\/wp-content\/uploads\/2022\/03\/SW_banchi-prova-cicli-w740.png","width":740,"height":519},{"@type":"BreadcrumbList","@id":"https:\/\/motycs.it\/product\/omologativi\/#breadcrumb","itemListElement":[{"@type":"ListItem","position":1,"name":"Home","item":"https:\/\/motycs.it\/"},{"@type":"ListItem","position":2,"name":"Shop","item":"https:\/\/motycs.it\/shop\/"},{"@type":"ListItem","position":3,"name":"Sistemi di controllo omologativi"}]},{"@type":"WebSite","@id":"https:\/\/motycs.it\/#website","url":"https:\/\/motycs.it\/","name":"MOTYCS","description":"","publisher":{"@id":"https:\/\/motycs.it\/#organization"},"potentialAction":[{"@type":"SearchAction","target":{"@type":"EntryPoint","urlTemplate":"https:\/\/motycs.it\/?s={search_term_string}"},"query-input":{"@type":"PropertyValueSpecification","valueRequired":true,"valueName":"search_term_string"}}],"inLanguage":"ro-RO"},{"@type":"Organization","@id":"https:\/\/motycs.it\/#organization","name":"MOTYCS","url":"https:\/\/motycs.it\/","logo":{"@type":"ImageObject","inLanguage":"ro-RO","@id":"https:\/\/motycs.it\/#\/schema\/logo\/image\/","url":"https:\/\/motycs.it\/wp-content\/uploads\/2022\/03\/orizz_bianc.jpg","contentUrl":"https:\/\/motycs.it\/wp-content\/uploads\/2022\/03\/orizz_bianc.jpg","width":600,"height":159,"caption":"MOTYCS"},"image":{"@id":"https:\/\/motycs.it\/#\/schema\/logo\/image\/"},"sameAs":["https:\/\/www.facebook.com\/motycs\/","https:\/\/www.instagram.com\/motycs.teq\/","https:\/\/www.linkedin.com\/company\/motycs\/","https:\/\/www.pinterest.it\/Motycsdynamometer\/","https:\/\/www.youtube.com\/channel\/UCl_9nwLJn-fMI6UMZVc0tZw"]}]}},"_links":{"self":[{"href":"https:\/\/motycs.it\/ro\/wp-json\/wp\/v2\/product\/1003","targetHints":{"allow":["GET"]}}],"collection":[{"href":"https:\/\/motycs.it\/ro\/wp-json\/wp\/v2\/product"}],"about":[{"href":"https:\/\/motycs.it\/ro\/wp-json\/wp\/v2\/types\/product"}],"wp:featuredmedia":[{"embeddable":true,"href":"https:\/\/motycs.it\/ro\/wp-json\/wp\/v2\/media\/1075"}],"wp:attachment":[{"href":"https:\/\/motycs.it\/ro\/wp-json\/wp\/v2\/media?parent=1003"}],"wp:term":[{"taxonomy":"product_cat","embeddable":true,"href":"https:\/\/motycs.it\/ro\/wp-json\/wp\/v2\/product_cat?post=1003"},{"taxonomy":"product_tag","embeddable":true,"href":"https:\/\/motycs.it\/ro\/wp-json\/wp\/v2\/product_tag?post=1003"}],"curies":[{"name":"wp","href":"https:\/\/api.w.org\/{rel}","templated":true}]}}