{"id":1002,"date":"2022-03-17T18:49:16","date_gmt":"2022-03-17T17:49:16","guid":{"rendered":"https:\/\/motycs.it\/?post_type=product&#038;p=1002"},"modified":"2023-05-26T10:30:54","modified_gmt":"2023-05-26T08:30:54","slug":"prova-potenza","status":"publish","type":"product","link":"https:\/\/motycs.it\/ro\/product\/testarea-puterii\/","title":{"rendered":"Diagnosticare \u0219i calibrare"},"content":{"rendered":"<p>Produse <strong>avansate, actualizate \u0219i flexibile<\/strong>; capabil de <strong>s\u0103 ne adapt\u0103m la profesionalismul, competen\u021ba \u0219i nevoile clien\u021bilor no\u0219tri<\/strong>.<\/p>\n<p><strong>Repetabilitatea testelor, personalizarea hardware-ului \u0219i a software-ului, compatibilitatea sondelor \u0219i a dispozitivelor de ac\u021bionare, posibilitatea de extindere total\u0103 a sistemului.<\/strong>; acestea sunt principiile pe baza c\u0103rora ne-a pl\u0103cut \u00eentotdeauna s\u0103 dezvolt\u0103m sistemele noastre de testare a motoarelor.<\/p>\n<h6><strong>Gam\u0103 larg\u0103 de accesorii dedicate s\u0103lii de testare a motoarelor <\/strong>(\u00een func\u021bie de model):<\/h6>\n<ul>\n<li><strong>Interfa\u021b\u0103 OBDII<\/strong> vehicul<\/li>\n<li><strong>Sonde Lambda <\/strong>\u0219i controlerul<\/li>\n<li>Intr\u0103ri <strong>termocuple<\/strong><\/li>\n<li><strong>P\u00e2n\u0103 la 24 de canale<\/strong> analogic\/digital, extensibil<\/li>\n<li><strong>Interfe\u021be de conectare<\/strong><\/li>\n<li><strong>Ac\u021bion\u0103ri servocontrolate<\/strong><\/li>\n<li><strong>Prize controlate<\/strong><\/li>\n<li><strong>Cle\u0219te inductiv<\/strong><\/li>\n<li><strong>Telecomand\u0103<\/strong><\/li>\n<\/ul>\n<p><em><strong>N.B. Toate trusele sunt livrate complete cu senzori, cabluri \u0219i accesorii utile \u0219i necesare pentru asamblare.<\/strong>.<\/em><\/p>\n<h6><strong>CARACTERISTICI ALE SOFTWARE-ULUI DE CONTROL PENTRU BANCURILE DE TESTARE <\/strong><strong>SPORT DEVICES<\/strong><\/h6>\n<ul>\n<li>Acesta poate fi <strong>instalate pe toate tipurile de bancuri de testare a puterii<\/strong> dedicat\u0103 lumii de <strong>diagnosticarea \u0219i calibrarea motorului<\/strong><\/li>\n<li><strong>Software modern, personalizabil, cu ferestre mobile, conceput pentru a u\u0219ura munca dezvoltatorului<\/strong> \u00een gestionarea sondelor\/canalelor \u0219i a datelor, cu c\u00e2t mai mult\u0103 flexibilitate \u0219i eficien\u021b\u0103 posibil.<\/li>\n<li><strong>P\u00e2n\u0103 la 3 ecrane \u00een timp real<\/strong> (necesit\u0103 o plac\u0103 video dedicat\u0103)<\/li>\n<li>Aceasta permite <strong>compara\u021bi un num\u0103r nelimitat de curbe<\/strong> citite din baza de date, c\u0103rora li se atribuie o culoare diferit\u0103. Acest lucru face posibil\u0103 <strong>s\u0103 evalueze schimb\u0103rile \u0219i \u00eembun\u0103t\u0103\u021birile \u00eenainte \u0219i dup\u0103 modific\u0103ri<\/strong>. Un indicator automat m\u0103soar\u0103 diferen\u021ba dintre curbe de-a lungul \u00eentregului grafic, pe l\u00e2ng\u0103 m\u0103surarea punctual\u0103 a acestora,<\/li>\n<li><strong>Factori de corec\u021bie<\/strong>ISO1585, SAEJ1349, DIN70020, JISD1001, EC95-1, EWG 80\/ 1269 (<strong>De asemenea, permite corectarea curbelor \u00een func\u021bie de temperatura de admisie a aerului.<\/strong>, prin intermediul interfe\u021bei OBD sau al unei sonde externe)<\/li>\n<li><strong>Posibilitatea de a compara diferitele teste efectuate, suprapun\u00e2ndu-le<\/strong><\/li>\n<li><strong>Unitatea de m\u0103sur\u0103 pentru putere (Kw,Cv), cuplu (Kg *m, N*m)<\/strong> poate fi selectat\u0103 de c\u0103tre utilizator.<\/li>\n<li><a href=\"https:\/\/www.sportdevices.com\/sportdyno41-whats-new.php\">Actualiz\u0103ri de software incluse \u0219i desc\u0103rcabile direct de pe site-ul web<\/a><\/li>\n<li>Moduri de testare disponibile: <strong>Iner\u021bial, fr\u00e2nare constant\u0103, ramp\u0103, simulare rutier\u0103, regim sta\u021bionar<\/strong>.<\/li>\n<li><strong>Conexiune Ethernet de mare vitez\u0103, CANBUS, Bluetooth (op\u021bional), RS232<\/strong>.<\/li>\n<li><strong>Interfa\u021b\u0103 OBDII pentru vehicule, sta\u021bie meteo integrat\u0103 sau extern\u0103. <\/strong><\/li>\n<li><strong>Suport\u0103 diferite modele de analizoare de gaze de e\u0219apament<\/strong><\/li>\n<li>Sistemul implementeaz\u0103 un <strong>control al fr\u00e2nei \"\u00een bucl\u0103 \u00eenchis\u0103<\/strong>. De asemenea, func\u021bioneaz\u0103 \u0219i f\u0103r\u0103 un computer (telecomand\u0103).<\/li>\n<li><strong>Comand\u0103 de la distan\u021b\u0103 a dispozitivului de ac\u021bionare a acceleratorului, a dispozitivului de ac\u021bionare a ambreiajului, a cutiei de viteze, a ventilatoarelor<\/strong> etc. de la software-ul PC.<\/li>\n<li><strong>Interfa\u021b\u0103 disponibil\u0103 \u00een 10 limbi<\/strong>, inclusiv italian\u0103.<\/li>\n<\/ul>\n<p><a href=\"https:\/\/www.sportdevices.com\/sportdyno.php\" target=\"_blank\" rel=\"noopener\">Afla\u021bi aici <strong>mai multe detalii despre software<\/strong> de control Sportdyno<\/a> (link c\u0103tre site-ul Sport Devices \u00een limba englez\u0103)<\/p>\n<p><a href=\"https:\/\/www.sportdevices.com\/download.php\" target=\"_blank\" rel=\"noopener\">Aici pute\u021bi <strong>desc\u0103rca\u021bi \u0219i instala\u021bi cea mai recent\u0103 versiune disponibil\u0103<\/strong>, pentru a vedea func\u021bionalitatea acestuia<\/a> (link c\u0103tre site-ul Sport Devices \u00een limba englez\u0103)<\/p>\n<h6><strong>CANALE DE ACHIZI\u021aIE A DATELOR\u00a0<\/strong><\/h6>\n<ul>\n<li>Sistemul de control \u0219i achizi\u021bie Sport Devices ofer\u0103 <strong>mai multe canale, de asemenea, sub releu<\/strong>dedicat achizi\u021biei de date de la senzori lambda, de presiune \u0219i termocuple; fie c\u0103 sunt analogici sau digitali (sistemele ofer\u0103 p\u00e2n\u0103 la 24 de canale \u00een versiunea SP6). <strong>Poate gestiona \u00een mod independent diferitele sisteme de ventila\u021bie din sala de testare.<\/strong>, cu patru prize controlate, configurabile \u0219i independente.<\/li>\n<\/ul>\n<h6><strong>TESTE EXECUTABILE<\/strong><\/h6>\n<ul>\n<li><strong>M\u0103sur\u0103tori de putere<\/strong> (La roat\u0103, la arborele de transmisie, disipa\u021bi)<\/li>\n<li><strong>Test de accelerare \u0219i decelerare<\/strong> (Pentru a evalua performan\u021ba atunci c\u00e2nd vehiculul este supus unor sarcini externe)<\/li>\n<li><strong>Simulare rutier\u0103<\/strong> (Pentru a verifica performan\u021bele vehiculului, inclusiv cu ajutorul instrumentelor de diagnosticare)<\/li>\n<li><strong>\u00cencerc\u0103ri iner\u021biale de accelerare \u0219i decelerare<\/strong><\/li>\n<li><strong>Teste \u00een trepte, ture constante, teste programabile ca simulare de ture\/circuit<\/strong> (fi\u0219ier CSV)<\/li>\n<\/ul>\n<p><a href=\"https:\/\/motycs.it\/wp-content\/uploads\/2023\/05\/dyno-daq-system-motycs.jpg\"><img loading=\"lazy\" decoding=\"async\" class=\"aligncenter wp-image-1589 size-full\" title=\"sportdevices spordyno test bench\" src=\"https:\/\/motycs.it\/wp-content\/uploads\/2023\/05\/dyno-daq-system-motycs.jpg\" alt=\"banc de testare software dispozitive sportive\" width=\"800\" height=\"800\" srcset=\"https:\/\/motycs.it\/wp-content\/uploads\/2023\/05\/dyno-daq-system-motycs.jpg 800w, https:\/\/motycs.it\/wp-content\/uploads\/2023\/05\/dyno-daq-system-motycs-300x300.jpg 300w, https:\/\/motycs.it\/wp-content\/uploads\/2023\/05\/dyno-daq-system-motycs-150x150.jpg 150w, https:\/\/motycs.it\/wp-content\/uploads\/2023\/05\/dyno-daq-system-motycs-768x768.jpg 768w, https:\/\/motycs.it\/wp-content\/uploads\/2023\/05\/dyno-daq-system-motycs-600x600.jpg 600w, https:\/\/motycs.it\/wp-content\/uploads\/2023\/05\/dyno-daq-system-motycs-100x100.jpg 100w\" sizes=\"auto, (max-width: 800px) 100vw, 800px\" \/><\/a><\/p>\n<h6>INSIGHTS<\/h6>\n<ul>\n<li><strong><a href=\"https:\/\/motycs.it\/ro\/concepte-de-baza-sasiu-banc-de-incercare-dyno\/\">Descoperi\u021bi conceptele de baz\u0103 ale bancurilor de testare a motoarelor \u0219i rolelor<\/a><\/strong><\/li>\n<li><strong><a href=\"https:\/\/motycs.it\/ro\/bancuri-de-testare-4wd\/\">Avantajele bancurilor de testare a puterii axei conectate 4WD<\/a><\/strong><\/li>\n<li><strong><a href=\"https:\/\/motycs.it\/ro\/bancuri-de-testare-putere-biroll-cu-singura-rola\/\">Bancuri de testare MONO-roller \u0219i BI-roller<\/a><\/strong><\/li>\n<li><a href=\"https:\/\/motycs.it\/ro\/putere-disipata-bancuri-proof\/\"><strong>Disiparea de putere<\/strong><\/a><\/li>\n<\/ul>","protected":false},"excerpt":{"rendered":"<p><strong>ACTUALIZA\u021aI BANCUL DE TESTARE\u00a0<\/strong><\/p>\n<ul>\n<li><strong>Se aplic\u0103 la<\/strong> <strong>orice tip de banc de \u00eencercare<\/strong> putere<\/li>\n<li><strong>Software de ultim\u0103 genera\u021bie<\/strong>, cu panouri mobile<\/li>\n<li><strong>P\u00e2n\u0103 la 24 de canale analogice\/digitale<\/strong><\/li>\n<\/ul>\n<p>Descoperi\u021bi modelele disponibile (link c\u0103tre site-ul Sport Devices)<\/p>\n<div class=\"page\" title=\"Pagina 4\">\n<div class=\"section\">\n<div class=\"layoutArea\">\n<div class=\"column\">\n<ul>\n<li><strong>2WD\/motociclete<\/strong> iner\u021bie:\u00a0 <em><a href=\"https:\/\/www.sportdevices.com\/sp1.php\" target=\"_blank\" rel=\"noopener\">Mod. <strong>SP1<\/strong><\/a><\/em><\/li>\n<li><strong>2WD\/motociclete<\/strong> fr\u00e2nat: <em><a href=\"https:\/\/www.sportdevices.com\/sp1_plus.php\" target=\"_blank\" rel=\"noopener\">Mod. <strong>SP1+<\/strong><\/a><\/em><\/li>\n<li><strong>4WD<\/strong> iner\u021bie:\u00a0 <em><a href=\"http:\/\/sportdevices.com\/sp1_plus.php\">Mod.<strong>SP1 AWDI<\/strong><\/a><strong>\u00a0 <\/strong><\/em><\/li>\n<li><strong>4WD<\/strong> Fr\u00e2ne:\u00a0 <em><a href=\"https:\/\/www.sportdevices.com\/sp5.php\">Mod: <strong>SP5<\/strong><\/a> \/ <strong><a href=\"https:\/\/www.sportdevices.com\/sp6.php\" target=\"_blank\" rel=\"noopener\">SP6<\/a><\/strong><\/em><\/li>\n<li><strong>2WD\/4WD cu fr\u00e2n\u0103 \u0219i HUB DYNO<\/strong>: <a href=\"https:\/\/www.sportdevices.com\/sp6.php\"><em>Mod. <strong>SP6<\/strong><\/em><\/a><\/li>\n<li><strong>Bancuri de testare a motoarelor:<\/strong> \u00a0<strong><em><a href=\"https:\/\/www.sportdevices.com\/sp1_plus.php\" target=\"_blank\" rel=\"noopener\">Mod. SP1+<\/a><\/em><\/strong> \/ <em><a href=\"https:\/\/www.sportdevices.com\/sp5.php\"><strong>SP5<\/strong><\/a> \/ <strong><a href=\"https:\/\/www.sportdevices.com\/sp6.php\" target=\"_blank\" rel=\"noopener\">SP6<\/a><\/strong><\/em><\/li>\n<\/ul>\n<\/div>\n<\/div>\n<\/div>\n<\/div>","protected":false},"featured_media":1146,"template":"","meta":[],"product_cat":[95],"product_tag":[108,107,143],"class_list":["post-1002","product","type-product","status-publish","has-post-thumbnail","hentry","product_cat-sistemi-di-controllo","product_tag-aggiornamento-banchi-prova-potenza","product_tag-sistemi-di-acquisizione","product_tag-software-banchi-prova"],"yoast_head":"<!-- This site is optimized with the Yoast SEO plugin v26.5 - https:\/\/yoast.com\/wordpress\/plugins\/seo\/ -->\n<title>Diagnosi e Calibrazione - MOTYCS<\/title>\n<meta name=\"description\" content=\"Rinnova il tuo banco prova potenza auto, moto o motore. Scopri i sistemi di controllo ed acquisizione Sport Devices. Contattaci per maggiori informazioni\" \/>\n<meta name=\"robots\" content=\"index, follow, max-snippet:-1, max-image-preview:large, max-video-preview:-1\" \/>\n<link rel=\"canonical\" href=\"https:\/\/motycs.it\/ro\/product\/testarea-puterii\/\" \/>\n<meta property=\"og:locale\" content=\"ro_RO\" \/>\n<meta property=\"og:type\" content=\"article\" \/>\n<meta property=\"og:title\" content=\"Diagnosi e Calibrazione - MOTYCS\" \/>\n<meta property=\"og:description\" content=\"Rinnova il tuo banco prova potenza auto, moto o motore. Scopri i sistemi di controllo ed acquisizione Sport Devices. Contattaci per maggiori informazioni\" \/>\n<meta property=\"og:url\" content=\"https:\/\/motycs.it\/ro\/product\/testarea-puterii\/\" \/>\n<meta property=\"og:site_name\" content=\"MOTYCS\" \/>\n<meta property=\"article:publisher\" content=\"https:\/\/www.facebook.com\/motycs\/\" \/>\n<meta property=\"article:modified_time\" content=\"2023-05-26T08:30:54+00:00\" \/>\n<meta property=\"og:image\" content=\"https:\/\/motycs.it\/wp-content\/uploads\/2022\/03\/SP5-motycs-bancoprovapotenza.jpeg\" \/>\n\t<meta property=\"og:image:width\" content=\"1200\" \/>\n\t<meta property=\"og:image:height\" content=\"846\" \/>\n\t<meta property=\"og:image:type\" content=\"image\/jpeg\" \/>\n<meta name=\"twitter:card\" content=\"summary_large_image\" \/>\n<meta name=\"twitter:label1\" content=\"Timp estimat pentru citire\" \/>\n\t<meta name=\"twitter:data1\" content=\"3 minute\" \/>\n<script type=\"application\/ld+json\" class=\"yoast-schema-graph\">{\"@context\":\"https:\/\/schema.org\",\"@graph\":[{\"@type\":\"WebPage\",\"@id\":\"https:\/\/motycs.it\/product\/prova-potenza\/\",\"url\":\"https:\/\/motycs.it\/product\/prova-potenza\/\",\"name\":\"Diagnosi e Calibrazione - MOTYCS\",\"isPartOf\":{\"@id\":\"https:\/\/motycs.it\/#website\"},\"primaryImageOfPage\":{\"@id\":\"https:\/\/motycs.it\/product\/prova-potenza\/#primaryimage\"},\"image\":{\"@id\":\"https:\/\/motycs.it\/product\/prova-potenza\/#primaryimage\"},\"thumbnailUrl\":\"https:\/\/motycs.it\/wp-content\/uploads\/2022\/03\/SP5-motycs-bancoprovapotenza.jpeg\",\"datePublished\":\"2022-03-17T17:49:16+00:00\",\"dateModified\":\"2023-05-26T08:30:54+00:00\",\"description\":\"Rinnova il tuo banco prova potenza auto, moto o motore. Scopri i sistemi di controllo ed acquisizione Sport Devices. Contattaci per maggiori informazioni\",\"breadcrumb\":{\"@id\":\"https:\/\/motycs.it\/product\/prova-potenza\/#breadcrumb\"},\"inLanguage\":\"ro-RO\",\"potentialAction\":[{\"@type\":\"ReadAction\",\"target\":[\"https:\/\/motycs.it\/product\/prova-potenza\/\"]}]},{\"@type\":\"ImageObject\",\"inLanguage\":\"ro-RO\",\"@id\":\"https:\/\/motycs.it\/product\/prova-potenza\/#primaryimage\",\"url\":\"https:\/\/motycs.it\/wp-content\/uploads\/2022\/03\/SP5-motycs-bancoprovapotenza.jpeg\",\"contentUrl\":\"https:\/\/motycs.it\/wp-content\/uploads\/2022\/03\/SP5-motycs-bancoprovapotenza.jpeg\",\"width\":1200,\"height\":846},{\"@type\":\"BreadcrumbList\",\"@id\":\"https:\/\/motycs.it\/product\/prova-potenza\/#breadcrumb\",\"itemListElement\":[{\"@type\":\"ListItem\",\"position\":1,\"name\":\"Home\",\"item\":\"https:\/\/motycs.it\/\"},{\"@type\":\"ListItem\",\"position\":2,\"name\":\"Shop\",\"item\":\"https:\/\/motycs.it\/shop\/\"},{\"@type\":\"ListItem\",\"position\":3,\"name\":\"Diagnosi e Calibrazione\"}]},{\"@type\":\"WebSite\",\"@id\":\"https:\/\/motycs.it\/#website\",\"url\":\"https:\/\/motycs.it\/\",\"name\":\"MOTYCS\",\"description\":\"\",\"publisher\":{\"@id\":\"https:\/\/motycs.it\/#organization\"},\"potentialAction\":[{\"@type\":\"SearchAction\",\"target\":{\"@type\":\"EntryPoint\",\"urlTemplate\":\"https:\/\/motycs.it\/?s={search_term_string}\"},\"query-input\":{\"@type\":\"PropertyValueSpecification\",\"valueRequired\":true,\"valueName\":\"search_term_string\"}}],\"inLanguage\":\"ro-RO\"},{\"@type\":\"Organization\",\"@id\":\"https:\/\/motycs.it\/#organization\",\"name\":\"MOTYCS\",\"url\":\"https:\/\/motycs.it\/\",\"logo\":{\"@type\":\"ImageObject\",\"inLanguage\":\"ro-RO\",\"@id\":\"https:\/\/motycs.it\/#\/schema\/logo\/image\/\",\"url\":\"https:\/\/motycs.it\/wp-content\/uploads\/2022\/03\/orizz_bianc.jpg\",\"contentUrl\":\"https:\/\/motycs.it\/wp-content\/uploads\/2022\/03\/orizz_bianc.jpg\",\"width\":600,\"height\":159,\"caption\":\"MOTYCS\"},\"image\":{\"@id\":\"https:\/\/motycs.it\/#\/schema\/logo\/image\/\"},\"sameAs\":[\"https:\/\/www.facebook.com\/motycs\/\",\"https:\/\/www.instagram.com\/motycs.teq\/\",\"https:\/\/www.linkedin.com\/company\/motycs\/\",\"https:\/\/www.pinterest.it\/Motycsdynamometer\/\",\"https:\/\/www.youtube.com\/channel\/UCl_9nwLJn-fMI6UMZVc0tZw\"]}]}<\/script>\n<!-- \/ Yoast SEO plugin. -->","yoast_head_json":{"title":"Diagnosticare \u0219i calibrare - MOTYCS","description":"Re\u00eennoi\u021bi bancul de testare a puterii ma\u0219inii, motocicletei sau a motorului. Descoperi\u021bi sistemele de control \u0219i achizi\u021bie Sport Devices. Contacta\u021bi-ne pentru mai multe informa\u021bii","robots":{"index":"index","follow":"follow","max-snippet":"max-snippet:-1","max-image-preview":"max-image-preview:large","max-video-preview":"max-video-preview:-1"},"canonical":"https:\/\/motycs.it\/ro\/product\/testarea-puterii\/","og_locale":"ro_RO","og_type":"article","og_title":"Diagnosi e Calibrazione - MOTYCS","og_description":"Rinnova il tuo banco prova potenza auto, moto o motore. Scopri i sistemi di controllo ed acquisizione Sport Devices. Contattaci per maggiori informazioni","og_url":"https:\/\/motycs.it\/ro\/product\/testarea-puterii\/","og_site_name":"MOTYCS","article_publisher":"https:\/\/www.facebook.com\/motycs\/","article_modified_time":"2023-05-26T08:30:54+00:00","og_image":[{"width":1200,"height":846,"url":"https:\/\/motycs.it\/wp-content\/uploads\/2022\/03\/SP5-motycs-bancoprovapotenza.jpeg","type":"image\/jpeg"}],"twitter_card":"summary_large_image","twitter_misc":{"Timp estimat pentru citire":"3 minute"},"schema":{"@context":"https:\/\/schema.org","@graph":[{"@type":"WebPage","@id":"https:\/\/motycs.it\/product\/prova-potenza\/","url":"https:\/\/motycs.it\/product\/prova-potenza\/","name":"Diagnosticare \u0219i calibrare - MOTYCS","isPartOf":{"@id":"https:\/\/motycs.it\/#website"},"primaryImageOfPage":{"@id":"https:\/\/motycs.it\/product\/prova-potenza\/#primaryimage"},"image":{"@id":"https:\/\/motycs.it\/product\/prova-potenza\/#primaryimage"},"thumbnailUrl":"https:\/\/motycs.it\/wp-content\/uploads\/2022\/03\/SP5-motycs-bancoprovapotenza.jpeg","datePublished":"2022-03-17T17:49:16+00:00","dateModified":"2023-05-26T08:30:54+00:00","description":"Re\u00eennoi\u021bi bancul de testare a puterii ma\u0219inii, motocicletei sau a motorului. Descoperi\u021bi sistemele de control \u0219i achizi\u021bie Sport Devices. Contacta\u021bi-ne pentru mai multe informa\u021bii","breadcrumb":{"@id":"https:\/\/motycs.it\/product\/prova-potenza\/#breadcrumb"},"inLanguage":"ro-RO","potentialAction":[{"@type":"ReadAction","target":["https:\/\/motycs.it\/product\/prova-potenza\/"]}]},{"@type":"ImageObject","inLanguage":"ro-RO","@id":"https:\/\/motycs.it\/product\/prova-potenza\/#primaryimage","url":"https:\/\/motycs.it\/wp-content\/uploads\/2022\/03\/SP5-motycs-bancoprovapotenza.jpeg","contentUrl":"https:\/\/motycs.it\/wp-content\/uploads\/2022\/03\/SP5-motycs-bancoprovapotenza.jpeg","width":1200,"height":846},{"@type":"BreadcrumbList","@id":"https:\/\/motycs.it\/product\/prova-potenza\/#breadcrumb","itemListElement":[{"@type":"ListItem","position":1,"name":"Home","item":"https:\/\/motycs.it\/"},{"@type":"ListItem","position":2,"name":"Shop","item":"https:\/\/motycs.it\/shop\/"},{"@type":"ListItem","position":3,"name":"Diagnosi e Calibrazione"}]},{"@type":"WebSite","@id":"https:\/\/motycs.it\/#website","url":"https:\/\/motycs.it\/","name":"MOTYCS","description":"","publisher":{"@id":"https:\/\/motycs.it\/#organization"},"potentialAction":[{"@type":"SearchAction","target":{"@type":"EntryPoint","urlTemplate":"https:\/\/motycs.it\/?s={search_term_string}"},"query-input":{"@type":"PropertyValueSpecification","valueRequired":true,"valueName":"search_term_string"}}],"inLanguage":"ro-RO"},{"@type":"Organization","@id":"https:\/\/motycs.it\/#organization","name":"MOTYCS","url":"https:\/\/motycs.it\/","logo":{"@type":"ImageObject","inLanguage":"ro-RO","@id":"https:\/\/motycs.it\/#\/schema\/logo\/image\/","url":"https:\/\/motycs.it\/wp-content\/uploads\/2022\/03\/orizz_bianc.jpg","contentUrl":"https:\/\/motycs.it\/wp-content\/uploads\/2022\/03\/orizz_bianc.jpg","width":600,"height":159,"caption":"MOTYCS"},"image":{"@id":"https:\/\/motycs.it\/#\/schema\/logo\/image\/"},"sameAs":["https:\/\/www.facebook.com\/motycs\/","https:\/\/www.instagram.com\/motycs.teq\/","https:\/\/www.linkedin.com\/company\/motycs\/","https:\/\/www.pinterest.it\/Motycsdynamometer\/","https:\/\/www.youtube.com\/channel\/UCl_9nwLJn-fMI6UMZVc0tZw"]}]}},"_links":{"self":[{"href":"https:\/\/motycs.it\/ro\/wp-json\/wp\/v2\/product\/1002","targetHints":{"allow":["GET"]}}],"collection":[{"href":"https:\/\/motycs.it\/ro\/wp-json\/wp\/v2\/product"}],"about":[{"href":"https:\/\/motycs.it\/ro\/wp-json\/wp\/v2\/types\/product"}],"wp:featuredmedia":[{"embeddable":true,"href":"https:\/\/motycs.it\/ro\/wp-json\/wp\/v2\/media\/1146"}],"wp:attachment":[{"href":"https:\/\/motycs.it\/ro\/wp-json\/wp\/v2\/media?parent=1002"}],"wp:term":[{"taxonomy":"product_cat","embeddable":true,"href":"https:\/\/motycs.it\/ro\/wp-json\/wp\/v2\/product_cat?post=1002"},{"taxonomy":"product_tag","embeddable":true,"href":"https:\/\/motycs.it\/ro\/wp-json\/wp\/v2\/product_tag?post=1002"}],"curies":[{"name":"wp","href":"https:\/\/api.w.org\/{rel}","templated":true}]}}