{"id":955,"date":"2022-03-15T19:14:52","date_gmt":"2022-03-15T18:14:52","guid":{"rendered":"https:\/\/motycs.it\/?page_id=955"},"modified":"2023-05-06T16:08:02","modified_gmt":"2023-05-06T14:08:02","slug":"chi-siamo","status":"publish","type":"page","link":"https:\/\/motycs.it\/ro\/cine-suntem\/","title":{"rendered":"Despre noi"},"content":{"rendered":"<div data-vc-full-width=\"true\" data-vc-full-width-init=\"false\" class=\"vc_row wpb_row vc_row-fluid vc_custom_1661159702438 vc_row-has-fill\"><div class=\"wpb_column vc_column_container vc_col-sm-12\"><div class=\"vc_column-inner\"><div class=\"wpb_wrapper\"><div class=\"sc_section margin_top_large margin_bottom_large\" data-animation=\"animated fadeInUp normal\" style=\"max-width: 1030px; margin: auto;\"><div class=\"sc_section_inner\"><h6 class=\"sc_section_subtitle sc_item_subtitle\">Bine a\u021bi venit!<\/h6><h3 class=\"sc_section_title sc_item_title sc_item_title_without_descr\">Despre noi<\/h3><div class=\"sc_section_content_wrap\">\n\t<div class=\"wpb_text_column wpb_content_element  vc_custom_1682407524825\" >\n\t\t<div class=\"wpb_wrapper\">\n\t\t\t<p><strong>MOTYCS<\/strong> reune\u0219te <strong>20 de ani de experien\u021b\u0103 de <\/strong>realit\u0103\u021bi n\u0103scute \u0219i crescute \u00een <strong>Italian MotorValley<\/strong>, care, de asemenea <strong>condus de pasiune<\/strong>, din timpuri imemoriale <strong>\u00ee\u0219i dedic\u0103 resursele lumii motoarelor <\/strong>\u0219i<strong>\u00a0echipamente de testare.<\/strong><\/p>\n<p>\u00cen ace\u0219ti peste 20 de ani de experien\u021b\u0103 \u0219i colaborare<strong>\u00a0cu companii de prestigiu din sectorul auto<\/strong>, am creat <strong>proiecte importante <\/strong><strong>la <a href=\"https:\/\/motycs.it\/ro\/sisteme-homologhe\/\">diferite domenii de aplicare<\/a>.<\/strong><\/p>\n\n\t\t<\/div>\n\t<\/div>\n<\/div><\/div><\/div><h4 class=\"sc_title sc_title_regular margin_bottom_small\">PRODUSELE \u0218I SERVICIILE NOASTRE<\/h4><div class=\"sc_accordion\" data-active=\"0\"><div class=\"sc_accordion_item odd first\"><h5 class=\"sc_accordion_title\"><span class=\"sc_accordion_icon sc_accordion_icon_closed icon-plus\"><\/span><span class=\"sc_accordion_icon sc_accordion_icon_opened icon-minus\"><\/span>bancuri de testare a puterii \u0219i dispozitive DAQ - dispozitive sportive<\/h5><div class=\"sc_accordion_content\">\n\t<div class=\"wpb_text_column wpb_content_element\" >\n\t\t<div class=\"wpb_wrapper\">\n\t\t\t<p>Noi suntem <strong>distribuitori exclusivi ai m\u0103rcii <a href=\"https:\/\/www.sportdevices.com\/\">SPORT DEVICES<\/a>, care dezvolt\u0103 de peste 20 de ani echipamente pentru ateliere \u0219i PREPARATORI, <\/strong>a c\u0103rei gam\u0103 de produse include:<\/p>\n<ul>\n<li><strong><a href=\"https:\/\/motycs.it\/ro\/product\/power-test-2wd\/\">Bancuri de testare a puterii autoturismelor 2WD<\/a><\/strong><\/li>\n<li><a href=\"https:\/\/motycs.it\/ro\/product\/power-test-4wd\/\"><strong>Bancuri de testare a puterii 4WD cu axe conectate<\/strong><\/a><\/li>\n<li><a href=\"https:\/\/motycs.it\/ro\/product\/testare-de-putere-motociclete\/\"><strong>Bancuri de \u00eencercare pentru motociclete<\/strong><\/a><\/li>\n<li><a href=\"https:\/\/motycs.it\/ro\/product\/testarea-puterii\/\"><strong>Sisteme de control \u0219i achizi\u021bie<\/strong><\/a> (pentru <strong>re\u00eennoirea bancurilor de \u00eencercare<\/strong>)<\/li>\n<li><strong><a href=\"https:\/\/motycs.it\/ro\/product\/masina-de-amortizoare\/\">Bancuri de \u00eencercare pentru amortizoare de \u0219ocuri<\/a><\/strong><\/li>\n<\/ul>\n<p>Afla\u021bi aici <strong><a href=\"https:\/\/motycs.it\/ro\/instalare-banca-testari\/\">unele dintre cele mai recente instala\u021bii \u0219i caracteristici ale produselor noastre<\/a><\/strong><\/p>\n\n\t\t<\/div>\n\t<\/div>\n<\/div><\/div><div class=\"sc_accordion_item even\"><h5 class=\"sc_accordion_title\"><span class=\"sc_accordion_icon sc_accordion_icon_closed icon-plus\"><\/span><span class=\"sc_accordion_icon sc_accordion_icon_opened icon-minus\"><\/span>BANCURI DE TEST \u0218I DAQ-uri PENTRU APROBARE, R&amp;D \u0218I FINAL DE LINIE<\/h5><div class=\"sc_accordion_content\">\n\t<div class=\"wpb_text_column wpb_content_element\" >\n\t\t<div class=\"wpb_wrapper\">\n\t\t\t<p><strong>Proiect\u0103m, realiz\u0103m \u0219i furniz\u0103m solu\u021bii personalizate<\/strong>\u00een diferitele domenii de aplicare:<\/p>\n<ul>\n<li><a href=\"https:\/\/motycs.it\/ro\/product\/banchi-omologativi\/\"><strong>Bancuri de testare cu role pentru omologare, cercetare \u0219i dezvoltare, end-of-line<\/strong><\/a><\/li>\n<li><a href=\"https:\/\/motycs.it\/ro\/product\/omologative\/\"><strong>Sisteme de control \u0219i achizi\u021bie pentru sectorul de omologare \u0219i de cap\u0103t de linie<\/strong><\/a><\/li>\n<\/ul>\n<p>Toate zonele \u00een care se aplic\u0103 un <strong>integrarea profund\u0103 \u00een func\u021bie de nevoile clien\u021bilor, \u00een ceea ce prive\u0219te achizi\u021bia \u0219i gestionarea datelor, care vizeaz\u0103, de asemenea, integrarea proceselor.<\/strong><\/p>\n<p><strong><a href=\"https:\/\/motycs.it\/ro\/sisteme-homologhe\/\">Descoperi\u021bi diferitele domenii de aplicare a solu\u021biilor noastre<\/a><\/strong><\/p>\n\n\t\t<\/div>\n\t<\/div>\n<\/div><\/div><div class=\"sc_accordion_item odd\"><h5 class=\"sc_accordion_title\"><span class=\"sc_accordion_icon sc_accordion_icon_closed icon-plus\"><\/span><span class=\"sc_accordion_icon sc_accordion_icon_opened icon-minus\"><\/span>SISTEME DE ZGOMOT \u0218I VIBRA\u021aII (NVH)<\/h5><div class=\"sc_accordion_content\">\n\t<div class=\"wpb_text_column wpb_content_element\" >\n\t\t<div class=\"wpb_wrapper\">\n\t\t\t<p>De asemenea, definit \u00een sectorul auto\u00a0<strong>Sisteme NVH (Noise Vibration Harshness)<\/strong>\u00a0sunt concepute pentru procesare numeric\u0103 \u0219i analiz\u0103 dinamic\u0103 a semnalelor, pentru\u00a0<strong>analiza acustic\u0103 \u0219i de vibra\u021bii<\/strong>, pentru utilizare \u00een :<\/p>\n<ul>\n<li><strong>Laborator, cercetare \u0219i dezvoltare<\/strong><\/li>\n<li><strong>Linie de produc\u021bie (cap\u0103t de linie)<\/strong><\/li>\n<li><strong>Monitorizarea instala\u021biilor, <\/strong><strong>controlul calit\u0103\u021bii<\/strong><\/li>\n<\/ul>\n<p><a href=\"https:\/\/motycs.it\/ro\/product\/sisteme-de-zgomot-si-vibratii\/\"><strong>Vizita\u021bi pagina de produse \u0219i sisteme Noise Vibration Harshness<\/strong><\/a><\/p>\n\n\t\t<\/div>\n\t<\/div>\n<\/div><\/div><div id=\"sc_accordion_item_1661160449203_0\" class=\"sc_accordion_item even\"><h5 class=\"sc_accordion_title\"><span class=\"sc_accordion_icon sc_accordion_icon_closed icon-plus\"><\/span><span class=\"sc_accordion_icon sc_accordion_icon_opened icon-minus\"><\/span>CAMERE DE \u00ceNCERCARE A MOTOARELOR \u0218I ACCESORII<\/h5><div class=\"sc_accordion_content\">\n\t<div class=\"wpb_text_column wpb_content_element\" >\n\t\t<div class=\"wpb_wrapper\">\n\t\t\t<p>Noi proiect\u0103m \u0219i furniz\u0103m <strong>s\u0103li de repeti\u021bie complet izolate fonic \u0219i accesorii, <\/strong>pentru toate domeniile de testare, inclusiv pentru testele dedicate<strong>, domeniul de aplicare a omolog\u0103rii:<\/strong><\/p>\n<ul>\n<li><a href=\"https:\/\/motycs.it\/ro\/product\/vase-de-sare\/\"><strong>S\u0103li de testare a motoarelor izolate fonic \u0219i dotate cu sisteme de tratare a aerului<\/strong><\/a><\/li>\n<li><a href=\"https:\/\/motycs.it\/ro\/product\/extragerea-fumului\/\"><strong>Sisteme de extrac\u021bie a fumului<\/strong><\/a> \u0219i de <a href=\"https:\/\/motycs.it\/ro\/product\/ventilatie\/\"><strong>ventila\u021bia motorului<\/strong><\/a><\/li>\n<\/ul>\n<p>S\u0103lile sunt <strong>concepute \u0219i proiectate pentru a satisface diferite nevoi de aplicare<\/strong>, \u00een diferite sectoare (automobile, agricultur\u0103, hidraulic\u0103 etc.).<\/p>\n\n\t\t<\/div>\n\t<\/div>\n<\/div><\/div><div id=\"sc_accordion_item_1661160449203_0\" class=\"sc_accordion_item odd\"><h5 class=\"sc_accordion_title\"><span class=\"sc_accordion_icon sc_accordion_icon_closed icon-plus\"><\/span><span class=\"sc_accordion_icon sc_accordion_icon_opened icon-minus\"><\/span>CENTRUL DE TESTARE A MOTOARELOR \u0218I VEHICULELOR<\/h5><div class=\"sc_accordion_content\">\n\t<div class=\"wpb_text_column wpb_content_element\" >\n\t\t<div class=\"wpb_wrapper\">\n\t\t\t<p><strong>Avem <a href=\"https:\/\/motycs.it\/ro\/servicii-de-testare-a-motoarelor-de-testare\/#:~:text=SALE-,BANCHI,-PROVA MOTORE\">s\u0103li de testare a motoarelor<\/a>, echipate cu motor \u0219i bancuri cu role, pentru <a href=\"https:\/\/motycs.it\/ro\/servicii-de-testare-a-motoarelor-de-testare\/#:~:text=BANCO PROVA A-,RULLI,-AUTO\">ma\u0219ini<\/a> e <a href=\"https:\/\/motycs.it\/ro\/servicii-de-testare-a-motoarelor-de-testare\/#:~:text=BANCO PROVA A-,RULLI,-PER MOTOCICLI\">motociclete<\/a>. <\/strong>Instala\u021biile echipate cu un<strong> gam\u0103 complet\u0103 de senzori de ultim\u0103 genera\u021bie<\/strong>. De-a lungul timpului, ne-am extins competen\u021bele \u0219i serviciile: <strong>din prototip <\/strong>p\u00e2n\u0103 c\u00e2nd<strong>analiza datelor de urm\u0103rire <\/strong>e<strong> testarea pe \u0219osea:<\/strong><\/p>\n<ul>\n<li><strong>TESTE PE BANCURI DE TESTARE<\/strong> BANCURI PENTRU MOTOARE \u0218I ROLE<\/li>\n<li><strong>PRE-APROBARE <\/strong>ED<strong> HOMOLOGA\u021aIE<\/strong> <strong>MOTOARE<\/strong>, <strong>CALIBRAREA ECU<\/strong><\/li>\n<li><strong>EVALUARE <\/strong>E<strong> \u00ceMBUN\u0102T\u0102\u021aIREA PERFORMAN\u021aELOR<\/strong><\/li>\n<li><strong>VERIFICAREA EMISIILOR, <\/strong><strong>ACHIZI\u021aIA DE DATE, <\/strong><strong>TESTAREA RUTIER\u0102 <\/strong>E<strong> CIRCUIT<\/strong><\/li>\n<\/ul>\n<p><a href=\"https:\/\/motycs.it\/ro\/servicii-de-testare-a-motoarelor-de-testare\/\"><strong>Afla\u021bi mai multe<\/strong> la <strong>pagina de testare a motoarelor.<\/strong><\/a><\/p>\n\n\t\t<\/div>\n\t<\/div>\n<\/div><\/div><\/div>\n\t<div class=\"wpb_text_column wpb_content_element  vc_custom_1683381752019\" >\n\t\t<div class=\"wpb_wrapper\">\n\t\t\t<h5><strong>SERVICII PRE \u0218I POST-V\u00c2NZARE<\/strong><\/h5>\n<p>Ne ocup\u0103m de produse complexe \u0219i foarte personalizate, de aceea consider\u0103m c\u0103 un <strong>valoare fundamental\u0103 pentru a putea oferi clien\u021bilor no\u0219tri un timp de r\u0103spuns foarte rapid<\/strong>, astfel \u00eenc\u00e2t s\u0103 se asigure o continuitate opera\u021bional\u0103 real\u0103 \u0219i cea mai mare eficien\u021b\u0103 posibil\u0103.<\/p>\n<p>Noi oferim\u00a0 <strong>servicii de instalare, calibrare \u0219i \u00eentre\u021binere <\/strong>pentru \u00eentreaga noastr\u0103 gam\u0103 de produse, <strong>\u00een toat\u0103 Europa.<\/strong>.<\/p>\n<h5><strong>INDUSTRIA 4.0<\/strong><\/h5>\n<p><strong>Toate produsele noastre se pot bucura de avantajele<\/strong> care decurg din reglement\u0103rile Industrie 4.0. De asemenea, v\u0103 putem ajuta s\u0103 realiza\u021bi <strong>expertiz\u0103 sub jur\u0103m\u00e2nt care s\u0103 sus\u021bin\u0103 completarea corect\u0103 a documentelor.<\/strong>.<\/p>\n<h5><strong>COLABOR\u0102RI<\/strong><\/h5>\n<div class=\"page\" title=\"Pagina 2\">\n<div class=\"section\">\n<div class=\"layoutArea\">\n<div class=\"column\">\n<p>Lucr\u0103m \u00een <strong>o colaborare str\u00e2ns\u0103 cu unele dintre cele mai prestigioase companii de tradi\u021bie \u00een domeniul auto.<\/strong>, angaj\u00e2ndu-ne s\u0103 <strong>s\u0103 aduc\u0103 o valoare cresc\u00e2nd\u0103 \u00een construirea de parteneriate strategice<\/strong>; dezvoltarea unor rela\u021bii continue \u0219i de \u00eencredere cu clien\u021bii.<\/p>\n<h5>INSIGHTS<\/h5>\n<ul>\n<li><a href=\"https:\/\/motycs.it\/ro\/istorie-banci-proba-putere-un-roller\/\"><strong>Istoria bancurilor de \u00eencercare cu role<\/strong><\/a><\/li>\n<li><a href=\"https:\/\/motycs.it\/ro\/putere-disipata-bancuri-proof\/\"><strong>Ce este disiparea de putere?<\/strong><\/a><\/li>\n<li><strong><a href=\"https:\/\/motycs.it\/ro\/bancuri-de-testare-4wd\/\">Avantajele bancurilor de \u00eencercare 4\u00d74 cu axe legate<\/a><\/strong><\/li>\n<li><a href=\"https:\/\/motycs.it\/ro\/factori-de-corectie-a-puterii\/\"><b>Factori de corec\u021bie a puterii DIN, CE, SAE..<\/b><\/a><\/li>\n<li><strong><a href=\"https:\/\/motycs.it\/ro\/sisteme-homologhe\/\">Bancurile de omologare \u0219i de sf\u00e2r\u0219it de linie<\/a><\/strong> domenii de aplicare<\/li>\n<\/ul>\n<p><strong><a href=\"https:\/\/motycs.it\/ro\/contacte\/\">Contacta\u021bi-ne, f\u0103r\u0103 obliga\u021bii, pentru mai multe informa\u021bii <\/a><\/strong><\/p>\n<\/div>\n<\/div>\n<\/div>\n<\/div>\n\n\t\t<\/div>\n\t<\/div>\n<\/div><\/div><\/div><\/div><div class=\"vc_row-full-width vc_clearfix\"><\/div><div class=\"vc_row wpb_row vc_row-fluid\"><div class=\"wpb_column vc_column_container vc_col-sm-12\"><div class=\"vc_column-inner\"><div class=\"wpb_wrapper\"><div class=\"wpb_gallery wpb_content_element vc_clearfix\" ><div class=\"wpb_wrapper\"><h2 class=\"wpb_heading wpb_gallery_heading\">galerie<\/h2><div class=\"wpb_gallery_slides wpb_slider_nivo theme-default\" data-interval=\"3\"><div class=\"nivoSlider\"><img loading=\"lazy\" decoding=\"async\" class=\"\" src=\"https:\/\/motycs.it\/wp-content\/uploads\/2023\/05\/chassisdyno-4wd-linked-chassis-dynamometer-motycs.jpg\" width=\"800\" height=\"800\" alt=\"banc de testare-power-4x4-motycs\" title=\"chassisdyno-4wd-linked-chassis-dynamometer-motycs\" \/><img loading=\"lazy\" decoding=\"async\" class=\"\" src=\"https:\/\/motycs.it\/wp-content\/uploads\/2023\/05\/sistemacontrolloedacquisizione.jpg\" width=\"800\" height=\"800\" alt=\"Sistemele noastre de achizi\u021bie de date\" title=\"sistem de control \u0219i achizi\u021bie\" \/><img loading=\"lazy\" decoding=\"async\" class=\"\" src=\"https:\/\/motycs.it\/wp-content\/uploads\/2022\/09\/IMG_0809-800x800.jpg\" width=\"800\" height=\"800\" alt=\"IMG_0809\" title=\"IMG_0809\" \/><img loading=\"lazy\" decoding=\"async\" class=\"\" src=\"https:\/\/motycs.it\/wp-content\/uploads\/2023\/05\/dyno-controlo-room-motycs.jpg\" width=\"800\" height=\"800\" alt=\"sistem de control al bancului de \u00eencercare a motoarelor\" title=\"dyno-controlo-room-motycs\" \/><img loading=\"lazy\" decoding=\"async\" class=\"\" src=\"https:\/\/motycs.it\/wp-content\/uploads\/2022\/03\/admtech-motycs-2wd-dynamometer-800x800.jpg\" width=\"800\" height=\"800\" alt=\"2wd dyno motycs sport devices\" title=\"admtech-motycs-2wd-dynamometer\" \/><img loading=\"lazy\" decoding=\"async\" class=\"\" src=\"https:\/\/motycs.it\/wp-content\/uploads\/2023\/05\/dyno-daq-system-motycs.jpg\" width=\"800\" height=\"800\" alt=\"banc de testare software dispozitive sportive\" title=\"dyno-daq-system-motycs\" \/><img loading=\"lazy\" decoding=\"async\" class=\"\" src=\"https:\/\/motycs.it\/wp-content\/uploads\/2023\/05\/2wd-banco-prova-potenza-motycs-dynamometer.jpg\" width=\"800\" height=\"800\" alt=\"2wd-bank-test-power-motycs-dynamometer\" title=\"2wd-bank-test-power-motycs-dynamometer\" \/><img loading=\"lazy\" decoding=\"async\" class=\"\" src=\"https:\/\/motycs.it\/wp-content\/uploads\/2022\/09\/IMG_0755-800x800.jpg\" width=\"800\" height=\"800\" alt=\"proca roller bench 3 ecrane\" title=\"IMG_0755\" \/><img loading=\"lazy\" decoding=\"async\" class=\"\" src=\"https:\/\/motycs.it\/wp-content\/uploads\/2023\/04\/Sonde_SP5-motycs-banco-prova-potenza.jpg\" width=\"800\" height=\"724\" alt=\"dispozitive sportive de interfa\u021b\u0103 pentru banc de testare\" title=\"Sonde_SP5-motycs-bank-test-power\" \/><img loading=\"lazy\" decoding=\"async\" class=\"\" src=\"https:\/\/motycs.it\/wp-content\/uploads\/2023\/05\/4wd-banco-prova-potenza-motycs-master-tuning-dyno.jpg\" width=\"800\" height=\"800\" alt=\"banc de testare a puterii motycs mastertuning power test bench\" title=\"4wd-bank-test-power-motycs-master-tuning-dyno\" \/><\/div><\/div><\/div><\/div><\/div><\/div><\/div><\/div>","protected":false},"excerpt":{"rendered":"Bine a\u021bi venit!Despre noi MOTYCS reune\u0219te dou\u0103zeci de ani de experien\u021b\u0103 a unor companii n\u0103scute \u0219i crescute \u00een Valea motoarelor din Italia, care, conduse de pasiune, \u0219i-au dedicat \u00eentotdeauna resursele lumii motoarelor \u0219i echipamentelor de testare \u00cen ace\u0219ti peste 20 de ani de experien\u021b\u0103 \u0219i colaborare cu companii de prestigiu din sectorul auto, am creat proiecte importante \u00een [...]","protected":false},"author":1,"featured_media":0,"parent":0,"menu_order":0,"comment_status":"closed","ping_status":"closed","template":"","meta":{"footnotes":""},"class_list":["post-955","page","type-page","status-publish","hentry"],"yoast_head":"<!-- This site is optimized with the Yoast SEO plugin v26.5 - https:\/\/yoast.com\/wordpress\/plugins\/seo\/ -->\n<title>Motycs chi siamo<\/title>\n<meta name=\"description\" content=\"Da oltre 20 anni realizziamo banchi prova e servizi di testing motori ed altri sistemi. Siamo distributori esclusivi prodotti Sport Devices\" \/>\n<meta name=\"robots\" content=\"index, follow, max-snippet:-1, max-image-preview:large, max-video-preview:-1\" \/>\n<link rel=\"canonical\" href=\"https:\/\/motycs.it\/ro\/cine-suntem\/\" \/>\n<meta property=\"og:locale\" content=\"ro_RO\" \/>\n<meta property=\"og:type\" content=\"article\" \/>\n<meta property=\"og:title\" content=\"Motycs chi siamo\" \/>\n<meta property=\"og:description\" content=\"Da oltre 20 anni realizziamo banchi prova e servizi di testing motori ed altri sistemi. Siamo distributori esclusivi prodotti Sport Devices\" \/>\n<meta property=\"og:url\" content=\"https:\/\/motycs.it\/ro\/cine-suntem\/\" \/>\n<meta property=\"og:site_name\" content=\"MOTYCS\" \/>\n<meta property=\"article:publisher\" content=\"https:\/\/www.facebook.com\/motycs\/\" \/>\n<meta property=\"article:modified_time\" content=\"2023-05-06T14:08:02+00:00\" \/>\n<meta property=\"og:image\" content=\"https:\/\/motycs.it\/wp-content\/uploads\/2023\/05\/lancia-delta-integrale-banco-prova-potenza-dyno.jpg\" \/>\n\t<meta property=\"og:image:width\" content=\"800\" \/>\n\t<meta property=\"og:image:height\" content=\"800\" \/>\n\t<meta property=\"og:image:type\" content=\"image\/jpeg\" \/>\n<meta name=\"twitter:card\" content=\"summary_large_image\" \/>\n<meta name=\"twitter:label1\" content=\"Timp estimat pentru citire\" \/>\n\t<meta name=\"twitter:data1\" content=\"7 minute\" \/>\n<script type=\"application\/ld+json\" class=\"yoast-schema-graph\">{\"@context\":\"https:\/\/schema.org\",\"@graph\":[{\"@type\":\"WebPage\",\"@id\":\"https:\/\/motycs.it\/chi-siamo\/\",\"url\":\"https:\/\/motycs.it\/chi-siamo\/\",\"name\":\"Motycs chi siamo\",\"isPartOf\":{\"@id\":\"https:\/\/motycs.it\/#website\"},\"datePublished\":\"2022-03-15T18:14:52+00:00\",\"dateModified\":\"2023-05-06T14:08:02+00:00\",\"description\":\"Da oltre 20 anni realizziamo banchi prova e servizi di testing motori ed altri sistemi. Siamo distributori esclusivi prodotti Sport Devices\",\"breadcrumb\":{\"@id\":\"https:\/\/motycs.it\/chi-siamo\/#breadcrumb\"},\"inLanguage\":\"ro-RO\",\"potentialAction\":[{\"@type\":\"ReadAction\",\"target\":[\"https:\/\/motycs.it\/chi-siamo\/\"]}]},{\"@type\":\"BreadcrumbList\",\"@id\":\"https:\/\/motycs.it\/chi-siamo\/#breadcrumb\",\"itemListElement\":[{\"@type\":\"ListItem\",\"position\":1,\"name\":\"Home\",\"item\":\"https:\/\/motycs.it\/\"},{\"@type\":\"ListItem\",\"position\":2,\"name\":\"Chi siamo\"}]},{\"@type\":\"WebSite\",\"@id\":\"https:\/\/motycs.it\/#website\",\"url\":\"https:\/\/motycs.it\/\",\"name\":\"MOTYCS\",\"description\":\"\",\"publisher\":{\"@id\":\"https:\/\/motycs.it\/#organization\"},\"potentialAction\":[{\"@type\":\"SearchAction\",\"target\":{\"@type\":\"EntryPoint\",\"urlTemplate\":\"https:\/\/motycs.it\/?s={search_term_string}\"},\"query-input\":{\"@type\":\"PropertyValueSpecification\",\"valueRequired\":true,\"valueName\":\"search_term_string\"}}],\"inLanguage\":\"ro-RO\"},{\"@type\":\"Organization\",\"@id\":\"https:\/\/motycs.it\/#organization\",\"name\":\"MOTYCS\",\"url\":\"https:\/\/motycs.it\/\",\"logo\":{\"@type\":\"ImageObject\",\"inLanguage\":\"ro-RO\",\"@id\":\"https:\/\/motycs.it\/#\/schema\/logo\/image\/\",\"url\":\"https:\/\/motycs.it\/wp-content\/uploads\/2022\/03\/orizz_bianc.jpg\",\"contentUrl\":\"https:\/\/motycs.it\/wp-content\/uploads\/2022\/03\/orizz_bianc.jpg\",\"width\":600,\"height\":159,\"caption\":\"MOTYCS\"},\"image\":{\"@id\":\"https:\/\/motycs.it\/#\/schema\/logo\/image\/\"},\"sameAs\":[\"https:\/\/www.facebook.com\/motycs\/\",\"https:\/\/www.instagram.com\/motycs.teq\/\",\"https:\/\/www.linkedin.com\/company\/motycs\/\",\"https:\/\/www.pinterest.it\/Motycsdynamometer\/\",\"https:\/\/www.youtube.com\/channel\/UCl_9nwLJn-fMI6UMZVc0tZw\"]}]}<\/script>\n<!-- \/ Yoast SEO plugin. -->","yoast_head_json":{"title":"Motycs cine suntem","description":"De peste 20 de ani furniz\u0103m bancuri de testare \u0219i servicii de testare pentru motoare \u0219i alte sisteme. Suntem distribuitori exclusivi ai produselor Sport Devices","robots":{"index":"index","follow":"follow","max-snippet":"max-snippet:-1","max-image-preview":"max-image-preview:large","max-video-preview":"max-video-preview:-1"},"canonical":"https:\/\/motycs.it\/ro\/cine-suntem\/","og_locale":"ro_RO","og_type":"article","og_title":"Motycs chi siamo","og_description":"Da oltre 20 anni realizziamo banchi prova e servizi di testing motori ed altri sistemi. Siamo distributori esclusivi prodotti Sport Devices","og_url":"https:\/\/motycs.it\/ro\/cine-suntem\/","og_site_name":"MOTYCS","article_publisher":"https:\/\/www.facebook.com\/motycs\/","article_modified_time":"2023-05-06T14:08:02+00:00","og_image":[{"width":800,"height":800,"url":"https:\/\/motycs.it\/wp-content\/uploads\/2023\/05\/lancia-delta-integrale-banco-prova-potenza-dyno.jpg","type":"image\/jpeg"}],"twitter_card":"summary_large_image","twitter_misc":{"Timp estimat pentru citire":"7 minute"},"schema":{"@context":"https:\/\/schema.org","@graph":[{"@type":"WebPage","@id":"https:\/\/motycs.it\/chi-siamo\/","url":"https:\/\/motycs.it\/chi-siamo\/","name":"Motycs cine suntem","isPartOf":{"@id":"https:\/\/motycs.it\/#website"},"datePublished":"2022-03-15T18:14:52+00:00","dateModified":"2023-05-06T14:08:02+00:00","description":"De peste 20 de ani furniz\u0103m bancuri de testare \u0219i servicii de testare pentru motoare \u0219i alte sisteme. Suntem distribuitori exclusivi ai produselor Sport Devices","breadcrumb":{"@id":"https:\/\/motycs.it\/chi-siamo\/#breadcrumb"},"inLanguage":"ro-RO","potentialAction":[{"@type":"ReadAction","target":["https:\/\/motycs.it\/chi-siamo\/"]}]},{"@type":"BreadcrumbList","@id":"https:\/\/motycs.it\/chi-siamo\/#breadcrumb","itemListElement":[{"@type":"ListItem","position":1,"name":"Home","item":"https:\/\/motycs.it\/"},{"@type":"ListItem","position":2,"name":"Chi siamo"}]},{"@type":"WebSite","@id":"https:\/\/motycs.it\/#website","url":"https:\/\/motycs.it\/","name":"MOTYCS","description":"","publisher":{"@id":"https:\/\/motycs.it\/#organization"},"potentialAction":[{"@type":"SearchAction","target":{"@type":"EntryPoint","urlTemplate":"https:\/\/motycs.it\/?s={search_term_string}"},"query-input":{"@type":"PropertyValueSpecification","valueRequired":true,"valueName":"search_term_string"}}],"inLanguage":"ro-RO"},{"@type":"Organization","@id":"https:\/\/motycs.it\/#organization","name":"MOTYCS","url":"https:\/\/motycs.it\/","logo":{"@type":"ImageObject","inLanguage":"ro-RO","@id":"https:\/\/motycs.it\/#\/schema\/logo\/image\/","url":"https:\/\/motycs.it\/wp-content\/uploads\/2022\/03\/orizz_bianc.jpg","contentUrl":"https:\/\/motycs.it\/wp-content\/uploads\/2022\/03\/orizz_bianc.jpg","width":600,"height":159,"caption":"MOTYCS"},"image":{"@id":"https:\/\/motycs.it\/#\/schema\/logo\/image\/"},"sameAs":["https:\/\/www.facebook.com\/motycs\/","https:\/\/www.instagram.com\/motycs.teq\/","https:\/\/www.linkedin.com\/company\/motycs\/","https:\/\/www.pinterest.it\/Motycsdynamometer\/","https:\/\/www.youtube.com\/channel\/UCl_9nwLJn-fMI6UMZVc0tZw"]}]}},"_links":{"self":[{"href":"https:\/\/motycs.it\/ro\/wp-json\/wp\/v2\/pages\/955","targetHints":{"allow":["GET"]}}],"collection":[{"href":"https:\/\/motycs.it\/ro\/wp-json\/wp\/v2\/pages"}],"about":[{"href":"https:\/\/motycs.it\/ro\/wp-json\/wp\/v2\/types\/page"}],"author":[{"embeddable":true,"href":"https:\/\/motycs.it\/ro\/wp-json\/wp\/v2\/users\/1"}],"replies":[{"embeddable":true,"href":"https:\/\/motycs.it\/ro\/wp-json\/wp\/v2\/comments?post=955"}],"version-history":[{"count":97,"href":"https:\/\/motycs.it\/ro\/wp-json\/wp\/v2\/pages\/955\/revisions"}],"predecessor-version":[{"id":1643,"href":"https:\/\/motycs.it\/ro\/wp-json\/wp\/v2\/pages\/955\/revisions\/1643"}],"wp:attachment":[{"href":"https:\/\/motycs.it\/ro\/wp-json\/wp\/v2\/media?parent=955"}],"curies":[{"name":"wp","href":"https:\/\/api.w.org\/{rel}","templated":true}]}}