{"id":1677,"date":"2023-05-09T15:13:58","date_gmt":"2023-05-09T13:13:58","guid":{"rendered":"https:\/\/motycs.it\/?page_id=1677"},"modified":"2023-12-07T10:49:29","modified_gmt":"2023-12-07T09:49:29","slug":"banchi-prova-usati","status":"publish","type":"page","link":"https:\/\/motycs.it\/ro\/bancuri-de-testare-folosite\/","title":{"rendered":"Bancuri folosite"},"content":{"rendered":"<div class=\"vc_row wpb_row vc_row-fluid vc_custom_1647367233924\"><div class=\"wpb_column vc_column_container vc_col-sm-12\"><div class=\"vc_column-inner\"><div class=\"wpb_wrapper\"><h2 class=\"sc_title sc_title_regular sc_align_center\" style=\"margin-top: 2.32em;line-height: 1.2;margin-bottom: 1.95rem;text-align:center;color:#393939;font-size:2.0em;\">List\u0103 de bancuri de testare disponibile<\/h2>\n\t<div class=\"wpb_text_column wpb_content_element\" >\n\t\t<div class=\"wpb_wrapper\">\n\t\t\t<p>Nu exist\u0103 produse disponibile<\/p>\n<p>Nu ezita\u021bi s\u0103 <a href=\"mailto:info@motycs.it\">contacta\u021bi-ne<\/a> pentru informa\u021bii suplimentare<\/p>\n\n\t\t<\/div>\n\t<\/div>\n<\/div><\/div><\/div><\/div><div data-vc-full-width=\"true\" data-vc-full-width-init=\"false\" data-vc-stretch-content=\"true\" class=\"vc_row wpb_row vc_row-fluid diag-2 vc_row-no-padding\"><div class=\"wpb_column vc_column_container vc_col-sm-12\"><div class=\"vc_column-inner\"><div class=\"wpb_wrapper\"><\/div><\/div><\/div><\/div><div class=\"vc_row-full-width vc_clearfix\"><\/div><div data-vc-full-width=\"true\" data-vc-full-width-init=\"false\" data-vc-stretch-content=\"true\" class=\"vc_row wpb_row vc_row-fluid diag-2 vc_row-no-padding\"><div class=\"wpb_column vc_column_container vc_col-sm-12\"><div class=\"vc_column-inner\"><div class=\"wpb_wrapper\"><\/div><\/div><\/div><\/div><div class=\"vc_row-full-width vc_clearfix\"><\/div><div data-vc-full-width=\"true\" data-vc-full-width-init=\"false\" class=\"vc_row wpb_row vc_row-fluid vc_custom_1473769871896 vc_row-has-fill\"><div class=\"wpb_column vc_column_container vc_col-sm-12\"><div class=\"vc_column-inner\"><div class=\"wpb_wrapper\"><div class=\"sc_section margin_top_medium margin_bottom_huge\" data-animation=\"animated fadeInUp normal\" style=\"max-width: 1030px; margin: auto;\"><div class=\"sc_section_inner\"><h3 class=\"sc_section_title sc_item_title sc_item_title_without_descr\">Afla\u021bi mai multe<\/h3><div class=\"sc_section_content_wrap\"><div class=\"columns_wrap sc_columns columns_nofluid sc_columns_count_2\"><div class=\"column-1_2 sc_column_item sc_column_item_1 odd first\"><figure class=\"sc_image  sc_image_shape_square\"><img decoding=\"async\" src=\"https:\/\/motycs.it\/wp-content\/uploads\/2023\/05\/chassisdyno-4wd-linked-chassis-dynamometer-motycs.jpg\" alt=\"chassisdyno-4wd-linked-chassis-dynamometer-motycs\" \/><\/figure><\/div><div class=\"column-1_2 sc_column_item sc_column_item_2 even\">\n\t<div class=\"wpb_text_column wpb_content_element  vc_custom_1683382910456\" >\n\t\t<div class=\"wpb_wrapper\">\n\t\t\t<ul>\n<li><a href=\"https:\/\/motycs.it\/ro\/istorie-banci-proba-putere-un-roller\/\"><strong>Istoria bancurilor de \u00eencercare cu role<\/strong><\/a><\/li>\n<li><a href=\"https:\/\/motycs.it\/ro\/putere-disipata-bancuri-proof\/\"><strong>Ce este disiparea de putere?<\/strong><\/a><\/li>\n<li><strong><a href=\"https:\/\/motycs.it\/ro\/bancuri-de-testare-putere-biroll-cu-singura-rola\/\">Banc de testare a puterii BI-roller sau Mono-roller?<\/a><\/strong><\/li>\n<li><strong><a href=\"https:\/\/motycs.it\/ro\/bancuri-de-testare-4wd\/\">Avantajele bancurilor de \u00eencercare 4\u00d74 cu axe legate<\/a><\/strong><\/li>\n<li><a href=\"https:\/\/motycs.it\/ro\/factori-de-corectie-a-puterii\/\"><b>Factori de corec\u021bie a puterii DIN, CE, SAE..<\/b><\/a><\/li>\n<li><strong><a href=\"https:\/\/motycs.it\/ro\/sisteme-homologhe\/\">Bancurile de omologare \u0219i de sf\u00e2r\u0219it de linie<\/a><\/strong> domenii de aplicare<\/li>\n<\/ul>\n<h6>PRODUSELE \u0218I SERVICIILE NOASTRE<\/h6>\n<ul>\n<li><a href=\"https:\/\/motycs.it\/ro\/product-category\/banchi-prova-potenza\/\"><strong>Gama noastr\u0103 de bancuri de testare cu role<\/strong><\/a><\/li>\n<li><a href=\"https:\/\/motycs.it\/ro\/product-category\/sistemi-di-controllo\/\"><strong>Sisteme de control \u0219i achizi\u021bie<\/strong><\/a><\/li>\n<li><a href=\"https:\/\/motycs.it\/ro\/product\/vase-de-sare\/\"><strong>Camere de testare a motoarelor izolate fonic<\/strong><\/a><\/li>\n<li><a href=\"https:\/\/motycs.it\/ro\/servicii-de-testare-a-motoarelor-de-testare\/\"><strong>Servicii de testare a motoarelor \u0219i vehiculelor<\/strong><\/a><\/li>\n<\/ul>\n<p><a href=\"https:\/\/motycs.it\/ro\/contacte\/\"><strong>Contacta\u021bi-ne pentru mai multe informa\u021bii<\/strong><\/a><\/p>\n\n\t\t<\/div>\n\t<\/div>\n<\/div><\/div><\/div><\/div><\/div><\/div><\/div><\/div><\/div><div class=\"vc_row-full-width vc_clearfix\"><\/div>","protected":false},"excerpt":{"rendered":"List\u0103 de bancuri de testare second-hand disponibile Nu exist\u0103 produse disponibile V\u0103 rug\u0103m s\u0103 ne contacta\u021bi pentru mai multe informa\u021bii Afla\u021bi mai multe Istoria bancurilor de testare cu role Ce este disiparea de putere? Bancul de testare a puterii BI-roller sau Mono-roller? Avantajele bancurilor de testare a axelor legate 4x4 Factori de corec\u021bie a puterii DIN, CE, SAE... Bancuri de omologare [...]","protected":false},"author":1,"featured_media":0,"parent":0,"menu_order":0,"comment_status":"closed","ping_status":"closed","template":"","meta":{"footnotes":""},"class_list":["post-1677","page","type-page","status-publish","hentry"],"yoast_head":"<!-- This site is optimized with the Yoast SEO plugin v26.5 - https:\/\/yoast.com\/wordpress\/plugins\/seo\/ -->\n<title>Banchi prova potenza usati<\/title>\n<meta name=\"description\" content=\"Trova un banco prova potenza usato; visita la nostra pagina web dedicata per individuare la soluzione pi\u00f9 adatta alle tue esigenze.\" \/>\n<meta name=\"robots\" content=\"index, follow, max-snippet:-1, max-image-preview:large, max-video-preview:-1\" \/>\n<link rel=\"canonical\" href=\"https:\/\/motycs.it\/ro\/bancuri-de-testare-folosite\/\" \/>\n<meta property=\"og:locale\" content=\"ro_RO\" \/>\n<meta property=\"og:type\" content=\"article\" \/>\n<meta property=\"og:title\" content=\"Banchi prova potenza usati\" \/>\n<meta property=\"og:description\" content=\"Trova un banco prova potenza usato; visita la nostra pagina web dedicata per individuare la soluzione pi\u00f9 adatta alle tue esigenze.\" \/>\n<meta property=\"og:url\" content=\"https:\/\/motycs.it\/ro\/bancuri-de-testare-folosite\/\" \/>\n<meta property=\"og:site_name\" content=\"MOTYCS\" \/>\n<meta property=\"article:publisher\" content=\"https:\/\/www.facebook.com\/motycs\/\" \/>\n<meta property=\"article:modified_time\" content=\"2023-12-07T09:49:29+00:00\" \/>\n<meta property=\"og:image\" content=\"https:\/\/motycs.it\/wp-content\/uploads\/2023\/05\/lancia-delta-integrale-banco-prova-potenza-dyno.jpg\" \/>\n\t<meta property=\"og:image:width\" content=\"800\" \/>\n\t<meta property=\"og:image:height\" content=\"800\" \/>\n\t<meta property=\"og:image:type\" content=\"image\/jpeg\" \/>\n<meta name=\"twitter:card\" content=\"summary_large_image\" \/>\n<meta name=\"twitter:label1\" content=\"Timp estimat pentru citire\" \/>\n\t<meta name=\"twitter:data1\" content=\"7 minute\" \/>\n<script type=\"application\/ld+json\" class=\"yoast-schema-graph\">{\"@context\":\"https:\/\/schema.org\",\"@graph\":[{\"@type\":\"WebPage\",\"@id\":\"https:\/\/motycs.it\/banchi-prova-usati\/\",\"url\":\"https:\/\/motycs.it\/banchi-prova-usati\/\",\"name\":\"Banchi prova potenza usati\",\"isPartOf\":{\"@id\":\"https:\/\/motycs.it\/#website\"},\"datePublished\":\"2023-05-09T13:13:58+00:00\",\"dateModified\":\"2023-12-07T09:49:29+00:00\",\"description\":\"Trova un banco prova potenza usato; visita la nostra pagina web dedicata per individuare la soluzione pi\u00f9 adatta alle tue esigenze.\",\"breadcrumb\":{\"@id\":\"https:\/\/motycs.it\/banchi-prova-usati\/#breadcrumb\"},\"inLanguage\":\"ro-RO\",\"potentialAction\":[{\"@type\":\"ReadAction\",\"target\":[\"https:\/\/motycs.it\/banchi-prova-usati\/\"]}]},{\"@type\":\"BreadcrumbList\",\"@id\":\"https:\/\/motycs.it\/banchi-prova-usati\/#breadcrumb\",\"itemListElement\":[{\"@type\":\"ListItem\",\"position\":1,\"name\":\"Home\",\"item\":\"https:\/\/motycs.it\/\"},{\"@type\":\"ListItem\",\"position\":2,\"name\":\"Banchi prova usati\"}]},{\"@type\":\"WebSite\",\"@id\":\"https:\/\/motycs.it\/#website\",\"url\":\"https:\/\/motycs.it\/\",\"name\":\"MOTYCS\",\"description\":\"\",\"publisher\":{\"@id\":\"https:\/\/motycs.it\/#organization\"},\"potentialAction\":[{\"@type\":\"SearchAction\",\"target\":{\"@type\":\"EntryPoint\",\"urlTemplate\":\"https:\/\/motycs.it\/?s={search_term_string}\"},\"query-input\":{\"@type\":\"PropertyValueSpecification\",\"valueRequired\":true,\"valueName\":\"search_term_string\"}}],\"inLanguage\":\"ro-RO\"},{\"@type\":\"Organization\",\"@id\":\"https:\/\/motycs.it\/#organization\",\"name\":\"MOTYCS\",\"url\":\"https:\/\/motycs.it\/\",\"logo\":{\"@type\":\"ImageObject\",\"inLanguage\":\"ro-RO\",\"@id\":\"https:\/\/motycs.it\/#\/schema\/logo\/image\/\",\"url\":\"https:\/\/motycs.it\/wp-content\/uploads\/2022\/03\/orizz_bianc.jpg\",\"contentUrl\":\"https:\/\/motycs.it\/wp-content\/uploads\/2022\/03\/orizz_bianc.jpg\",\"width\":600,\"height\":159,\"caption\":\"MOTYCS\"},\"image\":{\"@id\":\"https:\/\/motycs.it\/#\/schema\/logo\/image\/\"},\"sameAs\":[\"https:\/\/www.facebook.com\/motycs\/\",\"https:\/\/www.instagram.com\/motycs.teq\/\",\"https:\/\/www.linkedin.com\/company\/motycs\/\",\"https:\/\/www.pinterest.it\/Motycsdynamometer\/\",\"https:\/\/www.youtube.com\/channel\/UCl_9nwLJn-fMI6UMZVc0tZw\"]}]}<\/script>\n<!-- \/ Yoast SEO plugin. -->","yoast_head_json":{"title":"Bancuri de testare a puterii folosite","description":"G\u0103si\u021bi un banc de testare a puterii de ocazie; vizita\u021bi pagina noastr\u0103 web dedicat\u0103 pentru a g\u0103si cea mai bun\u0103 solu\u021bie pentru nevoile dumneavoastr\u0103.","robots":{"index":"index","follow":"follow","max-snippet":"max-snippet:-1","max-image-preview":"max-image-preview:large","max-video-preview":"max-video-preview:-1"},"canonical":"https:\/\/motycs.it\/ro\/bancuri-de-testare-folosite\/","og_locale":"ro_RO","og_type":"article","og_title":"Banchi prova potenza usati","og_description":"Trova un banco prova potenza usato; visita la nostra pagina web dedicata per individuare la soluzione pi\u00f9 adatta alle tue esigenze.","og_url":"https:\/\/motycs.it\/ro\/bancuri-de-testare-folosite\/","og_site_name":"MOTYCS","article_publisher":"https:\/\/www.facebook.com\/motycs\/","article_modified_time":"2023-12-07T09:49:29+00:00","og_image":[{"width":800,"height":800,"url":"https:\/\/motycs.it\/wp-content\/uploads\/2023\/05\/lancia-delta-integrale-banco-prova-potenza-dyno.jpg","type":"image\/jpeg"}],"twitter_card":"summary_large_image","twitter_misc":{"Timp estimat pentru citire":"7 minute"},"schema":{"@context":"https:\/\/schema.org","@graph":[{"@type":"WebPage","@id":"https:\/\/motycs.it\/banchi-prova-usati\/","url":"https:\/\/motycs.it\/banchi-prova-usati\/","name":"Bancuri de testare a puterii folosite","isPartOf":{"@id":"https:\/\/motycs.it\/#website"},"datePublished":"2023-05-09T13:13:58+00:00","dateModified":"2023-12-07T09:49:29+00:00","description":"G\u0103si\u021bi un banc de testare a puterii de ocazie; vizita\u021bi pagina noastr\u0103 web dedicat\u0103 pentru a g\u0103si cea mai bun\u0103 solu\u021bie pentru nevoile dumneavoastr\u0103.","breadcrumb":{"@id":"https:\/\/motycs.it\/banchi-prova-usati\/#breadcrumb"},"inLanguage":"ro-RO","potentialAction":[{"@type":"ReadAction","target":["https:\/\/motycs.it\/banchi-prova-usati\/"]}]},{"@type":"BreadcrumbList","@id":"https:\/\/motycs.it\/banchi-prova-usati\/#breadcrumb","itemListElement":[{"@type":"ListItem","position":1,"name":"Home","item":"https:\/\/motycs.it\/"},{"@type":"ListItem","position":2,"name":"Banchi prova usati"}]},{"@type":"WebSite","@id":"https:\/\/motycs.it\/#website","url":"https:\/\/motycs.it\/","name":"MOTYCS","description":"","publisher":{"@id":"https:\/\/motycs.it\/#organization"},"potentialAction":[{"@type":"SearchAction","target":{"@type":"EntryPoint","urlTemplate":"https:\/\/motycs.it\/?s={search_term_string}"},"query-input":{"@type":"PropertyValueSpecification","valueRequired":true,"valueName":"search_term_string"}}],"inLanguage":"ro-RO"},{"@type":"Organization","@id":"https:\/\/motycs.it\/#organization","name":"MOTYCS","url":"https:\/\/motycs.it\/","logo":{"@type":"ImageObject","inLanguage":"ro-RO","@id":"https:\/\/motycs.it\/#\/schema\/logo\/image\/","url":"https:\/\/motycs.it\/wp-content\/uploads\/2022\/03\/orizz_bianc.jpg","contentUrl":"https:\/\/motycs.it\/wp-content\/uploads\/2022\/03\/orizz_bianc.jpg","width":600,"height":159,"caption":"MOTYCS"},"image":{"@id":"https:\/\/motycs.it\/#\/schema\/logo\/image\/"},"sameAs":["https:\/\/www.facebook.com\/motycs\/","https:\/\/www.instagram.com\/motycs.teq\/","https:\/\/www.linkedin.com\/company\/motycs\/","https:\/\/www.pinterest.it\/Motycsdynamometer\/","https:\/\/www.youtube.com\/channel\/UCl_9nwLJn-fMI6UMZVc0tZw"]}]}},"_links":{"self":[{"href":"https:\/\/motycs.it\/ro\/wp-json\/wp\/v2\/pages\/1677","targetHints":{"allow":["GET"]}}],"collection":[{"href":"https:\/\/motycs.it\/ro\/wp-json\/wp\/v2\/pages"}],"about":[{"href":"https:\/\/motycs.it\/ro\/wp-json\/wp\/v2\/types\/page"}],"author":[{"embeddable":true,"href":"https:\/\/motycs.it\/ro\/wp-json\/wp\/v2\/users\/1"}],"replies":[{"embeddable":true,"href":"https:\/\/motycs.it\/ro\/wp-json\/wp\/v2\/comments?post=1677"}],"version-history":[{"count":5,"href":"https:\/\/motycs.it\/ro\/wp-json\/wp\/v2\/pages\/1677\/revisions"}],"predecessor-version":[{"id":1853,"href":"https:\/\/motycs.it\/ro\/wp-json\/wp\/v2\/pages\/1677\/revisions\/1853"}],"wp:attachment":[{"href":"https:\/\/motycs.it\/ro\/wp-json\/wp\/v2\/media?parent=1677"}],"curies":[{"name":"wp","href":"https:\/\/api.w.org\/{rel}","templated":true}]}}