{"id":1445,"date":"2023-04-13T08:51:53","date_gmt":"2023-04-13T06:51:53","guid":{"rendered":"https:\/\/motycs.it\/?page_id=1445"},"modified":"2023-06-02T22:29:06","modified_gmt":"2023-06-02T20:29:06","slug":"principi-generali-banchi-prova","status":"publish","type":"page","link":"https:\/\/motycs.it\/ro\/concepte-de-baza-sasiu-banc-de-incercare-dyno\/","title":{"rendered":"Principii generale"},"content":{"rendered":"<div data-vc-full-width=\"true\" data-vc-full-width-init=\"false\" class=\"vc_row wpb_row vc_row-fluid vc_custom_1473769871896 vc_row-has-fill\"><div class=\"wpb_column vc_column_container vc_col-sm-12\"><div class=\"vc_column-inner\"><div class=\"wpb_wrapper\"><div class=\"sc_section margin_top_large margin_bottom_huge\" data-animation=\"animated fadeInUp normal\" style=\"max-width: 1030px; margin: auto;\"><div class=\"sc_section_inner\"><h6 class=\"sc_section_subtitle sc_item_subtitle\">Teorie<\/h6><h3 class=\"sc_section_title sc_item_title sc_item_title_without_descr\">Tehnic\u0103 \u0219i concepte de baz\u0103<\/h3><div class=\"sc_section_content_wrap\">\n\t<div class=\"wpb_text_column wpb_content_element  vc_custom_1685737737289\" >\n\t\t<div class=\"wpb_wrapper\">\n\t\t\t<h4>LA CE SERVESC BANCURILE DE \u00ceNCERCARE<\/h4>\n<p class=\"entry-header\">Bancuri de testare, fie c\u0103 este vorba de bancuri cu role (pentru testarea vehiculelor) sau de bancuri de testare a motoarelor, sunt <strong>instrumente <\/strong>util\u0103 pentru<strong> m\u0103surarea performan\u021bei <\/strong>\u0219i caracteristici <strong>de propulsoare.<\/strong><\/p>\n<p>Exist\u0103 diferite tipuri, care <strong>se deosebesc \u00eentre ele \u00een principal \u00eentre:<\/strong><\/p>\n<ul>\n<li><strong> bancuri de \u00eencercare a motoarelor<\/strong> (\u00een cazul \u00een care motorul este conectat direct la bancul de \u00eencercare)<\/li>\n<li><strong>bancuri de testare cu role<\/strong> (\u00een cazul \u00een care vehiculele sunt testate prin a\u0219ezarea pneurilor pe role)<\/li>\n<\/ul>\n<p>O alt\u0103 distinc\u021bie important\u0103 provine din<strong> prezen\u021ba sau absen\u021ba unei fr\u00e2ne<\/strong> (util\u0103 pentru a genera o for\u021b\u0103 de rezisten\u021b\u0103) pentru care vorbim de <strong>bancuri de \u00eencercare iner\u021biale sau cu fr\u00e2n\u0103.<\/strong><\/p>\n<h3>BANCUL DE \u00ceNCERCARE A MOTORULUI<\/h3>\n<p>Bancul de \u00eencercare al motorului este <strong>instrument utilizat pentru a m\u0103sura to\u021bi parametrii de func\u021bionare a unui motor<\/strong>, inclusiv <strong>curbe de putere \u0219i cuplu, cu cea mai mare precizie \u0219i repetabilitate posibile <\/strong>(spre deosebire de un banc de testare pe role, unde intr\u0103 \u00een joc iner\u021biile apar\u021bin\u00e2nd componentelor transmisiei, jantelor, anvelopelor etc.).<\/p>\n<p>Pe acest tip de banc de testare,<strong> motorul este instalat \u0219i conectat direct la axa fr\u00e2nei cu curen\u021bi turbionari \u0219i<\/strong>\u00a0<strong>controlate dintr-o camer\u0103 de control special\u0103, <\/strong>\u00een mod manual sau automat, datorit\u0103 integr\u0103rii unor actuatoare speciale.<\/p>\n<p>Acesta este <strong>utilizate \u00een principal \u00een c\u00e2mp:<\/strong><\/p>\n<ul>\n<li><strong>Preaprobat\u0103<\/strong><\/li>\n<li><strong>Homologat<\/strong><\/li>\n<li><strong>Calibrarea unit\u0103\u021bii de control a motorului (ECU)<\/strong><\/li>\n<\/ul>\n<p>Aceste date, colectate de c\u0103tre <strong><a href=\"https:\/\/motycs.it\/ro\/product\/omologative\/\">sistem de control \u0219i achizi\u021bie<\/a><\/strong>\u00a0cu ajutorul unor sonde speciale, acestea pot fi <strong>\u00a0analizate \u0219i prelucrate ulterior de c\u0103tre speciali\u0219ti.<\/strong>\u00a0software de procesare.<\/p>\n<p>Bancul de testare a motoarelor poate fi echipat \u0219i cu echipamente speciale <strong>traductoare de cuplu profesionale<\/strong>, acest lucru este util pentru analize aprofundate ale comportamentului dinamic, ceea ce nu este posibil cu celulele de sarcin\u0103 conven\u021bionale.<\/p>\n<p>Fr\u00e2na bancului de \u00eencercare, <strong>poate fi cuplat \u0219i un motor electric de tip asincron,<\/strong> astfel \u00eenc\u00e2t ciclurile de conducere rutier\u0103 s\u0103 poat\u0103 fi simulate corect. \u00cen acest caz, vorbim de un <strong>Bancul de testare a motoarelor \"TANDEM\":<\/strong><\/p>\n<p>The<strong> motor electric asincron,<\/strong> care lucreaz\u0103 \u00een paralel cu fr\u00e2na, este acum o cerin\u021b\u0103 <strong>esen\u021biale pentru reproducerea corect\u0103 a condi\u021biilor de func\u021bionare pe \u0219osea, inclusiv a ciclurilor de conducere <\/strong>(de exemplu, reglementarea WLTP), nu doar <strong>\u00een ciclurile de omologare de tip, dar \u0219i \u00een ciclurile de preaprobare<\/strong>.<\/p>\n<p><a href=\"https:\/\/motycs.it\/ro\/servicii-de-testare-a-motoarelor-de-testare\/\"><strong>Descoperi\u021bi serviciile noastre de testare a motoarelor<\/strong><\/a><\/p>\n<div id=\"attachment_1266\" style=\"width: 810px\" class=\"wp-caption aligncenter\"><a href=\"https:\/\/motycs.it\/wp-content\/uploads\/2022\/08\/engine-banco-prova-motore-motycs.jpg\"><img loading=\"lazy\" decoding=\"async\" aria-describedby=\"caption-attachment-1266\" class=\"wp-image-1266 size-full\" src=\"https:\/\/motycs.it\/wp-content\/uploads\/2022\/08\/engine-banco-prova-motore-motycs.jpg\" alt=\"banc de \u00eencercare a motoarelor motycs\" width=\"800\" height=\"800\" srcset=\"https:\/\/motycs.it\/wp-content\/uploads\/2022\/08\/engine-banco-prova-motore-motycs.jpg 800w, https:\/\/motycs.it\/wp-content\/uploads\/2022\/08\/engine-banco-prova-motore-motycs-300x300.jpg 300w, https:\/\/motycs.it\/wp-content\/uploads\/2022\/08\/engine-banco-prova-motore-motycs-150x150.jpg 150w, https:\/\/motycs.it\/wp-content\/uploads\/2022\/08\/engine-banco-prova-motore-motycs-768x768.jpg 768w, https:\/\/motycs.it\/wp-content\/uploads\/2022\/08\/engine-banco-prova-motore-motycs-600x600.jpg 600w, https:\/\/motycs.it\/wp-content\/uploads\/2022\/08\/engine-banco-prova-motore-motycs-100x100.jpg 100w\" sizes=\"auto, (max-width: 800px) 100vw, 800px\" \/><\/a><p id=\"caption-attachment-1266\" class=\"wp-caption-text\">Bancul nostru de testare a motoarelor TANDEM<\/p><\/div>\n<h3>BANCUL DE TESTARE A ROLELOR<\/h3>\n<p>The <a href=\"https:\/\/motycs.it\/ro\/product\/power-test-4wd\/\"><strong>banc de \u00eencercare cu role<\/strong><\/a> (adesea numit \"banc de testare a puterii\") pentru ma\u0219ini sau motociclete, <strong>permite, \u00een principal, detectarea<\/strong> (f\u0103r\u0103 a scoate motorul din vehicul) <strong>curbele de cuplu \u0219i de putere.<\/strong><\/p>\n<p>La r\u00e2ndul s\u0103u, acesta poate fi echipat cu <strong>senzori externi \u0219i sisteme de achizi\u021bie<\/strong>, \u00een principal <strong>diferen\u021biate \u00een func\u021bie de tipul de aplica\u021bie<\/strong> (domeniile de dezvoltare a performan\u021belor, diagnosticare sau omologare).<\/p>\n<p><strong>\u00cen cazul \u00een care este necesar un banc de \u00eencercare a motorului pentru <\/strong>procese cum ar fi <strong>preaprobarea \u0219i omologarea de tip<\/strong>, la <strong>banc cu role se dovede\u0219te a fi un instrument excelent pentru aplica\u021bii precum:<\/strong><\/p>\n<ul>\n<li><strong>Diagnosticare.<\/strong><\/li>\n<li><strong>Dezvoltarea performan\u021bei<\/strong> (calibrarea ECU).<\/li>\n<li><strong>Omologare <\/strong>(cicluri de conducere sau emisii).<\/li>\n<\/ul>\n<p>\u00cen domeniile diagnostic\u0103rii, calibr\u0103rii \u0219i preg\u0103tirii sportive, <strong>o parte a ofertei noastre este reprezentat\u0103 de gama de produse <a href=\"https:\/\/www.sportdevices.com\/\">SPORT DEVICES<\/a><\/strong>, ca <strong>distribuitori exclusivi \u00een Italia.<\/strong><\/p>\n<p><strong>Descoperi\u021bi gama de bancuri de testare a puterii cu role<\/strong>, echipat cu fr\u00e2n\u0103 de curen\u021bi turbionari:<\/p>\n<ul>\n<li><strong><a href=\"https:\/\/motycs.it\/ro\/product\/power-test-2wd\/\">b\u0103nci pentru ma\u0219ini 2wd<\/a><\/strong><strong> &#8211; <a href=\"https:\/\/motycs.it\/ro\/product\/power-test-4wd\/\">4\u00d74 b\u0103nci auto<\/a><\/strong> &#8211; <a href=\"https:\/\/motycs.it\/ro\/product\/testare-de-putere-motociclete\/\"><strong>B\u0103nci pentru motociclete<\/strong><\/a><\/li>\n<\/ul>\n<div id=\"attachment_1336\" style=\"width: 810px\" class=\"wp-caption aligncenter\"><a href=\"https:\/\/motycs.it\/wp-content\/uploads\/2022\/09\/ferrai512bb-dyno-motycs-sportdevices.jpg\"><img loading=\"lazy\" decoding=\"async\" aria-describedby=\"caption-attachment-1336\" class=\"wp-image-1336 size-full\" src=\"https:\/\/motycs.it\/wp-content\/uploads\/2022\/09\/ferrai512bb-dyno-motycs-sportdevices.jpg\" alt=\"ferrari 512 bb motycs cu rotile\" width=\"800\" height=\"800\" srcset=\"https:\/\/motycs.it\/wp-content\/uploads\/2022\/09\/ferrai512bb-dyno-motycs-sportdevices.jpg 800w, https:\/\/motycs.it\/wp-content\/uploads\/2022\/09\/ferrai512bb-dyno-motycs-sportdevices-300x300.jpg 300w, https:\/\/motycs.it\/wp-content\/uploads\/2022\/09\/ferrai512bb-dyno-motycs-sportdevices-150x150.jpg 150w, https:\/\/motycs.it\/wp-content\/uploads\/2022\/09\/ferrai512bb-dyno-motycs-sportdevices-768x768.jpg 768w, https:\/\/motycs.it\/wp-content\/uploads\/2022\/09\/ferrai512bb-dyno-motycs-sportdevices-600x600.jpg 600w, https:\/\/motycs.it\/wp-content\/uploads\/2022\/09\/ferrai512bb-dyno-motycs-sportdevices-100x100.jpg 100w\" sizes=\"auto, (max-width: 800px) 100vw, 800px\" \/><\/a><p id=\"caption-attachment-1336\" class=\"wp-caption-text\">Mas\u0103 cu role 4wd cu axe legate<\/p><\/div>\n<h4>BANCURI DE \u00ceNCERCARE INER\u021aIAL\u0102 \u0218I FR\u00c2NAT\u0102<\/h4>\n<p>Bancuri de testare, atunci c\u00e2nd <strong>care nu este echipat cu o fr\u00e2n\u0103<\/strong>, sunt de obicei <strong>definite ca bancuri de \u00eencercare INERTIALE. <\/strong><\/p>\n<p>Acest tip de banc\u0103 este acum considerat \u00eenvechit, <a href=\"https:\/\/motycs.it\/ro\/istorie-banci-proba-putere-un-roller\/\"><strong>utilizeaz\u0103 role grele sau mase volanice grele<\/strong><\/a>, ca for\u021b\u0103 rezistent\u0103, pentru a m\u0103sura performan\u021ba motoarelor sau a vehiculelor.<\/p>\n<p>I <strong>bancuri de \u00eencercare cu fr\u00e2n\u0103<\/strong> (echipat cu o fr\u00e2n\u0103) <strong>ofer\u0103 o mai mare precizie, repetabilitate a m\u0103sur\u0103torilor <\/strong>\u0219i <strong>func\u021bionalit\u0103\u021bi avansate<\/strong>, utile pentru activitatea dezvoltatorului.<\/p>\n<p>Aceste caracteristici includ, de exemplu:<\/p>\n<ul>\n<li><strong>Stare stabil\u0103<\/strong>: Bancul de \u00eencercare permite oprirea motorului la o anumit\u0103 tura\u021bie\/revolu\u021bie.<\/li>\n<li><strong>Controlul rampei de accelerare<\/strong>: este posibil\u0103 ajustarea rampei de accelera\u021bie, \u00een func\u021bie de diferitele motoare \u0219i puteri.<\/li>\n<li><strong>Simulare stradal\u0103<\/strong> (urcare, pant\u0103, prezen\u021ba remorcilor).<\/li>\n<\/ul>\n<p>Cele de mai sus sunt doar c\u00e2teva exemple, printre <strong>numeroasele func\u021bii pe care le poate oferi un banc de testare cu fr\u00e2n\u0103<\/strong>. Ast\u0103zi, tipul de <strong>cea mai frecvent\u0103 fr\u00e2n\u0103<\/strong> pe bancurile de testare, este <a href=\"https:\/\/it.wikipedia.org\/wiki\/Freni_magnetici\"><strong>fr\u00e2n\u0103 cu curen\u021bi turbionari (sau Focault)<\/strong><\/a> (Link c\u0103tre Wikypedia)<\/p>\n<h4>DEZVOLTARE \u0218I CERCETARE PE BANCURI DE TESTARE<\/h4>\n<p>Pentru a realiza economii de timp \u00een timpul dezvolt\u0103rii vehiculului, <strong>companiile \u00eencearc\u0103 din ce \u00een ce mai mult s\u0103 efectueze acelea\u0219i teste pe bancul de testare a motoarelor, pe dinamometrul de \u0219asiu dinamometric.<\/strong><\/p>\n<p>Obiectivul este de a <strong>corelarea rezultatelor pentru a eviden\u021bia diferen\u021bele <\/strong>(\u0219i a factorilor care \u00eei influen\u021beaz\u0103), precum \u0219i de <strong>s\u0103 verifice rezultatele ob\u021binute pe bancul de testare a motorului, cu avantajul reutiliz\u0103rii \u0219i compar\u0103rii testelor existente<\/strong>, \u00eentr-un mediu de testare \u00een \u00eentregime similar cu tipul de aplica\u021bie \u00een func\u021biune.<\/p>\n<p>\u00cen fiecare dintre aceste medii de testare <strong>se desf\u0103\u0219oar\u0103 diverse activit\u0103\u021bi<\/strong>inclusiv:<\/p>\n<ul>\n<li><strong>\u00cen timpul fazei de dezvoltare a vehiculului<\/strong> un banc de \u00eencercare a motorului este utilizat pentru <strong>verifica\u021bi durabilitatea \u0219i termodinamica<\/strong>. Este, de asemenea, utilizat pentru <strong>calibrarea ECU de baz\u0103<\/strong>, de asemenea, previzionarea comportamentului s\u0103u \u00een ceea ce prive\u0219te emisiile (utiliz\u00e2nd func\u021bii precum simularea rutier\u0103)<\/li>\n<li><strong>Teste de emisii <\/strong>se efectueaz\u0103 pe un banc de \u00eencercare a motorului \u0219i se repet\u0103 pe dinamometrul de \u0219asiu pentru omologarea vehiculului;<\/li>\n<li><strong>Evaluarea manevrabilit\u0103\u021bii \u0219i optimizarea calibr\u0103rii grupului motopropulsor<\/strong>se efectueaz\u0103 pe bancurile de \u00eencercare a motoarelor;<\/li>\n<li><strong>Transmisie \u0219i vehicul <\/strong>sunt verificate pe \u0219osea sau pe bancuri cu role;<\/li>\n<li><strong>Teste \"climatice <\/strong>au loc mai \u00eent\u00e2i pe bancul de \u00eencercare al motorului, apoi pe bancul de \u00eencercare al rolelor;<\/li>\n<li><strong>Teste de anduran\u021b\u0103 <\/strong>e <strong>cicluri de conducere <\/strong>au loc pe bancul de \u00eencercare al motorului, apoi pe bancul de \u00eencercare pe role (sau pe \u0219osea).<\/li>\n<\/ul>\n<h5>INSIGHTS<\/h5>\n<ul>\n<li><strong><a href=\"https:\/\/motycs.it\/ro\/istorie-banci-proba-putere-un-roller\/\">Istoria bancurilor de testare a puterii cu role<\/a><\/strong><\/li>\n<li><strong><a href=\"https:\/\/motycs.it\/ro\/bancuri-de-testare-putere-biroll-cu-singura-rola\/\">Bancul de testare a puterii cu un singur sau dou\u0103 role, care dintre ele trebuie ales<\/a><\/strong><\/li>\n<li><strong><a href=\"https:\/\/motycs.it\/ro\/bancuri-de-testare-putere-biroll-cu-singura-rola\/\">Importan\u021ba diametrului rolelor \u00eentr-un banc de role pentru automobile<\/a><\/strong><\/li>\n<li><strong><a href=\"https:\/\/motycs.it\/ro\/putere-disipata-bancuri-proof\/\">Ce este disiparea de putere?<\/a><\/strong><\/li>\n<li><strong><a href=\"https:\/\/motycs.it\/ro\/factori-de-corectie-a-puterii\/\">La ce se folosesc factorii de corec\u021bie a puterii?<\/a><\/strong><\/li>\n<li><a href=\"https:\/\/motycs.it\/ro\/bancuri-de-testare-4wd\/\"><strong>Avantajele unei banchete cu trac\u021biune integral\u0103 cu pun\u021bi legate \u00eentre ele<\/strong><\/a><\/li>\n<li><strong><a href=\"https:\/\/motycs.it\/ro\/sisteme-homologhe\/\">Bancurile de omologare \u0219i de sf\u00e2r\u0219it de linie<\/a><\/strong><\/li>\n<\/ul>\n<h5>PRODUSELE \u0218I SERVICIILE NOASTRE<\/h5>\n<ul>\n<li><a href=\"https:\/\/motycs.it\/ro\/product-category\/banchi-prova-potenza\/\"><strong>Gama noastr\u0103 de bancuri de testare<\/strong><\/a><\/li>\n<li><a href=\"https:\/\/motycs.it\/ro\/product-category\/sistemi-di-controllo\/\"><strong>Sisteme de control \u0219i achizi\u021bie<\/strong><\/a><\/li>\n<li><a href=\"https:\/\/motycs.it\/ro\/product\/vase-de-sare\/\"><strong>Camere de testare a motoarelor izolate fonic<\/strong><\/a><\/li>\n<li><strong><a href=\"https:\/\/motycs.it\/ro\/product\/ventilatie\/\">Ansambluri de ventilatoare de r\u0103cire a motorului<\/a><\/strong><\/li>\n<li><a href=\"https:\/\/motycs.it\/ro\/product\/extragerea-fumului\/\"><strong>Sisteme de extrac\u021bie a fumului<\/strong><\/a><\/li>\n<li><a href=\"https:\/\/motycs.it\/ro\/servicii-de-testare-a-motoarelor-de-testare\/\"><strong>SERVICII DE TESTARE A MOTOARELOR \u0218I VEHICULELOR<\/strong><\/a><\/li>\n<\/ul>\n<p><a href=\"https:\/\/motycs.it\/ro\/contacte\/\"><strong>Contacta\u021bi-ne pentru mai multe informa\u021bii<\/strong><\/a><\/p>\n\n\t\t<\/div>\n\t<\/div>\n<\/div><\/div><\/div><\/div><\/div><\/div><\/div><div class=\"vc_row-full-width vc_clearfix\"><\/div>","protected":false},"excerpt":{"rendered":"TeorieTehnic\u0103 \u0219i concepte de baz\u0103 PENTRU CE SUNT BANCURILE DE TEST Bancuri de testare, fie c\u0103 este vorba de bancuri cu role (pentru testarea vehiculelor) sau de bancuri de testare a motoarelor, sunt instrumente utile pentru m\u0103surarea performan\u021belor \u0219i caracteristicilor motoarelor. Exist\u0103 mai multe tipuri, care se diferen\u021biaz\u0103 \u00een principal \u00eentre: bancuri de testare a motorului (\u00een care motorul este testat \u0219i [...]","protected":false},"author":1,"featured_media":0,"parent":0,"menu_order":0,"comment_status":"closed","ping_status":"closed","template":"","meta":{"footnotes":""},"class_list":["post-1445","page","type-page","status-publish","hentry"],"yoast_head":"<!-- This site is optimized with the Yoast SEO plugin v26.5 - https:\/\/yoast.com\/wordpress\/plugins\/seo\/ -->\n<title>Principi generali - MOTYCS<\/title>\n<meta name=\"description\" content=\"Scopri i concetti di base ed i principi generali che stanno dietro ai banchi prova potenza, siano banchi a rulli o banchi prova motore\" \/>\n<meta name=\"robots\" content=\"index, follow, max-snippet:-1, max-image-preview:large, max-video-preview:-1\" \/>\n<link rel=\"canonical\" href=\"https:\/\/motycs.it\/ro\/concepte-de-baza-sasiu-banc-de-incercare-dyno\/\" \/>\n<meta property=\"og:locale\" content=\"ro_RO\" \/>\n<meta property=\"og:type\" content=\"article\" \/>\n<meta property=\"og:title\" content=\"Principi generali - MOTYCS\" \/>\n<meta property=\"og:description\" content=\"Scopri i concetti di base ed i principi generali che stanno dietro ai banchi prova potenza, siano banchi a rulli o banchi prova motore\" \/>\n<meta property=\"og:url\" content=\"https:\/\/motycs.it\/ro\/concepte-de-baza-sasiu-banc-de-incercare-dyno\/\" \/>\n<meta property=\"og:site_name\" content=\"MOTYCS\" \/>\n<meta property=\"article:publisher\" content=\"https:\/\/www.facebook.com\/motycs\/\" \/>\n<meta property=\"article:modified_time\" content=\"2023-06-02T20:29:06+00:00\" \/>\n<meta property=\"og:image\" content=\"https:\/\/motycs.it\/wp-content\/uploads\/2022\/08\/engine-banco-prova-motore-motycs.jpg\" \/>\n<meta name=\"twitter:card\" content=\"summary_large_image\" \/>\n<meta name=\"twitter:label1\" content=\"Timp estimat pentru citire\" \/>\n\t<meta name=\"twitter:data1\" content=\"4 minute\" \/>\n<script type=\"application\/ld+json\" class=\"yoast-schema-graph\">{\"@context\":\"https:\/\/schema.org\",\"@graph\":[{\"@type\":\"WebPage\",\"@id\":\"https:\/\/motycs.it\/principi-generali-banchi-prova\/\",\"url\":\"https:\/\/motycs.it\/principi-generali-banchi-prova\/\",\"name\":\"Principi generali - MOTYCS\",\"isPartOf\":{\"@id\":\"https:\/\/motycs.it\/#website\"},\"primaryImageOfPage\":{\"@id\":\"https:\/\/motycs.it\/principi-generali-banchi-prova\/#primaryimage\"},\"image\":{\"@id\":\"https:\/\/motycs.it\/principi-generali-banchi-prova\/#primaryimage\"},\"thumbnailUrl\":\"https:\/\/motycs.it\/wp-content\/uploads\/2022\/08\/engine-banco-prova-motore-motycs.jpg\",\"datePublished\":\"2023-04-13T06:51:53+00:00\",\"dateModified\":\"2023-06-02T20:29:06+00:00\",\"description\":\"Scopri i concetti di base ed i principi generali che stanno dietro ai banchi prova potenza, siano banchi a rulli o banchi prova motore\",\"breadcrumb\":{\"@id\":\"https:\/\/motycs.it\/principi-generali-banchi-prova\/#breadcrumb\"},\"inLanguage\":\"ro-RO\",\"potentialAction\":[{\"@type\":\"ReadAction\",\"target\":[\"https:\/\/motycs.it\/principi-generali-banchi-prova\/\"]}]},{\"@type\":\"ImageObject\",\"inLanguage\":\"ro-RO\",\"@id\":\"https:\/\/motycs.it\/principi-generali-banchi-prova\/#primaryimage\",\"url\":\"https:\/\/motycs.it\/wp-content\/uploads\/2022\/08\/engine-banco-prova-motore-motycs.jpg\",\"contentUrl\":\"https:\/\/motycs.it\/wp-content\/uploads\/2022\/08\/engine-banco-prova-motore-motycs.jpg\"},{\"@type\":\"BreadcrumbList\",\"@id\":\"https:\/\/motycs.it\/principi-generali-banchi-prova\/#breadcrumb\",\"itemListElement\":[{\"@type\":\"ListItem\",\"position\":1,\"name\":\"Home\",\"item\":\"https:\/\/motycs.it\/\"},{\"@type\":\"ListItem\",\"position\":2,\"name\":\"Principi generali\"}]},{\"@type\":\"WebSite\",\"@id\":\"https:\/\/motycs.it\/#website\",\"url\":\"https:\/\/motycs.it\/\",\"name\":\"MOTYCS\",\"description\":\"\",\"publisher\":{\"@id\":\"https:\/\/motycs.it\/#organization\"},\"potentialAction\":[{\"@type\":\"SearchAction\",\"target\":{\"@type\":\"EntryPoint\",\"urlTemplate\":\"https:\/\/motycs.it\/?s={search_term_string}\"},\"query-input\":{\"@type\":\"PropertyValueSpecification\",\"valueRequired\":true,\"valueName\":\"search_term_string\"}}],\"inLanguage\":\"ro-RO\"},{\"@type\":\"Organization\",\"@id\":\"https:\/\/motycs.it\/#organization\",\"name\":\"MOTYCS\",\"url\":\"https:\/\/motycs.it\/\",\"logo\":{\"@type\":\"ImageObject\",\"inLanguage\":\"ro-RO\",\"@id\":\"https:\/\/motycs.it\/#\/schema\/logo\/image\/\",\"url\":\"https:\/\/motycs.it\/wp-content\/uploads\/2022\/03\/orizz_bianc.jpg\",\"contentUrl\":\"https:\/\/motycs.it\/wp-content\/uploads\/2022\/03\/orizz_bianc.jpg\",\"width\":600,\"height\":159,\"caption\":\"MOTYCS\"},\"image\":{\"@id\":\"https:\/\/motycs.it\/#\/schema\/logo\/image\/\"},\"sameAs\":[\"https:\/\/www.facebook.com\/motycs\/\",\"https:\/\/www.instagram.com\/motycs.teq\/\",\"https:\/\/www.linkedin.com\/company\/motycs\/\",\"https:\/\/www.pinterest.it\/Motycsdynamometer\/\",\"https:\/\/www.youtube.com\/channel\/UCl_9nwLJn-fMI6UMZVc0tZw\"]}]}<\/script>\n<!-- \/ Yoast SEO plugin. -->","yoast_head_json":{"title":"Principii generale - MOTYCS","description":"\u00cenv\u0103\u021ba\u021bi conceptele de baz\u0103 \u0219i principiile generale care stau la baza bancurilor de testare a puterii, fie c\u0103 este vorba de bancuri de testare a rolelor sau a motoarelor","robots":{"index":"index","follow":"follow","max-snippet":"max-snippet:-1","max-image-preview":"max-image-preview:large","max-video-preview":"max-video-preview:-1"},"canonical":"https:\/\/motycs.it\/ro\/concepte-de-baza-sasiu-banc-de-incercare-dyno\/","og_locale":"ro_RO","og_type":"article","og_title":"Principi generali - MOTYCS","og_description":"Scopri i concetti di base ed i principi generali che stanno dietro ai banchi prova potenza, siano banchi a rulli o banchi prova motore","og_url":"https:\/\/motycs.it\/ro\/concepte-de-baza-sasiu-banc-de-incercare-dyno\/","og_site_name":"MOTYCS","article_publisher":"https:\/\/www.facebook.com\/motycs\/","article_modified_time":"2023-06-02T20:29:06+00:00","og_image":[{"url":"https:\/\/motycs.it\/wp-content\/uploads\/2022\/08\/engine-banco-prova-motore-motycs.jpg","type":"","width":"","height":""}],"twitter_card":"summary_large_image","twitter_misc":{"Timp estimat pentru citire":"4 minute"},"schema":{"@context":"https:\/\/schema.org","@graph":[{"@type":"WebPage","@id":"https:\/\/motycs.it\/principi-generali-banchi-prova\/","url":"https:\/\/motycs.it\/principi-generali-banchi-prova\/","name":"Principii generale - MOTYCS","isPartOf":{"@id":"https:\/\/motycs.it\/#website"},"primaryImageOfPage":{"@id":"https:\/\/motycs.it\/principi-generali-banchi-prova\/#primaryimage"},"image":{"@id":"https:\/\/motycs.it\/principi-generali-banchi-prova\/#primaryimage"},"thumbnailUrl":"https:\/\/motycs.it\/wp-content\/uploads\/2022\/08\/engine-banco-prova-motore-motycs.jpg","datePublished":"2023-04-13T06:51:53+00:00","dateModified":"2023-06-02T20:29:06+00:00","description":"\u00cenv\u0103\u021ba\u021bi conceptele de baz\u0103 \u0219i principiile generale care stau la baza bancurilor de testare a puterii, fie c\u0103 este vorba de bancuri de testare a rolelor sau a motoarelor","breadcrumb":{"@id":"https:\/\/motycs.it\/principi-generali-banchi-prova\/#breadcrumb"},"inLanguage":"ro-RO","potentialAction":[{"@type":"ReadAction","target":["https:\/\/motycs.it\/principi-generali-banchi-prova\/"]}]},{"@type":"ImageObject","inLanguage":"ro-RO","@id":"https:\/\/motycs.it\/principi-generali-banchi-prova\/#primaryimage","url":"https:\/\/motycs.it\/wp-content\/uploads\/2022\/08\/engine-banco-prova-motore-motycs.jpg","contentUrl":"https:\/\/motycs.it\/wp-content\/uploads\/2022\/08\/engine-banco-prova-motore-motycs.jpg"},{"@type":"BreadcrumbList","@id":"https:\/\/motycs.it\/principi-generali-banchi-prova\/#breadcrumb","itemListElement":[{"@type":"ListItem","position":1,"name":"Home","item":"https:\/\/motycs.it\/"},{"@type":"ListItem","position":2,"name":"Principi generali"}]},{"@type":"WebSite","@id":"https:\/\/motycs.it\/#website","url":"https:\/\/motycs.it\/","name":"MOTYCS","description":"","publisher":{"@id":"https:\/\/motycs.it\/#organization"},"potentialAction":[{"@type":"SearchAction","target":{"@type":"EntryPoint","urlTemplate":"https:\/\/motycs.it\/?s={search_term_string}"},"query-input":{"@type":"PropertyValueSpecification","valueRequired":true,"valueName":"search_term_string"}}],"inLanguage":"ro-RO"},{"@type":"Organization","@id":"https:\/\/motycs.it\/#organization","name":"MOTYCS","url":"https:\/\/motycs.it\/","logo":{"@type":"ImageObject","inLanguage":"ro-RO","@id":"https:\/\/motycs.it\/#\/schema\/logo\/image\/","url":"https:\/\/motycs.it\/wp-content\/uploads\/2022\/03\/orizz_bianc.jpg","contentUrl":"https:\/\/motycs.it\/wp-content\/uploads\/2022\/03\/orizz_bianc.jpg","width":600,"height":159,"caption":"MOTYCS"},"image":{"@id":"https:\/\/motycs.it\/#\/schema\/logo\/image\/"},"sameAs":["https:\/\/www.facebook.com\/motycs\/","https:\/\/www.instagram.com\/motycs.teq\/","https:\/\/www.linkedin.com\/company\/motycs\/","https:\/\/www.pinterest.it\/Motycsdynamometer\/","https:\/\/www.youtube.com\/channel\/UCl_9nwLJn-fMI6UMZVc0tZw"]}]}},"_links":{"self":[{"href":"https:\/\/motycs.it\/ro\/wp-json\/wp\/v2\/pages\/1445","targetHints":{"allow":["GET"]}}],"collection":[{"href":"https:\/\/motycs.it\/ro\/wp-json\/wp\/v2\/pages"}],"about":[{"href":"https:\/\/motycs.it\/ro\/wp-json\/wp\/v2\/types\/page"}],"author":[{"embeddable":true,"href":"https:\/\/motycs.it\/ro\/wp-json\/wp\/v2\/users\/1"}],"replies":[{"embeddable":true,"href":"https:\/\/motycs.it\/ro\/wp-json\/wp\/v2\/comments?post=1445"}],"version-history":[{"count":36,"href":"https:\/\/motycs.it\/ro\/wp-json\/wp\/v2\/pages\/1445\/revisions"}],"predecessor-version":[{"id":1816,"href":"https:\/\/motycs.it\/ro\/wp-json\/wp\/v2\/pages\/1445\/revisions\/1816"}],"wp:attachment":[{"href":"https:\/\/motycs.it\/ro\/wp-json\/wp\/v2\/media?parent=1445"}],"curies":[{"name":"wp","href":"https:\/\/api.w.org\/{rel}","templated":true}]}}