{"id":1381,"date":"2023-03-09T09:42:02","date_gmt":"2023-03-09T08:42:02","guid":{"rendered":"https:\/\/motycs.it\/?page_id=1381"},"modified":"2023-05-09T09:40:38","modified_gmt":"2023-05-09T07:40:38","slug":"servizi-testing-motori","status":"publish","type":"page","link":"https:\/\/motycs.it\/ro\/servicii-de-testare-a-motoarelor-de-testare\/","title":{"rendered":"Testarea motoarelor \u0219i a vehiculelor"},"content":{"rendered":"<div data-vc-full-width=\"true\" data-vc-full-width-init=\"false\" class=\"vc_row wpb_row vc_row-fluid vc_custom_1661159702438 vc_row-has-fill\"><div class=\"wpb_column vc_column_container vc_col-sm-12\"><div class=\"vc_column-inner\"><div class=\"wpb_wrapper\"><div class=\"sc_section margin_top_large margin_bottom_large\" data-animation=\"animated fadeInUp normal\" style=\"max-width: 1030px; margin: auto;\"><div class=\"sc_section_inner\"><h6 class=\"sc_section_subtitle sc_item_subtitle\">Servicii<\/h6><h3 class=\"sc_section_title sc_item_title sc_item_title_without_descr\">Testarea motoarelor \u0219i a vehiculelor<\/h3><div class=\"sc_section_content_wrap\">\n\t<div class=\"wpb_text_column wpb_content_element  vc_custom_1680864912958\" >\n\t\t<div class=\"wpb_wrapper\">\n\t\t\t\n\t\t<\/div>\n\t<\/div>\n<\/div><\/div><\/div><h4 class=\"sc_title sc_title_regular margin_bottom_small\"><\/h4><div class=\"sc_accordion\" data-active=\"0\"><div class=\"sc_accordion_item odd first\"><h5 class=\"sc_accordion_title\"><span class=\"sc_accordion_icon sc_accordion_icon_closed icon-plus\"><\/span><span class=\"sc_accordion_icon sc_accordion_icon_opened icon-minus\"><\/span>BANCURI DE \u00ceNCERCARE A MOTOARELOR<\/h5><div class=\"sc_accordion_content\">\n\t<div class=\"wpb_text_column wpb_content_element\" >\n\t\t<div class=\"wpb_wrapper\">\n\t\t\t<p><strong>Disponibilitatea unei s\u0103li de testare a motoarelor<\/strong> echipat cu un banc de testare configurat \u00een <strong>Solu\u021bia TANDEM<\/strong>cu<strong> motor asincron.<\/strong><\/p>\n<p><strong>Fiecare set-up de testare este personalizat<\/strong> pentru a satisface nevoile clientului. Punem un accent deosebit pe<strong> repetabilitatea \u0219i punctualitatea m\u0103sur\u0103torilor<\/strong>:<br \/>\nam implementat sisteme automate de control \"\u00een timp real\", astfel \u00eenc\u00e2t s\u0103 putem efectua <strong>cicluri personalizate cu o precizie extrem\u0103.<\/strong><\/p>\n<p><strong>Putem configura celula de testare la diferite niveluri; <\/strong>avem <strong>instrumente integrate \u00een sistem <\/strong>ca:<\/p>\n<ul>\n<li><strong>Configura\u021bie \"tandem\" cu motor asincron coaxial\u00a0<\/strong><\/li>\n<li><strong>M\u0103surarea cuplului\/putere prin intermediul flan\u0219ei de cuplu \u0219i a celulei de sarcin\u0103<\/strong><\/li>\n<li><strong>Contor Blowby <\/strong>e <strong>Contor de consum instantaneu.<\/strong><\/li>\n<li><strong>Actuatoare mecanice controlate, <\/strong>disponibilitatea larg\u0103 a<strong> senzori<\/strong><\/li>\n<li><strong>Configura\u021bia sistemului de evacuare; <\/strong><strong>ventila\u021bie reglabil\u0103<\/strong><\/li>\n<li><strong>Climatizarea combustibilului \u0219i a aerului de combustie<\/strong><\/li>\n<\/ul>\n<p><a href=\"https:\/\/motycs.it\/ro\/contacte\/\"><strong>Contacta\u021bi-ne pentru mai multe informa\u021bii \u0219i detalii despre s\u0103lile noastre de repeti\u021bii<\/strong><\/a><\/p>\n\n\t\t<\/div>\n\t<\/div>\n<\/div><\/div><div class=\"sc_accordion_item even\"><h5 class=\"sc_accordion_title\"><span class=\"sc_accordion_icon sc_accordion_icon_closed icon-plus\"><\/span><span class=\"sc_accordion_icon sc_accordion_icon_opened icon-minus\"><\/span>CAMER\u0102 DE TESTARE A BANCURILOR DE TESTARE CU ROLE PENTRU MOTOCICLETE<\/h5><div class=\"sc_accordion_content\">\n\t<div class=\"wpb_text_column wpb_content_element\" >\n\t\t<div class=\"wpb_wrapper\">\n\t\t\t<p>Disponibilitatea unui <strong>sal\u0103 dotat\u0103 cu banc de testare cu role, cu actuatori mecanici, pentru motociclete.<\/strong><\/p>\n<p><strong>Sala noastr\u0103 dedicat\u0103 vehiculelor cu dou\u0103 ro\u021bi ofer\u0103 actuatoare mecanice \u0219i ghidare automat\u0103, pentru teste de p\u00e2n\u0103 la 12 ore continue. <\/strong>Utiliz\u0103m ambele solu\u021bii (banc de motor \u0219i dinamometru de \u0219asiu) la discre\u021bie, fie pentru teste de putere unic\u0103, fie pentru sarcini mai complexe \u0219i mai articulate.<\/p>\n<p>De asemenea, suntem capabili s\u0103 <strong>personaliz\u0103m bancurile noastre cu role, inclusiv din punct de vedere mecanic, <\/strong>pentru cerin\u021bele specifice de simulare a ciclului de conducere, de omologare \u0219i de preomologare<strong>.<\/strong><\/p>\n<p><a href=\"https:\/\/motycs.it\/ro\/contacte\/\"><strong>Contacta\u021bi-ne pentru mai multe informa\u021bii \u0219i detalii despre s\u0103lile noastre de repeti\u021bii<\/strong><\/a><\/p>\n\n\t\t<\/div>\n\t<\/div>\n<\/div><\/div><div id=\"sc_accordion_item_1661160449203_0\" class=\"sc_accordion_item odd\"><h5 class=\"sc_accordion_title\"><span class=\"sc_accordion_icon sc_accordion_icon_closed icon-plus\"><\/span><span class=\"sc_accordion_icon sc_accordion_icon_opened icon-minus\"><\/span>CAMER\u0102 DE TESTARE A BANCULUI DE TESTARE A ROLELOR AUTO<\/h5><div class=\"sc_accordion_content\">\n\t<div class=\"wpb_text_column wpb_content_element\" >\n\t\t<div class=\"wpb_wrapper\">\n\t\t\t<p>Disponibilitatea unei camere dotate cu <strong>banc de testare a puterii rolelor pentru autovehicule.<\/strong><\/p>\n<p><strong>Banca cu role este o alternativ\u0103 viabil\u0103 la amplasarea motorului singur, <\/strong>oferind beneficii nu numai \u00een ceea ce prive\u0219te limitarea costurilor \u0219i viteza de execu\u021bie, ci \u0219i prin completarea testelor cu o <strong>sensibilitatea \"uman\u0103\" la condus, tipic\u0103 utiliz\u0103rii pe \u0219osea.<\/strong><\/p>\n<p><strong>De asemenea, putem personaliza b\u0103ncile noastre cu role \u0219i din punct de vedere mecanic, <\/strong>pentru cerin\u021bele specifice de simulare a ciclului de conducere, de omologare \u0219i de preomologare.<\/p>\n<p><a href=\"https:\/\/motycs.it\/ro\/contacte\/\"><strong>Contacta\u021bi-ne pentru mai multe informa\u021bii \u0219i detalii despre s\u0103lile noastre de repeti\u021bii<\/strong><\/a><\/p>\n\n\t\t<\/div>\n\t<\/div>\n<\/div><\/div><div id=\"sc_accordion_item_1661160449203_0\" class=\"sc_accordion_item even\"><h5 class=\"sc_accordion_title\"><span class=\"sc_accordion_icon sc_accordion_icon_closed icon-plus\"><\/span><span class=\"sc_accordion_icon sc_accordion_icon_opened icon-minus\"><\/span>CALIBRAREA CONTROLULUI MOTORULUI<\/h5><div class=\"sc_accordion_content\">\n\t<div class=\"wpb_text_column wpb_content_element\" >\n\t\t<div class=\"wpb_wrapper\">\n\t\t\t<p><strong>Complexitatea crescut\u0103 a sistemului motor (vehicule hibride \u0219i electrice) combinat\u0103 cu necesitatea de optimizare a resurselor, <\/strong>au determinat<strong> necesitatea unor metode \u0219i sisteme de calibrare din ce \u00een ce mai eficiente a unit\u0103\u021bilor de comand\u0103 a motoarelor<\/strong>.<\/p>\n<p>Valorile noastre ad\u0103ugate:<\/p>\n<ul>\n<li><strong>Calibrarea motorului \u0219i a calculatorului<\/strong>, \u00een medii de testare personalizabile<\/li>\n<li><strong>Cuno\u0219tin\u021be \u00eentre optimizarea de baz\u0103 a motorului, manevrabilitate, emisii<\/strong><\/li>\n<li><strong>Instrumente profesionale pentru procesare \u0219i raportare automat\u0103<\/strong><\/li>\n<li>Fortificat de <strong>ani de experien\u021b\u0103 \u0219i o mare varietate de aplica\u021bii de calibrare \u0219i validare a ECU<\/strong> (sisteme de management al motorului), ne propunem pentru dezvoltarea de sisteme de control, cu instrumente profesionale specifice \u0219i software dedicat, <strong>inclusiv ETAS Inca<\/strong><\/li>\n<\/ul>\n<p><a href=\"https:\/\/motycs.it\/ro\/contacte\/\"><strong>Contacta\u021bi-ne pentru mai multe informa\u021bii \u0219i detalii despre s\u0103lile noastre de repeti\u021bii<\/strong><\/a><\/p>\n\n\t\t<\/div>\n\t<\/div>\n<\/div><\/div><div id=\"sc_accordion_item_1661160449203_0\" class=\"sc_accordion_item odd\"><h5 class=\"sc_accordion_title\"><span class=\"sc_accordion_icon sc_accordion_icon_closed icon-plus\"><\/span><span class=\"sc_accordion_icon sc_accordion_icon_opened icon-minus\"><\/span>ACHIZI\u021aIE DE DATE \u0218I ELECTRONIC\u0102<\/h5><div class=\"sc_accordion_content\">\n\t<div class=\"wpb_text_column wpb_content_element\" >\n\t\t<div class=\"wpb_wrapper\">\n\t\t\t<p>O parte fundamental\u0103 a oric\u0103rui tip de test este reprezentat\u0103 de<strong> \u00eenregistrarea \u0219i prelucrarea corect\u0103 a datelor produse.<\/strong> Consider\u0103m c\u0103 este indispensabil<strong> s\u0103 cunoasc\u0103 fenomenul \u00een detaliu pentru a putea interveni;<\/strong> avem <strong>mai multe sisteme de achizi\u021bie, fixe \u0219i portabile, interconectate cu platformele principale, precum \u0219i o gam\u0103 larg\u0103 de senzori configurabili<\/strong>. Toate bancurile noastre de testare sunt <strong>configurabil din toate punctele de vedere<\/strong>de asemenea, mul\u021bumiri pentru <strong>disponibilitatea intern\u0103 a unui laborator de dezvoltare, integrare \u0219i depanare a componentelor electronice.<\/strong><\/p>\n<p>Realiz\u0103m \u00een cadrul firmei amenaj\u0103ri de s\u0103li de testare, sisteme de m\u0103surare, achizi\u021bii; <strong>av\u00e2nd grij\u0103 de fiecare detaliu necesar pentru a ob\u021bine cel mai bun rezultat.<\/strong><\/p>\n<p><a href=\"https:\/\/motycs.it\/ro\/contacte\/\"><strong>Contacta\u021bi-ne pentru mai multe informa\u021bii \u0219i detalii despre s\u0103lile noastre de repeti\u021bii<\/strong><\/a><\/p>\n\n\t\t<\/div>\n\t<\/div>\n<\/div><\/div><div id=\"sc_accordion_item_1661160449203_0\" class=\"sc_accordion_item even\"><h5 class=\"sc_accordion_title\"><span class=\"sc_accordion_icon sc_accordion_icon_closed icon-plus\"><\/span><span class=\"sc_accordion_icon sc_accordion_icon_opened icon-minus\"><\/span>LABORATOARE INTERNE<\/h5><div class=\"sc_accordion_content\">\n\t<div class=\"wpb_text_column wpb_content_element\" >\n\t\t<div class=\"wpb_wrapper\">\n\t\t\t<p>Disponibilitatea laboratoarelor interne pentru a asista diferitele activit\u0103\u021bi ale companiei. Acestea <strong>s\u0103 ne permit\u0103 un control deplin asupra activit\u0103\u021bilor de testare, cu o flexibilitate c\u00e2t mai mare posibil:<\/strong><\/p>\n<ul>\n<li><strong>LABORATOR DE ELECTRONIC\u0102<\/strong><\/li>\n<li><strong>CARACTERIZAREA COMPONENTELOR<\/strong><\/li>\n<li><strong>DEBITOMETRU<\/strong><\/li>\n<li><strong>ECHIPAMENTE, <\/strong><strong>SOLDARE<\/strong><\/li>\n<li><strong>B\u0102NCI DE ASAMBLARE<\/strong><\/li>\n<\/ul>\n<p><a href=\"https:\/\/motycs.it\/ro\/contacte\/\"><strong>Contacta\u021bi-ne pentru mai multe informa\u021bii \u0219i detalii despre serviciile noastre de testare<\/strong><\/a><\/p>\n\n\t\t<\/div>\n\t<\/div>\n<\/div><\/div><\/div>\n\t<div class=\"wpb_text_column wpb_content_element  vc_custom_1683230348847\" >\n\t\t<div class=\"wpb_wrapper\">\n\t\t\t<h5><strong>COLABOR\u0102RI<\/strong><\/h5>\n<div class=\"page\" title=\"Pagina 2\">\n<div class=\"section\">\n<div class=\"layoutArea\">\n<div class=\"column\">\n<p>Lucr\u0103m \u00een <strong>o colaborare str\u00e2ns\u0103 cu unele dintre cele mai prestigioase companii de tradi\u021bie \u00een domeniul auto.<\/strong>, angaj\u00e2ndu-ne s\u0103 <strong>s\u0103 aduc\u0103 o valoare cresc\u00e2nd\u0103 \u00een construirea de parteneriate strategice<\/strong>; dezvoltarea unor rela\u021bii continue \u0219i de \u00eencredere cu clien\u021bii.<\/p>\n<p><strong>Contacta\u021bi-ne pentru mai multe informa\u021bii: <a href=\"mailto:info@motycs.it\">info@motycs.it<\/a><\/strong><\/p>\n<\/div>\n<h6><strong>DESCOPER\u0102 MAI MULT<\/strong><\/h6>\n<ul>\n<li><a href=\"https:\/\/motycs.it\/ro\/concepte-de-baza-sasiu-banc-de-incercare-dyno\/\"><strong>Concepte de baz\u0103 ale bancurilor de \u00eencercare<\/strong><\/a><\/li>\n<li><a href=\"https:\/\/motycs.it\/ro\/factori-de-corectie-a-puterii\/\"><strong>Factori de corec\u021bie a puterii DIN, CE, SAE..<\/strong><\/a><\/li>\n<li><a href=\"https:\/\/motycs.it\/ro\/istorie-banci-proba-putere-un-roller\/\"><strong>Istoria bancurilor de \u00eencercare cu role<\/strong><\/a><\/li>\n<li><a href=\"https:\/\/motycs.it\/ro\/product\/omologative\/\"><strong>Sistem de control \u0219i achizi\u021bie, pentru sisteme de omologare<\/strong><\/a><\/li>\n<\/ul>\n<\/div>\n<\/div>\n<\/div>\n\n\t\t<\/div>\n\t<\/div>\n<\/div><\/div><\/div><\/div><div class=\"vc_row-full-width vc_clearfix\"><\/div><div class=\"vc_row wpb_row vc_row-fluid\"><div class=\"wpb_column vc_column_container vc_col-sm-12\"><div class=\"vc_column-inner\"><div class=\"wpb_wrapper\"><div class=\"wpb_gallery wpb_content_element vc_clearfix\" ><div class=\"wpb_wrapper\"><h2 class=\"wpb_heading wpb_gallery_heading\">galerie<\/h2><div class=\"wpb_gallery_slides wpb_slider_nivo theme-default\" data-interval=\"3\"><div class=\"nivoSlider\"><img loading=\"lazy\" decoding=\"async\" class=\"\" src=\"https:\/\/motycs.it\/wp-content\/uploads\/2023\/05\/sistemacontrolloedacquisizione.jpg\" width=\"800\" height=\"800\" alt=\"Sistemele noastre de achizi\u021bie de date\" title=\"sistem de control \u0219i achizi\u021bie\" \/><img loading=\"lazy\" decoding=\"async\" class=\"\" src=\"https:\/\/motycs.it\/wp-content\/uploads\/2023\/05\/engine-dynamoemter-motycs.jpg\" width=\"800\" height=\"800\" alt=\"motor-dynamoemter-motycs\" title=\"motor-dynamoemter-motycs\" \/><img loading=\"lazy\" decoding=\"async\" class=\"\" src=\"https:\/\/motycs.it\/wp-content\/uploads\/2023\/05\/dyno-controlo-room-motycs.jpg\" width=\"800\" height=\"800\" alt=\"sistem de control al bancului de \u00eencercare a motoarelor\" title=\"dyno-controlo-room-motycs\" \/><img loading=\"lazy\" decoding=\"async\" class=\"\" src=\"https:\/\/motycs.it\/wp-content\/uploads\/2022\/08\/sala-prova-motori-motycs.jpg\" width=\"800\" height=\"800\" alt=\"sala de testare a motoarelor-motricitate\" title=\"sala de testare a motoarelor-motricitate\" \/><img loading=\"lazy\" decoding=\"async\" class=\"\" src=\"https:\/\/motycs.it\/wp-content\/uploads\/2022\/08\/banco-a-rulli-moto-motycs-prova-potenza.jpg\" width=\"800\" height=\"800\" alt=\"motycs banc de testare a puterii motocicletei motycs\" title=\"banc-la-roller-moto-moto-motoc-prob\u0103-putere\" \/><img loading=\"lazy\" decoding=\"async\" class=\"\" src=\"https:\/\/motycs.it\/wp-content\/uploads\/2022\/08\/immagine-INCA-motycs-ecu.jpg\" width=\"800\" height=\"800\" alt=\"O interfa\u021b\u0103 SW a sistemului de omologare\" title=\"imagine-INCA-motycs-ecu\" \/><img loading=\"lazy\" decoding=\"async\" class=\"\" src=\"https:\/\/motycs.it\/wp-content\/uploads\/2023\/05\/4wd-banco-prova-potenza-motycs-dynamometer.jpg\" width=\"800\" height=\"800\" alt=\"4wd-bank-test-power-motycs-dynamometer\" title=\"4wd-bank-test-power-motycs-dynamometer\" \/><\/div><\/div><\/div><\/div><\/div><\/div><\/div><\/div>","protected":false},"excerpt":{"rendered":"ServiciiTestarea motoarelor \u0219i a vehiculelor SALA DE TESTARE A MOTOARELOR Disponibilitatea unei s\u0103li de testare a motoarelor echipat\u0103 cu un banc de testare configurat \u00een solu\u021bie TANDEM, cu motor asincron. Fiecare configura\u021bie de testare este personalizat\u0103 pentru a r\u0103spunde nevoilor clientului. Punem mare accent pe repetabilitatea \u0219i punctualitatea m\u0103sur\u0103torilor: am implementat sisteme de control \"\u00een timp real\" [...]","protected":false},"author":1,"featured_media":0,"parent":0,"menu_order":0,"comment_status":"closed","ping_status":"closed","template":"","meta":{"footnotes":""},"class_list":["post-1381","page","type-page","status-publish","hentry"],"yoast_head":"<!-- This site is optimized with the Yoast SEO plugin v26.5 - https:\/\/yoast.com\/wordpress\/plugins\/seo\/ -->\n<title>Testing motori e veicoli - MOTYCS<\/title>\n<meta name=\"description\" content=\"Da oltre 20 anni forniamo servizi di testing motori, calibrazione motore, omologazione, cicli di guida secondo le diverse normative\" \/>\n<meta name=\"robots\" content=\"index, follow, max-snippet:-1, max-image-preview:large, max-video-preview:-1\" \/>\n<link rel=\"canonical\" href=\"https:\/\/motycs.it\/ro\/servicii-de-testare-a-motoarelor-de-testare\/\" \/>\n<meta property=\"og:locale\" content=\"ro_RO\" \/>\n<meta property=\"og:type\" content=\"article\" \/>\n<meta property=\"og:title\" content=\"Testing motori e veicoli - MOTYCS\" \/>\n<meta property=\"og:description\" content=\"Da oltre 20 anni forniamo servizi di testing motori, calibrazione motore, omologazione, cicli di guida secondo le diverse normative\" \/>\n<meta property=\"og:url\" content=\"https:\/\/motycs.it\/ro\/servicii-de-testare-a-motoarelor-de-testare\/\" \/>\n<meta property=\"og:site_name\" content=\"MOTYCS\" \/>\n<meta property=\"article:publisher\" content=\"https:\/\/www.facebook.com\/motycs\/\" \/>\n<meta property=\"article:modified_time\" content=\"2023-05-09T07:40:38+00:00\" \/>\n<meta property=\"og:image\" content=\"https:\/\/motycs.it\/wp-content\/uploads\/2023\/05\/lancia-delta-integrale-banco-prova-potenza-dyno.jpg\" \/>\n\t<meta property=\"og:image:width\" content=\"800\" \/>\n\t<meta property=\"og:image:height\" content=\"800\" \/>\n\t<meta property=\"og:image:type\" content=\"image\/jpeg\" \/>\n<meta name=\"twitter:card\" content=\"summary_large_image\" \/>\n<meta name=\"twitter:label1\" content=\"Timp estimat pentru citire\" \/>\n\t<meta name=\"twitter:data1\" content=\"11 minute\" \/>\n<script type=\"application\/ld+json\" class=\"yoast-schema-graph\">{\"@context\":\"https:\/\/schema.org\",\"@graph\":[{\"@type\":\"WebPage\",\"@id\":\"https:\/\/motycs.it\/servizi-testing-motori\/\",\"url\":\"https:\/\/motycs.it\/servizi-testing-motori\/\",\"name\":\"Testing motori e veicoli - MOTYCS\",\"isPartOf\":{\"@id\":\"https:\/\/motycs.it\/#website\"},\"datePublished\":\"2023-03-09T08:42:02+00:00\",\"dateModified\":\"2023-05-09T07:40:38+00:00\",\"description\":\"Da oltre 20 anni forniamo servizi di testing motori, calibrazione motore, omologazione, cicli di guida secondo le diverse normative\",\"breadcrumb\":{\"@id\":\"https:\/\/motycs.it\/servizi-testing-motori\/#breadcrumb\"},\"inLanguage\":\"ro-RO\",\"potentialAction\":[{\"@type\":\"ReadAction\",\"target\":[\"https:\/\/motycs.it\/servizi-testing-motori\/\"]}]},{\"@type\":\"BreadcrumbList\",\"@id\":\"https:\/\/motycs.it\/servizi-testing-motori\/#breadcrumb\",\"itemListElement\":[{\"@type\":\"ListItem\",\"position\":1,\"name\":\"Home\",\"item\":\"https:\/\/motycs.it\/\"},{\"@type\":\"ListItem\",\"position\":2,\"name\":\"Testing motori e veicoli\"}]},{\"@type\":\"WebSite\",\"@id\":\"https:\/\/motycs.it\/#website\",\"url\":\"https:\/\/motycs.it\/\",\"name\":\"MOTYCS\",\"description\":\"\",\"publisher\":{\"@id\":\"https:\/\/motycs.it\/#organization\"},\"potentialAction\":[{\"@type\":\"SearchAction\",\"target\":{\"@type\":\"EntryPoint\",\"urlTemplate\":\"https:\/\/motycs.it\/?s={search_term_string}\"},\"query-input\":{\"@type\":\"PropertyValueSpecification\",\"valueRequired\":true,\"valueName\":\"search_term_string\"}}],\"inLanguage\":\"ro-RO\"},{\"@type\":\"Organization\",\"@id\":\"https:\/\/motycs.it\/#organization\",\"name\":\"MOTYCS\",\"url\":\"https:\/\/motycs.it\/\",\"logo\":{\"@type\":\"ImageObject\",\"inLanguage\":\"ro-RO\",\"@id\":\"https:\/\/motycs.it\/#\/schema\/logo\/image\/\",\"url\":\"https:\/\/motycs.it\/wp-content\/uploads\/2022\/03\/orizz_bianc.jpg\",\"contentUrl\":\"https:\/\/motycs.it\/wp-content\/uploads\/2022\/03\/orizz_bianc.jpg\",\"width\":600,\"height\":159,\"caption\":\"MOTYCS\"},\"image\":{\"@id\":\"https:\/\/motycs.it\/#\/schema\/logo\/image\/\"},\"sameAs\":[\"https:\/\/www.facebook.com\/motycs\/\",\"https:\/\/www.instagram.com\/motycs.teq\/\",\"https:\/\/www.linkedin.com\/company\/motycs\/\",\"https:\/\/www.pinterest.it\/Motycsdynamometer\/\",\"https:\/\/www.youtube.com\/channel\/UCl_9nwLJn-fMI6UMZVc0tZw\"]}]}<\/script>\n<!-- \/ Yoast SEO plugin. -->","yoast_head_json":{"title":"Testarea motoarelor \u0219i a vehiculelor - MOTYCS","description":"De peste 20 de ani asigur\u0103m testarea motoarelor, calibrarea motoarelor, omologare, cicluri de conducere conform diferitelor reglement\u0103ri.","robots":{"index":"index","follow":"follow","max-snippet":"max-snippet:-1","max-image-preview":"max-image-preview:large","max-video-preview":"max-video-preview:-1"},"canonical":"https:\/\/motycs.it\/ro\/servicii-de-testare-a-motoarelor-de-testare\/","og_locale":"ro_RO","og_type":"article","og_title":"Testing motori e veicoli - MOTYCS","og_description":"Da oltre 20 anni forniamo servizi di testing motori, calibrazione motore, omologazione, cicli di guida secondo le diverse normative","og_url":"https:\/\/motycs.it\/ro\/servicii-de-testare-a-motoarelor-de-testare\/","og_site_name":"MOTYCS","article_publisher":"https:\/\/www.facebook.com\/motycs\/","article_modified_time":"2023-05-09T07:40:38+00:00","og_image":[{"width":800,"height":800,"url":"https:\/\/motycs.it\/wp-content\/uploads\/2023\/05\/lancia-delta-integrale-banco-prova-potenza-dyno.jpg","type":"image\/jpeg"}],"twitter_card":"summary_large_image","twitter_misc":{"Timp estimat pentru citire":"11 minute"},"schema":{"@context":"https:\/\/schema.org","@graph":[{"@type":"WebPage","@id":"https:\/\/motycs.it\/servizi-testing-motori\/","url":"https:\/\/motycs.it\/servizi-testing-motori\/","name":"Testarea motoarelor \u0219i a vehiculelor - MOTYCS","isPartOf":{"@id":"https:\/\/motycs.it\/#website"},"datePublished":"2023-03-09T08:42:02+00:00","dateModified":"2023-05-09T07:40:38+00:00","description":"De peste 20 de ani asigur\u0103m testarea motoarelor, calibrarea motoarelor, omologare, cicluri de conducere conform diferitelor reglement\u0103ri.","breadcrumb":{"@id":"https:\/\/motycs.it\/servizi-testing-motori\/#breadcrumb"},"inLanguage":"ro-RO","potentialAction":[{"@type":"ReadAction","target":["https:\/\/motycs.it\/servizi-testing-motori\/"]}]},{"@type":"BreadcrumbList","@id":"https:\/\/motycs.it\/servizi-testing-motori\/#breadcrumb","itemListElement":[{"@type":"ListItem","position":1,"name":"Home","item":"https:\/\/motycs.it\/"},{"@type":"ListItem","position":2,"name":"Testing motori e veicoli"}]},{"@type":"WebSite","@id":"https:\/\/motycs.it\/#website","url":"https:\/\/motycs.it\/","name":"MOTYCS","description":"","publisher":{"@id":"https:\/\/motycs.it\/#organization"},"potentialAction":[{"@type":"SearchAction","target":{"@type":"EntryPoint","urlTemplate":"https:\/\/motycs.it\/?s={search_term_string}"},"query-input":{"@type":"PropertyValueSpecification","valueRequired":true,"valueName":"search_term_string"}}],"inLanguage":"ro-RO"},{"@type":"Organization","@id":"https:\/\/motycs.it\/#organization","name":"MOTYCS","url":"https:\/\/motycs.it\/","logo":{"@type":"ImageObject","inLanguage":"ro-RO","@id":"https:\/\/motycs.it\/#\/schema\/logo\/image\/","url":"https:\/\/motycs.it\/wp-content\/uploads\/2022\/03\/orizz_bianc.jpg","contentUrl":"https:\/\/motycs.it\/wp-content\/uploads\/2022\/03\/orizz_bianc.jpg","width":600,"height":159,"caption":"MOTYCS"},"image":{"@id":"https:\/\/motycs.it\/#\/schema\/logo\/image\/"},"sameAs":["https:\/\/www.facebook.com\/motycs\/","https:\/\/www.instagram.com\/motycs.teq\/","https:\/\/www.linkedin.com\/company\/motycs\/","https:\/\/www.pinterest.it\/Motycsdynamometer\/","https:\/\/www.youtube.com\/channel\/UCl_9nwLJn-fMI6UMZVc0tZw"]}]}},"_links":{"self":[{"href":"https:\/\/motycs.it\/ro\/wp-json\/wp\/v2\/pages\/1381","targetHints":{"allow":["GET"]}}],"collection":[{"href":"https:\/\/motycs.it\/ro\/wp-json\/wp\/v2\/pages"}],"about":[{"href":"https:\/\/motycs.it\/ro\/wp-json\/wp\/v2\/types\/page"}],"author":[{"embeddable":true,"href":"https:\/\/motycs.it\/ro\/wp-json\/wp\/v2\/users\/1"}],"replies":[{"embeddable":true,"href":"https:\/\/motycs.it\/ro\/wp-json\/wp\/v2\/comments?post=1381"}],"version-history":[{"count":22,"href":"https:\/\/motycs.it\/ro\/wp-json\/wp\/v2\/pages\/1381\/revisions"}],"predecessor-version":[{"id":1676,"href":"https:\/\/motycs.it\/ro\/wp-json\/wp\/v2\/pages\/1381\/revisions\/1676"}],"wp:attachment":[{"href":"https:\/\/motycs.it\/ro\/wp-json\/wp\/v2\/media?parent=1381"}],"curies":[{"name":"wp","href":"https:\/\/api.w.org\/{rel}","templated":true}]}}