{"id":1014,"date":"2022-03-17T18:56:07","date_gmt":"2022-03-17T17:56:07","guid":{"rendered":"https:\/\/motycs.it\/?page_id=1014"},"modified":"2023-05-26T08:38:37","modified_gmt":"2023-05-26T06:38:37","slug":"sistemi-omologativi","status":"publish","type":"page","link":"https:\/\/motycs.it\/ro\/sisteme-homologhe\/","title":{"rendered":"B\u0103nci pentru biciclete aprobate"},"content":{"rendered":"<div data-vc-full-width=\"true\" data-vc-full-width-init=\"false\" class=\"vc_row wpb_row vc_row-fluid vc_custom_1473769871896 vc_row-has-fill\"><div class=\"wpb_column vc_column_container vc_col-sm-12\"><div class=\"vc_column-inner\"><div class=\"wpb_wrapper\"><div class=\"sc_section margin_top_large margin_bottom_huge\" data-animation=\"animated fadeInUp normal\" style=\"max-width: 1030px; margin: auto;\"><div class=\"sc_section_inner\"><h6 class=\"sc_section_subtitle sc_item_subtitle\">Teorie<\/h6><h3 class=\"sc_section_title sc_item_title sc_item_title_without_descr\">Sisteme de omologare \u0219i de cap\u0103t de linie<\/h3><div class=\"sc_section_content_wrap\">\n\t<div class=\"wpb_text_column wpb_content_element  vc_custom_1685083110967\" >\n\t\t<div class=\"wpb_wrapper\">\n\t\t\t<h5><strong>PROIECTAREA \u0218I CONSTRUC\u021aIA DE BANCURI DE \u00ceNCERCARE<\/strong><\/h5>\n<p><strong>MOTYCS<\/strong> reune\u0219te <strong>20 de ani de experien\u021b\u0103 a companiilor specializate \u00een testare<\/strong>, \u00een proiectarea \u0219i realizarea de <strong>bancuri de \u00eencercare pentru efectuarea ciclurilor de omologare <\/strong>,<strong> b\u0103nci de cap\u0103t de linie<\/strong>, inclusiv, \u00een <strong>Automotive<\/strong>:<\/p>\n<ul>\n<li><strong>VERIFICAREA EMISIILOR<\/strong><\/li>\n<li><strong>CICLURI DE CONDUCERE (WLTP)<\/strong><\/li>\n<li><strong>CICLURI DE DURAT\u0102<\/strong><\/li>\n<li><strong>TESTE DE PERFORMAN\u021a\u0102 SAU DE PUTERE<\/strong><\/li>\n<li><strong>TESTE DE DURABILITATE\/CONSUM<\/strong><\/li>\n<li><strong>CALIBRAREA SISTEMELOR DE CONTROL<\/strong><\/li>\n<li><strong>SIMULARE RUTIER\u0102<\/strong><\/li>\n<\/ul>\n<p>La acestea se adaug\u0103 <strong>aplica\u021bii \u00een alte industrii<\/strong>:<\/p>\n<ul>\n<li><strong>CERCETARE \u0218I DEZVOLTARE<\/strong><\/li>\n<li><strong>TESTAREA LA SF\u00c2R\u0218IT DE LINIE<\/strong><\/li>\n<li><strong>TEST COP<\/strong><\/li>\n<\/ul>\n<p>Lucrul \u00een <strong>o colaborare str\u00e2ns\u0103 cu companii de prestigiu din tradi\u021bia automobilistic\u0103<\/strong>, <strong>am dezvoltat produse \u0219i solu\u021bii specifice<\/strong>, special concepute pentru o gam\u0103 larg\u0103 de aplica\u021bii.<\/p>\n<p>Concentr\u00e2ndu-se pe<strong>\u00a0punctualitatea m\u0103sur\u0103torilor<\/strong>, am implementat <strong>sisteme de control automat \"\u00een timp real\"; <\/strong>acestea permit executarea de <strong>cicluri personalizate<\/strong>, cu <strong>cea mai mare precizie \u0219i repetabilitate posibile<\/strong>.<\/p>\n<div id=\"attachment_1572\" style=\"width: 810px\" class=\"wp-caption aligncenter\"><a href=\"https:\/\/motycs.it\/wp-content\/uploads\/2023\/05\/dyno-controlo-room-motycs.jpg\"><img loading=\"lazy\" decoding=\"async\" aria-describedby=\"caption-attachment-1572\" class=\"wp-image-1572 size-full\" title=\"sistem de control al bancului de testare\" src=\"https:\/\/motycs.it\/wp-content\/uploads\/2023\/05\/dyno-controlo-room-motycs.jpg\" alt=\"sistem de control al bancului de \u00eencercare a motoarelor\" width=\"800\" height=\"800\" srcset=\"https:\/\/motycs.it\/wp-content\/uploads\/2023\/05\/dyno-controlo-room-motycs.jpg 800w, https:\/\/motycs.it\/wp-content\/uploads\/2023\/05\/dyno-controlo-room-motycs-300x300.jpg 300w, https:\/\/motycs.it\/wp-content\/uploads\/2023\/05\/dyno-controlo-room-motycs-150x150.jpg 150w, https:\/\/motycs.it\/wp-content\/uploads\/2023\/05\/dyno-controlo-room-motycs-768x768.jpg 768w, https:\/\/motycs.it\/wp-content\/uploads\/2023\/05\/dyno-controlo-room-motycs-600x600.jpg 600w, https:\/\/motycs.it\/wp-content\/uploads\/2023\/05\/dyno-controlo-room-motycs-100x100.jpg 100w\" sizes=\"auto, (max-width: 800px) 100vw, 800px\" \/><\/a><p id=\"caption-attachment-1572\" class=\"wp-caption-text\">Camera de control a bancului de testare<\/p><\/div>\n<h5>BANCURI DE TESTARE INDUSTRIAL\u0102<\/h5>\n<p>Am acumulat experien\u021be diferite, \u00een domenii diferite:<\/p>\n<ul>\n<li><strong>Sisteme nautice \"personalizate<\/strong><\/li>\n<li><strong>Sisteme personalizate pentru sectorul agricol<\/strong><\/li>\n<li><strong>Sisteme hidraulice personalizate<\/strong><\/li>\n<li><strong>Bancuri de testare cu role pentru sectorul auto \"la comand\u0103<\/strong><\/li>\n<li><strong>Re\u00eennoirea bancurilor de testare a motoarelor<\/strong> pentru sectorul auto<\/li>\n<li><strong>M\u0103sur\u0103tori \u0219i \u00eencerc\u0103ri industriale \u0219i \"pe teren<\/strong><\/li>\n<li><strong>Echipamente at\u00e2t pentru linia de produc\u021bie, c\u00e2t \u0219i pentru laborator<\/strong><\/li>\n<li><strong>Sisteme de tuneluri aerodinamice climatice<\/strong><\/li>\n<li><strong>Solu\u021bii distribuite chiar \u0219i \u00een loca\u021bii \u00eendep\u0103rtate<\/strong><\/li>\n<li><strong>Achizi\u021bionarea at\u00e2t de la senzori, c\u00e2t \u0219i de la busurile de c\u00e2mp<\/strong><\/li>\n<\/ul>\n<h5><strong>SISTEME DE Zgomot \u0219i vibra\u021bii (NVH)<\/strong><\/h5>\n<p>Avem sisteme de \"zgomot \u0219i vibra\u021bii\", definite \u0219i \u00een sectorul auto. <strong>Sisteme NVH (Noise Vibration Harshness).<\/strong><\/p>\n<p>Acestea sunt concepute pentru procesarea numeric\u0103 \u0219i analiza semnalelor dinamice \u00een contextul <strong>analiza acustic\u0103 \u0219i de vibra\u021bii.\u00a0<\/strong>Sisteme utilizate \u00een mod normal \u00een:<\/p>\n<ul>\n<li><strong>Laborator, cercetare \u0219i dezvoltare<\/strong><\/li>\n<li><strong>Linie de produc\u021bie (cap\u0103t de linie)<\/strong><\/li>\n<li><strong>Monitorizarea instala\u021biilor<\/strong><\/li>\n<li><strong>Controlul calit\u0103\u021bii<\/strong><\/li>\n<\/ul>\n<p><strong><a href=\"https:\/\/motycs.it\/ro\/product\/sisteme-de-zgomot-si-vibratii\/\">Afla\u021bi mai multe pe pagina sistemelor NVH<\/a><\/strong><\/p>\n<h6><strong>REDUCEREA TIMPULUI DE INTRODUCERE PE PIA\u021a\u0102<\/strong><\/h6>\n<p>Produc\u0103torii de echipamente originale se afl\u0103 sub o presiune tot mai mare pentru a <strong>reducerea timpului de introducere pe pia\u021b\u0103 a noilor vehicule prin economisirea costurilor de dezvoltare<\/strong>.<\/p>\n<p>Acest lucru duce la <strong>necesitatea unui proces mai eficient de dezvoltare a produselor.<\/strong><\/p>\n<p><strong>Platformele noastre de colectare \u0219i analiz\u0103 sunt capabile s\u0103:<\/strong><\/p>\n<ul>\n<li><strong> Exporta\u021bi \u0219i gestiona\u021bi toate datele \u00een formatele utilizate \u00een mod normal de c\u0103tre clien\u021bi<\/strong><\/li>\n<li><strong>Permite o mai bun\u0103 gestionare \u00een cadrul diferitelor fluxuri de lucru corporative<\/strong><\/li>\n<\/ul>\n<h6><strong>INDUSTRIA 4.0<\/strong><\/h6>\n<div class=\"page\" title=\"Pagina 2\">\n<div class=\"section\">\n<div class=\"layoutArea\">\n<div class=\"column\">\n<p>Toate modelele din gam\u0103 pot beneficia de<strong>beneficiile legisla\u021biei privind industria 4.0<\/strong>.<\/p>\n<p>V\u0103 putem ajuta cu furnizarea de rapoarte de expertiz\u0103 sub jur\u0103m\u00e2nt pentru a sprijini completarea corect\u0103 a documentelor.<\/p>\n<h6><strong>INSIGHTS<\/strong><\/h6>\n<ul>\n<li><strong><a href=\"https:\/\/motycs.it\/ro\/bancuri-de-testare-4wd\/\">Avantajele bancurilor de \u00eencercare 4\u00d74 cu axe legate<\/a><\/strong><\/li>\n<li><a href=\"https:\/\/motycs.it\/ro\/factori-de-corectie-a-puterii\/\"><b>Factori de corec\u021bie a puterii DIN, CE, SAE..<\/b><\/a><\/li>\n<\/ul>\n<h6><strong>PRODUSELE \u0218I SERVICIILE NOASTRE<\/strong><\/h6>\n<ul>\n<li><a href=\"https:\/\/motycs.it\/ro\/product-category\/banchi-prova-potenza\/\"><strong>Gama noastr\u0103 de bancuri de testare<\/strong><\/a><\/li>\n<li><a href=\"https:\/\/motycs.it\/ro\/product-category\/sistemi-di-controllo\/\"><strong>Sisteme de control \u0219i achizi\u021bie<\/strong><\/a><\/li>\n<li><a href=\"https:\/\/motycs.it\/ro\/product\/vase-de-sare\/\"><strong>Camere de testare a motoarelor izolate fonic<\/strong><\/a><\/li>\n<li><strong><a href=\"https:\/\/motycs.it\/ro\/product\/ventilatie\/\">Ansambluri de ventilatoare de r\u0103cire a motorului<\/a><\/strong><\/li>\n<li><a href=\"https:\/\/motycs.it\/ro\/product\/extragerea-fumului\/\"><strong>Sisteme de extrac\u021bie a fumului<\/strong><\/a><\/li>\n<li><a href=\"https:\/\/motycs.it\/ro\/servicii-de-testare-a-motoarelor-de-testare\/\"><strong>SERVICII DE TESTARE A MOTOARELOR \u0218I VEHICULELOR<\/strong><\/a><\/li>\n<\/ul>\n<p><a href=\"https:\/\/motycs.it\/ro\/contacte\/\"><strong>Contacta\u021bi-ne pentru mai multe informa\u021bii<\/strong><\/a><\/p>\n<\/div>\n<div class=\"column\">\n<div class=\"page\" title=\"Pagina 2\">\n<div class=\"section\">\n<div class=\"layoutArea\">\n<div class=\"column\">\n<div id=\"attachment_1267\" style=\"width: 810px\" class=\"wp-caption aligncenter\"><a href=\"https:\/\/motycs.it\/wp-content\/uploads\/2022\/08\/banco-a-rulli-moto-motycs-prova-potenza.jpg\"><img loading=\"lazy\" decoding=\"async\" aria-describedby=\"caption-attachment-1267\" class=\"wp-image-1267 size-full\" src=\"https:\/\/motycs.it\/wp-content\/uploads\/2022\/08\/banco-a-rulli-moto-motycs-prova-potenza.jpg\" alt=\"motycs banc de testare a puterii motocicletei motycs\" width=\"800\" height=\"800\" srcset=\"https:\/\/motycs.it\/wp-content\/uploads\/2022\/08\/banco-a-rulli-moto-motycs-prova-potenza.jpg 800w, https:\/\/motycs.it\/wp-content\/uploads\/2022\/08\/banco-a-rulli-moto-motycs-prova-potenza-300x300.jpg 300w, https:\/\/motycs.it\/wp-content\/uploads\/2022\/08\/banco-a-rulli-moto-motycs-prova-potenza-150x150.jpg 150w, https:\/\/motycs.it\/wp-content\/uploads\/2022\/08\/banco-a-rulli-moto-motycs-prova-potenza-768x768.jpg 768w, https:\/\/motycs.it\/wp-content\/uploads\/2022\/08\/banco-a-rulli-moto-motycs-prova-potenza-600x600.jpg 600w, https:\/\/motycs.it\/wp-content\/uploads\/2022\/08\/banco-a-rulli-moto-motycs-prova-potenza-100x100.jpg 100w\" sizes=\"auto, (max-width: 800px) 100vw, 800px\" \/><\/a><p id=\"caption-attachment-1267\" class=\"wp-caption-text\">Camera de testare intern\u0103 pentru omologare<\/p><\/div>\n<\/div>\n<\/div>\n<\/div>\n<\/div>\n<\/div>\n<\/div>\n<\/div>\n<\/div>\n\n\t\t<\/div>\n\t<\/div>\n<\/div><\/div><\/div><\/div><\/div><\/div><\/div><div class=\"vc_row-full-width vc_clearfix\"><\/div>","protected":false},"excerpt":{"rendered":"TeorieSisteme de sf\u00e2r\u0219it de linie \u0219i de omologare PROIECTARE \u0218I IMPLEMENTARE DE BANCURI DE TEST MOTYCS reune\u0219te experien\u021ba de dou\u0103zeci de ani a companiilor specializate \u00een testare \u00een proiectarea \u0219i fabricarea de bancuri de testare pentru cicluri de omologare sau de sf\u00e2r\u0219it de linie, incluz\u00e2nd, \u00een sectorul auto: TESTAREA EMISIILOR \u00ceN CICLUL DE CONDUCERE (WLTP) CICLURI DE DURAT\u0102 TEST\u0102RI DE PERFORMAN\u021a\u0102 [...].","protected":false},"author":1,"featured_media":0,"parent":0,"menu_order":0,"comment_status":"closed","ping_status":"closed","template":"","meta":{"footnotes":""},"class_list":["post-1014","page","type-page","status-publish","hentry"],"yoast_head":"<!-- This site is optimized with the Yoast SEO plugin v26.5 - https:\/\/yoast.com\/wordpress\/plugins\/seo\/ -->\n<title>DAQ omologativi<\/title>\n<meta name=\"description\" content=\"Progettiamo e realizziamo banchi a rulli, sale prova ed accessori per l&#039;omologazione veicoli, secondo i diversi standard o normative locali\" \/>\n<meta name=\"robots\" content=\"index, follow, max-snippet:-1, max-image-preview:large, max-video-preview:-1\" \/>\n<link rel=\"canonical\" href=\"https:\/\/motycs.it\/ro\/sisteme-homologhe\/\" \/>\n<meta property=\"og:locale\" content=\"ro_RO\" \/>\n<meta property=\"og:type\" content=\"article\" \/>\n<meta property=\"og:title\" content=\"DAQ omologativi\" \/>\n<meta property=\"og:description\" content=\"Progettiamo e realizziamo banchi a rulli, sale prova ed accessori per l&#039;omologazione veicoli, secondo i diversi standard o normative locali\" \/>\n<meta property=\"og:url\" content=\"https:\/\/motycs.it\/ro\/sisteme-homologhe\/\" \/>\n<meta property=\"og:site_name\" content=\"MOTYCS\" \/>\n<meta property=\"article:publisher\" content=\"https:\/\/www.facebook.com\/motycs\/\" \/>\n<meta property=\"article:modified_time\" content=\"2023-05-26T06:38:37+00:00\" \/>\n<meta property=\"og:image\" content=\"https:\/\/motycs.it\/wp-content\/uploads\/2023\/05\/dyno-controlo-room-motycs.jpg\" \/>\n<meta name=\"twitter:card\" content=\"summary_large_image\" \/>\n<meta name=\"twitter:label1\" content=\"Timp estimat pentru citire\" \/>\n\t<meta name=\"twitter:data1\" content=\"2 minute\" \/>\n<script type=\"application\/ld+json\" class=\"yoast-schema-graph\">{\"@context\":\"https:\/\/schema.org\",\"@graph\":[{\"@type\":\"WebPage\",\"@id\":\"https:\/\/motycs.it\/sistemi-omologativi\/\",\"url\":\"https:\/\/motycs.it\/sistemi-omologativi\/\",\"name\":\"DAQ omologativi\",\"isPartOf\":{\"@id\":\"https:\/\/motycs.it\/#website\"},\"primaryImageOfPage\":{\"@id\":\"https:\/\/motycs.it\/sistemi-omologativi\/#primaryimage\"},\"image\":{\"@id\":\"https:\/\/motycs.it\/sistemi-omologativi\/#primaryimage\"},\"thumbnailUrl\":\"https:\/\/motycs.it\/wp-content\/uploads\/2023\/05\/dyno-controlo-room-motycs.jpg\",\"datePublished\":\"2022-03-17T17:56:07+00:00\",\"dateModified\":\"2023-05-26T06:38:37+00:00\",\"description\":\"Progettiamo e realizziamo banchi a rulli, sale prova ed accessori per l'omologazione veicoli, secondo i diversi standard o normative locali\",\"breadcrumb\":{\"@id\":\"https:\/\/motycs.it\/sistemi-omologativi\/#breadcrumb\"},\"inLanguage\":\"ro-RO\",\"potentialAction\":[{\"@type\":\"ReadAction\",\"target\":[\"https:\/\/motycs.it\/sistemi-omologativi\/\"]}]},{\"@type\":\"ImageObject\",\"inLanguage\":\"ro-RO\",\"@id\":\"https:\/\/motycs.it\/sistemi-omologativi\/#primaryimage\",\"url\":\"https:\/\/motycs.it\/wp-content\/uploads\/2023\/05\/dyno-controlo-room-motycs.jpg\",\"contentUrl\":\"https:\/\/motycs.it\/wp-content\/uploads\/2023\/05\/dyno-controlo-room-motycs.jpg\"},{\"@type\":\"BreadcrumbList\",\"@id\":\"https:\/\/motycs.it\/sistemi-omologativi\/#breadcrumb\",\"itemListElement\":[{\"@type\":\"ListItem\",\"position\":1,\"name\":\"Home\",\"item\":\"https:\/\/motycs.it\/\"},{\"@type\":\"ListItem\",\"position\":2,\"name\":\"Banchi per cicli omologativi\"}]},{\"@type\":\"WebSite\",\"@id\":\"https:\/\/motycs.it\/#website\",\"url\":\"https:\/\/motycs.it\/\",\"name\":\"MOTYCS\",\"description\":\"\",\"publisher\":{\"@id\":\"https:\/\/motycs.it\/#organization\"},\"potentialAction\":[{\"@type\":\"SearchAction\",\"target\":{\"@type\":\"EntryPoint\",\"urlTemplate\":\"https:\/\/motycs.it\/?s={search_term_string}\"},\"query-input\":{\"@type\":\"PropertyValueSpecification\",\"valueRequired\":true,\"valueName\":\"search_term_string\"}}],\"inLanguage\":\"ro-RO\"},{\"@type\":\"Organization\",\"@id\":\"https:\/\/motycs.it\/#organization\",\"name\":\"MOTYCS\",\"url\":\"https:\/\/motycs.it\/\",\"logo\":{\"@type\":\"ImageObject\",\"inLanguage\":\"ro-RO\",\"@id\":\"https:\/\/motycs.it\/#\/schema\/logo\/image\/\",\"url\":\"https:\/\/motycs.it\/wp-content\/uploads\/2022\/03\/orizz_bianc.jpg\",\"contentUrl\":\"https:\/\/motycs.it\/wp-content\/uploads\/2022\/03\/orizz_bianc.jpg\",\"width\":600,\"height\":159,\"caption\":\"MOTYCS\"},\"image\":{\"@id\":\"https:\/\/motycs.it\/#\/schema\/logo\/image\/\"},\"sameAs\":[\"https:\/\/www.facebook.com\/motycs\/\",\"https:\/\/www.instagram.com\/motycs.teq\/\",\"https:\/\/www.linkedin.com\/company\/motycs\/\",\"https:\/\/www.pinterest.it\/Motycsdynamometer\/\",\"https:\/\/www.youtube.com\/channel\/UCl_9nwLJn-fMI6UMZVc0tZw\"]}]}<\/script>\n<!-- \/ Yoast SEO plugin. -->","yoast_head_json":{"title":"Omologare DAQ","description":"Proiect\u0103m \u0219i producem bancuri cu role, s\u0103li de testare \u0219i accesorii pentru omologarea vehiculelor, \u00een conformitate cu diferite standarde sau reglement\u0103ri locale.","robots":{"index":"index","follow":"follow","max-snippet":"max-snippet:-1","max-image-preview":"max-image-preview:large","max-video-preview":"max-video-preview:-1"},"canonical":"https:\/\/motycs.it\/ro\/sisteme-homologhe\/","og_locale":"ro_RO","og_type":"article","og_title":"DAQ omologativi","og_description":"Progettiamo e realizziamo banchi a rulli, sale prova ed accessori per l'omologazione veicoli, secondo i diversi standard o normative locali","og_url":"https:\/\/motycs.it\/ro\/sisteme-homologhe\/","og_site_name":"MOTYCS","article_publisher":"https:\/\/www.facebook.com\/motycs\/","article_modified_time":"2023-05-26T06:38:37+00:00","og_image":[{"url":"https:\/\/motycs.it\/wp-content\/uploads\/2023\/05\/dyno-controlo-room-motycs.jpg","type":"","width":"","height":""}],"twitter_card":"summary_large_image","twitter_misc":{"Timp estimat pentru citire":"2 minute"},"schema":{"@context":"https:\/\/schema.org","@graph":[{"@type":"WebPage","@id":"https:\/\/motycs.it\/sistemi-omologativi\/","url":"https:\/\/motycs.it\/sistemi-omologativi\/","name":"Omologare DAQ","isPartOf":{"@id":"https:\/\/motycs.it\/#website"},"primaryImageOfPage":{"@id":"https:\/\/motycs.it\/sistemi-omologativi\/#primaryimage"},"image":{"@id":"https:\/\/motycs.it\/sistemi-omologativi\/#primaryimage"},"thumbnailUrl":"https:\/\/motycs.it\/wp-content\/uploads\/2023\/05\/dyno-controlo-room-motycs.jpg","datePublished":"2022-03-17T17:56:07+00:00","dateModified":"2023-05-26T06:38:37+00:00","description":"Proiect\u0103m \u0219i producem bancuri cu role, s\u0103li de testare \u0219i accesorii pentru omologarea vehiculelor, \u00een conformitate cu diferite standarde sau reglement\u0103ri locale.","breadcrumb":{"@id":"https:\/\/motycs.it\/sistemi-omologativi\/#breadcrumb"},"inLanguage":"ro-RO","potentialAction":[{"@type":"ReadAction","target":["https:\/\/motycs.it\/sistemi-omologativi\/"]}]},{"@type":"ImageObject","inLanguage":"ro-RO","@id":"https:\/\/motycs.it\/sistemi-omologativi\/#primaryimage","url":"https:\/\/motycs.it\/wp-content\/uploads\/2023\/05\/dyno-controlo-room-motycs.jpg","contentUrl":"https:\/\/motycs.it\/wp-content\/uploads\/2023\/05\/dyno-controlo-room-motycs.jpg"},{"@type":"BreadcrumbList","@id":"https:\/\/motycs.it\/sistemi-omologativi\/#breadcrumb","itemListElement":[{"@type":"ListItem","position":1,"name":"Home","item":"https:\/\/motycs.it\/"},{"@type":"ListItem","position":2,"name":"Banchi per cicli omologativi"}]},{"@type":"WebSite","@id":"https:\/\/motycs.it\/#website","url":"https:\/\/motycs.it\/","name":"MOTYCS","description":"","publisher":{"@id":"https:\/\/motycs.it\/#organization"},"potentialAction":[{"@type":"SearchAction","target":{"@type":"EntryPoint","urlTemplate":"https:\/\/motycs.it\/?s={search_term_string}"},"query-input":{"@type":"PropertyValueSpecification","valueRequired":true,"valueName":"search_term_string"}}],"inLanguage":"ro-RO"},{"@type":"Organization","@id":"https:\/\/motycs.it\/#organization","name":"MOTYCS","url":"https:\/\/motycs.it\/","logo":{"@type":"ImageObject","inLanguage":"ro-RO","@id":"https:\/\/motycs.it\/#\/schema\/logo\/image\/","url":"https:\/\/motycs.it\/wp-content\/uploads\/2022\/03\/orizz_bianc.jpg","contentUrl":"https:\/\/motycs.it\/wp-content\/uploads\/2022\/03\/orizz_bianc.jpg","width":600,"height":159,"caption":"MOTYCS"},"image":{"@id":"https:\/\/motycs.it\/#\/schema\/logo\/image\/"},"sameAs":["https:\/\/www.facebook.com\/motycs\/","https:\/\/www.instagram.com\/motycs.teq\/","https:\/\/www.linkedin.com\/company\/motycs\/","https:\/\/www.pinterest.it\/Motycsdynamometer\/","https:\/\/www.youtube.com\/channel\/UCl_9nwLJn-fMI6UMZVc0tZw"]}]}},"_links":{"self":[{"href":"https:\/\/motycs.it\/ro\/wp-json\/wp\/v2\/pages\/1014","targetHints":{"allow":["GET"]}}],"collection":[{"href":"https:\/\/motycs.it\/ro\/wp-json\/wp\/v2\/pages"}],"about":[{"href":"https:\/\/motycs.it\/ro\/wp-json\/wp\/v2\/types\/page"}],"author":[{"embeddable":true,"href":"https:\/\/motycs.it\/ro\/wp-json\/wp\/v2\/users\/1"}],"replies":[{"embeddable":true,"href":"https:\/\/motycs.it\/ro\/wp-json\/wp\/v2\/comments?post=1014"}],"version-history":[{"count":27,"href":"https:\/\/motycs.it\/ro\/wp-json\/wp\/v2\/pages\/1014\/revisions"}],"predecessor-version":[{"id":1759,"href":"https:\/\/motycs.it\/ro\/wp-json\/wp\/v2\/pages\/1014\/revisions\/1759"}],"wp:attachment":[{"href":"https:\/\/motycs.it\/ro\/wp-json\/wp\/v2\/media?parent=1014"}],"curies":[{"name":"wp","href":"https:\/\/api.w.org\/{rel}","templated":true}]}}