{"id":1012,"date":"2022-03-17T18:55:34","date_gmt":"2022-03-17T17:55:34","guid":{"rendered":"https:\/\/motycs.it\/?page_id=1012"},"modified":"2023-05-07T15:18:54","modified_gmt":"2023-05-07T13:18:54","slug":"banchi-prova-4wd","status":"publish","type":"page","link":"https:\/\/motycs.it\/ro\/bancuri-de-testare-4wd\/","title":{"rendered":"B\u0103nci cu ax\u0103 legat\u0103"},"content":{"rendered":"<div data-vc-full-width=\"true\" data-vc-full-width-init=\"false\" class=\"vc_row wpb_row vc_row-fluid vc_custom_1473769871896 vc_row-has-fill\"><div class=\"wpb_column vc_column_container vc_col-sm-12\"><div class=\"vc_column-inner\"><div class=\"wpb_wrapper\"><div class=\"sc_section margin_top_large margin_bottom_huge\" data-animation=\"animated fadeInUp normal\" style=\"max-width: 1030px; margin: auto;\"><div class=\"sc_section_inner\"><h6 class=\"sc_section_subtitle sc_item_subtitle\">Teorie<\/h6><h3 class=\"sc_section_title sc_item_title sc_item_title_without_descr\">Bancuri de \u00eencercare cu 4WD cu axe legate<\/h3><div class=\"sc_section_content_wrap\">\n\t<div class=\"wpb_text_column wpb_content_element  vc_custom_1683465529575\" >\n\t\t<div class=\"wpb_wrapper\">\n\t\t\t<p><strong>SINCRONIZAREA AXELOR, O CERIN\u021a\u0102 INDISPENSABIL\u0102 \u00ceN PREZENT<br \/>\n<\/strong><\/p>\n<p>La <strong>sincronizarea mecanic\u0103 a axelor este acum o cerin\u021b\u0103 indispensabil\u0103<\/strong>, pentru a <strong>testa\u021bi f\u0103r\u0103 dificultate toate tipurile de vehicule.<\/strong><\/p>\n<p><strong>Garanteaz\u0103 condi\u021bii de func\u021bionare comparabile cu cele de pe \u0219osea<\/strong> (sincronismul de rota\u021bie a ro\u021bilor pun\u021bilor fa\u021b\u0103 \u0219i spate). S\u0103 aib\u0103 un banc de osii conectat mecanic, <strong>\u00eenseamn\u0103:<\/strong><\/p>\n<ul>\n<li><strong>Lucra\u021bi mai u\u0219or <\/strong>\u0219i cu<strong> securitate sporit\u0103<\/strong><\/li>\n<li><strong>Economisirea timpului pre\u021bios <\/strong>nu mai este necesar\u0103 activarea func\u021biilor SW ale vehiculului (modul dinamometru)<\/li>\n<li><strong>Nu au niciun fel de limite \u00een efectuarea testelor<\/strong>, chiar \u0219i \u00een cazul vehiculelor de ultim\u0103 genera\u021bie.<\/li>\n<li><strong>evitarea unor posibile daune costisitoare la sistemul de propulsie al vehiculului<\/strong>, din ce \u00een ce mai frecvent\u0103 la vehiculele moderne.<\/li>\n<\/ul>\n<p>The <a href=\"https:\/\/motycs.it\/ro\/product\/power-test-4wd\/\"><strong>4wd Sport Devices banc de \u00eencercare<\/strong><\/a> ofer\u0103 un <strong>conexiune telescopic\u0103 a arborelui cardanic<\/strong>, care garanteaz\u0103:<\/p>\n<ul>\n<li><strong>Costuri minime de \u00eentre\u021binere<\/strong> \u0219i f\u0103r\u0103 opriri periodice pentru \u00eentre\u021binere (de exemplu, \u00eenlocuirea din cauza uzurii sau ajustarea \u00eentinderii curelei).<\/li>\n<li><strong>Repetabilitatea maxim\u0103 a testelor: <\/strong>cardanul nu sufer\u0103 de histerezis \u0219i deformare, a\u0219a cum se \u00eent\u00e2mpl\u0103 cu curelele.<\/li>\n<li><strong>Conexiune deconectabil\u0103, controlat\u0103 pneumatic:<\/strong> permite lucrul cu axe independente \u0219i deconectate.<\/li>\n<\/ul>\n<p><strong>N.B.: ACTUALIZAREA BIROURILOR EXISTENTE<\/strong><\/p>\n<p><strong>Dac\u0103 nu ave\u021bi o banc\u0103 conectat\u0103, mul\u021bumit\u0103 serviciului nostru <a href=\"https:\/\/motycs.it\/ro\/product\/testarea-puterii\/\">sisteme de control \u0219i achizi\u021bie<\/a><\/strong>, putem <strong>rezolv\u0103 par\u021bial problemele de mai sus, datorit\u0103 func\u021biilor dedicate ale sistemelor de control Sport Devices.<\/strong><\/p>\n<p>Sistemul permite o\u00a0<strong>gestionarea \u00een timp real a fr\u00e2nelor de dinamometru<\/strong>, afi\u0219area \u0219i luarea \u00een considerare a oric\u0103rei nealinieri de vitez\u0103 a rolelor pun\u021bilor fa\u021b\u0103 \u0219i spate. <strong>Astfel, se previne o eventual\u0103 deteriorare a vehiculului supus \u00eencerc\u0103rii.<\/strong><\/p>\n<div id=\"attachment_1334\" style=\"width: 810px\" class=\"wp-caption aligncenter\"><a href=\"https:\/\/motycs.it\/wp-content\/uploads\/2022\/09\/gozzoli_sett22_8_logo-motycs_ok.jpg\"><img loading=\"lazy\" decoding=\"async\" aria-describedby=\"caption-attachment-1334\" class=\"wp-image-1334 size-full\" src=\"https:\/\/motycs.it\/wp-content\/uploads\/2022\/09\/gozzoli_sett22_8_logo-motycs_ok.jpg\" alt=\"banc de testare dyno motycs\" width=\"800\" height=\"800\" srcset=\"https:\/\/motycs.it\/wp-content\/uploads\/2022\/09\/gozzoli_sett22_8_logo-motycs_ok.jpg 800w, https:\/\/motycs.it\/wp-content\/uploads\/2022\/09\/gozzoli_sett22_8_logo-motycs_ok-300x300.jpg 300w, https:\/\/motycs.it\/wp-content\/uploads\/2022\/09\/gozzoli_sett22_8_logo-motycs_ok-150x150.jpg 150w, https:\/\/motycs.it\/wp-content\/uploads\/2022\/09\/gozzoli_sett22_8_logo-motycs_ok-768x768.jpg 768w, https:\/\/motycs.it\/wp-content\/uploads\/2022\/09\/gozzoli_sett22_8_logo-motycs_ok-600x600.jpg 600w, https:\/\/motycs.it\/wp-content\/uploads\/2022\/09\/gozzoli_sett22_8_logo-motycs_ok-100x100.jpg 100w\" sizes=\"auto, (max-width: 800px) 100vw, 800px\" \/><\/a><p id=\"caption-attachment-1334\" class=\"wp-caption-text\">banc de testare a puterii 4wd<\/p><\/div>\n<h6>INSIGHTS<\/h6>\n<ul>\n<li><a href=\"https:\/\/motycs.it\/ro\/istorie-banci-proba-putere-un-roller\/\"><strong>Istoria bancurilor de \u00eencercare cu role<\/strong><\/a><\/li>\n<li><a href=\"https:\/\/motycs.it\/ro\/bancuri-de-testare-putere-biroll-cu-singura-rola\/\"><strong>Importan\u021ba diametrului rolelor \u00een bancurile de testare<\/strong><\/a><\/li>\n<li><a href=\"https:\/\/motycs.it\/ro\/putere-disipata-bancuri-proof\/\"><strong>Ce este disiparea de putere?<\/strong><\/a><\/li>\n<li><strong><a href=\"https:\/\/motycs.it\/ro\/bancuri-de-testare-putere-biroll-cu-singura-rola\/\">Banc de testare a puterii BI-roller sau Mono-roller?<\/a><\/strong><\/li>\n<li><a href=\"https:\/\/motycs.it\/ro\/factori-de-corectie-a-puterii\/\"><b>Factori de corec\u021bie a puterii DIN, CE, SAE..<\/b><\/a><\/li>\n<li><strong><a href=\"https:\/\/motycs.it\/ro\/sisteme-homologhe\/\">Bancurile de omologare \u0219i de sf\u00e2r\u0219it de linie<\/a><\/strong> domenii de aplicare<\/li>\n<\/ul>\n<h6>PRODUSELE \u0218I SERVICIILE NOASTRE<\/h6>\n<ul>\n<li><a href=\"https:\/\/motycs.it\/ro\/product-category\/banchi-prova-potenza\/\"><strong>Gama noastr\u0103 de bancuri de testare<\/strong><\/a><\/li>\n<li><a href=\"https:\/\/motycs.it\/ro\/product-category\/sistemi-di-controllo\/\"><strong>Sisteme de control \u0219i achizi\u021bie<\/strong><\/a><\/li>\n<li><a href=\"https:\/\/motycs.it\/ro\/product\/vase-de-sare\/\"><strong>Camere de testare a motoarelor izolate fonic<\/strong><\/a><\/li>\n<li><strong><a href=\"https:\/\/motycs.it\/ro\/product\/ventilatie\/\">Ansambluri de ventilatoare de r\u0103cire a motorului<\/a><\/strong><\/li>\n<li><a href=\"https:\/\/motycs.it\/ro\/product\/extragerea-fumului\/\"><strong>Sisteme de extrac\u021bie a fumului<\/strong><\/a><\/li>\n<li><a href=\"https:\/\/motycs.it\/ro\/servicii-de-testare-a-motoarelor-de-testare\/\"><strong>Servicii de testare a motoarelor \u0219i vehiculelor<\/strong><\/a><\/li>\n<\/ul>\n<p><a href=\"https:\/\/motycs.it\/ro\/contacte\/\"><strong>Contacta\u021bi-ne pentru mai multe informa\u021bii<\/strong><\/a><\/p>\n\n\t\t<\/div>\n\t<\/div>\n<\/div><\/div><\/div><\/div><\/div><\/div><\/div><div class=\"vc_row-full-width vc_clearfix\"><\/div>","protected":false},"excerpt":{"rendered":"TheoryBonded bancuri de testare a pun\u021bilor 4WD SINCRONIZAREA PUNCTELOR, O CERIN\u021a\u0102 CARE ESTE ACUM O CERIN\u021a\u0102 INDISPENSABIL\u0102 Sincronizarea mecanic\u0103 a pun\u021bilor este acum o cerin\u021b\u0103 indispensabil\u0103 pentru testarea f\u0103r\u0103 probleme a tuturor tipurilor de vehicule. Aceasta garanteaz\u0103 condi\u021bii de func\u021bionare comparabile cu cele de pe \u0219osea (sincronizarea rotirii ro\u021bilor pun\u021bilor fa\u021b\u0103 \u0219i spate). De\u021binerea unui banc de \u00eencercare [...]","protected":false},"author":1,"featured_media":898,"parent":0,"menu_order":0,"comment_status":"closed","ping_status":"closed","template":"","meta":{"footnotes":""},"class_list":["post-1012","page","type-page","status-publish","has-post-thumbnail","hentry"],"yoast_head":"<!-- This site is optimized with the Yoast SEO plugin v26.5 - https:\/\/yoast.com\/wordpress\/plugins\/seo\/ -->\n<title>banchi prova potenza 4x4<\/title>\n<meta name=\"description\" content=\"Banchi prova potenza 4wd di ultima generazione. Disponiamo di una gamma prodotti completa, per facilitare un investimento progressivo\" \/>\n<meta name=\"robots\" content=\"index, follow, max-snippet:-1, max-image-preview:large, max-video-preview:-1\" \/>\n<link rel=\"canonical\" href=\"https:\/\/motycs.it\/ro\/bancuri-de-testare-4wd\/\" \/>\n<meta property=\"og:locale\" content=\"ro_RO\" \/>\n<meta property=\"og:type\" content=\"article\" \/>\n<meta property=\"og:title\" content=\"banchi prova potenza 4x4\" \/>\n<meta property=\"og:description\" content=\"Banchi prova potenza 4wd di ultima generazione. Disponiamo di una gamma prodotti completa, per facilitare un investimento progressivo\" \/>\n<meta property=\"og:url\" content=\"https:\/\/motycs.it\/ro\/bancuri-de-testare-4wd\/\" \/>\n<meta property=\"og:site_name\" content=\"MOTYCS\" \/>\n<meta property=\"article:publisher\" content=\"https:\/\/www.facebook.com\/motycs\/\" \/>\n<meta property=\"article:modified_time\" content=\"2023-05-07T13:18:54+00:00\" \/>\n<meta property=\"og:image\" content=\"https:\/\/motycs.it\/wp-content\/uploads\/2022\/03\/WhatsApp-Image-2022-03-15-at-00.34.26-2.jpeg\" \/>\n\t<meta property=\"og:image:width\" content=\"1440\" \/>\n\t<meta property=\"og:image:height\" content=\"1440\" \/>\n\t<meta property=\"og:image:type\" content=\"image\/jpeg\" \/>\n<meta name=\"twitter:card\" content=\"summary_large_image\" \/>\n<meta name=\"twitter:label1\" content=\"Timp estimat pentru citire\" \/>\n\t<meta name=\"twitter:data1\" content=\"2 minute\" \/>\n<script type=\"application\/ld+json\" class=\"yoast-schema-graph\">{\"@context\":\"https:\/\/schema.org\",\"@graph\":[{\"@type\":\"WebPage\",\"@id\":\"https:\/\/motycs.it\/banchi-prova-4wd\/\",\"url\":\"https:\/\/motycs.it\/banchi-prova-4wd\/\",\"name\":\"banchi prova potenza 4x4\",\"isPartOf\":{\"@id\":\"https:\/\/motycs.it\/#website\"},\"primaryImageOfPage\":{\"@id\":\"https:\/\/motycs.it\/banchi-prova-4wd\/#primaryimage\"},\"image\":{\"@id\":\"https:\/\/motycs.it\/banchi-prova-4wd\/#primaryimage\"},\"thumbnailUrl\":\"https:\/\/motycs.it\/wp-content\/uploads\/2022\/03\/WhatsApp-Image-2022-03-15-at-00.34.26-2.jpeg\",\"datePublished\":\"2022-03-17T17:55:34+00:00\",\"dateModified\":\"2023-05-07T13:18:54+00:00\",\"description\":\"Banchi prova potenza 4wd di ultima generazione. Disponiamo di una gamma prodotti completa, per facilitare un investimento progressivo\",\"breadcrumb\":{\"@id\":\"https:\/\/motycs.it\/banchi-prova-4wd\/#breadcrumb\"},\"inLanguage\":\"ro-RO\",\"potentialAction\":[{\"@type\":\"ReadAction\",\"target\":[\"https:\/\/motycs.it\/banchi-prova-4wd\/\"]}]},{\"@type\":\"ImageObject\",\"inLanguage\":\"ro-RO\",\"@id\":\"https:\/\/motycs.it\/banchi-prova-4wd\/#primaryimage\",\"url\":\"https:\/\/motycs.it\/wp-content\/uploads\/2022\/03\/WhatsApp-Image-2022-03-15-at-00.34.26-2.jpeg\",\"contentUrl\":\"https:\/\/motycs.it\/wp-content\/uploads\/2022\/03\/WhatsApp-Image-2022-03-15-at-00.34.26-2.jpeg\",\"width\":1440,\"height\":1440,\"caption\":\"banco prova potenza dyno\"},{\"@type\":\"BreadcrumbList\",\"@id\":\"https:\/\/motycs.it\/banchi-prova-4wd\/#breadcrumb\",\"itemListElement\":[{\"@type\":\"ListItem\",\"position\":1,\"name\":\"Home\",\"item\":\"https:\/\/motycs.it\/\"},{\"@type\":\"ListItem\",\"position\":2,\"name\":\"Banchi ad assi collegati\"}]},{\"@type\":\"WebSite\",\"@id\":\"https:\/\/motycs.it\/#website\",\"url\":\"https:\/\/motycs.it\/\",\"name\":\"MOTYCS\",\"description\":\"\",\"publisher\":{\"@id\":\"https:\/\/motycs.it\/#organization\"},\"potentialAction\":[{\"@type\":\"SearchAction\",\"target\":{\"@type\":\"EntryPoint\",\"urlTemplate\":\"https:\/\/motycs.it\/?s={search_term_string}\"},\"query-input\":{\"@type\":\"PropertyValueSpecification\",\"valueRequired\":true,\"valueName\":\"search_term_string\"}}],\"inLanguage\":\"ro-RO\"},{\"@type\":\"Organization\",\"@id\":\"https:\/\/motycs.it\/#organization\",\"name\":\"MOTYCS\",\"url\":\"https:\/\/motycs.it\/\",\"logo\":{\"@type\":\"ImageObject\",\"inLanguage\":\"ro-RO\",\"@id\":\"https:\/\/motycs.it\/#\/schema\/logo\/image\/\",\"url\":\"https:\/\/motycs.it\/wp-content\/uploads\/2022\/03\/orizz_bianc.jpg\",\"contentUrl\":\"https:\/\/motycs.it\/wp-content\/uploads\/2022\/03\/orizz_bianc.jpg\",\"width\":600,\"height\":159,\"caption\":\"MOTYCS\"},\"image\":{\"@id\":\"https:\/\/motycs.it\/#\/schema\/logo\/image\/\"},\"sameAs\":[\"https:\/\/www.facebook.com\/motycs\/\",\"https:\/\/www.instagram.com\/motycs.teq\/\",\"https:\/\/www.linkedin.com\/company\/motycs\/\",\"https:\/\/www.pinterest.it\/Motycsdynamometer\/\",\"https:\/\/www.youtube.com\/channel\/UCl_9nwLJn-fMI6UMZVc0tZw\"]}]}<\/script>\n<!-- \/ Yoast SEO plugin. -->","yoast_head_json":{"title":"bancuri de testare a puterii 4x4","description":"Bancuri de testare de ultim\u0103 genera\u021bie pentru motoare 4x4. Dispunem de o gam\u0103 complet\u0103 de produse pentru a facilita investi\u021biile progresive","robots":{"index":"index","follow":"follow","max-snippet":"max-snippet:-1","max-image-preview":"max-image-preview:large","max-video-preview":"max-video-preview:-1"},"canonical":"https:\/\/motycs.it\/ro\/bancuri-de-testare-4wd\/","og_locale":"ro_RO","og_type":"article","og_title":"banchi prova potenza 4x4","og_description":"Banchi prova potenza 4wd di ultima generazione. Disponiamo di una gamma prodotti completa, per facilitare un investimento progressivo","og_url":"https:\/\/motycs.it\/ro\/bancuri-de-testare-4wd\/","og_site_name":"MOTYCS","article_publisher":"https:\/\/www.facebook.com\/motycs\/","article_modified_time":"2023-05-07T13:18:54+00:00","og_image":[{"width":1440,"height":1440,"url":"https:\/\/motycs.it\/wp-content\/uploads\/2022\/03\/WhatsApp-Image-2022-03-15-at-00.34.26-2.jpeg","type":"image\/jpeg"}],"twitter_card":"summary_large_image","twitter_misc":{"Timp estimat pentru citire":"2 minute"},"schema":{"@context":"https:\/\/schema.org","@graph":[{"@type":"WebPage","@id":"https:\/\/motycs.it\/banchi-prova-4wd\/","url":"https:\/\/motycs.it\/banchi-prova-4wd\/","name":"bancuri de testare a puterii 4x4","isPartOf":{"@id":"https:\/\/motycs.it\/#website"},"primaryImageOfPage":{"@id":"https:\/\/motycs.it\/banchi-prova-4wd\/#primaryimage"},"image":{"@id":"https:\/\/motycs.it\/banchi-prova-4wd\/#primaryimage"},"thumbnailUrl":"https:\/\/motycs.it\/wp-content\/uploads\/2022\/03\/WhatsApp-Image-2022-03-15-at-00.34.26-2.jpeg","datePublished":"2022-03-17T17:55:34+00:00","dateModified":"2023-05-07T13:18:54+00:00","description":"Bancuri de testare de ultim\u0103 genera\u021bie pentru motoare 4x4. Dispunem de o gam\u0103 complet\u0103 de produse pentru a facilita investi\u021biile progresive","breadcrumb":{"@id":"https:\/\/motycs.it\/banchi-prova-4wd\/#breadcrumb"},"inLanguage":"ro-RO","potentialAction":[{"@type":"ReadAction","target":["https:\/\/motycs.it\/banchi-prova-4wd\/"]}]},{"@type":"ImageObject","inLanguage":"ro-RO","@id":"https:\/\/motycs.it\/banchi-prova-4wd\/#primaryimage","url":"https:\/\/motycs.it\/wp-content\/uploads\/2022\/03\/WhatsApp-Image-2022-03-15-at-00.34.26-2.jpeg","contentUrl":"https:\/\/motycs.it\/wp-content\/uploads\/2022\/03\/WhatsApp-Image-2022-03-15-at-00.34.26-2.jpeg","width":1440,"height":1440,"caption":"banco prova potenza dyno"},{"@type":"BreadcrumbList","@id":"https:\/\/motycs.it\/banchi-prova-4wd\/#breadcrumb","itemListElement":[{"@type":"ListItem","position":1,"name":"Home","item":"https:\/\/motycs.it\/"},{"@type":"ListItem","position":2,"name":"Banchi ad assi collegati"}]},{"@type":"WebSite","@id":"https:\/\/motycs.it\/#website","url":"https:\/\/motycs.it\/","name":"MOTYCS","description":"","publisher":{"@id":"https:\/\/motycs.it\/#organization"},"potentialAction":[{"@type":"SearchAction","target":{"@type":"EntryPoint","urlTemplate":"https:\/\/motycs.it\/?s={search_term_string}"},"query-input":{"@type":"PropertyValueSpecification","valueRequired":true,"valueName":"search_term_string"}}],"inLanguage":"ro-RO"},{"@type":"Organization","@id":"https:\/\/motycs.it\/#organization","name":"MOTYCS","url":"https:\/\/motycs.it\/","logo":{"@type":"ImageObject","inLanguage":"ro-RO","@id":"https:\/\/motycs.it\/#\/schema\/logo\/image\/","url":"https:\/\/motycs.it\/wp-content\/uploads\/2022\/03\/orizz_bianc.jpg","contentUrl":"https:\/\/motycs.it\/wp-content\/uploads\/2022\/03\/orizz_bianc.jpg","width":600,"height":159,"caption":"MOTYCS"},"image":{"@id":"https:\/\/motycs.it\/#\/schema\/logo\/image\/"},"sameAs":["https:\/\/www.facebook.com\/motycs\/","https:\/\/www.instagram.com\/motycs.teq\/","https:\/\/www.linkedin.com\/company\/motycs\/","https:\/\/www.pinterest.it\/Motycsdynamometer\/","https:\/\/www.youtube.com\/channel\/UCl_9nwLJn-fMI6UMZVc0tZw"]}]}},"_links":{"self":[{"href":"https:\/\/motycs.it\/ro\/wp-json\/wp\/v2\/pages\/1012","targetHints":{"allow":["GET"]}}],"collection":[{"href":"https:\/\/motycs.it\/ro\/wp-json\/wp\/v2\/pages"}],"about":[{"href":"https:\/\/motycs.it\/ro\/wp-json\/wp\/v2\/types\/page"}],"author":[{"embeddable":true,"href":"https:\/\/motycs.it\/ro\/wp-json\/wp\/v2\/users\/1"}],"replies":[{"embeddable":true,"href":"https:\/\/motycs.it\/ro\/wp-json\/wp\/v2\/comments?post=1012"}],"version-history":[{"count":27,"href":"https:\/\/motycs.it\/ro\/wp-json\/wp\/v2\/pages\/1012\/revisions"}],"predecessor-version":[{"id":1663,"href":"https:\/\/motycs.it\/ro\/wp-json\/wp\/v2\/pages\/1012\/revisions\/1663"}],"wp:featuredmedia":[{"embeddable":true,"href":"https:\/\/motycs.it\/ro\/wp-json\/wp\/v2\/media\/898"}],"wp:attachment":[{"href":"https:\/\/motycs.it\/ro\/wp-json\/wp\/v2\/media?parent=1012"}],"curies":[{"name":"wp","href":"https:\/\/api.w.org\/{rel}","templated":true}]}}