{"id":1010,"date":"2022-03-17T18:55:05","date_gmt":"2022-03-17T17:55:05","guid":{"rendered":"https:\/\/motycs.it\/?page_id=1010"},"modified":"2023-06-02T23:21:22","modified_gmt":"2023-06-02T21:21:22","slug":"rinnova-il-tuo-banco-prova","status":"publish","type":"page","link":"https:\/\/motycs.it\/ro\/reinnoieste-ti-testul-bancar\/","title":{"rendered":"Re\u00eennoie\u0219te-\u021bi bancul de testare"},"content":{"rendered":"<div data-vc-full-width=\"true\" data-vc-full-width-init=\"false\" class=\"vc_row wpb_row vc_row-fluid vc_custom_1473769871896 vc_row-has-fill\"><div class=\"wpb_column vc_column_container vc_col-sm-12\"><div class=\"vc_column-inner\"><div class=\"wpb_wrapper\"><div class=\"sc_section margin_top_large margin_bottom_huge\" data-animation=\"animated fadeInUp normal\" style=\"max-width: 1030px; margin: auto;\"><div class=\"sc_section_inner\"><h6 class=\"sc_section_subtitle sc_item_subtitle\">Teorie<\/h6><h3 class=\"sc_section_title sc_item_title sc_item_title_without_descr\">Re\u00eennoie\u0219te-\u021bi bancul de testare<\/h3><div class=\"sc_section_content_wrap\">\n\t<div class=\"wpb_text_column wpb_content_element  vc_custom_1685740878221\" >\n\t\t<div class=\"wpb_wrapper\">\n\t\t\t<p>Avem <strong>sisteme de control \u0219i achizi\u021bie pentru modernizarea diferitelor tipuri de bancuri de testare<\/strong>:<\/p>\n<ul>\n<li><a href=\"https:\/\/motycs.it\/ro\/product\/testarea-puterii\/\"><strong>Domeniul de aplicare a diagnosticului \u0219i preg\u0103tirea sportiv\u0103<\/strong> (Produse  Sport Devices)<\/a><\/li>\n<\/ul>\n<p><a href=\"https:\/\/motycs.it\/ro\/instalare-banca-testari\/\"><strong>Descoperi\u021bi c\u00e2teva aplica\u021bii aici<\/strong><\/a> \u0219i caracteristicile sistemelor Sport Devices<\/p>\n<ul>\n<li><a href=\"https:\/\/motycs.it\/ro\/product\/omologative\/\"><strong>Omologare, cercetare \u0219i dezvoltare, cap\u0103t de linie.<\/strong><\/a><\/li>\n<\/ul>\n<p><strong>Aplicabil la orice tip de banc de testare a puterii<\/strong>, <strong>se actualizeaz\u0103 <\/strong>\u0219i<strong> extinde de fapt func\u021bionalitatea la un sistem de ultim\u0103 genera\u021bie.<\/strong><\/p>\n<p>Acestea pot fi utilizate \u00een <strong>recuperare \u0219i recondi\u021bionare<\/strong> de <strong>camere sau bancuri de testare care nu mai func\u021bioneaz\u0103<\/strong>pentru care <strong>produc\u0103torul poate necesita lucr\u0103ri foarte costisitoare pentru a restaura \u0219i actualiza.<\/strong>.<\/p>\n<p>Pentru mai multe informa\u021bii, scrie\u021bi-ne la <a href=\"mailto:info@motycs.it\">i<strong>info@motycs.it<\/strong><\/a><\/p>\n<h5><a href=\"https:\/\/motycs.it\/ro\/product\/testarea-puterii\/\"><strong>POWER TEST BENCH SYSTEM (Diagnosticare \u0219i preg\u0103tire - modele Sport Devices)<\/strong><\/a><\/h5>\n<ul>\n<li><strong>P\u00e2n\u0103 la 3 ecrane \u00een TIMP REAL<\/strong><\/li>\n<li><strong>Actualiz\u0103ri de software incluse \u0219i desc\u0103rcabile direct de pe site-ul web<\/strong><\/li>\n<li>Aceasta permite <strong>compara un num\u0103r nelimitat de curbe citite din baza de date<\/strong>se atribuie o alt\u0103 culoare. Acest lucru face posibil\u0103 evaluarea schimb\u0103rilor \u0219i \u00eembun\u0103t\u0103\u021birilor \u00eenainte \u0219i dup\u0103 modific\u0103ri.<\/li>\n<li><strong>Factori de corec\u021bie<\/strong>: ISO1585, SAEJ1349, DIN70020, JISD1001, EC95-1, EWG 80\/ 1269 (permite, de asemenea, corectarea curbelor \u00een func\u021bie de temperatura de admisie a aerului, prin intermediul interfe\u021bei OBD sau al unei sonde externe)<\/li>\n<li>Posibilitatea de <strong>s\u0103 compare diferitele teste efectuate<\/strong>, suprapun\u00e2ndu-le<\/li>\n<li>Unitatea de m\u0103sur\u0103 pentru putere (Kw,Cv), cuplu (Kg *m, N*m) poate fi selectat\u0103 de utilizator.<\/li>\n<li><strong>Moduri de testare disponibile<\/strong>: Iner\u021bial, fr\u00e2nare constant\u0103, ramp\u0103, simulare rutier\u0103, regim sta\u021bionar, cicluri de omologare<\/li>\n<li>Conexiune <strong>Ethernet<\/strong> la vitez\u0103 mare, <strong>CANBUS, Bluetooth (op\u021bional), RS232<\/strong>.<\/li>\n<li><strong>Interfa\u021ba OBDII a vehiculului<\/strong>, sta\u021bie meteo integrat\u0103 sau extern\u0103. Suport\u0103 diferite modele de analizoare de gaze de e\u0219apament<\/li>\n<li>Sistemul implementeaz\u0103 un <strong>control al fr\u00e2nei \"\u00een bucl\u0103 \u00eenchis\u0103<\/strong>.<\/li>\n<li><strong>De asemenea, func\u021bioneaz\u0103 \u0219i f\u0103r\u0103 calculator (telecomand\u0103)<\/strong><\/li>\n<li><strong>Comand\u0103 de la distan\u021b\u0103 a dispozitivului de ac\u021bionare a acceleratorului, a dispozitivului de ac\u021bionare a ambreiajului, a cutiei de viteze, a ventilatoarelor<\/strong> etc. de la software-ul PC.<\/li>\n<\/ul>\n<p>&nbsp;<\/p>\n<ul>\n<li>Descoperi\u021bi <a href=\"https:\/\/motycs.it\/ro\/product\/testarea-puterii\/\"><strong>Sisteme Sport Devices pentru a v\u0103 re\u00eennoi bancul de testare a puterii<\/strong><\/a><\/li>\n<li><a href=\"https:\/\/www.sportdevices.com\/sportdyno.php\" target=\"_blank\" rel=\"noopener\">Afla\u021bi aici <strong>mai multe detalii despre software-ul de control SPORTDYNO<\/strong><\/a>\u00a0(link c\u0103tre site-ul Sport Devices \u00een limba englez\u0103)<\/li>\n<li><a href=\"https:\/\/www.sportdevices.com\/download.php\" target=\"_blank\" rel=\"noopener\">Aici pute\u021bi <strong>desc\u0103rca\u021bi \u0219i instala\u021bi cea mai recent\u0103 versiune SW<\/strong> <strong>pentru a evalua func\u021bionalitatea acestuia<\/strong><\/a><strong>\u00a0<\/strong>(link c\u0103tre site-ul Sport Devices \u00een limba englez\u0103)<\/li>\n<\/ul>\n<p><a href=\"https:\/\/motycs.it\/wp-content\/uploads\/2022\/03\/sp1-motycs-dyno-banco-prova-potenza-2.jpg\"><img loading=\"lazy\" decoding=\"async\" class=\"wp-image-1159 size-full\" src=\"https:\/\/motycs.it\/wp-content\/uploads\/2022\/03\/sp1-motycs-dyno-banco-prova-potenza-2.jpg\" alt=\"DAQ SP1 Sport Devices Motycs pentru bancuri de testare a puterii\" width=\"800\" height=\"527\" srcset=\"https:\/\/motycs.it\/wp-content\/uploads\/2022\/03\/sp1-motycs-dyno-banco-prova-potenza-2.jpg 800w, https:\/\/motycs.it\/wp-content\/uploads\/2022\/03\/sp1-motycs-dyno-banco-prova-potenza-2-300x198.jpg 300w, https:\/\/motycs.it\/wp-content\/uploads\/2022\/03\/sp1-motycs-dyno-banco-prova-potenza-2-768x506.jpg 768w, https:\/\/motycs.it\/wp-content\/uploads\/2022\/03\/sp1-motycs-dyno-banco-prova-potenza-2-600x395.jpg 600w\" sizes=\"auto, (max-width: 800px) 100vw, 800px\" \/><\/a><\/p>\n<h5><a href=\"https:\/\/motycs.it\/ro\/product\/omologative\/\"><strong>SISTEM PENTRU BANCURI DE \u00ceNCERCARE PENTRU OMOLOGARE<\/strong><\/a><\/h5>\n<p>Sistemul nostru de omologare este <strong>proiectat \u0219i implementat pe platforma Compact-Rio<\/strong> a Instrumentului na\u021bional.<\/p>\n<p><strong>Astfel, garanteaz\u0103 fiabilitatea rezervat\u0103 \u00een mod obi\u0219nuit instala\u021biilor din sectorul industrial.<\/strong>.<\/p>\n<h6>CARACTERISTICI TEHNICE<\/h6>\n<ul>\n<li>Telemetria timpilor buclelor paralele cu priorit\u0103\u021bi diferen\u021biate<\/li>\n<li>Ierarhie \"descendent\u0103\" pentru fluxurile \u0219i controalele de intrare\/ie\u0219ire<\/li>\n<li>Intr\u0103ri analogice gestionate individual<\/li>\n<li>Activare - temporizare - filtru (digital, statistic)<\/li>\n<li>Intr\u0103ri digitale<\/li>\n<li>Conectarea senzorului de captare a revolu\u021biei cu und\u0103 p\u0103trat\u0103<\/li>\n<li>St\u0103rile de alarm\u0103 ale camerei de testare<\/li>\n<li>Ie\u0219iri analogice \u0219i digitale<\/li>\n<li>Setarea fr\u00e2nei \u0219i a accelera\u021biei (dinamic\u0103 ridicat\u0103)<\/li>\n<li>Controlul supapelor pentru fluide (dinamic\u0103 redus\u0103)<\/li>\n<li>Intr\u0103ri analogice speciale: de \u00eenalt\u0103 defini\u021bie (24 bi\u021bi) pentru celula de sarcin\u0103<\/li>\n<li>De \u00eenalt\u0103 defini\u021bie (24 bi\u021bi) pentru termocuple \/ termometre cu rezisten\u021b\u0103<\/li>\n<li>Execut\u0103 ceea ce este scris \u00een fi\u0219ierul Excel + Export \u00een fi\u0219ier text<\/li>\n<li>Parametrizarea constantelor<\/li>\n<li>Limitarea auto\u00eenv\u0103\u021b\u0103rii (gril\u0103)<\/li>\n<li>Memoria comportamentului anterior (uut)<\/li>\n<\/ul>\n<h6><strong>DOMENII DE APLICARE (OMOLOGARE DE TIP \u0218I CERCETARE \u0218I DEZVOLTARE)<\/strong><\/h6>\n<p>- Diferite tipuri de bancuri de \u00eencercare<br \/>\n- motoare (cercetare \u0219i dezvoltare, produc\u021bie)<br \/>\n- vehicul (rulaj, emisii)<br \/>\n- componente<br \/>\n- ECU (achizi\u021bie, calibrare, diagnosticare)<br \/>\n- DOE (Design On Experiment)<\/p>\n<p><strong><a href=\"https:\/\/motycs.it\/ro\/product\/omologative\/\" target=\"_blank\" rel=\"noopener\">Vizita\u021bi pagina noastr\u0103 de omologare a produselor aici<\/a><\/strong><a href=\"https:\/\/motycs.it\/ro\/product\/omologative\/\" target=\"_blank\" rel=\"noopener\">\u00a0<\/a><\/p>\n<div id=\"attachment_1265\" style=\"width: 810px\" class=\"wp-caption aligncenter\"><a href=\"https:\/\/motycs.it\/wp-content\/uploads\/2022\/08\/immagine-INCA-motycs-ecu.jpg\"><img loading=\"lazy\" decoding=\"async\" aria-describedby=\"caption-attachment-1265\" class=\"wp-image-1265 size-full\" src=\"https:\/\/motycs.it\/wp-content\/uploads\/2022\/08\/immagine-INCA-motycs-ecu.jpg\" alt=\"\" width=\"800\" height=\"800\" srcset=\"https:\/\/motycs.it\/wp-content\/uploads\/2022\/08\/immagine-INCA-motycs-ecu.jpg 800w, https:\/\/motycs.it\/wp-content\/uploads\/2022\/08\/immagine-INCA-motycs-ecu-300x300.jpg 300w, https:\/\/motycs.it\/wp-content\/uploads\/2022\/08\/immagine-INCA-motycs-ecu-150x150.jpg 150w, https:\/\/motycs.it\/wp-content\/uploads\/2022\/08\/immagine-INCA-motycs-ecu-768x768.jpg 768w, https:\/\/motycs.it\/wp-content\/uploads\/2022\/08\/immagine-INCA-motycs-ecu-600x600.jpg 600w, https:\/\/motycs.it\/wp-content\/uploads\/2022\/08\/immagine-INCA-motycs-ecu-100x100.jpg 100w\" sizes=\"auto, (max-width: 800px) 100vw, 800px\" \/><\/a><p id=\"caption-attachment-1265\" class=\"wp-caption-text\">O interfa\u021b\u0103 SW a sistemului de omologare<\/p><\/div>\n<h6><a href=\"https:\/\/motycs.it\/ro\/istorie-banci-proba-putere-un-roller\/\"><strong>INSIGHTS<\/strong><\/a><\/h6>\n<ul>\n<li><a href=\"https:\/\/motycs.it\/ro\/istorie-banci-proba-putere-un-roller\/\"><strong>Descoperi\u021bi<\/strong>\u00a0<strong>concepte de baz\u0103 ale bancurilor de \u00eencercare<\/strong><\/a><\/li>\n<li><a href=\"https:\/\/motycs.it\/ro\/istorie-banci-proba-putere-un-roller\/\"><strong>Istoria bancurilor de \u00eencercare cu role<\/strong><\/a><\/li>\n<li><a href=\"https:\/\/motycs.it\/ro\/istorie-banci-proba-putere-un-roller\/\"><strong>Contacta\u021bi-ne pentru mai multe informa\u021bii<\/strong><\/a><\/li>\n<li><a href=\"https:\/\/motycs.it\/ro\/bancuri-de-testare-putere-biroll-cu-singura-rola\/\"><strong>Bancuri de testare cu role simple \u0219i duble, pe care s\u0103 le alege\u021bi<\/strong><\/a><\/li>\n<li><a href=\"https:\/\/motycs.it\/ro\/putere-disipata-bancuri-proof\/\"><strong>Disiparea de putere, ce este?<\/strong><\/a><\/li>\n<li><a href=\"https:\/\/motycs.it\/ro\/bancuri-de-testare-4wd\/\"><strong>Bancuri de testare a osiilor legate, descoperi\u021bi avantajele<\/strong><\/a><\/li>\n<\/ul>\n\n\t\t<\/div>\n\t<\/div>\n<\/div><\/div><\/div><\/div><\/div><\/div><\/div><div class=\"vc_row-full-width vc_clearfix\"><\/div>","protected":false},"excerpt":{"rendered":"Teoria\u00cennoie\u0219te-\u021bi bancul de testare Avem sisteme de control \u0219i achizi\u021bie pentru a moderniza diferite tipuri de bancuri de testare: Zona de diagnosticare \u0219i preg\u0103tire sportiv\u0103 (produse Sport Devices) Descoper\u0103 aici c\u00e2teva aplica\u021bii \u0219i caracteristici ale sistemelor Sport Devices Domenii de omologare, cercetare \u0219i dezvoltare, sf\u00e2r\u0219it de linie. Aplicabile la orice tip de banc de testare a puterii, acestea actualizeaz\u0103 \u0219i [...]","protected":false},"author":1,"featured_media":0,"parent":0,"menu_order":0,"comment_status":"closed","ping_status":"closed","template":"","meta":{"footnotes":""},"class_list":["post-1010","page","type-page","status-publish","hentry"],"yoast_head":"<!-- This site is optimized with the Yoast SEO plugin v26.5 - https:\/\/yoast.com\/wordpress\/plugins\/seo\/ -->\n<title>Rinnova il tuo banco prova - MOTYCS<\/title>\n<meta name=\"description\" content=\"Aggiornare il tuo vecchio banco prova potenza. inerziale o frenato, ad un sistema di ultima generazione. Fino a 3 schermi in real time\" \/>\n<meta name=\"robots\" content=\"index, follow, max-snippet:-1, max-image-preview:large, max-video-preview:-1\" \/>\n<link rel=\"canonical\" href=\"https:\/\/motycs.it\/ro\/reinnoieste-ti-testul-bancar\/\" \/>\n<meta property=\"og:locale\" content=\"ro_RO\" \/>\n<meta property=\"og:type\" content=\"article\" \/>\n<meta property=\"og:title\" content=\"Rinnova il tuo banco prova - MOTYCS\" \/>\n<meta property=\"og:description\" content=\"Aggiornare il tuo vecchio banco prova potenza. inerziale o frenato, ad un sistema di ultima generazione. Fino a 3 schermi in real time\" \/>\n<meta property=\"og:url\" content=\"https:\/\/motycs.it\/ro\/reinnoieste-ti-testul-bancar\/\" \/>\n<meta property=\"og:site_name\" content=\"MOTYCS\" \/>\n<meta property=\"article:publisher\" content=\"https:\/\/www.facebook.com\/motycs\/\" \/>\n<meta property=\"article:modified_time\" content=\"2023-06-02T21:21:22+00:00\" \/>\n<meta property=\"og:image\" content=\"https:\/\/motycs.it\/wp-content\/uploads\/2022\/03\/sp1-motycs-dyno-banco-prova-potenza-2.jpg\" \/>\n<meta name=\"twitter:card\" content=\"summary_large_image\" \/>\n<meta name=\"twitter:label1\" content=\"Timp estimat pentru citire\" \/>\n\t<meta name=\"twitter:data1\" content=\"4 minute\" \/>\n<script type=\"application\/ld+json\" class=\"yoast-schema-graph\">{\"@context\":\"https:\/\/schema.org\",\"@graph\":[{\"@type\":\"WebPage\",\"@id\":\"https:\/\/motycs.it\/rinnova-il-tuo-banco-prova\/\",\"url\":\"https:\/\/motycs.it\/rinnova-il-tuo-banco-prova\/\",\"name\":\"Rinnova il tuo banco prova - MOTYCS\",\"isPartOf\":{\"@id\":\"https:\/\/motycs.it\/#website\"},\"primaryImageOfPage\":{\"@id\":\"https:\/\/motycs.it\/rinnova-il-tuo-banco-prova\/#primaryimage\"},\"image\":{\"@id\":\"https:\/\/motycs.it\/rinnova-il-tuo-banco-prova\/#primaryimage\"},\"thumbnailUrl\":\"https:\/\/motycs.it\/wp-content\/uploads\/2022\/03\/sp1-motycs-dyno-banco-prova-potenza-2.jpg\",\"datePublished\":\"2022-03-17T17:55:05+00:00\",\"dateModified\":\"2023-06-02T21:21:22+00:00\",\"description\":\"Aggiornare il tuo vecchio banco prova potenza. inerziale o frenato, ad un sistema di ultima generazione. Fino a 3 schermi in real time\",\"breadcrumb\":{\"@id\":\"https:\/\/motycs.it\/rinnova-il-tuo-banco-prova\/#breadcrumb\"},\"inLanguage\":\"ro-RO\",\"potentialAction\":[{\"@type\":\"ReadAction\",\"target\":[\"https:\/\/motycs.it\/rinnova-il-tuo-banco-prova\/\"]}]},{\"@type\":\"ImageObject\",\"inLanguage\":\"ro-RO\",\"@id\":\"https:\/\/motycs.it\/rinnova-il-tuo-banco-prova\/#primaryimage\",\"url\":\"https:\/\/motycs.it\/wp-content\/uploads\/2022\/03\/sp1-motycs-dyno-banco-prova-potenza-2.jpg\",\"contentUrl\":\"https:\/\/motycs.it\/wp-content\/uploads\/2022\/03\/sp1-motycs-dyno-banco-prova-potenza-2.jpg\"},{\"@type\":\"BreadcrumbList\",\"@id\":\"https:\/\/motycs.it\/rinnova-il-tuo-banco-prova\/#breadcrumb\",\"itemListElement\":[{\"@type\":\"ListItem\",\"position\":1,\"name\":\"Home\",\"item\":\"https:\/\/motycs.it\/\"},{\"@type\":\"ListItem\",\"position\":2,\"name\":\"Rinnova il tuo banco prova\"}]},{\"@type\":\"WebSite\",\"@id\":\"https:\/\/motycs.it\/#website\",\"url\":\"https:\/\/motycs.it\/\",\"name\":\"MOTYCS\",\"description\":\"\",\"publisher\":{\"@id\":\"https:\/\/motycs.it\/#organization\"},\"potentialAction\":[{\"@type\":\"SearchAction\",\"target\":{\"@type\":\"EntryPoint\",\"urlTemplate\":\"https:\/\/motycs.it\/?s={search_term_string}\"},\"query-input\":{\"@type\":\"PropertyValueSpecification\",\"valueRequired\":true,\"valueName\":\"search_term_string\"}}],\"inLanguage\":\"ro-RO\"},{\"@type\":\"Organization\",\"@id\":\"https:\/\/motycs.it\/#organization\",\"name\":\"MOTYCS\",\"url\":\"https:\/\/motycs.it\/\",\"logo\":{\"@type\":\"ImageObject\",\"inLanguage\":\"ro-RO\",\"@id\":\"https:\/\/motycs.it\/#\/schema\/logo\/image\/\",\"url\":\"https:\/\/motycs.it\/wp-content\/uploads\/2022\/03\/orizz_bianc.jpg\",\"contentUrl\":\"https:\/\/motycs.it\/wp-content\/uploads\/2022\/03\/orizz_bianc.jpg\",\"width\":600,\"height\":159,\"caption\":\"MOTYCS\"},\"image\":{\"@id\":\"https:\/\/motycs.it\/#\/schema\/logo\/image\/\"},\"sameAs\":[\"https:\/\/www.facebook.com\/motycs\/\",\"https:\/\/www.instagram.com\/motycs.teq\/\",\"https:\/\/www.linkedin.com\/company\/motycs\/\",\"https:\/\/www.pinterest.it\/Motycsdynamometer\/\",\"https:\/\/www.youtube.com\/channel\/UCl_9nwLJn-fMI6UMZVc0tZw\"]}]}<\/script>\n<!-- \/ Yoast SEO plugin. -->","yoast_head_json":{"title":"Re\u00eennoie\u0219te-\u021bi bancul de testare - MOTYCS","description":"Moderniza\u021bi vechiul dvs. banc de testare a puterii, iner\u021bial sau cu fr\u00e2n\u0103, cu un sistem de ultim\u0103 genera\u021bie. P\u00e2n\u0103 la 3 ecrane \u00een timp real","robots":{"index":"index","follow":"follow","max-snippet":"max-snippet:-1","max-image-preview":"max-image-preview:large","max-video-preview":"max-video-preview:-1"},"canonical":"https:\/\/motycs.it\/ro\/reinnoieste-ti-testul-bancar\/","og_locale":"ro_RO","og_type":"article","og_title":"Rinnova il tuo banco prova - MOTYCS","og_description":"Aggiornare il tuo vecchio banco prova potenza. inerziale o frenato, ad un sistema di ultima generazione. Fino a 3 schermi in real time","og_url":"https:\/\/motycs.it\/ro\/reinnoieste-ti-testul-bancar\/","og_site_name":"MOTYCS","article_publisher":"https:\/\/www.facebook.com\/motycs\/","article_modified_time":"2023-06-02T21:21:22+00:00","og_image":[{"url":"https:\/\/motycs.it\/wp-content\/uploads\/2022\/03\/sp1-motycs-dyno-banco-prova-potenza-2.jpg","type":"","width":"","height":""}],"twitter_card":"summary_large_image","twitter_misc":{"Timp estimat pentru citire":"4 minute"},"schema":{"@context":"https:\/\/schema.org","@graph":[{"@type":"WebPage","@id":"https:\/\/motycs.it\/rinnova-il-tuo-banco-prova\/","url":"https:\/\/motycs.it\/rinnova-il-tuo-banco-prova\/","name":"Re\u00eennoie\u0219te-\u021bi bancul de testare - MOTYCS","isPartOf":{"@id":"https:\/\/motycs.it\/#website"},"primaryImageOfPage":{"@id":"https:\/\/motycs.it\/rinnova-il-tuo-banco-prova\/#primaryimage"},"image":{"@id":"https:\/\/motycs.it\/rinnova-il-tuo-banco-prova\/#primaryimage"},"thumbnailUrl":"https:\/\/motycs.it\/wp-content\/uploads\/2022\/03\/sp1-motycs-dyno-banco-prova-potenza-2.jpg","datePublished":"2022-03-17T17:55:05+00:00","dateModified":"2023-06-02T21:21:22+00:00","description":"Moderniza\u021bi vechiul dvs. banc de testare a puterii, iner\u021bial sau cu fr\u00e2n\u0103, cu un sistem de ultim\u0103 genera\u021bie. P\u00e2n\u0103 la 3 ecrane \u00een timp real","breadcrumb":{"@id":"https:\/\/motycs.it\/rinnova-il-tuo-banco-prova\/#breadcrumb"},"inLanguage":"ro-RO","potentialAction":[{"@type":"ReadAction","target":["https:\/\/motycs.it\/rinnova-il-tuo-banco-prova\/"]}]},{"@type":"ImageObject","inLanguage":"ro-RO","@id":"https:\/\/motycs.it\/rinnova-il-tuo-banco-prova\/#primaryimage","url":"https:\/\/motycs.it\/wp-content\/uploads\/2022\/03\/sp1-motycs-dyno-banco-prova-potenza-2.jpg","contentUrl":"https:\/\/motycs.it\/wp-content\/uploads\/2022\/03\/sp1-motycs-dyno-banco-prova-potenza-2.jpg"},{"@type":"BreadcrumbList","@id":"https:\/\/motycs.it\/rinnova-il-tuo-banco-prova\/#breadcrumb","itemListElement":[{"@type":"ListItem","position":1,"name":"Home","item":"https:\/\/motycs.it\/"},{"@type":"ListItem","position":2,"name":"Rinnova il tuo banco prova"}]},{"@type":"WebSite","@id":"https:\/\/motycs.it\/#website","url":"https:\/\/motycs.it\/","name":"MOTYCS","description":"","publisher":{"@id":"https:\/\/motycs.it\/#organization"},"potentialAction":[{"@type":"SearchAction","target":{"@type":"EntryPoint","urlTemplate":"https:\/\/motycs.it\/?s={search_term_string}"},"query-input":{"@type":"PropertyValueSpecification","valueRequired":true,"valueName":"search_term_string"}}],"inLanguage":"ro-RO"},{"@type":"Organization","@id":"https:\/\/motycs.it\/#organization","name":"MOTYCS","url":"https:\/\/motycs.it\/","logo":{"@type":"ImageObject","inLanguage":"ro-RO","@id":"https:\/\/motycs.it\/#\/schema\/logo\/image\/","url":"https:\/\/motycs.it\/wp-content\/uploads\/2022\/03\/orizz_bianc.jpg","contentUrl":"https:\/\/motycs.it\/wp-content\/uploads\/2022\/03\/orizz_bianc.jpg","width":600,"height":159,"caption":"MOTYCS"},"image":{"@id":"https:\/\/motycs.it\/#\/schema\/logo\/image\/"},"sameAs":["https:\/\/www.facebook.com\/motycs\/","https:\/\/www.instagram.com\/motycs.teq\/","https:\/\/www.linkedin.com\/company\/motycs\/","https:\/\/www.pinterest.it\/Motycsdynamometer\/","https:\/\/www.youtube.com\/channel\/UCl_9nwLJn-fMI6UMZVc0tZw"]}]}},"_links":{"self":[{"href":"https:\/\/motycs.it\/ro\/wp-json\/wp\/v2\/pages\/1010","targetHints":{"allow":["GET"]}}],"collection":[{"href":"https:\/\/motycs.it\/ro\/wp-json\/wp\/v2\/pages"}],"about":[{"href":"https:\/\/motycs.it\/ro\/wp-json\/wp\/v2\/types\/page"}],"author":[{"embeddable":true,"href":"https:\/\/motycs.it\/ro\/wp-json\/wp\/v2\/users\/1"}],"replies":[{"embeddable":true,"href":"https:\/\/motycs.it\/ro\/wp-json\/wp\/v2\/comments?post=1010"}],"version-history":[{"count":19,"href":"https:\/\/motycs.it\/ro\/wp-json\/wp\/v2\/pages\/1010\/revisions"}],"predecessor-version":[{"id":1817,"href":"https:\/\/motycs.it\/ro\/wp-json\/wp\/v2\/pages\/1010\/revisions\/1817"}],"wp:attachment":[{"href":"https:\/\/motycs.it\/ro\/wp-json\/wp\/v2\/media?parent=1010"}],"curies":[{"name":"wp","href":"https:\/\/api.w.org\/{rel}","templated":true}]}}