{"id":994,"date":"2022-03-17T18:45:16","date_gmt":"2022-03-17T17:45:16","guid":{"rendered":"https:\/\/motycs.it\/?post_type=product&#038;p=994"},"modified":"2023-05-04T10:59:32","modified_gmt":"2023-05-04T08:59:32","slug":"estrazione-fumi","status":"publish","type":"product","link":"https:\/\/motycs.it\/pt\/product\/extraccao-de-fumo\/","title":{"rendered":"Extrac\u00e7\u00e3o de fumo"},"content":{"rendered":"<p>Particularmente importante numa casa das m\u00e1quinas \u00e9 a<strong>extrac\u00e7\u00e3o de gases de combust\u00e3o<\/strong>.<\/p>\n<p>Respondemos com <strong>solu\u00e7\u00f5es nascidas de necessidades espec\u00edficas<\/strong>para os nossos clientes:<\/p>\n<ul>\n<li><strong>Sistemas subterr\u00e2neos<\/strong> com caixa de extrac\u00e7\u00e3o de fumos encastrada<\/li>\n<li>Componentes para o <strong>realiza\u00e7\u00e3o de sistemas de extrac\u00e7\u00e3o de fumos<\/strong><\/li>\n<li><strong>Sistemas completos com ventiladores de extrac\u00e7\u00e3o com ou sem inversor<\/strong>postes de tecto ligados a condutas subterr\u00e2neas com po\u00e7os especificamente concebidos para os sistemas que concebemos, constitu\u00eddos por carros, tubos e bocais adapt\u00e1veis a qualquer ve\u00edculo e\/ou motor<\/li>\n<li><strong>Sistemas completos de ventiladores de extrac\u00e7\u00e3o, controlados por inversor<\/strong>com mangueiras de bicos e carrinhos de apoio (mais silenciadores e condutas de ejec\u00e7\u00e3o)<\/li>\n<\/ul>\n<p><a href=\"https:\/\/motycs.it\/pt\/product\/ventilacao\/\"><strong>Descubra aqui os sistemas de ventiladores dedicados ao arrefecimento do motor<\/strong><\/a><\/p>\n<p><a href=\"https:\/\/motycs.it\/pt\/product\/saleiros\/\"><strong>Descubra aqui as salas de ensaio de motores \u00e0 prova de som<\/strong><\/a><\/p>\n<h6>INSIGHTS<\/h6>\n<ul>\n<li><strong><a href=\"https:\/\/motycs.it\/pt\/conceitos-basicos-bancadas-de-teste-dinamometro\/\">Descobrir os conceitos b\u00e1sicos dos bancos de ensaio de motores e rolos<\/a><\/strong><\/li>\n<li><strong><a href=\"https:\/\/motycs.it\/pt\/bancos-de-ensaio-4wd\/\">Vantagens dos bancos de ensaio de pot\u00eancia de eixo ligado 4WD<\/a><\/strong><\/li>\n<li><strong><a href=\"https:\/\/motycs.it\/pt\/bancadas-de-potencia-biroll-de-rolo-unico\/\">Bancos de ensaio MONO-roller e BI-roller<\/a><\/strong><\/li>\n<li><a href=\"https:\/\/motycs.it\/pt\/a-prova-de-bancos-com-dissipacao-de-energia\/\"><strong>Dissipa\u00e7\u00e3o de energia<\/strong><\/a><\/li>\n<\/ul>","protected":false},"excerpt":{"rendered":"<div class=\"page\" title=\"P\u00e1gina 10\">\n<div class=\"layoutArea\">\n<div class=\"column\">\n<p>SISTEMAS DE EXTRAC\u00c7\u00c3O E TRATAMENTO DE GASES DE COMBUST\u00c3O<\/p>\n<p>Desenvolvemos <strong>sistemas de extrac\u00e7\u00e3o de fumos adequados para utiliza\u00e7\u00e3o com bancos de ensaio el\u00e9ctricos<\/strong>.<\/p>\n<p><strong>Di\u00e2metros maiores e mais pot\u00eancia<\/strong>para sistemas profissionais fi\u00e1veis e duradouros:<\/p>\n<ul>\n<li>Motores de <strong>5,5 kW<\/strong><\/li>\n<li>Condutas <strong>250 mm de di\u00e2metro<\/strong>com tubos, colares e <strong>vedantes de alta temperatura<\/strong>at\u00e9 1.200 \u00b0C<\/li>\n<li><strong>Bocais com juntas de alta resist\u00eancia<\/strong><\/li>\n<li><strong>Carrinhos m\u00f3veis<\/strong> sobre rodas com trav\u00f5es, com lastro<\/li>\n<\/ul>\n<p><strong>Todos os sistemas de extrac\u00e7\u00e3o podem ser fornecidos como padr\u00e3o ou de acordo com as especifica\u00e7\u00f5es do cliente.<\/strong><\/p>\n<\/div>\n<\/div>\n<\/div>","protected":false},"featured_media":902,"template":"","meta":[],"product_cat":[94],"product_tag":[112,111,113],"class_list":["post-994","product","type-product","status-publish","has-post-thumbnail","hentry","product_cat-accessori","product_tag-accessori-sala-prova-motori","product_tag-estrazione-fumi","product_tag-trattamento-gas-di-scarico"],"yoast_head":"<!-- This site is optimized with the Yoast SEO plugin v26.5 - https:\/\/yoast.com\/wordpress\/plugins\/seo\/ -->\n<title>Estrazione fumi - MOTYCS<\/title>\n<meta name=\"description\" content=\"Realizziamo sistemi di estrazione fumi, appositamente pensati e progettati per la sala prova motori o veicoli. Garantiamo efficacia e resistenza nel tempo\" \/>\n<meta name=\"robots\" content=\"index, follow, max-snippet:-1, max-image-preview:large, max-video-preview:-1\" \/>\n<link rel=\"canonical\" href=\"https:\/\/motycs.it\/pt\/product\/extraccao-de-fumo\/\" \/>\n<meta property=\"og:locale\" content=\"pt_PT\" \/>\n<meta property=\"og:type\" content=\"article\" \/>\n<meta property=\"og:title\" content=\"Estrazione fumi - MOTYCS\" \/>\n<meta property=\"og:description\" content=\"Realizziamo sistemi di estrazione fumi, appositamente pensati e progettati per la sala prova motori o veicoli. Garantiamo efficacia e resistenza nel tempo\" \/>\n<meta property=\"og:url\" content=\"https:\/\/motycs.it\/pt\/product\/extraccao-de-fumo\/\" \/>\n<meta property=\"og:site_name\" content=\"MOTYCS\" \/>\n<meta property=\"article:publisher\" content=\"https:\/\/www.facebook.com\/motycs\/\" \/>\n<meta property=\"article:modified_time\" content=\"2023-05-04T08:59:32+00:00\" \/>\n<meta property=\"og:image\" content=\"https:\/\/motycs.it\/wp-content\/uploads\/2022\/03\/WhatsApp-Image-2022-03-15-at-00.34.26-6.jpeg\" \/>\n\t<meta property=\"og:image:width\" content=\"1440\" \/>\n\t<meta property=\"og:image:height\" content=\"1440\" \/>\n\t<meta property=\"og:image:type\" content=\"image\/jpeg\" \/>\n<meta name=\"twitter:card\" content=\"summary_large_image\" \/>\n<meta name=\"twitter:label1\" content=\"Tempo estimado de leitura\" \/>\n\t<meta name=\"twitter:data1\" content=\"1 minuto\" \/>\n<script type=\"application\/ld+json\" class=\"yoast-schema-graph\">{\"@context\":\"https:\/\/schema.org\",\"@graph\":[{\"@type\":\"WebPage\",\"@id\":\"https:\/\/motycs.it\/product\/estrazione-fumi\/\",\"url\":\"https:\/\/motycs.it\/product\/estrazione-fumi\/\",\"name\":\"Estrazione fumi - MOTYCS\",\"isPartOf\":{\"@id\":\"https:\/\/motycs.it\/#website\"},\"primaryImageOfPage\":{\"@id\":\"https:\/\/motycs.it\/product\/estrazione-fumi\/#primaryimage\"},\"image\":{\"@id\":\"https:\/\/motycs.it\/product\/estrazione-fumi\/#primaryimage\"},\"thumbnailUrl\":\"https:\/\/motycs.it\/wp-content\/uploads\/2022\/03\/WhatsApp-Image-2022-03-15-at-00.34.26-6.jpeg\",\"datePublished\":\"2022-03-17T17:45:16+00:00\",\"dateModified\":\"2023-05-04T08:59:32+00:00\",\"description\":\"Realizziamo sistemi di estrazione fumi, appositamente pensati e progettati per la sala prova motori o veicoli. Garantiamo efficacia e resistenza nel tempo\",\"breadcrumb\":{\"@id\":\"https:\/\/motycs.it\/product\/estrazione-fumi\/#breadcrumb\"},\"inLanguage\":\"pt-PT\",\"potentialAction\":[{\"@type\":\"ReadAction\",\"target\":[\"https:\/\/motycs.it\/product\/estrazione-fumi\/\"]}]},{\"@type\":\"ImageObject\",\"inLanguage\":\"pt-PT\",\"@id\":\"https:\/\/motycs.it\/product\/estrazione-fumi\/#primaryimage\",\"url\":\"https:\/\/motycs.it\/wp-content\/uploads\/2022\/03\/WhatsApp-Image-2022-03-15-at-00.34.26-6.jpeg\",\"contentUrl\":\"https:\/\/motycs.it\/wp-content\/uploads\/2022\/03\/WhatsApp-Image-2022-03-15-at-00.34.26-6.jpeg\",\"width\":1440,\"height\":1440,\"caption\":\"estrazione fumi e gas di scarico\"},{\"@type\":\"BreadcrumbList\",\"@id\":\"https:\/\/motycs.it\/product\/estrazione-fumi\/#breadcrumb\",\"itemListElement\":[{\"@type\":\"ListItem\",\"position\":1,\"name\":\"Home\",\"item\":\"https:\/\/motycs.it\/\"},{\"@type\":\"ListItem\",\"position\":2,\"name\":\"Shop\",\"item\":\"https:\/\/motycs.it\/shop\/\"},{\"@type\":\"ListItem\",\"position\":3,\"name\":\"Estrazione fumi\"}]},{\"@type\":\"WebSite\",\"@id\":\"https:\/\/motycs.it\/#website\",\"url\":\"https:\/\/motycs.it\/\",\"name\":\"MOTYCS\",\"description\":\"\",\"publisher\":{\"@id\":\"https:\/\/motycs.it\/#organization\"},\"potentialAction\":[{\"@type\":\"SearchAction\",\"target\":{\"@type\":\"EntryPoint\",\"urlTemplate\":\"https:\/\/motycs.it\/?s={search_term_string}\"},\"query-input\":{\"@type\":\"PropertyValueSpecification\",\"valueRequired\":true,\"valueName\":\"search_term_string\"}}],\"inLanguage\":\"pt-PT\"},{\"@type\":\"Organization\",\"@id\":\"https:\/\/motycs.it\/#organization\",\"name\":\"MOTYCS\",\"url\":\"https:\/\/motycs.it\/\",\"logo\":{\"@type\":\"ImageObject\",\"inLanguage\":\"pt-PT\",\"@id\":\"https:\/\/motycs.it\/#\/schema\/logo\/image\/\",\"url\":\"https:\/\/motycs.it\/wp-content\/uploads\/2022\/03\/orizz_bianc.jpg\",\"contentUrl\":\"https:\/\/motycs.it\/wp-content\/uploads\/2022\/03\/orizz_bianc.jpg\",\"width\":600,\"height\":159,\"caption\":\"MOTYCS\"},\"image\":{\"@id\":\"https:\/\/motycs.it\/#\/schema\/logo\/image\/\"},\"sameAs\":[\"https:\/\/www.facebook.com\/motycs\/\",\"https:\/\/www.instagram.com\/motycs.teq\/\",\"https:\/\/www.linkedin.com\/company\/motycs\/\",\"https:\/\/www.pinterest.it\/Motycsdynamometer\/\",\"https:\/\/www.youtube.com\/channel\/UCl_9nwLJn-fMI6UMZVc0tZw\"]}]}<\/script>\n<!-- \/ Yoast SEO plugin. -->","yoast_head_json":{"title":"Extrac\u00e7\u00e3o de fumo - MOTYCS","description":"Produzimos sistemas de extrac\u00e7\u00e3o de fumos especificamente concebidos e projectados para a sala de ensaios de motores ou ve\u00edculos. Garantimos efic\u00e1cia e durabilidade","robots":{"index":"index","follow":"follow","max-snippet":"max-snippet:-1","max-image-preview":"max-image-preview:large","max-video-preview":"max-video-preview:-1"},"canonical":"https:\/\/motycs.it\/pt\/product\/extraccao-de-fumo\/","og_locale":"pt_PT","og_type":"article","og_title":"Estrazione fumi - MOTYCS","og_description":"Realizziamo sistemi di estrazione fumi, appositamente pensati e progettati per la sala prova motori o veicoli. Garantiamo efficacia e resistenza nel tempo","og_url":"https:\/\/motycs.it\/pt\/product\/extraccao-de-fumo\/","og_site_name":"MOTYCS","article_publisher":"https:\/\/www.facebook.com\/motycs\/","article_modified_time":"2023-05-04T08:59:32+00:00","og_image":[{"width":1440,"height":1440,"url":"https:\/\/motycs.it\/wp-content\/uploads\/2022\/03\/WhatsApp-Image-2022-03-15-at-00.34.26-6.jpeg","type":"image\/jpeg"}],"twitter_card":"summary_large_image","twitter_misc":{"Tempo estimado de leitura":"1 minuto"},"schema":{"@context":"https:\/\/schema.org","@graph":[{"@type":"WebPage","@id":"https:\/\/motycs.it\/product\/estrazione-fumi\/","url":"https:\/\/motycs.it\/product\/estrazione-fumi\/","name":"Extrac\u00e7\u00e3o de fumo - MOTYCS","isPartOf":{"@id":"https:\/\/motycs.it\/#website"},"primaryImageOfPage":{"@id":"https:\/\/motycs.it\/product\/estrazione-fumi\/#primaryimage"},"image":{"@id":"https:\/\/motycs.it\/product\/estrazione-fumi\/#primaryimage"},"thumbnailUrl":"https:\/\/motycs.it\/wp-content\/uploads\/2022\/03\/WhatsApp-Image-2022-03-15-at-00.34.26-6.jpeg","datePublished":"2022-03-17T17:45:16+00:00","dateModified":"2023-05-04T08:59:32+00:00","description":"Produzimos sistemas de extrac\u00e7\u00e3o de fumos especificamente concebidos e projectados para a sala de ensaios de motores ou ve\u00edculos. Garantimos efic\u00e1cia e durabilidade","breadcrumb":{"@id":"https:\/\/motycs.it\/product\/estrazione-fumi\/#breadcrumb"},"inLanguage":"pt-PT","potentialAction":[{"@type":"ReadAction","target":["https:\/\/motycs.it\/product\/estrazione-fumi\/"]}]},{"@type":"ImageObject","inLanguage":"pt-PT","@id":"https:\/\/motycs.it\/product\/estrazione-fumi\/#primaryimage","url":"https:\/\/motycs.it\/wp-content\/uploads\/2022\/03\/WhatsApp-Image-2022-03-15-at-00.34.26-6.jpeg","contentUrl":"https:\/\/motycs.it\/wp-content\/uploads\/2022\/03\/WhatsApp-Image-2022-03-15-at-00.34.26-6.jpeg","width":1440,"height":1440,"caption":"estrazione fumi e gas di scarico"},{"@type":"BreadcrumbList","@id":"https:\/\/motycs.it\/product\/estrazione-fumi\/#breadcrumb","itemListElement":[{"@type":"ListItem","position":1,"name":"Home","item":"https:\/\/motycs.it\/"},{"@type":"ListItem","position":2,"name":"Shop","item":"https:\/\/motycs.it\/shop\/"},{"@type":"ListItem","position":3,"name":"Estrazione fumi"}]},{"@type":"WebSite","@id":"https:\/\/motycs.it\/#website","url":"https:\/\/motycs.it\/","name":"MOTYCS","description":"","publisher":{"@id":"https:\/\/motycs.it\/#organization"},"potentialAction":[{"@type":"SearchAction","target":{"@type":"EntryPoint","urlTemplate":"https:\/\/motycs.it\/?s={search_term_string}"},"query-input":{"@type":"PropertyValueSpecification","valueRequired":true,"valueName":"search_term_string"}}],"inLanguage":"pt-PT"},{"@type":"Organization","@id":"https:\/\/motycs.it\/#organization","name":"MOTYCS","url":"https:\/\/motycs.it\/","logo":{"@type":"ImageObject","inLanguage":"pt-PT","@id":"https:\/\/motycs.it\/#\/schema\/logo\/image\/","url":"https:\/\/motycs.it\/wp-content\/uploads\/2022\/03\/orizz_bianc.jpg","contentUrl":"https:\/\/motycs.it\/wp-content\/uploads\/2022\/03\/orizz_bianc.jpg","width":600,"height":159,"caption":"MOTYCS"},"image":{"@id":"https:\/\/motycs.it\/#\/schema\/logo\/image\/"},"sameAs":["https:\/\/www.facebook.com\/motycs\/","https:\/\/www.instagram.com\/motycs.teq\/","https:\/\/www.linkedin.com\/company\/motycs\/","https:\/\/www.pinterest.it\/Motycsdynamometer\/","https:\/\/www.youtube.com\/channel\/UCl_9nwLJn-fMI6UMZVc0tZw"]}]}},"_links":{"self":[{"href":"https:\/\/motycs.it\/pt\/wp-json\/wp\/v2\/product\/994","targetHints":{"allow":["GET"]}}],"collection":[{"href":"https:\/\/motycs.it\/pt\/wp-json\/wp\/v2\/product"}],"about":[{"href":"https:\/\/motycs.it\/pt\/wp-json\/wp\/v2\/types\/product"}],"wp:featuredmedia":[{"embeddable":true,"href":"https:\/\/motycs.it\/pt\/wp-json\/wp\/v2\/media\/902"}],"wp:attachment":[{"href":"https:\/\/motycs.it\/pt\/wp-json\/wp\/v2\/media?parent=994"}],"wp:term":[{"taxonomy":"product_cat","embeddable":true,"href":"https:\/\/motycs.it\/pt\/wp-json\/wp\/v2\/product_cat?post=994"},{"taxonomy":"product_tag","embeddable":true,"href":"https:\/\/motycs.it\/pt\/wp-json\/wp\/v2\/product_tag?post=994"}],"curies":[{"name":"wp","href":"https:\/\/api.w.org\/{rel}","templated":true}]}}