{"id":993,"date":"2022-03-17T18:44:36","date_gmt":"2022-03-17T17:44:36","guid":{"rendered":"https:\/\/motycs.it\/?post_type=product&#038;p=993"},"modified":"2023-05-04T10:41:31","modified_gmt":"2023-05-04T08:41:31","slug":"ventilazione","status":"publish","type":"product","link":"https:\/\/motycs.it\/pt\/product\/ventilacao\/","title":{"rendered":"Ventila\u00e7\u00e3o"},"content":{"rendered":"<p>Todos os sistemas de ventila\u00e7\u00e3o de motores para bancos de ensaio de pot\u00eancia funcionam a 380V.<\/p>\n<p><strong>Concebidos e projectados para diferentes \u00e1reas de aplica\u00e7\u00e3o<\/strong>desde o diagn\u00f3stico de ve\u00edculos na oficina at\u00e9 ao mundo da homologa\u00e7\u00e3o de motores para cumprir regulamentos espec\u00edficos.<\/p>\n<p>Os nossos t\u00e9cnicos orient\u00e1-lo-\u00e3o na escolha da melhor solu\u00e7\u00e3o <strong><a href=\"mailto:info@motycs.it\">info@motycs.it<\/a><\/strong><\/p>\n<h6>INSIGHTS<\/h6>\n<ul>\n<li><strong><a href=\"https:\/\/motycs.it\/pt\/conceitos-basicos-bancadas-de-teste-dinamometro\/\">Descobrir os conceitos b\u00e1sicos dos bancos de ensaio de motores e rolos<\/a><\/strong><\/li>\n<li><strong><a href=\"https:\/\/motycs.it\/pt\/bancos-de-ensaio-4wd\/\">Vantagens dos bancos de ensaio de pot\u00eancia de eixo ligado 4WD<\/a><\/strong><\/li>\n<li><strong><a href=\"https:\/\/motycs.it\/pt\/bancadas-de-potencia-biroll-de-rolo-unico\/\">Bancos de ensaio MONO-roller e BI-roller<\/a><\/strong><\/li>\n<li><a href=\"https:\/\/motycs.it\/pt\/a-prova-de-bancos-com-dissipacao-de-energia\/\"><strong>Dissipa\u00e7\u00e3o de energia<\/strong><\/a><\/li>\n<\/ul>\n<p>&nbsp;<\/p>","protected":false},"excerpt":{"rendered":"<p><strong>Concebemos e constru\u00edmos sistemas de ventila\u00e7\u00e3o e de arrefecimento de motores,<\/strong> concebido para gerar uma corrente de ar (a velocidade constante ou vari\u00e1vel) de elevado caudal, a dirigir para o radiador de arrefecimento frontal do ve\u00edculo, quando em funcionamento no banco de ensaio de rolos.<\/p>\n<p>A fim de permitir que o <strong>dissipa\u00e7\u00e3o de calor adequada<\/strong> e, por conseguinte, a realiza\u00e7\u00e3o segura de ensaios de pot\u00eancia ou de simula\u00e7\u00f5es em estrada (mantendo ao mesmo tempo sob controlo as temperaturas de funcionamento do ve\u00edculo).<\/p>\n<p><strong>Todos os sistemas de ventiladores podem ser controlados pelo banco de ensaio e pelos nossos sistemas de controlo e aquisi\u00e7\u00e3o;<\/strong> tamb\u00e9m com controlo de velocidade proporcional (\u00e0 do ve\u00edculo no banco de rolos).<\/p>\n<p>Est\u00e3o dispon\u00edveis v\u00e1rias vers\u00f5es e configura\u00e7\u00f5es para responder a todas as necessidades:<\/p>\n<ul>\n<li>Modelos de ventilador \u00fanico com caudal reduzido (15.000 ou 25.000 m3\/h)<\/li>\n<li>Modelos de ventilador \u00fanico de caudal elevado (30.000 ou 50.000 m3\/h)<\/li>\n<li>Pot\u00eancia instalada: 2,2 a 11 kW<\/li>\n<li>Bicos c\u00f3nicos com sa\u00edda rectangular (L 600 x A 400 mm)<\/li>\n<li>Opcional: velocidade ajust\u00e1vel (inversor de controlo) tamb\u00e9m no modo de velocidade proporcional<\/li>\n<li>Opcional: carrinho de apoio regul\u00e1vel em altura sobre rodas com trav\u00e3o<\/li>\n<li>Opcional: bocal equipado com rectificador de caudal e suporte retr\u00e1ctil para controlo do caudal sob o ve\u00edculo<\/li>\n<\/ul>","protected":false},"featured_media":1098,"template":"","meta":[],"product_cat":[94],"product_tag":[110,109],"class_list":["post-993","product","type-product","status-publish","has-post-thumbnail","hentry","product_cat-accessori","product_tag-raffreddamento-motore","product_tag-sistemi-di-ventilazione"],"yoast_head":"<!-- This site is optimized with the Yoast SEO plugin v26.5 - https:\/\/yoast.com\/wordpress\/plugins\/seo\/ -->\n<title>Ventilazione - MOTYCS<\/title>\n<meta name=\"description\" content=\"Sistemi di ventilazione e raffreddamento motore per sale prova motori e veicoli. Specificatamente realizzati per i diversi ambiti normativi\" \/>\n<meta name=\"robots\" content=\"index, follow, max-snippet:-1, max-image-preview:large, max-video-preview:-1\" \/>\n<link rel=\"canonical\" href=\"https:\/\/motycs.it\/pt\/product\/ventilacao\/\" \/>\n<meta property=\"og:locale\" content=\"pt_PT\" \/>\n<meta property=\"og:type\" content=\"article\" \/>\n<meta property=\"og:title\" content=\"Ventilazione - MOTYCS\" \/>\n<meta property=\"og:description\" content=\"Sistemi di ventilazione e raffreddamento motore per sale prova motori e veicoli. Specificatamente realizzati per i diversi ambiti normativi\" \/>\n<meta property=\"og:url\" content=\"https:\/\/motycs.it\/pt\/product\/ventilacao\/\" \/>\n<meta property=\"og:site_name\" content=\"MOTYCS\" \/>\n<meta property=\"article:publisher\" content=\"https:\/\/www.facebook.com\/motycs\/\" \/>\n<meta property=\"article:modified_time\" content=\"2023-05-04T08:41:31+00:00\" \/>\n<meta property=\"og:image\" content=\"https:\/\/motycs.it\/wp-content\/uploads\/2022\/03\/h0634hd6.jpg\" \/>\n\t<meta property=\"og:image:width\" content=\"853\" \/>\n\t<meta property=\"og:image:height\" content=\"640\" \/>\n\t<meta property=\"og:image:type\" content=\"image\/jpeg\" \/>\n<meta name=\"twitter:card\" content=\"summary_large_image\" \/>\n<meta name=\"twitter:label1\" content=\"Tempo estimado de leitura\" \/>\n\t<meta name=\"twitter:data1\" content=\"1 minuto\" \/>\n<script type=\"application\/ld+json\" class=\"yoast-schema-graph\">{\"@context\":\"https:\/\/schema.org\",\"@graph\":[{\"@type\":\"WebPage\",\"@id\":\"https:\/\/motycs.it\/product\/ventilazione\/\",\"url\":\"https:\/\/motycs.it\/product\/ventilazione\/\",\"name\":\"Ventilazione - MOTYCS\",\"isPartOf\":{\"@id\":\"https:\/\/motycs.it\/#website\"},\"primaryImageOfPage\":{\"@id\":\"https:\/\/motycs.it\/product\/ventilazione\/#primaryimage\"},\"image\":{\"@id\":\"https:\/\/motycs.it\/product\/ventilazione\/#primaryimage\"},\"thumbnailUrl\":\"https:\/\/motycs.it\/wp-content\/uploads\/2022\/03\/h0634hd6.jpg\",\"datePublished\":\"2022-03-17T17:44:36+00:00\",\"dateModified\":\"2023-05-04T08:41:31+00:00\",\"description\":\"Sistemi di ventilazione e raffreddamento motore per sale prova motori e veicoli. Specificatamente realizzati per i diversi ambiti normativi\",\"breadcrumb\":{\"@id\":\"https:\/\/motycs.it\/product\/ventilazione\/#breadcrumb\"},\"inLanguage\":\"pt-PT\",\"potentialAction\":[{\"@type\":\"ReadAction\",\"target\":[\"https:\/\/motycs.it\/product\/ventilazione\/\"]}]},{\"@type\":\"ImageObject\",\"inLanguage\":\"pt-PT\",\"@id\":\"https:\/\/motycs.it\/product\/ventilazione\/#primaryimage\",\"url\":\"https:\/\/motycs.it\/wp-content\/uploads\/2022\/03\/h0634hd6.jpg\",\"contentUrl\":\"https:\/\/motycs.it\/wp-content\/uploads\/2022\/03\/h0634hd6.jpg\",\"width\":853,\"height\":640,\"caption\":\"dyno fan motycs\"},{\"@type\":\"BreadcrumbList\",\"@id\":\"https:\/\/motycs.it\/product\/ventilazione\/#breadcrumb\",\"itemListElement\":[{\"@type\":\"ListItem\",\"position\":1,\"name\":\"Home\",\"item\":\"https:\/\/motycs.it\/\"},{\"@type\":\"ListItem\",\"position\":2,\"name\":\"Shop\",\"item\":\"https:\/\/motycs.it\/shop\/\"},{\"@type\":\"ListItem\",\"position\":3,\"name\":\"Ventilazione\"}]},{\"@type\":\"WebSite\",\"@id\":\"https:\/\/motycs.it\/#website\",\"url\":\"https:\/\/motycs.it\/\",\"name\":\"MOTYCS\",\"description\":\"\",\"publisher\":{\"@id\":\"https:\/\/motycs.it\/#organization\"},\"potentialAction\":[{\"@type\":\"SearchAction\",\"target\":{\"@type\":\"EntryPoint\",\"urlTemplate\":\"https:\/\/motycs.it\/?s={search_term_string}\"},\"query-input\":{\"@type\":\"PropertyValueSpecification\",\"valueRequired\":true,\"valueName\":\"search_term_string\"}}],\"inLanguage\":\"pt-PT\"},{\"@type\":\"Organization\",\"@id\":\"https:\/\/motycs.it\/#organization\",\"name\":\"MOTYCS\",\"url\":\"https:\/\/motycs.it\/\",\"logo\":{\"@type\":\"ImageObject\",\"inLanguage\":\"pt-PT\",\"@id\":\"https:\/\/motycs.it\/#\/schema\/logo\/image\/\",\"url\":\"https:\/\/motycs.it\/wp-content\/uploads\/2022\/03\/orizz_bianc.jpg\",\"contentUrl\":\"https:\/\/motycs.it\/wp-content\/uploads\/2022\/03\/orizz_bianc.jpg\",\"width\":600,\"height\":159,\"caption\":\"MOTYCS\"},\"image\":{\"@id\":\"https:\/\/motycs.it\/#\/schema\/logo\/image\/\"},\"sameAs\":[\"https:\/\/www.facebook.com\/motycs\/\",\"https:\/\/www.instagram.com\/motycs.teq\/\",\"https:\/\/www.linkedin.com\/company\/motycs\/\",\"https:\/\/www.pinterest.it\/Motycsdynamometer\/\",\"https:\/\/www.youtube.com\/channel\/UCl_9nwLJn-fMI6UMZVc0tZw\"]}]}<\/script>\n<!-- \/ Yoast SEO plugin. -->","yoast_head_json":{"title":"Ventila\u00e7\u00e3o - MOTYCS","description":"Sistemas de ventila\u00e7\u00e3o e arrefecimento de motores para salas de ensaio de motores e ve\u00edculos. Especificamente fabricados para diferentes","robots":{"index":"index","follow":"follow","max-snippet":"max-snippet:-1","max-image-preview":"max-image-preview:large","max-video-preview":"max-video-preview:-1"},"canonical":"https:\/\/motycs.it\/pt\/product\/ventilacao\/","og_locale":"pt_PT","og_type":"article","og_title":"Ventilazione - MOTYCS","og_description":"Sistemi di ventilazione e raffreddamento motore per sale prova motori e veicoli. Specificatamente realizzati per i diversi ambiti normativi","og_url":"https:\/\/motycs.it\/pt\/product\/ventilacao\/","og_site_name":"MOTYCS","article_publisher":"https:\/\/www.facebook.com\/motycs\/","article_modified_time":"2023-05-04T08:41:31+00:00","og_image":[{"width":853,"height":640,"url":"https:\/\/motycs.it\/wp-content\/uploads\/2022\/03\/h0634hd6.jpg","type":"image\/jpeg"}],"twitter_card":"summary_large_image","twitter_misc":{"Tempo estimado de leitura":"1 minuto"},"schema":{"@context":"https:\/\/schema.org","@graph":[{"@type":"WebPage","@id":"https:\/\/motycs.it\/product\/ventilazione\/","url":"https:\/\/motycs.it\/product\/ventilazione\/","name":"Ventila\u00e7\u00e3o - MOTYCS","isPartOf":{"@id":"https:\/\/motycs.it\/#website"},"primaryImageOfPage":{"@id":"https:\/\/motycs.it\/product\/ventilazione\/#primaryimage"},"image":{"@id":"https:\/\/motycs.it\/product\/ventilazione\/#primaryimage"},"thumbnailUrl":"https:\/\/motycs.it\/wp-content\/uploads\/2022\/03\/h0634hd6.jpg","datePublished":"2022-03-17T17:44:36+00:00","dateModified":"2023-05-04T08:41:31+00:00","description":"Sistemas de ventila\u00e7\u00e3o e arrefecimento de motores para salas de ensaio de motores e ve\u00edculos. Especificamente fabricados para diferentes","breadcrumb":{"@id":"https:\/\/motycs.it\/product\/ventilazione\/#breadcrumb"},"inLanguage":"pt-PT","potentialAction":[{"@type":"ReadAction","target":["https:\/\/motycs.it\/product\/ventilazione\/"]}]},{"@type":"ImageObject","inLanguage":"pt-PT","@id":"https:\/\/motycs.it\/product\/ventilazione\/#primaryimage","url":"https:\/\/motycs.it\/wp-content\/uploads\/2022\/03\/h0634hd6.jpg","contentUrl":"https:\/\/motycs.it\/wp-content\/uploads\/2022\/03\/h0634hd6.jpg","width":853,"height":640,"caption":"dyno fan motycs"},{"@type":"BreadcrumbList","@id":"https:\/\/motycs.it\/product\/ventilazione\/#breadcrumb","itemListElement":[{"@type":"ListItem","position":1,"name":"Home","item":"https:\/\/motycs.it\/"},{"@type":"ListItem","position":2,"name":"Shop","item":"https:\/\/motycs.it\/shop\/"},{"@type":"ListItem","position":3,"name":"Ventilazione"}]},{"@type":"WebSite","@id":"https:\/\/motycs.it\/#website","url":"https:\/\/motycs.it\/","name":"MOTYCS","description":"","publisher":{"@id":"https:\/\/motycs.it\/#organization"},"potentialAction":[{"@type":"SearchAction","target":{"@type":"EntryPoint","urlTemplate":"https:\/\/motycs.it\/?s={search_term_string}"},"query-input":{"@type":"PropertyValueSpecification","valueRequired":true,"valueName":"search_term_string"}}],"inLanguage":"pt-PT"},{"@type":"Organization","@id":"https:\/\/motycs.it\/#organization","name":"MOTYCS","url":"https:\/\/motycs.it\/","logo":{"@type":"ImageObject","inLanguage":"pt-PT","@id":"https:\/\/motycs.it\/#\/schema\/logo\/image\/","url":"https:\/\/motycs.it\/wp-content\/uploads\/2022\/03\/orizz_bianc.jpg","contentUrl":"https:\/\/motycs.it\/wp-content\/uploads\/2022\/03\/orizz_bianc.jpg","width":600,"height":159,"caption":"MOTYCS"},"image":{"@id":"https:\/\/motycs.it\/#\/schema\/logo\/image\/"},"sameAs":["https:\/\/www.facebook.com\/motycs\/","https:\/\/www.instagram.com\/motycs.teq\/","https:\/\/www.linkedin.com\/company\/motycs\/","https:\/\/www.pinterest.it\/Motycsdynamometer\/","https:\/\/www.youtube.com\/channel\/UCl_9nwLJn-fMI6UMZVc0tZw"]}]}},"_links":{"self":[{"href":"https:\/\/motycs.it\/pt\/wp-json\/wp\/v2\/product\/993","targetHints":{"allow":["GET"]}}],"collection":[{"href":"https:\/\/motycs.it\/pt\/wp-json\/wp\/v2\/product"}],"about":[{"href":"https:\/\/motycs.it\/pt\/wp-json\/wp\/v2\/types\/product"}],"wp:featuredmedia":[{"embeddable":true,"href":"https:\/\/motycs.it\/pt\/wp-json\/wp\/v2\/media\/1098"}],"wp:attachment":[{"href":"https:\/\/motycs.it\/pt\/wp-json\/wp\/v2\/media?parent=993"}],"wp:term":[{"taxonomy":"product_cat","embeddable":true,"href":"https:\/\/motycs.it\/pt\/wp-json\/wp\/v2\/product_cat?post=993"},{"taxonomy":"product_tag","embeddable":true,"href":"https:\/\/motycs.it\/pt\/wp-json\/wp\/v2\/product_tag?post=993"}],"curies":[{"name":"wp","href":"https:\/\/api.w.org\/{rel}","templated":true}]}}