{"id":989,"date":"2022-03-17T18:39:40","date_gmt":"2022-03-17T17:39:40","guid":{"rendered":"https:\/\/motycs.it\/?post_type=product&#038;p=989"},"modified":"2024-06-29T22:41:05","modified_gmt":"2024-06-29T20:41:05","slug":"banchi-prova-motore","status":"publish","type":"product","link":"https:\/\/motycs.it\/pt\/product\/bancadas-de-homologacao\/","title":{"rendered":"Bancos de ensaio de motores"},"content":{"rendered":"<div class=\"page\" title=\"P\u00e1gina 7\">\n<div class=\"section\">\n<div class=\"layoutArea\">\n<div class=\"column\">\n<p>FUNCIONALIDADE DO NOSSO SISTEMA DE CONTROLO DE HOMOLOGA\u00c7\u00c3O<\/p>\n<ul>\n<li><strong>gest\u00e3o do PID do trav\u00e3o<\/strong> (rota\u00e7\u00f5es, bin\u00e1rio, percentagem) feedback em 3ms com preditor<\/li>\n<li><strong>gest\u00e3o do PID do acelerador<\/strong> (rota\u00e7\u00f5es, bin\u00e1rio, percentagem) feedback em 3 ms com preditor<\/li>\n<li><strong>Gest\u00e3o da temperatura PID<\/strong> (\u00e1gua, \u00f3leo, entrada de ar, ambiente)<\/li>\n<li><strong>Gest\u00e3o da press\u00e3o PID<\/strong> (tamb\u00e9m admiss\u00e3o e escape)<\/li>\n<li>gest\u00e3o da comunica\u00e7\u00e3o atrav\u00e9s de <strong>barramento CAN duplo<\/strong> (UCE, sensores, ...)<\/li>\n<li><strong>gest\u00e3o de alarmes<\/strong> tanto ambiental como da unidade a ensaiar<\/li>\n<li><strong>modularidade<\/strong> para diferentes aplica\u00e7\u00f5es<\/li>\n<li><strong>execu\u00e7\u00e3o de perfis din\u00e2micos<\/strong> para ciclos de homologa\u00e7\u00e3o em banco de ensaio<\/li>\n<li><strong>interface<\/strong> aos programas de controlo<\/li>\n<li><strong>autonomia na personaliza\u00e7\u00e3o das aplica\u00e7\u00f5es<\/strong> (preserva\u00e7\u00e3o do saber-fazer)<\/li>\n<li>configura\u00e7\u00f5es de hardware\/software escal\u00e1veis<\/li>\n<li>or\u00e7amento refor\u00e7ado por etapas progressivas<\/li>\n<\/ul>\n<\/div>\n<\/div>\n<\/div>\n<\/div>","protected":false},"excerpt":{"rendered":"<p><strong>BANCOS DE ENSAIO DE POT\u00caNCIA DE MOTORES POR CORRENTES DE FOUCAULT<\/strong><\/p>\n<p>Concebemos e implementamos <strong>bancos de ensaio de motores e sistemas de controlo e aquisi\u00e7\u00e3o de dados, para salas de ensaio de diagn\u00f3stico e de desporto autom\u00f3vel<\/strong>.<\/p>\n<p>Dom\u00ednios em que coexistem diferentes necessidades, desde <strong>um sistema de controlo e aquisi\u00e7\u00e3o simples e intuitivo<\/strong>, <strong>adequado para aplica\u00e7\u00f5es de diagn\u00f3stico e de desportos motorizados<\/strong>para contextos em que um <strong>integra\u00e7\u00e3o profunda \u00e0s necessidades do cliente, em termos de aquisi\u00e7\u00e3o e gest\u00e3o de dados, visando tamb\u00e9m a integra\u00e7\u00e3o de processos<\/strong>.<\/p>\n<p>Dispomos de v\u00e1rios sistemas de controlo e aquisi\u00e7\u00e3o:<\/p>\n<ul>\n<li><strong>Sistemas de controlo e aquisi\u00e7\u00e3o da produ\u00e7\u00e3o <a href=\"https:\/\/motycs.it\/pt\/product\/teste-de-potencia\/\">SPORT DEVICES<\/a>, <\/strong>para aplica\u00e7\u00f5es de diagn\u00f3stico e de desporto autom\u00f3vel.<\/li>\n<li>Sistemas de controlo e aquisi\u00e7\u00e3o em <strong>Tecnologia National Instruments, plataforma Compact-RIO.<\/strong> O nosso sistema de controlo e aquisi\u00e7\u00e3o tamb\u00e9m se adapta perfeitamente \u00e0 <strong><a href=\"https:\/\/motycs.it\/pt\/product\/homologa\/\">recondicionamento de salas de ensaio existentes<\/a><\/strong>. <strong>Actualmente utilizado em v\u00e1rias realidades de destaque a n\u00edvel nacional<\/strong>, j\u00e1 est\u00e1 <strong>reconhecido pelos organismos competentes como um sistema de aquisi\u00e7\u00e3o para processos de homologa\u00e7\u00e3o <\/strong>em <strong><a href=\"https:\/\/motycs.it\/pt\/sistemas-homologos\/\">diferentes sectores.<\/a><\/strong>.<\/li>\n<\/ul>\n<p><strong>PERSONALIZA\u00c7\u00d5ES<\/strong><br \/>\nTodos os aspectos do software podem ser personalizados, O sistema <strong>pode ser aplicado a qualquer tipo de banco de ensaio, quer se trate de um banco de ensaio de motores ou de rolos<\/strong>. Todos os nossos bancos de ensaio e sistemas de controlo podem beneficiar da <strong>benef\u00edcios da legisla\u00e7\u00e3o relativa \u00e0 Ind\u00fastria 4.0<\/strong>. Podemos tamb\u00e9m fornecer um relat\u00f3rio de peritagem juramentado para apoiar o processamento correcto e melhor da documenta\u00e7\u00e3o.<\/p>\n<p>Descobrir <a href=\"https:\/\/motycs.it\/pt\/sistemas-homologos\/\"><strong>outras caracter\u00edsticas e dom\u00ednios de aplica\u00e7\u00e3o<\/strong><\/a><\/p>","protected":false},"featured_media":1266,"template":"","meta":[],"product_cat":[93],"product_tag":[92],"class_list":["post-989","product","type-product","status-publish","has-post-thumbnail","hentry","product_cat-banchi-prova-potenza","product_tag-prova-potenza-banco-2wd"],"yoast_head":"<!-- This site is optimized with the Yoast SEO plugin v26.5 - https:\/\/yoast.com\/wordpress\/plugins\/seo\/ -->\n<title>banchi prova motore<\/title>\n<meta name=\"description\" content=\"Progettiamo e forniamo banchi prova motore per i settori motorsport ed omologativo. . Contattaci per maggiori informazioni\" \/>\n<meta name=\"robots\" content=\"index, follow, max-snippet:-1, max-image-preview:large, max-video-preview:-1\" \/>\n<link rel=\"canonical\" href=\"https:\/\/motycs.it\/pt\/product\/bancadas-de-homologacao\/\" \/>\n<meta property=\"og:locale\" content=\"pt_PT\" \/>\n<meta property=\"og:type\" content=\"article\" \/>\n<meta property=\"og:title\" content=\"banchi prova motore\" \/>\n<meta property=\"og:description\" content=\"Progettiamo e forniamo banchi prova motore per i settori motorsport ed omologativo. . Contattaci per maggiori informazioni\" \/>\n<meta property=\"og:url\" content=\"https:\/\/motycs.it\/pt\/product\/bancadas-de-homologacao\/\" \/>\n<meta property=\"og:site_name\" content=\"MOTYCS\" \/>\n<meta property=\"article:publisher\" content=\"https:\/\/www.facebook.com\/motycs\/\" \/>\n<meta property=\"article:modified_time\" content=\"2024-06-29T20:41:05+00:00\" \/>\n<meta property=\"og:image\" content=\"https:\/\/motycs.it\/wp-content\/uploads\/2022\/08\/engine-banco-prova-motore-motycs.jpg\" \/>\n\t<meta property=\"og:image:width\" content=\"800\" \/>\n\t<meta property=\"og:image:height\" content=\"800\" \/>\n\t<meta property=\"og:image:type\" content=\"image\/jpeg\" \/>\n<meta name=\"twitter:card\" content=\"summary_large_image\" \/>\n<meta name=\"twitter:label1\" content=\"Tempo estimado de leitura\" \/>\n\t<meta name=\"twitter:data1\" content=\"1 minuto\" \/>\n<script type=\"application\/ld+json\" class=\"yoast-schema-graph\">{\"@context\":\"https:\/\/schema.org\",\"@graph\":[{\"@type\":\"WebPage\",\"@id\":\"https:\/\/motycs.it\/product\/banchi-prova-motore\/\",\"url\":\"https:\/\/motycs.it\/product\/banchi-prova-motore\/\",\"name\":\"banchi prova motore\",\"isPartOf\":{\"@id\":\"https:\/\/motycs.it\/#website\"},\"primaryImageOfPage\":{\"@id\":\"https:\/\/motycs.it\/product\/banchi-prova-motore\/#primaryimage\"},\"image\":{\"@id\":\"https:\/\/motycs.it\/product\/banchi-prova-motore\/#primaryimage\"},\"thumbnailUrl\":\"https:\/\/motycs.it\/wp-content\/uploads\/2022\/08\/engine-banco-prova-motore-motycs.jpg\",\"datePublished\":\"2022-03-17T17:39:40+00:00\",\"dateModified\":\"2024-06-29T20:41:05+00:00\",\"description\":\"Progettiamo e forniamo banchi prova motore per i settori motorsport ed omologativo. . Contattaci per maggiori informazioni\",\"breadcrumb\":{\"@id\":\"https:\/\/motycs.it\/product\/banchi-prova-motore\/#breadcrumb\"},\"inLanguage\":\"pt-PT\",\"potentialAction\":[{\"@type\":\"ReadAction\",\"target\":[\"https:\/\/motycs.it\/product\/banchi-prova-motore\/\"]}]},{\"@type\":\"ImageObject\",\"inLanguage\":\"pt-PT\",\"@id\":\"https:\/\/motycs.it\/product\/banchi-prova-motore\/#primaryimage\",\"url\":\"https:\/\/motycs.it\/wp-content\/uploads\/2022\/08\/engine-banco-prova-motore-motycs.jpg\",\"contentUrl\":\"https:\/\/motycs.it\/wp-content\/uploads\/2022\/08\/engine-banco-prova-motore-motycs.jpg\",\"width\":800,\"height\":800,\"caption\":\"Il nostro banco prova motori\"},{\"@type\":\"BreadcrumbList\",\"@id\":\"https:\/\/motycs.it\/product\/banchi-prova-motore\/#breadcrumb\",\"itemListElement\":[{\"@type\":\"ListItem\",\"position\":1,\"name\":\"Home\",\"item\":\"https:\/\/motycs.it\/\"},{\"@type\":\"ListItem\",\"position\":2,\"name\":\"Shop\",\"item\":\"https:\/\/motycs.it\/shop\/\"},{\"@type\":\"ListItem\",\"position\":3,\"name\":\"Banchi prova motore\"}]},{\"@type\":\"WebSite\",\"@id\":\"https:\/\/motycs.it\/#website\",\"url\":\"https:\/\/motycs.it\/\",\"name\":\"MOTYCS\",\"description\":\"\",\"publisher\":{\"@id\":\"https:\/\/motycs.it\/#organization\"},\"potentialAction\":[{\"@type\":\"SearchAction\",\"target\":{\"@type\":\"EntryPoint\",\"urlTemplate\":\"https:\/\/motycs.it\/?s={search_term_string}\"},\"query-input\":{\"@type\":\"PropertyValueSpecification\",\"valueRequired\":true,\"valueName\":\"search_term_string\"}}],\"inLanguage\":\"pt-PT\"},{\"@type\":\"Organization\",\"@id\":\"https:\/\/motycs.it\/#organization\",\"name\":\"MOTYCS\",\"url\":\"https:\/\/motycs.it\/\",\"logo\":{\"@type\":\"ImageObject\",\"inLanguage\":\"pt-PT\",\"@id\":\"https:\/\/motycs.it\/#\/schema\/logo\/image\/\",\"url\":\"https:\/\/motycs.it\/wp-content\/uploads\/2022\/03\/orizz_bianc.jpg\",\"contentUrl\":\"https:\/\/motycs.it\/wp-content\/uploads\/2022\/03\/orizz_bianc.jpg\",\"width\":600,\"height\":159,\"caption\":\"MOTYCS\"},\"image\":{\"@id\":\"https:\/\/motycs.it\/#\/schema\/logo\/image\/\"},\"sameAs\":[\"https:\/\/www.facebook.com\/motycs\/\",\"https:\/\/www.instagram.com\/motycs.teq\/\",\"https:\/\/www.linkedin.com\/company\/motycs\/\",\"https:\/\/www.pinterest.it\/Motycsdynamometer\/\",\"https:\/\/www.youtube.com\/channel\/UCl_9nwLJn-fMI6UMZVc0tZw\"]}]}<\/script>\n<!-- \/ Yoast SEO plugin. -->","yoast_head_json":{"title":"bancos de ensaio de motores","description":"Concebemos e fornecemos bancos de ensaio de motores para os sectores do desporto autom\u00f3vel e da homologa\u00e7\u00e3o. . Contacte-nos para mais informa\u00e7\u00f5es","robots":{"index":"index","follow":"follow","max-snippet":"max-snippet:-1","max-image-preview":"max-image-preview:large","max-video-preview":"max-video-preview:-1"},"canonical":"https:\/\/motycs.it\/pt\/product\/bancadas-de-homologacao\/","og_locale":"pt_PT","og_type":"article","og_title":"banchi prova motore","og_description":"Progettiamo e forniamo banchi prova motore per i settori motorsport ed omologativo. . Contattaci per maggiori informazioni","og_url":"https:\/\/motycs.it\/pt\/product\/bancadas-de-homologacao\/","og_site_name":"MOTYCS","article_publisher":"https:\/\/www.facebook.com\/motycs\/","article_modified_time":"2024-06-29T20:41:05+00:00","og_image":[{"width":800,"height":800,"url":"https:\/\/motycs.it\/wp-content\/uploads\/2022\/08\/engine-banco-prova-motore-motycs.jpg","type":"image\/jpeg"}],"twitter_card":"summary_large_image","twitter_misc":{"Tempo estimado de leitura":"1 minuto"},"schema":{"@context":"https:\/\/schema.org","@graph":[{"@type":"WebPage","@id":"https:\/\/motycs.it\/product\/banchi-prova-motore\/","url":"https:\/\/motycs.it\/product\/banchi-prova-motore\/","name":"bancos de ensaio de motores","isPartOf":{"@id":"https:\/\/motycs.it\/#website"},"primaryImageOfPage":{"@id":"https:\/\/motycs.it\/product\/banchi-prova-motore\/#primaryimage"},"image":{"@id":"https:\/\/motycs.it\/product\/banchi-prova-motore\/#primaryimage"},"thumbnailUrl":"https:\/\/motycs.it\/wp-content\/uploads\/2022\/08\/engine-banco-prova-motore-motycs.jpg","datePublished":"2022-03-17T17:39:40+00:00","dateModified":"2024-06-29T20:41:05+00:00","description":"Concebemos e fornecemos bancos de ensaio de motores para os sectores do desporto autom\u00f3vel e da homologa\u00e7\u00e3o. . Contacte-nos para mais informa\u00e7\u00f5es","breadcrumb":{"@id":"https:\/\/motycs.it\/product\/banchi-prova-motore\/#breadcrumb"},"inLanguage":"pt-PT","potentialAction":[{"@type":"ReadAction","target":["https:\/\/motycs.it\/product\/banchi-prova-motore\/"]}]},{"@type":"ImageObject","inLanguage":"pt-PT","@id":"https:\/\/motycs.it\/product\/banchi-prova-motore\/#primaryimage","url":"https:\/\/motycs.it\/wp-content\/uploads\/2022\/08\/engine-banco-prova-motore-motycs.jpg","contentUrl":"https:\/\/motycs.it\/wp-content\/uploads\/2022\/08\/engine-banco-prova-motore-motycs.jpg","width":800,"height":800,"caption":"Il nostro banco prova motori"},{"@type":"BreadcrumbList","@id":"https:\/\/motycs.it\/product\/banchi-prova-motore\/#breadcrumb","itemListElement":[{"@type":"ListItem","position":1,"name":"Home","item":"https:\/\/motycs.it\/"},{"@type":"ListItem","position":2,"name":"Shop","item":"https:\/\/motycs.it\/shop\/"},{"@type":"ListItem","position":3,"name":"Banchi prova motore"}]},{"@type":"WebSite","@id":"https:\/\/motycs.it\/#website","url":"https:\/\/motycs.it\/","name":"MOTYCS","description":"","publisher":{"@id":"https:\/\/motycs.it\/#organization"},"potentialAction":[{"@type":"SearchAction","target":{"@type":"EntryPoint","urlTemplate":"https:\/\/motycs.it\/?s={search_term_string}"},"query-input":{"@type":"PropertyValueSpecification","valueRequired":true,"valueName":"search_term_string"}}],"inLanguage":"pt-PT"},{"@type":"Organization","@id":"https:\/\/motycs.it\/#organization","name":"MOTYCS","url":"https:\/\/motycs.it\/","logo":{"@type":"ImageObject","inLanguage":"pt-PT","@id":"https:\/\/motycs.it\/#\/schema\/logo\/image\/","url":"https:\/\/motycs.it\/wp-content\/uploads\/2022\/03\/orizz_bianc.jpg","contentUrl":"https:\/\/motycs.it\/wp-content\/uploads\/2022\/03\/orizz_bianc.jpg","width":600,"height":159,"caption":"MOTYCS"},"image":{"@id":"https:\/\/motycs.it\/#\/schema\/logo\/image\/"},"sameAs":["https:\/\/www.facebook.com\/motycs\/","https:\/\/www.instagram.com\/motycs.teq\/","https:\/\/www.linkedin.com\/company\/motycs\/","https:\/\/www.pinterest.it\/Motycsdynamometer\/","https:\/\/www.youtube.com\/channel\/UCl_9nwLJn-fMI6UMZVc0tZw"]}]}},"_links":{"self":[{"href":"https:\/\/motycs.it\/pt\/wp-json\/wp\/v2\/product\/989","targetHints":{"allow":["GET"]}}],"collection":[{"href":"https:\/\/motycs.it\/pt\/wp-json\/wp\/v2\/product"}],"about":[{"href":"https:\/\/motycs.it\/pt\/wp-json\/wp\/v2\/types\/product"}],"wp:featuredmedia":[{"embeddable":true,"href":"https:\/\/motycs.it\/pt\/wp-json\/wp\/v2\/media\/1266"}],"wp:attachment":[{"href":"https:\/\/motycs.it\/pt\/wp-json\/wp\/v2\/media?parent=989"}],"wp:term":[{"taxonomy":"product_cat","embeddable":true,"href":"https:\/\/motycs.it\/pt\/wp-json\/wp\/v2\/product_cat?post=989"},{"taxonomy":"product_tag","embeddable":true,"href":"https:\/\/motycs.it\/pt\/wp-json\/wp\/v2\/product_tag?post=989"}],"curies":[{"name":"wp","href":"https:\/\/api.w.org\/{rel}","templated":true}]}}