{"id":988,"date":"2022-03-17T18:39:10","date_gmt":"2022-03-17T17:39:10","guid":{"rendered":"https:\/\/motycs.it\/?post_type=product&#038;p=988"},"modified":"2023-05-04T10:51:08","modified_gmt":"2023-05-04T08:51:08","slug":"prova-potenza-motocicli","status":"publish","type":"product","link":"https:\/\/motycs.it\/pt\/product\/ensaios-de-potencia-de-motociclos\/","title":{"rendered":"Bancos de ensaio de motos"},"content":{"rendered":"<ul>\n<li>Banco de ensaio de pot\u00eancia de motociclos, rolo \u00fanico.<\/li>\n<li><strong>Dispon\u00edvel em vers\u00f5es com di\u00e2metro de rolo de 320 ou 500 mm<\/strong>, superf\u00edcie serrilhada e pintada<\/li>\n<li><strong>O sistema de controlo e aquisi\u00e7\u00e3o SP5 garante flexibilidade, possibilidades de personaliza\u00e7\u00e3o e actualiza\u00e7\u00f5es gratuitas de software<\/strong>.<\/li>\n<li>O banco est\u00e1 equipado com <strong>sistema de bloqueio das rodas dianteiras<\/strong> e a pedido, <strong>pode ser equipado com acess\u00f3rios adicionais<\/strong>.<\/li>\n<li><strong>Pode ser instalado no p\u00f3dio (sobre o pavimento) ou na fossa<\/strong><\/li>\n<\/ul>\n<h5><strong>OUTRAS CARACTER\u00cdSTICAS MEC\u00c2NICAS<\/strong><\/h5>\n<ul>\n<li>Constru\u00e7\u00e3o mec\u00e2nica de alta resist\u00eancia com chapa de 6\/8 mm, utiliza\u00e7\u00e3o exclusiva de componentes de alta qualidade provenientes da produ\u00e7\u00e3o europeia<\/li>\n<li>Revestimento em p\u00f3<\/li>\n<li>Cor \u00e0 escolha do cliente inclu\u00edda no pre\u00e7o (escala RAL)<\/li>\n<\/ul>\n<h5><strong>CARACTER\u00cdSTICAS DO SOFTWARE DE CONTROLO (Diagn\u00f3stico e prepara\u00e7\u00e3o - <a href=\"https:\/\/motycs.it\/pt\/product\/teste-de-potencia\/\">Modelos de DISPOSITIVOS DESPORTIVOS<\/a>)<\/strong><\/h5>\n<ul>\n<li>Permite <strong>comparar um n\u00famero ilimitado de curvas lidas a partir da base de dados<\/strong>, lidos na base de dados, aos quais \u00e9 atribu\u00edda uma cor diferente. Isto permite avaliar as altera\u00e7\u00f5es e melhorias antes e depois das modifica\u00e7\u00f5es. Um ponteiro autom\u00e1tico mede a diferen\u00e7a entre as curvas ao longo de todo o gr\u00e1fico, para al\u00e9m da medi\u00e7\u00e3o de pontos para cada tipo de curva apresentada.<\/li>\n<li>Factores de correc\u00e7\u00e3o: ISO1585, SAEJ1349, DIN70020, JISD1001, EC95-1, EWG 80\/1269 (permite adicionalmente a correc\u00e7\u00e3o das curvas de acordo com a temperatura de admiss\u00e3o de ar, atrav\u00e9s da interface OBD ou de uma sonda externa)<\/li>\n<li><strong>Possibilidade de comparar os diferentes testes efectuados<\/strong>, sobrepondo-os<\/li>\n<li>A unidade de medida da pot\u00eancia (Kw,Cv) e do bin\u00e1rio (Kg *m, N*m) \u00e9 seleccion\u00e1vel pelo utilizador.<\/li>\n<li><a href=\"https:\/\/www.sportdevices.com\/sportdyno41-whats-new.php\">Actualiza\u00e7\u00f5es de software gratuitas<\/a> e descarreg\u00e1vel directamente do s\u00edtio Web<\/li>\n<li><strong>Modos de teste dispon\u00edveis<\/strong>: Inercial, travagem constante, rampa, simula\u00e7\u00e3o em estrada, estado estacion\u00e1rio, ciclos de homologa\u00e7\u00e3o<\/li>\n<li><strong>Liga\u00e7\u00e3o Ethernet de alta velocidade, CANBUS, Bluetooth (opcional), RS232<\/strong><\/li>\n<li><strong>Interface OBDII do ve\u00edculo<\/strong>, esta\u00e7\u00e3o meteorol\u00f3gica integrada ou externa. <strong>Suporta diferentes modelos de analisadores de gases de escape<\/strong><\/li>\n<li>O sistema implementa um controlo de travagem em \"circuito fechado<\/li>\n<li>Tamb\u00e9m funciona sem computador (controlo remoto)<\/li>\n<li><strong>Controlo remoto do actuador do acelerador, actuador da embraiagem, caixa de velocidades, ventiladores<\/strong> etc. a partir do software para PC.<\/li>\n<\/ul>\n<h5><strong>AQUISI\u00c7\u00c3O DE DADOS<\/strong><\/h5>\n<ul>\n<li>O sistema de <a href=\"https:\/\/motycs.it\/pt\/product\/teste-de-potencia\/\">controlo e aquisi\u00e7\u00e3o SPORTDEVICES<\/a>, oferece <strong>v\u00e1rios canais tamb\u00e9m em retransmiss\u00e3o<\/strong>, dedicado \u00e0 aquisi\u00e7\u00e3o de dados de sensores lambda, de press\u00e3o e de termopares, quer sejam anal\u00f3gicos ou digitais (<strong>o sistema oferece at\u00e9 16 canais<\/strong> na vers\u00e3o standard, expans\u00edvel at\u00e9 112 canais). Pode <strong>gerir de forma aut\u00f3noma os diferentes sistemas de ventila\u00e7\u00e3o da sala de ensaios<\/strong>, com quatro tomadas controladas, configur\u00e1veis e independentes.<\/li>\n<\/ul>\n<h5><strong>TESTES EXECUT\u00c1VEIS<\/strong><\/h5>\n<ul>\n<li>Medi\u00e7\u00f5es de pot\u00eancia (na roda, no veio de transmiss\u00e3o, dissipada)<\/li>\n<li>Ensaio de acelera\u00e7\u00e3o e desacelera\u00e7\u00e3o (Para avaliar o desempenho quando o ve\u00edculo \u00e9 sujeito a cargas externas)<\/li>\n<li>Simula\u00e7\u00e3o em estrada (para verificar o desempenho do ve\u00edculo, tamb\u00e9m com ferramentas de diagn\u00f3stico)<\/li>\n<li>Ensaios por in\u00e9rcia de acelera\u00e7\u00e3o e desacelera\u00e7\u00e3o<\/li>\n<li>Testes por etapas, voltas constantes, testes program\u00e1veis como simula\u00e7\u00e3o de volta\/circuito (ficheiro CSV)<\/li>\n<\/ul>\n<p><a href=\"https:\/\/www.sportdevices.com\/sportdyno.php\" target=\"_blank\" rel=\"noopener\">Descubra aqui <strong>mais informa\u00e7\u00f5es sobre o software de controlo SPORTDYNO<\/strong><\/a> (liga\u00e7\u00e3o ao s\u00edtio Web da Sport Devices em INGL\u00caS)<\/p>\n<p><a href=\"https:\/\/www.sportdevices.com\/download.php\" target=\"_blank\" rel=\"noopener\">Aqui pode descarregar e <strong>instalar a \u00faltima vers\u00e3o dispon\u00edvel<\/strong>, para ver a sua funcionalidade<\/a> (liga\u00e7\u00e3o ao s\u00edtio Web da Sport Devices em INGL\u00caS)<\/p>\n<h6>INSIGHTS<\/h6>\n<ul>\n<li><strong><a href=\"https:\/\/motycs.it\/pt\/conceitos-basicos-bancadas-de-teste-dinamometro\/\">Descobrir os conceitos b\u00e1sicos dos bancos de ensaio de motores e rolos<\/a><\/strong><\/li>\n<li><strong><a href=\"https:\/\/motycs.it\/pt\/bancos-de-ensaio-4wd\/\">Vantagens dos bancos de ensaio de pot\u00eancia de eixo ligado 4WD<\/a><\/strong><\/li>\n<li><strong><a href=\"https:\/\/motycs.it\/pt\/bancadas-de-potencia-biroll-de-rolo-unico\/\">Bancos de ensaio MONO-roller e BI-roller<\/a><\/strong><\/li>\n<li><a href=\"https:\/\/motycs.it\/pt\/a-prova-de-bancos-com-dissipacao-de-energia\/\"><strong>Dissipa\u00e7\u00e3o de energia<\/strong><\/a><\/li>\n<\/ul>","protected":false},"excerpt":{"rendered":"<ul>\n<li>Pot\u00eancia m\u00e1xima <strong>at\u00e9 300 cv<\/strong><\/li>\n<li>Dispon\u00edvel nas vers\u00f5es com <strong>di\u00e2metro do rolo 320 ou 500 mm<\/strong>, superf\u00edcie serrilhada e pintada<\/li>\n<li><strong>1 Trav\u00e3o de correntes de Foucault<\/strong> mod. Klam K-70 com 800 N*m (pode ser instalado no lado esquerdo ou direito)<\/li>\n<li><strong>Ajustar a dist\u00e2ncia entre eixos da pin\u00e7a dianteira<\/strong> Accionado por motor AC (pin\u00e7a pneum\u00e1tica opcional)<\/li>\n<li>Electr\u00f3nica: <a href=\"https:\/\/motycs.it\/pt\/product\/teste-de-potencia\/\">SPORTDEVICES SP5<\/a><\/li>\n<li><strong>Esta\u00e7\u00e3o meteorol\u00f3gica<\/strong><\/li>\n<li><strong>Dimens\u00f5es<\/strong>\u00a0(PERSONALIZ\u00c1VEL a pedido): Comprimento: 2500 mm, Largura: 1200 mm. Altura: 400 mm<\/li>\n<\/ul>","protected":false},"featured_media":1062,"template":"","meta":[],"product_cat":[93],"product_tag":[104,105,103],"class_list":["post-988","product","type-product","status-publish","has-post-thumbnail","hentry","product_cat-banchi-prova-potenza","product_tag-banco-a-rulli-moto","product_tag-banco-prova-motocicli","product_tag-banco-prova-potenza-moto"],"yoast_head":"<!-- This site is optimized with the Yoast SEO plugin v26.5 - https:\/\/yoast.com\/wordpress\/plugins\/seo\/ -->\n<title>Banchi prova per motocicli<\/title>\n<meta name=\"description\" content=\"Banchi prova potenza Sport Devices, a rulli singolo, per motocicli, con rulli da 350 o 500 mm. Sistema di controllo ed acquisizione du ultima generazione\" \/>\n<meta name=\"robots\" content=\"index, follow, max-snippet:-1, max-image-preview:large, max-video-preview:-1\" \/>\n<link rel=\"canonical\" href=\"https:\/\/motycs.it\/pt\/product\/ensaios-de-potencia-de-motociclos\/\" \/>\n<meta property=\"og:locale\" content=\"pt_PT\" \/>\n<meta property=\"og:type\" content=\"article\" \/>\n<meta property=\"og:title\" content=\"Banchi prova per motocicli\" \/>\n<meta property=\"og:description\" content=\"Banchi prova potenza Sport Devices, a rulli singolo, per motocicli, con rulli da 350 o 500 mm. Sistema di controllo ed acquisizione du ultima generazione\" \/>\n<meta property=\"og:url\" content=\"https:\/\/motycs.it\/pt\/product\/ensaios-de-potencia-de-motociclos\/\" \/>\n<meta property=\"og:site_name\" content=\"MOTYCS\" \/>\n<meta property=\"article:publisher\" content=\"https:\/\/www.facebook.com\/motycs\/\" \/>\n<meta property=\"article:modified_time\" content=\"2023-05-04T08:51:08+00:00\" \/>\n<meta property=\"og:image\" content=\"https:\/\/motycs.it\/wp-content\/uploads\/2022\/03\/moto-dyno-motycs.jpg\" \/>\n\t<meta property=\"og:image:width\" content=\"800\" \/>\n\t<meta property=\"og:image:height\" content=\"704\" \/>\n\t<meta property=\"og:image:type\" content=\"image\/jpeg\" \/>\n<meta name=\"twitter:card\" content=\"summary_large_image\" \/>\n<meta name=\"twitter:label1\" content=\"Tempo estimado de leitura\" \/>\n\t<meta name=\"twitter:data1\" content=\"3 minutos\" \/>\n<script type=\"application\/ld+json\" class=\"yoast-schema-graph\">{\"@context\":\"https:\/\/schema.org\",\"@graph\":[{\"@type\":\"WebPage\",\"@id\":\"https:\/\/motycs.it\/product\/prova-potenza-motocicli\/\",\"url\":\"https:\/\/motycs.it\/product\/prova-potenza-motocicli\/\",\"name\":\"Banchi prova per motocicli\",\"isPartOf\":{\"@id\":\"https:\/\/motycs.it\/#website\"},\"primaryImageOfPage\":{\"@id\":\"https:\/\/motycs.it\/product\/prova-potenza-motocicli\/#primaryimage\"},\"image\":{\"@id\":\"https:\/\/motycs.it\/product\/prova-potenza-motocicli\/#primaryimage\"},\"thumbnailUrl\":\"https:\/\/motycs.it\/wp-content\/uploads\/2022\/03\/moto-dyno-motycs.jpg\",\"datePublished\":\"2022-03-17T17:39:10+00:00\",\"dateModified\":\"2023-05-04T08:51:08+00:00\",\"description\":\"Banchi prova potenza Sport Devices, a rulli singolo, per motocicli, con rulli da 350 o 500 mm. Sistema di controllo ed acquisizione du ultima generazione\",\"breadcrumb\":{\"@id\":\"https:\/\/motycs.it\/product\/prova-potenza-motocicli\/#breadcrumb\"},\"inLanguage\":\"pt-PT\",\"potentialAction\":[{\"@type\":\"ReadAction\",\"target\":[\"https:\/\/motycs.it\/product\/prova-potenza-motocicli\/\"]}]},{\"@type\":\"ImageObject\",\"inLanguage\":\"pt-PT\",\"@id\":\"https:\/\/motycs.it\/product\/prova-potenza-motocicli\/#primaryimage\",\"url\":\"https:\/\/motycs.it\/wp-content\/uploads\/2022\/03\/moto-dyno-motycs.jpg\",\"contentUrl\":\"https:\/\/motycs.it\/wp-content\/uploads\/2022\/03\/moto-dyno-motycs.jpg\",\"width\":800,\"height\":704,\"caption\":\"motorcycle dyno motycs\"},{\"@type\":\"BreadcrumbList\",\"@id\":\"https:\/\/motycs.it\/product\/prova-potenza-motocicli\/#breadcrumb\",\"itemListElement\":[{\"@type\":\"ListItem\",\"position\":1,\"name\":\"Home\",\"item\":\"https:\/\/motycs.it\/\"},{\"@type\":\"ListItem\",\"position\":2,\"name\":\"Shop\",\"item\":\"https:\/\/motycs.it\/shop\/\"},{\"@type\":\"ListItem\",\"position\":3,\"name\":\"Banchi prova moto\"}]},{\"@type\":\"WebSite\",\"@id\":\"https:\/\/motycs.it\/#website\",\"url\":\"https:\/\/motycs.it\/\",\"name\":\"MOTYCS\",\"description\":\"\",\"publisher\":{\"@id\":\"https:\/\/motycs.it\/#organization\"},\"potentialAction\":[{\"@type\":\"SearchAction\",\"target\":{\"@type\":\"EntryPoint\",\"urlTemplate\":\"https:\/\/motycs.it\/?s={search_term_string}\"},\"query-input\":{\"@type\":\"PropertyValueSpecification\",\"valueRequired\":true,\"valueName\":\"search_term_string\"}}],\"inLanguage\":\"pt-PT\"},{\"@type\":\"Organization\",\"@id\":\"https:\/\/motycs.it\/#organization\",\"name\":\"MOTYCS\",\"url\":\"https:\/\/motycs.it\/\",\"logo\":{\"@type\":\"ImageObject\",\"inLanguage\":\"pt-PT\",\"@id\":\"https:\/\/motycs.it\/#\/schema\/logo\/image\/\",\"url\":\"https:\/\/motycs.it\/wp-content\/uploads\/2022\/03\/orizz_bianc.jpg\",\"contentUrl\":\"https:\/\/motycs.it\/wp-content\/uploads\/2022\/03\/orizz_bianc.jpg\",\"width\":600,\"height\":159,\"caption\":\"MOTYCS\"},\"image\":{\"@id\":\"https:\/\/motycs.it\/#\/schema\/logo\/image\/\"},\"sameAs\":[\"https:\/\/www.facebook.com\/motycs\/\",\"https:\/\/www.instagram.com\/motycs.teq\/\",\"https:\/\/www.linkedin.com\/company\/motycs\/\",\"https:\/\/www.pinterest.it\/Motycsdynamometer\/\",\"https:\/\/www.youtube.com\/channel\/UCl_9nwLJn-fMI6UMZVc0tZw\"]}]}<\/script>\n<!-- \/ Yoast SEO plugin. -->","yoast_head_json":{"title":"Bancos de ensaio de motos","description":"Bancos de ensaio de pot\u00eancia Sport Devices, de um rolo, para motas, com rolos de 350 ou 500 mm. Sistema de controlo e aquisi\u00e7\u00e3o de \u00faltima gera\u00e7\u00e3o","robots":{"index":"index","follow":"follow","max-snippet":"max-snippet:-1","max-image-preview":"max-image-preview:large","max-video-preview":"max-video-preview:-1"},"canonical":"https:\/\/motycs.it\/pt\/product\/ensaios-de-potencia-de-motociclos\/","og_locale":"pt_PT","og_type":"article","og_title":"Banchi prova per motocicli","og_description":"Banchi prova potenza Sport Devices, a rulli singolo, per motocicli, con rulli da 350 o 500 mm. Sistema di controllo ed acquisizione du ultima generazione","og_url":"https:\/\/motycs.it\/pt\/product\/ensaios-de-potencia-de-motociclos\/","og_site_name":"MOTYCS","article_publisher":"https:\/\/www.facebook.com\/motycs\/","article_modified_time":"2023-05-04T08:51:08+00:00","og_image":[{"width":800,"height":704,"url":"https:\/\/motycs.it\/wp-content\/uploads\/2022\/03\/moto-dyno-motycs.jpg","type":"image\/jpeg"}],"twitter_card":"summary_large_image","twitter_misc":{"Tempo estimado de leitura":"3 minutos"},"schema":{"@context":"https:\/\/schema.org","@graph":[{"@type":"WebPage","@id":"https:\/\/motycs.it\/product\/prova-potenza-motocicli\/","url":"https:\/\/motycs.it\/product\/prova-potenza-motocicli\/","name":"Bancos de ensaio de motos","isPartOf":{"@id":"https:\/\/motycs.it\/#website"},"primaryImageOfPage":{"@id":"https:\/\/motycs.it\/product\/prova-potenza-motocicli\/#primaryimage"},"image":{"@id":"https:\/\/motycs.it\/product\/prova-potenza-motocicli\/#primaryimage"},"thumbnailUrl":"https:\/\/motycs.it\/wp-content\/uploads\/2022\/03\/moto-dyno-motycs.jpg","datePublished":"2022-03-17T17:39:10+00:00","dateModified":"2023-05-04T08:51:08+00:00","description":"Bancos de ensaio de pot\u00eancia Sport Devices, de um rolo, para motas, com rolos de 350 ou 500 mm. Sistema de controlo e aquisi\u00e7\u00e3o de \u00faltima gera\u00e7\u00e3o","breadcrumb":{"@id":"https:\/\/motycs.it\/product\/prova-potenza-motocicli\/#breadcrumb"},"inLanguage":"pt-PT","potentialAction":[{"@type":"ReadAction","target":["https:\/\/motycs.it\/product\/prova-potenza-motocicli\/"]}]},{"@type":"ImageObject","inLanguage":"pt-PT","@id":"https:\/\/motycs.it\/product\/prova-potenza-motocicli\/#primaryimage","url":"https:\/\/motycs.it\/wp-content\/uploads\/2022\/03\/moto-dyno-motycs.jpg","contentUrl":"https:\/\/motycs.it\/wp-content\/uploads\/2022\/03\/moto-dyno-motycs.jpg","width":800,"height":704,"caption":"motorcycle dyno motycs"},{"@type":"BreadcrumbList","@id":"https:\/\/motycs.it\/product\/prova-potenza-motocicli\/#breadcrumb","itemListElement":[{"@type":"ListItem","position":1,"name":"Home","item":"https:\/\/motycs.it\/"},{"@type":"ListItem","position":2,"name":"Shop","item":"https:\/\/motycs.it\/shop\/"},{"@type":"ListItem","position":3,"name":"Banchi prova moto"}]},{"@type":"WebSite","@id":"https:\/\/motycs.it\/#website","url":"https:\/\/motycs.it\/","name":"MOTYCS","description":"","publisher":{"@id":"https:\/\/motycs.it\/#organization"},"potentialAction":[{"@type":"SearchAction","target":{"@type":"EntryPoint","urlTemplate":"https:\/\/motycs.it\/?s={search_term_string}"},"query-input":{"@type":"PropertyValueSpecification","valueRequired":true,"valueName":"search_term_string"}}],"inLanguage":"pt-PT"},{"@type":"Organization","@id":"https:\/\/motycs.it\/#organization","name":"MOTYCS","url":"https:\/\/motycs.it\/","logo":{"@type":"ImageObject","inLanguage":"pt-PT","@id":"https:\/\/motycs.it\/#\/schema\/logo\/image\/","url":"https:\/\/motycs.it\/wp-content\/uploads\/2022\/03\/orizz_bianc.jpg","contentUrl":"https:\/\/motycs.it\/wp-content\/uploads\/2022\/03\/orizz_bianc.jpg","width":600,"height":159,"caption":"MOTYCS"},"image":{"@id":"https:\/\/motycs.it\/#\/schema\/logo\/image\/"},"sameAs":["https:\/\/www.facebook.com\/motycs\/","https:\/\/www.instagram.com\/motycs.teq\/","https:\/\/www.linkedin.com\/company\/motycs\/","https:\/\/www.pinterest.it\/Motycsdynamometer\/","https:\/\/www.youtube.com\/channel\/UCl_9nwLJn-fMI6UMZVc0tZw"]}]}},"_links":{"self":[{"href":"https:\/\/motycs.it\/pt\/wp-json\/wp\/v2\/product\/988","targetHints":{"allow":["GET"]}}],"collection":[{"href":"https:\/\/motycs.it\/pt\/wp-json\/wp\/v2\/product"}],"about":[{"href":"https:\/\/motycs.it\/pt\/wp-json\/wp\/v2\/types\/product"}],"wp:featuredmedia":[{"embeddable":true,"href":"https:\/\/motycs.it\/pt\/wp-json\/wp\/v2\/media\/1062"}],"wp:attachment":[{"href":"https:\/\/motycs.it\/pt\/wp-json\/wp\/v2\/media?parent=988"}],"wp:term":[{"taxonomy":"product_cat","embeddable":true,"href":"https:\/\/motycs.it\/pt\/wp-json\/wp\/v2\/product_cat?post=988"},{"taxonomy":"product_tag","embeddable":true,"href":"https:\/\/motycs.it\/pt\/wp-json\/wp\/v2\/product_tag?post=988"}],"curies":[{"name":"wp","href":"https:\/\/api.w.org\/{rel}","templated":true}]}}