{"id":963,"date":"2022-03-15T19:27:48","date_gmt":"2022-03-15T18:27:48","guid":{"rendered":"https:\/\/motycs.it\/?post_type=product&#038;p=963"},"modified":"2023-06-02T20:43:54","modified_gmt":"2023-06-02T18:43:54","slug":"prova-potenza-2wd","status":"publish","type":"product","link":"https:\/\/motycs.it\/pt\/product\/teste-de-potencia-2wd\/","title":{"rendered":"Bancos de ensaio 2WD"},"content":{"rendered":"<ul>\n<li><strong>Constru\u00e7\u00e3o mec\u00e2nica de alta resist\u00eancia<\/strong>, com chapa de 6\/8 mm, utiliza\u00e7\u00e3o exclusiva de componentes de alta qualidade provenientes da produ\u00e7\u00e3o europeia<\/li>\n<li><a href=\"https:\/\/motycs.it\/pt\/product\/teste-de-potencia-4wd\/\"><strong>Pode ser convertido num banco de ensaio 4wd<\/strong><\/a>, adicionar os elementos necess\u00e1rios numa fase posterior (investimento progressivo)<\/li>\n<li><strong>Preparado para a futura instala\u00e7\u00e3o do <a href=\"https:\/\/motycs.it\/pt\/bancos-de-ensaio-4wd\/\" target=\"_blank\" rel=\"noopener\">liga\u00e7\u00e3o mec\u00e2nica dos eixos<\/a> com junta universal<\/strong><\/li>\n<li><strong>O potente trav\u00e3o de corrente de Foucault de 2.600 N permite longas sess\u00f5es de teste <\/strong>sem sobreaquecimento<\/li>\n<li>Oferece como acess\u00f3rio, o <strong>rolos adicionais de apoio e de posicionamento do ve\u00edculo<\/strong>, no eixo dianteiro para facilitar a carga\/descarga dos ve\u00edculos<\/li>\n<li><strong>Cor \u00e0 escolha do cliente inclu\u00edda<\/strong> (escala RAL)<\/li>\n<li>Pode ser <strong>instalado no orif\u00edcio ou no p\u00f3dio<\/strong> (sobre o pavimento)<\/li>\n<li><strong>Revestimento em p\u00f3<\/strong><\/li>\n<\/ul>\n<h5><strong>CARACTER\u00cdSTICAS DO SOFTWARE DE CONTROLO (Diagn\u00f3stico e prepara\u00e7\u00e3o - <a href=\"https:\/\/motycs.it\/pt\/product\/teste-de-potencia\/\">Modelos de DISPOSITIVOS DESPORTIVOS<\/a>)<\/strong><\/h5>\n<p>O sistema de controlo SP5 \u00e9 <strong>entre os mais avan\u00e7ados do mercado<\/strong>. Um produto evolu\u00eddo, <strong>continuamente actualizados de acordo com as necessidades dos nossos clientes:<\/strong><\/p>\n<ul>\n<li><strong><a href=\"https:\/\/www.sportdevices.com\/sportdyno41-whats-new.php\">Actualiza\u00e7\u00f5es de software gratuitas<\/a> <\/strong>e pode ser descarregado directamente do s\u00edtio Web da Sport Devices.<\/li>\n<li>Modos de teste dispon\u00edveis: <strong>Inercial, travagem constante, rampa, simula\u00e7\u00e3o rodovi\u00e1ria, estado estacion\u00e1rio, ciclos de condu\u00e7\u00e3o.<\/strong><\/li>\n<li>Permite <strong>comparar um n\u00famero ilimitado de curvas<\/strong> lidos na base de dados, aos quais \u00e9 atribu\u00edda uma cor diferente. Isto permite avaliar as altera\u00e7\u00f5es e melhorias antes e depois das modifica\u00e7\u00f5es. Um ponteiro autom\u00e1tico mede a diferen\u00e7a entre as curvas ao longo de todo o gr\u00e1fico, para al\u00e9m da medi\u00e7\u00e3o de pontos para cada tipo de curva apresentada.<\/li>\n<li><strong>Calcular e apresentar m\u00e9dias entre testes<\/strong> ou dentro de um intervalo espec\u00edfico.<\/li>\n<li><strong>At\u00e9<\/strong> <strong>3 ecr\u00e3s em TEMPO REAL<\/strong> (\u00c9 necess\u00e1rio um PC com placa gr\u00e1fica dedicada).<\/li>\n<li><strong>Factores de correc\u00e7\u00e3o<\/strong>(Tamb\u00e9m permite a correc\u00e7\u00e3o das curvas em fun\u00e7\u00e3o da temperatura do ar de admiss\u00e3o, atrav\u00e9s da interface OBD ou de uma sonda externa).<\/li>\n<li><strong>Unidades de medida de pot\u00eancia<\/strong> (Kw,hp), o bin\u00e1rio (Kg *m, N*m) \u00e9 seleccion\u00e1vel pelo utilizador.<\/li>\n<li><strong>Estimativa configur\u00e1vel das rela\u00e7\u00f5es de transmiss\u00e3o:<\/strong> Pin\u00e7a do motor, OBDII \/ xDS \/ ECU, ou estimativa baseada no conta-rota\u00e7\u00f5es do ve\u00edculo.<\/li>\n<li><strong>Canais anal\u00f3gicos totalmente configur\u00e1veis<\/strong>, quer escala\/deslocamento ou utilizando uma tabela de interpola\u00e7\u00e3o.<\/li>\n<li>Liga\u00e7\u00e3o <strong>Ethernet de alta velocidade, CANBUS, Bluetooth (opcional), RS232<\/strong>.<\/li>\n<li><strong>Interface OBDII do ve\u00edculo, <\/strong>esta\u00e7\u00e3o meteorol\u00f3gica integrada ou externa.<\/li>\n<li><strong>Suporta diferentes modelos de analisadores de gases de escape.<\/strong><\/li>\n<li>O sistema implementa um <strong>controlo dos trav\u00f5es em \"circuito fechado<\/strong>. Tamb\u00e9m funciona sem computador (controlo remoto).<\/li>\n<li><strong>Controlo remoto do actuador do acelerador, actuador da embraiagem, caixa de velocidades, ventiladores<\/strong> etc. a partir do software para PC.<\/li>\n<li><strong>V\u00e1rias op\u00e7\u00f5es para configurar o processo de c\u00e1lculo<\/strong> de pot\u00eancia para as caracter\u00edsticas do ve\u00edculo, tais como:\n<ul>\n<li>Desactiva\u00e7\u00e3o da c\u00e9lula de carga durante a desacelera\u00e7\u00e3o<\/li>\n<li>Filtro de embraiagem m\u00e1ximo: permite soltar a embraiagem para alguns ve\u00edculos, optimizando a sua gest\u00e3o<\/li>\n<\/ul>\n<\/li>\n<li><strong>Fun\u00e7\u00e3o de alarme<\/strong> (supervis\u00e3o do canal).<\/li>\n<li><strong>Interface dispon\u00edvel em 10 idiomas<\/strong>incluindo o italiano.<\/li>\n<\/ul>\n<h6><strong>AQUISI\u00c7\u00c3O DE DADOS<\/strong><\/h6>\n<ul>\n<li>O sistema de controlo e aquisi\u00e7\u00e3o Sport Devices oferece v\u00e1rios <strong>canais tamb\u00e9m em rel\u00e9, dedicados \u00e0 aquisi\u00e7\u00e3o de dados a partir de sondas lambda, de press\u00e3o, de termopares, anal\u00f3gicos ou digitais, <\/strong>o sistema oferece <strong>at\u00e9 24 canais, expans\u00edvel com gravadores externos at\u00e9 112 canais.<\/strong><\/li>\n<li><strong>Pode tratar<\/strong> independentemente o <strong>sistemas de ventila\u00e7\u00e3o na sala de ensaios, gra\u00e7as a 4 sa\u00eddas controladas, configur\u00e1veis e independentes.<\/strong><\/li>\n<li><strong>At\u00e9 16 canais calculados pelo utilizador.<\/strong> A fun\u00e7\u00e3o de patinagem das rodas (com base no canal de rota\u00e7\u00e3o do motor).<\/li>\n<li><strong>Correc\u00e7\u00e3o do lambda alvo<\/strong> , <strong>efici\u00eancia energ\u00e9tica (em motores el\u00e9ctricos)<\/strong> pode ser automatizado.<\/li>\n<\/ul>\n<h6><strong>TESTES EXECUT\u00c1VEIS<\/strong><\/h6>\n<ul>\n<li><strong>Medi\u00e7\u00f5es de pot\u00eancia<\/strong> (Na roda, no veio de transmiss\u00e3o, dissipar).<\/li>\n<li><strong>Teste de acelera\u00e7\u00e3o e desacelera\u00e7\u00e3o<\/strong> (Para avaliar o desempenho quando o ve\u00edculo \u00e9 sujeito a cargas externas).<\/li>\n<li><strong>Simula\u00e7\u00e3o de estrada<\/strong> (Para verificar o desempenho do ve\u00edculo, incluindo com ferramentas de diagn\u00f3stico).<\/li>\n<li><strong>Ensaios por in\u00e9rcia<\/strong> de acelera\u00e7\u00e3o e desacelera\u00e7\u00e3o.<\/li>\n<li><strong>Testes por passos, rota\u00e7\u00f5es constantes, testes program\u00e1veis<\/strong> como simula\u00e7\u00e3o de volta\/circuito (ficheiro CSV).<\/li>\n<\/ul>\n<p><strong><a href=\"https:\/\/motycs.it\/pt\/product\/teste-de-potencia-4wd\/\">Descubra os bancos de ensaio de pot\u00eancia 4\u00d74 com eixos ligados<\/a><\/strong><\/p>\n<h6>INSIGHTS<\/h6>\n<ul>\n<li style=\"list-style-type: none;\">\n<ul>\n<li><strong><a href=\"https:\/\/motycs.it\/pt\/conceitos-basicos-bancadas-de-teste-dinamometro\/\">Conceitos b\u00e1sicos de bancos de ensaio de motores e rolos<\/a><\/strong><\/li>\n<li><strong><a href=\"https:\/\/motycs.it\/pt\/bancos-de-ensaio-4wd\/\">Vantagens dos bancos de ensaio de pot\u00eancia de eixo ligado 4WD<\/a><\/strong><\/li>\n<li><a href=\"https:\/\/motycs.it\/pt\/bancadas-de-potencia-biroll-de-rolo-unico\/\"><strong>Qual \u00e9 a import\u00e2ncia do di\u00e2metro do rolo?<\/strong><\/a><\/li>\n<li><strong><a href=\"https:\/\/motycs.it\/pt\/bancadas-de-potencia-biroll-de-rolo-unico\/\">Bancos de ensaio MONO-roller e BI-roller<\/a><\/strong><\/li>\n<li><a href=\"https:\/\/motycs.it\/pt\/a-prova-de-bancos-com-dissipacao-de-energia\/\"><strong>Dissipa\u00e7\u00e3o de energia<\/strong><\/a><\/li>\n<li><strong><a href=\"https:\/\/www.sportdevices.com\/sportdyno.php\">Mais informa\u00e7\u00f5es sobre o software de controlo SPORTDYNO<\/a> (liga\u00e7\u00e3o ao s\u00edtio Web da Sport Devices em INGL\u00caS)<\/strong><\/li>\n<li><strong><a href=\"https:\/\/www.sportdevices.com\/download.php\" target=\"_blank\" rel=\"noopener\">Descarregue e instale a \u00faltima vers\u00e3o dispon\u00edvel do SPORTDYNO SW<\/a>,<\/strong> <strong>para ver a sua funcionalidade<\/strong><\/li>\n<\/ul>\n<\/li>\n<\/ul>","protected":false},"excerpt":{"rendered":"<p><strong>Bancos de ensaio el\u00e9ctricos 2WD, um rolo<\/strong>, com rolos serrilhados na superf\u00edcie, <strong>dispon\u00edvel em vers\u00f5es:<\/strong><\/p>\n<ul>\n<li><strong>Rolos de 500 mm - velocidade m\u00e1xima 330 km\/h<\/strong><\/li>\n<li><strong>Rolos de 635 mm - velocidade m\u00e1xima 420 km\/h<\/strong><\/li>\n<\/ul>\n<h5>CARACTER\u00cdSTICAS PRINCIPAIS<\/h5>\n<ul>\n<li><strong>Preparado <\/strong>em <strong><a href=\"https:\/\/motycs.it\/pt\/bancos-de-ensaio-4wd\/\" target=\"_blank\" rel=\"noopener\">liga\u00e7\u00e3o mec\u00e2nica dos eixos<\/a> <\/strong>\u00e0 frente e atr\u00e1s<\/li>\n<li><strong>Potente trav\u00e3o por correntes de Foucault, 2.600 N<\/strong>, permite longas sess\u00f5es de teste.<\/li>\n<li><a href=\"https:\/\/motycs.it\/pt\/product\/teste-de-potencia\/\"><strong>Sistema de controlo e aquisi\u00e7\u00e3o SP5<\/strong><\/a>, <strong>actualiza\u00e7\u00f5es SW gratuitas<\/strong>.<\/li>\n<li>SW de controlo moderno com janelas e puxadores m\u00f3veis <strong>at\u00e9 3 ecr\u00e3s em tempo real.<\/strong><\/li>\n<li><strong>Rolos de suporte e posicionamento de ve\u00edculos<\/strong> (di\u00e2metro 200 mm)<\/li>\n<li>Pode <strong>utiliza\u00e7\u00e3o em ambas as direc\u00e7\u00f5es<\/strong> (direc\u00e7\u00e3o de rota\u00e7\u00e3o do rolo)<\/li>\n<\/ul>\n<p><a href=\"https:\/\/motycs.it\/pt\/bancadas-de-potencia-biroll-de-rolo-unico\/\"><strong>Descubra a import\u00e2ncia do di\u00e2metro dos rolos num banco de ensaio autom\u00f3vel<\/strong><\/a><\/p>","protected":false},"featured_media":1154,"template":"","meta":[],"product_cat":[93],"product_tag":[98,97,92],"class_list":["post-963","product","type-product","status-publish","has-post-thumbnail","hentry","product_cat-banchi-prova-potenza","product_tag-banco-a-rulli-2wd","product_tag-banco-prova-2wd","product_tag-prova-potenza-banco-2wd"],"yoast_head":"<!-- This site is optimized with the Yoast SEO plugin v26.5 - https:\/\/yoast.com\/wordpress\/plugins\/seo\/ -->\n<title>banchi prova 2wd<\/title>\n<meta name=\"description\" content=\"Banchi prova potenza a rulli per autoveicoli di produzione Sport Devices. Banchi di ultima generazione, predisposti al collegamento meccanico degli assi.\" \/>\n<meta name=\"robots\" content=\"index, follow, max-snippet:-1, max-image-preview:large, max-video-preview:-1\" \/>\n<link rel=\"canonical\" href=\"https:\/\/motycs.it\/pt\/product\/teste-de-potencia-2wd\/\" \/>\n<meta property=\"og:locale\" content=\"pt_PT\" \/>\n<meta property=\"og:type\" content=\"article\" \/>\n<meta property=\"og:title\" content=\"banchi prova 2wd\" \/>\n<meta property=\"og:description\" content=\"Banchi prova potenza a rulli per autoveicoli di produzione Sport Devices. Banchi di ultima generazione, predisposti al collegamento meccanico degli assi.\" \/>\n<meta property=\"og:url\" content=\"https:\/\/motycs.it\/pt\/product\/teste-de-potencia-2wd\/\" \/>\n<meta property=\"og:site_name\" content=\"MOTYCS\" \/>\n<meta property=\"article:publisher\" content=\"https:\/\/www.facebook.com\/motycs\/\" \/>\n<meta property=\"article:modified_time\" content=\"2023-06-02T18:43:54+00:00\" \/>\n<meta property=\"og:image\" content=\"https:\/\/motycs.it\/wp-content\/uploads\/2022\/03\/admtech-motycs-2wd-dynamometer.jpg\" \/>\n\t<meta property=\"og:image:width\" content=\"1920\" \/>\n\t<meta property=\"og:image:height\" content=\"1440\" \/>\n\t<meta property=\"og:image:type\" content=\"image\/jpeg\" \/>\n<meta name=\"twitter:card\" content=\"summary_large_image\" \/>\n<meta name=\"twitter:label1\" content=\"Tempo estimado de leitura\" \/>\n\t<meta name=\"twitter:data1\" content=\"3 minutos\" \/>\n<script type=\"application\/ld+json\" class=\"yoast-schema-graph\">{\"@context\":\"https:\/\/schema.org\",\"@graph\":[{\"@type\":\"WebPage\",\"@id\":\"https:\/\/motycs.it\/product\/prova-potenza-2wd\/\",\"url\":\"https:\/\/motycs.it\/product\/prova-potenza-2wd\/\",\"name\":\"banchi prova 2wd\",\"isPartOf\":{\"@id\":\"https:\/\/motycs.it\/#website\"},\"primaryImageOfPage\":{\"@id\":\"https:\/\/motycs.it\/product\/prova-potenza-2wd\/#primaryimage\"},\"image\":{\"@id\":\"https:\/\/motycs.it\/product\/prova-potenza-2wd\/#primaryimage\"},\"thumbnailUrl\":\"https:\/\/motycs.it\/wp-content\/uploads\/2022\/03\/admtech-motycs-2wd-dynamometer.jpg\",\"datePublished\":\"2022-03-15T18:27:48+00:00\",\"dateModified\":\"2023-06-02T18:43:54+00:00\",\"description\":\"Banchi prova potenza a rulli per autoveicoli di produzione Sport Devices. Banchi di ultima generazione, predisposti al collegamento meccanico degli assi.\",\"breadcrumb\":{\"@id\":\"https:\/\/motycs.it\/product\/prova-potenza-2wd\/#breadcrumb\"},\"inLanguage\":\"pt-PT\",\"potentialAction\":[{\"@type\":\"ReadAction\",\"target\":[\"https:\/\/motycs.it\/product\/prova-potenza-2wd\/\"]}]},{\"@type\":\"ImageObject\",\"inLanguage\":\"pt-PT\",\"@id\":\"https:\/\/motycs.it\/product\/prova-potenza-2wd\/#primaryimage\",\"url\":\"https:\/\/motycs.it\/wp-content\/uploads\/2022\/03\/admtech-motycs-2wd-dynamometer.jpg\",\"contentUrl\":\"https:\/\/motycs.it\/wp-content\/uploads\/2022\/03\/admtech-motycs-2wd-dynamometer.jpg\",\"width\":1920,\"height\":1440,\"caption\":\"2wd dyno motycs sport devices\"},{\"@type\":\"BreadcrumbList\",\"@id\":\"https:\/\/motycs.it\/product\/prova-potenza-2wd\/#breadcrumb\",\"itemListElement\":[{\"@type\":\"ListItem\",\"position\":1,\"name\":\"Home\",\"item\":\"https:\/\/motycs.it\/\"},{\"@type\":\"ListItem\",\"position\":2,\"name\":\"Shop\",\"item\":\"https:\/\/motycs.it\/shop\/\"},{\"@type\":\"ListItem\",\"position\":3,\"name\":\"Banchi prova 2WD\"}]},{\"@type\":\"WebSite\",\"@id\":\"https:\/\/motycs.it\/#website\",\"url\":\"https:\/\/motycs.it\/\",\"name\":\"MOTYCS\",\"description\":\"\",\"publisher\":{\"@id\":\"https:\/\/motycs.it\/#organization\"},\"potentialAction\":[{\"@type\":\"SearchAction\",\"target\":{\"@type\":\"EntryPoint\",\"urlTemplate\":\"https:\/\/motycs.it\/?s={search_term_string}\"},\"query-input\":{\"@type\":\"PropertyValueSpecification\",\"valueRequired\":true,\"valueName\":\"search_term_string\"}}],\"inLanguage\":\"pt-PT\"},{\"@type\":\"Organization\",\"@id\":\"https:\/\/motycs.it\/#organization\",\"name\":\"MOTYCS\",\"url\":\"https:\/\/motycs.it\/\",\"logo\":{\"@type\":\"ImageObject\",\"inLanguage\":\"pt-PT\",\"@id\":\"https:\/\/motycs.it\/#\/schema\/logo\/image\/\",\"url\":\"https:\/\/motycs.it\/wp-content\/uploads\/2022\/03\/orizz_bianc.jpg\",\"contentUrl\":\"https:\/\/motycs.it\/wp-content\/uploads\/2022\/03\/orizz_bianc.jpg\",\"width\":600,\"height\":159,\"caption\":\"MOTYCS\"},\"image\":{\"@id\":\"https:\/\/motycs.it\/#\/schema\/logo\/image\/\"},\"sameAs\":[\"https:\/\/www.facebook.com\/motycs\/\",\"https:\/\/www.instagram.com\/motycs.teq\/\",\"https:\/\/www.linkedin.com\/company\/motycs\/\",\"https:\/\/www.pinterest.it\/Motycsdynamometer\/\",\"https:\/\/www.youtube.com\/channel\/UCl_9nwLJn-fMI6UMZVc0tZw\"]}]}<\/script>\n<!-- \/ Yoast SEO plugin. -->","yoast_head_json":{"title":"Bancos de ensaio 2wd","description":"Bancos de ensaio de pot\u00eancia de rolos para ve\u00edculos de produ\u00e7\u00e3o de Sport Devices. Bancadas de \u00faltima gera\u00e7\u00e3o, preparadas para a liga\u00e7\u00e3o mec\u00e2nica dos eixos.","robots":{"index":"index","follow":"follow","max-snippet":"max-snippet:-1","max-image-preview":"max-image-preview:large","max-video-preview":"max-video-preview:-1"},"canonical":"https:\/\/motycs.it\/pt\/product\/teste-de-potencia-2wd\/","og_locale":"pt_PT","og_type":"article","og_title":"banchi prova 2wd","og_description":"Banchi prova potenza a rulli per autoveicoli di produzione Sport Devices. Banchi di ultima generazione, predisposti al collegamento meccanico degli assi.","og_url":"https:\/\/motycs.it\/pt\/product\/teste-de-potencia-2wd\/","og_site_name":"MOTYCS","article_publisher":"https:\/\/www.facebook.com\/motycs\/","article_modified_time":"2023-06-02T18:43:54+00:00","og_image":[{"width":1920,"height":1440,"url":"https:\/\/motycs.it\/wp-content\/uploads\/2022\/03\/admtech-motycs-2wd-dynamometer.jpg","type":"image\/jpeg"}],"twitter_card":"summary_large_image","twitter_misc":{"Tempo estimado de leitura":"3 minutos"},"schema":{"@context":"https:\/\/schema.org","@graph":[{"@type":"WebPage","@id":"https:\/\/motycs.it\/product\/prova-potenza-2wd\/","url":"https:\/\/motycs.it\/product\/prova-potenza-2wd\/","name":"Bancos de ensaio 2wd","isPartOf":{"@id":"https:\/\/motycs.it\/#website"},"primaryImageOfPage":{"@id":"https:\/\/motycs.it\/product\/prova-potenza-2wd\/#primaryimage"},"image":{"@id":"https:\/\/motycs.it\/product\/prova-potenza-2wd\/#primaryimage"},"thumbnailUrl":"https:\/\/motycs.it\/wp-content\/uploads\/2022\/03\/admtech-motycs-2wd-dynamometer.jpg","datePublished":"2022-03-15T18:27:48+00:00","dateModified":"2023-06-02T18:43:54+00:00","description":"Bancos de ensaio de pot\u00eancia de rolos para ve\u00edculos de produ\u00e7\u00e3o de Sport Devices. Bancadas de \u00faltima gera\u00e7\u00e3o, preparadas para a liga\u00e7\u00e3o mec\u00e2nica dos eixos.","breadcrumb":{"@id":"https:\/\/motycs.it\/product\/prova-potenza-2wd\/#breadcrumb"},"inLanguage":"pt-PT","potentialAction":[{"@type":"ReadAction","target":["https:\/\/motycs.it\/product\/prova-potenza-2wd\/"]}]},{"@type":"ImageObject","inLanguage":"pt-PT","@id":"https:\/\/motycs.it\/product\/prova-potenza-2wd\/#primaryimage","url":"https:\/\/motycs.it\/wp-content\/uploads\/2022\/03\/admtech-motycs-2wd-dynamometer.jpg","contentUrl":"https:\/\/motycs.it\/wp-content\/uploads\/2022\/03\/admtech-motycs-2wd-dynamometer.jpg","width":1920,"height":1440,"caption":"2wd dyno motycs sport devices"},{"@type":"BreadcrumbList","@id":"https:\/\/motycs.it\/product\/prova-potenza-2wd\/#breadcrumb","itemListElement":[{"@type":"ListItem","position":1,"name":"Home","item":"https:\/\/motycs.it\/"},{"@type":"ListItem","position":2,"name":"Shop","item":"https:\/\/motycs.it\/shop\/"},{"@type":"ListItem","position":3,"name":"Banchi prova 2WD"}]},{"@type":"WebSite","@id":"https:\/\/motycs.it\/#website","url":"https:\/\/motycs.it\/","name":"MOTYCS","description":"","publisher":{"@id":"https:\/\/motycs.it\/#organization"},"potentialAction":[{"@type":"SearchAction","target":{"@type":"EntryPoint","urlTemplate":"https:\/\/motycs.it\/?s={search_term_string}"},"query-input":{"@type":"PropertyValueSpecification","valueRequired":true,"valueName":"search_term_string"}}],"inLanguage":"pt-PT"},{"@type":"Organization","@id":"https:\/\/motycs.it\/#organization","name":"MOTYCS","url":"https:\/\/motycs.it\/","logo":{"@type":"ImageObject","inLanguage":"pt-PT","@id":"https:\/\/motycs.it\/#\/schema\/logo\/image\/","url":"https:\/\/motycs.it\/wp-content\/uploads\/2022\/03\/orizz_bianc.jpg","contentUrl":"https:\/\/motycs.it\/wp-content\/uploads\/2022\/03\/orizz_bianc.jpg","width":600,"height":159,"caption":"MOTYCS"},"image":{"@id":"https:\/\/motycs.it\/#\/schema\/logo\/image\/"},"sameAs":["https:\/\/www.facebook.com\/motycs\/","https:\/\/www.instagram.com\/motycs.teq\/","https:\/\/www.linkedin.com\/company\/motycs\/","https:\/\/www.pinterest.it\/Motycsdynamometer\/","https:\/\/www.youtube.com\/channel\/UCl_9nwLJn-fMI6UMZVc0tZw"]}]}},"_links":{"self":[{"href":"https:\/\/motycs.it\/pt\/wp-json\/wp\/v2\/product\/963","targetHints":{"allow":["GET"]}}],"collection":[{"href":"https:\/\/motycs.it\/pt\/wp-json\/wp\/v2\/product"}],"about":[{"href":"https:\/\/motycs.it\/pt\/wp-json\/wp\/v2\/types\/product"}],"wp:featuredmedia":[{"embeddable":true,"href":"https:\/\/motycs.it\/pt\/wp-json\/wp\/v2\/media\/1154"}],"wp:attachment":[{"href":"https:\/\/motycs.it\/pt\/wp-json\/wp\/v2\/media?parent=963"}],"wp:term":[{"taxonomy":"product_cat","embeddable":true,"href":"https:\/\/motycs.it\/pt\/wp-json\/wp\/v2\/product_cat?post=963"},{"taxonomy":"product_tag","embeddable":true,"href":"https:\/\/motycs.it\/pt\/wp-json\/wp\/v2\/product_tag?post=963"}],"curies":[{"name":"wp","href":"https:\/\/api.w.org\/{rel}","templated":true}]}}