{"id":1629,"date":"2023-05-06T12:36:49","date_gmt":"2023-05-06T10:36:49","guid":{"rendered":"https:\/\/motycs.it\/?post_type=product&#038;p=1629"},"modified":"2023-05-06T13:45:38","modified_gmt":"2023-05-06T11:45:38","slug":"sistemi-noise-and-vibration","status":"publish","type":"product","link":"https:\/\/motycs.it\/pt\/product\/sistemas-de-ruido-e-vibracao\/","title":{"rendered":"Sistemas de ru\u00eddo e vibra\u00e7\u00e3o"},"content":{"rendered":"<div class=\"page\" title=\"P\u00e1gina 7\">\n<div class=\"section\">\n<div class=\"layoutArea\">\n<div class=\"column\">\n<p>O sistema \u00e9 constitu\u00eddo por um <strong>sistema de aquisi\u00e7\u00e3o e condicionamento de sinais de transdutores e um computador pessoal - Notebook, ou sistema industrial PXI<\/strong>. Configura\u00e7\u00e3o t\u00edpica:<\/p>\n<ul>\n<li>Entradas anal\u00f3gicas<\/li>\n<li>N\u00famero de canais de entrada: 1 a 64;<\/li>\n<li>Conversores AD: resolu\u00e7\u00e3o de 12, 16, 18 ou 24 bits com tecnologia mpx ou delta-sigma e filtros anti-aliasing;<\/li>\n<li>Largura de banda: seleccion\u00e1vel de 500 Hz a 100 kHz por canal;<\/li>\n<li>Imped\u00e2ncia de entrada: &gt; 1 MOhm;<\/li>\n<li>Amplificadores de sinal: ganho program\u00e1vel independentemente para cada canal de +\/- 10 mV a +\/-10V;<\/li>\n<li>Gama din\u00e2mica: 70 dB a 120 dB.<\/li>\n<li>Condicionamento de sinais<\/li>\n<li>Entradas de tens\u00e3o, entradas de corrente, entradas tipo ICP para microfones e\/ou aceler\u00f3metros, entradas para pontes de extens\u00f3metros<\/li>\n<li>Entradas pr\u00e9-amplificadas para microfones pr\u00e9-polarizados do tipo Electret;<\/li>\n<li>E\/S digitais opto-isoladas para sincroniza\u00e7\u00e3o com o PLC.<\/li>\n<\/ul>\n<h5>Que produtos utilizamos em aplica\u00e7\u00f5es NVH<\/h5>\n<ul>\n<li>Microfones<\/li>\n<li>Aceler\u00f3metros<\/li>\n<li>Fontes ac\u00fasticas<\/li>\n<li>Vibradores e agitadores<\/li>\n<li>Tubo Kundt<\/li>\n<li>Condicionadores de sinal<\/li>\n<li>Sistemas integrados CMS \/ HMS<\/li>\n<\/ul>\n<h5>As actividades que realizamos<\/h5>\n<ul>\n<li>Concep\u00e7\u00e3o de metodologias de medi\u00e7\u00e3o<\/li>\n<li>Integra\u00e7\u00e3o e desenvolvimento de hardware e software<\/li>\n<li>Sistemas de medi\u00e7\u00e3o \"OEM<\/li>\n<li>Transdutores de medi\u00e7\u00e3o \"OEM<\/li>\n<li>Consultoria e forma\u00e7\u00e3o<\/li>\n<\/ul>\n<h5>Alguns exemplos de aplica\u00e7\u00f5es concretizadas<\/h5>\n<ul>\n<li>Sistemas de teste de tens\u00e3o de vibra\u00e7\u00e3o<\/li>\n<li>Teste de vibra\u00e7\u00e3o com agitador para testes autom\u00e1ticos de tens\u00e3o de vibra\u00e7\u00e3o, conforme prescrito pelas normas internacionais (MIL-STD-810 e outras)<\/li>\n<li>Medi\u00e7\u00e3o e an\u00e1lise de fun\u00e7\u00f5es de transfer\u00eancia com excita\u00e7\u00e3o de estruturas por golpes de martelo ou de agitador.<\/li>\n<li>Medi\u00e7\u00e3o da pot\u00eancia ac\u00fastica emitida numa c\u00e2mara semi-anec\u00f3ica e de reverbera\u00e7\u00e3o, medi\u00e7\u00e3o de T60 e das caracter\u00edsticas ac\u00fasticas dos materiais (tubo de Kundt).<\/li>\n<li>Medi\u00e7\u00e3o da exposi\u00e7\u00e3o ao ru\u00eddo dos trabalhadores de centros de atendimento telef\u00f3nico. Medi\u00e7\u00e3o da qualidade ac\u00fastica percebida.<\/li>\n<li>Medi\u00e7\u00e3o e homologa\u00e7\u00e3o de dispositivos ligados \u00e0 rede telef\u00f3nica<\/li>\n<li>PSTN comutado de acordo com as normas internacionais (CTR21 - TBR38 - FCC68) para Verifica\u00e7\u00e3o El\u00e9trica e Eletroac\u00fastica<\/li>\n<li>Sistema integrado de testes funcionais para controlo da qualidade de dispositivos electr\u00f3nicos e sistemas integrados de teste e medi\u00e7\u00e3o para equipamentos de \"dom\u00f3tica\".<\/li>\n<\/ul>\n<h5>DESCOBRIR OS NOSSOS PRODUTOS E SERVI\u00c7OS<\/h5>\n<ul>\n<li><a href=\"https:\/\/motycs.it\/pt\/product-category\/banchi-prova-potenza\/\"><strong>A nossa gama de bancos de ensaio<\/strong><\/a><\/li>\n<li><a href=\"https:\/\/motycs.it\/pt\/product-category\/sistemi-di-controllo\/\"><strong>Sistemas de controlo e aquisi\u00e7\u00e3o<\/strong><\/a><\/li>\n<li><a href=\"https:\/\/motycs.it\/pt\/product\/saleiros\/\"><strong>Salas de ensaio de motores insonorizadas<\/strong><\/a><\/li>\n<li><strong><a href=\"https:\/\/motycs.it\/pt\/product\/ventilacao\/\">Conjuntos de ventoinhas de arrefecimento do motor<\/a><\/strong><\/li>\n<li><a href=\"https:\/\/motycs.it\/pt\/product\/extraccao-de-fumo\/\"><strong>Sistemas de extrac\u00e7\u00e3o de fumos<\/strong><\/a><\/li>\n<li><a href=\"https:\/\/motycs.it\/pt\/servicos-motores-de-ensaio\/\"><strong>Servi\u00e7os de ensaio de motores e ve\u00edculos<\/strong><\/a><\/li>\n<\/ul>\n<p><a href=\"https:\/\/motycs.it\/pt\/contactos\/\"><strong>Contacte-nos para mais informa\u00e7\u00f5es<\/strong><\/a><\/p>\n<\/div>\n<\/div>\n<\/div>\n<\/div>","protected":false},"excerpt":{"rendered":"<p>Tamb\u00e9m definido no sector autom\u00f3vel <strong>Sistemas NVH (Noise Vibration Harshness)<\/strong> s\u00e3o concebidos para o processamento num\u00e9rico e a an\u00e1lise de sinais din\u00e2micos, para a <strong>an\u00e1lise ac\u00fastica e de vibra\u00e7\u00f5es. <\/strong>Sistemas normalmente utilizados em:<\/p>\n<ul>\n<li><strong>Laborat\u00f3rio, Investiga\u00e7\u00e3o e Desenvolvimento<\/strong><\/li>\n<li><strong>Linha de produ\u00e7\u00e3o (fim de linha)<\/strong><\/li>\n<li><strong>Monitoriza\u00e7\u00e3o das instala\u00e7\u00f5es<\/strong><\/li>\n<li><strong>Controlo de qualidade<\/strong><\/li>\n<\/ul>\n<h6>Sectores de aplica\u00e7\u00e3o<\/h6>\n<ul>\n<li>Ind\u00fastria autom\u00f3vel e aeroespacial<\/li>\n<li>Civil e Estrutural<\/li>\n<li>Electr\u00f3nica, Engenharia El\u00e9ctrica e Telecomunica\u00e7\u00f5es<\/li>\n<li>Engenharia de instala\u00e7\u00f5es industriais<\/li>\n<li>Mec\u00e2nica<\/li>\n<li>M\u00e1quinas especiais<\/li>\n<\/ul>","protected":false},"featured_media":1630,"template":"","meta":[],"product_cat":[139],"product_tag":[140,141,142],"class_list":["post-1629","product","type-product","status-publish","has-post-thumbnail","hentry","product_cat-noise-and-vibration","product_tag-noise-and-vibration","product_tag-nvh","product_tag-sistemi-nvh"],"yoast_head":"<!-- This site is optimized with the Yoast SEO plugin v26.5 - https:\/\/yoast.com\/wordpress\/plugins\/seo\/ -->\n<title>Sistemi Noise and Vibration - MOTYCS<\/title>\n<meta name=\"description\" content=\"Progettiamo e realizziamo sistemi NVH, Noise Vibration Harshness, per diversi settori applicativi ed ambiti industriali. Visita la nostra pagina web\" \/>\n<meta name=\"robots\" content=\"index, follow, max-snippet:-1, max-image-preview:large, max-video-preview:-1\" \/>\n<link rel=\"canonical\" href=\"https:\/\/motycs.it\/pt\/product\/sistemas-de-ruido-e-vibracao\/\" \/>\n<meta property=\"og:locale\" content=\"pt_PT\" \/>\n<meta property=\"og:type\" content=\"article\" \/>\n<meta property=\"og:title\" content=\"Sistemi Noise and Vibration - MOTYCS\" \/>\n<meta property=\"og:description\" content=\"Progettiamo e realizziamo sistemi NVH, Noise Vibration Harshness, per diversi settori applicativi ed ambiti industriali. Visita la nostra pagina web\" \/>\n<meta property=\"og:url\" content=\"https:\/\/motycs.it\/pt\/product\/sistemas-de-ruido-e-vibracao\/\" \/>\n<meta property=\"og:site_name\" content=\"MOTYCS\" \/>\n<meta property=\"article:publisher\" content=\"https:\/\/www.facebook.com\/motycs\/\" \/>\n<meta property=\"article:modified_time\" content=\"2023-05-06T11:45:38+00:00\" \/>\n<meta property=\"og:image\" content=\"https:\/\/motycs.it\/wp-content\/uploads\/2023\/05\/noise-vibration-nvh-motycs-3-analisi-vibrazioni.jpg\" \/>\n\t<meta property=\"og:image:width\" content=\"800\" \/>\n\t<meta property=\"og:image:height\" content=\"800\" \/>\n\t<meta property=\"og:image:type\" content=\"image\/jpeg\" \/>\n<meta name=\"twitter:card\" content=\"summary_large_image\" \/>\n<meta name=\"twitter:label1\" content=\"Tempo estimado de leitura\" \/>\n\t<meta name=\"twitter:data1\" content=\"1 minuto\" \/>\n<script type=\"application\/ld+json\" class=\"yoast-schema-graph\">{\"@context\":\"https:\/\/schema.org\",\"@graph\":[{\"@type\":\"WebPage\",\"@id\":\"https:\/\/motycs.it\/product\/sistemi-noise-and-vibration\/\",\"url\":\"https:\/\/motycs.it\/product\/sistemi-noise-and-vibration\/\",\"name\":\"Sistemi Noise and Vibration - MOTYCS\",\"isPartOf\":{\"@id\":\"https:\/\/motycs.it\/#website\"},\"primaryImageOfPage\":{\"@id\":\"https:\/\/motycs.it\/product\/sistemi-noise-and-vibration\/#primaryimage\"},\"image\":{\"@id\":\"https:\/\/motycs.it\/product\/sistemi-noise-and-vibration\/#primaryimage\"},\"thumbnailUrl\":\"https:\/\/motycs.it\/wp-content\/uploads\/2023\/05\/noise-vibration-nvh-motycs-3-analisi-vibrazioni.jpg\",\"datePublished\":\"2023-05-06T10:36:49+00:00\",\"dateModified\":\"2023-05-06T11:45:38+00:00\",\"description\":\"Progettiamo e realizziamo sistemi NVH, Noise Vibration Harshness, per diversi settori applicativi ed ambiti industriali. Visita la nostra pagina web\",\"breadcrumb\":{\"@id\":\"https:\/\/motycs.it\/product\/sistemi-noise-and-vibration\/#breadcrumb\"},\"inLanguage\":\"pt-PT\",\"potentialAction\":[{\"@type\":\"ReadAction\",\"target\":[\"https:\/\/motycs.it\/product\/sistemi-noise-and-vibration\/\"]}]},{\"@type\":\"ImageObject\",\"inLanguage\":\"pt-PT\",\"@id\":\"https:\/\/motycs.it\/product\/sistemi-noise-and-vibration\/#primaryimage\",\"url\":\"https:\/\/motycs.it\/wp-content\/uploads\/2023\/05\/noise-vibration-nvh-motycs-3-analisi-vibrazioni.jpg\",\"contentUrl\":\"https:\/\/motycs.it\/wp-content\/uploads\/2023\/05\/noise-vibration-nvh-motycs-3-analisi-vibrazioni.jpg\",\"width\":800,\"height\":800,\"caption\":\"noise and vibration nvh sistemi\"},{\"@type\":\"BreadcrumbList\",\"@id\":\"https:\/\/motycs.it\/product\/sistemi-noise-and-vibration\/#breadcrumb\",\"itemListElement\":[{\"@type\":\"ListItem\",\"position\":1,\"name\":\"Home\",\"item\":\"https:\/\/motycs.it\/\"},{\"@type\":\"ListItem\",\"position\":2,\"name\":\"Shop\",\"item\":\"https:\/\/motycs.it\/shop\/\"},{\"@type\":\"ListItem\",\"position\":3,\"name\":\"Sistemi Noise and Vibration\"}]},{\"@type\":\"WebSite\",\"@id\":\"https:\/\/motycs.it\/#website\",\"url\":\"https:\/\/motycs.it\/\",\"name\":\"MOTYCS\",\"description\":\"\",\"publisher\":{\"@id\":\"https:\/\/motycs.it\/#organization\"},\"potentialAction\":[{\"@type\":\"SearchAction\",\"target\":{\"@type\":\"EntryPoint\",\"urlTemplate\":\"https:\/\/motycs.it\/?s={search_term_string}\"},\"query-input\":{\"@type\":\"PropertyValueSpecification\",\"valueRequired\":true,\"valueName\":\"search_term_string\"}}],\"inLanguage\":\"pt-PT\"},{\"@type\":\"Organization\",\"@id\":\"https:\/\/motycs.it\/#organization\",\"name\":\"MOTYCS\",\"url\":\"https:\/\/motycs.it\/\",\"logo\":{\"@type\":\"ImageObject\",\"inLanguage\":\"pt-PT\",\"@id\":\"https:\/\/motycs.it\/#\/schema\/logo\/image\/\",\"url\":\"https:\/\/motycs.it\/wp-content\/uploads\/2022\/03\/orizz_bianc.jpg\",\"contentUrl\":\"https:\/\/motycs.it\/wp-content\/uploads\/2022\/03\/orizz_bianc.jpg\",\"width\":600,\"height\":159,\"caption\":\"MOTYCS\"},\"image\":{\"@id\":\"https:\/\/motycs.it\/#\/schema\/logo\/image\/\"},\"sameAs\":[\"https:\/\/www.facebook.com\/motycs\/\",\"https:\/\/www.instagram.com\/motycs.teq\/\",\"https:\/\/www.linkedin.com\/company\/motycs\/\",\"https:\/\/www.pinterest.it\/Motycsdynamometer\/\",\"https:\/\/www.youtube.com\/channel\/UCl_9nwLJn-fMI6UMZVc0tZw\"]}]}<\/script>\n<!-- \/ Yoast SEO plugin. -->","yoast_head_json":{"title":"Sistemas de Ru\u00eddo e Vibra\u00e7\u00f5es - MOTYCS","description":"Concebemos e fabricamos sistemas NVH, Noise Vibration Harshness, para v\u00e1rios sectores de aplica\u00e7\u00e3o e ind\u00fastrias. Visite o nosso s\u00edtio Web","robots":{"index":"index","follow":"follow","max-snippet":"max-snippet:-1","max-image-preview":"max-image-preview:large","max-video-preview":"max-video-preview:-1"},"canonical":"https:\/\/motycs.it\/pt\/product\/sistemas-de-ruido-e-vibracao\/","og_locale":"pt_PT","og_type":"article","og_title":"Sistemi Noise and Vibration - MOTYCS","og_description":"Progettiamo e realizziamo sistemi NVH, Noise Vibration Harshness, per diversi settori applicativi ed ambiti industriali. Visita la nostra pagina web","og_url":"https:\/\/motycs.it\/pt\/product\/sistemas-de-ruido-e-vibracao\/","og_site_name":"MOTYCS","article_publisher":"https:\/\/www.facebook.com\/motycs\/","article_modified_time":"2023-05-06T11:45:38+00:00","og_image":[{"width":800,"height":800,"url":"https:\/\/motycs.it\/wp-content\/uploads\/2023\/05\/noise-vibration-nvh-motycs-3-analisi-vibrazioni.jpg","type":"image\/jpeg"}],"twitter_card":"summary_large_image","twitter_misc":{"Tempo estimado de leitura":"1 minuto"},"schema":{"@context":"https:\/\/schema.org","@graph":[{"@type":"WebPage","@id":"https:\/\/motycs.it\/product\/sistemi-noise-and-vibration\/","url":"https:\/\/motycs.it\/product\/sistemi-noise-and-vibration\/","name":"Sistemas de Ru\u00eddo e Vibra\u00e7\u00f5es - MOTYCS","isPartOf":{"@id":"https:\/\/motycs.it\/#website"},"primaryImageOfPage":{"@id":"https:\/\/motycs.it\/product\/sistemi-noise-and-vibration\/#primaryimage"},"image":{"@id":"https:\/\/motycs.it\/product\/sistemi-noise-and-vibration\/#primaryimage"},"thumbnailUrl":"https:\/\/motycs.it\/wp-content\/uploads\/2023\/05\/noise-vibration-nvh-motycs-3-analisi-vibrazioni.jpg","datePublished":"2023-05-06T10:36:49+00:00","dateModified":"2023-05-06T11:45:38+00:00","description":"Concebemos e fabricamos sistemas NVH, Noise Vibration Harshness, para v\u00e1rios sectores de aplica\u00e7\u00e3o e ind\u00fastrias. Visite o nosso s\u00edtio Web","breadcrumb":{"@id":"https:\/\/motycs.it\/product\/sistemi-noise-and-vibration\/#breadcrumb"},"inLanguage":"pt-PT","potentialAction":[{"@type":"ReadAction","target":["https:\/\/motycs.it\/product\/sistemi-noise-and-vibration\/"]}]},{"@type":"ImageObject","inLanguage":"pt-PT","@id":"https:\/\/motycs.it\/product\/sistemi-noise-and-vibration\/#primaryimage","url":"https:\/\/motycs.it\/wp-content\/uploads\/2023\/05\/noise-vibration-nvh-motycs-3-analisi-vibrazioni.jpg","contentUrl":"https:\/\/motycs.it\/wp-content\/uploads\/2023\/05\/noise-vibration-nvh-motycs-3-analisi-vibrazioni.jpg","width":800,"height":800,"caption":"noise and vibration nvh sistemi"},{"@type":"BreadcrumbList","@id":"https:\/\/motycs.it\/product\/sistemi-noise-and-vibration\/#breadcrumb","itemListElement":[{"@type":"ListItem","position":1,"name":"Home","item":"https:\/\/motycs.it\/"},{"@type":"ListItem","position":2,"name":"Shop","item":"https:\/\/motycs.it\/shop\/"},{"@type":"ListItem","position":3,"name":"Sistemi Noise and Vibration"}]},{"@type":"WebSite","@id":"https:\/\/motycs.it\/#website","url":"https:\/\/motycs.it\/","name":"MOTYCS","description":"","publisher":{"@id":"https:\/\/motycs.it\/#organization"},"potentialAction":[{"@type":"SearchAction","target":{"@type":"EntryPoint","urlTemplate":"https:\/\/motycs.it\/?s={search_term_string}"},"query-input":{"@type":"PropertyValueSpecification","valueRequired":true,"valueName":"search_term_string"}}],"inLanguage":"pt-PT"},{"@type":"Organization","@id":"https:\/\/motycs.it\/#organization","name":"MOTYCS","url":"https:\/\/motycs.it\/","logo":{"@type":"ImageObject","inLanguage":"pt-PT","@id":"https:\/\/motycs.it\/#\/schema\/logo\/image\/","url":"https:\/\/motycs.it\/wp-content\/uploads\/2022\/03\/orizz_bianc.jpg","contentUrl":"https:\/\/motycs.it\/wp-content\/uploads\/2022\/03\/orizz_bianc.jpg","width":600,"height":159,"caption":"MOTYCS"},"image":{"@id":"https:\/\/motycs.it\/#\/schema\/logo\/image\/"},"sameAs":["https:\/\/www.facebook.com\/motycs\/","https:\/\/www.instagram.com\/motycs.teq\/","https:\/\/www.linkedin.com\/company\/motycs\/","https:\/\/www.pinterest.it\/Motycsdynamometer\/","https:\/\/www.youtube.com\/channel\/UCl_9nwLJn-fMI6UMZVc0tZw"]}]}},"_links":{"self":[{"href":"https:\/\/motycs.it\/pt\/wp-json\/wp\/v2\/product\/1629","targetHints":{"allow":["GET"]}}],"collection":[{"href":"https:\/\/motycs.it\/pt\/wp-json\/wp\/v2\/product"}],"about":[{"href":"https:\/\/motycs.it\/pt\/wp-json\/wp\/v2\/types\/product"}],"wp:featuredmedia":[{"embeddable":true,"href":"https:\/\/motycs.it\/pt\/wp-json\/wp\/v2\/media\/1630"}],"wp:attachment":[{"href":"https:\/\/motycs.it\/pt\/wp-json\/wp\/v2\/media?parent=1629"}],"wp:term":[{"taxonomy":"product_cat","embeddable":true,"href":"https:\/\/motycs.it\/pt\/wp-json\/wp\/v2\/product_cat?post=1629"},{"taxonomy":"product_tag","embeddable":true,"href":"https:\/\/motycs.it\/pt\/wp-json\/wp\/v2\/product_tag?post=1629"}],"curies":[{"name":"wp","href":"https:\/\/api.w.org\/{rel}","templated":true}]}}