{"id":1429,"date":"2023-04-11T22:17:17","date_gmt":"2023-04-11T20:17:17","guid":{"rendered":"https:\/\/motycs.it\/?post_type=product&#038;p=1429"},"modified":"2023-05-04T10:52:32","modified_gmt":"2023-05-04T08:52:32","slug":"prova-sospensioni","status":"publish","type":"product","link":"https:\/\/motycs.it\/pt\/product\/maquina-de-amortecedores\/","title":{"rendered":"Ensaio do amortecedor"},"content":{"rendered":"<h5>Funcionamento e caracter\u00edsticas<\/h5>\n<ul>\n<li>\n<h6><strong>Motor el\u00e9ctrico<\/strong><\/h6>\n<\/li>\n<\/ul>\n<p>As bancadas de ensaio de amortecedores s\u00e3o normalmente <strong>alimentados por motores de indu\u00e7\u00e3o trif\u00e1sicos de corrente alternada<\/strong>. O tamanho e a pot\u00eancia dos motores s\u00e3o limitados pela tens\u00e3o de alimenta\u00e7\u00e3o. \u00c9 altamente recomend\u00e1vel accionar o motor com um VFD para realizar testes automatizados a v\u00e1rias velocidades. Para valores de pot\u00eancia inferiores a 4 CV, o VFD pode ser alimentado por um sistema monof\u00e1sico. Mas para pot\u00eancias superiores, \u00e9 necess\u00e1rio um sistema trif\u00e1sico.<\/p>\n<ul>\n<li>\n<h6><strong>Caixa de velocidades<\/strong><\/h6>\n<\/li>\n<\/ul>\n<p><strong>A sa\u00edda do motor est\u00e1 equipada com uma caixa de velocidades<\/strong>. A velocidade m\u00e1xima do veio de sa\u00edda deve situar-se no intervalo de 300-500 RPM.<br \/>\nEmbora a maioria dos motores de indu\u00e7\u00e3o funcione a 1450 RPM a 50 Hz, o VFD pode facilmente aumentar esta velocidade para quase o dobro (100 Hz), o que resulta num bin\u00e1rio elevado a baixa velocidade (caixa de velocidades de 300 RPM) e numa frequ\u00eancia aumentada para permitir que o amortecedor seja testado a velocidades mais elevadas (com uma ligeira redu\u00e7\u00e3o na pot\u00eancia total)<\/p>\n<ul>\n<li>\n<h6><strong>C\u00e9lula de carga<\/strong><\/h6>\n<\/li>\n<\/ul>\n<p>Uma c\u00e9lula de carga \u00e9 um transdutor que converte a for\u00e7a em sinais el\u00e9ctricos anal\u00f3gicos. A c\u00e9lula de carga inclu\u00edda no sistema mede a for\u00e7a exercida sobre o amortecedor, permitindo uma <strong>an\u00e1lise aprofundada nas v\u00e1rias gamas de funcionamento<\/strong><\/p>\n<ul>\n<li>\n<h6><strong>Sensor de temperatura<\/strong><\/h6>\n<\/li>\n<\/ul>\n<p><strong>A temperatura \u00e9 medida atrav\u00e9s de um termopar<\/strong>fixado com uma fita de velcro. O desempenho do amortecedor pode variar drasticamente a diferentes temperaturas. Com o sistema de controlo da temperatura, \u00e9 poss\u00edvel determinar o desempenho do amortecedor em diferentes condi\u00e7\u00f5es. O amortecedor pode ser aquecido directamente no dinam\u00f3metro (termopar n\u00e3o inclu\u00eddo).<\/p>\n<ul>\n<li>\n<h6><strong>Potenci\u00f3metro<\/strong><\/h6>\n<\/li>\n<\/ul>\n<p>O DAQ do Shockanalyzer utiliza um <strong>Potenci\u00f3metro de 100 mm<\/strong> para medir a velocidade e a posi\u00e7\u00e3o, fornecido com o kit. A <strong>potenci\u00f3metro opcional, 150 mm<\/strong>.<\/p>\n<ul>\n<li>\n<h6><strong>Selector de comprimento de curso<\/strong><\/h6>\n<\/li>\n<\/ul>\n<p>Dez orif\u00edcios roscados em forma de espiral caracterizam o volante do sistema. <strong>A biela pode ser fixada em qualquer furo, seleccionando assim o comprimento de curso desejado<\/strong>. Quanto mais longo for o curso, mais pot\u00eancia \u00e9 necess\u00e1ria no motor para mover o amortecedor.<\/p>\n<p><strong>Todos os bancos de ensaio podem ser personalizados a pedido<\/strong>em todos os pormenores.<\/p>\n<p><strong>Envie-nos uma mensagem para receber mais informa\u00e7\u00f5es<\/strong>preencher o formul\u00e1rio <strong><a href=\"https:\/\/motycs.it\/pt\/contactos\/\">pedido de contacto<\/a><\/strong><\/p>\n<p>Descubra a gama <a href=\"https:\/\/motycs.it\/pt\/product-category\/banchi-prova-potenza\/\"><strong>bancos de ensaio de rolos<\/strong><\/a><\/p>\n<h6>INSIGHTS<\/h6>\n<ul>\n<li><strong><a href=\"https:\/\/motycs.it\/pt\/conceitos-basicos-bancadas-de-teste-dinamometro\/\">Descobrir os conceitos b\u00e1sicos dos bancos de ensaio de motores e rolos<\/a><\/strong><\/li>\n<li><strong><a href=\"https:\/\/motycs.it\/pt\/bancos-de-ensaio-4wd\/\">Vantagens dos bancos de ensaio de pot\u00eancia de eixo ligado 4WD<\/a><\/strong><\/li>\n<li><strong><a href=\"https:\/\/motycs.it\/pt\/bancadas-de-potencia-biroll-de-rolo-unico\/\">Bancos de ensaio MONO-roller e BI-roller<\/a><\/strong><\/li>\n<li><a href=\"https:\/\/motycs.it\/pt\/a-prova-de-bancos-com-dissipacao-de-energia\/\"><strong>Dissipa\u00e7\u00e3o de energia<\/strong><\/a><\/li>\n<\/ul>\n<p>&nbsp;<\/p>","protected":false},"excerpt":{"rendered":"<ul>\n<li><strong>Estrutura robusta<\/strong> em a\u00e7o pintado.<\/li>\n<li><strong>Barras verticais:<\/strong> 1,5 metros no total, 1,2 m utiliz\u00e1veis<\/li>\n<li><strong>Motor de 4KW<\/strong> (5,5 CV)<\/li>\n<li><strong>Redutor de velocidade.<\/strong> 250 RPM nominais, m\u00e1x. 460 RPM<\/li>\n<li><strong>Inversor<\/strong>380V 4KW (opcional 230V)<\/li>\n<li><strong>C\u00e9lula de carga<\/strong> a partir de 1000 kg<\/li>\n<li><strong>Potenci\u00f3metro<\/strong> linear 100 mm (opcional 150 mm)<\/li>\n<li><strong>DAQ ShockAnalyzer<\/strong> (sistema de controlo e aquisi\u00e7\u00e3o)<\/li>\n<li><strong>Adaptador USB FTDI<\/strong> um RS232<\/li>\n<li><strong>Sistema de montagem standard<\/strong> dos amortecedores (tipo de amortecedor traseiro)<\/li>\n<\/ul>","protected":false},"featured_media":1424,"template":"","meta":[],"product_cat":[135],"product_tag":[136,137,138],"class_list":["post-1429","product","type-product","status-publish","has-post-thumbnail","hentry","product_cat-prova-sospensioni","product_tag-banco-prova-sospensioni","product_tag-prova-ammortizzatori","product_tag-shock-absorber"],"yoast_head":"<!-- This site is optimized with the Yoast SEO plugin v26.5 - https:\/\/yoast.com\/wordpress\/plugins\/seo\/ -->\n<title>Prova ammortizzatori - MOTYCS<\/title>\n<meta name=\"description\" content=\"Banchi prova e sistemi di controllo Sport Devices, scopri il banco prova ammortizzatori completo di sistema di acquisizione\" \/>\n<meta name=\"robots\" content=\"index, follow, max-snippet:-1, max-image-preview:large, max-video-preview:-1\" \/>\n<link rel=\"canonical\" href=\"https:\/\/motycs.it\/pt\/product\/maquina-de-amortecedores\/\" \/>\n<meta property=\"og:locale\" content=\"pt_PT\" \/>\n<meta property=\"og:type\" content=\"article\" \/>\n<meta property=\"og:title\" content=\"Prova ammortizzatori - MOTYCS\" \/>\n<meta property=\"og:description\" content=\"Banchi prova e sistemi di controllo Sport Devices, scopri il banco prova ammortizzatori completo di sistema di acquisizione\" \/>\n<meta property=\"og:url\" content=\"https:\/\/motycs.it\/pt\/product\/maquina-de-amortecedores\/\" \/>\n<meta property=\"og:site_name\" content=\"MOTYCS\" \/>\n<meta property=\"article:publisher\" content=\"https:\/\/www.facebook.com\/motycs\/\" \/>\n<meta property=\"article:modified_time\" content=\"2023-05-04T08:52:32+00:00\" \/>\n<meta property=\"og:image\" content=\"https:\/\/motycs.it\/wp-content\/uploads\/2023\/04\/shockabsorber1.jpg\" \/>\n\t<meta property=\"og:image:width\" content=\"600\" \/>\n\t<meta property=\"og:image:height\" content=\"600\" \/>\n\t<meta property=\"og:image:type\" content=\"image\/jpeg\" \/>\n<meta name=\"twitter:card\" content=\"summary_large_image\" \/>\n<meta name=\"twitter:label1\" content=\"Tempo estimado de leitura\" \/>\n\t<meta name=\"twitter:data1\" content=\"3 minutos\" \/>\n<script type=\"application\/ld+json\" class=\"yoast-schema-graph\">{\"@context\":\"https:\/\/schema.org\",\"@graph\":[{\"@type\":\"WebPage\",\"@id\":\"https:\/\/motycs.it\/product\/prova-sospensioni\/\",\"url\":\"https:\/\/motycs.it\/product\/prova-sospensioni\/\",\"name\":\"Prova ammortizzatori - MOTYCS\",\"isPartOf\":{\"@id\":\"https:\/\/motycs.it\/#website\"},\"primaryImageOfPage\":{\"@id\":\"https:\/\/motycs.it\/product\/prova-sospensioni\/#primaryimage\"},\"image\":{\"@id\":\"https:\/\/motycs.it\/product\/prova-sospensioni\/#primaryimage\"},\"thumbnailUrl\":\"https:\/\/motycs.it\/wp-content\/uploads\/2023\/04\/shockabsorber1.jpg\",\"datePublished\":\"2023-04-11T20:17:17+00:00\",\"dateModified\":\"2023-05-04T08:52:32+00:00\",\"description\":\"Banchi prova e sistemi di controllo Sport Devices, scopri il banco prova ammortizzatori completo di sistema di acquisizione\",\"breadcrumb\":{\"@id\":\"https:\/\/motycs.it\/product\/prova-sospensioni\/#breadcrumb\"},\"inLanguage\":\"pt-PT\",\"potentialAction\":[{\"@type\":\"ReadAction\",\"target\":[\"https:\/\/motycs.it\/product\/prova-sospensioni\/\"]}]},{\"@type\":\"ImageObject\",\"inLanguage\":\"pt-PT\",\"@id\":\"https:\/\/motycs.it\/product\/prova-sospensioni\/#primaryimage\",\"url\":\"https:\/\/motycs.it\/wp-content\/uploads\/2023\/04\/shockabsorber1.jpg\",\"contentUrl\":\"https:\/\/motycs.it\/wp-content\/uploads\/2023\/04\/shockabsorber1.jpg\",\"width\":600,\"height\":600,\"caption\":\"prova ammortizzatori motycs\"},{\"@type\":\"BreadcrumbList\",\"@id\":\"https:\/\/motycs.it\/product\/prova-sospensioni\/#breadcrumb\",\"itemListElement\":[{\"@type\":\"ListItem\",\"position\":1,\"name\":\"Home\",\"item\":\"https:\/\/motycs.it\/\"},{\"@type\":\"ListItem\",\"position\":2,\"name\":\"Shop\",\"item\":\"https:\/\/motycs.it\/shop\/\"},{\"@type\":\"ListItem\",\"position\":3,\"name\":\"Prova ammortizzatori\"}]},{\"@type\":\"WebSite\",\"@id\":\"https:\/\/motycs.it\/#website\",\"url\":\"https:\/\/motycs.it\/\",\"name\":\"MOTYCS\",\"description\":\"\",\"publisher\":{\"@id\":\"https:\/\/motycs.it\/#organization\"},\"potentialAction\":[{\"@type\":\"SearchAction\",\"target\":{\"@type\":\"EntryPoint\",\"urlTemplate\":\"https:\/\/motycs.it\/?s={search_term_string}\"},\"query-input\":{\"@type\":\"PropertyValueSpecification\",\"valueRequired\":true,\"valueName\":\"search_term_string\"}}],\"inLanguage\":\"pt-PT\"},{\"@type\":\"Organization\",\"@id\":\"https:\/\/motycs.it\/#organization\",\"name\":\"MOTYCS\",\"url\":\"https:\/\/motycs.it\/\",\"logo\":{\"@type\":\"ImageObject\",\"inLanguage\":\"pt-PT\",\"@id\":\"https:\/\/motycs.it\/#\/schema\/logo\/image\/\",\"url\":\"https:\/\/motycs.it\/wp-content\/uploads\/2022\/03\/orizz_bianc.jpg\",\"contentUrl\":\"https:\/\/motycs.it\/wp-content\/uploads\/2022\/03\/orizz_bianc.jpg\",\"width\":600,\"height\":159,\"caption\":\"MOTYCS\"},\"image\":{\"@id\":\"https:\/\/motycs.it\/#\/schema\/logo\/image\/\"},\"sameAs\":[\"https:\/\/www.facebook.com\/motycs\/\",\"https:\/\/www.instagram.com\/motycs.teq\/\",\"https:\/\/www.linkedin.com\/company\/motycs\/\",\"https:\/\/www.pinterest.it\/Motycsdynamometer\/\",\"https:\/\/www.youtube.com\/channel\/UCl_9nwLJn-fMI6UMZVc0tZw\"]}]}<\/script>\n<!-- \/ Yoast SEO plugin. -->","yoast_head_json":{"title":"Teste de amortecedores - MOTYCS","description":"Bancos de ensaio e sistemas de controlo de dispositivos desportivos, descubra o banco de ensaio de amortecedores completo com sistema de aquisi\u00e7\u00e3o","robots":{"index":"index","follow":"follow","max-snippet":"max-snippet:-1","max-image-preview":"max-image-preview:large","max-video-preview":"max-video-preview:-1"},"canonical":"https:\/\/motycs.it\/pt\/product\/maquina-de-amortecedores\/","og_locale":"pt_PT","og_type":"article","og_title":"Prova ammortizzatori - MOTYCS","og_description":"Banchi prova e sistemi di controllo Sport Devices, scopri il banco prova ammortizzatori completo di sistema di acquisizione","og_url":"https:\/\/motycs.it\/pt\/product\/maquina-de-amortecedores\/","og_site_name":"MOTYCS","article_publisher":"https:\/\/www.facebook.com\/motycs\/","article_modified_time":"2023-05-04T08:52:32+00:00","og_image":[{"width":600,"height":600,"url":"https:\/\/motycs.it\/wp-content\/uploads\/2023\/04\/shockabsorber1.jpg","type":"image\/jpeg"}],"twitter_card":"summary_large_image","twitter_misc":{"Tempo estimado de leitura":"3 minutos"},"schema":{"@context":"https:\/\/schema.org","@graph":[{"@type":"WebPage","@id":"https:\/\/motycs.it\/product\/prova-sospensioni\/","url":"https:\/\/motycs.it\/product\/prova-sospensioni\/","name":"Teste de amortecedores - MOTYCS","isPartOf":{"@id":"https:\/\/motycs.it\/#website"},"primaryImageOfPage":{"@id":"https:\/\/motycs.it\/product\/prova-sospensioni\/#primaryimage"},"image":{"@id":"https:\/\/motycs.it\/product\/prova-sospensioni\/#primaryimage"},"thumbnailUrl":"https:\/\/motycs.it\/wp-content\/uploads\/2023\/04\/shockabsorber1.jpg","datePublished":"2023-04-11T20:17:17+00:00","dateModified":"2023-05-04T08:52:32+00:00","description":"Bancos de ensaio e sistemas de controlo de dispositivos desportivos, descubra o banco de ensaio de amortecedores completo com sistema de aquisi\u00e7\u00e3o","breadcrumb":{"@id":"https:\/\/motycs.it\/product\/prova-sospensioni\/#breadcrumb"},"inLanguage":"pt-PT","potentialAction":[{"@type":"ReadAction","target":["https:\/\/motycs.it\/product\/prova-sospensioni\/"]}]},{"@type":"ImageObject","inLanguage":"pt-PT","@id":"https:\/\/motycs.it\/product\/prova-sospensioni\/#primaryimage","url":"https:\/\/motycs.it\/wp-content\/uploads\/2023\/04\/shockabsorber1.jpg","contentUrl":"https:\/\/motycs.it\/wp-content\/uploads\/2023\/04\/shockabsorber1.jpg","width":600,"height":600,"caption":"prova ammortizzatori motycs"},{"@type":"BreadcrumbList","@id":"https:\/\/motycs.it\/product\/prova-sospensioni\/#breadcrumb","itemListElement":[{"@type":"ListItem","position":1,"name":"Home","item":"https:\/\/motycs.it\/"},{"@type":"ListItem","position":2,"name":"Shop","item":"https:\/\/motycs.it\/shop\/"},{"@type":"ListItem","position":3,"name":"Prova ammortizzatori"}]},{"@type":"WebSite","@id":"https:\/\/motycs.it\/#website","url":"https:\/\/motycs.it\/","name":"MOTYCS","description":"","publisher":{"@id":"https:\/\/motycs.it\/#organization"},"potentialAction":[{"@type":"SearchAction","target":{"@type":"EntryPoint","urlTemplate":"https:\/\/motycs.it\/?s={search_term_string}"},"query-input":{"@type":"PropertyValueSpecification","valueRequired":true,"valueName":"search_term_string"}}],"inLanguage":"pt-PT"},{"@type":"Organization","@id":"https:\/\/motycs.it\/#organization","name":"MOTYCS","url":"https:\/\/motycs.it\/","logo":{"@type":"ImageObject","inLanguage":"pt-PT","@id":"https:\/\/motycs.it\/#\/schema\/logo\/image\/","url":"https:\/\/motycs.it\/wp-content\/uploads\/2022\/03\/orizz_bianc.jpg","contentUrl":"https:\/\/motycs.it\/wp-content\/uploads\/2022\/03\/orizz_bianc.jpg","width":600,"height":159,"caption":"MOTYCS"},"image":{"@id":"https:\/\/motycs.it\/#\/schema\/logo\/image\/"},"sameAs":["https:\/\/www.facebook.com\/motycs\/","https:\/\/www.instagram.com\/motycs.teq\/","https:\/\/www.linkedin.com\/company\/motycs\/","https:\/\/www.pinterest.it\/Motycsdynamometer\/","https:\/\/www.youtube.com\/channel\/UCl_9nwLJn-fMI6UMZVc0tZw"]}]}},"_links":{"self":[{"href":"https:\/\/motycs.it\/pt\/wp-json\/wp\/v2\/product\/1429","targetHints":{"allow":["GET"]}}],"collection":[{"href":"https:\/\/motycs.it\/pt\/wp-json\/wp\/v2\/product"}],"about":[{"href":"https:\/\/motycs.it\/pt\/wp-json\/wp\/v2\/types\/product"}],"wp:featuredmedia":[{"embeddable":true,"href":"https:\/\/motycs.it\/pt\/wp-json\/wp\/v2\/media\/1424"}],"wp:attachment":[{"href":"https:\/\/motycs.it\/pt\/wp-json\/wp\/v2\/media?parent=1429"}],"wp:term":[{"taxonomy":"product_cat","embeddable":true,"href":"https:\/\/motycs.it\/pt\/wp-json\/wp\/v2\/product_cat?post=1429"},{"taxonomy":"product_tag","embeddable":true,"href":"https:\/\/motycs.it\/pt\/wp-json\/wp\/v2\/product_tag?post=1429"}],"curies":[{"name":"wp","href":"https:\/\/api.w.org\/{rel}","templated":true}]}}