{"id":1004,"date":"2022-03-17T18:50:09","date_gmt":"2022-03-17T17:50:09","guid":{"rendered":"https:\/\/motycs.it\/?post_type=product&#038;p=1004"},"modified":"2023-05-04T10:51:55","modified_gmt":"2023-05-04T08:51:55","slug":"saleprovamotori","status":"publish","type":"product","link":"https:\/\/motycs.it\/pt\/product\/saleiros\/","title":{"rendered":"Salas de ensaio"},"content":{"rendered":"<h5>ACESS\u00d3RIOS PARA A SALA DE ENSAIOS DE MOTORES<\/h5>\n<p>Dispomos de uma vasta gama de acess\u00f3rios para a sala de ensaios:<br \/>\n- <a href=\"https:\/\/motycs.it\/pt\/product\/extraccao-de-fumo\/\">Sistemas de <strong>extrac\u00e7\u00e3o de fumos<\/strong><\/a><br \/>\n- <a href=\"https:\/\/motycs.it\/pt\/product\/ventilacao\/\">Sistemas <strong>arrefecimento do motor<\/strong> (Centrifugadoras)<\/a><br \/>\n- <strong>Acess\u00f3rios para a estrutura do pavilh\u00e3o<\/strong>incluindo janelas e silenciadores<\/p>\n<h6><a href=\"https:\/\/motycs.it\/pt\/product\/ventilacao\/\">UNIDADES DE VENTILA\u00c7\u00c3O DE ARREFECIMENTO DO MOTOR<\/a><\/h6>\n<p><strong>Podemos propor solu\u00e7\u00f5es \u00e0 medida<\/strong>e adapt\u00e1-los ao espa\u00e7o dispon\u00edvel, ou fornecer produtos em configura\u00e7\u00e3o standard.<\/p>\n<p>Estes incluem <strong>solu\u00e7\u00f5es standard para sistemas de arrefecimento de motores.<\/strong> Ventiladores centr\u00edfugos sobre rodas, com trav\u00e3o, dispon\u00edveis com diferentes capacidades e pot\u00eancias:<\/p>\n<p>- 4 kW<br \/>\n- 5,5 kW<br \/>\n- 7 kW<br \/>\n- 11 kW<\/p>\n<p>As unidades de ventila\u00e7\u00e3o, <strong>podem tamb\u00e9m ser equipados com inversores de controlo<\/strong>para fazer o <strong>velocidade do ar proporcional \u00e0 velocidade do ve\u00edculo<\/strong> em ensaio; optimizando assim a simula\u00e7\u00e3o das condi\u00e7\u00f5es da estrada (recomendado para fluxos de ar &gt;110 km\/H)<\/p>\n<h6><a href=\"https:\/\/motycs.it\/pt\/product\/extraccao-de-fumo\/\">SISTEMAS DE EXTRAC\u00c7\u00c3O DE FUMOS<\/a><\/h6>\n<p>Desenvolvemos <strong>sistemas de extrac\u00e7\u00e3o de fumos adequados para utiliza\u00e7\u00e3o com o banco de ensaio de pot\u00eancia<\/strong>.<\/p>\n<p><strong>Di\u00e2metros maiores e mais pot\u00eancia<\/strong>para um <strong>sistema profissional fi\u00e1vel e duradouro<\/strong>:<\/p>\n<p>- Motor de 5,5 kW<br \/>\n- Di\u00e2metro da tubagem 250 mm, at\u00e9 1.200 \u00b0C<br \/>\n- Bocais com juntas de alta resist\u00eancia<br \/>\n- Carrinhos m\u00f3veis sobre rodas com trav\u00f5es, com lastro<\/p>\n<h6>INSIGHTS<\/h6>\n<ul>\n<li><strong><a href=\"https:\/\/motycs.it\/pt\/conceitos-basicos-bancadas-de-teste-dinamometro\/\">Descobrir os conceitos b\u00e1sicos dos bancos de ensaio de motores e rolos<\/a><\/strong><\/li>\n<li><strong><a href=\"https:\/\/motycs.it\/pt\/bancos-de-ensaio-4wd\/\">Vantagens dos bancos de ensaio de pot\u00eancia de eixo ligado 4WD<\/a><\/strong><\/li>\n<li><strong><a href=\"https:\/\/motycs.it\/pt\/bancadas-de-potencia-biroll-de-rolo-unico\/\">Bancos de ensaio MONO-roller e BI-roller<\/a><\/strong><\/li>\n<li><a href=\"https:\/\/motycs.it\/pt\/a-prova-de-bancos-com-dissipacao-de-energia\/\"><strong>Dissipa\u00e7\u00e3o de energia<\/strong><\/a><\/li>\n<\/ul>","protected":false},"excerpt":{"rendered":"<h6>SALAS DE ENSAIO INSONORIZADAS<\/h6>\n<p><strong>Concebemos e fornecemos salas de ensaio totalmente insonorizadas<\/strong>para todos os dom\u00ednios do ensaio de motores, quer se trate de bancos de ensaio de rolos ou de motores, tamb\u00e9m dedicados ao dom\u00ednio da homologa\u00e7\u00e3o.<\/p>\n<p><strong>Juntas adequadas, estrutura resistente, gest\u00e3o adequada dos fluxos de ar e das trocas de ar<\/strong>.<\/p>\n<p>Uma sala de ensaios de motores tem pouco a ver com uma simples cabina insonorizada; tem de envolver grandes fluxos de ar e tens\u00f5es estruturais cont\u00ednuas, devido ao v\u00e1cuo de funcionamento, que podem, com o tempo, comprometer o seu desempenho.<\/p>\n<p>Deve tamb\u00e9m garantir:<\/p>\n<ul>\n<li>Seguran\u00e7a e sa\u00fade para os operadores<\/li>\n<li>Condi\u00e7\u00f5es ambientais constantes para n\u00e3o influenciar negativamente os resultados dos ensaios<\/li>\n<li>Durabilidade ao longo do tempo (estruturas inadequadas podem ser deformadas pelo v\u00e1cuo de funcionamento)<\/li>\n<\/ul>","protected":false},"featured_media":1082,"template":"","meta":[],"product_cat":[96],"product_tag":[114,115,116],"class_list":["post-1004","product","type-product","status-publish","has-post-thumbnail","hentry","product_cat-sale-prova","product_tag-sala-prova-motori","product_tag-sale-prova-banchi-motori","product_tag-sale-prova-insonorizzate"],"yoast_head":"<!-- This site is optimized with the Yoast SEO plugin v26.5 - https:\/\/yoast.com\/wordpress\/plugins\/seo\/ -->\n<title>Sale prova motori - MOTYCS<\/title>\n<meta name=\"description\" content=\"Progettiamo e realizziamo sale prova motori, appositamente realizzate per il tipo di applicazione ed ambito d&#039;uso. Dalla diagnosi alla omologazione veicoli\" \/>\n<meta name=\"robots\" content=\"index, follow, max-snippet:-1, max-image-preview:large, max-video-preview:-1\" \/>\n<link rel=\"canonical\" href=\"https:\/\/motycs.it\/pt\/product\/saleiros\/\" \/>\n<meta property=\"og:locale\" content=\"pt_PT\" \/>\n<meta property=\"og:type\" content=\"article\" \/>\n<meta property=\"og:title\" content=\"Sale prova motori - MOTYCS\" \/>\n<meta property=\"og:description\" content=\"Progettiamo e realizziamo sale prova motori, appositamente realizzate per il tipo di applicazione ed ambito d&#039;uso. Dalla diagnosi alla omologazione veicoli\" \/>\n<meta property=\"og:url\" content=\"https:\/\/motycs.it\/pt\/product\/saleiros\/\" \/>\n<meta property=\"og:site_name\" content=\"MOTYCS\" \/>\n<meta property=\"article:publisher\" content=\"https:\/\/www.facebook.com\/motycs\/\" \/>\n<meta property=\"article:modified_time\" content=\"2023-05-04T08:51:55+00:00\" \/>\n<meta property=\"og:image\" content=\"https:\/\/motycs.it\/wp-content\/uploads\/2022\/03\/engine-dyno-room.png\" \/>\n\t<meta property=\"og:image:width\" content=\"500\" \/>\n\t<meta property=\"og:image:height\" content=\"375\" \/>\n\t<meta property=\"og:image:type\" content=\"image\/png\" \/>\n<meta name=\"twitter:card\" content=\"summary_large_image\" \/>\n<meta name=\"twitter:label1\" content=\"Tempo estimado de leitura\" \/>\n\t<meta name=\"twitter:data1\" content=\"1 minuto\" \/>\n<script type=\"application\/ld+json\" class=\"yoast-schema-graph\">{\"@context\":\"https:\/\/schema.org\",\"@graph\":[{\"@type\":\"WebPage\",\"@id\":\"https:\/\/motycs.it\/product\/saleprovamotori\/\",\"url\":\"https:\/\/motycs.it\/product\/saleprovamotori\/\",\"name\":\"Sale prova motori - MOTYCS\",\"isPartOf\":{\"@id\":\"https:\/\/motycs.it\/#website\"},\"primaryImageOfPage\":{\"@id\":\"https:\/\/motycs.it\/product\/saleprovamotori\/#primaryimage\"},\"image\":{\"@id\":\"https:\/\/motycs.it\/product\/saleprovamotori\/#primaryimage\"},\"thumbnailUrl\":\"https:\/\/motycs.it\/wp-content\/uploads\/2022\/03\/engine-dyno-room.png\",\"datePublished\":\"2022-03-17T17:50:09+00:00\",\"dateModified\":\"2023-05-04T08:51:55+00:00\",\"description\":\"Progettiamo e realizziamo sale prova motori, appositamente realizzate per il tipo di applicazione ed ambito d'uso. Dalla diagnosi alla omologazione veicoli\",\"breadcrumb\":{\"@id\":\"https:\/\/motycs.it\/product\/saleprovamotori\/#breadcrumb\"},\"inLanguage\":\"pt-PT\",\"potentialAction\":[{\"@type\":\"ReadAction\",\"target\":[\"https:\/\/motycs.it\/product\/saleprovamotori\/\"]}]},{\"@type\":\"ImageObject\",\"inLanguage\":\"pt-PT\",\"@id\":\"https:\/\/motycs.it\/product\/saleprovamotori\/#primaryimage\",\"url\":\"https:\/\/motycs.it\/wp-content\/uploads\/2022\/03\/engine-dyno-room.png\",\"contentUrl\":\"https:\/\/motycs.it\/wp-content\/uploads\/2022\/03\/engine-dyno-room.png\",\"width\":500,\"height\":375,\"caption\":\"dyno room motycs\"},{\"@type\":\"BreadcrumbList\",\"@id\":\"https:\/\/motycs.it\/product\/saleprovamotori\/#breadcrumb\",\"itemListElement\":[{\"@type\":\"ListItem\",\"position\":1,\"name\":\"Home\",\"item\":\"https:\/\/motycs.it\/\"},{\"@type\":\"ListItem\",\"position\":2,\"name\":\"Shop\",\"item\":\"https:\/\/motycs.it\/shop\/\"},{\"@type\":\"ListItem\",\"position\":3,\"name\":\"Sale prova motori\"}]},{\"@type\":\"WebSite\",\"@id\":\"https:\/\/motycs.it\/#website\",\"url\":\"https:\/\/motycs.it\/\",\"name\":\"MOTYCS\",\"description\":\"\",\"publisher\":{\"@id\":\"https:\/\/motycs.it\/#organization\"},\"potentialAction\":[{\"@type\":\"SearchAction\",\"target\":{\"@type\":\"EntryPoint\",\"urlTemplate\":\"https:\/\/motycs.it\/?s={search_term_string}\"},\"query-input\":{\"@type\":\"PropertyValueSpecification\",\"valueRequired\":true,\"valueName\":\"search_term_string\"}}],\"inLanguage\":\"pt-PT\"},{\"@type\":\"Organization\",\"@id\":\"https:\/\/motycs.it\/#organization\",\"name\":\"MOTYCS\",\"url\":\"https:\/\/motycs.it\/\",\"logo\":{\"@type\":\"ImageObject\",\"inLanguage\":\"pt-PT\",\"@id\":\"https:\/\/motycs.it\/#\/schema\/logo\/image\/\",\"url\":\"https:\/\/motycs.it\/wp-content\/uploads\/2022\/03\/orizz_bianc.jpg\",\"contentUrl\":\"https:\/\/motycs.it\/wp-content\/uploads\/2022\/03\/orizz_bianc.jpg\",\"width\":600,\"height\":159,\"caption\":\"MOTYCS\"},\"image\":{\"@id\":\"https:\/\/motycs.it\/#\/schema\/logo\/image\/\"},\"sameAs\":[\"https:\/\/www.facebook.com\/motycs\/\",\"https:\/\/www.instagram.com\/motycs.teq\/\",\"https:\/\/www.linkedin.com\/company\/motycs\/\",\"https:\/\/www.pinterest.it\/Motycsdynamometer\/\",\"https:\/\/www.youtube.com\/channel\/UCl_9nwLJn-fMI6UMZVc0tZw\"]}]}<\/script>\n<!-- \/ Yoast SEO plugin. -->","yoast_head_json":{"title":"Salas de ensaio de motores - MOTYCS","description":"Concebemos e constru\u00edmos salas de ensaio de motores, especificamente adaptadas ao tipo de aplica\u00e7\u00e3o e ao dom\u00ednio de utiliza\u00e7\u00e3o. Do diagn\u00f3stico \u00e0 homologa\u00e7\u00e3o de ve\u00edculos","robots":{"index":"index","follow":"follow","max-snippet":"max-snippet:-1","max-image-preview":"max-image-preview:large","max-video-preview":"max-video-preview:-1"},"canonical":"https:\/\/motycs.it\/pt\/product\/saleiros\/","og_locale":"pt_PT","og_type":"article","og_title":"Sale prova motori - MOTYCS","og_description":"Progettiamo e realizziamo sale prova motori, appositamente realizzate per il tipo di applicazione ed ambito d'uso. Dalla diagnosi alla omologazione veicoli","og_url":"https:\/\/motycs.it\/pt\/product\/saleiros\/","og_site_name":"MOTYCS","article_publisher":"https:\/\/www.facebook.com\/motycs\/","article_modified_time":"2023-05-04T08:51:55+00:00","og_image":[{"width":500,"height":375,"url":"https:\/\/motycs.it\/wp-content\/uploads\/2022\/03\/engine-dyno-room.png","type":"image\/png"}],"twitter_card":"summary_large_image","twitter_misc":{"Tempo estimado de leitura":"1 minuto"},"schema":{"@context":"https:\/\/schema.org","@graph":[{"@type":"WebPage","@id":"https:\/\/motycs.it\/product\/saleprovamotori\/","url":"https:\/\/motycs.it\/product\/saleprovamotori\/","name":"Salas de ensaio de motores - MOTYCS","isPartOf":{"@id":"https:\/\/motycs.it\/#website"},"primaryImageOfPage":{"@id":"https:\/\/motycs.it\/product\/saleprovamotori\/#primaryimage"},"image":{"@id":"https:\/\/motycs.it\/product\/saleprovamotori\/#primaryimage"},"thumbnailUrl":"https:\/\/motycs.it\/wp-content\/uploads\/2022\/03\/engine-dyno-room.png","datePublished":"2022-03-17T17:50:09+00:00","dateModified":"2023-05-04T08:51:55+00:00","description":"Concebemos e constru\u00edmos salas de ensaio de motores, especificamente adaptadas ao tipo de aplica\u00e7\u00e3o e ao dom\u00ednio de utiliza\u00e7\u00e3o. Do diagn\u00f3stico \u00e0 homologa\u00e7\u00e3o de ve\u00edculos","breadcrumb":{"@id":"https:\/\/motycs.it\/product\/saleprovamotori\/#breadcrumb"},"inLanguage":"pt-PT","potentialAction":[{"@type":"ReadAction","target":["https:\/\/motycs.it\/product\/saleprovamotori\/"]}]},{"@type":"ImageObject","inLanguage":"pt-PT","@id":"https:\/\/motycs.it\/product\/saleprovamotori\/#primaryimage","url":"https:\/\/motycs.it\/wp-content\/uploads\/2022\/03\/engine-dyno-room.png","contentUrl":"https:\/\/motycs.it\/wp-content\/uploads\/2022\/03\/engine-dyno-room.png","width":500,"height":375,"caption":"dyno room motycs"},{"@type":"BreadcrumbList","@id":"https:\/\/motycs.it\/product\/saleprovamotori\/#breadcrumb","itemListElement":[{"@type":"ListItem","position":1,"name":"Home","item":"https:\/\/motycs.it\/"},{"@type":"ListItem","position":2,"name":"Shop","item":"https:\/\/motycs.it\/shop\/"},{"@type":"ListItem","position":3,"name":"Sale prova motori"}]},{"@type":"WebSite","@id":"https:\/\/motycs.it\/#website","url":"https:\/\/motycs.it\/","name":"MOTYCS","description":"","publisher":{"@id":"https:\/\/motycs.it\/#organization"},"potentialAction":[{"@type":"SearchAction","target":{"@type":"EntryPoint","urlTemplate":"https:\/\/motycs.it\/?s={search_term_string}"},"query-input":{"@type":"PropertyValueSpecification","valueRequired":true,"valueName":"search_term_string"}}],"inLanguage":"pt-PT"},{"@type":"Organization","@id":"https:\/\/motycs.it\/#organization","name":"MOTYCS","url":"https:\/\/motycs.it\/","logo":{"@type":"ImageObject","inLanguage":"pt-PT","@id":"https:\/\/motycs.it\/#\/schema\/logo\/image\/","url":"https:\/\/motycs.it\/wp-content\/uploads\/2022\/03\/orizz_bianc.jpg","contentUrl":"https:\/\/motycs.it\/wp-content\/uploads\/2022\/03\/orizz_bianc.jpg","width":600,"height":159,"caption":"MOTYCS"},"image":{"@id":"https:\/\/motycs.it\/#\/schema\/logo\/image\/"},"sameAs":["https:\/\/www.facebook.com\/motycs\/","https:\/\/www.instagram.com\/motycs.teq\/","https:\/\/www.linkedin.com\/company\/motycs\/","https:\/\/www.pinterest.it\/Motycsdynamometer\/","https:\/\/www.youtube.com\/channel\/UCl_9nwLJn-fMI6UMZVc0tZw"]}]}},"_links":{"self":[{"href":"https:\/\/motycs.it\/pt\/wp-json\/wp\/v2\/product\/1004","targetHints":{"allow":["GET"]}}],"collection":[{"href":"https:\/\/motycs.it\/pt\/wp-json\/wp\/v2\/product"}],"about":[{"href":"https:\/\/motycs.it\/pt\/wp-json\/wp\/v2\/types\/product"}],"wp:featuredmedia":[{"embeddable":true,"href":"https:\/\/motycs.it\/pt\/wp-json\/wp\/v2\/media\/1082"}],"wp:attachment":[{"href":"https:\/\/motycs.it\/pt\/wp-json\/wp\/v2\/media?parent=1004"}],"wp:term":[{"taxonomy":"product_cat","embeddable":true,"href":"https:\/\/motycs.it\/pt\/wp-json\/wp\/v2\/product_cat?post=1004"},{"taxonomy":"product_tag","embeddable":true,"href":"https:\/\/motycs.it\/pt\/wp-json\/wp\/v2\/product_tag?post=1004"}],"curies":[{"name":"wp","href":"https:\/\/api.w.org\/{rel}","templated":true}]}}