{"id":1003,"date":"2022-03-17T18:49:44","date_gmt":"2022-03-17T17:49:44","guid":{"rendered":"https:\/\/motycs.it\/?post_type=product&#038;p=1003"},"modified":"2023-05-04T10:55:02","modified_gmt":"2023-05-04T08:55:02","slug":"omologativi","status":"publish","type":"product","link":"https:\/\/motycs.it\/pt\/product\/homologa\/","title":{"rendered":"Sistemas de homologa\u00e7\u00e3o"},"content":{"rendered":"<h5><strong>SISTEMAS DE CONTROLO NA PLATAFORMA \"INSTRUMENTOS NACIONAIS\" (COMPACT-RIO)<\/strong><\/h5>\n<h6><strong>CARACTER\u00cdSTICAS DO SISTEMA<\/strong><\/h6>\n<ul>\n<li>Desenvolvido em <strong>tr\u00eas n\u00edveis: FPGA, Tempo Real, Windows.<\/strong><\/li>\n<li><strong>Telemetria de tempos de ciclos paralelos com prioridades diferenciadas<\/strong><\/li>\n<li><strong>Hierarquia descendente<\/strong> para os fluxos de entrada\/sa\u00edda e para os controlos<\/li>\n<li><strong>Entradas anal\u00f3gicas geridas individualmente<\/strong><\/li>\n<li><strong>Activa\u00e7\u00e3o\/limita\u00e7\u00e3o\/filtro<\/strong> (digital, estat\u00edstica)<\/li>\n<li><strong>Liga\u00e7\u00e3o do sensor de capta\u00e7\u00e3o de onda quadrada<\/strong><\/li>\n<li><strong>Estados de alarme<\/strong> da sala de ensaios<\/li>\n<li><strong>Sa\u00eddas anal\u00f3gicas e digitais<\/strong><\/li>\n<li><strong>Conjunto de trav\u00e3o e acelerador<\/strong> (alta din\u00e2mica)<\/li>\n<li><strong>Controlo de v\u00e1lvulas para fluidos<\/strong> (baixa din\u00e2mica)<\/li>\n<li><strong>Entradas anal\u00f3gicas especiais: alta defini\u00e7\u00e3o<\/strong> (24 bits) por c\u00e9lula de carga<\/li>\n<li><strong>Alta defini\u00e7\u00e3o (24 bits) para termopares\/termoresist\u00eancias<\/strong><\/li>\n<li><strong>Executa o que est\u00e1 escrito no ficheiro Excel + Exportar para ficheiro de texto<\/strong><\/li>\n<li>Parametriza\u00e7\u00e3o de constantes<\/li>\n<li>Limitar a auto-aprendizagem (grelha)<\/li>\n<li>Mem\u00f3ria do comportamento anterior (uut)<\/li>\n<\/ul>\n<h6><strong>DOM\u00cdNIOS DE APLICA\u00c7\u00c3O<\/strong><\/h6>\n<ul>\n<li>Autom\u00f3vel<\/li>\n<li>Agricultura<\/li>\n<li>Oledin\u00e2mica<\/li>\n<li>Pneum\u00e1tica<\/li>\n<li>Workshops<\/li>\n<\/ul>\n<p>Para mais informa\u00e7\u00f5es, consultar <strong><a href=\"https:\/\/motycs.it\/pt\/sistemas-homologos\/\">esta p\u00e1gina<\/a><\/strong><\/p>\n<h6>INSIGHTS<\/h6>\n<ul>\n<li><strong><a href=\"https:\/\/motycs.it\/pt\/conceitos-basicos-bancadas-de-teste-dinamometro\/\">Descobrir os conceitos b\u00e1sicos dos bancos de ensaio de motores e rolos<\/a><\/strong><\/li>\n<\/ul>","protected":false},"excerpt":{"rendered":"<p>Permitem que o <strong>recondicionamento ou actualiza\u00e7\u00e3o de salas de ensaio e bancos de ensaio existentes<\/strong>adaptando-se a qualquer tipo de mec\u00e2nica (tanto de rolos como de bancos de ensaio de motores). Totalmente desenvolvido para <strong>proporcionar aos profissionais a m\u00e1xima flexibilidade e adaptabilidade a diferentes ambientes de trabalho<\/strong>; desenvolvido numa plataforma industrial <strong>National Instruments (NI) Compact-Rio<\/strong><\/p>\n<h6><strong>DIFERENTES DOM\u00cdNIOS DE APLICA\u00c7\u00c3O<\/strong><\/h6>\n<ul>\n<li><strong>Bancos de ensaio para autom\u00f3veis<\/strong><\/li>\n<li><strong>Bancos de motor<\/strong> (I&amp;D, Produ\u00e7\u00e3o)<\/li>\n<li><strong>Bancos para ve\u00edculos<\/strong> (rolo, emiss\u00f5es)<\/li>\n<li><strong>Ensaio de componentes<\/strong><\/li>\n<li><strong>Aplica\u00e7\u00f5es NVH<\/strong><\/li>\n<li><strong>UCE<\/strong> (aquisi\u00e7\u00e3o, calibra\u00e7\u00e3o, diagn\u00f3stico)<\/li>\n<\/ul>\n<p>Descubra aqui<strong> <a href=\"https:\/\/motycs.it\/pt\/sistemas-homologos\/\">mais pormenores e outros dom\u00ednios de aplica\u00e7\u00e3o<\/a><\/strong><\/p>","protected":false},"featured_media":1075,"template":"","meta":[],"product_cat":[95],"product_tag":[117,118],"class_list":["post-1003","product","type-product","status-publish","has-post-thumbnail","hentry","product_cat-sistemi-di-controllo","product_tag-daq-omologativi","product_tag-sistemi-di-controllo-omologazione-veicoli"],"yoast_head":"<!-- This site is optimized with the Yoast SEO plugin v26.5 - https:\/\/yoast.com\/wordpress\/plugins\/seo\/ -->\n<title>Sistemi di controllo omologativi - MOTYCS<\/title>\n<meta name=\"description\" content=\"Rinnova i tuo banco prova, con il nostro sistema dedicato alla gestione di sale prova e banchi omologativi. Riconosciuto dal ministero dei trasporti\" \/>\n<meta name=\"robots\" content=\"index, follow, max-snippet:-1, max-image-preview:large, max-video-preview:-1\" \/>\n<link rel=\"canonical\" href=\"https:\/\/motycs.it\/pt\/product\/homologa\/\" \/>\n<meta property=\"og:locale\" content=\"pt_PT\" \/>\n<meta property=\"og:type\" content=\"article\" \/>\n<meta property=\"og:title\" content=\"Sistemi di controllo omologativi - MOTYCS\" \/>\n<meta property=\"og:description\" content=\"Rinnova i tuo banco prova, con il nostro sistema dedicato alla gestione di sale prova e banchi omologativi. Riconosciuto dal ministero dei trasporti\" \/>\n<meta property=\"og:url\" content=\"https:\/\/motycs.it\/pt\/product\/homologa\/\" \/>\n<meta property=\"og:site_name\" content=\"MOTYCS\" \/>\n<meta property=\"article:publisher\" content=\"https:\/\/www.facebook.com\/motycs\/\" \/>\n<meta property=\"article:modified_time\" content=\"2023-05-04T08:55:02+00:00\" \/>\n<meta property=\"og:image\" content=\"https:\/\/motycs.it\/wp-content\/uploads\/2022\/03\/SW_banchi-prova-cicli-w740.png\" \/>\n\t<meta property=\"og:image:width\" content=\"740\" \/>\n\t<meta property=\"og:image:height\" content=\"519\" \/>\n\t<meta property=\"og:image:type\" content=\"image\/png\" \/>\n<meta name=\"twitter:card\" content=\"summary_large_image\" \/>\n<meta name=\"twitter:label1\" content=\"Tempo estimado de leitura\" \/>\n\t<meta name=\"twitter:data1\" content=\"2 minutos\" \/>\n<script type=\"application\/ld+json\" class=\"yoast-schema-graph\">{\"@context\":\"https:\/\/schema.org\",\"@graph\":[{\"@type\":\"WebPage\",\"@id\":\"https:\/\/motycs.it\/product\/omologativi\/\",\"url\":\"https:\/\/motycs.it\/product\/omologativi\/\",\"name\":\"Sistemi di controllo omologativi - MOTYCS\",\"isPartOf\":{\"@id\":\"https:\/\/motycs.it\/#website\"},\"primaryImageOfPage\":{\"@id\":\"https:\/\/motycs.it\/product\/omologativi\/#primaryimage\"},\"image\":{\"@id\":\"https:\/\/motycs.it\/product\/omologativi\/#primaryimage\"},\"thumbnailUrl\":\"https:\/\/motycs.it\/wp-content\/uploads\/2022\/03\/SW_banchi-prova-cicli-w740.png\",\"datePublished\":\"2022-03-17T17:49:44+00:00\",\"dateModified\":\"2023-05-04T08:55:02+00:00\",\"description\":\"Rinnova i tuo banco prova, con il nostro sistema dedicato alla gestione di sale prova e banchi omologativi. Riconosciuto dal ministero dei trasporti\",\"breadcrumb\":{\"@id\":\"https:\/\/motycs.it\/product\/omologativi\/#breadcrumb\"},\"inLanguage\":\"pt-PT\",\"potentialAction\":[{\"@type\":\"ReadAction\",\"target\":[\"https:\/\/motycs.it\/product\/omologativi\/\"]}]},{\"@type\":\"ImageObject\",\"inLanguage\":\"pt-PT\",\"@id\":\"https:\/\/motycs.it\/product\/omologativi\/#primaryimage\",\"url\":\"https:\/\/motycs.it\/wp-content\/uploads\/2022\/03\/SW_banchi-prova-cicli-w740.png\",\"contentUrl\":\"https:\/\/motycs.it\/wp-content\/uploads\/2022\/03\/SW_banchi-prova-cicli-w740.png\",\"width\":740,\"height\":519},{\"@type\":\"BreadcrumbList\",\"@id\":\"https:\/\/motycs.it\/product\/omologativi\/#breadcrumb\",\"itemListElement\":[{\"@type\":\"ListItem\",\"position\":1,\"name\":\"Home\",\"item\":\"https:\/\/motycs.it\/\"},{\"@type\":\"ListItem\",\"position\":2,\"name\":\"Shop\",\"item\":\"https:\/\/motycs.it\/shop\/\"},{\"@type\":\"ListItem\",\"position\":3,\"name\":\"Sistemi di controllo omologativi\"}]},{\"@type\":\"WebSite\",\"@id\":\"https:\/\/motycs.it\/#website\",\"url\":\"https:\/\/motycs.it\/\",\"name\":\"MOTYCS\",\"description\":\"\",\"publisher\":{\"@id\":\"https:\/\/motycs.it\/#organization\"},\"potentialAction\":[{\"@type\":\"SearchAction\",\"target\":{\"@type\":\"EntryPoint\",\"urlTemplate\":\"https:\/\/motycs.it\/?s={search_term_string}\"},\"query-input\":{\"@type\":\"PropertyValueSpecification\",\"valueRequired\":true,\"valueName\":\"search_term_string\"}}],\"inLanguage\":\"pt-PT\"},{\"@type\":\"Organization\",\"@id\":\"https:\/\/motycs.it\/#organization\",\"name\":\"MOTYCS\",\"url\":\"https:\/\/motycs.it\/\",\"logo\":{\"@type\":\"ImageObject\",\"inLanguage\":\"pt-PT\",\"@id\":\"https:\/\/motycs.it\/#\/schema\/logo\/image\/\",\"url\":\"https:\/\/motycs.it\/wp-content\/uploads\/2022\/03\/orizz_bianc.jpg\",\"contentUrl\":\"https:\/\/motycs.it\/wp-content\/uploads\/2022\/03\/orizz_bianc.jpg\",\"width\":600,\"height\":159,\"caption\":\"MOTYCS\"},\"image\":{\"@id\":\"https:\/\/motycs.it\/#\/schema\/logo\/image\/\"},\"sameAs\":[\"https:\/\/www.facebook.com\/motycs\/\",\"https:\/\/www.instagram.com\/motycs.teq\/\",\"https:\/\/www.linkedin.com\/company\/motycs\/\",\"https:\/\/www.pinterest.it\/Motycsdynamometer\/\",\"https:\/\/www.youtube.com\/channel\/UCl_9nwLJn-fMI6UMZVc0tZw\"]}]}<\/script>\n<!-- \/ Yoast SEO plugin. -->","yoast_head_json":{"title":"Sistemas de controlo de homologa\u00e7\u00e3o - MOTYCS","description":"Renove o seu banco de ensaios com o nosso sistema dedicado \u00e0 gest\u00e3o das salas de ensaios e dos bancos de homologa\u00e7\u00e3o. Reconhecido pelo Minist\u00e9rio dos Transportes","robots":{"index":"index","follow":"follow","max-snippet":"max-snippet:-1","max-image-preview":"max-image-preview:large","max-video-preview":"max-video-preview:-1"},"canonical":"https:\/\/motycs.it\/pt\/product\/homologa\/","og_locale":"pt_PT","og_type":"article","og_title":"Sistemi di controllo omologativi - MOTYCS","og_description":"Rinnova i tuo banco prova, con il nostro sistema dedicato alla gestione di sale prova e banchi omologativi. Riconosciuto dal ministero dei trasporti","og_url":"https:\/\/motycs.it\/pt\/product\/homologa\/","og_site_name":"MOTYCS","article_publisher":"https:\/\/www.facebook.com\/motycs\/","article_modified_time":"2023-05-04T08:55:02+00:00","og_image":[{"width":740,"height":519,"url":"https:\/\/motycs.it\/wp-content\/uploads\/2022\/03\/SW_banchi-prova-cicli-w740.png","type":"image\/png"}],"twitter_card":"summary_large_image","twitter_misc":{"Tempo estimado de leitura":"2 minutos"},"schema":{"@context":"https:\/\/schema.org","@graph":[{"@type":"WebPage","@id":"https:\/\/motycs.it\/product\/omologativi\/","url":"https:\/\/motycs.it\/product\/omologativi\/","name":"Sistemas de controlo de homologa\u00e7\u00e3o - MOTYCS","isPartOf":{"@id":"https:\/\/motycs.it\/#website"},"primaryImageOfPage":{"@id":"https:\/\/motycs.it\/product\/omologativi\/#primaryimage"},"image":{"@id":"https:\/\/motycs.it\/product\/omologativi\/#primaryimage"},"thumbnailUrl":"https:\/\/motycs.it\/wp-content\/uploads\/2022\/03\/SW_banchi-prova-cicli-w740.png","datePublished":"2022-03-17T17:49:44+00:00","dateModified":"2023-05-04T08:55:02+00:00","description":"Renove o seu banco de ensaios com o nosso sistema dedicado \u00e0 gest\u00e3o das salas de ensaios e dos bancos de homologa\u00e7\u00e3o. Reconhecido pelo Minist\u00e9rio dos Transportes","breadcrumb":{"@id":"https:\/\/motycs.it\/product\/omologativi\/#breadcrumb"},"inLanguage":"pt-PT","potentialAction":[{"@type":"ReadAction","target":["https:\/\/motycs.it\/product\/omologativi\/"]}]},{"@type":"ImageObject","inLanguage":"pt-PT","@id":"https:\/\/motycs.it\/product\/omologativi\/#primaryimage","url":"https:\/\/motycs.it\/wp-content\/uploads\/2022\/03\/SW_banchi-prova-cicli-w740.png","contentUrl":"https:\/\/motycs.it\/wp-content\/uploads\/2022\/03\/SW_banchi-prova-cicli-w740.png","width":740,"height":519},{"@type":"BreadcrumbList","@id":"https:\/\/motycs.it\/product\/omologativi\/#breadcrumb","itemListElement":[{"@type":"ListItem","position":1,"name":"Home","item":"https:\/\/motycs.it\/"},{"@type":"ListItem","position":2,"name":"Shop","item":"https:\/\/motycs.it\/shop\/"},{"@type":"ListItem","position":3,"name":"Sistemi di controllo omologativi"}]},{"@type":"WebSite","@id":"https:\/\/motycs.it\/#website","url":"https:\/\/motycs.it\/","name":"MOTYCS","description":"","publisher":{"@id":"https:\/\/motycs.it\/#organization"},"potentialAction":[{"@type":"SearchAction","target":{"@type":"EntryPoint","urlTemplate":"https:\/\/motycs.it\/?s={search_term_string}"},"query-input":{"@type":"PropertyValueSpecification","valueRequired":true,"valueName":"search_term_string"}}],"inLanguage":"pt-PT"},{"@type":"Organization","@id":"https:\/\/motycs.it\/#organization","name":"MOTYCS","url":"https:\/\/motycs.it\/","logo":{"@type":"ImageObject","inLanguage":"pt-PT","@id":"https:\/\/motycs.it\/#\/schema\/logo\/image\/","url":"https:\/\/motycs.it\/wp-content\/uploads\/2022\/03\/orizz_bianc.jpg","contentUrl":"https:\/\/motycs.it\/wp-content\/uploads\/2022\/03\/orizz_bianc.jpg","width":600,"height":159,"caption":"MOTYCS"},"image":{"@id":"https:\/\/motycs.it\/#\/schema\/logo\/image\/"},"sameAs":["https:\/\/www.facebook.com\/motycs\/","https:\/\/www.instagram.com\/motycs.teq\/","https:\/\/www.linkedin.com\/company\/motycs\/","https:\/\/www.pinterest.it\/Motycsdynamometer\/","https:\/\/www.youtube.com\/channel\/UCl_9nwLJn-fMI6UMZVc0tZw"]}]}},"_links":{"self":[{"href":"https:\/\/motycs.it\/pt\/wp-json\/wp\/v2\/product\/1003","targetHints":{"allow":["GET"]}}],"collection":[{"href":"https:\/\/motycs.it\/pt\/wp-json\/wp\/v2\/product"}],"about":[{"href":"https:\/\/motycs.it\/pt\/wp-json\/wp\/v2\/types\/product"}],"wp:featuredmedia":[{"embeddable":true,"href":"https:\/\/motycs.it\/pt\/wp-json\/wp\/v2\/media\/1075"}],"wp:attachment":[{"href":"https:\/\/motycs.it\/pt\/wp-json\/wp\/v2\/media?parent=1003"}],"wp:term":[{"taxonomy":"product_cat","embeddable":true,"href":"https:\/\/motycs.it\/pt\/wp-json\/wp\/v2\/product_cat?post=1003"},{"taxonomy":"product_tag","embeddable":true,"href":"https:\/\/motycs.it\/pt\/wp-json\/wp\/v2\/product_tag?post=1003"}],"curies":[{"name":"wp","href":"https:\/\/api.w.org\/{rel}","templated":true}]}}