{"id":1002,"date":"2022-03-17T18:49:16","date_gmt":"2022-03-17T17:49:16","guid":{"rendered":"https:\/\/motycs.it\/?post_type=product&#038;p=1002"},"modified":"2023-05-26T10:30:54","modified_gmt":"2023-05-26T08:30:54","slug":"prova-potenza","status":"publish","type":"product","link":"https:\/\/motycs.it\/pt\/product\/teste-de-potencia\/","title":{"rendered":"Diagn\u00f3stico e Calibra\u00e7\u00e3o"},"content":{"rendered":"<p>Produtos <strong>avan\u00e7ado, actualizado e flex\u00edvel<\/strong>; capaz de <strong>adaptarmo-nos ao profissionalismo, \u00e0 compet\u00eancia e \u00e0s necessidades dos nossos clientes<\/strong>.<\/p>\n<p><strong>Repetibilidade de ensaios, personaliza\u00e7\u00e3o de hardware e software, compatibilidade de sondas e actuadores, expansibilidade total do sistema<\/strong>; estes s\u00e3o os princ\u00edpios sobre os quais sempre gost\u00e1mos de desenvolver os nossos sistemas de ensaio de motores.<\/p>\n<h6><strong>Vasta gama de acess\u00f3rios dedicados \u00e0 sala de ensaios de motores <\/strong>(consoante o modelo):<\/h6>\n<ul>\n<li><strong>Interface OBDII<\/strong> ve\u00edculo<\/li>\n<li><strong>Sondas lambda <\/strong>e controlador<\/li>\n<li>Entradas <strong>termopares<\/strong><\/li>\n<li><strong>At\u00e9 24 canais<\/strong> anal\u00f3gico\/digital, expans\u00edvel<\/li>\n<li><strong>Interfaces de liga\u00e7\u00e3o<\/strong><\/li>\n<li><strong>Accionamentos servo-controlados<\/strong><\/li>\n<li><strong>Tomadas controladas<\/strong><\/li>\n<li><strong>Alicate indutivo<\/strong><\/li>\n<li><strong>Controlo remoto<\/strong><\/li>\n<\/ul>\n<p><em><strong>N.B. Todos os kits s\u00e3o fornecidos completos com sensores, cablagem e acess\u00f3rios \u00fateis e necess\u00e1rios para a montagem<\/strong>.<\/em><\/p>\n<h6><strong>CARACTER\u00cdSTICAS DO SOFTWARE DE CONTROLO PARA BANCOS DE ENSAIO <\/strong><strong>SPORT DEVICES<\/strong><\/h6>\n<ul>\n<li>Pode ser <strong>instalado em todos os tipos de bancos de ensaio de pot\u00eancia<\/strong> dedicado ao mundo do <strong>diagn\u00f3stico e calibra\u00e7\u00e3o do motor<\/strong><\/li>\n<li><strong>Software moderno, personaliz\u00e1vel e com janelas m\u00f3veis, concebido para facilitar o trabalho do programador<\/strong> na gest\u00e3o da sonda\/canal e dos dados, com a maior flexibilidade e efici\u00eancia poss\u00edveis<\/li>\n<li><strong>At\u00e9 3 ecr\u00e3s em tempo real<\/strong> (requer placa de v\u00eddeo dedicada)<\/li>\n<li>Permite <strong>comparar um n\u00famero ilimitado de curvas<\/strong> lidos na base de dados, aos quais \u00e9 atribu\u00edda uma cor diferente. Isto permite <strong>avaliar as altera\u00e7\u00f5es e melhorias antes e depois das modifica\u00e7\u00f5es<\/strong>. Um ponteiro autom\u00e1tico mede a diferen\u00e7a entre as curvas ao longo de todo o gr\u00e1fico, para al\u00e9m da sua medi\u00e7\u00e3o pontual,<\/li>\n<li><strong>Factores de correc\u00e7\u00e3o<\/strong>ISO1585, SAEJ1349, DIN70020, JISD1001, EC95-1, EWG 80\/ 1269 (<strong>Permite igualmente a correc\u00e7\u00e3o das curvas em fun\u00e7\u00e3o da temperatura de entrada de ar<\/strong>(atrav\u00e9s da interface OBD ou de uma sonda externa)<\/li>\n<li><strong>Possibilidade de comparar os diferentes testes efectuados, sobrepondo-os<\/strong><\/li>\n<li><strong>A unidade de medida da pot\u00eancia (Kw,Cv), do bin\u00e1rio (Kg *m, N*m)<\/strong> \u00e9 seleccion\u00e1vel pelo utilizador.<\/li>\n<li><a href=\"https:\/\/www.sportdevices.com\/sportdyno41-whats-new.php\">Actualiza\u00e7\u00f5es de software inclu\u00eddas e transfer\u00edveis directamente do s\u00edtio Web<\/a><\/li>\n<li>Modos de teste dispon\u00edveis: <strong>Inercial, travagem constante, rampa, simula\u00e7\u00e3o rodovi\u00e1ria, estado estacion\u00e1rio<\/strong>.<\/li>\n<li><strong>Liga\u00e7\u00e3o Ethernet de alta velocidade, CANBUS, Bluetooth (opcional), RS232<\/strong>.<\/li>\n<li><strong>Interface OBDII para ve\u00edculos, esta\u00e7\u00e3o meteorol\u00f3gica integrada ou externa. <\/strong><\/li>\n<li><strong>Suporta diferentes modelos de analisadores de gases de escape<\/strong><\/li>\n<li>O sistema implementa um <strong>controlo dos trav\u00f5es em \"circuito fechado<\/strong>. Tamb\u00e9m funciona sem computador (controlo remoto)<\/li>\n<li><strong>Controlo remoto do actuador do acelerador, actuador da embraiagem, caixa de velocidades, ventiladores<\/strong> etc. a partir do software para PC.<\/li>\n<li><strong>Interface dispon\u00edvel em 10 idiomas<\/strong>, incluindo italiano.<\/li>\n<\/ul>\n<p><a href=\"https:\/\/www.sportdevices.com\/sportdyno.php\" target=\"_blank\" rel=\"noopener\">Descubra aqui <strong>mais pormenores sobre o software<\/strong> do controlo Sportdyno<\/a> (liga\u00e7\u00e3o ao s\u00edtio Web da Sport Devices em INGL\u00caS)<\/p>\n<p><a href=\"https:\/\/www.sportdevices.com\/download.php\" target=\"_blank\" rel=\"noopener\">Aqui pode <strong>descarregar e instalar a \u00faltima vers\u00e3o dispon\u00edvel<\/strong>, para ver a sua funcionalidade<\/a> (liga\u00e7\u00e3o ao s\u00edtio Web da Sport Devices em INGL\u00caS)<\/p>\n<h6><strong>CANAIS DE AQUISI\u00c7\u00c3O DE DADOS\u00a0<\/strong><\/h6>\n<ul>\n<li>O sistema de controlo e aquisi\u00e7\u00e3o da Sport Devices oferece <strong>v\u00e1rios canais tamb\u00e9m em retransmiss\u00e3o<\/strong>dedicado \u00e0 aquisi\u00e7\u00e3o de dados de sensores lambda, de press\u00e3o e de termopares, quer sejam anal\u00f3gicos ou digitais (os sistemas oferecem at\u00e9 24 canais na vers\u00e3o SP6). <strong>Pode gerir de forma independente os v\u00e1rios sistemas de ventila\u00e7\u00e3o da sala de ensaios<\/strong>, com quatro tomadas controladas, configur\u00e1veis e independentes.<\/li>\n<\/ul>\n<h6><strong>TESTES EXECUT\u00c1VEIS<\/strong><\/h6>\n<ul>\n<li><strong>Medi\u00e7\u00f5es de pot\u00eancia<\/strong> (Na roda, no veio de transmiss\u00e3o, dissipar)<\/li>\n<li><strong>Teste de acelera\u00e7\u00e3o e desacelera\u00e7\u00e3o<\/strong> (Para avaliar o desempenho quando o ve\u00edculo \u00e9 sujeito a cargas externas)<\/li>\n<li><strong>Simula\u00e7\u00e3o de estrada<\/strong> (Para verificar o desempenho do ve\u00edculo, incluindo com ferramentas de diagn\u00f3stico)<\/li>\n<li><strong>Ensaios por in\u00e9rcia de acelera\u00e7\u00e3o e desacelera\u00e7\u00e3o<\/strong><\/li>\n<li><strong>Testes por etapas, voltas constantes, testes program\u00e1veis como simula\u00e7\u00e3o de volta\/circuito<\/strong> (ficheiro CSV)<\/li>\n<\/ul>\n<p><a href=\"https:\/\/motycs.it\/wp-content\/uploads\/2023\/05\/dyno-daq-system-motycs.jpg\"><img loading=\"lazy\" decoding=\"async\" class=\"aligncenter wp-image-1589 size-full\" title=\"sportdevices banco de ensaio spordyno\" src=\"https:\/\/motycs.it\/wp-content\/uploads\/2023\/05\/dyno-daq-system-motycs.jpg\" alt=\"banco de ensaio de software dispositivos desportivos\" width=\"800\" height=\"800\" srcset=\"https:\/\/motycs.it\/wp-content\/uploads\/2023\/05\/dyno-daq-system-motycs.jpg 800w, https:\/\/motycs.it\/wp-content\/uploads\/2023\/05\/dyno-daq-system-motycs-300x300.jpg 300w, https:\/\/motycs.it\/wp-content\/uploads\/2023\/05\/dyno-daq-system-motycs-150x150.jpg 150w, https:\/\/motycs.it\/wp-content\/uploads\/2023\/05\/dyno-daq-system-motycs-768x768.jpg 768w, https:\/\/motycs.it\/wp-content\/uploads\/2023\/05\/dyno-daq-system-motycs-600x600.jpg 600w, https:\/\/motycs.it\/wp-content\/uploads\/2023\/05\/dyno-daq-system-motycs-100x100.jpg 100w\" sizes=\"auto, (max-width: 800px) 100vw, 800px\" \/><\/a><\/p>\n<h6>INSIGHTS<\/h6>\n<ul>\n<li><strong><a href=\"https:\/\/motycs.it\/pt\/conceitos-basicos-bancadas-de-teste-dinamometro\/\">Descobrir os conceitos b\u00e1sicos dos bancos de ensaio de motores e rolos<\/a><\/strong><\/li>\n<li><strong><a href=\"https:\/\/motycs.it\/pt\/bancos-de-ensaio-4wd\/\">Vantagens dos bancos de ensaio de pot\u00eancia de eixo ligado 4WD<\/a><\/strong><\/li>\n<li><strong><a href=\"https:\/\/motycs.it\/pt\/bancadas-de-potencia-biroll-de-rolo-unico\/\">Bancos de ensaio MONO-roller e BI-roller<\/a><\/strong><\/li>\n<li><a href=\"https:\/\/motycs.it\/pt\/a-prova-de-bancos-com-dissipacao-de-energia\/\"><strong>Dissipa\u00e7\u00e3o de energia<\/strong><\/a><\/li>\n<\/ul>","protected":false},"excerpt":{"rendered":"<p><strong>ACTUALIZE O SEU BANCO DE ENSAIOS\u00a0<\/strong><\/p>\n<ul>\n<li><strong>Aplic\u00e1vel a<\/strong> <strong>qualquer tipo de banco de ensaio<\/strong> pot\u00eancia<\/li>\n<li><strong>Software de \u00faltima gera\u00e7\u00e3o<\/strong>, com pain\u00e9is m\u00f3veis<\/li>\n<li><strong>At\u00e9 24 canais anal\u00f3gicos\/digitais<\/strong><\/li>\n<\/ul>\n<p>Descubra os modelos dispon\u00edveis (liga\u00e7\u00e3o ao s\u00edtio Web da Sport Devices)<\/p>\n<div class=\"page\" title=\"P\u00e1gina 4\">\n<div class=\"section\">\n<div class=\"layoutArea\">\n<div class=\"column\">\n<ul>\n<li><strong>2WD\/motociclos<\/strong> in\u00e9rcia:\u00a0 <em><a href=\"https:\/\/www.sportdevices.com\/sp1.php\" target=\"_blank\" rel=\"noopener\">Mod. <strong>SP1<\/strong><\/a><\/em><\/li>\n<li><strong>2WD\/motociclos<\/strong> travado: <em><a href=\"https:\/\/www.sportdevices.com\/sp1_plus.php\" target=\"_blank\" rel=\"noopener\">Mod. <strong>SP1+<\/strong><\/a><\/em><\/li>\n<li><strong>4WD<\/strong> in\u00e9rcia:\u00a0 <em><a href=\"http:\/\/sportdevices.com\/sp1_plus.php\">Mod.<strong>SP1 AWDI<\/strong><\/a><strong>\u00a0 <\/strong><\/em><\/li>\n<li><strong>4WD<\/strong> Trav\u00f5es:\u00a0 <em><a href=\"https:\/\/www.sportdevices.com\/sp5.php\">Mod: <strong>SP5<\/strong><\/a> \/ <strong><a href=\"https:\/\/www.sportdevices.com\/sp6.php\" target=\"_blank\" rel=\"noopener\">SP6<\/a><\/strong><\/em><\/li>\n<li><strong>2WD\/4WD com trav\u00e3o tamb\u00e9m HUB DYNO<\/strong>: <a href=\"https:\/\/www.sportdevices.com\/sp6.php\"><em>Mod. <strong>SP6<\/strong><\/em><\/a><\/li>\n<li><strong>Bancos de ensaio de motores:<\/strong> \u00a0<strong><em><a href=\"https:\/\/www.sportdevices.com\/sp1_plus.php\" target=\"_blank\" rel=\"noopener\">Mod. SP1+<\/a><\/em><\/strong> \/ <em><a href=\"https:\/\/www.sportdevices.com\/sp5.php\"><strong>SP5<\/strong><\/a> \/ <strong><a href=\"https:\/\/www.sportdevices.com\/sp6.php\" target=\"_blank\" rel=\"noopener\">SP6<\/a><\/strong><\/em><\/li>\n<\/ul>\n<\/div>\n<\/div>\n<\/div>\n<\/div>","protected":false},"featured_media":1146,"template":"","meta":[],"product_cat":[95],"product_tag":[108,107,143],"class_list":["post-1002","product","type-product","status-publish","has-post-thumbnail","hentry","product_cat-sistemi-di-controllo","product_tag-aggiornamento-banchi-prova-potenza","product_tag-sistemi-di-acquisizione","product_tag-software-banchi-prova"],"yoast_head":"<!-- This site is optimized with the Yoast SEO plugin v26.5 - https:\/\/yoast.com\/wordpress\/plugins\/seo\/ -->\n<title>Diagnosi e Calibrazione - MOTYCS<\/title>\n<meta name=\"description\" content=\"Rinnova il tuo banco prova potenza auto, moto o motore. Scopri i sistemi di controllo ed acquisizione Sport Devices. Contattaci per maggiori informazioni\" \/>\n<meta name=\"robots\" content=\"index, follow, max-snippet:-1, max-image-preview:large, max-video-preview:-1\" \/>\n<link rel=\"canonical\" href=\"https:\/\/motycs.it\/pt\/product\/teste-de-potencia\/\" \/>\n<meta property=\"og:locale\" content=\"pt_PT\" \/>\n<meta property=\"og:type\" content=\"article\" \/>\n<meta property=\"og:title\" content=\"Diagnosi e Calibrazione - MOTYCS\" \/>\n<meta property=\"og:description\" content=\"Rinnova il tuo banco prova potenza auto, moto o motore. Scopri i sistemi di controllo ed acquisizione Sport Devices. Contattaci per maggiori informazioni\" \/>\n<meta property=\"og:url\" content=\"https:\/\/motycs.it\/pt\/product\/teste-de-potencia\/\" \/>\n<meta property=\"og:site_name\" content=\"MOTYCS\" \/>\n<meta property=\"article:publisher\" content=\"https:\/\/www.facebook.com\/motycs\/\" \/>\n<meta property=\"article:modified_time\" content=\"2023-05-26T08:30:54+00:00\" \/>\n<meta property=\"og:image\" content=\"https:\/\/motycs.it\/wp-content\/uploads\/2022\/03\/SP5-motycs-bancoprovapotenza.jpeg\" \/>\n\t<meta property=\"og:image:width\" content=\"1200\" \/>\n\t<meta property=\"og:image:height\" content=\"846\" \/>\n\t<meta property=\"og:image:type\" content=\"image\/jpeg\" \/>\n<meta name=\"twitter:card\" content=\"summary_large_image\" \/>\n<meta name=\"twitter:label1\" content=\"Tempo estimado de leitura\" \/>\n\t<meta name=\"twitter:data1\" content=\"3 minutos\" \/>\n<script type=\"application\/ld+json\" class=\"yoast-schema-graph\">{\"@context\":\"https:\/\/schema.org\",\"@graph\":[{\"@type\":\"WebPage\",\"@id\":\"https:\/\/motycs.it\/product\/prova-potenza\/\",\"url\":\"https:\/\/motycs.it\/product\/prova-potenza\/\",\"name\":\"Diagnosi e Calibrazione - MOTYCS\",\"isPartOf\":{\"@id\":\"https:\/\/motycs.it\/#website\"},\"primaryImageOfPage\":{\"@id\":\"https:\/\/motycs.it\/product\/prova-potenza\/#primaryimage\"},\"image\":{\"@id\":\"https:\/\/motycs.it\/product\/prova-potenza\/#primaryimage\"},\"thumbnailUrl\":\"https:\/\/motycs.it\/wp-content\/uploads\/2022\/03\/SP5-motycs-bancoprovapotenza.jpeg\",\"datePublished\":\"2022-03-17T17:49:16+00:00\",\"dateModified\":\"2023-05-26T08:30:54+00:00\",\"description\":\"Rinnova il tuo banco prova potenza auto, moto o motore. Scopri i sistemi di controllo ed acquisizione Sport Devices. Contattaci per maggiori informazioni\",\"breadcrumb\":{\"@id\":\"https:\/\/motycs.it\/product\/prova-potenza\/#breadcrumb\"},\"inLanguage\":\"pt-PT\",\"potentialAction\":[{\"@type\":\"ReadAction\",\"target\":[\"https:\/\/motycs.it\/product\/prova-potenza\/\"]}]},{\"@type\":\"ImageObject\",\"inLanguage\":\"pt-PT\",\"@id\":\"https:\/\/motycs.it\/product\/prova-potenza\/#primaryimage\",\"url\":\"https:\/\/motycs.it\/wp-content\/uploads\/2022\/03\/SP5-motycs-bancoprovapotenza.jpeg\",\"contentUrl\":\"https:\/\/motycs.it\/wp-content\/uploads\/2022\/03\/SP5-motycs-bancoprovapotenza.jpeg\",\"width\":1200,\"height\":846},{\"@type\":\"BreadcrumbList\",\"@id\":\"https:\/\/motycs.it\/product\/prova-potenza\/#breadcrumb\",\"itemListElement\":[{\"@type\":\"ListItem\",\"position\":1,\"name\":\"Home\",\"item\":\"https:\/\/motycs.it\/\"},{\"@type\":\"ListItem\",\"position\":2,\"name\":\"Shop\",\"item\":\"https:\/\/motycs.it\/shop\/\"},{\"@type\":\"ListItem\",\"position\":3,\"name\":\"Diagnosi e Calibrazione\"}]},{\"@type\":\"WebSite\",\"@id\":\"https:\/\/motycs.it\/#website\",\"url\":\"https:\/\/motycs.it\/\",\"name\":\"MOTYCS\",\"description\":\"\",\"publisher\":{\"@id\":\"https:\/\/motycs.it\/#organization\"},\"potentialAction\":[{\"@type\":\"SearchAction\",\"target\":{\"@type\":\"EntryPoint\",\"urlTemplate\":\"https:\/\/motycs.it\/?s={search_term_string}\"},\"query-input\":{\"@type\":\"PropertyValueSpecification\",\"valueRequired\":true,\"valueName\":\"search_term_string\"}}],\"inLanguage\":\"pt-PT\"},{\"@type\":\"Organization\",\"@id\":\"https:\/\/motycs.it\/#organization\",\"name\":\"MOTYCS\",\"url\":\"https:\/\/motycs.it\/\",\"logo\":{\"@type\":\"ImageObject\",\"inLanguage\":\"pt-PT\",\"@id\":\"https:\/\/motycs.it\/#\/schema\/logo\/image\/\",\"url\":\"https:\/\/motycs.it\/wp-content\/uploads\/2022\/03\/orizz_bianc.jpg\",\"contentUrl\":\"https:\/\/motycs.it\/wp-content\/uploads\/2022\/03\/orizz_bianc.jpg\",\"width\":600,\"height\":159,\"caption\":\"MOTYCS\"},\"image\":{\"@id\":\"https:\/\/motycs.it\/#\/schema\/logo\/image\/\"},\"sameAs\":[\"https:\/\/www.facebook.com\/motycs\/\",\"https:\/\/www.instagram.com\/motycs.teq\/\",\"https:\/\/www.linkedin.com\/company\/motycs\/\",\"https:\/\/www.pinterest.it\/Motycsdynamometer\/\",\"https:\/\/www.youtube.com\/channel\/UCl_9nwLJn-fMI6UMZVc0tZw\"]}]}<\/script>\n<!-- \/ Yoast SEO plugin. -->","yoast_head_json":{"title":"Diagn\u00f3stico e Calibra\u00e7\u00e3o - MOTYCS","description":"Renove o seu banco de ensaios de pot\u00eancia de autom\u00f3veis, motociclos ou motores. Descubra os sistemas de controlo e aquisi\u00e7\u00e3o Sport Devices. Contacte-nos para mais informa\u00e7\u00f5es","robots":{"index":"index","follow":"follow","max-snippet":"max-snippet:-1","max-image-preview":"max-image-preview:large","max-video-preview":"max-video-preview:-1"},"canonical":"https:\/\/motycs.it\/pt\/product\/teste-de-potencia\/","og_locale":"pt_PT","og_type":"article","og_title":"Diagnosi e Calibrazione - MOTYCS","og_description":"Rinnova il tuo banco prova potenza auto, moto o motore. Scopri i sistemi di controllo ed acquisizione Sport Devices. Contattaci per maggiori informazioni","og_url":"https:\/\/motycs.it\/pt\/product\/teste-de-potencia\/","og_site_name":"MOTYCS","article_publisher":"https:\/\/www.facebook.com\/motycs\/","article_modified_time":"2023-05-26T08:30:54+00:00","og_image":[{"width":1200,"height":846,"url":"https:\/\/motycs.it\/wp-content\/uploads\/2022\/03\/SP5-motycs-bancoprovapotenza.jpeg","type":"image\/jpeg"}],"twitter_card":"summary_large_image","twitter_misc":{"Tempo estimado de leitura":"3 minutos"},"schema":{"@context":"https:\/\/schema.org","@graph":[{"@type":"WebPage","@id":"https:\/\/motycs.it\/product\/prova-potenza\/","url":"https:\/\/motycs.it\/product\/prova-potenza\/","name":"Diagn\u00f3stico e Calibra\u00e7\u00e3o - MOTYCS","isPartOf":{"@id":"https:\/\/motycs.it\/#website"},"primaryImageOfPage":{"@id":"https:\/\/motycs.it\/product\/prova-potenza\/#primaryimage"},"image":{"@id":"https:\/\/motycs.it\/product\/prova-potenza\/#primaryimage"},"thumbnailUrl":"https:\/\/motycs.it\/wp-content\/uploads\/2022\/03\/SP5-motycs-bancoprovapotenza.jpeg","datePublished":"2022-03-17T17:49:16+00:00","dateModified":"2023-05-26T08:30:54+00:00","description":"Renove o seu banco de ensaios de pot\u00eancia de autom\u00f3veis, motociclos ou motores. Descubra os sistemas de controlo e aquisi\u00e7\u00e3o Sport Devices. Contacte-nos para mais informa\u00e7\u00f5es","breadcrumb":{"@id":"https:\/\/motycs.it\/product\/prova-potenza\/#breadcrumb"},"inLanguage":"pt-PT","potentialAction":[{"@type":"ReadAction","target":["https:\/\/motycs.it\/product\/prova-potenza\/"]}]},{"@type":"ImageObject","inLanguage":"pt-PT","@id":"https:\/\/motycs.it\/product\/prova-potenza\/#primaryimage","url":"https:\/\/motycs.it\/wp-content\/uploads\/2022\/03\/SP5-motycs-bancoprovapotenza.jpeg","contentUrl":"https:\/\/motycs.it\/wp-content\/uploads\/2022\/03\/SP5-motycs-bancoprovapotenza.jpeg","width":1200,"height":846},{"@type":"BreadcrumbList","@id":"https:\/\/motycs.it\/product\/prova-potenza\/#breadcrumb","itemListElement":[{"@type":"ListItem","position":1,"name":"Home","item":"https:\/\/motycs.it\/"},{"@type":"ListItem","position":2,"name":"Shop","item":"https:\/\/motycs.it\/shop\/"},{"@type":"ListItem","position":3,"name":"Diagnosi e Calibrazione"}]},{"@type":"WebSite","@id":"https:\/\/motycs.it\/#website","url":"https:\/\/motycs.it\/","name":"MOTYCS","description":"","publisher":{"@id":"https:\/\/motycs.it\/#organization"},"potentialAction":[{"@type":"SearchAction","target":{"@type":"EntryPoint","urlTemplate":"https:\/\/motycs.it\/?s={search_term_string}"},"query-input":{"@type":"PropertyValueSpecification","valueRequired":true,"valueName":"search_term_string"}}],"inLanguage":"pt-PT"},{"@type":"Organization","@id":"https:\/\/motycs.it\/#organization","name":"MOTYCS","url":"https:\/\/motycs.it\/","logo":{"@type":"ImageObject","inLanguage":"pt-PT","@id":"https:\/\/motycs.it\/#\/schema\/logo\/image\/","url":"https:\/\/motycs.it\/wp-content\/uploads\/2022\/03\/orizz_bianc.jpg","contentUrl":"https:\/\/motycs.it\/wp-content\/uploads\/2022\/03\/orizz_bianc.jpg","width":600,"height":159,"caption":"MOTYCS"},"image":{"@id":"https:\/\/motycs.it\/#\/schema\/logo\/image\/"},"sameAs":["https:\/\/www.facebook.com\/motycs\/","https:\/\/www.instagram.com\/motycs.teq\/","https:\/\/www.linkedin.com\/company\/motycs\/","https:\/\/www.pinterest.it\/Motycsdynamometer\/","https:\/\/www.youtube.com\/channel\/UCl_9nwLJn-fMI6UMZVc0tZw"]}]}},"_links":{"self":[{"href":"https:\/\/motycs.it\/pt\/wp-json\/wp\/v2\/product\/1002","targetHints":{"allow":["GET"]}}],"collection":[{"href":"https:\/\/motycs.it\/pt\/wp-json\/wp\/v2\/product"}],"about":[{"href":"https:\/\/motycs.it\/pt\/wp-json\/wp\/v2\/types\/product"}],"wp:featuredmedia":[{"embeddable":true,"href":"https:\/\/motycs.it\/pt\/wp-json\/wp\/v2\/media\/1146"}],"wp:attachment":[{"href":"https:\/\/motycs.it\/pt\/wp-json\/wp\/v2\/media?parent=1002"}],"wp:term":[{"taxonomy":"product_cat","embeddable":true,"href":"https:\/\/motycs.it\/pt\/wp-json\/wp\/v2\/product_cat?post=1002"},{"taxonomy":"product_tag","embeddable":true,"href":"https:\/\/motycs.it\/pt\/wp-json\/wp\/v2\/product_tag?post=1002"}],"curies":[{"name":"wp","href":"https:\/\/api.w.org\/{rel}","templated":true}]}}