{"id":955,"date":"2022-03-15T19:14:52","date_gmt":"2022-03-15T18:14:52","guid":{"rendered":"https:\/\/motycs.it\/?page_id=955"},"modified":"2023-05-06T16:08:02","modified_gmt":"2023-05-06T14:08:02","slug":"chi-siamo","status":"publish","type":"page","link":"https:\/\/motycs.it\/pt\/quem-somos\/","title":{"rendered":"Sobre n\u00f3s"},"content":{"rendered":"<div data-vc-full-width=\"true\" data-vc-full-width-init=\"false\" class=\"vc_row wpb_row vc_row-fluid vc_custom_1661159702438 vc_row-has-fill\"><div class=\"wpb_column vc_column_container vc_col-sm-12\"><div class=\"vc_column-inner\"><div class=\"wpb_wrapper\"><div class=\"sc_section margin_top_large margin_bottom_large\" data-animation=\"animated fadeInUp normal\" style=\"max-width: 1030px; margin: auto;\"><div class=\"sc_section_inner\"><h6 class=\"sc_section_subtitle sc_item_subtitle\">bem-vindo!<\/h6><h3 class=\"sc_section_title sc_item_title sc_item_title_without_descr\">Sobre n\u00f3s<\/h3><div class=\"sc_section_content_wrap\">\n\t<div class=\"wpb_text_column wpb_content_element  vc_custom_1682407524825\" >\n\t\t<div class=\"wpb_wrapper\">\n\t\t\t<p><strong>MOTYCS<\/strong> re\u00fane os <strong>20 anos de experi\u00eancia em <\/strong>realidades nascidas e criadas na <strong>MotorValley italiano<\/strong>, que, tamb\u00e9m <strong>movido pela paix\u00e3o<\/strong>, desde tempos imemoriais <strong>dedicam os seus recursos ao mundo dos motores <\/strong>e o<strong>\u00a0equipamento de ensaio.<\/strong><\/p>\n<p>Nestes mais de 20 anos de experi\u00eancia e colabora\u00e7\u00e3o<strong>\u00a0com empresas prestigiadas do sector autom\u00f3vel<\/strong>, cri\u00e1mos <strong>projectos importantes <\/strong><strong>em <a href=\"https:\/\/motycs.it\/pt\/sistemas-homologos\/\">diferentes dom\u00ednios de aplica\u00e7\u00e3o<\/a>.<\/strong><\/p>\n\n\t\t<\/div>\n\t<\/div>\n<\/div><\/div><\/div><h4 class=\"sc_title sc_title_regular margin_bottom_small\">OS NOSSOS PRODUTOS E SERVI\u00c7OS<\/h4><div class=\"sc_accordion\" data-active=\"0\"><div class=\"sc_accordion_item odd first\"><h5 class=\"sc_accordion_title\"><span class=\"sc_accordion_icon sc_accordion_icon_closed icon-plus\"><\/span><span class=\"sc_accordion_icon sc_accordion_icon_opened icon-minus\"><\/span>Bancadas de ensaio de pot\u00eancia e DAQs - DISPOSITIVOS DESPORTIVOS<\/h5><div class=\"sc_accordion_content\">\n\t<div class=\"wpb_text_column wpb_content_element\" >\n\t\t<div class=\"wpb_wrapper\">\n\t\t\t<p>N\u00f3s somos <strong>distribuidores exclusivos da marca <a href=\"https:\/\/www.sportdevices.com\/\">SPORT DEVICES<\/a>, que desenvolve equipamentos para oficinas e PREPARADORES h\u00e1 mais de 20 anos, <\/strong>cuja gama de produtos inclui:<\/p>\n<ul>\n<li><strong><a href=\"https:\/\/motycs.it\/pt\/product\/teste-de-potencia-2wd\/\">Bancos de pot\u00eancia para ve\u00edculos 2WD<\/a><\/strong><\/li>\n<li><a href=\"https:\/\/motycs.it\/pt\/product\/teste-de-potencia-4wd\/\"><strong>Bancos de pot\u00eancia 4WD com eixos ligados<\/strong><\/a><\/li>\n<li><a href=\"https:\/\/motycs.it\/pt\/product\/ensaios-de-potencia-de-motociclos\/\"><strong>Bancos de ensaio de motos<\/strong><\/a><\/li>\n<li><a href=\"https:\/\/motycs.it\/pt\/product\/teste-de-potencia\/\"><strong>Sistemas de controlo e aquisi\u00e7\u00e3o<\/strong><\/a> (para <strong>renova\u00e7\u00e3o dos bancos de ensaio<\/strong>)<\/li>\n<li><strong><a href=\"https:\/\/motycs.it\/pt\/product\/maquina-de-amortecedores\/\">Bancos de ensaio de amortecedores de choque<\/a><\/strong><\/li>\n<\/ul>\n<p>Descubra aqui <strong><a href=\"https:\/\/motycs.it\/pt\/teste-do-banco-de-instalacao\/\">algumas das nossas mais recentes instala\u00e7\u00f5es e caracter\u00edsticas de produtos<\/a><\/strong><\/p>\n\n\t\t<\/div>\n\t<\/div>\n<\/div><\/div><div class=\"sc_accordion_item even\"><h5 class=\"sc_accordion_title\"><span class=\"sc_accordion_icon sc_accordion_icon_closed icon-plus\"><\/span><span class=\"sc_accordion_icon sc_accordion_icon_opened icon-minus\"><\/span>Bancos de ensaio e DAQs para aprova\u00e7\u00e3o, R&amp;D e fim de linha<\/h5><div class=\"sc_accordion_content\">\n\t<div class=\"wpb_text_column wpb_content_element\" >\n\t\t<div class=\"wpb_wrapper\">\n\t\t\t<p><strong>Concebemos, realizamos e fornecemos solu\u00e7\u00f5es personalizadas<\/strong>nos diferentes dom\u00ednios de aplica\u00e7\u00e3o:<\/p>\n<ul>\n<li><a href=\"https:\/\/motycs.it\/pt\/product\/banchi-omologativi\/\"><strong>Bancos de ensaio de rolos para homologa\u00e7\u00e3o, investiga\u00e7\u00e3o e desenvolvimento, fim de linha<\/strong><\/a><\/li>\n<li><a href=\"https:\/\/motycs.it\/pt\/product\/homologa\/\"><strong>Sistemas de controlo e aquisi\u00e7\u00e3o para o sector da homologa\u00e7\u00e3o e do fim de linha<\/strong><\/a><\/li>\n<\/ul>\n<p>Todos os dom\u00ednios em que um <strong>integra\u00e7\u00e3o profunda aos requisitos do cliente, em termos de aquisi\u00e7\u00e3o e gest\u00e3o de dados, visando tamb\u00e9m a integra\u00e7\u00e3o de processos.<\/strong><\/p>\n<p><strong><a href=\"https:\/\/motycs.it\/pt\/sistemas-homologos\/\">Descubra as diferentes \u00e1reas de aplica\u00e7\u00e3o das nossas solu\u00e7\u00f5es<\/a><\/strong><\/p>\n\n\t\t<\/div>\n\t<\/div>\n<\/div><\/div><div class=\"sc_accordion_item odd\"><h5 class=\"sc_accordion_title\"><span class=\"sc_accordion_icon sc_accordion_icon_closed icon-plus\"><\/span><span class=\"sc_accordion_icon sc_accordion_icon_opened icon-minus\"><\/span>SISTEMAS DE RU\u00cdDO E VIBRA\u00c7\u00d5ES (NVH)<\/h5><div class=\"sc_accordion_content\">\n\t<div class=\"wpb_text_column wpb_content_element\" >\n\t\t<div class=\"wpb_wrapper\">\n\t\t\t<p>Tamb\u00e9m definido no sector autom\u00f3vel\u00a0<strong>Sistemas NVH (Noise Vibration Harshness)<\/strong>\u00a0s\u00e3o concebidos para o processamento num\u00e9rico e a an\u00e1lise de sinais din\u00e2micos, para a\u00a0<strong>an\u00e1lise ac\u00fastica e de vibra\u00e7\u00f5es<\/strong>, para utiliza\u00e7\u00e3o em :<\/p>\n<ul>\n<li><strong>Laborat\u00f3rio, Investiga\u00e7\u00e3o e Desenvolvimento<\/strong><\/li>\n<li><strong>Linha de produ\u00e7\u00e3o (fim de linha)<\/strong><\/li>\n<li><strong>Controlo das instala\u00e7\u00f5es, <\/strong><strong>controlo de qualidade<\/strong><\/li>\n<\/ul>\n<p><a href=\"https:\/\/motycs.it\/pt\/product\/sistemas-de-ruido-e-vibracao\/\"><strong>Visite a p\u00e1gina de produtos e sistemas de Ru\u00eddo Vibra\u00e7\u00e3o Aspereza<\/strong><\/a><\/p>\n\n\t\t<\/div>\n\t<\/div>\n<\/div><\/div><div id=\"sc_accordion_item_1661160449203_0\" class=\"sc_accordion_item even\"><h5 class=\"sc_accordion_title\"><span class=\"sc_accordion_icon sc_accordion_icon_closed icon-plus\"><\/span><span class=\"sc_accordion_icon sc_accordion_icon_opened icon-minus\"><\/span>SALAS DE ENSAIO DE MOTORES E ACESS\u00d3RIOS<\/h5><div class=\"sc_accordion_content\">\n\t<div class=\"wpb_text_column wpb_content_element\" >\n\t\t<div class=\"wpb_wrapper\">\n\t\t\t<p>Concebemos e fornecemos <strong>salas de ensaio insonorizadas completas e acess\u00f3rios, <\/strong>para todos os dom\u00ednios de ensaio, incluindo<strong>, \u00e2mbito da homologa\u00e7\u00e3o:<\/strong><\/p>\n<ul>\n<li><a href=\"https:\/\/motycs.it\/pt\/product\/saleiros\/\"><strong>Salas de ensaio de motores insonorizadas e equipadas com sistemas de tratamento de ar<\/strong><\/a><\/li>\n<li><a href=\"https:\/\/motycs.it\/pt\/product\/extraccao-de-fumo\/\"><strong>Sistemas de extrac\u00e7\u00e3o de fumos<\/strong><\/a> e <a href=\"https:\/\/motycs.it\/pt\/product\/ventilacao\/\"><strong>ventila\u00e7\u00e3o do motor<\/strong><\/a><\/li>\n<\/ul>\n<p>Os corredores s\u00e3o <strong>concebidos e projectados para responder a diferentes necessidades de aplica\u00e7\u00e3o<\/strong>, em diferentes sectores (autom\u00f3vel, agricultura, hidr\u00e1ulica, etc.).<\/p>\n\n\t\t<\/div>\n\t<\/div>\n<\/div><\/div><div id=\"sc_accordion_item_1661160449203_0\" class=\"sc_accordion_item odd\"><h5 class=\"sc_accordion_title\"><span class=\"sc_accordion_icon sc_accordion_icon_closed icon-plus\"><\/span><span class=\"sc_accordion_icon sc_accordion_icon_opened icon-minus\"><\/span>CENTRO DE ENSAIOS DE MOTORES E VE\u00cdCULOS<\/h5><div class=\"sc_accordion_content\">\n\t<div class=\"wpb_text_column wpb_content_element\" >\n\t\t<div class=\"wpb_wrapper\">\n\t\t\t<p><strong>Temos <a href=\"https:\/\/motycs.it\/pt\/servicos-motores-de-ensaio\/#:~:text=SALE-,BANCHI,-PROVA MOTORE\">salas de ensaio de motores<\/a>, equipados com bancos de motor e de rolos, para <a href=\"https:\/\/motycs.it\/pt\/servicos-motores-de-ensaio\/#:~:text=BANCO PROVA A-,RULLI,-AUTO\">carros<\/a> e <a href=\"https:\/\/motycs.it\/pt\/servicos-motores-de-ensaio\/#:~:text=BANCO PROVA A-,RULLI,-PER MOTOCICLI\">motociclos<\/a>. <\/strong>As instala\u00e7\u00f5es equipadas com um<strong> gama completa de sensores de \u00faltima gera\u00e7\u00e3o<\/strong>. Ao longo do tempo, alarg\u00e1mos as nossas compet\u00eancias e servi\u00e7os: <strong>do prot\u00f3tipo <\/strong>at\u00e9 que o<strong>an\u00e1lise de dados de rastreio <\/strong>e<strong> ensaios em estrada:<\/strong><\/p>\n<ul>\n<li><strong>ENSAIOS EM BANCOS DE ENSAIO<\/strong> BANCOS DE MOTORES E ROLOS<\/li>\n<li><strong>PR\u00c9-APROVA\u00c7\u00c3O <\/strong>ED<strong> HOMOLOGA\u00c7\u00c3O<\/strong> <strong>MOTORES<\/strong>, <strong>CALIBRA\u00c7\u00c3O DO ECU<\/strong><\/li>\n<li><strong>AVALIA\u00c7\u00c3O <\/strong>E<strong> MELHORIA DO DESEMPENHO<\/strong><\/li>\n<li><strong>VERIFICA\u00c7\u00c3O DAS EMISS\u00d5ES, <\/strong><strong>AQUISI\u00c7\u00c3O DE DADOS, <\/strong><strong>TESTES DE ESTRADA <\/strong>E<strong> CIRCUITO<\/strong><\/li>\n<\/ul>\n<p><a href=\"https:\/\/motycs.it\/pt\/servicos-motores-de-ensaio\/\"><strong>Saiba mais<\/strong> em <strong>p\u00e1gina de testes de motores.<\/strong><\/a><\/p>\n\n\t\t<\/div>\n\t<\/div>\n<\/div><\/div><\/div>\n\t<div class=\"wpb_text_column wpb_content_element  vc_custom_1683381752019\" >\n\t\t<div class=\"wpb_wrapper\">\n\t\t\t<h5><strong>SERVI\u00c7O PR\u00c9 E P\u00d3S-VENDA<\/strong><\/h5>\n<p>Lidamos com produtos complexos e altamente personalizados, pelo que consideramos um <strong>valor fundamental para podermos oferecer aos nossos clientes um tempo de resposta muito r\u00e1pido<\/strong>, de modo a garantir uma verdadeira continuidade das actividades e a maior efici\u00eancia poss\u00edvel.<\/p>\n<p>Fornecemos\u00a0 <strong>servi\u00e7os de instala\u00e7\u00e3o, calibragem e manuten\u00e7\u00e3o <\/strong>para toda a nossa gama de produtos, <strong>em toda a Europa.<\/strong>.<\/p>\n<h5><strong>IND\u00daSTRIA 4.0<\/strong><\/h5>\n<p><strong>Todos os nossos produtos podem beneficiar das vantagens<\/strong> decorrentes dos regulamentos da Ind\u00fastria 4.0. Tamb\u00e9m o podemos apoiar na realiza\u00e7\u00e3o de <strong>peritagem juramentada para comprovar o correcto preenchimento da documenta\u00e7\u00e3o.<\/strong>.<\/p>\n<h5><strong>COLABORA\u00c7\u00d5ES<\/strong><\/h5>\n<div class=\"page\" title=\"P\u00e1gina 2\">\n<div class=\"section\">\n<div class=\"layoutArea\">\n<div class=\"column\">\n<p>Trabalhamos em <strong>colabora\u00e7\u00e3o estreita com algumas das empresas mais prestigiadas da tradi\u00e7\u00e3o autom\u00f3vel<\/strong>, comprometendo-nos a <strong>valorizar cada vez mais a cria\u00e7\u00e3o de parcerias estrat\u00e9gicas<\/strong>; desenvolver rela\u00e7\u00f5es cont\u00ednuas e de confian\u00e7a com os clientes.<\/p>\n<h5>INSIGHTS<\/h5>\n<ul>\n<li><a href=\"https:\/\/motycs.it\/pt\/os-bancos-historicos-provam-o-poder-dos-rolos\/\"><strong>Hist\u00f3ria dos bancos de ensaio de rolos<\/strong><\/a><\/li>\n<li><a href=\"https:\/\/motycs.it\/pt\/a-prova-de-bancos-com-dissipacao-de-energia\/\"><strong>O que \u00e9 a dissipa\u00e7\u00e3o de energia?<\/strong><\/a><\/li>\n<li><strong><a href=\"https:\/\/motycs.it\/pt\/bancos-de-ensaio-4wd\/\">Vantagens dos bancos de ensaio 4\u00d74 com eixos ligados<\/a><\/strong><\/li>\n<li><a href=\"https:\/\/motycs.it\/pt\/factores-correccao-poder\/\"><b>Factores de correc\u00e7\u00e3o de pot\u00eancia DIN, CE, SAE...<\/b><\/a><\/li>\n<li><strong><a href=\"https:\/\/motycs.it\/pt\/sistemas-homologos\/\">Bancos de homologa\u00e7\u00e3o e de fim de linha<\/a><\/strong> dom\u00ednios de aplica\u00e7\u00e3o<\/li>\n<\/ul>\n<p><strong><a href=\"https:\/\/motycs.it\/pt\/contactos\/\">Contacte-nos, sem compromisso, para mais informa\u00e7\u00f5es <\/a><\/strong><\/p>\n<\/div>\n<\/div>\n<\/div>\n<\/div>\n\n\t\t<\/div>\n\t<\/div>\n<\/div><\/div><\/div><\/div><div class=\"vc_row-full-width vc_clearfix\"><\/div><div class=\"vc_row wpb_row vc_row-fluid\"><div class=\"wpb_column vc_column_container vc_col-sm-12\"><div class=\"vc_column-inner\"><div class=\"wpb_wrapper\"><div class=\"wpb_gallery wpb_content_element vc_clearfix\" ><div class=\"wpb_wrapper\"><h2 class=\"wpb_heading wpb_gallery_heading\">galeria<\/h2><div class=\"wpb_gallery_slides wpb_slider_nivo theme-default\" data-interval=\"3\"><div class=\"nivoSlider\"><img loading=\"lazy\" decoding=\"async\" class=\"\" src=\"https:\/\/motycs.it\/wp-content\/uploads\/2023\/05\/chassisdyno-4wd-linked-chassis-dynamometer-motycs.jpg\" width=\"800\" height=\"800\" alt=\"banco de ensaio-power-4x4-motycs\" title=\"chassisdyno-4wd-linked-chassis-dynamometer-motycs\" \/><img loading=\"lazy\" decoding=\"async\" class=\"\" src=\"https:\/\/motycs.it\/wp-content\/uploads\/2023\/05\/sistemacontrolloedacquisizione.jpg\" width=\"800\" height=\"800\" alt=\"Os nossos sistemas de aquisi\u00e7\u00e3o de dados\" title=\"sistema de controlo e aquisi\u00e7\u00e3o\" \/><img loading=\"lazy\" decoding=\"async\" class=\"\" src=\"https:\/\/motycs.it\/wp-content\/uploads\/2022\/09\/IMG_0809-800x800.jpg\" width=\"800\" height=\"800\" alt=\"IMG_0809\" title=\"IMG_0809\" \/><img loading=\"lazy\" decoding=\"async\" class=\"\" src=\"https:\/\/motycs.it\/wp-content\/uploads\/2023\/05\/dyno-controlo-room-motycs.jpg\" width=\"800\" height=\"800\" alt=\"sistema de controlo do banco de ensaio de motores\" title=\"dyno-controlo-room-motycs\" \/><img loading=\"lazy\" decoding=\"async\" class=\"\" src=\"https:\/\/motycs.it\/wp-content\/uploads\/2022\/03\/admtech-motycs-2wd-dynamometer-800x800.jpg\" width=\"800\" height=\"800\" alt=\"2wd dyno motycs sport devices\" title=\"admtech-motycs-2wd-dinam\u00f3metro\" \/><img loading=\"lazy\" decoding=\"async\" class=\"\" src=\"https:\/\/motycs.it\/wp-content\/uploads\/2023\/05\/dyno-daq-system-motycs.jpg\" width=\"800\" height=\"800\" alt=\"banco de ensaio de software dispositivos desportivos\" title=\"dyno-daq-system-motycs\" \/><img loading=\"lazy\" decoding=\"async\" class=\"\" src=\"https:\/\/motycs.it\/wp-content\/uploads\/2023\/05\/2wd-banco-prova-potenza-motycs-dynamometer.jpg\" width=\"800\" height=\"800\" alt=\"2wd-bank-test-power-motycs-dynamometer\" title=\"2wd-bank-test-power-motycs-dynamometer\" \/><img loading=\"lazy\" decoding=\"async\" class=\"\" src=\"https:\/\/motycs.it\/wp-content\/uploads\/2022\/09\/IMG_0755-800x800.jpg\" width=\"800\" height=\"800\" alt=\"banco de rolos proca 3 ecr\u00e3s\" title=\"IMG_0755\" \/><img loading=\"lazy\" decoding=\"async\" class=\"\" src=\"https:\/\/motycs.it\/wp-content\/uploads\/2023\/04\/Sonde_SP5-motycs-banco-prova-potenza.jpg\" width=\"800\" height=\"724\" alt=\"dispositivos desportivos de interface de banco de ensaio\" title=\"Sonde_SP5-motycs-bank-test-power\" \/><img loading=\"lazy\" decoding=\"async\" class=\"\" src=\"https:\/\/motycs.it\/wp-content\/uploads\/2023\/05\/4wd-banco-prova-potenza-motycs-master-tuning-dyno.jpg\" width=\"800\" height=\"800\" alt=\"banco de ensaio de pot\u00eancia motycs mastertuning\" title=\"4wd-bank-test-power-motycs-master-tuning-dyno\" \/><\/div><\/div><\/div><\/div><\/div><\/div><\/div><\/div>","protected":false},"excerpt":{"rendered":"bem-vindo!Quem somos A MOTYCS re\u00fane os vinte anos de experi\u00eancia de empresas nascidas e criadas no Vale do Autom\u00f3vel italiano que, movidas pela paix\u00e3o, sempre dedicaram os seus recursos ao mundo dos motores e dos equipamentos de teste. Nestes mais de 20 anos de experi\u00eancia e colabora\u00e7\u00e3o com empresas de prest\u00edgio no sector autom\u00f3vel, cri\u00e1mos projectos importantes no [...]","protected":false},"author":1,"featured_media":0,"parent":0,"menu_order":0,"comment_status":"closed","ping_status":"closed","template":"","meta":{"footnotes":""},"class_list":["post-955","page","type-page","status-publish","hentry"],"yoast_head":"<!-- This site is optimized with the Yoast SEO plugin v26.5 - https:\/\/yoast.com\/wordpress\/plugins\/seo\/ -->\n<title>Motycs chi siamo<\/title>\n<meta name=\"description\" content=\"Da oltre 20 anni realizziamo banchi prova e servizi di testing motori ed altri sistemi. Siamo distributori esclusivi prodotti Sport Devices\" \/>\n<meta name=\"robots\" content=\"index, follow, max-snippet:-1, max-image-preview:large, max-video-preview:-1\" \/>\n<link rel=\"canonical\" href=\"https:\/\/motycs.it\/pt\/quem-somos\/\" \/>\n<meta property=\"og:locale\" content=\"pt_PT\" \/>\n<meta property=\"og:type\" content=\"article\" \/>\n<meta property=\"og:title\" content=\"Motycs chi siamo\" \/>\n<meta property=\"og:description\" content=\"Da oltre 20 anni realizziamo banchi prova e servizi di testing motori ed altri sistemi. Siamo distributori esclusivi prodotti Sport Devices\" \/>\n<meta property=\"og:url\" content=\"https:\/\/motycs.it\/pt\/quem-somos\/\" \/>\n<meta property=\"og:site_name\" content=\"MOTYCS\" \/>\n<meta property=\"article:publisher\" content=\"https:\/\/www.facebook.com\/motycs\/\" \/>\n<meta property=\"article:modified_time\" content=\"2023-05-06T14:08:02+00:00\" \/>\n<meta property=\"og:image\" content=\"https:\/\/motycs.it\/wp-content\/uploads\/2023\/05\/lancia-delta-integrale-banco-prova-potenza-dyno.jpg\" \/>\n\t<meta property=\"og:image:width\" content=\"800\" \/>\n\t<meta property=\"og:image:height\" content=\"800\" \/>\n\t<meta property=\"og:image:type\" content=\"image\/jpeg\" \/>\n<meta name=\"twitter:card\" content=\"summary_large_image\" \/>\n<meta name=\"twitter:label1\" content=\"Tempo estimado de leitura\" \/>\n\t<meta name=\"twitter:data1\" content=\"7 minutos\" \/>\n<script type=\"application\/ld+json\" class=\"yoast-schema-graph\">{\"@context\":\"https:\/\/schema.org\",\"@graph\":[{\"@type\":\"WebPage\",\"@id\":\"https:\/\/motycs.it\/chi-siamo\/\",\"url\":\"https:\/\/motycs.it\/chi-siamo\/\",\"name\":\"Motycs chi siamo\",\"isPartOf\":{\"@id\":\"https:\/\/motycs.it\/#website\"},\"datePublished\":\"2022-03-15T18:14:52+00:00\",\"dateModified\":\"2023-05-06T14:08:02+00:00\",\"description\":\"Da oltre 20 anni realizziamo banchi prova e servizi di testing motori ed altri sistemi. Siamo distributori esclusivi prodotti Sport Devices\",\"breadcrumb\":{\"@id\":\"https:\/\/motycs.it\/chi-siamo\/#breadcrumb\"},\"inLanguage\":\"pt-PT\",\"potentialAction\":[{\"@type\":\"ReadAction\",\"target\":[\"https:\/\/motycs.it\/chi-siamo\/\"]}]},{\"@type\":\"BreadcrumbList\",\"@id\":\"https:\/\/motycs.it\/chi-siamo\/#breadcrumb\",\"itemListElement\":[{\"@type\":\"ListItem\",\"position\":1,\"name\":\"Home\",\"item\":\"https:\/\/motycs.it\/\"},{\"@type\":\"ListItem\",\"position\":2,\"name\":\"Chi siamo\"}]},{\"@type\":\"WebSite\",\"@id\":\"https:\/\/motycs.it\/#website\",\"url\":\"https:\/\/motycs.it\/\",\"name\":\"MOTYCS\",\"description\":\"\",\"publisher\":{\"@id\":\"https:\/\/motycs.it\/#organization\"},\"potentialAction\":[{\"@type\":\"SearchAction\",\"target\":{\"@type\":\"EntryPoint\",\"urlTemplate\":\"https:\/\/motycs.it\/?s={search_term_string}\"},\"query-input\":{\"@type\":\"PropertyValueSpecification\",\"valueRequired\":true,\"valueName\":\"search_term_string\"}}],\"inLanguage\":\"pt-PT\"},{\"@type\":\"Organization\",\"@id\":\"https:\/\/motycs.it\/#organization\",\"name\":\"MOTYCS\",\"url\":\"https:\/\/motycs.it\/\",\"logo\":{\"@type\":\"ImageObject\",\"inLanguage\":\"pt-PT\",\"@id\":\"https:\/\/motycs.it\/#\/schema\/logo\/image\/\",\"url\":\"https:\/\/motycs.it\/wp-content\/uploads\/2022\/03\/orizz_bianc.jpg\",\"contentUrl\":\"https:\/\/motycs.it\/wp-content\/uploads\/2022\/03\/orizz_bianc.jpg\",\"width\":600,\"height\":159,\"caption\":\"MOTYCS\"},\"image\":{\"@id\":\"https:\/\/motycs.it\/#\/schema\/logo\/image\/\"},\"sameAs\":[\"https:\/\/www.facebook.com\/motycs\/\",\"https:\/\/www.instagram.com\/motycs.teq\/\",\"https:\/\/www.linkedin.com\/company\/motycs\/\",\"https:\/\/www.pinterest.it\/Motycsdynamometer\/\",\"https:\/\/www.youtube.com\/channel\/UCl_9nwLJn-fMI6UMZVc0tZw\"]}]}<\/script>\n<!-- \/ Yoast SEO plugin. -->","yoast_head_json":{"title":"Motycs quem somos","description":"H\u00e1 mais de 20 anos que fornecemos bancos de ensaio e servi\u00e7os de ensaio para motores e outros sistemas. Somos distribuidores exclusivos dos produtos Sport Devices","robots":{"index":"index","follow":"follow","max-snippet":"max-snippet:-1","max-image-preview":"max-image-preview:large","max-video-preview":"max-video-preview:-1"},"canonical":"https:\/\/motycs.it\/pt\/quem-somos\/","og_locale":"pt_PT","og_type":"article","og_title":"Motycs chi siamo","og_description":"Da oltre 20 anni realizziamo banchi prova e servizi di testing motori ed altri sistemi. Siamo distributori esclusivi prodotti Sport Devices","og_url":"https:\/\/motycs.it\/pt\/quem-somos\/","og_site_name":"MOTYCS","article_publisher":"https:\/\/www.facebook.com\/motycs\/","article_modified_time":"2023-05-06T14:08:02+00:00","og_image":[{"width":800,"height":800,"url":"https:\/\/motycs.it\/wp-content\/uploads\/2023\/05\/lancia-delta-integrale-banco-prova-potenza-dyno.jpg","type":"image\/jpeg"}],"twitter_card":"summary_large_image","twitter_misc":{"Tempo estimado de leitura":"7 minutos"},"schema":{"@context":"https:\/\/schema.org","@graph":[{"@type":"WebPage","@id":"https:\/\/motycs.it\/chi-siamo\/","url":"https:\/\/motycs.it\/chi-siamo\/","name":"Motycs quem somos","isPartOf":{"@id":"https:\/\/motycs.it\/#website"},"datePublished":"2022-03-15T18:14:52+00:00","dateModified":"2023-05-06T14:08:02+00:00","description":"H\u00e1 mais de 20 anos que fornecemos bancos de ensaio e servi\u00e7os de ensaio para motores e outros sistemas. Somos distribuidores exclusivos dos produtos Sport Devices","breadcrumb":{"@id":"https:\/\/motycs.it\/chi-siamo\/#breadcrumb"},"inLanguage":"pt-PT","potentialAction":[{"@type":"ReadAction","target":["https:\/\/motycs.it\/chi-siamo\/"]}]},{"@type":"BreadcrumbList","@id":"https:\/\/motycs.it\/chi-siamo\/#breadcrumb","itemListElement":[{"@type":"ListItem","position":1,"name":"Home","item":"https:\/\/motycs.it\/"},{"@type":"ListItem","position":2,"name":"Chi siamo"}]},{"@type":"WebSite","@id":"https:\/\/motycs.it\/#website","url":"https:\/\/motycs.it\/","name":"MOTYCS","description":"","publisher":{"@id":"https:\/\/motycs.it\/#organization"},"potentialAction":[{"@type":"SearchAction","target":{"@type":"EntryPoint","urlTemplate":"https:\/\/motycs.it\/?s={search_term_string}"},"query-input":{"@type":"PropertyValueSpecification","valueRequired":true,"valueName":"search_term_string"}}],"inLanguage":"pt-PT"},{"@type":"Organization","@id":"https:\/\/motycs.it\/#organization","name":"MOTYCS","url":"https:\/\/motycs.it\/","logo":{"@type":"ImageObject","inLanguage":"pt-PT","@id":"https:\/\/motycs.it\/#\/schema\/logo\/image\/","url":"https:\/\/motycs.it\/wp-content\/uploads\/2022\/03\/orizz_bianc.jpg","contentUrl":"https:\/\/motycs.it\/wp-content\/uploads\/2022\/03\/orizz_bianc.jpg","width":600,"height":159,"caption":"MOTYCS"},"image":{"@id":"https:\/\/motycs.it\/#\/schema\/logo\/image\/"},"sameAs":["https:\/\/www.facebook.com\/motycs\/","https:\/\/www.instagram.com\/motycs.teq\/","https:\/\/www.linkedin.com\/company\/motycs\/","https:\/\/www.pinterest.it\/Motycsdynamometer\/","https:\/\/www.youtube.com\/channel\/UCl_9nwLJn-fMI6UMZVc0tZw"]}]}},"_links":{"self":[{"href":"https:\/\/motycs.it\/pt\/wp-json\/wp\/v2\/pages\/955","targetHints":{"allow":["GET"]}}],"collection":[{"href":"https:\/\/motycs.it\/pt\/wp-json\/wp\/v2\/pages"}],"about":[{"href":"https:\/\/motycs.it\/pt\/wp-json\/wp\/v2\/types\/page"}],"author":[{"embeddable":true,"href":"https:\/\/motycs.it\/pt\/wp-json\/wp\/v2\/users\/1"}],"replies":[{"embeddable":true,"href":"https:\/\/motycs.it\/pt\/wp-json\/wp\/v2\/comments?post=955"}],"version-history":[{"count":97,"href":"https:\/\/motycs.it\/pt\/wp-json\/wp\/v2\/pages\/955\/revisions"}],"predecessor-version":[{"id":1643,"href":"https:\/\/motycs.it\/pt\/wp-json\/wp\/v2\/pages\/955\/revisions\/1643"}],"wp:attachment":[{"href":"https:\/\/motycs.it\/pt\/wp-json\/wp\/v2\/media?parent=955"}],"curies":[{"name":"wp","href":"https:\/\/api.w.org\/{rel}","templated":true}]}}