{"id":1381,"date":"2023-03-09T09:42:02","date_gmt":"2023-03-09T08:42:02","guid":{"rendered":"https:\/\/motycs.it\/?page_id=1381"},"modified":"2023-05-09T09:40:38","modified_gmt":"2023-05-09T07:40:38","slug":"servizi-testing-motori","status":"publish","type":"page","link":"https:\/\/motycs.it\/pt\/servicos-motores-de-ensaio\/","title":{"rendered":"Ensaio de motores e ve\u00edculos"},"content":{"rendered":"<div data-vc-full-width=\"true\" data-vc-full-width-init=\"false\" class=\"vc_row wpb_row vc_row-fluid vc_custom_1661159702438 vc_row-has-fill\"><div class=\"wpb_column vc_column_container vc_col-sm-12\"><div class=\"vc_column-inner\"><div class=\"wpb_wrapper\"><div class=\"sc_section margin_top_large margin_bottom_large\" data-animation=\"animated fadeInUp normal\" style=\"max-width: 1030px; margin: auto;\"><div class=\"sc_section_inner\"><h6 class=\"sc_section_subtitle sc_item_subtitle\">Servi\u00e7os<\/h6><h3 class=\"sc_section_title sc_item_title sc_item_title_without_descr\">Ensaio de motores e ve\u00edculos<\/h3><div class=\"sc_section_content_wrap\">\n\t<div class=\"wpb_text_column wpb_content_element  vc_custom_1680864912958\" >\n\t\t<div class=\"wpb_wrapper\">\n\t\t\t\n\t\t<\/div>\n\t<\/div>\n<\/div><\/div><\/div><h4 class=\"sc_title sc_title_regular margin_bottom_small\"><\/h4><div class=\"sc_accordion\" data-active=\"0\"><div class=\"sc_accordion_item odd first\"><h5 class=\"sc_accordion_title\"><span class=\"sc_accordion_icon sc_accordion_icon_closed icon-plus\"><\/span><span class=\"sc_accordion_icon sc_accordion_icon_opened icon-minus\"><\/span>BANCOS DE ENSAIO DE MOTORES<\/h5><div class=\"sc_accordion_content\">\n\t<div class=\"wpb_text_column wpb_content_element\" >\n\t\t<div class=\"wpb_wrapper\">\n\t\t\t<p><strong>Disponibilidade de uma sala de ensaios de motores<\/strong> equipado com um banco de ensaios configurado em <strong>Solu\u00e7\u00e3o TANDEM<\/strong>com<strong> motor ass\u00edncrono.<\/strong><\/p>\n<p><strong>Cada configura\u00e7\u00e3o de teste \u00e9 feita \u00e0 medida<\/strong> para satisfazer as necessidades do cliente. Damos grande \u00eanfase a<strong> repetibilidade e pontualidade das medi\u00e7\u00f5es<\/strong>:<br \/>\nimplement\u00e1mos sistemas de controlo autom\u00e1tico \"em tempo real\", de modo a podermos efectuar <strong>ciclos personalizados com extrema precis\u00e3o.<\/strong><\/p>\n<p><strong>Podemos configurar a c\u00e9lula de teste a v\u00e1rios n\u00edveis; <\/strong>temos <strong>ferramentas integradas no sistema <\/strong>como:<\/p>\n<ul>\n<li><strong>Configura\u00e7\u00e3o \"Tandem\" com motor ass\u00edncrono coaxial\u00a0<\/strong><\/li>\n<li><strong>Medi\u00e7\u00e3o de bin\u00e1rio\/pot\u00eancia atrav\u00e9s de flange de bin\u00e1rio e c\u00e9lula de carga<\/strong><\/li>\n<li><strong>Contador de sopro <\/strong>e <strong>Contador de consumo instant\u00e2neo.<\/strong><\/li>\n<li><strong>Actuadores mec\u00e2nicos controlados, <\/strong>ampla disponibilidade de<strong> sensores<\/strong><\/li>\n<li><strong>Configura\u00e7\u00e3o da disposi\u00e7\u00e3o do sistema de escape; <\/strong><strong>ventila\u00e7\u00e3o regul\u00e1vel<\/strong><\/li>\n<li><strong>Climatiza\u00e7\u00e3o de combust\u00edveis e combust\u00e3o<\/strong><\/li>\n<\/ul>\n<p><a href=\"https:\/\/motycs.it\/pt\/contactos\/\"><strong>Contacte-nos para mais informa\u00e7\u00f5es e detalhes sobre as nossas salas de ensaio<\/strong><\/a><\/p>\n\n\t\t<\/div>\n\t<\/div>\n<\/div><\/div><div class=\"sc_accordion_item even\"><h5 class=\"sc_accordion_title\"><span class=\"sc_accordion_icon sc_accordion_icon_closed icon-plus\"><\/span><span class=\"sc_accordion_icon sc_accordion_icon_opened icon-minus\"><\/span>SALA DE BANCOS DE ENSAIO DE ROLOS PARA MOTOCICLOS<\/h5><div class=\"sc_accordion_content\">\n\t<div class=\"wpb_text_column wpb_content_element\" >\n\t\t<div class=\"wpb_wrapper\">\n\t\t\t<p>Disponibilidade de um <strong>sala equipada com banco de ensaio de rolos, com actuadores mec\u00e2nicos, para motos.<\/strong><\/p>\n<p><strong>A nossa sala dedicada para ve\u00edculos de duas rodas oferece actuadores mec\u00e2nicos e orienta\u00e7\u00e3o automatizada, para testes at\u00e9 12 horas cont\u00ednuas. <\/strong>Utilizamos ambas as solu\u00e7\u00f5es (banco de motores e dinam\u00f3metro de chassis) de forma discricion\u00e1ria, quer para testes de pot\u00eancia simples, quer para tarefas mais complexas e articuladas.<\/p>\n<p>Tamb\u00e9m temos a possibilidade de <strong>personalizar os nossos bancos de rolos, tamb\u00e9m em termos mec\u00e2nicos, <\/strong>para requisitos espec\u00edficos de simula\u00e7\u00e3o do ciclo de condu\u00e7\u00e3o, homologa\u00e7\u00e3o e pr\u00e9-homologa\u00e7\u00e3o<strong>.<\/strong><\/p>\n<p><a href=\"https:\/\/motycs.it\/pt\/contactos\/\"><strong>Contacte-nos para mais informa\u00e7\u00f5es e detalhes sobre as nossas salas de ensaio<\/strong><\/a><\/p>\n\n\t\t<\/div>\n\t<\/div>\n<\/div><\/div><div id=\"sc_accordion_item_1661160449203_0\" class=\"sc_accordion_item odd\"><h5 class=\"sc_accordion_title\"><span class=\"sc_accordion_icon sc_accordion_icon_closed icon-plus\"><\/span><span class=\"sc_accordion_icon sc_accordion_icon_opened icon-minus\"><\/span>SALA DE ENSAIO DE ROLOS PARA AUTOM\u00d3VEIS<\/h5><div class=\"sc_accordion_content\">\n\t<div class=\"wpb_text_column wpb_content_element\" >\n\t\t<div class=\"wpb_wrapper\">\n\t\t\t<p>Disponibilidade de um quarto equipado com <strong>banco de ensaio de pot\u00eancia de rolos para ve\u00edculos autom\u00f3veis.<\/strong><\/p>\n<p><strong>O banco de rolos \u00e9 uma alternativa vi\u00e1vel \u00e0 coloca\u00e7\u00e3o do motor sozinho, <\/strong>que permite obter vantagens n\u00e3o s\u00f3 em termos de conten\u00e7\u00e3o de custos e de rapidez de execu\u00e7\u00e3o, mas tamb\u00e9m ao completar os testes com um <strong>sensibilidade de condu\u00e7\u00e3o \"humana\", t\u00edpica da utiliza\u00e7\u00e3o em estrada.<\/strong><\/p>\n<p><strong>Tamb\u00e9m podemos personalizar mecanicamente os nossos bancos de rolos, <\/strong>para requisitos espec\u00edficos de simula\u00e7\u00e3o do ciclo de condu\u00e7\u00e3o, de homologa\u00e7\u00e3o e de pr\u00e9-homologa\u00e7\u00e3o.<\/p>\n<p><a href=\"https:\/\/motycs.it\/pt\/contactos\/\"><strong>Contacte-nos para mais informa\u00e7\u00f5es e detalhes sobre as nossas salas de ensaio<\/strong><\/a><\/p>\n\n\t\t<\/div>\n\t<\/div>\n<\/div><\/div><div id=\"sc_accordion_item_1661160449203_0\" class=\"sc_accordion_item even\"><h5 class=\"sc_accordion_title\"><span class=\"sc_accordion_icon sc_accordion_icon_closed icon-plus\"><\/span><span class=\"sc_accordion_icon sc_accordion_icon_opened icon-minus\"><\/span>CALIBRA\u00c7\u00c3O DO CONTROLO DO MOTOR<\/h5><div class=\"sc_accordion_content\">\n\t<div class=\"wpb_text_column wpb_content_element\" >\n\t\t<div class=\"wpb_wrapper\">\n\t\t\t<p><strong>A complexidade crescente do sistema de motor (ve\u00edculos h\u00edbridos e el\u00e9ctricos) combinada com a necessidade de optimiza\u00e7\u00e3o dos recursos, <\/strong>determinaram o<strong> necessidade de m\u00e9todos e sistemas de calibra\u00e7\u00e3o de unidades de controlo de motores cada vez mais eficazes<\/strong>.<\/p>\n<p>Os nossos valores acrescentados:<\/p>\n<ul>\n<li><strong>Calibra\u00e7\u00e3o do motor e da UCE<\/strong>, em ambientes de teste personaliz\u00e1veis<\/li>\n<li><strong>Conhecimento entre optimiza\u00e7\u00e3o b\u00e1sica do motor, dirigibilidade, emiss\u00f5es<\/strong><\/li>\n<li><strong>Ferramentas profissionais para processamento e elabora\u00e7\u00e3o de relat\u00f3rios automatizados<\/strong><\/li>\n<li>Fortalecido por <strong>anos de experi\u00eancia e uma grande variedade de aplica\u00e7\u00f5es de calibra\u00e7\u00e3o e valida\u00e7\u00e3o de UCE<\/strong> (sistemas de gest\u00e3o de motores), propomo-nos a desenvolver sistemas de controlo, com ferramentas profissionais espec\u00edficas e software dedicado, <strong>incluindo a ETAS Inca<\/strong><\/li>\n<\/ul>\n<p><a href=\"https:\/\/motycs.it\/pt\/contactos\/\"><strong>Contacte-nos para mais informa\u00e7\u00f5es e detalhes sobre as nossas salas de ensaio<\/strong><\/a><\/p>\n\n\t\t<\/div>\n\t<\/div>\n<\/div><\/div><div id=\"sc_accordion_item_1661160449203_0\" class=\"sc_accordion_item odd\"><h5 class=\"sc_accordion_title\"><span class=\"sc_accordion_icon sc_accordion_icon_closed icon-plus\"><\/span><span class=\"sc_accordion_icon sc_accordion_icon_opened icon-minus\"><\/span>AQUISI\u00c7\u00c3O DE DADOS E ELECTR\u00d3NICA<\/h5><div class=\"sc_accordion_content\">\n\t<div class=\"wpb_text_column wpb_content_element\" >\n\t\t<div class=\"wpb_wrapper\">\n\t\t\t<p>Uma parte fundamental de qualquer tipo de teste \u00e9 a<strong> registo e tratamento correcto dos dados produzidos.<\/strong> Consideramos que \u00e9 indispens\u00e1vel<strong> conhecer o fen\u00f3meno em pormenor para poder intervir;<\/strong> temos <strong>v\u00e1rios sistemas de aquisi\u00e7\u00e3o, fixos e port\u00e1teis, com interface com as principais plataformas, bem como uma vasta gama de sensores configur\u00e1veis<\/strong>. Todos os nossos bancos de ensaio s\u00e3o <strong>configur\u00e1vel em todos os aspectos<\/strong>tamb\u00e9m gra\u00e7as ao <strong>disponibilidade interna de um laborat\u00f3rio de desenvolvimento, integra\u00e7\u00e3o e depura\u00e7\u00e3o de electr\u00f3nica.<\/strong><\/p>\n<p>Realizamos instala\u00e7\u00f5es pr\u00f3prias de salas de ensaio, sistemas de medi\u00e7\u00e3o e aquisi\u00e7\u00e3o; <strong>cuidando de todos os pormenores necess\u00e1rios para obter o melhor resultado.<\/strong><\/p>\n<p><a href=\"https:\/\/motycs.it\/pt\/contactos\/\"><strong>Contacte-nos para mais informa\u00e7\u00f5es e detalhes sobre as nossas salas de ensaio<\/strong><\/a><\/p>\n\n\t\t<\/div>\n\t<\/div>\n<\/div><\/div><div id=\"sc_accordion_item_1661160449203_0\" class=\"sc_accordion_item even\"><h5 class=\"sc_accordion_title\"><span class=\"sc_accordion_icon sc_accordion_icon_closed icon-plus\"><\/span><span class=\"sc_accordion_icon sc_accordion_icon_opened icon-minus\"><\/span>LABORAT\u00d3RIOS INTERNOS<\/h5><div class=\"sc_accordion_content\">\n\t<div class=\"wpb_text_column wpb_content_element\" >\n\t\t<div class=\"wpb_wrapper\">\n\t\t\t<p>Disponibilidade de laborat\u00f3rios internos para apoiar as diferentes actividades da empresa. Estes <strong>permitir-nos o controlo total das actividades de ensaio, com a maior flexibilidade poss\u00edvel:<\/strong><\/p>\n<ul>\n<li><strong>LABORAT\u00d3RIO DE ELECTR\u00d3NICA<\/strong><\/li>\n<li><strong>CARACTERIZA\u00c7\u00c3O DE COMPONENTES<\/strong><\/li>\n<li><strong>FLUX\u00d3METRO<\/strong><\/li>\n<li><strong>EQUIPAMENTO, <\/strong><strong>SOLDAGEM<\/strong><\/li>\n<li><strong>BANCADAS DE MONTAGEM<\/strong><\/li>\n<\/ul>\n<p><a href=\"https:\/\/motycs.it\/pt\/contactos\/\"><strong>Contacte-nos para obter mais informa\u00e7\u00f5es e detalhes sobre os nossos servi\u00e7os de ensaio<\/strong><\/a><\/p>\n\n\t\t<\/div>\n\t<\/div>\n<\/div><\/div><\/div>\n\t<div class=\"wpb_text_column wpb_content_element  vc_custom_1683230348847\" >\n\t\t<div class=\"wpb_wrapper\">\n\t\t\t<h5><strong>COLABORA\u00c7\u00d5ES<\/strong><\/h5>\n<div class=\"page\" title=\"P\u00e1gina 2\">\n<div class=\"section\">\n<div class=\"layoutArea\">\n<div class=\"column\">\n<p>Trabalhamos em <strong>colabora\u00e7\u00e3o estreita com algumas das empresas mais prestigiadas da tradi\u00e7\u00e3o autom\u00f3vel<\/strong>, comprometendo-nos a <strong>valorizar cada vez mais a cria\u00e7\u00e3o de parcerias estrat\u00e9gicas<\/strong>; desenvolver rela\u00e7\u00f5es cont\u00ednuas e de confian\u00e7a com os clientes.<\/p>\n<p><strong>Contacte-nos para mais informa\u00e7\u00f5es: <a href=\"mailto:info@motycs.it\">info@motycs.it<\/a><\/strong><\/p>\n<\/div>\n<h6><strong>DESCOBRIR MAIS<\/strong><\/h6>\n<ul>\n<li><a href=\"https:\/\/motycs.it\/pt\/conceitos-basicos-bancadas-de-teste-dinamometro\/\"><strong>Conceitos b\u00e1sicos de bancos de ensaio<\/strong><\/a><\/li>\n<li><a href=\"https:\/\/motycs.it\/pt\/factores-correccao-poder\/\"><strong>Factores de correc\u00e7\u00e3o de pot\u00eancia DIN, CE, SAE...<\/strong><\/a><\/li>\n<li><a href=\"https:\/\/motycs.it\/pt\/os-bancos-historicos-provam-o-poder-dos-rolos\/\"><strong>Hist\u00f3ria dos bancos de ensaio de rolos<\/strong><\/a><\/li>\n<li><a href=\"https:\/\/motycs.it\/pt\/product\/homologa\/\"><strong>Sistema de controlo e aquisi\u00e7\u00e3o, para sistemas de homologa\u00e7\u00e3o<\/strong><\/a><\/li>\n<\/ul>\n<\/div>\n<\/div>\n<\/div>\n\n\t\t<\/div>\n\t<\/div>\n<\/div><\/div><\/div><\/div><div class=\"vc_row-full-width vc_clearfix\"><\/div><div class=\"vc_row wpb_row vc_row-fluid\"><div class=\"wpb_column vc_column_container vc_col-sm-12\"><div class=\"vc_column-inner\"><div class=\"wpb_wrapper\"><div class=\"wpb_gallery wpb_content_element vc_clearfix\" ><div class=\"wpb_wrapper\"><h2 class=\"wpb_heading wpb_gallery_heading\">galeria<\/h2><div class=\"wpb_gallery_slides wpb_slider_nivo theme-default\" data-interval=\"3\"><div class=\"nivoSlider\"><img loading=\"lazy\" decoding=\"async\" class=\"\" src=\"https:\/\/motycs.it\/wp-content\/uploads\/2023\/05\/sistemacontrolloedacquisizione.jpg\" width=\"800\" height=\"800\" alt=\"Os nossos sistemas de aquisi\u00e7\u00e3o de dados\" title=\"sistema de controlo e aquisi\u00e7\u00e3o\" \/><img loading=\"lazy\" decoding=\"async\" class=\"\" src=\"https:\/\/motycs.it\/wp-content\/uploads\/2023\/05\/engine-dynamoemter-motycs.jpg\" width=\"800\" height=\"800\" alt=\"motor-dinamizador-motores\" title=\"motor-dinamizador-motores\" \/><img loading=\"lazy\" decoding=\"async\" class=\"\" src=\"https:\/\/motycs.it\/wp-content\/uploads\/2023\/05\/dyno-controlo-room-motycs.jpg\" width=\"800\" height=\"800\" alt=\"sistema de controlo do banco de ensaio de motores\" title=\"dyno-controlo-room-motycs\" \/><img loading=\"lazy\" decoding=\"async\" class=\"\" src=\"https:\/\/motycs.it\/wp-content\/uploads\/2022\/08\/sala-prova-motori-motycs.jpg\" width=\"800\" height=\"800\" alt=\"sala de ensaios de motores-motycs\" title=\"sala de ensaios de motores-motycs\" \/><img loading=\"lazy\" decoding=\"async\" class=\"\" src=\"https:\/\/motycs.it\/wp-content\/uploads\/2022\/08\/banco-a-rulli-moto-motycs-prova-potenza.jpg\" width=\"800\" height=\"800\" alt=\"banco de ensaio de pot\u00eancia para motociclos motycs\" title=\"banco-ao-rolo-moto-motociclos-prova-poder\" \/><img loading=\"lazy\" decoding=\"async\" class=\"\" src=\"https:\/\/motycs.it\/wp-content\/uploads\/2022\/08\/immagine-INCA-motycs-ecu.jpg\" width=\"800\" height=\"800\" alt=\"Uma interface SW do sistema de homologa\u00e7\u00e3o\" title=\"imagem-INCA-motycs-ecu\" \/><img loading=\"lazy\" decoding=\"async\" class=\"\" src=\"https:\/\/motycs.it\/wp-content\/uploads\/2023\/05\/4wd-banco-prova-potenza-motycs-dynamometer.jpg\" width=\"800\" height=\"800\" alt=\"4wd-bank-test-power-motycs-dynamometer\" title=\"4wd-bank-test-power-motycs-dynamometer\" \/><\/div><\/div><\/div><\/div><\/div><\/div><\/div><\/div>","protected":false},"excerpt":{"rendered":"Servi\u00e7osTestes de motores e ve\u00edculos SALA DE TESTES DE MOTORES Disponibilidade de uma sala de testes de motores equipada com um banco de testes configurado na solu\u00e7\u00e3o TANDEM, com motor ass\u00edncrono. Cada configura\u00e7\u00e3o de teste \u00e9 feita sob medida para atender \u00e0s necessidades do cliente. Damos grande import\u00e2ncia \u00e0 repetibilidade e \u00e0 pontualidade das medi\u00e7\u00f5es: implement\u00e1mos sistemas de controlo \"em tempo real\" [...]","protected":false},"author":1,"featured_media":0,"parent":0,"menu_order":0,"comment_status":"closed","ping_status":"closed","template":"","meta":{"footnotes":""},"class_list":["post-1381","page","type-page","status-publish","hentry"],"yoast_head":"<!-- This site is optimized with the Yoast SEO plugin v26.5 - https:\/\/yoast.com\/wordpress\/plugins\/seo\/ -->\n<title>Testing motori e veicoli - MOTYCS<\/title>\n<meta name=\"description\" content=\"Da oltre 20 anni forniamo servizi di testing motori, calibrazione motore, omologazione, cicli di guida secondo le diverse normative\" \/>\n<meta name=\"robots\" content=\"index, follow, max-snippet:-1, max-image-preview:large, max-video-preview:-1\" \/>\n<link rel=\"canonical\" href=\"https:\/\/motycs.it\/pt\/servicos-motores-de-ensaio\/\" \/>\n<meta property=\"og:locale\" content=\"pt_PT\" \/>\n<meta property=\"og:type\" content=\"article\" \/>\n<meta property=\"og:title\" content=\"Testing motori e veicoli - MOTYCS\" \/>\n<meta property=\"og:description\" content=\"Da oltre 20 anni forniamo servizi di testing motori, calibrazione motore, omologazione, cicli di guida secondo le diverse normative\" \/>\n<meta property=\"og:url\" content=\"https:\/\/motycs.it\/pt\/servicos-motores-de-ensaio\/\" \/>\n<meta property=\"og:site_name\" content=\"MOTYCS\" \/>\n<meta property=\"article:publisher\" content=\"https:\/\/www.facebook.com\/motycs\/\" \/>\n<meta property=\"article:modified_time\" content=\"2023-05-09T07:40:38+00:00\" \/>\n<meta property=\"og:image\" content=\"https:\/\/motycs.it\/wp-content\/uploads\/2023\/05\/lancia-delta-integrale-banco-prova-potenza-dyno.jpg\" \/>\n\t<meta property=\"og:image:width\" content=\"800\" \/>\n\t<meta property=\"og:image:height\" content=\"800\" \/>\n\t<meta property=\"og:image:type\" content=\"image\/jpeg\" \/>\n<meta name=\"twitter:card\" content=\"summary_large_image\" \/>\n<meta name=\"twitter:label1\" content=\"Tempo estimado de leitura\" \/>\n\t<meta name=\"twitter:data1\" content=\"11 minutos\" \/>\n<script type=\"application\/ld+json\" class=\"yoast-schema-graph\">{\"@context\":\"https:\/\/schema.org\",\"@graph\":[{\"@type\":\"WebPage\",\"@id\":\"https:\/\/motycs.it\/servizi-testing-motori\/\",\"url\":\"https:\/\/motycs.it\/servizi-testing-motori\/\",\"name\":\"Testing motori e veicoli - MOTYCS\",\"isPartOf\":{\"@id\":\"https:\/\/motycs.it\/#website\"},\"datePublished\":\"2023-03-09T08:42:02+00:00\",\"dateModified\":\"2023-05-09T07:40:38+00:00\",\"description\":\"Da oltre 20 anni forniamo servizi di testing motori, calibrazione motore, omologazione, cicli di guida secondo le diverse normative\",\"breadcrumb\":{\"@id\":\"https:\/\/motycs.it\/servizi-testing-motori\/#breadcrumb\"},\"inLanguage\":\"pt-PT\",\"potentialAction\":[{\"@type\":\"ReadAction\",\"target\":[\"https:\/\/motycs.it\/servizi-testing-motori\/\"]}]},{\"@type\":\"BreadcrumbList\",\"@id\":\"https:\/\/motycs.it\/servizi-testing-motori\/#breadcrumb\",\"itemListElement\":[{\"@type\":\"ListItem\",\"position\":1,\"name\":\"Home\",\"item\":\"https:\/\/motycs.it\/\"},{\"@type\":\"ListItem\",\"position\":2,\"name\":\"Testing motori e veicoli\"}]},{\"@type\":\"WebSite\",\"@id\":\"https:\/\/motycs.it\/#website\",\"url\":\"https:\/\/motycs.it\/\",\"name\":\"MOTYCS\",\"description\":\"\",\"publisher\":{\"@id\":\"https:\/\/motycs.it\/#organization\"},\"potentialAction\":[{\"@type\":\"SearchAction\",\"target\":{\"@type\":\"EntryPoint\",\"urlTemplate\":\"https:\/\/motycs.it\/?s={search_term_string}\"},\"query-input\":{\"@type\":\"PropertyValueSpecification\",\"valueRequired\":true,\"valueName\":\"search_term_string\"}}],\"inLanguage\":\"pt-PT\"},{\"@type\":\"Organization\",\"@id\":\"https:\/\/motycs.it\/#organization\",\"name\":\"MOTYCS\",\"url\":\"https:\/\/motycs.it\/\",\"logo\":{\"@type\":\"ImageObject\",\"inLanguage\":\"pt-PT\",\"@id\":\"https:\/\/motycs.it\/#\/schema\/logo\/image\/\",\"url\":\"https:\/\/motycs.it\/wp-content\/uploads\/2022\/03\/orizz_bianc.jpg\",\"contentUrl\":\"https:\/\/motycs.it\/wp-content\/uploads\/2022\/03\/orizz_bianc.jpg\",\"width\":600,\"height\":159,\"caption\":\"MOTYCS\"},\"image\":{\"@id\":\"https:\/\/motycs.it\/#\/schema\/logo\/image\/\"},\"sameAs\":[\"https:\/\/www.facebook.com\/motycs\/\",\"https:\/\/www.instagram.com\/motycs.teq\/\",\"https:\/\/www.linkedin.com\/company\/motycs\/\",\"https:\/\/www.pinterest.it\/Motycsdynamometer\/\",\"https:\/\/www.youtube.com\/channel\/UCl_9nwLJn-fMI6UMZVc0tZw\"]}]}<\/script>\n<!-- \/ Yoast SEO plugin. -->","yoast_head_json":{"title":"Ensaio de motores e ve\u00edculos - MOTYCS","description":"H\u00e1 mais de 20 anos que fornecemos ensaios de motores, calibra\u00e7\u00e3o de motores, homologa\u00e7\u00e3o, ciclos de condu\u00e7\u00e3o de acordo com diferentes regulamentos","robots":{"index":"index","follow":"follow","max-snippet":"max-snippet:-1","max-image-preview":"max-image-preview:large","max-video-preview":"max-video-preview:-1"},"canonical":"https:\/\/motycs.it\/pt\/servicos-motores-de-ensaio\/","og_locale":"pt_PT","og_type":"article","og_title":"Testing motori e veicoli - MOTYCS","og_description":"Da oltre 20 anni forniamo servizi di testing motori, calibrazione motore, omologazione, cicli di guida secondo le diverse normative","og_url":"https:\/\/motycs.it\/pt\/servicos-motores-de-ensaio\/","og_site_name":"MOTYCS","article_publisher":"https:\/\/www.facebook.com\/motycs\/","article_modified_time":"2023-05-09T07:40:38+00:00","og_image":[{"width":800,"height":800,"url":"https:\/\/motycs.it\/wp-content\/uploads\/2023\/05\/lancia-delta-integrale-banco-prova-potenza-dyno.jpg","type":"image\/jpeg"}],"twitter_card":"summary_large_image","twitter_misc":{"Tempo estimado de leitura":"11 minutos"},"schema":{"@context":"https:\/\/schema.org","@graph":[{"@type":"WebPage","@id":"https:\/\/motycs.it\/servizi-testing-motori\/","url":"https:\/\/motycs.it\/servizi-testing-motori\/","name":"Ensaio de motores e ve\u00edculos - MOTYCS","isPartOf":{"@id":"https:\/\/motycs.it\/#website"},"datePublished":"2023-03-09T08:42:02+00:00","dateModified":"2023-05-09T07:40:38+00:00","description":"H\u00e1 mais de 20 anos que fornecemos ensaios de motores, calibra\u00e7\u00e3o de motores, homologa\u00e7\u00e3o, ciclos de condu\u00e7\u00e3o de acordo com diferentes regulamentos","breadcrumb":{"@id":"https:\/\/motycs.it\/servizi-testing-motori\/#breadcrumb"},"inLanguage":"pt-PT","potentialAction":[{"@type":"ReadAction","target":["https:\/\/motycs.it\/servizi-testing-motori\/"]}]},{"@type":"BreadcrumbList","@id":"https:\/\/motycs.it\/servizi-testing-motori\/#breadcrumb","itemListElement":[{"@type":"ListItem","position":1,"name":"Home","item":"https:\/\/motycs.it\/"},{"@type":"ListItem","position":2,"name":"Testing motori e veicoli"}]},{"@type":"WebSite","@id":"https:\/\/motycs.it\/#website","url":"https:\/\/motycs.it\/","name":"MOTYCS","description":"","publisher":{"@id":"https:\/\/motycs.it\/#organization"},"potentialAction":[{"@type":"SearchAction","target":{"@type":"EntryPoint","urlTemplate":"https:\/\/motycs.it\/?s={search_term_string}"},"query-input":{"@type":"PropertyValueSpecification","valueRequired":true,"valueName":"search_term_string"}}],"inLanguage":"pt-PT"},{"@type":"Organization","@id":"https:\/\/motycs.it\/#organization","name":"MOTYCS","url":"https:\/\/motycs.it\/","logo":{"@type":"ImageObject","inLanguage":"pt-PT","@id":"https:\/\/motycs.it\/#\/schema\/logo\/image\/","url":"https:\/\/motycs.it\/wp-content\/uploads\/2022\/03\/orizz_bianc.jpg","contentUrl":"https:\/\/motycs.it\/wp-content\/uploads\/2022\/03\/orizz_bianc.jpg","width":600,"height":159,"caption":"MOTYCS"},"image":{"@id":"https:\/\/motycs.it\/#\/schema\/logo\/image\/"},"sameAs":["https:\/\/www.facebook.com\/motycs\/","https:\/\/www.instagram.com\/motycs.teq\/","https:\/\/www.linkedin.com\/company\/motycs\/","https:\/\/www.pinterest.it\/Motycsdynamometer\/","https:\/\/www.youtube.com\/channel\/UCl_9nwLJn-fMI6UMZVc0tZw"]}]}},"_links":{"self":[{"href":"https:\/\/motycs.it\/pt\/wp-json\/wp\/v2\/pages\/1381","targetHints":{"allow":["GET"]}}],"collection":[{"href":"https:\/\/motycs.it\/pt\/wp-json\/wp\/v2\/pages"}],"about":[{"href":"https:\/\/motycs.it\/pt\/wp-json\/wp\/v2\/types\/page"}],"author":[{"embeddable":true,"href":"https:\/\/motycs.it\/pt\/wp-json\/wp\/v2\/users\/1"}],"replies":[{"embeddable":true,"href":"https:\/\/motycs.it\/pt\/wp-json\/wp\/v2\/comments?post=1381"}],"version-history":[{"count":22,"href":"https:\/\/motycs.it\/pt\/wp-json\/wp\/v2\/pages\/1381\/revisions"}],"predecessor-version":[{"id":1676,"href":"https:\/\/motycs.it\/pt\/wp-json\/wp\/v2\/pages\/1381\/revisions\/1676"}],"wp:attachment":[{"href":"https:\/\/motycs.it\/pt\/wp-json\/wp\/v2\/media?parent=1381"}],"curies":[{"name":"wp","href":"https:\/\/api.w.org\/{rel}","templated":true}]}}