{"id":1014,"date":"2022-03-17T18:56:07","date_gmt":"2022-03-17T17:56:07","guid":{"rendered":"https:\/\/motycs.it\/?page_id=1014"},"modified":"2023-05-26T08:38:37","modified_gmt":"2023-05-26T06:38:37","slug":"sistemi-omologativi","status":"publish","type":"page","link":"https:\/\/motycs.it\/pt\/sistemas-homologos\/","title":{"rendered":"Bancos para bicicletas aprovados"},"content":{"rendered":"<div data-vc-full-width=\"true\" data-vc-full-width-init=\"false\" class=\"vc_row wpb_row vc_row-fluid vc_custom_1473769871896 vc_row-has-fill\"><div class=\"wpb_column vc_column_container vc_col-sm-12\"><div class=\"vc_column-inner\"><div class=\"wpb_wrapper\"><div class=\"sc_section margin_top_large margin_bottom_huge\" data-animation=\"animated fadeInUp normal\" style=\"max-width: 1030px; margin: auto;\"><div class=\"sc_section_inner\"><h6 class=\"sc_section_subtitle sc_item_subtitle\">Teoria<\/h6><h3 class=\"sc_section_title sc_item_title sc_item_title_without_descr\">Sistemas de homologa\u00e7\u00e3o e de fim de linha<\/h3><div class=\"sc_section_content_wrap\">\n\t<div class=\"wpb_text_column wpb_content_element  vc_custom_1685083110967\" >\n\t\t<div class=\"wpb_wrapper\">\n\t\t\t<h5><strong>CONCEP\u00c7\u00c3O E CONSTRU\u00c7\u00c3O DE BANCOS DE ENSAIO<\/strong><\/h5>\n<p><strong>MOTYCS<\/strong> re\u00fane os <strong>20 anos de experi\u00eancia de empresas especializadas em testes<\/strong>, na concep\u00e7\u00e3o e realiza\u00e7\u00e3o de <strong>bancos de ensaio para a realiza\u00e7\u00e3o de ciclos de homologa\u00e7\u00e3o <\/strong>,<strong> bancadas de fim de linha<\/strong>, incluindo, em <strong>Autom\u00f3vel<\/strong>:<\/p>\n<ul>\n<li><strong>VERIFICA\u00c7\u00c3O DAS EMISS\u00d5ES<\/strong><\/li>\n<li><strong>CICLOS DE CONDU\u00c7\u00c3O (WLTP)<\/strong><\/li>\n<li><strong>CICLOS DE DURA\u00c7\u00c3O<\/strong><\/li>\n<li><strong>ENSAIOS DE DESEMPENHO OU DE POT\u00caNCIA<\/strong><\/li>\n<li><strong>ENSAIOS DE DURABILIDADE\/CONSUMO<\/strong><\/li>\n<li><strong>CALIBRA\u00c7\u00c3O DOS SISTEMAS DE CONTROLO<\/strong><\/li>\n<li><strong>SIMULA\u00c7\u00c3O RODOVI\u00c1RIA<\/strong><\/li>\n<\/ul>\n<p>A estes juntam-se <strong>aplica\u00e7\u00f5es noutros sectores<\/strong>:<\/p>\n<ul>\n<li><strong>INVESTIGA\u00c7\u00c3O E DESENVOLVIMENTO<\/strong><\/li>\n<li><strong>TESTES DE FIM DE LINHA<\/strong><\/li>\n<li><strong>TESTE COP<\/strong><\/li>\n<\/ul>\n<p>Trabalhar em <strong>colabora\u00e7\u00e3o estreita com empresas de prest\u00edgio na tradi\u00e7\u00e3o autom\u00f3vel<\/strong>, <strong>desenvolvemos produtos e solu\u00e7\u00f5es direccionados<\/strong>, especificamente concebidos para uma vasta gama de aplica\u00e7\u00f5es.<\/p>\n<p>Centrar-se no<strong>\u00a0pontualidade das medi\u00e7\u00f5es<\/strong>, implement\u00e1mos <strong>sistemas de controlo autom\u00e1tico \"em tempo real\"; <\/strong>que permitem a execu\u00e7\u00e3o de <strong>ciclos personalizados<\/strong>, com o <strong>a maior precis\u00e3o e repetibilidade poss\u00edveis<\/strong>.<\/p>\n<div id=\"attachment_1572\" style=\"width: 810px\" class=\"wp-caption aligncenter\"><a href=\"https:\/\/motycs.it\/wp-content\/uploads\/2023\/05\/dyno-controlo-room-motycs.jpg\"><img loading=\"lazy\" decoding=\"async\" aria-describedby=\"caption-attachment-1572\" class=\"wp-image-1572 size-full\" title=\"sistema de controlo de bancos de ensaio\" src=\"https:\/\/motycs.it\/wp-content\/uploads\/2023\/05\/dyno-controlo-room-motycs.jpg\" alt=\"sistema de controlo do banco de ensaio de motores\" width=\"800\" height=\"800\" srcset=\"https:\/\/motycs.it\/wp-content\/uploads\/2023\/05\/dyno-controlo-room-motycs.jpg 800w, https:\/\/motycs.it\/wp-content\/uploads\/2023\/05\/dyno-controlo-room-motycs-300x300.jpg 300w, https:\/\/motycs.it\/wp-content\/uploads\/2023\/05\/dyno-controlo-room-motycs-150x150.jpg 150w, https:\/\/motycs.it\/wp-content\/uploads\/2023\/05\/dyno-controlo-room-motycs-768x768.jpg 768w, https:\/\/motycs.it\/wp-content\/uploads\/2023\/05\/dyno-controlo-room-motycs-600x600.jpg 600w, https:\/\/motycs.it\/wp-content\/uploads\/2023\/05\/dyno-controlo-room-motycs-100x100.jpg 100w\" sizes=\"auto, (max-width: 800px) 100vw, 800px\" \/><\/a><p id=\"caption-attachment-1572\" class=\"wp-caption-text\">Sala de controlo do banco de ensaios<\/p><\/div>\n<h5>BANCOS DE ENSAIO INDUSTRIAIS<\/h5>\n<p>Adquirimos experi\u00eancias diferentes, em dom\u00ednios diferentes:<\/p>\n<ul>\n<li><strong>Sistemas n\u00e1uticos \"personalizados<\/strong><\/li>\n<li><strong>Sistemas personalizados para o sector agr\u00edcola<\/strong><\/li>\n<li><strong>Sistemas hidr\u00e1ulicos personalizados<\/strong><\/li>\n<li><strong>Bancos de ensaio de rolos para o sector autom\u00f3vel \"por medida<\/strong><\/li>\n<li><strong>Renova\u00e7\u00e3o de bancos de ensaio de motores<\/strong> para o sector autom\u00f3vel<\/li>\n<li><strong>Medi\u00e7\u00f5es e ensaios industriais e no terreno<\/strong><\/li>\n<li><strong>Equipamento para a linha de produ\u00e7\u00e3o e para o laborat\u00f3rio<\/strong><\/li>\n<li><strong>Sistemas de t\u00faneis de vento clim\u00e1ticos<\/strong><\/li>\n<li><strong>Solu\u00e7\u00f5es distribu\u00eddas mesmo em locais remotos<\/strong><\/li>\n<li><strong>Aquisi\u00e7\u00e3o a partir de sensores e de bus de campo<\/strong><\/li>\n<\/ul>\n<h5><strong>SISTEMAS DE RU\u00cdDO E VIBRA\u00c7\u00c3O (NVH)<\/strong><\/h5>\n<p>Dispomos de sistemas de \"ru\u00eddo e vibra\u00e7\u00f5es\", tamb\u00e9m definidos no sector autom\u00f3vel <strong>Sistemas NVH (Noise Vibration Harshness).<\/strong><\/p>\n<p>S\u00e3o concebidos para o processamento num\u00e9rico e a an\u00e1lise de sinais din\u00e2micos no contexto de <strong>an\u00e1lise ac\u00fastica e de vibra\u00e7\u00f5es.\u00a0<\/strong>Sistemas normalmente utilizados em:<\/p>\n<ul>\n<li><strong>Laborat\u00f3rio, Investiga\u00e7\u00e3o e Desenvolvimento<\/strong><\/li>\n<li><strong>Linha de produ\u00e7\u00e3o (fim de linha)<\/strong><\/li>\n<li><strong>Monitoriza\u00e7\u00e3o das instala\u00e7\u00f5es<\/strong><\/li>\n<li><strong>Controlo de qualidade<\/strong><\/li>\n<\/ul>\n<p><strong><a href=\"https:\/\/motycs.it\/pt\/product\/sistemas-de-ruido-e-vibracao\/\">Saiba mais na p\u00e1gina dos sistemas NVH<\/a><\/strong><\/p>\n<h6><strong>REDUZIR O TEMPO DE COLOCA\u00c7\u00c3O NO MERCADO<\/strong><\/h6>\n<p>Os OEMs est\u00e3o sob press\u00e3o crescente para <strong>reduzir o tempo de coloca\u00e7\u00e3o no mercado de novos ve\u00edculos, poupando nos custos de desenvolvimento<\/strong>.<\/p>\n<p>Isto resulta na <strong>necessidade de um processo de desenvolvimento de produtos mais eficiente.<\/strong><\/p>\n<p><strong>As nossas plataformas de recolha e an\u00e1lise s\u00e3o capazes de:<\/strong><\/p>\n<ul>\n<li><strong> Exportar e gerir todos os dados nos formatos normalmente utilizados pelos clientes<\/strong><\/li>\n<li><strong>Permite uma melhor gest\u00e3o nos diferentes fluxos de trabalho da empresa<\/strong><\/li>\n<\/ul>\n<h6><strong>IND\u00daSTRIA 4.0<\/strong><\/h6>\n<div class=\"page\" title=\"P\u00e1gina 2\">\n<div class=\"section\">\n<div class=\"layoutArea\">\n<div class=\"column\">\n<p>Todos os modelos da gama podem beneficiar de<strong>os benef\u00edcios da legisla\u00e7\u00e3o da Ind\u00fastria 4.0<\/strong>.<\/p>\n<p>Podemos ajud\u00e1-lo com a apresenta\u00e7\u00e3o de relat\u00f3rios de peritos ajuramentados para apoiar o correcto preenchimento da documenta\u00e7\u00e3o.<\/p>\n<h6><strong>INSIGHTS<\/strong><\/h6>\n<ul>\n<li><strong><a href=\"https:\/\/motycs.it\/pt\/bancos-de-ensaio-4wd\/\">Vantagens dos bancos de ensaio 4\u00d74 com eixos ligados<\/a><\/strong><\/li>\n<li><a href=\"https:\/\/motycs.it\/pt\/factores-correccao-poder\/\"><b>Factores de correc\u00e7\u00e3o de pot\u00eancia DIN, CE, SAE...<\/b><\/a><\/li>\n<\/ul>\n<h6><strong>OS NOSSOS PRODUTOS E SERVI\u00c7OS<\/strong><\/h6>\n<ul>\n<li><a href=\"https:\/\/motycs.it\/pt\/product-category\/banchi-prova-potenza\/\"><strong>A nossa gama de bancos de ensaio<\/strong><\/a><\/li>\n<li><a href=\"https:\/\/motycs.it\/pt\/product-category\/sistemi-di-controllo\/\"><strong>Sistemas de controlo e aquisi\u00e7\u00e3o<\/strong><\/a><\/li>\n<li><a href=\"https:\/\/motycs.it\/pt\/product\/saleiros\/\"><strong>Salas de ensaio de motores insonorizadas<\/strong><\/a><\/li>\n<li><strong><a href=\"https:\/\/motycs.it\/pt\/product\/ventilacao\/\">Conjuntos de ventoinhas de arrefecimento do motor<\/a><\/strong><\/li>\n<li><a href=\"https:\/\/motycs.it\/pt\/product\/extraccao-de-fumo\/\"><strong>Sistemas de extrac\u00e7\u00e3o de fumos<\/strong><\/a><\/li>\n<li><a href=\"https:\/\/motycs.it\/pt\/servicos-motores-de-ensaio\/\"><strong>SERVI\u00c7OS DE ENSAIO DE MOTORES E VE\u00cdCULOS<\/strong><\/a><\/li>\n<\/ul>\n<p><a href=\"https:\/\/motycs.it\/pt\/contactos\/\"><strong>Contacte-nos para mais informa\u00e7\u00f5es<\/strong><\/a><\/p>\n<\/div>\n<div class=\"column\">\n<div class=\"page\" title=\"P\u00e1gina 2\">\n<div class=\"section\">\n<div class=\"layoutArea\">\n<div class=\"column\">\n<div id=\"attachment_1267\" style=\"width: 810px\" class=\"wp-caption aligncenter\"><a href=\"https:\/\/motycs.it\/wp-content\/uploads\/2022\/08\/banco-a-rulli-moto-motycs-prova-potenza.jpg\"><img loading=\"lazy\" decoding=\"async\" aria-describedby=\"caption-attachment-1267\" class=\"wp-image-1267 size-full\" src=\"https:\/\/motycs.it\/wp-content\/uploads\/2022\/08\/banco-a-rulli-moto-motycs-prova-potenza.jpg\" alt=\"banco de ensaio de pot\u00eancia para motociclos motycs\" width=\"800\" height=\"800\" srcset=\"https:\/\/motycs.it\/wp-content\/uploads\/2022\/08\/banco-a-rulli-moto-motycs-prova-potenza.jpg 800w, https:\/\/motycs.it\/wp-content\/uploads\/2022\/08\/banco-a-rulli-moto-motycs-prova-potenza-300x300.jpg 300w, https:\/\/motycs.it\/wp-content\/uploads\/2022\/08\/banco-a-rulli-moto-motycs-prova-potenza-150x150.jpg 150w, https:\/\/motycs.it\/wp-content\/uploads\/2022\/08\/banco-a-rulli-moto-motycs-prova-potenza-768x768.jpg 768w, https:\/\/motycs.it\/wp-content\/uploads\/2022\/08\/banco-a-rulli-moto-motycs-prova-potenza-600x600.jpg 600w, https:\/\/motycs.it\/wp-content\/uploads\/2022\/08\/banco-a-rulli-moto-motycs-prova-potenza-100x100.jpg 100w\" sizes=\"auto, (max-width: 800px) 100vw, 800px\" \/><\/a><p id=\"caption-attachment-1267\" class=\"wp-caption-text\">Sala de ensaios de homologa\u00e7\u00e3o interna<\/p><\/div>\n<\/div>\n<\/div>\n<\/div>\n<\/div>\n<\/div>\n<\/div>\n<\/div>\n<\/div>\n\n\t\t<\/div>\n\t<\/div>\n<\/div><\/div><\/div><\/div><\/div><\/div><\/div><div class=\"vc_row-full-width vc_clearfix\"><\/div>","protected":false},"excerpt":{"rendered":"TeoriaSistemas de fim de linha e de homologa\u00e7\u00e3o CONCEP\u00c7\u00c3O E REALIZA\u00c7\u00c3O DE BANCOS DE ENSAIO A MOTYCS re\u00fane a experi\u00eancia de vinte anos de empresas especializadas em ensaios para a conce\u00e7\u00e3o e o fabrico de bancos de ensaio para ciclos de homologa\u00e7\u00e3o ou bancos de fim de linha, incluindo, no sector autom\u00f3vel: TESTES DE EMISS\u00d5ES DO CICLO DE CONDU\u00c7\u00c3O (WLTP) CICLOS DE DURA\u00c7\u00c3O TESTES DE DESEMPENHO [...].","protected":false},"author":1,"featured_media":0,"parent":0,"menu_order":0,"comment_status":"closed","ping_status":"closed","template":"","meta":{"footnotes":""},"class_list":["post-1014","page","type-page","status-publish","hentry"],"yoast_head":"<!-- This site is optimized with the Yoast SEO plugin v26.5 - https:\/\/yoast.com\/wordpress\/plugins\/seo\/ -->\n<title>DAQ omologativi<\/title>\n<meta name=\"description\" content=\"Progettiamo e realizziamo banchi a rulli, sale prova ed accessori per l&#039;omologazione veicoli, secondo i diversi standard o normative locali\" \/>\n<meta name=\"robots\" content=\"index, follow, max-snippet:-1, max-image-preview:large, max-video-preview:-1\" \/>\n<link rel=\"canonical\" href=\"https:\/\/motycs.it\/pt\/sistemas-homologos\/\" \/>\n<meta property=\"og:locale\" content=\"pt_PT\" \/>\n<meta property=\"og:type\" content=\"article\" \/>\n<meta property=\"og:title\" content=\"DAQ omologativi\" \/>\n<meta property=\"og:description\" content=\"Progettiamo e realizziamo banchi a rulli, sale prova ed accessori per l&#039;omologazione veicoli, secondo i diversi standard o normative locali\" \/>\n<meta property=\"og:url\" content=\"https:\/\/motycs.it\/pt\/sistemas-homologos\/\" \/>\n<meta property=\"og:site_name\" content=\"MOTYCS\" \/>\n<meta property=\"article:publisher\" content=\"https:\/\/www.facebook.com\/motycs\/\" \/>\n<meta property=\"article:modified_time\" content=\"2023-05-26T06:38:37+00:00\" \/>\n<meta property=\"og:image\" content=\"https:\/\/motycs.it\/wp-content\/uploads\/2023\/05\/dyno-controlo-room-motycs.jpg\" \/>\n<meta name=\"twitter:card\" content=\"summary_large_image\" \/>\n<meta name=\"twitter:label1\" content=\"Tempo estimado de leitura\" \/>\n\t<meta name=\"twitter:data1\" content=\"2 minutos\" \/>\n<script type=\"application\/ld+json\" class=\"yoast-schema-graph\">{\"@context\":\"https:\/\/schema.org\",\"@graph\":[{\"@type\":\"WebPage\",\"@id\":\"https:\/\/motycs.it\/sistemi-omologativi\/\",\"url\":\"https:\/\/motycs.it\/sistemi-omologativi\/\",\"name\":\"DAQ omologativi\",\"isPartOf\":{\"@id\":\"https:\/\/motycs.it\/#website\"},\"primaryImageOfPage\":{\"@id\":\"https:\/\/motycs.it\/sistemi-omologativi\/#primaryimage\"},\"image\":{\"@id\":\"https:\/\/motycs.it\/sistemi-omologativi\/#primaryimage\"},\"thumbnailUrl\":\"https:\/\/motycs.it\/wp-content\/uploads\/2023\/05\/dyno-controlo-room-motycs.jpg\",\"datePublished\":\"2022-03-17T17:56:07+00:00\",\"dateModified\":\"2023-05-26T06:38:37+00:00\",\"description\":\"Progettiamo e realizziamo banchi a rulli, sale prova ed accessori per l'omologazione veicoli, secondo i diversi standard o normative locali\",\"breadcrumb\":{\"@id\":\"https:\/\/motycs.it\/sistemi-omologativi\/#breadcrumb\"},\"inLanguage\":\"pt-PT\",\"potentialAction\":[{\"@type\":\"ReadAction\",\"target\":[\"https:\/\/motycs.it\/sistemi-omologativi\/\"]}]},{\"@type\":\"ImageObject\",\"inLanguage\":\"pt-PT\",\"@id\":\"https:\/\/motycs.it\/sistemi-omologativi\/#primaryimage\",\"url\":\"https:\/\/motycs.it\/wp-content\/uploads\/2023\/05\/dyno-controlo-room-motycs.jpg\",\"contentUrl\":\"https:\/\/motycs.it\/wp-content\/uploads\/2023\/05\/dyno-controlo-room-motycs.jpg\"},{\"@type\":\"BreadcrumbList\",\"@id\":\"https:\/\/motycs.it\/sistemi-omologativi\/#breadcrumb\",\"itemListElement\":[{\"@type\":\"ListItem\",\"position\":1,\"name\":\"Home\",\"item\":\"https:\/\/motycs.it\/\"},{\"@type\":\"ListItem\",\"position\":2,\"name\":\"Banchi per cicli omologativi\"}]},{\"@type\":\"WebSite\",\"@id\":\"https:\/\/motycs.it\/#website\",\"url\":\"https:\/\/motycs.it\/\",\"name\":\"MOTYCS\",\"description\":\"\",\"publisher\":{\"@id\":\"https:\/\/motycs.it\/#organization\"},\"potentialAction\":[{\"@type\":\"SearchAction\",\"target\":{\"@type\":\"EntryPoint\",\"urlTemplate\":\"https:\/\/motycs.it\/?s={search_term_string}\"},\"query-input\":{\"@type\":\"PropertyValueSpecification\",\"valueRequired\":true,\"valueName\":\"search_term_string\"}}],\"inLanguage\":\"pt-PT\"},{\"@type\":\"Organization\",\"@id\":\"https:\/\/motycs.it\/#organization\",\"name\":\"MOTYCS\",\"url\":\"https:\/\/motycs.it\/\",\"logo\":{\"@type\":\"ImageObject\",\"inLanguage\":\"pt-PT\",\"@id\":\"https:\/\/motycs.it\/#\/schema\/logo\/image\/\",\"url\":\"https:\/\/motycs.it\/wp-content\/uploads\/2022\/03\/orizz_bianc.jpg\",\"contentUrl\":\"https:\/\/motycs.it\/wp-content\/uploads\/2022\/03\/orizz_bianc.jpg\",\"width\":600,\"height\":159,\"caption\":\"MOTYCS\"},\"image\":{\"@id\":\"https:\/\/motycs.it\/#\/schema\/logo\/image\/\"},\"sameAs\":[\"https:\/\/www.facebook.com\/motycs\/\",\"https:\/\/www.instagram.com\/motycs.teq\/\",\"https:\/\/www.linkedin.com\/company\/motycs\/\",\"https:\/\/www.pinterest.it\/Motycsdynamometer\/\",\"https:\/\/www.youtube.com\/channel\/UCl_9nwLJn-fMI6UMZVc0tZw\"]}]}<\/script>\n<!-- \/ Yoast SEO plugin. -->","yoast_head_json":{"title":"Homologa\u00e7\u00e3o DAQ","description":"Concebemos e fabricamos bancos de rolos, salas de ensaio e acess\u00f3rios para homologa\u00e7\u00e3o de ve\u00edculos, de acordo com diferentes normas ou regulamentos locais","robots":{"index":"index","follow":"follow","max-snippet":"max-snippet:-1","max-image-preview":"max-image-preview:large","max-video-preview":"max-video-preview:-1"},"canonical":"https:\/\/motycs.it\/pt\/sistemas-homologos\/","og_locale":"pt_PT","og_type":"article","og_title":"DAQ omologativi","og_description":"Progettiamo e realizziamo banchi a rulli, sale prova ed accessori per l'omologazione veicoli, secondo i diversi standard o normative locali","og_url":"https:\/\/motycs.it\/pt\/sistemas-homologos\/","og_site_name":"MOTYCS","article_publisher":"https:\/\/www.facebook.com\/motycs\/","article_modified_time":"2023-05-26T06:38:37+00:00","og_image":[{"url":"https:\/\/motycs.it\/wp-content\/uploads\/2023\/05\/dyno-controlo-room-motycs.jpg","type":"","width":"","height":""}],"twitter_card":"summary_large_image","twitter_misc":{"Tempo estimado de leitura":"2 minutos"},"schema":{"@context":"https:\/\/schema.org","@graph":[{"@type":"WebPage","@id":"https:\/\/motycs.it\/sistemi-omologativi\/","url":"https:\/\/motycs.it\/sistemi-omologativi\/","name":"Homologa\u00e7\u00e3o DAQ","isPartOf":{"@id":"https:\/\/motycs.it\/#website"},"primaryImageOfPage":{"@id":"https:\/\/motycs.it\/sistemi-omologativi\/#primaryimage"},"image":{"@id":"https:\/\/motycs.it\/sistemi-omologativi\/#primaryimage"},"thumbnailUrl":"https:\/\/motycs.it\/wp-content\/uploads\/2023\/05\/dyno-controlo-room-motycs.jpg","datePublished":"2022-03-17T17:56:07+00:00","dateModified":"2023-05-26T06:38:37+00:00","description":"Concebemos e fabricamos bancos de rolos, salas de ensaio e acess\u00f3rios para homologa\u00e7\u00e3o de ve\u00edculos, de acordo com diferentes normas ou regulamentos locais","breadcrumb":{"@id":"https:\/\/motycs.it\/sistemi-omologativi\/#breadcrumb"},"inLanguage":"pt-PT","potentialAction":[{"@type":"ReadAction","target":["https:\/\/motycs.it\/sistemi-omologativi\/"]}]},{"@type":"ImageObject","inLanguage":"pt-PT","@id":"https:\/\/motycs.it\/sistemi-omologativi\/#primaryimage","url":"https:\/\/motycs.it\/wp-content\/uploads\/2023\/05\/dyno-controlo-room-motycs.jpg","contentUrl":"https:\/\/motycs.it\/wp-content\/uploads\/2023\/05\/dyno-controlo-room-motycs.jpg"},{"@type":"BreadcrumbList","@id":"https:\/\/motycs.it\/sistemi-omologativi\/#breadcrumb","itemListElement":[{"@type":"ListItem","position":1,"name":"Home","item":"https:\/\/motycs.it\/"},{"@type":"ListItem","position":2,"name":"Banchi per cicli omologativi"}]},{"@type":"WebSite","@id":"https:\/\/motycs.it\/#website","url":"https:\/\/motycs.it\/","name":"MOTYCS","description":"","publisher":{"@id":"https:\/\/motycs.it\/#organization"},"potentialAction":[{"@type":"SearchAction","target":{"@type":"EntryPoint","urlTemplate":"https:\/\/motycs.it\/?s={search_term_string}"},"query-input":{"@type":"PropertyValueSpecification","valueRequired":true,"valueName":"search_term_string"}}],"inLanguage":"pt-PT"},{"@type":"Organization","@id":"https:\/\/motycs.it\/#organization","name":"MOTYCS","url":"https:\/\/motycs.it\/","logo":{"@type":"ImageObject","inLanguage":"pt-PT","@id":"https:\/\/motycs.it\/#\/schema\/logo\/image\/","url":"https:\/\/motycs.it\/wp-content\/uploads\/2022\/03\/orizz_bianc.jpg","contentUrl":"https:\/\/motycs.it\/wp-content\/uploads\/2022\/03\/orizz_bianc.jpg","width":600,"height":159,"caption":"MOTYCS"},"image":{"@id":"https:\/\/motycs.it\/#\/schema\/logo\/image\/"},"sameAs":["https:\/\/www.facebook.com\/motycs\/","https:\/\/www.instagram.com\/motycs.teq\/","https:\/\/www.linkedin.com\/company\/motycs\/","https:\/\/www.pinterest.it\/Motycsdynamometer\/","https:\/\/www.youtube.com\/channel\/UCl_9nwLJn-fMI6UMZVc0tZw"]}]}},"_links":{"self":[{"href":"https:\/\/motycs.it\/pt\/wp-json\/wp\/v2\/pages\/1014","targetHints":{"allow":["GET"]}}],"collection":[{"href":"https:\/\/motycs.it\/pt\/wp-json\/wp\/v2\/pages"}],"about":[{"href":"https:\/\/motycs.it\/pt\/wp-json\/wp\/v2\/types\/page"}],"author":[{"embeddable":true,"href":"https:\/\/motycs.it\/pt\/wp-json\/wp\/v2\/users\/1"}],"replies":[{"embeddable":true,"href":"https:\/\/motycs.it\/pt\/wp-json\/wp\/v2\/comments?post=1014"}],"version-history":[{"count":27,"href":"https:\/\/motycs.it\/pt\/wp-json\/wp\/v2\/pages\/1014\/revisions"}],"predecessor-version":[{"id":1759,"href":"https:\/\/motycs.it\/pt\/wp-json\/wp\/v2\/pages\/1014\/revisions\/1759"}],"wp:attachment":[{"href":"https:\/\/motycs.it\/pt\/wp-json\/wp\/v2\/media?parent=1014"}],"curies":[{"name":"wp","href":"https:\/\/api.w.org\/{rel}","templated":true}]}}