{"id":1012,"date":"2022-03-17T18:55:34","date_gmt":"2022-03-17T17:55:34","guid":{"rendered":"https:\/\/motycs.it\/?page_id=1012"},"modified":"2023-05-07T15:18:54","modified_gmt":"2023-05-07T13:18:54","slug":"banchi-prova-4wd","status":"publish","type":"page","link":"https:\/\/motycs.it\/pt\/bancos-de-ensaio-4wd\/","title":{"rendered":"Bancos de eixos ligados"},"content":{"rendered":"<div data-vc-full-width=\"true\" data-vc-full-width-init=\"false\" class=\"vc_row wpb_row vc_row-fluid vc_custom_1473769871896 vc_row-has-fill\"><div class=\"wpb_column vc_column_container vc_col-sm-12\"><div class=\"vc_column-inner\"><div class=\"wpb_wrapper\"><div class=\"sc_section margin_top_large margin_bottom_huge\" data-animation=\"animated fadeInUp normal\" style=\"max-width: 1030px; margin: auto;\"><div class=\"sc_section_inner\"><h6 class=\"sc_section_subtitle sc_item_subtitle\">Teoria<\/h6><h3 class=\"sc_section_title sc_item_title sc_item_title_without_descr\">Bancos de ensaio 4WD com eixos ligados<\/h3><div class=\"sc_section_content_wrap\">\n\t<div class=\"wpb_text_column wpb_content_element  vc_custom_1683465529575\" >\n\t\t<div class=\"wpb_wrapper\">\n\t\t\t<p><strong>SINCRONIZA\u00c7\u00c3O DOS EIXOS, UMA EXIG\u00caNCIA ACTUALMENTE INDISPENS\u00c1VEL<br \/>\n<\/strong><\/p>\n<p>La <strong>a sincroniza\u00e7\u00e3o mec\u00e2nica dos eixos \u00e9 actualmente um requisito indispens\u00e1vel<\/strong>, a fim de <strong>testar todos os tipos de ve\u00edculos sem dificuldade.<\/strong><\/p>\n<p><strong>Garante condi\u00e7\u00f5es de funcionamento compar\u00e1veis \u00e0s condi\u00e7\u00f5es de estrada<\/strong> (sincronismo da rota\u00e7\u00e3o das rodas dos eixos dianteiro e traseiro). Ter um banco de eixos ligado mecanicamente, <strong>significa:<\/strong><\/p>\n<ul>\n<li><strong>Trabalhar mais facilmente <\/strong>e com<strong> maior seguran\u00e7a<\/strong><\/li>\n<li><strong>Poupar tempo precioso <\/strong>deixar de ter de activar as fun\u00e7\u00f5es SW do ve\u00edculo (modo dyno)<\/li>\n<li><strong>N\u00e3o ter quaisquer limites na realiza\u00e7\u00e3o dos testes<\/strong>, mesmo com os ve\u00edculos de \u00faltima gera\u00e7\u00e3o.<\/li>\n<li><strong>Evitar poss\u00edveis danos dispendiosos no sistema de trac\u00e7\u00e3o do ve\u00edculo<\/strong>, cada vez mais frequente nos ve\u00edculos modernos.<\/li>\n<\/ul>\n<p>O <a href=\"https:\/\/motycs.it\/pt\/product\/teste-de-potencia-4wd\/\"><strong>Banco de ensaio de Sport Devices 4wd<\/strong><\/a> oferece um <strong>liga\u00e7\u00e3o do veio cardan telesc\u00f3pico<\/strong>, , o que garante:<\/p>\n<ul>\n<li><strong>Custos m\u00ednimos de manuten\u00e7\u00e3o<\/strong> e sem paragens para manuten\u00e7\u00e3o peri\u00f3dica (por exemplo, substitui\u00e7\u00e3o devido a desgaste ou ajuste da tens\u00e3o da correia).<\/li>\n<li><strong>Repetibilidade m\u00e1xima dos ensaios: <\/strong>o cardan n\u00e3o sofre de histerese e deforma\u00e7\u00e3o, como acontece com as correias.<\/li>\n<li><strong>Liga\u00e7\u00e3o desconect\u00e1vel, controlada pneumaticamente:<\/strong> permite trabalhar com eixos independentes e desconectados.<\/li>\n<\/ul>\n<p><strong>N.B: ACTUALIZA\u00c7\u00c3O DAS SECRET\u00c1RIAS EXISTENTES<\/strong><\/p>\n<p><strong>Se n\u00e3o tiver um banco ligado, gra\u00e7as ao nosso <a href=\"https:\/\/motycs.it\/pt\/product\/teste-de-potencia\/\">sistemas de controlo e aquisi\u00e7\u00e3o<\/a><\/strong>, podemos <strong>resolvem parcialmente os problemas acima referidos, gra\u00e7as \u00e0s fun\u00e7\u00f5es espec\u00edficas dos sistemas de controlo dos Sport Devices.<\/strong><\/p>\n<p>O sistema permite uma\u00a0<strong>gest\u00e3o em tempo real dos trav\u00f5es do dinam\u00f4metro<\/strong>, e tendo em conta eventuais desvios de velocidade dos rolos dos eixos dianteiro e traseiro. <strong>Desta forma, evitam-se poss\u00edveis danos no ve\u00edculo a ensaiar.<\/strong><\/p>\n<div id=\"attachment_1334\" style=\"width: 810px\" class=\"wp-caption aligncenter\"><a href=\"https:\/\/motycs.it\/wp-content\/uploads\/2022\/09\/gozzoli_sett22_8_logo-motycs_ok.jpg\"><img loading=\"lazy\" decoding=\"async\" aria-describedby=\"caption-attachment-1334\" class=\"wp-image-1334 size-full\" src=\"https:\/\/motycs.it\/wp-content\/uploads\/2022\/09\/gozzoli_sett22_8_logo-motycs_ok.jpg\" alt=\"banco de ensaio dyno motycs\" width=\"800\" height=\"800\" srcset=\"https:\/\/motycs.it\/wp-content\/uploads\/2022\/09\/gozzoli_sett22_8_logo-motycs_ok.jpg 800w, https:\/\/motycs.it\/wp-content\/uploads\/2022\/09\/gozzoli_sett22_8_logo-motycs_ok-300x300.jpg 300w, https:\/\/motycs.it\/wp-content\/uploads\/2022\/09\/gozzoli_sett22_8_logo-motycs_ok-150x150.jpg 150w, https:\/\/motycs.it\/wp-content\/uploads\/2022\/09\/gozzoli_sett22_8_logo-motycs_ok-768x768.jpg 768w, https:\/\/motycs.it\/wp-content\/uploads\/2022\/09\/gozzoli_sett22_8_logo-motycs_ok-600x600.jpg 600w, https:\/\/motycs.it\/wp-content\/uploads\/2022\/09\/gozzoli_sett22_8_logo-motycs_ok-100x100.jpg 100w\" sizes=\"auto, (max-width: 800px) 100vw, 800px\" \/><\/a><p id=\"caption-attachment-1334\" class=\"wp-caption-text\">Banco de ensaio de pot\u00eancia 4wd<\/p><\/div>\n<h6>INSIGHTS<\/h6>\n<ul>\n<li><a href=\"https:\/\/motycs.it\/pt\/os-bancos-historicos-provam-o-poder-dos-rolos\/\"><strong>Hist\u00f3ria dos bancos de ensaio de rolos<\/strong><\/a><\/li>\n<li><a href=\"https:\/\/motycs.it\/pt\/bancadas-de-potencia-biroll-de-rolo-unico\/\"><strong>A import\u00e2ncia do di\u00e2metro dos rolos nos bancos de ensaio<\/strong><\/a><\/li>\n<li><a href=\"https:\/\/motycs.it\/pt\/a-prova-de-bancos-com-dissipacao-de-energia\/\"><strong>O que \u00e9 a dissipa\u00e7\u00e3o de energia?<\/strong><\/a><\/li>\n<li><strong><a href=\"https:\/\/motycs.it\/pt\/bancadas-de-potencia-biroll-de-rolo-unico\/\">Banco de ensaio de pot\u00eancia BI-roller ou Mono-roller?<\/a><\/strong><\/li>\n<li><a href=\"https:\/\/motycs.it\/pt\/factores-correccao-poder\/\"><b>Factores de correc\u00e7\u00e3o de pot\u00eancia DIN, CE, SAE...<\/b><\/a><\/li>\n<li><strong><a href=\"https:\/\/motycs.it\/pt\/sistemas-homologos\/\">Bancos de homologa\u00e7\u00e3o e de fim de linha<\/a><\/strong> dom\u00ednios de aplica\u00e7\u00e3o<\/li>\n<\/ul>\n<h6>OS NOSSOS PRODUTOS E SERVI\u00c7OS<\/h6>\n<ul>\n<li><a href=\"https:\/\/motycs.it\/pt\/product-category\/banchi-prova-potenza\/\"><strong>A nossa gama de bancos de ensaio<\/strong><\/a><\/li>\n<li><a href=\"https:\/\/motycs.it\/pt\/product-category\/sistemi-di-controllo\/\"><strong>Sistemas de controlo e aquisi\u00e7\u00e3o<\/strong><\/a><\/li>\n<li><a href=\"https:\/\/motycs.it\/pt\/product\/saleiros\/\"><strong>Salas de ensaio de motores insonorizadas<\/strong><\/a><\/li>\n<li><strong><a href=\"https:\/\/motycs.it\/pt\/product\/ventilacao\/\">Conjuntos de ventoinhas de arrefecimento do motor<\/a><\/strong><\/li>\n<li><a href=\"https:\/\/motycs.it\/pt\/product\/extraccao-de-fumo\/\"><strong>Sistemas de extrac\u00e7\u00e3o de fumos<\/strong><\/a><\/li>\n<li><a href=\"https:\/\/motycs.it\/pt\/servicos-motores-de-ensaio\/\"><strong>Servi\u00e7os de ensaio de motores e ve\u00edculos<\/strong><\/a><\/li>\n<\/ul>\n<p><a href=\"https:\/\/motycs.it\/pt\/contactos\/\"><strong>Contacte-nos para mais informa\u00e7\u00f5es<\/strong><\/a><\/p>\n\n\t\t<\/div>\n\t<\/div>\n<\/div><\/div><\/div><\/div><\/div><\/div><\/div><div class=\"vc_row-full-width vc_clearfix\"><\/div>","protected":false},"excerpt":{"rendered":"TheoryBonded 4WD axle test rigs SINCRONIZA\u00c7\u00c3O DO EIXO, UMA NECESSIDADE QUE \u00c9 AGORA UM REQUISITO INDISPENS\u00c1VEL A sincroniza\u00e7\u00e3o mec\u00e2nica do eixo \u00e9 agora um requisito indispens\u00e1vel para um teste sem problemas de todos os tipos de ve\u00edculos. Garante condi\u00e7\u00f5es de funcionamento compar\u00e1veis \u00e0s condi\u00e7\u00f5es de estrada (sincroniza\u00e7\u00e3o da rota\u00e7\u00e3o das rodas dos eixos dianteiro e traseiro). Possuir um dinam\u00f3metro [...]","protected":false},"author":1,"featured_media":898,"parent":0,"menu_order":0,"comment_status":"closed","ping_status":"closed","template":"","meta":{"footnotes":""},"class_list":["post-1012","page","type-page","status-publish","has-post-thumbnail","hentry"],"yoast_head":"<!-- This site is optimized with the Yoast SEO plugin v26.5 - https:\/\/yoast.com\/wordpress\/plugins\/seo\/ -->\n<title>banchi prova potenza 4x4<\/title>\n<meta name=\"description\" content=\"Banchi prova potenza 4wd di ultima generazione. Disponiamo di una gamma prodotti completa, per facilitare un investimento progressivo\" \/>\n<meta name=\"robots\" content=\"index, follow, max-snippet:-1, max-image-preview:large, max-video-preview:-1\" \/>\n<link rel=\"canonical\" href=\"https:\/\/motycs.it\/pt\/bancos-de-ensaio-4wd\/\" \/>\n<meta property=\"og:locale\" content=\"pt_PT\" \/>\n<meta property=\"og:type\" content=\"article\" \/>\n<meta property=\"og:title\" content=\"banchi prova potenza 4x4\" \/>\n<meta property=\"og:description\" content=\"Banchi prova potenza 4wd di ultima generazione. Disponiamo di una gamma prodotti completa, per facilitare un investimento progressivo\" \/>\n<meta property=\"og:url\" content=\"https:\/\/motycs.it\/pt\/bancos-de-ensaio-4wd\/\" \/>\n<meta property=\"og:site_name\" content=\"MOTYCS\" \/>\n<meta property=\"article:publisher\" content=\"https:\/\/www.facebook.com\/motycs\/\" \/>\n<meta property=\"article:modified_time\" content=\"2023-05-07T13:18:54+00:00\" \/>\n<meta property=\"og:image\" content=\"https:\/\/motycs.it\/wp-content\/uploads\/2022\/03\/WhatsApp-Image-2022-03-15-at-00.34.26-2.jpeg\" \/>\n\t<meta property=\"og:image:width\" content=\"1440\" \/>\n\t<meta property=\"og:image:height\" content=\"1440\" \/>\n\t<meta property=\"og:image:type\" content=\"image\/jpeg\" \/>\n<meta name=\"twitter:card\" content=\"summary_large_image\" \/>\n<meta name=\"twitter:label1\" content=\"Tempo estimado de leitura\" \/>\n\t<meta name=\"twitter:data1\" content=\"2 minutos\" \/>\n<script type=\"application\/ld+json\" class=\"yoast-schema-graph\">{\"@context\":\"https:\/\/schema.org\",\"@graph\":[{\"@type\":\"WebPage\",\"@id\":\"https:\/\/motycs.it\/banchi-prova-4wd\/\",\"url\":\"https:\/\/motycs.it\/banchi-prova-4wd\/\",\"name\":\"banchi prova potenza 4x4\",\"isPartOf\":{\"@id\":\"https:\/\/motycs.it\/#website\"},\"primaryImageOfPage\":{\"@id\":\"https:\/\/motycs.it\/banchi-prova-4wd\/#primaryimage\"},\"image\":{\"@id\":\"https:\/\/motycs.it\/banchi-prova-4wd\/#primaryimage\"},\"thumbnailUrl\":\"https:\/\/motycs.it\/wp-content\/uploads\/2022\/03\/WhatsApp-Image-2022-03-15-at-00.34.26-2.jpeg\",\"datePublished\":\"2022-03-17T17:55:34+00:00\",\"dateModified\":\"2023-05-07T13:18:54+00:00\",\"description\":\"Banchi prova potenza 4wd di ultima generazione. Disponiamo di una gamma prodotti completa, per facilitare un investimento progressivo\",\"breadcrumb\":{\"@id\":\"https:\/\/motycs.it\/banchi-prova-4wd\/#breadcrumb\"},\"inLanguage\":\"pt-PT\",\"potentialAction\":[{\"@type\":\"ReadAction\",\"target\":[\"https:\/\/motycs.it\/banchi-prova-4wd\/\"]}]},{\"@type\":\"ImageObject\",\"inLanguage\":\"pt-PT\",\"@id\":\"https:\/\/motycs.it\/banchi-prova-4wd\/#primaryimage\",\"url\":\"https:\/\/motycs.it\/wp-content\/uploads\/2022\/03\/WhatsApp-Image-2022-03-15-at-00.34.26-2.jpeg\",\"contentUrl\":\"https:\/\/motycs.it\/wp-content\/uploads\/2022\/03\/WhatsApp-Image-2022-03-15-at-00.34.26-2.jpeg\",\"width\":1440,\"height\":1440,\"caption\":\"banco prova potenza dyno\"},{\"@type\":\"BreadcrumbList\",\"@id\":\"https:\/\/motycs.it\/banchi-prova-4wd\/#breadcrumb\",\"itemListElement\":[{\"@type\":\"ListItem\",\"position\":1,\"name\":\"Home\",\"item\":\"https:\/\/motycs.it\/\"},{\"@type\":\"ListItem\",\"position\":2,\"name\":\"Banchi ad assi collegati\"}]},{\"@type\":\"WebSite\",\"@id\":\"https:\/\/motycs.it\/#website\",\"url\":\"https:\/\/motycs.it\/\",\"name\":\"MOTYCS\",\"description\":\"\",\"publisher\":{\"@id\":\"https:\/\/motycs.it\/#organization\"},\"potentialAction\":[{\"@type\":\"SearchAction\",\"target\":{\"@type\":\"EntryPoint\",\"urlTemplate\":\"https:\/\/motycs.it\/?s={search_term_string}\"},\"query-input\":{\"@type\":\"PropertyValueSpecification\",\"valueRequired\":true,\"valueName\":\"search_term_string\"}}],\"inLanguage\":\"pt-PT\"},{\"@type\":\"Organization\",\"@id\":\"https:\/\/motycs.it\/#organization\",\"name\":\"MOTYCS\",\"url\":\"https:\/\/motycs.it\/\",\"logo\":{\"@type\":\"ImageObject\",\"inLanguage\":\"pt-PT\",\"@id\":\"https:\/\/motycs.it\/#\/schema\/logo\/image\/\",\"url\":\"https:\/\/motycs.it\/wp-content\/uploads\/2022\/03\/orizz_bianc.jpg\",\"contentUrl\":\"https:\/\/motycs.it\/wp-content\/uploads\/2022\/03\/orizz_bianc.jpg\",\"width\":600,\"height\":159,\"caption\":\"MOTYCS\"},\"image\":{\"@id\":\"https:\/\/motycs.it\/#\/schema\/logo\/image\/\"},\"sameAs\":[\"https:\/\/www.facebook.com\/motycs\/\",\"https:\/\/www.instagram.com\/motycs.teq\/\",\"https:\/\/www.linkedin.com\/company\/motycs\/\",\"https:\/\/www.pinterest.it\/Motycsdynamometer\/\",\"https:\/\/www.youtube.com\/channel\/UCl_9nwLJn-fMI6UMZVc0tZw\"]}]}<\/script>\n<!-- \/ Yoast SEO plugin. -->","yoast_head_json":{"title":"Bancos de ensaio de pot\u00eancia 4x4","description":"Bancos de ensaio de pot\u00eancia 4wd de \u00faltima gera\u00e7\u00e3o. Dispomos de uma gama completa de produtos para facilitar os investimentos progressivos","robots":{"index":"index","follow":"follow","max-snippet":"max-snippet:-1","max-image-preview":"max-image-preview:large","max-video-preview":"max-video-preview:-1"},"canonical":"https:\/\/motycs.it\/pt\/bancos-de-ensaio-4wd\/","og_locale":"pt_PT","og_type":"article","og_title":"banchi prova potenza 4x4","og_description":"Banchi prova potenza 4wd di ultima generazione. Disponiamo di una gamma prodotti completa, per facilitare un investimento progressivo","og_url":"https:\/\/motycs.it\/pt\/bancos-de-ensaio-4wd\/","og_site_name":"MOTYCS","article_publisher":"https:\/\/www.facebook.com\/motycs\/","article_modified_time":"2023-05-07T13:18:54+00:00","og_image":[{"width":1440,"height":1440,"url":"https:\/\/motycs.it\/wp-content\/uploads\/2022\/03\/WhatsApp-Image-2022-03-15-at-00.34.26-2.jpeg","type":"image\/jpeg"}],"twitter_card":"summary_large_image","twitter_misc":{"Tempo estimado de leitura":"2 minutos"},"schema":{"@context":"https:\/\/schema.org","@graph":[{"@type":"WebPage","@id":"https:\/\/motycs.it\/banchi-prova-4wd\/","url":"https:\/\/motycs.it\/banchi-prova-4wd\/","name":"Bancos de ensaio de pot\u00eancia 4x4","isPartOf":{"@id":"https:\/\/motycs.it\/#website"},"primaryImageOfPage":{"@id":"https:\/\/motycs.it\/banchi-prova-4wd\/#primaryimage"},"image":{"@id":"https:\/\/motycs.it\/banchi-prova-4wd\/#primaryimage"},"thumbnailUrl":"https:\/\/motycs.it\/wp-content\/uploads\/2022\/03\/WhatsApp-Image-2022-03-15-at-00.34.26-2.jpeg","datePublished":"2022-03-17T17:55:34+00:00","dateModified":"2023-05-07T13:18:54+00:00","description":"Bancos de ensaio de pot\u00eancia 4wd de \u00faltima gera\u00e7\u00e3o. Dispomos de uma gama completa de produtos para facilitar os investimentos progressivos","breadcrumb":{"@id":"https:\/\/motycs.it\/banchi-prova-4wd\/#breadcrumb"},"inLanguage":"pt-PT","potentialAction":[{"@type":"ReadAction","target":["https:\/\/motycs.it\/banchi-prova-4wd\/"]}]},{"@type":"ImageObject","inLanguage":"pt-PT","@id":"https:\/\/motycs.it\/banchi-prova-4wd\/#primaryimage","url":"https:\/\/motycs.it\/wp-content\/uploads\/2022\/03\/WhatsApp-Image-2022-03-15-at-00.34.26-2.jpeg","contentUrl":"https:\/\/motycs.it\/wp-content\/uploads\/2022\/03\/WhatsApp-Image-2022-03-15-at-00.34.26-2.jpeg","width":1440,"height":1440,"caption":"banco prova potenza dyno"},{"@type":"BreadcrumbList","@id":"https:\/\/motycs.it\/banchi-prova-4wd\/#breadcrumb","itemListElement":[{"@type":"ListItem","position":1,"name":"Home","item":"https:\/\/motycs.it\/"},{"@type":"ListItem","position":2,"name":"Banchi ad assi collegati"}]},{"@type":"WebSite","@id":"https:\/\/motycs.it\/#website","url":"https:\/\/motycs.it\/","name":"MOTYCS","description":"","publisher":{"@id":"https:\/\/motycs.it\/#organization"},"potentialAction":[{"@type":"SearchAction","target":{"@type":"EntryPoint","urlTemplate":"https:\/\/motycs.it\/?s={search_term_string}"},"query-input":{"@type":"PropertyValueSpecification","valueRequired":true,"valueName":"search_term_string"}}],"inLanguage":"pt-PT"},{"@type":"Organization","@id":"https:\/\/motycs.it\/#organization","name":"MOTYCS","url":"https:\/\/motycs.it\/","logo":{"@type":"ImageObject","inLanguage":"pt-PT","@id":"https:\/\/motycs.it\/#\/schema\/logo\/image\/","url":"https:\/\/motycs.it\/wp-content\/uploads\/2022\/03\/orizz_bianc.jpg","contentUrl":"https:\/\/motycs.it\/wp-content\/uploads\/2022\/03\/orizz_bianc.jpg","width":600,"height":159,"caption":"MOTYCS"},"image":{"@id":"https:\/\/motycs.it\/#\/schema\/logo\/image\/"},"sameAs":["https:\/\/www.facebook.com\/motycs\/","https:\/\/www.instagram.com\/motycs.teq\/","https:\/\/www.linkedin.com\/company\/motycs\/","https:\/\/www.pinterest.it\/Motycsdynamometer\/","https:\/\/www.youtube.com\/channel\/UCl_9nwLJn-fMI6UMZVc0tZw"]}]}},"_links":{"self":[{"href":"https:\/\/motycs.it\/pt\/wp-json\/wp\/v2\/pages\/1012","targetHints":{"allow":["GET"]}}],"collection":[{"href":"https:\/\/motycs.it\/pt\/wp-json\/wp\/v2\/pages"}],"about":[{"href":"https:\/\/motycs.it\/pt\/wp-json\/wp\/v2\/types\/page"}],"author":[{"embeddable":true,"href":"https:\/\/motycs.it\/pt\/wp-json\/wp\/v2\/users\/1"}],"replies":[{"embeddable":true,"href":"https:\/\/motycs.it\/pt\/wp-json\/wp\/v2\/comments?post=1012"}],"version-history":[{"count":27,"href":"https:\/\/motycs.it\/pt\/wp-json\/wp\/v2\/pages\/1012\/revisions"}],"predecessor-version":[{"id":1663,"href":"https:\/\/motycs.it\/pt\/wp-json\/wp\/v2\/pages\/1012\/revisions\/1663"}],"wp:featuredmedia":[{"embeddable":true,"href":"https:\/\/motycs.it\/pt\/wp-json\/wp\/v2\/media\/898"}],"wp:attachment":[{"href":"https:\/\/motycs.it\/pt\/wp-json\/wp\/v2\/media?parent=1012"}],"curies":[{"name":"wp","href":"https:\/\/api.w.org\/{rel}","templated":true}]}}