{"id":1010,"date":"2022-03-17T18:55:05","date_gmt":"2022-03-17T17:55:05","guid":{"rendered":"https:\/\/motycs.it\/?page_id=1010"},"modified":"2023-06-02T23:21:22","modified_gmt":"2023-06-02T21:21:22","slug":"rinnova-il-tuo-banco-prova","status":"publish","type":"page","link":"https:\/\/motycs.it\/pt\/renovar-o-seu-teste-bancario\/","title":{"rendered":"Renovar o seu banco de ensaios"},"content":{"rendered":"<div data-vc-full-width=\"true\" data-vc-full-width-init=\"false\" class=\"vc_row wpb_row vc_row-fluid vc_custom_1473769871896 vc_row-has-fill\"><div class=\"wpb_column vc_column_container vc_col-sm-12\"><div class=\"vc_column-inner\"><div class=\"wpb_wrapper\"><div class=\"sc_section margin_top_large margin_bottom_huge\" data-animation=\"animated fadeInUp normal\" style=\"max-width: 1030px; margin: auto;\"><div class=\"sc_section_inner\"><h6 class=\"sc_section_subtitle sc_item_subtitle\">Teoria<\/h6><h3 class=\"sc_section_title sc_item_title sc_item_title_without_descr\">Renovar o seu banco de ensaios<\/h3><div class=\"sc_section_content_wrap\">\n\t<div class=\"wpb_text_column wpb_content_element  vc_custom_1685740878221\" >\n\t\t<div class=\"wpb_wrapper\">\n\t\t\t<p>Temos <strong>sistemas de controlo e aquisi\u00e7\u00e3o para actualizar diferentes tipos de bancos de ensaio<\/strong>:<\/p>\n<ul>\n<li><a href=\"https:\/\/motycs.it\/pt\/product\/teste-de-potencia\/\"><strong>\u00c2mbito do diagn\u00f3stico e da prepara\u00e7\u00e3o desportiva<\/strong> (Produtos  Sport Devices)<\/a><\/li>\n<\/ul>\n<p><a href=\"https:\/\/motycs.it\/pt\/teste-do-banco-de-instalacao\/\"><strong>Descubra algumas aplica\u00e7\u00f5es aqui<\/strong><\/a> e caracter\u00edsticas dos sistemas de Dispositivos Desportivos<\/p>\n<ul>\n<li><a href=\"https:\/\/motycs.it\/pt\/product\/homologa\/\"><strong>Homologa\u00e7\u00e3o, investiga\u00e7\u00e3o e desenvolvimento, fim de linha.<\/strong><\/a><\/li>\n<\/ul>\n<p><strong>Aplic\u00e1vel a qualquer tipo de banco de ensaio de pot\u00eancia<\/strong>, <strong>s\u00e3o actualizados <\/strong>e<strong> alargar efectivamente a funcionalidade a um sistema de ponta.<\/strong><\/p>\n<p>Podem ser utilizados no <strong>recupera\u00e7\u00e3o e recondicionamento<\/strong> por <strong>salas ou bancos de ensaio que j\u00e1 n\u00e3o funcionam<\/strong>para os quais o <strong>o fabricante pode exigir trabalhos muito dispendiosos para restaurar e actualizar.<\/strong>.<\/p>\n<p>Para mais informa\u00e7\u00f5es, contacte-nos atrav\u00e9s de <a href=\"mailto:info@motycs.it\">i<strong>info@motycs.it<\/strong><\/a><\/p>\n<h5><a href=\"https:\/\/motycs.it\/pt\/product\/teste-de-potencia\/\"><strong>POWER TEST BENCH SYSTEM (Diagn\u00f3stico e prepara\u00e7\u00e3o - modelos SPORT DEVICES)<\/strong><\/a><\/h5>\n<ul>\n<li><strong>At\u00e9 3 ecr\u00e3s em TEMPO REAL<\/strong><\/li>\n<li><strong>Actualiza\u00e7\u00f5es de software inclu\u00eddas e transfer\u00edveis directamente do s\u00edtio Web<\/strong><\/li>\n<li>Permite <strong>comparar um n\u00famero ilimitado de curvas lidas a partir da base de dados<\/strong>atribuiu uma cor diferente. Deste modo, \u00e9 poss\u00edvel avaliar as altera\u00e7\u00f5es e melhorias antes e depois das modifica\u00e7\u00f5es.<\/li>\n<li><strong>Factores de correc\u00e7\u00e3o<\/strong>(Tamb\u00e9m permite a correc\u00e7\u00e3o das curvas em fun\u00e7\u00e3o da temperatura de admiss\u00e3o de ar, atrav\u00e9s da interface OBD ou de uma sonda externa)<\/li>\n<li>Possibilidade de <strong>comparar os diferentes testes efectuados<\/strong>, sobrepondo-os<\/li>\n<li>A unidade de medida da pot\u00eancia (Kw,Cv) e do bin\u00e1rio (Kg *m, N*m) \u00e9 seleccion\u00e1vel pelo utilizador.<\/li>\n<li><strong>Modos de teste dispon\u00edveis<\/strong>: Inercial, travagem constante, rampa, simula\u00e7\u00e3o rodovi\u00e1ria, estado estacion\u00e1rio.<\/li>\n<li>Liga\u00e7\u00e3o <strong>Ethernet<\/strong> a alta velocidade, <strong>CANBUS, Bluetooth (opcional), RS232<\/strong>.<\/li>\n<li><strong>Interface OBDII do ve\u00edculo<\/strong>, esta\u00e7\u00e3o meteorol\u00f3gica integrada ou externa. Suporta diferentes modelos de analisadores de gases de escape<\/li>\n<li>O sistema implementa um <strong>controlo dos trav\u00f5es em \"circuito fechado<\/strong>.<\/li>\n<li><strong>Tamb\u00e9m funciona sem computador (controlo remoto)<\/strong><\/li>\n<li><strong>Controlo remoto do actuador do acelerador, actuador da embraiagem, caixa de velocidades, ventiladores<\/strong> etc. a partir do software para PC.<\/li>\n<\/ul>\n<p>&nbsp;<\/p>\n<ul>\n<li>Descobrir o <a href=\"https:\/\/motycs.it\/pt\/product\/teste-de-potencia\/\"><strong>Sistemas Sport Devices para renovar o seu banco de ensaios de pot\u00eancia<\/strong><\/a><\/li>\n<li><a href=\"https:\/\/www.sportdevices.com\/sportdyno.php\" target=\"_blank\" rel=\"noopener\">Descubra aqui <strong>mais informa\u00e7\u00f5es sobre o software de controlo SPORTDYNO<\/strong><\/a>\u00a0(liga\u00e7\u00e3o ao s\u00edtio Web da Sport Devices em INGL\u00caS)<\/li>\n<li><a href=\"https:\/\/www.sportdevices.com\/download.php\" target=\"_blank\" rel=\"noopener\">Aqui pode <strong>descarregar e instalar a vers\u00e3o mais recente do software<\/strong> <strong>para avaliar a sua funcionalidade<\/strong><\/a><strong>\u00a0<\/strong>(liga\u00e7\u00e3o ao s\u00edtio Web da Sport Devices em INGL\u00caS)<\/li>\n<\/ul>\n<p><a href=\"https:\/\/motycs.it\/wp-content\/uploads\/2022\/03\/sp1-motycs-dyno-banco-prova-potenza-2.jpg\"><img loading=\"lazy\" decoding=\"async\" class=\"wp-image-1159 size-full\" src=\"https:\/\/motycs.it\/wp-content\/uploads\/2022\/03\/sp1-motycs-dyno-banco-prova-potenza-2.jpg\" alt=\"DAQ SP1 Sport Devices Motycs para bancos de ensaio de pot\u00eancia\" width=\"800\" height=\"527\" srcset=\"https:\/\/motycs.it\/wp-content\/uploads\/2022\/03\/sp1-motycs-dyno-banco-prova-potenza-2.jpg 800w, https:\/\/motycs.it\/wp-content\/uploads\/2022\/03\/sp1-motycs-dyno-banco-prova-potenza-2-300x198.jpg 300w, https:\/\/motycs.it\/wp-content\/uploads\/2022\/03\/sp1-motycs-dyno-banco-prova-potenza-2-768x506.jpg 768w, https:\/\/motycs.it\/wp-content\/uploads\/2022\/03\/sp1-motycs-dyno-banco-prova-potenza-2-600x395.jpg 600w\" sizes=\"auto, (max-width: 800px) 100vw, 800px\" \/><\/a><\/p>\n<h5><a href=\"https:\/\/motycs.it\/pt\/product\/homologa\/\"><strong>SISTEMA PARA BANCOS DE ENSAIO DE HOMOLOGA\u00c7\u00c3O<\/strong><\/a><\/h5>\n<p>O nosso sistema de homologa\u00e7\u00e3o \u00e9 <strong>concebido e implementado na plataforma Compact-Rio<\/strong> do Instrumento Nacional.<\/p>\n<p><strong>Garante assim a fiabilidade tipicamente reservada \u00e0s instala\u00e7\u00f5es do sector industrial<\/strong>.<\/p>\n<h6>CARACTER\u00cdSTICAS T\u00c9CNICAS<\/h6>\n<ul>\n<li>Telemetria de tempos de ciclos paralelos com prioridades diferenciadas<\/li>\n<li>Hierarquia \"down-up\" para fluxos e controlos de entrada\/sa\u00edda<\/li>\n<li>Entradas anal\u00f3gicas geridas individualmente<\/li>\n<li>Activa\u00e7\u00e3o - temporiza\u00e7\u00e3o - filtro (digital, estat\u00edstico)<\/li>\n<li>Entradas digitais<\/li>\n<li>Liga\u00e7\u00e3o do sensor de capta\u00e7\u00e3o de onda quadrada<\/li>\n<li>Estados de alarme da sala de ensaio<\/li>\n<li>Sa\u00eddas anal\u00f3gicas e digitais<\/li>\n<li>Conjunto de trav\u00f5es e acelerador (alta din\u00e2mica)<\/li>\n<li>Controlo de v\u00e1lvulas para fluidos (baixa din\u00e2mica)<\/li>\n<li>Entradas anal\u00f3gicas especiais: alta defini\u00e7\u00e3o (24 bits) para c\u00e9lula de carga<\/li>\n<li>Alta defini\u00e7\u00e3o (24 bits) para termopares \/ term\u00f3metros de resist\u00eancia<\/li>\n<li>Executa o que est\u00e1 escrito no ficheiro Excel + Exportar para ficheiro de texto<\/li>\n<li>Parametriza\u00e7\u00e3o de constantes<\/li>\n<li>Limitar a auto-aprendizagem (grelha)<\/li>\n<li>Mem\u00f3ria do comportamento anterior (uut)<\/li>\n<\/ul>\n<h6><strong>DOM\u00cdNIOS DE APLICA\u00c7\u00c3O (HOMOLOGA\u00c7\u00c3O E INVESTIGA\u00c7\u00c3O E DESENVOLVIMENTO)<\/strong><\/h6>\n<p>- Diferentes tipos de bancos de ensaio<br \/>\n- motores (I&amp;D, produ\u00e7\u00e3o)<br \/>\n- ve\u00edculo (rolo, emiss\u00f5es)<br \/>\n- componentes<br \/>\n- UCE (aquisi\u00e7\u00e3o, calibra\u00e7\u00e3o, diagn\u00f3stico)<br \/>\n- DOE (Design On Experiment)<\/p>\n<p><strong><a href=\"https:\/\/motycs.it\/pt\/product\/homologa\/\" target=\"_blank\" rel=\"noopener\">Visite a nossa p\u00e1gina de produtos de homologa\u00e7\u00e3o aqui<\/a><\/strong><a href=\"https:\/\/motycs.it\/pt\/product\/homologa\/\" target=\"_blank\" rel=\"noopener\">\u00a0<\/a><\/p>\n<div id=\"attachment_1265\" style=\"width: 810px\" class=\"wp-caption aligncenter\"><a href=\"https:\/\/motycs.it\/wp-content\/uploads\/2022\/08\/immagine-INCA-motycs-ecu.jpg\"><img loading=\"lazy\" decoding=\"async\" aria-describedby=\"caption-attachment-1265\" class=\"wp-image-1265 size-full\" src=\"https:\/\/motycs.it\/wp-content\/uploads\/2022\/08\/immagine-INCA-motycs-ecu.jpg\" alt=\"\" width=\"800\" height=\"800\" srcset=\"https:\/\/motycs.it\/wp-content\/uploads\/2022\/08\/immagine-INCA-motycs-ecu.jpg 800w, https:\/\/motycs.it\/wp-content\/uploads\/2022\/08\/immagine-INCA-motycs-ecu-300x300.jpg 300w, https:\/\/motycs.it\/wp-content\/uploads\/2022\/08\/immagine-INCA-motycs-ecu-150x150.jpg 150w, https:\/\/motycs.it\/wp-content\/uploads\/2022\/08\/immagine-INCA-motycs-ecu-768x768.jpg 768w, https:\/\/motycs.it\/wp-content\/uploads\/2022\/08\/immagine-INCA-motycs-ecu-600x600.jpg 600w, https:\/\/motycs.it\/wp-content\/uploads\/2022\/08\/immagine-INCA-motycs-ecu-100x100.jpg 100w\" sizes=\"auto, (max-width: 800px) 100vw, 800px\" \/><\/a><p id=\"caption-attachment-1265\" class=\"wp-caption-text\">Uma interface SW do sistema de homologa\u00e7\u00e3o<\/p><\/div>\n<h6><a href=\"https:\/\/motycs.it\/pt\/os-bancos-historicos-provam-o-poder-dos-rolos\/\"><strong>INSIGHTS<\/strong><\/a><\/h6>\n<ul>\n<li><a href=\"https:\/\/motycs.it\/pt\/os-bancos-historicos-provam-o-poder-dos-rolos\/\"><strong>Descobrir o<\/strong>\u00a0<strong>conceitos b\u00e1sicos de bancos de ensaio<\/strong><\/a><\/li>\n<li><a href=\"https:\/\/motycs.it\/pt\/os-bancos-historicos-provam-o-poder-dos-rolos\/\"><strong>Hist\u00f3ria dos bancos de ensaio de rolos<\/strong><\/a><\/li>\n<li><a href=\"https:\/\/motycs.it\/pt\/os-bancos-historicos-provam-o-poder-dos-rolos\/\"><strong>Contacte-nos para mais informa\u00e7\u00f5es<\/strong><\/a><\/li>\n<li><a href=\"https:\/\/motycs.it\/pt\/bancadas-de-potencia-biroll-de-rolo-unico\/\"><strong>Bancos de ensaio de rolos simples e duplos, qual escolher<\/strong><\/a><\/li>\n<li><a href=\"https:\/\/motycs.it\/pt\/a-prova-de-bancos-com-dissipacao-de-energia\/\"><strong>Dissipa\u00e7\u00e3o de pot\u00eancia, o que \u00e9?<\/strong><\/a><\/li>\n<li><a href=\"https:\/\/motycs.it\/pt\/bancos-de-ensaio-4wd\/\"><strong>Bancos de ensaio de eixos ligados, descubra as vantagens<\/strong><\/a><\/li>\n<\/ul>\n\n\t\t<\/div>\n\t<\/div>\n<\/div><\/div><\/div><\/div><\/div><\/div><\/div><div class=\"vc_row-full-width vc_clearfix\"><\/div>","protected":false},"excerpt":{"rendered":"TeoriaRenove o seu banco de ensaios Temos sistemas de controlo e aquisi\u00e7\u00e3o para atualizar diferentes tipos de bancos de ensaios: \u00c1rea de diagn\u00f3stico e prepara\u00e7\u00e3o desportiva (produtos Sport Devices) Descubra aqui algumas aplica\u00e7\u00f5es e caracter\u00edsticas dos sistemas Sport Devices \u00c1reas de homologa\u00e7\u00e3o, investiga\u00e7\u00e3o e desenvolvimento, fim de linha. Aplic\u00e1veis a qualquer tipo de banco de ensaio de pot\u00eancia, actualizam e [...]","protected":false},"author":1,"featured_media":0,"parent":0,"menu_order":0,"comment_status":"closed","ping_status":"closed","template":"","meta":{"footnotes":""},"class_list":["post-1010","page","type-page","status-publish","hentry"],"yoast_head":"<!-- This site is optimized with the Yoast SEO plugin v26.5 - https:\/\/yoast.com\/wordpress\/plugins\/seo\/ -->\n<title>Rinnova il tuo banco prova - MOTYCS<\/title>\n<meta name=\"description\" content=\"Aggiornare il tuo vecchio banco prova potenza. inerziale o frenato, ad un sistema di ultima generazione. Fino a 3 schermi in real time\" \/>\n<meta name=\"robots\" content=\"index, follow, max-snippet:-1, max-image-preview:large, max-video-preview:-1\" \/>\n<link rel=\"canonical\" href=\"https:\/\/motycs.it\/pt\/renovar-o-seu-teste-bancario\/\" \/>\n<meta property=\"og:locale\" content=\"pt_PT\" \/>\n<meta property=\"og:type\" content=\"article\" \/>\n<meta property=\"og:title\" content=\"Rinnova il tuo banco prova - MOTYCS\" \/>\n<meta property=\"og:description\" content=\"Aggiornare il tuo vecchio banco prova potenza. inerziale o frenato, ad un sistema di ultima generazione. Fino a 3 schermi in real time\" \/>\n<meta property=\"og:url\" content=\"https:\/\/motycs.it\/pt\/renovar-o-seu-teste-bancario\/\" \/>\n<meta property=\"og:site_name\" content=\"MOTYCS\" \/>\n<meta property=\"article:publisher\" content=\"https:\/\/www.facebook.com\/motycs\/\" \/>\n<meta property=\"article:modified_time\" content=\"2023-06-02T21:21:22+00:00\" \/>\n<meta property=\"og:image\" content=\"https:\/\/motycs.it\/wp-content\/uploads\/2022\/03\/sp1-motycs-dyno-banco-prova-potenza-2.jpg\" \/>\n<meta name=\"twitter:card\" content=\"summary_large_image\" \/>\n<meta name=\"twitter:label1\" content=\"Tempo estimado de leitura\" \/>\n\t<meta name=\"twitter:data1\" content=\"4 minutos\" \/>\n<script type=\"application\/ld+json\" class=\"yoast-schema-graph\">{\"@context\":\"https:\/\/schema.org\",\"@graph\":[{\"@type\":\"WebPage\",\"@id\":\"https:\/\/motycs.it\/rinnova-il-tuo-banco-prova\/\",\"url\":\"https:\/\/motycs.it\/rinnova-il-tuo-banco-prova\/\",\"name\":\"Rinnova il tuo banco prova - MOTYCS\",\"isPartOf\":{\"@id\":\"https:\/\/motycs.it\/#website\"},\"primaryImageOfPage\":{\"@id\":\"https:\/\/motycs.it\/rinnova-il-tuo-banco-prova\/#primaryimage\"},\"image\":{\"@id\":\"https:\/\/motycs.it\/rinnova-il-tuo-banco-prova\/#primaryimage\"},\"thumbnailUrl\":\"https:\/\/motycs.it\/wp-content\/uploads\/2022\/03\/sp1-motycs-dyno-banco-prova-potenza-2.jpg\",\"datePublished\":\"2022-03-17T17:55:05+00:00\",\"dateModified\":\"2023-06-02T21:21:22+00:00\",\"description\":\"Aggiornare il tuo vecchio banco prova potenza. inerziale o frenato, ad un sistema di ultima generazione. Fino a 3 schermi in real time\",\"breadcrumb\":{\"@id\":\"https:\/\/motycs.it\/rinnova-il-tuo-banco-prova\/#breadcrumb\"},\"inLanguage\":\"pt-PT\",\"potentialAction\":[{\"@type\":\"ReadAction\",\"target\":[\"https:\/\/motycs.it\/rinnova-il-tuo-banco-prova\/\"]}]},{\"@type\":\"ImageObject\",\"inLanguage\":\"pt-PT\",\"@id\":\"https:\/\/motycs.it\/rinnova-il-tuo-banco-prova\/#primaryimage\",\"url\":\"https:\/\/motycs.it\/wp-content\/uploads\/2022\/03\/sp1-motycs-dyno-banco-prova-potenza-2.jpg\",\"contentUrl\":\"https:\/\/motycs.it\/wp-content\/uploads\/2022\/03\/sp1-motycs-dyno-banco-prova-potenza-2.jpg\"},{\"@type\":\"BreadcrumbList\",\"@id\":\"https:\/\/motycs.it\/rinnova-il-tuo-banco-prova\/#breadcrumb\",\"itemListElement\":[{\"@type\":\"ListItem\",\"position\":1,\"name\":\"Home\",\"item\":\"https:\/\/motycs.it\/\"},{\"@type\":\"ListItem\",\"position\":2,\"name\":\"Rinnova il tuo banco prova\"}]},{\"@type\":\"WebSite\",\"@id\":\"https:\/\/motycs.it\/#website\",\"url\":\"https:\/\/motycs.it\/\",\"name\":\"MOTYCS\",\"description\":\"\",\"publisher\":{\"@id\":\"https:\/\/motycs.it\/#organization\"},\"potentialAction\":[{\"@type\":\"SearchAction\",\"target\":{\"@type\":\"EntryPoint\",\"urlTemplate\":\"https:\/\/motycs.it\/?s={search_term_string}\"},\"query-input\":{\"@type\":\"PropertyValueSpecification\",\"valueRequired\":true,\"valueName\":\"search_term_string\"}}],\"inLanguage\":\"pt-PT\"},{\"@type\":\"Organization\",\"@id\":\"https:\/\/motycs.it\/#organization\",\"name\":\"MOTYCS\",\"url\":\"https:\/\/motycs.it\/\",\"logo\":{\"@type\":\"ImageObject\",\"inLanguage\":\"pt-PT\",\"@id\":\"https:\/\/motycs.it\/#\/schema\/logo\/image\/\",\"url\":\"https:\/\/motycs.it\/wp-content\/uploads\/2022\/03\/orizz_bianc.jpg\",\"contentUrl\":\"https:\/\/motycs.it\/wp-content\/uploads\/2022\/03\/orizz_bianc.jpg\",\"width\":600,\"height\":159,\"caption\":\"MOTYCS\"},\"image\":{\"@id\":\"https:\/\/motycs.it\/#\/schema\/logo\/image\/\"},\"sameAs\":[\"https:\/\/www.facebook.com\/motycs\/\",\"https:\/\/www.instagram.com\/motycs.teq\/\",\"https:\/\/www.linkedin.com\/company\/motycs\/\",\"https:\/\/www.pinterest.it\/Motycsdynamometer\/\",\"https:\/\/www.youtube.com\/channel\/UCl_9nwLJn-fMI6UMZVc0tZw\"]}]}<\/script>\n<!-- \/ Yoast SEO plugin. -->","yoast_head_json":{"title":"Renove o seu banco de ensaios - MOTYCS","description":"Actualize o seu antigo banco de ensaios de pot\u00eancia, inercial ou com trav\u00f5es, para um sistema de \u00faltima gera\u00e7\u00e3o. At\u00e9 3 ecr\u00e3s em tempo real","robots":{"index":"index","follow":"follow","max-snippet":"max-snippet:-1","max-image-preview":"max-image-preview:large","max-video-preview":"max-video-preview:-1"},"canonical":"https:\/\/motycs.it\/pt\/renovar-o-seu-teste-bancario\/","og_locale":"pt_PT","og_type":"article","og_title":"Rinnova il tuo banco prova - MOTYCS","og_description":"Aggiornare il tuo vecchio banco prova potenza. inerziale o frenato, ad un sistema di ultima generazione. Fino a 3 schermi in real time","og_url":"https:\/\/motycs.it\/pt\/renovar-o-seu-teste-bancario\/","og_site_name":"MOTYCS","article_publisher":"https:\/\/www.facebook.com\/motycs\/","article_modified_time":"2023-06-02T21:21:22+00:00","og_image":[{"url":"https:\/\/motycs.it\/wp-content\/uploads\/2022\/03\/sp1-motycs-dyno-banco-prova-potenza-2.jpg","type":"","width":"","height":""}],"twitter_card":"summary_large_image","twitter_misc":{"Tempo estimado de leitura":"4 minutos"},"schema":{"@context":"https:\/\/schema.org","@graph":[{"@type":"WebPage","@id":"https:\/\/motycs.it\/rinnova-il-tuo-banco-prova\/","url":"https:\/\/motycs.it\/rinnova-il-tuo-banco-prova\/","name":"Renove o seu banco de ensaios - MOTYCS","isPartOf":{"@id":"https:\/\/motycs.it\/#website"},"primaryImageOfPage":{"@id":"https:\/\/motycs.it\/rinnova-il-tuo-banco-prova\/#primaryimage"},"image":{"@id":"https:\/\/motycs.it\/rinnova-il-tuo-banco-prova\/#primaryimage"},"thumbnailUrl":"https:\/\/motycs.it\/wp-content\/uploads\/2022\/03\/sp1-motycs-dyno-banco-prova-potenza-2.jpg","datePublished":"2022-03-17T17:55:05+00:00","dateModified":"2023-06-02T21:21:22+00:00","description":"Actualize o seu antigo banco de ensaios de pot\u00eancia, inercial ou com trav\u00f5es, para um sistema de \u00faltima gera\u00e7\u00e3o. At\u00e9 3 ecr\u00e3s em tempo real","breadcrumb":{"@id":"https:\/\/motycs.it\/rinnova-il-tuo-banco-prova\/#breadcrumb"},"inLanguage":"pt-PT","potentialAction":[{"@type":"ReadAction","target":["https:\/\/motycs.it\/rinnova-il-tuo-banco-prova\/"]}]},{"@type":"ImageObject","inLanguage":"pt-PT","@id":"https:\/\/motycs.it\/rinnova-il-tuo-banco-prova\/#primaryimage","url":"https:\/\/motycs.it\/wp-content\/uploads\/2022\/03\/sp1-motycs-dyno-banco-prova-potenza-2.jpg","contentUrl":"https:\/\/motycs.it\/wp-content\/uploads\/2022\/03\/sp1-motycs-dyno-banco-prova-potenza-2.jpg"},{"@type":"BreadcrumbList","@id":"https:\/\/motycs.it\/rinnova-il-tuo-banco-prova\/#breadcrumb","itemListElement":[{"@type":"ListItem","position":1,"name":"Home","item":"https:\/\/motycs.it\/"},{"@type":"ListItem","position":2,"name":"Rinnova il tuo banco prova"}]},{"@type":"WebSite","@id":"https:\/\/motycs.it\/#website","url":"https:\/\/motycs.it\/","name":"MOTYCS","description":"","publisher":{"@id":"https:\/\/motycs.it\/#organization"},"potentialAction":[{"@type":"SearchAction","target":{"@type":"EntryPoint","urlTemplate":"https:\/\/motycs.it\/?s={search_term_string}"},"query-input":{"@type":"PropertyValueSpecification","valueRequired":true,"valueName":"search_term_string"}}],"inLanguage":"pt-PT"},{"@type":"Organization","@id":"https:\/\/motycs.it\/#organization","name":"MOTYCS","url":"https:\/\/motycs.it\/","logo":{"@type":"ImageObject","inLanguage":"pt-PT","@id":"https:\/\/motycs.it\/#\/schema\/logo\/image\/","url":"https:\/\/motycs.it\/wp-content\/uploads\/2022\/03\/orizz_bianc.jpg","contentUrl":"https:\/\/motycs.it\/wp-content\/uploads\/2022\/03\/orizz_bianc.jpg","width":600,"height":159,"caption":"MOTYCS"},"image":{"@id":"https:\/\/motycs.it\/#\/schema\/logo\/image\/"},"sameAs":["https:\/\/www.facebook.com\/motycs\/","https:\/\/www.instagram.com\/motycs.teq\/","https:\/\/www.linkedin.com\/company\/motycs\/","https:\/\/www.pinterest.it\/Motycsdynamometer\/","https:\/\/www.youtube.com\/channel\/UCl_9nwLJn-fMI6UMZVc0tZw"]}]}},"_links":{"self":[{"href":"https:\/\/motycs.it\/pt\/wp-json\/wp\/v2\/pages\/1010","targetHints":{"allow":["GET"]}}],"collection":[{"href":"https:\/\/motycs.it\/pt\/wp-json\/wp\/v2\/pages"}],"about":[{"href":"https:\/\/motycs.it\/pt\/wp-json\/wp\/v2\/types\/page"}],"author":[{"embeddable":true,"href":"https:\/\/motycs.it\/pt\/wp-json\/wp\/v2\/users\/1"}],"replies":[{"embeddable":true,"href":"https:\/\/motycs.it\/pt\/wp-json\/wp\/v2\/comments?post=1010"}],"version-history":[{"count":19,"href":"https:\/\/motycs.it\/pt\/wp-json\/wp\/v2\/pages\/1010\/revisions"}],"predecessor-version":[{"id":1817,"href":"https:\/\/motycs.it\/pt\/wp-json\/wp\/v2\/pages\/1010\/revisions\/1817"}],"wp:attachment":[{"href":"https:\/\/motycs.it\/pt\/wp-json\/wp\/v2\/media?parent=1010"}],"curies":[{"name":"wp","href":"https:\/\/api.w.org\/{rel}","templated":true}]}}