{"id":994,"date":"2022-03-17T18:45:16","date_gmt":"2022-03-17T17:45:16","guid":{"rendered":"https:\/\/motycs.it\/?post_type=product&#038;p=994"},"modified":"2023-05-04T10:59:32","modified_gmt":"2023-05-04T08:59:32","slug":"estrazione-fumi","status":"publish","type":"product","link":"https:\/\/motycs.it\/fr\/product\/extraction-de-la-fumee\/","title":{"rendered":"D\u00e9senfumage"},"content":{"rendered":"<p>Dans une salle des machines, il est particuli\u00e8rement important<strong>extraction des gaz de combustion<\/strong>.<\/p>\n<p>Nous avons r\u00e9pondu par <strong>des solutions n\u00e9es de besoins sp\u00e9cifiques<\/strong>pour nos clients :<\/p>\n<ul>\n<li><strong>Syst\u00e8mes souterrains<\/strong> avec bo\u00eete de d\u00e9senfumage encastr\u00e9e<\/li>\n<li>Composants pour la <strong>r\u00e9alisation de syst\u00e8mes de d\u00e9senfumage<\/strong><\/li>\n<li><strong>Syst\u00e8mes complets avec ventilateurs d'extraction command\u00e9s par onduleur ou sans onduleur<\/strong>des poteaux au plafond reli\u00e9s \u00e0 des conduits souterrains avec des puisards sp\u00e9cialement con\u00e7us pour nos syst\u00e8mes compos\u00e9s de chariots, de tuyaux et de buses capables de s'adapter \u00e0 toutes les exigences en mati\u00e8re de v\u00e9hicules et\/ou de moteurs<\/li>\n<li><strong>Syst\u00e8mes complets de ventilateurs d'extraction, command\u00e9s par onduleur<\/strong>Les syst\u00e8mes d'\u00e9jection de l'eau, complets avec les tuyaux des buses et les chariots de support (ainsi que les silencieux et les conduits d'\u00e9jection).<\/li>\n<\/ul>\n<p><a href=\"https:\/\/motycs.it\/fr\/product\/ventilation\/\"><strong>D\u00e9couvrez ici les syst\u00e8mes de ventilation d\u00e9di\u00e9s au refroidissement du moteur<\/strong><\/a><\/p>\n<p><a href=\"https:\/\/motycs.it\/fr\/product\/salieres\/\"><strong>D\u00e9couvrez ici les salles d'essai insonoris\u00e9es pour les moteurs<\/strong><\/a><\/p>\n<h6>REGARDS<\/h6>\n<ul>\n<li><strong><a href=\"https:\/\/motycs.it\/fr\/concepts-de-base-bancs-de-puissance\/\">D\u00e9couvrir les concepts de base des bancs d'essai pour moteurs et rouleaux<\/a><\/strong><\/li>\n<li><strong><a href=\"https:\/\/motycs.it\/fr\/bancs-dessai-4wd\/\">Avantages des bancs d'essai de puissance des essieux coupl\u00e9s 4RM<\/a><\/strong><\/li>\n<li><strong><a href=\"https:\/\/motycs.it\/fr\/bancs-de-puissance-monorouleau-biroll\/\">Bancs d'essai MONO-roller et BI-roller<\/a><\/strong><\/li>\n<li><a href=\"https:\/\/motycs.it\/fr\/puissance-dissipee-banques-etanches\/\"><strong>Dissipation de puissance<\/strong><\/a><\/li>\n<\/ul>","protected":false},"excerpt":{"rendered":"<div class=\"page\" title=\"Page 10\">\n<div class=\"layoutArea\">\n<div class=\"column\">\n<p>SYST\u00c8MES D'EXTRACTION ET DE TRAITEMENT DES GAZ DE COMBUSTION<\/p>\n<p>Nous avons d\u00e9velopp\u00e9 <strong>syst\u00e8mes d'extraction des fum\u00e9es adapt\u00e9s aux bancs d'essai de puissance<\/strong>.<\/p>\n<p><strong>Des diam\u00e8tres plus grands et plus de puissance<\/strong>pour des syst\u00e8mes professionnels fiables et durables :<\/p>\n<ul>\n<li>Moteurs de <strong>5,5 kW<\/strong><\/li>\n<li>Pipelines <strong>Diam\u00e8tre de 250 mm<\/strong>avec des tubes, des colliers et des <strong>joints haute temp\u00e9rature<\/strong>jusqu'\u00e0 1 200 \u00b0C<\/li>\n<li><strong>Embouchures avec joints \u00e0 haute r\u00e9sistance<\/strong><\/li>\n<li><strong>Chariots mobiles<\/strong> sur roues avec freins, lest\u00e9<\/li>\n<\/ul>\n<p><strong>Tous les syst\u00e8mes d'extraction peuvent \u00eatre fournis en standard ou selon les sp\u00e9cifications du client.<\/strong><\/p>\n<\/div>\n<\/div>\n<\/div>","protected":false},"featured_media":902,"template":"","meta":[],"product_cat":[94],"product_tag":[112,111,113],"class_list":["post-994","product","type-product","status-publish","has-post-thumbnail","hentry","product_cat-accessori","product_tag-accessori-sala-prova-motori","product_tag-estrazione-fumi","product_tag-trattamento-gas-di-scarico"],"yoast_head":"<!-- This site is optimized with the Yoast SEO plugin v26.5 - https:\/\/yoast.com\/wordpress\/plugins\/seo\/ -->\n<title>Estrazione fumi - MOTYCS<\/title>\n<meta name=\"description\" content=\"Realizziamo sistemi di estrazione fumi, appositamente pensati e progettati per la sala prova motori o veicoli. Garantiamo efficacia e resistenza nel tempo\" \/>\n<meta name=\"robots\" content=\"index, follow, max-snippet:-1, max-image-preview:large, max-video-preview:-1\" \/>\n<link rel=\"canonical\" href=\"https:\/\/motycs.it\/fr\/product\/extraction-de-la-fumee\/\" \/>\n<meta property=\"og:locale\" content=\"fr_FR\" \/>\n<meta property=\"og:type\" content=\"article\" \/>\n<meta property=\"og:title\" content=\"Estrazione fumi - MOTYCS\" \/>\n<meta property=\"og:description\" content=\"Realizziamo sistemi di estrazione fumi, appositamente pensati e progettati per la sala prova motori o veicoli. Garantiamo efficacia e resistenza nel tempo\" \/>\n<meta property=\"og:url\" content=\"https:\/\/motycs.it\/fr\/product\/extraction-de-la-fumee\/\" \/>\n<meta property=\"og:site_name\" content=\"MOTYCS\" \/>\n<meta property=\"article:publisher\" content=\"https:\/\/www.facebook.com\/motycs\/\" \/>\n<meta property=\"article:modified_time\" content=\"2023-05-04T08:59:32+00:00\" \/>\n<meta property=\"og:image\" content=\"https:\/\/motycs.it\/wp-content\/uploads\/2022\/03\/WhatsApp-Image-2022-03-15-at-00.34.26-6.jpeg\" \/>\n\t<meta property=\"og:image:width\" content=\"1440\" \/>\n\t<meta property=\"og:image:height\" content=\"1440\" \/>\n\t<meta property=\"og:image:type\" content=\"image\/jpeg\" \/>\n<meta name=\"twitter:card\" content=\"summary_large_image\" \/>\n<meta name=\"twitter:label1\" content=\"Dur\u00e9e de lecture estim\u00e9e\" \/>\n\t<meta name=\"twitter:data1\" content=\"1 minute\" \/>\n<script type=\"application\/ld+json\" class=\"yoast-schema-graph\">{\"@context\":\"https:\/\/schema.org\",\"@graph\":[{\"@type\":\"WebPage\",\"@id\":\"https:\/\/motycs.it\/product\/estrazione-fumi\/\",\"url\":\"https:\/\/motycs.it\/product\/estrazione-fumi\/\",\"name\":\"Estrazione fumi - MOTYCS\",\"isPartOf\":{\"@id\":\"https:\/\/motycs.it\/#website\"},\"primaryImageOfPage\":{\"@id\":\"https:\/\/motycs.it\/product\/estrazione-fumi\/#primaryimage\"},\"image\":{\"@id\":\"https:\/\/motycs.it\/product\/estrazione-fumi\/#primaryimage\"},\"thumbnailUrl\":\"https:\/\/motycs.it\/wp-content\/uploads\/2022\/03\/WhatsApp-Image-2022-03-15-at-00.34.26-6.jpeg\",\"datePublished\":\"2022-03-17T17:45:16+00:00\",\"dateModified\":\"2023-05-04T08:59:32+00:00\",\"description\":\"Realizziamo sistemi di estrazione fumi, appositamente pensati e progettati per la sala prova motori o veicoli. Garantiamo efficacia e resistenza nel tempo\",\"breadcrumb\":{\"@id\":\"https:\/\/motycs.it\/product\/estrazione-fumi\/#breadcrumb\"},\"inLanguage\":\"fr-FR\",\"potentialAction\":[{\"@type\":\"ReadAction\",\"target\":[\"https:\/\/motycs.it\/product\/estrazione-fumi\/\"]}]},{\"@type\":\"ImageObject\",\"inLanguage\":\"fr-FR\",\"@id\":\"https:\/\/motycs.it\/product\/estrazione-fumi\/#primaryimage\",\"url\":\"https:\/\/motycs.it\/wp-content\/uploads\/2022\/03\/WhatsApp-Image-2022-03-15-at-00.34.26-6.jpeg\",\"contentUrl\":\"https:\/\/motycs.it\/wp-content\/uploads\/2022\/03\/WhatsApp-Image-2022-03-15-at-00.34.26-6.jpeg\",\"width\":1440,\"height\":1440,\"caption\":\"estrazione fumi e gas di scarico\"},{\"@type\":\"BreadcrumbList\",\"@id\":\"https:\/\/motycs.it\/product\/estrazione-fumi\/#breadcrumb\",\"itemListElement\":[{\"@type\":\"ListItem\",\"position\":1,\"name\":\"Home\",\"item\":\"https:\/\/motycs.it\/\"},{\"@type\":\"ListItem\",\"position\":2,\"name\":\"Shop\",\"item\":\"https:\/\/motycs.it\/shop\/\"},{\"@type\":\"ListItem\",\"position\":3,\"name\":\"Estrazione fumi\"}]},{\"@type\":\"WebSite\",\"@id\":\"https:\/\/motycs.it\/#website\",\"url\":\"https:\/\/motycs.it\/\",\"name\":\"MOTYCS\",\"description\":\"\",\"publisher\":{\"@id\":\"https:\/\/motycs.it\/#organization\"},\"potentialAction\":[{\"@type\":\"SearchAction\",\"target\":{\"@type\":\"EntryPoint\",\"urlTemplate\":\"https:\/\/motycs.it\/?s={search_term_string}\"},\"query-input\":{\"@type\":\"PropertyValueSpecification\",\"valueRequired\":true,\"valueName\":\"search_term_string\"}}],\"inLanguage\":\"fr-FR\"},{\"@type\":\"Organization\",\"@id\":\"https:\/\/motycs.it\/#organization\",\"name\":\"MOTYCS\",\"url\":\"https:\/\/motycs.it\/\",\"logo\":{\"@type\":\"ImageObject\",\"inLanguage\":\"fr-FR\",\"@id\":\"https:\/\/motycs.it\/#\/schema\/logo\/image\/\",\"url\":\"https:\/\/motycs.it\/wp-content\/uploads\/2022\/03\/orizz_bianc.jpg\",\"contentUrl\":\"https:\/\/motycs.it\/wp-content\/uploads\/2022\/03\/orizz_bianc.jpg\",\"width\":600,\"height\":159,\"caption\":\"MOTYCS\"},\"image\":{\"@id\":\"https:\/\/motycs.it\/#\/schema\/logo\/image\/\"},\"sameAs\":[\"https:\/\/www.facebook.com\/motycs\/\",\"https:\/\/www.instagram.com\/motycs.teq\/\",\"https:\/\/www.linkedin.com\/company\/motycs\/\",\"https:\/\/www.pinterest.it\/Motycsdynamometer\/\",\"https:\/\/www.youtube.com\/channel\/UCl_9nwLJn-fMI6UMZVc0tZw\"]}]}<\/script>\n<!-- \/ Yoast SEO plugin. -->","yoast_head_json":{"title":"D\u00e9senfumage - MOTYCS","description":"Nous produisons des syst\u00e8mes d'extraction des fum\u00e9es sp\u00e9cialement con\u00e7us pour la salle d'essai des moteurs ou des v\u00e9hicules. Nous garantissons l'efficacit\u00e9 et la durabilit\u00e9","robots":{"index":"index","follow":"follow","max-snippet":"max-snippet:-1","max-image-preview":"max-image-preview:large","max-video-preview":"max-video-preview:-1"},"canonical":"https:\/\/motycs.it\/fr\/product\/extraction-de-la-fumee\/","og_locale":"fr_FR","og_type":"article","og_title":"Estrazione fumi - MOTYCS","og_description":"Realizziamo sistemi di estrazione fumi, appositamente pensati e progettati per la sala prova motori o veicoli. Garantiamo efficacia e resistenza nel tempo","og_url":"https:\/\/motycs.it\/fr\/product\/extraction-de-la-fumee\/","og_site_name":"MOTYCS","article_publisher":"https:\/\/www.facebook.com\/motycs\/","article_modified_time":"2023-05-04T08:59:32+00:00","og_image":[{"width":1440,"height":1440,"url":"https:\/\/motycs.it\/wp-content\/uploads\/2022\/03\/WhatsApp-Image-2022-03-15-at-00.34.26-6.jpeg","type":"image\/jpeg"}],"twitter_card":"summary_large_image","twitter_misc":{"Dur\u00e9e de lecture estim\u00e9e":"1 minute"},"schema":{"@context":"https:\/\/schema.org","@graph":[{"@type":"WebPage","@id":"https:\/\/motycs.it\/product\/estrazione-fumi\/","url":"https:\/\/motycs.it\/product\/estrazione-fumi\/","name":"D\u00e9senfumage - MOTYCS","isPartOf":{"@id":"https:\/\/motycs.it\/#website"},"primaryImageOfPage":{"@id":"https:\/\/motycs.it\/product\/estrazione-fumi\/#primaryimage"},"image":{"@id":"https:\/\/motycs.it\/product\/estrazione-fumi\/#primaryimage"},"thumbnailUrl":"https:\/\/motycs.it\/wp-content\/uploads\/2022\/03\/WhatsApp-Image-2022-03-15-at-00.34.26-6.jpeg","datePublished":"2022-03-17T17:45:16+00:00","dateModified":"2023-05-04T08:59:32+00:00","description":"Nous produisons des syst\u00e8mes d'extraction des fum\u00e9es sp\u00e9cialement con\u00e7us pour la salle d'essai des moteurs ou des v\u00e9hicules. Nous garantissons l'efficacit\u00e9 et la durabilit\u00e9","breadcrumb":{"@id":"https:\/\/motycs.it\/product\/estrazione-fumi\/#breadcrumb"},"inLanguage":"fr-FR","potentialAction":[{"@type":"ReadAction","target":["https:\/\/motycs.it\/product\/estrazione-fumi\/"]}]},{"@type":"ImageObject","inLanguage":"fr-FR","@id":"https:\/\/motycs.it\/product\/estrazione-fumi\/#primaryimage","url":"https:\/\/motycs.it\/wp-content\/uploads\/2022\/03\/WhatsApp-Image-2022-03-15-at-00.34.26-6.jpeg","contentUrl":"https:\/\/motycs.it\/wp-content\/uploads\/2022\/03\/WhatsApp-Image-2022-03-15-at-00.34.26-6.jpeg","width":1440,"height":1440,"caption":"estrazione fumi e gas di scarico"},{"@type":"BreadcrumbList","@id":"https:\/\/motycs.it\/product\/estrazione-fumi\/#breadcrumb","itemListElement":[{"@type":"ListItem","position":1,"name":"Home","item":"https:\/\/motycs.it\/"},{"@type":"ListItem","position":2,"name":"Shop","item":"https:\/\/motycs.it\/shop\/"},{"@type":"ListItem","position":3,"name":"Estrazione fumi"}]},{"@type":"WebSite","@id":"https:\/\/motycs.it\/#website","url":"https:\/\/motycs.it\/","name":"MOTYCS","description":"","publisher":{"@id":"https:\/\/motycs.it\/#organization"},"potentialAction":[{"@type":"SearchAction","target":{"@type":"EntryPoint","urlTemplate":"https:\/\/motycs.it\/?s={search_term_string}"},"query-input":{"@type":"PropertyValueSpecification","valueRequired":true,"valueName":"search_term_string"}}],"inLanguage":"fr-FR"},{"@type":"Organization","@id":"https:\/\/motycs.it\/#organization","name":"MOTYCS","url":"https:\/\/motycs.it\/","logo":{"@type":"ImageObject","inLanguage":"fr-FR","@id":"https:\/\/motycs.it\/#\/schema\/logo\/image\/","url":"https:\/\/motycs.it\/wp-content\/uploads\/2022\/03\/orizz_bianc.jpg","contentUrl":"https:\/\/motycs.it\/wp-content\/uploads\/2022\/03\/orizz_bianc.jpg","width":600,"height":159,"caption":"MOTYCS"},"image":{"@id":"https:\/\/motycs.it\/#\/schema\/logo\/image\/"},"sameAs":["https:\/\/www.facebook.com\/motycs\/","https:\/\/www.instagram.com\/motycs.teq\/","https:\/\/www.linkedin.com\/company\/motycs\/","https:\/\/www.pinterest.it\/Motycsdynamometer\/","https:\/\/www.youtube.com\/channel\/UCl_9nwLJn-fMI6UMZVc0tZw"]}]}},"_links":{"self":[{"href":"https:\/\/motycs.it\/fr\/wp-json\/wp\/v2\/product\/994","targetHints":{"allow":["GET"]}}],"collection":[{"href":"https:\/\/motycs.it\/fr\/wp-json\/wp\/v2\/product"}],"about":[{"href":"https:\/\/motycs.it\/fr\/wp-json\/wp\/v2\/types\/product"}],"wp:featuredmedia":[{"embeddable":true,"href":"https:\/\/motycs.it\/fr\/wp-json\/wp\/v2\/media\/902"}],"wp:attachment":[{"href":"https:\/\/motycs.it\/fr\/wp-json\/wp\/v2\/media?parent=994"}],"wp:term":[{"taxonomy":"product_cat","embeddable":true,"href":"https:\/\/motycs.it\/fr\/wp-json\/wp\/v2\/product_cat?post=994"},{"taxonomy":"product_tag","embeddable":true,"href":"https:\/\/motycs.it\/fr\/wp-json\/wp\/v2\/product_tag?post=994"}],"curies":[{"name":"wp","href":"https:\/\/api.w.org\/{rel}","templated":true}]}}