{"id":989,"date":"2022-03-17T18:39:40","date_gmt":"2022-03-17T17:39:40","guid":{"rendered":"https:\/\/motycs.it\/?post_type=product&#038;p=989"},"modified":"2024-06-29T22:41:05","modified_gmt":"2024-06-29T20:41:05","slug":"banchi-prova-motore","status":"publish","type":"product","link":"https:\/\/motycs.it\/fr\/product\/bancs-dhomologation\/","title":{"rendered":"Bancs d'essai pour moteurs"},"content":{"rendered":"<div class=\"page\" title=\"Page 7\">\n<div class=\"section\">\n<div class=\"layoutArea\">\n<div class=\"column\">\n<p>LA FONCTIONNALIT\u00c9 DE NOTRE SYST\u00c8ME DE CONTR\u00d4LE DE L'HOMOLOGATION<\/p>\n<ul>\n<li><strong>gestion du PID du frein<\/strong> (r\u00e9gime, couple, pourcentage) retour d'information en 3ms avec pr\u00e9dicteur<\/li>\n<li><strong>gestion du PID de l'acc\u00e9l\u00e9rateur<\/strong> (r\u00e9gime, couple, pourcentage) retour d'information en 3 ms avec pr\u00e9dicteur<\/li>\n<li><strong>Gestion de la temp\u00e9rature par PID<\/strong> (eau, huile, admission d'air, environnement)<\/li>\n<li><strong>Gestion de la pression PID<\/strong> (ainsi que l'admission et l'\u00e9chappement)<\/li>\n<li>gestion de la communication via <strong>double bus CAN<\/strong> (calculateurs, capteurs, ...)<\/li>\n<li><strong>gestion des alarmes<\/strong> l'environnement et l'unit\u00e9 test\u00e9e<\/li>\n<li><strong>modularit\u00e9<\/strong> pour diff\u00e9rentes applications<\/li>\n<li><strong>l'ex\u00e9cution de profils dynamiques<\/strong> pour les cycles de r\u00e9ception par type de banc<\/li>\n<li><strong>interfa\u00e7age<\/strong> aux programmes de supervision<\/li>\n<li><strong>autonomie dans la personnalisation des applications<\/strong> (pr\u00e9servation du savoir-faire)<\/li>\n<li>des configurations mat\u00e9rielles\/logicielles \u00e9volutives<\/li>\n<li>budget renforc\u00e9 par des mesures progressives<\/li>\n<\/ul>\n<\/div>\n<\/div>\n<\/div>\n<\/div>","protected":false},"excerpt":{"rendered":"<p><strong>BANCS D'ESSAI DE PUISSANCE DE MOTEUR \u00c0 COURANTS DE FOUCAULT<\/strong><\/p>\n<p>Nous concevons et mettons en \u0153uvre <strong>bancs d'essai de moteurs et syst\u00e8mes de contr\u00f4le et d'acquisition de donn\u00e9es, pour les salles d'essai de diagnostic et de sport automobile<\/strong>.<\/p>\n<p>Zones dans lesquelles coexistent diff\u00e9rents besoins, allant de <strong>un syst\u00e8me de contr\u00f4le et d'acquisition simple et intuitif<\/strong>, <strong>convient aux applications de diagnostic et de sport automobile<\/strong>\u00e0 des contextes o\u00f9 un <strong>une int\u00e9gration approfondie aux besoins du client, en termes d'acquisition et de gestion des donn\u00e9es, visant \u00e9galement l'int\u00e9gration des processus<\/strong>.<\/p>\n<p>Nous disposons de plusieurs syst\u00e8mes de contr\u00f4le et d'acquisition :<\/p>\n<ul>\n<li><strong>Syst\u00e8mes de contr\u00f4le et d'acquisition de la production <a href=\"https:\/\/motycs.it\/fr\/product\/test-de-puissance\/\">SPORT DEVICES<\/a>, <\/strong>pour les applications de diagnostic et de sport automobile.<\/li>\n<li>Syst\u00e8mes de contr\u00f4le et d'acquisition sur <strong>Technologie National Instruments, plate-forme Compact-RIO.<\/strong> Notre syst\u00e8me de contr\u00f4le et d'acquisition se pr\u00eate \u00e9galement parfaitement \u00e0 l'utilisation de l'outil de contr\u00f4le et d'acquisition. <strong><a href=\"https:\/\/motycs.it\/fr\/product\/homologue\/\">reconditionnement des salles d'essais existantes<\/a><\/strong>. <strong>Aujourd'hui utilis\u00e9 dans plusieurs r\u00e9alit\u00e9s de premier plan au niveau national<\/strong>, est d\u00e9j\u00e0 <strong>reconnu par les organismes comp\u00e9tents comme syst\u00e8me d'acquisition pour les processus d'homologation <\/strong>\u00e0 <strong><a href=\"https:\/\/motycs.it\/fr\/systemes-homologues\/\">diff\u00e9rents secteurs d'activit\u00e9.<\/a><\/strong>.<\/li>\n<\/ul>\n<p><strong>PERSONNALISATIONS<\/strong><br \/>\nTous les aspects du logiciel peuvent \u00eatre personnalis\u00e9s. <strong>peut \u00eatre appliqu\u00e9 \u00e0 tout type de banc d'essai, qu'il s'agisse d'un banc d'essai moteur ou d'un banc d'essai \u00e0 rouleaux.<\/strong>. Tous nos bancs d'essai et syst\u00e8mes de contr\u00f4le peuvent b\u00e9n\u00e9ficier de la technologie <strong>les avantages de la l\u00e9gislation sur l'industrie 4.0<\/strong>. Nous pouvons \u00e9galement fournir un rapport d'expert asserment\u00e9 pour appuyer le traitement correct et optimal des documents.<\/p>\n<p>D\u00e9couvrir <a href=\"https:\/\/motycs.it\/fr\/systemes-homologues\/\"><strong>autres caract\u00e9ristiques et domaines d'application<\/strong><\/a><\/p>","protected":false},"featured_media":1266,"template":"","meta":[],"product_cat":[93],"product_tag":[92],"class_list":["post-989","product","type-product","status-publish","has-post-thumbnail","hentry","product_cat-banchi-prova-potenza","product_tag-prova-potenza-banco-2wd"],"yoast_head":"<!-- This site is optimized with the Yoast SEO plugin v26.5 - https:\/\/yoast.com\/wordpress\/plugins\/seo\/ -->\n<title>banchi prova motore<\/title>\n<meta name=\"description\" content=\"Progettiamo e forniamo banchi prova motore per i settori motorsport ed omologativo. . Contattaci per maggiori informazioni\" \/>\n<meta name=\"robots\" content=\"index, follow, max-snippet:-1, max-image-preview:large, max-video-preview:-1\" \/>\n<link rel=\"canonical\" href=\"https:\/\/motycs.it\/fr\/product\/bancs-dhomologation\/\" \/>\n<meta property=\"og:locale\" content=\"fr_FR\" \/>\n<meta property=\"og:type\" content=\"article\" \/>\n<meta property=\"og:title\" content=\"banchi prova motore\" \/>\n<meta property=\"og:description\" content=\"Progettiamo e forniamo banchi prova motore per i settori motorsport ed omologativo. . Contattaci per maggiori informazioni\" \/>\n<meta property=\"og:url\" content=\"https:\/\/motycs.it\/fr\/product\/bancs-dhomologation\/\" \/>\n<meta property=\"og:site_name\" content=\"MOTYCS\" \/>\n<meta property=\"article:publisher\" content=\"https:\/\/www.facebook.com\/motycs\/\" \/>\n<meta property=\"article:modified_time\" content=\"2024-06-29T20:41:05+00:00\" \/>\n<meta property=\"og:image\" content=\"https:\/\/motycs.it\/wp-content\/uploads\/2022\/08\/engine-banco-prova-motore-motycs.jpg\" \/>\n\t<meta property=\"og:image:width\" content=\"800\" \/>\n\t<meta property=\"og:image:height\" content=\"800\" \/>\n\t<meta property=\"og:image:type\" content=\"image\/jpeg\" \/>\n<meta name=\"twitter:card\" content=\"summary_large_image\" \/>\n<meta name=\"twitter:label1\" content=\"Dur\u00e9e de lecture estim\u00e9e\" \/>\n\t<meta name=\"twitter:data1\" content=\"1 minute\" \/>\n<script type=\"application\/ld+json\" class=\"yoast-schema-graph\">{\"@context\":\"https:\/\/schema.org\",\"@graph\":[{\"@type\":\"WebPage\",\"@id\":\"https:\/\/motycs.it\/product\/banchi-prova-motore\/\",\"url\":\"https:\/\/motycs.it\/product\/banchi-prova-motore\/\",\"name\":\"banchi prova motore\",\"isPartOf\":{\"@id\":\"https:\/\/motycs.it\/#website\"},\"primaryImageOfPage\":{\"@id\":\"https:\/\/motycs.it\/product\/banchi-prova-motore\/#primaryimage\"},\"image\":{\"@id\":\"https:\/\/motycs.it\/product\/banchi-prova-motore\/#primaryimage\"},\"thumbnailUrl\":\"https:\/\/motycs.it\/wp-content\/uploads\/2022\/08\/engine-banco-prova-motore-motycs.jpg\",\"datePublished\":\"2022-03-17T17:39:40+00:00\",\"dateModified\":\"2024-06-29T20:41:05+00:00\",\"description\":\"Progettiamo e forniamo banchi prova motore per i settori motorsport ed omologativo. . Contattaci per maggiori informazioni\",\"breadcrumb\":{\"@id\":\"https:\/\/motycs.it\/product\/banchi-prova-motore\/#breadcrumb\"},\"inLanguage\":\"fr-FR\",\"potentialAction\":[{\"@type\":\"ReadAction\",\"target\":[\"https:\/\/motycs.it\/product\/banchi-prova-motore\/\"]}]},{\"@type\":\"ImageObject\",\"inLanguage\":\"fr-FR\",\"@id\":\"https:\/\/motycs.it\/product\/banchi-prova-motore\/#primaryimage\",\"url\":\"https:\/\/motycs.it\/wp-content\/uploads\/2022\/08\/engine-banco-prova-motore-motycs.jpg\",\"contentUrl\":\"https:\/\/motycs.it\/wp-content\/uploads\/2022\/08\/engine-banco-prova-motore-motycs.jpg\",\"width\":800,\"height\":800,\"caption\":\"Il nostro banco prova motori\"},{\"@type\":\"BreadcrumbList\",\"@id\":\"https:\/\/motycs.it\/product\/banchi-prova-motore\/#breadcrumb\",\"itemListElement\":[{\"@type\":\"ListItem\",\"position\":1,\"name\":\"Home\",\"item\":\"https:\/\/motycs.it\/\"},{\"@type\":\"ListItem\",\"position\":2,\"name\":\"Shop\",\"item\":\"https:\/\/motycs.it\/shop\/\"},{\"@type\":\"ListItem\",\"position\":3,\"name\":\"Banchi prova motore\"}]},{\"@type\":\"WebSite\",\"@id\":\"https:\/\/motycs.it\/#website\",\"url\":\"https:\/\/motycs.it\/\",\"name\":\"MOTYCS\",\"description\":\"\",\"publisher\":{\"@id\":\"https:\/\/motycs.it\/#organization\"},\"potentialAction\":[{\"@type\":\"SearchAction\",\"target\":{\"@type\":\"EntryPoint\",\"urlTemplate\":\"https:\/\/motycs.it\/?s={search_term_string}\"},\"query-input\":{\"@type\":\"PropertyValueSpecification\",\"valueRequired\":true,\"valueName\":\"search_term_string\"}}],\"inLanguage\":\"fr-FR\"},{\"@type\":\"Organization\",\"@id\":\"https:\/\/motycs.it\/#organization\",\"name\":\"MOTYCS\",\"url\":\"https:\/\/motycs.it\/\",\"logo\":{\"@type\":\"ImageObject\",\"inLanguage\":\"fr-FR\",\"@id\":\"https:\/\/motycs.it\/#\/schema\/logo\/image\/\",\"url\":\"https:\/\/motycs.it\/wp-content\/uploads\/2022\/03\/orizz_bianc.jpg\",\"contentUrl\":\"https:\/\/motycs.it\/wp-content\/uploads\/2022\/03\/orizz_bianc.jpg\",\"width\":600,\"height\":159,\"caption\":\"MOTYCS\"},\"image\":{\"@id\":\"https:\/\/motycs.it\/#\/schema\/logo\/image\/\"},\"sameAs\":[\"https:\/\/www.facebook.com\/motycs\/\",\"https:\/\/www.instagram.com\/motycs.teq\/\",\"https:\/\/www.linkedin.com\/company\/motycs\/\",\"https:\/\/www.pinterest.it\/Motycsdynamometer\/\",\"https:\/\/www.youtube.com\/channel\/UCl_9nwLJn-fMI6UMZVc0tZw\"]}]}<\/script>\n<!-- \/ Yoast SEO plugin. -->","yoast_head_json":{"title":"bancs d'essai de moteurs","description":"Nous concevons et fournissons des bancs d'essai de moteurs pour les secteurs du sport automobile et de l'homologation. . Contactez-nous pour plus d'informations","robots":{"index":"index","follow":"follow","max-snippet":"max-snippet:-1","max-image-preview":"max-image-preview:large","max-video-preview":"max-video-preview:-1"},"canonical":"https:\/\/motycs.it\/fr\/product\/bancs-dhomologation\/","og_locale":"fr_FR","og_type":"article","og_title":"banchi prova motore","og_description":"Progettiamo e forniamo banchi prova motore per i settori motorsport ed omologativo. . Contattaci per maggiori informazioni","og_url":"https:\/\/motycs.it\/fr\/product\/bancs-dhomologation\/","og_site_name":"MOTYCS","article_publisher":"https:\/\/www.facebook.com\/motycs\/","article_modified_time":"2024-06-29T20:41:05+00:00","og_image":[{"width":800,"height":800,"url":"https:\/\/motycs.it\/wp-content\/uploads\/2022\/08\/engine-banco-prova-motore-motycs.jpg","type":"image\/jpeg"}],"twitter_card":"summary_large_image","twitter_misc":{"Dur\u00e9e de lecture estim\u00e9e":"1 minute"},"schema":{"@context":"https:\/\/schema.org","@graph":[{"@type":"WebPage","@id":"https:\/\/motycs.it\/product\/banchi-prova-motore\/","url":"https:\/\/motycs.it\/product\/banchi-prova-motore\/","name":"bancs d'essai de moteurs","isPartOf":{"@id":"https:\/\/motycs.it\/#website"},"primaryImageOfPage":{"@id":"https:\/\/motycs.it\/product\/banchi-prova-motore\/#primaryimage"},"image":{"@id":"https:\/\/motycs.it\/product\/banchi-prova-motore\/#primaryimage"},"thumbnailUrl":"https:\/\/motycs.it\/wp-content\/uploads\/2022\/08\/engine-banco-prova-motore-motycs.jpg","datePublished":"2022-03-17T17:39:40+00:00","dateModified":"2024-06-29T20:41:05+00:00","description":"Nous concevons et fournissons des bancs d'essai de moteurs pour les secteurs du sport automobile et de l'homologation. . Contactez-nous pour plus d'informations","breadcrumb":{"@id":"https:\/\/motycs.it\/product\/banchi-prova-motore\/#breadcrumb"},"inLanguage":"fr-FR","potentialAction":[{"@type":"ReadAction","target":["https:\/\/motycs.it\/product\/banchi-prova-motore\/"]}]},{"@type":"ImageObject","inLanguage":"fr-FR","@id":"https:\/\/motycs.it\/product\/banchi-prova-motore\/#primaryimage","url":"https:\/\/motycs.it\/wp-content\/uploads\/2022\/08\/engine-banco-prova-motore-motycs.jpg","contentUrl":"https:\/\/motycs.it\/wp-content\/uploads\/2022\/08\/engine-banco-prova-motore-motycs.jpg","width":800,"height":800,"caption":"Il nostro banco prova motori"},{"@type":"BreadcrumbList","@id":"https:\/\/motycs.it\/product\/banchi-prova-motore\/#breadcrumb","itemListElement":[{"@type":"ListItem","position":1,"name":"Home","item":"https:\/\/motycs.it\/"},{"@type":"ListItem","position":2,"name":"Shop","item":"https:\/\/motycs.it\/shop\/"},{"@type":"ListItem","position":3,"name":"Banchi prova motore"}]},{"@type":"WebSite","@id":"https:\/\/motycs.it\/#website","url":"https:\/\/motycs.it\/","name":"MOTYCS","description":"","publisher":{"@id":"https:\/\/motycs.it\/#organization"},"potentialAction":[{"@type":"SearchAction","target":{"@type":"EntryPoint","urlTemplate":"https:\/\/motycs.it\/?s={search_term_string}"},"query-input":{"@type":"PropertyValueSpecification","valueRequired":true,"valueName":"search_term_string"}}],"inLanguage":"fr-FR"},{"@type":"Organization","@id":"https:\/\/motycs.it\/#organization","name":"MOTYCS","url":"https:\/\/motycs.it\/","logo":{"@type":"ImageObject","inLanguage":"fr-FR","@id":"https:\/\/motycs.it\/#\/schema\/logo\/image\/","url":"https:\/\/motycs.it\/wp-content\/uploads\/2022\/03\/orizz_bianc.jpg","contentUrl":"https:\/\/motycs.it\/wp-content\/uploads\/2022\/03\/orizz_bianc.jpg","width":600,"height":159,"caption":"MOTYCS"},"image":{"@id":"https:\/\/motycs.it\/#\/schema\/logo\/image\/"},"sameAs":["https:\/\/www.facebook.com\/motycs\/","https:\/\/www.instagram.com\/motycs.teq\/","https:\/\/www.linkedin.com\/company\/motycs\/","https:\/\/www.pinterest.it\/Motycsdynamometer\/","https:\/\/www.youtube.com\/channel\/UCl_9nwLJn-fMI6UMZVc0tZw"]}]}},"_links":{"self":[{"href":"https:\/\/motycs.it\/fr\/wp-json\/wp\/v2\/product\/989","targetHints":{"allow":["GET"]}}],"collection":[{"href":"https:\/\/motycs.it\/fr\/wp-json\/wp\/v2\/product"}],"about":[{"href":"https:\/\/motycs.it\/fr\/wp-json\/wp\/v2\/types\/product"}],"wp:featuredmedia":[{"embeddable":true,"href":"https:\/\/motycs.it\/fr\/wp-json\/wp\/v2\/media\/1266"}],"wp:attachment":[{"href":"https:\/\/motycs.it\/fr\/wp-json\/wp\/v2\/media?parent=989"}],"wp:term":[{"taxonomy":"product_cat","embeddable":true,"href":"https:\/\/motycs.it\/fr\/wp-json\/wp\/v2\/product_cat?post=989"},{"taxonomy":"product_tag","embeddable":true,"href":"https:\/\/motycs.it\/fr\/wp-json\/wp\/v2\/product_tag?post=989"}],"curies":[{"name":"wp","href":"https:\/\/api.w.org\/{rel}","templated":true}]}}